{"id":10778,"date":"2025-06-14T11:27:54","date_gmt":"2025-06-14T04:27:54","guid":{"rendered":"https:\/\/thanhphatpc.com\/?page_id=10778"},"modified":"2025-06-14T11:30:20","modified_gmt":"2025-06-14T04:30:20","slug":"hinh-thuc-thanh-toan","status":"publish","type":"page","link":"https:\/\/thanhphatpc.com\/en\/hinh-thuc-thanh-toan\/","title":{"rendered":"H\u00ecnh th\u1ee9c thanh to\u00e1n"},"content":{"rendered":"<h1>C\u00e1c h\u00ecnh th\u1ee9c thanh to\u00e1n khi s\u1eed d\u1ee5ng d\u1ecbch v\u1ee5 c\u1ee7a Th\u00e0nh Ph\u00e1t PC<\/h1>\n<div class=\"content-layout\">\n<p>Khi b\u1ea1n quy\u1ebft \u0111\u1ecbnh s\u1eed d\u1ee5ng d\u1ecbch v\u1ee5 c\u1ee7a ch\u00fang t\u00f4i, b\u1ea1n \u0111\u00e3 l\u1ef1a ch\u1ecdn m\u1ed9t<strong>\u00a0h\u00ecnh th\u1ee9c thanh to\u00e1n<\/strong> ph\u00f9 h\u1ee3p nh\u1ea5t v\u1edbi  Th\u00e0nh Ph\u00e1t PC<strong>H\u00ecnh th\u1ee9c: <\/strong><\/p>\n<ul>\n<li><strong>Thanh to\u00e1n qua \u0111\u01a1n v\u1ecb v\u1eadn chuy\u1ec3n sau khi nh\u1eadn \u0111\u01b0\u1ee3c \u0111\u01a1n h\u00e0ng!<\/strong><\/li>\n<li><strong>Thanh to\u00e1n qua chuy\u1ec3n kho\u1ea3n ng\u00e2n h\u00e0ng v\u1edbi t\u00f4ng tin: S\u1ed1 t\u00e0i Kho\u1ea3n 0341006964529, T\u00ean ch\u1ee7 t\u00e0i kho\u1ea3n  C\u00f4ng ty TNHH MTV Th\u00e0nh Ph\u00e1t PC, t\u1ea1i Ng\u00e2n H\u00e0ng Vietcombank chi nh\u00e1nh H\u1ea3i D\u01b0\u01a1ng<\/strong><\/li>\n<\/ul>\n<p>L\u01b0u \u00fd: T\u1ed5ng s\u1ed1 giao d\u1ecbch \u0111\u00e3 bao g\u1ed3m 10 VAT<\/p>\n<p style=\"font-weight: 400;\">\n<\/div>","protected":false},"excerpt":{"rendered":"<p>C\u00e1c h\u00ecnh th\u1ee9c thanh to\u00e1n khi s\u1eed d\u1ee5ng d\u1ecbch v\u1ee5 c\u1ee7a Th\u00e0nh Ph\u00e1t PC Khi b\u1ea1n quy\u1ebft \u0111\u1ecbnh s\u1eed d\u1ee5ng d\u1ecbch v\u1ee5 c\u1ee7a ch\u00fang t\u00f4i, b\u1ea1n \u0111\u00e3 l\u1ef1a ch\u1ecdn m\u1ed9t\u00a0h\u00ecnh th\u1ee9c thanh to\u00e1n ph\u00f9 h\u1ee3p nh\u1ea5t v\u1edbi Th\u00e0nh Ph\u00e1t PCH\u00ecnh th\u1ee9c: Thanh to\u00e1n qua \u0111\u01a1n v\u1ecb v\u1eadn chuy\u1ec3n sau khi nh\u1eadn \u0111\u01b0\u1ee3c \u0111\u01a1n h\u00e0ng! Thanh &#8230;<\/p>","protected":false},"author":6,"featured_media":0,"parent":0,"menu_order":0,"comment_status":"closed","ping_status":"closed","template":"","meta":{"_acf_changed":false,"footnotes":""},"class_list":["post-10778","page","type-page","status-publish","hentry"],"acf":[],"yoast_head":"<!-- This site is optimized with the Yoast SEO plugin v23.8 - https:\/\/yoast.com\/wordpress\/plugins\/seo\/ -->\n<title>H\u00ecnh th\u1ee9c thanh to\u00e1n - ThanhPhat PC<\/title>\n<meta name=\"robots\" content=\"index, follow, max-snippet:-1, max-image-preview:large, max-video-preview:-1\" \/>\n<link rel=\"canonical\" href=\"https:\/\/thanhphatpc.com\/en\/hinh-thuc-thanh-toan\/\" \/>\n<meta property=\"og:locale\" content=\"en_US\" \/>\n<meta property=\"og:type\" content=\"article\" \/>\n<meta property=\"og:title\" content=\"H\u00ecnh th\u1ee9c thanh to\u00e1n - ThanhPhat PC\" \/>\n<meta property=\"og:description\" content=\"C\u00e1c h\u00ecnh th\u1ee9c thanh to\u00e1n khi s\u1eed d\u1ee5ng d\u1ecbch v\u1ee5 c\u1ee7a Th\u00e0nh Ph\u00e1t PC Khi b\u1ea1n quy\u1ebft \u0111\u1ecbnh s\u1eed d\u1ee5ng d\u1ecbch v\u1ee5 c\u1ee7a ch\u00fang t\u00f4i, b\u1ea1n \u0111\u00e3 l\u1ef1a ch\u1ecdn m\u1ed9t\u00a0h\u00ecnh th\u1ee9c thanh to\u00e1n ph\u00f9 h\u1ee3p nh\u1ea5t v\u1edbi Th\u00e0nh Ph\u00e1t PCH\u00ecnh th\u1ee9c: Thanh to\u00e1n qua \u0111\u01a1n v\u1ecb v\u1eadn chuy\u1ec3n sau khi nh\u1eadn \u0111\u01b0\u1ee3c \u0111\u01a1n h\u00e0ng! Thanh ...\" \/>\n<meta property=\"og:url\" content=\"https:\/\/thanhphatpc.com\/en\/hinh-thuc-thanh-toan\/\" \/>\n<meta property=\"og:site_name\" content=\"ThanhPhat PC\" \/>\n<meta property=\"article:modified_time\" content=\"2025-06-14T04:30:20+00:00\" \/>\n<meta name=\"twitter:card\" content=\"summary_large_image\" \/>\n<script type=\"application\/ld+json\" class=\"yoast-schema-graph\">{\"@context\":\"https:\/\/schema.org\",\"@graph\":[{\"@type\":\"WebPage\",\"@id\":\"https:\/\/thanhphatpc.com\/hinh-thuc-thanh-toan\/\",\"url\":\"https:\/\/thanhphatpc.com\/hinh-thuc-thanh-toan\/\",\"name\":\"H\u00ecnh th\u1ee9c thanh to\u00e1n - ThanhPhat PC\",\"isPartOf\":{\"@id\":\"https:\/\/thanhphatpc.com\/#website\"},\"datePublished\":\"2025-06-14T04:27:54+00:00\",\"dateModified\":\"2025-06-14T04:30:20+00:00\",\"breadcrumb\":{\"@id\":\"https:\/\/thanhphatpc.com\/hinh-thuc-thanh-toan\/#breadcrumb\"},\"inLanguage\":\"en-US\",\"potentialAction\":[{\"@type\":\"ReadAction\",\"target\":[\"https:\/\/thanhphatpc.com\/hinh-thuc-thanh-toan\/\"]}]},{\"@type\":\"BreadcrumbList\",\"@id\":\"https:\/\/thanhphatpc.com\/hinh-thuc-thanh-toan\/#breadcrumb\",\"itemListElement\":[{\"@type\":\"ListItem\",\"position\":1,\"name\":\"Trang ch\u1ee7\",\"item\":\"https:\/\/thanhphatpc.com\/\"},{\"@type\":\"ListItem\",\"position\":2,\"name\":\"H\u00ecnh th\u1ee9c thanh to\u00e1n\"}]},{\"@type\":\"WebSite\",\"@id\":\"https:\/\/thanhphatpc.com\/#website\",\"url\":\"https:\/\/thanhphatpc.com\/\",\"name\":\"ThanhPhat PC\",\"description\":\"D\u1ecbch v\u1ee5 ho\u00e0n h\u1ea3o\",\"potentialAction\":[{\"@type\":\"SearchAction\",\"target\":{\"@type\":\"EntryPoint\",\"urlTemplate\":\"https:\/\/thanhphatpc.com\/?s={search_term_string}\"},\"query-input\":{\"@type\":\"PropertyValueSpecification\",\"valueRequired\":true,\"valueName\":\"search_term_string\"}}],\"inLanguage\":\"en-US\"}]}<\/script>\n<!-- \/ Yoast SEO plugin. -->","yoast_head_json":{"title":"H\u00ecnh th\u1ee9c thanh to\u00e1n - ThanhPhat PC","robots":{"index":"index","follow":"follow","max-snippet":"max-snippet:-1","max-image-preview":"max-image-preview:large","max-video-preview":"max-video-preview:-1"},"canonical":"https:\/\/thanhphatpc.com\/en\/hinh-thuc-thanh-toan\/","og_locale":"en_US","og_type":"article","og_title":"H\u00ecnh th\u1ee9c thanh to\u00e1n - ThanhPhat PC","og_description":"C\u00e1c h\u00ecnh th\u1ee9c thanh to\u00e1n khi s\u1eed d\u1ee5ng d\u1ecbch v\u1ee5 c\u1ee7a Th\u00e0nh Ph\u00e1t PC Khi b\u1ea1n quy\u1ebft \u0111\u1ecbnh s\u1eed d\u1ee5ng d\u1ecbch v\u1ee5 c\u1ee7a ch\u00fang t\u00f4i, b\u1ea1n \u0111\u00e3 l\u1ef1a ch\u1ecdn m\u1ed9t\u00a0h\u00ecnh th\u1ee9c thanh to\u00e1n ph\u00f9 h\u1ee3p nh\u1ea5t v\u1edbi Th\u00e0nh Ph\u00e1t PCH\u00ecnh th\u1ee9c: Thanh to\u00e1n qua \u0111\u01a1n v\u1ecb v\u1eadn chuy\u1ec3n sau khi nh\u1eadn \u0111\u01b0\u1ee3c \u0111\u01a1n h\u00e0ng! Thanh ...","og_url":"https:\/\/thanhphatpc.com\/en\/hinh-thuc-thanh-toan\/","og_site_name":"ThanhPhat PC","article_modified_time":"2025-06-14T04:30:20+00:00","twitter_card":"summary_large_image","schema":{"@context":"https:\/\/schema.org","@graph":[{"@type":"WebPage","@id":"https:\/\/thanhphatpc.com\/hinh-thuc-thanh-toan\/","url":"https:\/\/thanhphatpc.com\/hinh-thuc-thanh-toan\/","name":"H\u00ecnh th\u1ee9c thanh to\u00e1n - ThanhPhat PC","isPartOf":{"@id":"https:\/\/thanhphatpc.com\/#website"},"datePublished":"2025-06-14T04:27:54+00:00","dateModified":"2025-06-14T04:30:20+00:00","breadcrumb":{"@id":"https:\/\/thanhphatpc.com\/hinh-thuc-thanh-toan\/#breadcrumb"},"inLanguage":"en-US","potentialAction":[{"@type":"ReadAction","target":["https:\/\/thanhphatpc.com\/hinh-thuc-thanh-toan\/"]}]},{"@type":"BreadcrumbList","@id":"https:\/\/thanhphatpc.com\/hinh-thuc-thanh-toan\/#breadcrumb","itemListElement":[{"@type":"ListItem","position":1,"name":"Trang ch\u1ee7","item":"https:\/\/thanhphatpc.com\/"},{"@type":"ListItem","position":2,"name":"H\u00ecnh th\u1ee9c thanh to\u00e1n"}]},{"@type":"WebSite","@id":"https:\/\/thanhphatpc.com\/#website","url":"https:\/\/thanhphatpc.com\/","name":"ThanhPhat PC","description":"D\u1ecbch v\u1ee5 ho\u00e0n h\u1ea3o","potentialAction":[{"@type":"SearchAction","target":{"@type":"EntryPoint","urlTemplate":"https:\/\/thanhphatpc.com\/?s={search_term_string}"},"query-input":{"@type":"PropertyValueSpecification","valueRequired":true,"valueName":"search_term_string"}}],"inLanguage":"en-US"}]}},"_links":{"self":[{"href":"https:\/\/thanhphatpc.com\/en\/wp-json\/wp\/v2\/pages\/10778","targetHints":{"allow":["GET"]}}],"collection":[{"href":"https:\/\/thanhphatpc.com\/en\/wp-json\/wp\/v2\/pages"}],"about":[{"href":"https:\/\/thanhphatpc.com\/en\/wp-json\/wp\/v2\/types\/page"}],"author":[{"embeddable":true,"href":"https:\/\/thanhphatpc.com\/en\/wp-json\/wp\/v2\/users\/6"}],"replies":[{"embeddable":true,"href":"https:\/\/thanhphatpc.com\/en\/wp-json\/wp\/v2\/comments?post=10778"}],"version-history":[{"count":3,"href":"https:\/\/thanhphatpc.com\/en\/wp-json\/wp\/v2\/pages\/10778\/revisions"}],"predecessor-version":[{"id":10781,"href":"https:\/\/thanhphatpc.com\/en\/wp-json\/wp\/v2\/pages\/10778\/revisions\/10781"}],"wp:attachment":[{"href":"https:\/\/thanhphatpc.com\/en\/wp-json\/wp\/v2\/media?parent=10778"}],"curies":[{"name":"wp","href":"https:\/\/api.w.org\/{rel}","templated":true}]}}