{"id":10783,"date":"2025-06-14T11:33:23","date_gmt":"2025-06-14T04:33:23","guid":{"rendered":"https:\/\/thanhphatpc.com\/?page_id=10783"},"modified":"2025-08-02T16:47:57","modified_gmt":"2025-08-02T09:47:57","slug":"chinh-sach-bao-mat","status":"publish","type":"page","link":"https:\/\/thanhphatpc.com\/en\/chinh-sach-bao-mat\/","title":{"rendered":"Ch\u00ednh s\u00e1ch b\u1ea3o m\u1eadt"},"content":{"rendered":"<p>C\u1ea3m \u01a1n b\u1ea1n \u0111\u00e3 truy c\u1eadp v\u00e0o website <a href=\"https:\/\/thanhphatpc.com\/en\/\">thanhphatpc.com<\/a> \u0111\u01b0\u1ee3c v\u1eadn h\u00e0nh b\u1edfi C\u00f4ng ty TNHH MTV Tha\u0300nh Pha\u0301t PC. Ch\u00fang t\u00f4i t\u00f4n tr\u1ecdng v\u00e0 cam k\u1ebft s\u1ebd b\u1ea3o m\u1eadt nh\u1eefng th\u00f4ng tin mang t\u00ednh ri\u00eang t\u01b0 c\u1ee7a b\u1ea1n, kh\u00f4ng ti\u1ebft l\u1ed9 v\u1edbi b\u00ean th\u1ee9 ba. Xin vui l\u00f2ng \u0111\u1ecdc b\u1ea3n ch\u00ednh s\u00e1ch b\u1ea3o m\u1eadt d\u01b0\u1edbi \u0111\u00e2y \u0111\u1ec3 hi\u1ec3u h\u01a1n nh\u1eefng cam k\u1ebft m\u00e0 ch\u00fang t\u00f4i th\u1ef1c hi\u1ec7n nh\u1eb1m t\u00f4n tr\u1ecdng v\u00e0 b\u1ea3o v\u1ec7 quy\u1ec1n l\u1ee3i c\u1ee7a ng\u01b0\u1eddi truy c\u1eadp.<\/p>\n<p><strong>1. M\u1ee5c \u0111\u00edch thu th\u1eadp th\u00f4ng tin c\u00e1 nh\u00e2n\u00a0<\/strong><br \/>\nKhi Qu\u00fd kh\u00e1ch truy c\u1eadp v\u00e0o website thanhphatpc.com \u0111\u1ec3 tham kh\u1ea3o c\u00e1c s\u1ea3n ph\u1ea9m, th\u00f4ng tin, ch\u00ednh s\u00e1ch c\u1ee7a c\u00f4ng ty,\u2026ch\u00fang t\u00f4i c\u00f3 th\u1ec3 y\u00eau c\u1ea7u Qu\u00fd kh\u00e1ch cung c\u1ea5p, \u0111\u0103ng k\u00fd m\u1ed9t s\u1ed1 th\u00f4ng tin c\u00e1 nh\u00e2n nh\u01b0: Email, H\u1ecd v\u00e0 t\u00ean, S\u1ed1 \u0111i\u1ec7n tho\u1ea1i, \u0110\u1ecba ch\u1ec9\u2026.Nh\u1eefng th\u00f4ng tin n\u00e0y s\u1ebd gi\u00fap ch\u00fang t\u00f4i:<br \/>\n\u2013 H\u1ed7 tr\u1ee3 nhanh ch\u00f3ng cho Qu\u00fd kh\u00e1ch h\u00e0ng khi c\u00f3 nhu c\u1ea7u mua s\u1ea3n ph\u1ea9m.<br \/>\n\u2013 H\u1ed7 tr\u1ee3 gi\u1ea3i \u0111\u00e1p c\u00e1c v\u1ea5n \u0111\u1ec1 Qu\u00fd kh\u00e1ch h\u00e0ng th\u1eafc m\u1eafc v\u1ec1 s\u1ea3n ph\u1ea9m, d\u1ecbch v\u1ee5, th\u00f4ng tin kh\u00e1c.<br \/>\n\u2013 Cung c\u1ea5p nh\u1eefng th\u00f4ng tin m\u1edbi nh\u1ea5t v\u1ec1 s\u1ea3n ph\u1ea9m, d\u1ecbch v\u1ee5, c\u00e1c Ch\u01b0\u01a1ng tr\u00ecnh khuy\u1ebfn m\u00e3i tr\u00ean website \u0111\u1ec3 kh\u00e1ch h\u00e0ng k\u1ecbp th\u1eddi c\u1eadp nh\u1eadt.<br \/>\n\u2013 Ghi nh\u1eadn v\u00e0 xem x\u00e9t nh\u1eefng \u0111\u00f3ng g\u00f3p \u0111\u1ec3 n\u00e2ng c\u1ea5p n\u1ed9i dung hay giao di\u1ec7n c\u1ee7a website.<br \/>\n\u2013 Th\u1ef1c hi\u1ec7n c\u00e1c ho\u1ea1t \u0111\u1ed9ng qu\u1ea3ng b\u00e1 s\u1ea3n ph\u1ea9m, d\u1ecbch v\u1ee5 li\u00ean quan \u0111\u1ebfn kh\u00e1ch h\u00e0ng m\u1ed9t c\u00e1ch d\u1ec5 d\u00e0ng.<\/p>\n<p><strong>2. Ph\u1ea1m vi s\u1eed d\u1ee5ng th\u00f4ng tin c\u00e1 nh\u00e2n<\/strong><br \/>\nNh\u1eefng th\u00f4ng tin c\u00e1 nh\u00e2n m\u00e0 thanhphatpc.com thu th\u1eadp cam k\u1ebft s\u1ebd \u0111\u01b0\u1ee3c s\u1eed d\u1ee5ng v\u1edbi m\u1ee5c \u0111\u00edch ph\u00f9 h\u1ee3p, ho\u00e0n to\u00e0n tu\u00e2n th\u1ee7 n\u1ed9i dung c\u1ee7a \u201cCh\u00ednh s\u00e1ch b\u1ea3o m\u1eadt\u201d n\u00eau tr\u00ean. Ngo\u00e0i ra, khi c\u1ea7n thi\u1ebft, thanhphatpc.com c\u00f2n s\u1eed d\u1ee5ng nh\u1eefng th\u00f4ng tin n\u00e0y \u0111\u1ec3:<br \/>\n\u2013 G\u1eedi th\u01b0 x\u00e1c nh\u1eadn \u0111\u01a1n \u0111\u1eb7t h\u00e0ng, th\u01b0 c\u1ea3m \u01a1n.<br \/>\n\u2013 Cung c\u1ea5p th\u00f4ng tin v\u1ec1 ch\u00ednh s\u00e1ch kinh doanh, b\u1ea3o h\u00e0nh, d\u1ecbch v\u1ee5.<br \/>\n\u2013 Cung c\u1ea5p th\u00f4ng tin s\u1ea3n ph\u1ea9m, d\u1ecbch v\u1ee5 m\u1edbi.<br \/>\n\u2013 Cung c\u1ea5p th\u00f4ng tin v\u1ec1 c\u00e1c Ch\u01b0\u01a1ng tr\u00ecnh Khuy\u1ebfn m\u00e3i, \u01b0u \u0111\u00e3i \u0111\u1ecbnh k\u1ef3.<br \/>\n\u2013 Cung c\u1ea5p th\u00f4ng tin v\u1ec1 th\u1eddi gian ngh\u1ec9 L\u1ec5, T\u1ebft, \u2026 c\u1ee7a c\u00f4ng ty.<\/p>\n<p><strong>3) Th\u1eddi gian l\u01b0u tr\u1eef th\u00f4ng tin<\/strong><br \/>\nthanhphatpc.com s\u1ebd l\u01b0u tr\u1eef c\u00e1c Th\u00f4ng tin c\u00e1 nh\u00e2n do Kh\u00e1ch h\u00e0ng cung c\u1ea5p tr\u00ean c\u00e1c h\u1ec7 th\u1ed1ng n\u1ed9i b\u1ed9 c\u1ee7a thanhphatpc.com trong qu\u00e1 tr\u00ecnh cung c\u1ea5p d\u1ecbch v\u1ee5 cho Kh\u00e1ch h\u00e0ng ho\u1eb7c cho \u0111\u1ebfn khi ho\u00e0n th\u00e0nh m\u1ee5c \u0111\u00edch thu th\u1eadp ho\u1eb7c khi Kh\u00e1ch h\u00e0ng c\u00f3 y\u00eau c\u1ea7u h\u1ee7y c\u00e1c th\u00f4ng tin \u0111\u00e3 cung c\u1ea5p t\u1edbi s\u1ed1 \u0111i\u1ec7n tho\u1ea1i ho\u1eb7c email c\u1ee7a Ban Qu\u1ea3n Tr\u1ecb.<\/p>\n<p><strong>4) Nh\u1eefng ng\u01b0\u1eddi ho\u1eb7c t\u1ed5 ch\u1ee9c c\u00f3 th\u1ec3 \u0111\u01b0\u1ee3c ti\u1ebfp c\u1eadn v\u1edbi th\u00f4ng tin<\/strong><br \/>\nCh\u00fang t\u00f4i kh\u00f4ng b\u00e1n, cho thu\u00ea ho\u1eb7c chia s\u1ebb th\u00f4ng tin c\u1ee7a kh\u00e1ch h\u00e0ng v\u1edbi b\u1ea5t k\u00ec b\u00ean th\u1ee9 ba n\u00e0o khi kh\u00f4ng c\u00f3 s\u1ef1 cho ph\u00e9p c\u1ee7a kh\u00e1ch h\u00e0ng, ngo\u1ea1i tr\u1eeb \u0111\u1ed1i v\u1edbi c\u00e1c tr\u01b0\u1eddng h\u1ee3p \u0111\u1eb7c bi\u1ec7t nh\u01b0 \u0111\u01b0\u1ee3c y\u00eau c\u1ea7u b\u1edfi lu\u1eadt ph\u00e1p ho\u1eb7c \u0111\u1ec3 b\u1ea3o v\u1ec7 s\u1ef1 an to\u00e0n c\u1ee7a c\u00e1c kh\u00e1ch h\u00e0ng kh\u00e1c, nh\u00e2n vi\u00ean, c\u1ed9ng \u0111\u1ed3ng ho\u1eb7c t\u00e0i s\u1ea3n c\u1ee7a ch\u00fang t\u00f4i.<br \/>\nKh\u00e1ch h\u00e0ng \u0111\u1ed3ng \u00fd r\u1eb1ng, trong tr\u01b0\u1eddng h\u1ee3p c\u1ea7n thi\u1ebft, c\u00e1c c\u01a1 quan\/ t\u1ed5 ch\u1ee9c\/c\u00e1 nh\u00e2n sau c\u00f3 quy\u1ec1n \u0111\u01b0\u1ee3c ti\u1ebfp c\u1eadn v\u00e0 thu th\u1eadp c\u00e1c th\u00f4ng tin c\u00e1 nh\u00e2n c\u1ee7a m\u00ecnh, bao g\u1ed3m:<br \/>\nBan qu\u1ea3n tr\u1ecb website C\u00f4ng ty TNHH MTV Tha\u0300nh Pha\u0301t PC<br \/>\nB\u00ean th\u1ee9 ba c\u00f3 d\u1ecbch v\u1ee5 t\u00edch h\u1ee3p v\u1edbi website thanhphatpc.com nh\u01b0: C\u1ed5ng thanh to\u00e1n, \u0110\u01a1n v\u1ecb ph\u00e1t tri\u1ec3n website thanhphatpc.com<br \/>\nC\u01a1 quan nh\u00e0 n\u01b0\u1edbc c\u00f3 th\u1ea9m quy\u1ec1n trong tr\u01b0\u1eddng h\u1ee3p c\u00f3 y\u00eau c\u1ea7u theo quy \u0111\u1ecbnh t\u1ea1i quy ch\u1ebf ho\u1ea1t \u0111\u1ed9ng.<br \/>\nC\u1ed1 v\u1ea5n t\u00e0i ch\u00ednh, ph\u00e1p l\u00fd v\u00e0 C\u00f4ng ty ki\u1ec3m to\u00e1n<br \/>\nB\u00ean khi\u1ebfu n\u1ea1i ch\u1ee9ng minh \u0111\u01b0\u1ee3c h\u00e0nh vi vi ph\u1ea1m c\u1ee7a Ng\u01b0\u1eddi Ti\u00eau D\u00f9ng<br \/>\nTheo y\u00eau c\u1ea7u c\u1ee7a c\u01a1 quan nh\u00e0 n\u01b0\u1edbc c\u00f3 th\u1ea9m quy\u1ec1n<\/p>\n<p><strong>5) \u0110\u1ecba ch\u1ec9 c\u1ee7a \u0111\u01a1n v\u1ecb thu th\u1eadp v\u00e0 qu\u1ea3n l\u00fd th\u00f4ng tin<\/strong>\u00a0(bao g\u1ed3m c\u00e1ch th\u1ee9c li\u00ean l\u1ea1c \u0111\u1ec3 ng\u01b0\u1eddi ti\u00eau d\u00f9ng c\u00f3 th\u1ec3 h\u1ecfi v\u1ec1 ho\u1ea1t \u0111\u1ed9ng thu th\u1eadp, x\u1eed l\u00fd th\u00f4ng tin li\u00ean quan \u0111\u1ebfn c\u00e1 nh\u00e2n m\u00ecnh):<br \/>\n\u2013 \u0110\u01a1n v\u1ecb: C\u00f4ng ty TNHH MTV Tha\u0300nh Pha\u0301t PC<br \/>\n\u2013 \u0110\u1ecba ch\u1ec9: s\u00f4\u0301 337 \u0110i\u00ea\u0323n Bi\u00ean Phu\u0309, Ph\u01b0\u01a1\u0300ng Bi\u0300nh Ha\u0300n, TP Ha\u0309i D\u01b0\u01a1ng, Vi\u1ec7t Nam<br \/>\n\u2013 \u0110i\u1ec7n tho\u1ea1i: +840934335792<br \/>\n\u2013 Email: thanhphathdc@gmail.com<br \/>\n\u2013 Hotline: 02203.55.99.00<\/p>\n<p><strong>6) Ph\u01b0\u01a1ng th\u1ee9c v\u00e0 c\u00f4ng c\u1ee5 \u0111\u1ec3 ng\u01b0\u1eddi ti\u00eau d\u00f9ng ti\u1ebfp c\u1eadn v\u00e0 ch\u1ec9nh s\u1eeda d\u1eef li\u1ec7u c\u00e1 nh\u00e2n c\u1ee7a m\u00ecnh tr\u00ean h\u1ec7 th\u1ed1ng th\u01b0\u01a1ng m\u1ea1i \u0111i\u1ec7n t\u1eed c\u1ee7a \u0111\u01a1n v\u1ecb thu th\u1eadp th\u00f4ng tin<\/strong><br \/>\nNg\u01b0\u1eddi d\u00f9ng c\u00f3 quy\u1ec1n t\u1ef1 ki\u1ec3m tra, c\u1eadp nh\u1eadt, \u0111i\u1ec1u ch\u1ec9nh ho\u1eb7c b\u1ee7y b\u1ecf b\u1ea5t k\u1ef3 th\u00f4ng tin c\u1ee7a m\u00ecnh b\u1eb1ng c\u00e1ch \u0111\u0103ng nh\u1eadp v\u00e0o t\u00e0i kho\u1ea3n v\u00e0 truy c\u1eadp v\u00e0o trang qu\u1ea3n tr\u1ecb c\u1ee7a t\u00e0i kho\u1ea3n \u0111\u0103ng nh\u1eadp c\u1ee7a m\u00ecnh ho\u1eb7c li\u00ean l\u1ea1c v\u1edbi Ban Qu\u1ea3n Tr\u1ecb theo th\u00f4ng tin t\u1ea1i m\u1ee5c y\u00eau c\u1ea7u ch\u1ec9nh s\u1eeda\/x\u00f3a th\u00f4ng tin.<br \/>\nTuy nhi\u00ean, b\u1ea5t k\u1ef3 s\u1ef1 s\u1eeda \u0111\u1ed5i, b\u1ed5 sung ho\u1eb7c h\u1ee7y b\u1ecf b\u1ea5t k\u1ef3 th\u00f4ng tin c\u00e1 nh\u00e2n v\u1eabn ph\u1ea3i tu\u00e2n th\u1ee7 \u0111\u1ea7y \u0111\u1ee7 v\u00e0 theo \u0111\u00fang c\u00e1c quy \u0111\u1ecbnh v\u1ec1 th\u00f4ng tin \u0111\u0103ng k\u00fd t\u00e0i kho\u1ea3n tr\u00ean thanhphatpc.com \u0111\u1ec3 \u0111\u1ea3m b\u1ea3o Ban Qu\u1ea3n Tr\u1ecb cung c\u1ea5p d\u1ecbch v\u1ee5 k\u1ecbp th\u1eddi v\u1edbi ch\u1ea5t l\u01b0\u1ee3ng t\u1ed1t nh\u1ea5t.<\/p>","protected":false},"excerpt":{"rendered":"<p>C\u1ea3m \u01a1n b\u1ea1n \u0111\u00e3 truy c\u1eadp v\u00e0o website thanhphatpc.com \u0111\u01b0\u1ee3c v\u1eadn h\u00e0nh b\u1edfi C\u00f4ng ty TNHH MTV Tha\u0300nh Pha\u0301t PC. Ch\u00fang t\u00f4i t\u00f4n tr\u1ecdng v\u00e0 cam k\u1ebft s\u1ebd b\u1ea3o m\u1eadt nh\u1eefng th\u00f4ng tin mang t\u00ednh ri\u00eang t\u01b0 c\u1ee7a b\u1ea1n, kh\u00f4ng ti\u1ebft l\u1ed9 v\u1edbi b\u00ean th\u1ee9 ba. Xin vui l\u00f2ng \u0111\u1ecdc b\u1ea3n ch\u00ednh s\u00e1ch b\u1ea3o m\u1eadt &#8230;<\/p>","protected":false},"author":6,"featured_media":0,"parent":0,"menu_order":0,"comment_status":"closed","ping_status":"closed","template":"","meta":{"_acf_changed":false,"footnotes":""},"class_list":["post-10783","page","type-page","status-publish","hentry"],"acf":[],"yoast_head":"<!-- This site is optimized with the Yoast SEO plugin v23.8 - https:\/\/yoast.com\/wordpress\/plugins\/seo\/ -->\n<title>Ch\u00ednh s\u00e1ch b\u1ea3o m\u1eadt - ThanhPhat PC<\/title>\n<meta name=\"robots\" content=\"index, follow, max-snippet:-1, max-image-preview:large, max-video-preview:-1\" \/>\n<link rel=\"canonical\" href=\"https:\/\/thanhphatpc.com\/en\/chinh-sach-bao-mat\/\" \/>\n<meta property=\"og:locale\" content=\"en_US\" \/>\n<meta property=\"og:type\" content=\"article\" \/>\n<meta property=\"og:title\" content=\"Ch\u00ednh s\u00e1ch b\u1ea3o m\u1eadt - ThanhPhat PC\" \/>\n<meta property=\"og:description\" content=\"C\u1ea3m \u01a1n b\u1ea1n \u0111\u00e3 truy c\u1eadp v\u00e0o website thanhphatpc.com \u0111\u01b0\u1ee3c v\u1eadn h\u00e0nh b\u1edfi C\u00f4ng ty TNHH MTV Tha\u0300nh Pha\u0301t PC. Ch\u00fang t\u00f4i t\u00f4n tr\u1ecdng v\u00e0 cam k\u1ebft s\u1ebd b\u1ea3o m\u1eadt nh\u1eefng th\u00f4ng tin mang t\u00ednh ri\u00eang t\u01b0 c\u1ee7a b\u1ea1n, kh\u00f4ng ti\u1ebft l\u1ed9 v\u1edbi b\u00ean th\u1ee9 ba. Xin vui l\u00f2ng \u0111\u1ecdc b\u1ea3n ch\u00ednh s\u00e1ch b\u1ea3o m\u1eadt ...\" \/>\n<meta property=\"og:url\" content=\"https:\/\/thanhphatpc.com\/en\/chinh-sach-bao-mat\/\" \/>\n<meta property=\"og:site_name\" content=\"ThanhPhat PC\" \/>\n<meta property=\"article:modified_time\" content=\"2025-08-02T09:47:57+00:00\" \/>\n<meta name=\"twitter:card\" content=\"summary_large_image\" \/>\n<meta name=\"twitter:label1\" content=\"Est. reading time\" \/>\n\t<meta name=\"twitter:data1\" content=\"5 minutes\" \/>\n<script type=\"application\/ld+json\" class=\"yoast-schema-graph\">{\"@context\":\"https:\/\/schema.org\",\"@graph\":[{\"@type\":\"WebPage\",\"@id\":\"https:\/\/thanhphatpc.com\/chinh-sach-bao-mat\/\",\"url\":\"https:\/\/thanhphatpc.com\/chinh-sach-bao-mat\/\",\"name\":\"Ch\u00ednh s\u00e1ch b\u1ea3o m\u1eadt - ThanhPhat PC\",\"isPartOf\":{\"@id\":\"https:\/\/thanhphatpc.com\/#website\"},\"datePublished\":\"2025-06-14T04:33:23+00:00\",\"dateModified\":\"2025-08-02T09:47:57+00:00\",\"breadcrumb\":{\"@id\":\"https:\/\/thanhphatpc.com\/chinh-sach-bao-mat\/#breadcrumb\"},\"inLanguage\":\"en-US\",\"potentialAction\":[{\"@type\":\"ReadAction\",\"target\":[\"https:\/\/thanhphatpc.com\/chinh-sach-bao-mat\/\"]}]},{\"@type\":\"BreadcrumbList\",\"@id\":\"https:\/\/thanhphatpc.com\/chinh-sach-bao-mat\/#breadcrumb\",\"itemListElement\":[{\"@type\":\"ListItem\",\"position\":1,\"name\":\"Trang ch\u1ee7\",\"item\":\"https:\/\/thanhphatpc.com\/\"},{\"@type\":\"ListItem\",\"position\":2,\"name\":\"Ch\u00ednh s\u00e1ch b\u1ea3o m\u1eadt\"}]},{\"@type\":\"WebSite\",\"@id\":\"https:\/\/thanhphatpc.com\/#website\",\"url\":\"https:\/\/thanhphatpc.com\/\",\"name\":\"ThanhPhat PC\",\"description\":\"D\u1ecbch v\u1ee5 ho\u00e0n h\u1ea3o\",\"potentialAction\":[{\"@type\":\"SearchAction\",\"target\":{\"@type\":\"EntryPoint\",\"urlTemplate\":\"https:\/\/thanhphatpc.com\/?s={search_term_string}\"},\"query-input\":{\"@type\":\"PropertyValueSpecification\",\"valueRequired\":true,\"valueName\":\"search_term_string\"}}],\"inLanguage\":\"en-US\"}]}<\/script>\n<!-- \/ Yoast SEO plugin. -->","yoast_head_json":{"title":"Ch\u00ednh s\u00e1ch b\u1ea3o m\u1eadt - ThanhPhat PC","robots":{"index":"index","follow":"follow","max-snippet":"max-snippet:-1","max-image-preview":"max-image-preview:large","max-video-preview":"max-video-preview:-1"},"canonical":"https:\/\/thanhphatpc.com\/en\/chinh-sach-bao-mat\/","og_locale":"en_US","og_type":"article","og_title":"Ch\u00ednh s\u00e1ch b\u1ea3o m\u1eadt - ThanhPhat PC","og_description":"C\u1ea3m \u01a1n b\u1ea1n \u0111\u00e3 truy c\u1eadp v\u00e0o website thanhphatpc.com \u0111\u01b0\u1ee3c v\u1eadn h\u00e0nh b\u1edfi C\u00f4ng ty TNHH MTV Tha\u0300nh Pha\u0301t PC. Ch\u00fang t\u00f4i t\u00f4n tr\u1ecdng v\u00e0 cam k\u1ebft s\u1ebd b\u1ea3o m\u1eadt nh\u1eefng th\u00f4ng tin mang t\u00ednh ri\u00eang t\u01b0 c\u1ee7a b\u1ea1n, kh\u00f4ng ti\u1ebft l\u1ed9 v\u1edbi b\u00ean th\u1ee9 ba. Xin vui l\u00f2ng \u0111\u1ecdc b\u1ea3n ch\u00ednh s\u00e1ch b\u1ea3o m\u1eadt ...","og_url":"https:\/\/thanhphatpc.com\/en\/chinh-sach-bao-mat\/","og_site_name":"ThanhPhat PC","article_modified_time":"2025-08-02T09:47:57+00:00","twitter_card":"summary_large_image","twitter_misc":{"Est. reading time":"5 minutes"},"schema":{"@context":"https:\/\/schema.org","@graph":[{"@type":"WebPage","@id":"https:\/\/thanhphatpc.com\/chinh-sach-bao-mat\/","url":"https:\/\/thanhphatpc.com\/chinh-sach-bao-mat\/","name":"Ch\u00ednh s\u00e1ch b\u1ea3o m\u1eadt - ThanhPhat PC","isPartOf":{"@id":"https:\/\/thanhphatpc.com\/#website"},"datePublished":"2025-06-14T04:33:23+00:00","dateModified":"2025-08-02T09:47:57+00:00","breadcrumb":{"@id":"https:\/\/thanhphatpc.com\/chinh-sach-bao-mat\/#breadcrumb"},"inLanguage":"en-US","potentialAction":[{"@type":"ReadAction","target":["https:\/\/thanhphatpc.com\/chinh-sach-bao-mat\/"]}]},{"@type":"BreadcrumbList","@id":"https:\/\/thanhphatpc.com\/chinh-sach-bao-mat\/#breadcrumb","itemListElement":[{"@type":"ListItem","position":1,"name":"Trang ch\u1ee7","item":"https:\/\/thanhphatpc.com\/"},{"@type":"ListItem","position":2,"name":"Ch\u00ednh s\u00e1ch b\u1ea3o m\u1eadt"}]},{"@type":"WebSite","@id":"https:\/\/thanhphatpc.com\/#website","url":"https:\/\/thanhphatpc.com\/","name":"ThanhPhat PC","description":"D\u1ecbch v\u1ee5 ho\u00e0n h\u1ea3o","potentialAction":[{"@type":"SearchAction","target":{"@type":"EntryPoint","urlTemplate":"https:\/\/thanhphatpc.com\/?s={search_term_string}"},"query-input":{"@type":"PropertyValueSpecification","valueRequired":true,"valueName":"search_term_string"}}],"inLanguage":"en-US"}]}},"_links":{"self":[{"href":"https:\/\/thanhphatpc.com\/en\/wp-json\/wp\/v2\/pages\/10783","targetHints":{"allow":["GET"]}}],"collection":[{"href":"https:\/\/thanhphatpc.com\/en\/wp-json\/wp\/v2\/pages"}],"about":[{"href":"https:\/\/thanhphatpc.com\/en\/wp-json\/wp\/v2\/types\/page"}],"author":[{"embeddable":true,"href":"https:\/\/thanhphatpc.com\/en\/wp-json\/wp\/v2\/users\/6"}],"replies":[{"embeddable":true,"href":"https:\/\/thanhphatpc.com\/en\/wp-json\/wp\/v2\/comments?post=10783"}],"version-history":[{"count":4,"href":"https:\/\/thanhphatpc.com\/en\/wp-json\/wp\/v2\/pages\/10783\/revisions"}],"predecessor-version":[{"id":10967,"href":"https:\/\/thanhphatpc.com\/en\/wp-json\/wp\/v2\/pages\/10783\/revisions\/10967"}],"wp:attachment":[{"href":"https:\/\/thanhphatpc.com\/en\/wp-json\/wp\/v2\/media?parent=10783"}],"curies":[{"name":"wp","href":"https:\/\/api.w.org\/{rel}","templated":true}]}}