{"id":10788,"date":"2025-06-14T11:40:30","date_gmt":"2025-06-14T04:40:30","guid":{"rendered":"https:\/\/thanhphatpc.com\/?page_id=10788"},"modified":"2025-06-14T11:45:59","modified_gmt":"2025-06-14T04:45:59","slug":"chinh-sach-van-chuyen","status":"publish","type":"page","link":"https:\/\/thanhphatpc.com\/en\/chinh-sach-van-chuyen\/","title":{"rendered":"Ch\u00ednh s\u00e1ch v\u1eadn chuy\u1ec3n"},"content":{"rendered":"<h1><b>CH\u00cdNH S\u00c1CH V\u1eacN CHUY\u1ec2N \u0110\u1ed0I V\u1edaI KH\u00c1CH H\u00c0NG C\u1ee6A THANHPHATPC.COM<\/b><\/h1>\n<p>Th\u00f4ng th\u01b0\u1eddng sau khi nh\u1eadn \u0111\u01b0\u1ee3c th\u00f4ng tin \u0111\u1eb7t h\u00e0ng ch\u00fang t\u00f4i s\u1ebd x\u1eed l\u00fd \u0111\u01a1n h\u00e0ng trong v\u00f2ng 24h v\u00e0 ph\u1ea3n h\u1ed3i l\u1ea1i th\u00f4ng tin cho kh\u00e1ch h\u00e0ng v\u1ec1 vi\u1ec7c thanh to\u00e1n v\u00e0 giao nh\u1eadn.<\/p>\n<p>Th\u1eddi gian giao h\u00e0ng:<\/p>\n<ul>\n<li aria-level=\"1\">\u1ede n\u1ed9i th\u00e0nh ph\u1ed1 H\u1ea3i D\u01b0\u01a1ng giao trong ng\u00e0y.<\/li>\n<li aria-level=\"1\">Ngo\u1ea1i th\u00e0nh H\u1ea3i D\u01b0\u01a1ng ho\u1eb7c c\u00e1c t\u1ec9nh: T\u1eeb 3-15 ng\u00e0y k\u1ec3 t\u1eeb ng\u00e0y ch\u1ed1t \u0111\u01a1n h\u00e0ng ho\u1eb7c theo th\u1ecfa thu\u1eadn v\u1edbi kh\u00e1ch khi \u0111\u1eb7t h\u00e0ng.<\/li>\n<\/ul>\n<p>Tuy nhi\u00ean c\u00f3 nh\u1eefng tr\u01b0\u1eddng h\u1ee3p vi\u1ec7c giao h\u00e0ng k\u00e9o d\u00e0i h\u01a1n nh\u01b0ng ch\u1ec9 x\u1ea3y ra trong nh\u1eefng t\u00ecnh hu\u1ed1ng b\u1ea5t kh\u1ea3 kh\u00e1ng nh\u01b0 sau:<\/p>\n<p>+ B\u1ed9 ph\u1eadn sales C\u00f4ng ty s\u1ebd li\u00ean l\u1ea1c v\u1edbi kh\u00e1ch h\u00e0ng qua \u0111i\u1ec7n tho\u1ea1i kh\u00f4ng \u0111\u01b0\u1ee3c n\u00ean kh\u00f4ng th\u1ec3 giao h\u00e0ng.<\/p>\n<p>+ \u0110\u1ecba ch\u1ec9 giao h\u00e0ng b\u1ea1n cung c\u1ea5p kh\u00f4ng ch\u00ednh x\u00e1c ho\u1eb7c kh\u00f3 t\u00ecm.<\/p>\n<p>+ S\u1ed1 l\u01b0\u1ee3ng \u0111\u01a1n h\u00e0ng c\u1ee7a C\u00f4ng ty t\u0103ng \u0111\u1ed9t bi\u1ebfn khi\u1ebfn vi\u1ec7c x\u1eed l\u00fd \u0111\u01a1n h\u00e0ng b\u1ecb ch\u1eadm.<\/p>\n<p>+ \u0110\u1ed1i t\u00e1c cung c\u1ea5p cho C\u00f4ng ty ch\u1eadm h\u01a1n d\u1ef1 ki\u1ebfn khi\u1ebfn vi\u1ec7c giao h\u00e0ng b\u1ecb ch\u1eadm l\u1ea1i ho\u1eb7c \u0111\u1ed1i t\u00e1c v\u1eadn chuy\u1ec3n giao h\u00e0ng b\u1ecb ch\u1eadm ch\u1ec9 v\u1eadn chuy\u1ec3n ph\u00e2n ph\u1ed1i cho \u0111\u1ea1i l\u00fd ho\u1eb7c kh\u00e1ch h\u00e0ng c\u00f3 nhu c\u1ea7u l\u1edbn, l\u00e2u d\u00e0i.<\/p>\n<p>V\u00ec th\u1ebf c\u00f4ng ty \u0111a ph\u1ea7n s\u1ebd h\u1ed7 tr\u1ee3 chi ph\u00ed v\u1eadn chuy\u1ec3n nh\u01b0 m\u1ed9t c\u00e1ch ch\u0103m s\u00f3c \u0111\u1ea1i l\u00fd c\u1ee7a m\u00ecnh. \u0110\u1ed1i v\u1edbi kh\u00e1ch l\u1ebb n\u1ebfu c\u00f3 nhu c\u1ea7u s\u1eed d\u1ee5ng l\u1edbn vui l\u00f2ng li\u00ean h\u1ec7 tr\u1ef1c ti\u1ebfp \u0111\u1ec3 th\u1ecfa thu\u1eadn h\u1ee3p \u0111\u1ed3ng c\u0169ng nh\u01b0 ph\u00ed v\u1eadn chuy\u1ec3n.<\/p>\n<h2><b>CH\u00cdNH S\u00c1CH V\u1eacN CHUY\u1ec2N \u0110\u1ed0I V\u1edaI T\u1ed4 CH\u1ee8C CUNG \u1ee8NG D\u1ecaCH V\u1ee4 LOGISTICS<\/b><\/h2>\n<h3><b>1. Ngh\u0129a v\u1ee5 c\u1ee7a b\u00ean v\u1eadn chuy\u1ec3n<\/b><\/h3>\n<ul>\n<li>B\u1ea3o \u0111\u1ea3m v\u1eadn chuy\u1ec3n \u0111\u1ea7y \u0111\u1ee7 h\u00e0ng ho\u00e1, an to\u00e0n \u0111\u1ebfn \u0111\u1ecba \u0111i\u1ec3m \u0111\u00e3 \u0111\u1ecbnh, theo \u0111\u00fang th\u1eddi h\u1ea1n.<\/li>\n<li>Giao h\u00e0ng h\u00f3a cho ng\u01b0\u1eddi c\u00f3 quy\u1ec1n nh\u1eadn.<\/li>\n<li>C\u00e1c chi ph\u00ed li\u00ean quan \u0111\u1ebfn vi\u1ec7c chuy\u00ean ch\u1edf h\u00e0ng ho\u00e1 thanh to\u00e1n theo th\u1ecfa thu\u1eadn.<\/li>\n<li>B\u1ed3i th\u01b0\u1eddng thi\u1ec7t h\u1ea1i cho b\u00ean thu\u00ea v\u1eadn chuy\u1ec3n trong tr\u01b0\u1eddng h\u1ee3p b\u00ean v\u1eadn chuy\u1ec3n \u0111\u1ec3 m\u1ea5t, h\u01b0 h\u1ecfng h\u00e0ng h\u00f3a, tr\u1eeb tr\u01b0\u1eddng h\u1ee3p c\u00f3 th\u1ecfa thu\u1eadn kh\u00e1c ho\u1eb7c ph\u00e1p lu\u1eadt c\u00f3 quy \u0111\u1ecbnh kh\u00e1c.<\/li>\n<\/ul>\n<h3><b>2. Quy\u1ec1n c\u1ee7a b\u00ean v\u1eadn chuy\u1ec3n<\/b><\/h3>\n<ul>\n<li>Ki\u1ec3m tra s\u1ef1 x\u00e1c th\u1ef1c c\u1ee7a h\u00e0ng ho\u00e1, c\u1ee7a v\u1eadn \u0111\u01a1n ho\u1eb7c ch\u1ee9ng t\u1eeb v\u1eadn chuy\u1ec3n t\u01b0\u01a1ng \u0111\u01b0\u01a1ng kh\u00e1c.<\/li>\n<li>T\u1eeb ch\u1ed1i v\u1eadn chuy\u1ec3n h\u00e0ng ho\u00e1 kh\u00f4ng \u0111\u00fang v\u1edbi lo\u1ea1i t\u00e0i s\u1ea3n \u0111\u00e3 th\u1ecfa thu\u1eadn trong h\u1ee3p \u0111\u1ed3ng.<\/li>\n<li>Y\u00eau c\u1ea7u b\u00ean thu\u00ea v\u1eadn chuy\u1ec3n thanh to\u00e1n \u0111\u1ee7 c\u01b0\u1edbc ph\u00ed v\u1eadn chuy\u1ec3n \u0111\u00fang th\u1eddi h\u1ea1n.<\/li>\n<li>T\u1eeb ch\u1ed1i v\u1eadn chuy\u1ec3n h\u00e0ng ho\u00e1 c\u1ea5m giao d\u1ecbch, h\u00e0ng ho\u00e1 c\u00f3 t\u00ednh ch\u1ea5t nguy hi\u1ec3m, \u0111\u1ed9c h\u1ea1i.<\/li>\n<\/ul>\n<h3><b>3. Ngh\u0129a v\u1ee5 c\u1ee7a b\u00ean thu\u00ea v\u1eadn chuy\u1ec3n<\/b><\/h3>\n<ul>\n<li>Tr\u1ea3 \u0111\u1ee7 ti\u1ec1n c\u01b0\u1edbc ph\u00ed v\u1eadn chuy\u1ec3n cho b\u00ean v\u1eadn chuy\u1ec3n theo \u0111\u00fang th\u1eddi h\u1ea1n, ph\u01b0\u01a1ng th\u1ee9c \u0111\u00e3 th\u1ecfa thu\u1eadn.<\/li>\n<li>Cung c\u1ea5p th\u00f4ng tin c\u1ea7n thi\u1ebft li\u00ean quan \u0111\u1ebfn h\u00e0ng ho\u00e1 v\u1eadn chuy\u1ec3n \u0111\u1ec3 b\u1ea3o \u0111\u1ea3m an to\u00e0n cho h\u00e0ng ho\u00e1 v\u1eadn chuy\u1ec3n.<\/li>\n<\/ul>\n<h3><b>4. Quy\u1ec1n c\u1ee7a b\u00ean thu\u00ea v\u1eadn chuy\u1ec3n<\/b><\/h3>\n<ul>\n<li>Y\u00eau c\u1ea7u b\u00ean v\u1eadn chuy\u1ec3n chuy\u00ean ch\u1edf h\u00e0ng ho\u00e1 \u0111\u1ebfn \u0111\u00fang \u0111\u1ecba \u0111i\u1ec3m, th\u1eddi \u0111i\u1ec3m \u0111\u00e3 th\u1ecfa thu\u1eadn.<\/li>\n<li>Tr\u1ef1c ti\u1ebfp ho\u1eb7c ch\u1ec9 \u0111\u1ecbnh ng\u01b0\u1eddi th\u1ee9 ba nh\u1eadn l\u1ea1i h\u00e0ng ho\u00e1 \u0111\u00e3 thu\u00ea v\u1eadn chuy\u1ec3n.<\/li>\n<\/ul>\n<h3><b>5. Tr\u00e1ch nhi\u1ec7m b\u1ed3i th\u01b0\u1eddng thi\u1ec7t h\u1ea1i<\/b><\/h3>\n<ul>\n<li aria-level=\"1\">B\u00ean v\u1eadn chuy\u1ec3n ph\u1ea3i b\u1ed3i th\u01b0\u1eddng thi\u1ec7t h\u1ea1i cho b\u00ean thu\u00ea v\u1eadn chuy\u1ec3n n\u1ebfu \u0111\u1ec3 h\u00e0ng ho\u00e1 b\u1ecb m\u1ea5t ho\u1eb7c h\u01b0 h\u1ecfng.<\/li>\n<li aria-level=\"1\">B\u00ean thu\u00ea v\u1eadn chuy\u1ec3n ph\u1ea3i b\u1ed3i th\u01b0\u1eddng thi\u1ec7t h\u1ea1i cho b\u00ean v\u1eadn chuy\u1ec3n v\u00e0 ng\u01b0\u1eddi th\u1ee9 ba v\u1ec1 thi\u1ec7t h\u1ea1i do h\u00e0ng ho\u00e1 v\u1eadn chuy\u1ec3n c\u00f3 t\u00ednh ch\u1ea5t nguy hi\u1ec3m, \u0111\u1ed9c h\u1ea1i m\u00e0 kh\u00f4ng c\u00f3 bi\u1ec7n ph\u00e1p \u0111\u00f3ng g\u00f3i, b\u1ea3o \u0111\u1ea3m an to\u00e0n trong qu\u00e1 tr\u00ecnh v\u1eadn chuy\u1ec3n.<\/li>\n<li aria-level=\"1\">Tr\u01b0\u1eddng h\u1ee3p b\u1ea5t kh\u1ea3 kh\u00e1ng d\u1eabn \u0111\u1ebfn h\u00e0ng ho\u00e1 v\u1eadn chuy\u1ec3n b\u1ecb m\u1ea5t, h\u01b0 h\u1ecfng ho\u1eb7c b\u1ecb h\u1ee7y ho\u1ea1i trong qu\u00e1 tr\u00ecnh v\u1eadn chuy\u1ec3n th\u00ec b\u00ean v\u1eadn chuy\u1ec3n kh\u00f4ng ph\u1ea3i ch\u1ecbu tr\u00e1ch nhi\u1ec7m b\u1ed3i th\u01b0\u1eddng thi\u1ec7t h\u1ea1i, tr\u1eeb tr\u01b0\u1eddng h\u1ee3p c\u00f3 th\u1ecfa thu\u1eadn kh\u00e1c ho\u1eb7c ph\u00e1p lu\u1eadt c\u00f3 quy \u0111\u1ecbnh kh\u00e1c.<\/li>\n<li aria-level=\"1\">T\u1ef7 l\u1ec7 b\u1ed3i th\u01b0\u1eddng \u0111\u01b0\u1ee3c \u00e1p d\u1ee5ng theo quy \u0111\u1ecbnh v\u1ec1 b\u1ed3i th\u01b0\u1eddng \u0111\u01b0\u1ee3c ghi trong h\u1ee3p \u0111\u1ed3ng k\u00fd k\u1ebft gi\u1eefa 2 b\u00ean<\/li>\n<\/ul>\n<h2><b>CH\u00cdNH S\u00c1CH THANH TO\u00c1N<\/b><\/h2>\n<p>Khi mua h\u00e0ng kh\u00e1ch h\u00e0ng c\u00f3 th\u1ec3 thanh to\u00e1n b\u1eb1ng ti\u1ec1n m\u1eb7t ho\u1eb7c chuy\u1ec3n kho\u1ea3n qua <span style=\"font-size: 20.16px;\">C\u00e1ch th\u1ee9c thanh to\u00e1n:<\/span><\/p>\n<ul>\n<li aria-level=\"1\">C\u00e1ch 1: Thanh to\u00e1n tr\u1ef1c ti\u1ebfp (ng\u01b0\u1eddi mua nh\u1eadn h\u00e0ng t\u1ea1i \u0111\u1ecba ch\u1ec9 ng\u01b0\u1eddi b\u00e1n)<\/li>\n<li aria-level=\"1\">C\u00e1ch 2: Thanh to\u00e1n sau (COD \u2013 giao h\u00e0ng v\u00e0 thu ti\u1ec1n t\u1eadn n\u01a1i)<\/li>\n<\/ul>\n<p>Qu\u00fd kh\u00e1ch c\u00f3 th\u1ec3 mang s\u1ea3n ph\u1ea9m tr\u1ef1c ti\u1ebfp \u0111\u1ebfn \u0111\u1ecba ch\u1ec9 c\u00f4ng ty ch\u00fang t\u00f4i \u0111\u1ec3 \u0111\u01b0\u1ee3c b\u1ea3o h\u00e0nh v\u00e0 s\u1ea3n ph\u1ea9m c\u1ee7a qu\u00fd kh\u00e1ch ph\u1ea3i c\u00f2n n\u1eb1m trong th\u1eddi h\u1ea1n b\u1ea3o h\u00e0nh s\u1ea3n ph\u1ea9m theo ch\u00ednh s\u00e1ch b\u1ea3o h\u00e0nh c\u1ee7a ch\u00fang t\u00f4i.<\/p>","protected":false},"excerpt":{"rendered":"<p>CH\u00cdNH S\u00c1CH V\u1eacN CHUY\u1ec2N \u0110\u1ed0I V\u1edaI KH\u00c1CH H\u00c0NG C\u1ee6A THANHPHATPC.COM Th\u00f4ng th\u01b0\u1eddng sau khi nh\u1eadn \u0111\u01b0\u1ee3c th\u00f4ng tin \u0111\u1eb7t h\u00e0ng ch\u00fang t\u00f4i s\u1ebd x\u1eed l\u00fd \u0111\u01a1n h\u00e0ng trong v\u00f2ng 24h v\u00e0 ph\u1ea3n h\u1ed3i l\u1ea1i th\u00f4ng tin cho kh\u00e1ch h\u00e0ng v\u1ec1 vi\u1ec7c thanh to\u00e1n v\u00e0 giao nh\u1eadn. Th\u1eddi gian giao h\u00e0ng: \u1ede n\u1ed9i th\u00e0nh ph\u1ed1 H\u1ea3i &#8230;<\/p>","protected":false},"author":6,"featured_media":0,"parent":0,"menu_order":0,"comment_status":"closed","ping_status":"closed","template":"","meta":{"_acf_changed":false,"footnotes":""},"class_list":["post-10788","page","type-page","status-publish","hentry"],"acf":[],"yoast_head":"<!-- This site is optimized with the Yoast SEO plugin v23.8 - https:\/\/yoast.com\/wordpress\/plugins\/seo\/ -->\n<title>Ch\u00ednh s\u00e1ch v\u1eadn chuy\u1ec3n - ThanhPhat PC<\/title>\n<meta name=\"robots\" content=\"index, follow, max-snippet:-1, max-image-preview:large, max-video-preview:-1\" \/>\n<link rel=\"canonical\" href=\"https:\/\/thanhphatpc.com\/en\/chinh-sach-van-chuyen\/\" \/>\n<meta property=\"og:locale\" content=\"en_US\" \/>\n<meta property=\"og:type\" content=\"article\" \/>\n<meta property=\"og:title\" content=\"Ch\u00ednh s\u00e1ch v\u1eadn chuy\u1ec3n - ThanhPhat PC\" \/>\n<meta property=\"og:description\" content=\"CH\u00cdNH S\u00c1CH V\u1eacN CHUY\u1ec2N \u0110\u1ed0I V\u1edaI KH\u00c1CH H\u00c0NG C\u1ee6A THANHPHATPC.COM Th\u00f4ng th\u01b0\u1eddng sau khi nh\u1eadn \u0111\u01b0\u1ee3c th\u00f4ng tin \u0111\u1eb7t h\u00e0ng ch\u00fang t\u00f4i s\u1ebd x\u1eed l\u00fd \u0111\u01a1n h\u00e0ng trong v\u00f2ng 24h v\u00e0 ph\u1ea3n h\u1ed3i l\u1ea1i th\u00f4ng tin cho kh\u00e1ch h\u00e0ng v\u1ec1 vi\u1ec7c thanh to\u00e1n v\u00e0 giao nh\u1eadn. Th\u1eddi gian giao h\u00e0ng: \u1ede n\u1ed9i th\u00e0nh ph\u1ed1 H\u1ea3i ...\" \/>\n<meta property=\"og:url\" content=\"https:\/\/thanhphatpc.com\/en\/chinh-sach-van-chuyen\/\" \/>\n<meta property=\"og:site_name\" content=\"ThanhPhat PC\" \/>\n<meta property=\"article:modified_time\" content=\"2025-06-14T04:45:59+00:00\" \/>\n<meta name=\"twitter:card\" content=\"summary_large_image\" \/>\n<script type=\"application\/ld+json\" class=\"yoast-schema-graph\">{\"@context\":\"https:\/\/schema.org\",\"@graph\":[{\"@type\":\"WebPage\",\"@id\":\"https:\/\/thanhphatpc.com\/chinh-sach-van-chuyen\/\",\"url\":\"https:\/\/thanhphatpc.com\/chinh-sach-van-chuyen\/\",\"name\":\"Ch\u00ednh s\u00e1ch v\u1eadn chuy\u1ec3n - ThanhPhat PC\",\"isPartOf\":{\"@id\":\"https:\/\/thanhphatpc.com\/#website\"},\"datePublished\":\"2025-06-14T04:40:30+00:00\",\"dateModified\":\"2025-06-14T04:45:59+00:00\",\"breadcrumb\":{\"@id\":\"https:\/\/thanhphatpc.com\/chinh-sach-van-chuyen\/#breadcrumb\"},\"inLanguage\":\"en-US\",\"potentialAction\":[{\"@type\":\"ReadAction\",\"target\":[\"https:\/\/thanhphatpc.com\/chinh-sach-van-chuyen\/\"]}]},{\"@type\":\"BreadcrumbList\",\"@id\":\"https:\/\/thanhphatpc.com\/chinh-sach-van-chuyen\/#breadcrumb\",\"itemListElement\":[{\"@type\":\"ListItem\",\"position\":1,\"name\":\"Trang ch\u1ee7\",\"item\":\"https:\/\/thanhphatpc.com\/\"},{\"@type\":\"ListItem\",\"position\":2,\"name\":\"Ch\u00ednh s\u00e1ch v\u1eadn chuy\u1ec3n\"}]},{\"@type\":\"WebSite\",\"@id\":\"https:\/\/thanhphatpc.com\/#website\",\"url\":\"https:\/\/thanhphatpc.com\/\",\"name\":\"ThanhPhat PC\",\"description\":\"D\u1ecbch v\u1ee5 ho\u00e0n h\u1ea3o\",\"potentialAction\":[{\"@type\":\"SearchAction\",\"target\":{\"@type\":\"EntryPoint\",\"urlTemplate\":\"https:\/\/thanhphatpc.com\/?s={search_term_string}\"},\"query-input\":{\"@type\":\"PropertyValueSpecification\",\"valueRequired\":true,\"valueName\":\"search_term_string\"}}],\"inLanguage\":\"en-US\"}]}<\/script>\n<!-- \/ Yoast SEO plugin. -->","yoast_head_json":{"title":"Ch\u00ednh s\u00e1ch v\u1eadn chuy\u1ec3n - ThanhPhat PC","robots":{"index":"index","follow":"follow","max-snippet":"max-snippet:-1","max-image-preview":"max-image-preview:large","max-video-preview":"max-video-preview:-1"},"canonical":"https:\/\/thanhphatpc.com\/en\/chinh-sach-van-chuyen\/","og_locale":"en_US","og_type":"article","og_title":"Ch\u00ednh s\u00e1ch v\u1eadn chuy\u1ec3n - ThanhPhat PC","og_description":"CH\u00cdNH S\u00c1CH V\u1eacN CHUY\u1ec2N \u0110\u1ed0I V\u1edaI KH\u00c1CH H\u00c0NG C\u1ee6A THANHPHATPC.COM Th\u00f4ng th\u01b0\u1eddng sau khi nh\u1eadn \u0111\u01b0\u1ee3c th\u00f4ng tin \u0111\u1eb7t h\u00e0ng ch\u00fang t\u00f4i s\u1ebd x\u1eed l\u00fd \u0111\u01a1n h\u00e0ng trong v\u00f2ng 24h v\u00e0 ph\u1ea3n h\u1ed3i l\u1ea1i th\u00f4ng tin cho kh\u00e1ch h\u00e0ng v\u1ec1 vi\u1ec7c thanh to\u00e1n v\u00e0 giao nh\u1eadn. Th\u1eddi gian giao h\u00e0ng: \u1ede n\u1ed9i th\u00e0nh ph\u1ed1 H\u1ea3i ...","og_url":"https:\/\/thanhphatpc.com\/en\/chinh-sach-van-chuyen\/","og_site_name":"ThanhPhat PC","article_modified_time":"2025-06-14T04:45:59+00:00","twitter_card":"summary_large_image","schema":{"@context":"https:\/\/schema.org","@graph":[{"@type":"WebPage","@id":"https:\/\/thanhphatpc.com\/chinh-sach-van-chuyen\/","url":"https:\/\/thanhphatpc.com\/chinh-sach-van-chuyen\/","name":"Ch\u00ednh s\u00e1ch v\u1eadn chuy\u1ec3n - ThanhPhat PC","isPartOf":{"@id":"https:\/\/thanhphatpc.com\/#website"},"datePublished":"2025-06-14T04:40:30+00:00","dateModified":"2025-06-14T04:45:59+00:00","breadcrumb":{"@id":"https:\/\/thanhphatpc.com\/chinh-sach-van-chuyen\/#breadcrumb"},"inLanguage":"en-US","potentialAction":[{"@type":"ReadAction","target":["https:\/\/thanhphatpc.com\/chinh-sach-van-chuyen\/"]}]},{"@type":"BreadcrumbList","@id":"https:\/\/thanhphatpc.com\/chinh-sach-van-chuyen\/#breadcrumb","itemListElement":[{"@type":"ListItem","position":1,"name":"Trang ch\u1ee7","item":"https:\/\/thanhphatpc.com\/"},{"@type":"ListItem","position":2,"name":"Ch\u00ednh s\u00e1ch v\u1eadn chuy\u1ec3n"}]},{"@type":"WebSite","@id":"https:\/\/thanhphatpc.com\/#website","url":"https:\/\/thanhphatpc.com\/","name":"ThanhPhat PC","description":"D\u1ecbch v\u1ee5 ho\u00e0n h\u1ea3o","potentialAction":[{"@type":"SearchAction","target":{"@type":"EntryPoint","urlTemplate":"https:\/\/thanhphatpc.com\/?s={search_term_string}"},"query-input":{"@type":"PropertyValueSpecification","valueRequired":true,"valueName":"search_term_string"}}],"inLanguage":"en-US"}]}},"_links":{"self":[{"href":"https:\/\/thanhphatpc.com\/en\/wp-json\/wp\/v2\/pages\/10788","targetHints":{"allow":["GET"]}}],"collection":[{"href":"https:\/\/thanhphatpc.com\/en\/wp-json\/wp\/v2\/pages"}],"about":[{"href":"https:\/\/thanhphatpc.com\/en\/wp-json\/wp\/v2\/types\/page"}],"author":[{"embeddable":true,"href":"https:\/\/thanhphatpc.com\/en\/wp-json\/wp\/v2\/users\/6"}],"replies":[{"embeddable":true,"href":"https:\/\/thanhphatpc.com\/en\/wp-json\/wp\/v2\/comments?post=10788"}],"version-history":[{"count":3,"href":"https:\/\/thanhphatpc.com\/en\/wp-json\/wp\/v2\/pages\/10788\/revisions"}],"predecessor-version":[{"id":10791,"href":"https:\/\/thanhphatpc.com\/en\/wp-json\/wp\/v2\/pages\/10788\/revisions\/10791"}],"wp:attachment":[{"href":"https:\/\/thanhphatpc.com\/en\/wp-json\/wp\/v2\/media?parent=10788"}],"curies":[{"name":"wp","href":"https:\/\/api.w.org\/{rel}","templated":true}]}}