{"id":2,"date":"2017-08-18T09:50:37","date_gmt":"2017-08-18T09:50:37","guid":{"rendered":"https:\/\/noithanghoa.hunghaweb.com\/?page_id=2"},"modified":"2022-08-24T23:21:36","modified_gmt":"2022-08-24T16:21:36","slug":"trang-mau","status":"publish","type":"page","link":"https:\/\/thanhphatpc.com\/en\/trang-mau\/","title":{"rendered":"Trang M\u1eabu"},"content":{"rendered":"<p>\u0110\u00e2y l\u00e0 m\u1ed9t trang m\u1eabu. N\u00f3 kh\u00e1c v\u1edbi m\u1ed9t b\u00e0i blog b\u1edfi v\u00ec n\u00f3 s\u1ebd l\u00e0 m\u1ed9t trang t\u0129nh v\u00e0 s\u1ebd \u0111\u01b0\u1ee3c th\u00eam v\u00e0o thanh menu c\u1ee7a trang web c\u1ee7a b\u1ea1n (trong h\u1ea7u h\u1ebft theme). M\u1ecdi ng\u01b0\u1eddi th\u01b0\u1eddng b\u1eaft \u0111\u1ea7u b\u1eb1ng m\u1ed9t trang Gi\u1edbi thi\u1ec7u \u0111\u1ec3 gi\u1edbi thi\u1ec7u b\u1ea3n th\u00e2n \u0111\u1ebfn ng\u01b0\u1eddi d\u00f9ng ti\u1ec1m n\u0103ng. B\u1ea1n c\u00f3 th\u1ec3 vi\u1ebft nh\u01b0 sau:<\/p>\n<blockquote><p>Xin ch\u00e0o! T\u00f4i l\u00e0 ng\u01b0\u1eddi giao th\u01b0 b\u1eb1ng xe \u0111\u1ea1p v\u00e0o ban ng\u00e0y, m\u1ed9t di\u1ec5n vi\u00ean \u0111\u1ea7y tham v\u1ecdng v\u00e0o ban \u0111\u00eam, v\u00e0 \u0111\u00e2y l\u00e0 trang web c\u1ee7a t\u00f4i. T\u00f4i s\u1ed1ng \u1edf Los Angeles, c\u00f3 m\u1ed9t ch\u00fa cho tuy\u1ec7t v\u1eddi t\u00ean l\u00e0 Jack, v\u00e0 t\u00f4i th\u00edch u\u1ed1ng cocktail.<\/p><\/blockquote>\n<p>&#8230;hay nh\u01b0 th\u1ebf n\u00e0y:<\/p>\n<blockquote><p>C\u00f4ng ty XYZ Doohickey \u0111\u01b0\u1ee3c th\u00e0nh l\u1eadp v\u00e0o n\u0103m 1971, v\u00e0 \u0111\u00e3 cung c\u1ea5p \u0111\u1ed3 d\u00f9ng ch\u1ea5t l\u01b0\u1ee3ng cho c\u00f4ng ch\u00fang k\u1ec3 t\u1eeb \u0111\u00f3. N\u1eb1m \u1edf th\u00e0nh ph\u1ed1 Gotham, XYZ t\u1ea1o vi\u1ec7c l\u00e0m cho h\u01a1n 2.000 ng\u01b0\u1eddi v\u00e0 l\u00e0m t\u1ea5t c\u1ea3 nh\u1eefng \u0111i\u1ec1u tuy\u1ec7t v\u1eddi cho c\u1ed9ng \u0111\u1ed3ng Gotham.<\/p><\/blockquote>\n<p>L\u00e0 ng\u01b0\u1eddi d\u00f9ng WordPress m\u1edbi, b\u1ea1n n\u00ean truy c\u1eadp <a href=\"https:\/\/noithanghoa.hunghaweb.com\/wp-admin\/\">trang qu\u1ea3n tr\u1ecb<\/a> \u0111\u1ec3 x\u00f3a trang n\u00e0y v\u00e0 t\u1ea1o c\u00e1c trang m\u1edbi cho n\u1ed9i dung c\u1ee7a b\u1ea1n. Ch\u00fac vui v\u1ebb! <\/p>\n<p>You must find ways to organize your work and time in order to be successful in college. Students rarely use time management, even though it is essential for academic success. Due to their hectic schedules, tons of assignments pile up. Students may use EduBirdie to assist them with their essay writing needs. They can help you have <a href=\"https:\/\/www.writemyessays.org\/do-my-paper-for-me\/\">pay someone to do my paper<\/a> a stress-free day by utilizing their services! There are many good reasons to prefer essay writing services over the other options.<\/p>\n<p>If you&#8217;re in the market for a the best essay possible that is of the highest quality, trust DoMyEssay to produce. The service&#8217;s writers have been evaluated and have proven that they are knowledgeable about the subject they write on. It has strict policies that protect the information you provide for payment in addition to ensuring your privacy. It <a href=\"https:\/\/us.payforessay.net\/essay-writer\">essaywriter<\/a> also provides the 100% money-back promise. There&#8217;s no need to be worried about the delivery of the letter in time.<\/p>","protected":false},"excerpt":{"rendered":"<p>\u0110\u00e2y l\u00e0 m\u1ed9t trang m\u1eabu. N\u00f3 kh\u00e1c v\u1edbi m\u1ed9t b\u00e0i blog b\u1edfi v\u00ec n\u00f3 s\u1ebd l\u00e0 m\u1ed9t trang t\u0129nh v\u00e0 s\u1ebd \u0111\u01b0\u1ee3c th\u00eam v\u00e0o thanh menu c\u1ee7a trang web c\u1ee7a b\u1ea1n (trong h\u1ea7u h\u1ebft theme). M\u1ecdi ng\u01b0\u1eddi th\u01b0\u1eddng b\u1eaft \u0111\u1ea7u b\u1eb1ng m\u1ed9t trang Gi\u1edbi thi\u1ec7u \u0111\u1ec3 gi\u1edbi thi\u1ec7u b\u1ea3n th\u00e2n \u0111\u1ebfn ng\u01b0\u1eddi d\u00f9ng ti\u1ec1m n\u0103ng. &#8230;<\/p>","protected":false},"author":2,"featured_media":0,"parent":0,"menu_order":0,"comment_status":"open","ping_status":"open","template":"","meta":{"_acf_changed":false,"footnotes":""},"class_list":["post-2","page","type-page","status-publish","hentry"],"acf":[],"yoast_head":"<!-- This site is optimized with the Yoast SEO plugin v23.8 - https:\/\/yoast.com\/wordpress\/plugins\/seo\/ -->\n<title>Trang M\u1eabu - ThanhPhat PC<\/title>\n<meta name=\"robots\" content=\"index, follow, max-snippet:-1, max-image-preview:large, max-video-preview:-1\" \/>\n<link rel=\"canonical\" href=\"https:\/\/thanhphatpc.com\/en\/trang-mau\/\" \/>\n<meta property=\"og:locale\" content=\"en_US\" \/>\n<meta property=\"og:type\" content=\"article\" \/>\n<meta property=\"og:title\" content=\"Trang M\u1eabu - ThanhPhat PC\" \/>\n<meta property=\"og:description\" content=\"\u0110\u00e2y l\u00e0 m\u1ed9t trang m\u1eabu. N\u00f3 kh\u00e1c v\u1edbi m\u1ed9t b\u00e0i blog b\u1edfi v\u00ec n\u00f3 s\u1ebd l\u00e0 m\u1ed9t trang t\u0129nh v\u00e0 s\u1ebd \u0111\u01b0\u1ee3c th\u00eam v\u00e0o thanh menu c\u1ee7a trang web c\u1ee7a b\u1ea1n (trong h\u1ea7u h\u1ebft theme). M\u1ecdi ng\u01b0\u1eddi th\u01b0\u1eddng b\u1eaft \u0111\u1ea7u b\u1eb1ng m\u1ed9t trang Gi\u1edbi thi\u1ec7u \u0111\u1ec3 gi\u1edbi thi\u1ec7u b\u1ea3n th\u00e2n \u0111\u1ebfn ng\u01b0\u1eddi d\u00f9ng ti\u1ec1m n\u0103ng. ...\" \/>\n<meta property=\"og:url\" content=\"https:\/\/thanhphatpc.com\/en\/trang-mau\/\" \/>\n<meta property=\"og:site_name\" content=\"ThanhPhat PC\" \/>\n<meta property=\"article:modified_time\" content=\"2022-08-24T16:21:36+00:00\" \/>\n<meta name=\"twitter:card\" content=\"summary_large_image\" \/>\n<meta name=\"twitter:label1\" content=\"Est. reading time\" \/>\n\t<meta name=\"twitter:data1\" content=\"2 minutes\" \/>\n<script type=\"application\/ld+json\" class=\"yoast-schema-graph\">{\"@context\":\"https:\/\/schema.org\",\"@graph\":[{\"@type\":\"WebPage\",\"@id\":\"https:\/\/thanhphatpc.com\/trang-mau\/\",\"url\":\"https:\/\/thanhphatpc.com\/trang-mau\/\",\"name\":\"Trang M\u1eabu - ThanhPhat PC\",\"isPartOf\":{\"@id\":\"https:\/\/thanhphatpc.com\/#website\"},\"datePublished\":\"2017-08-18T09:50:37+00:00\",\"dateModified\":\"2022-08-24T16:21:36+00:00\",\"breadcrumb\":{\"@id\":\"https:\/\/thanhphatpc.com\/trang-mau\/#breadcrumb\"},\"inLanguage\":\"en-US\",\"potentialAction\":[{\"@type\":\"ReadAction\",\"target\":[\"https:\/\/thanhphatpc.com\/trang-mau\/\"]}]},{\"@type\":\"BreadcrumbList\",\"@id\":\"https:\/\/thanhphatpc.com\/trang-mau\/#breadcrumb\",\"itemListElement\":[{\"@type\":\"ListItem\",\"position\":1,\"name\":\"Trang ch\u1ee7\",\"item\":\"https:\/\/thanhphatpc.com\/\"},{\"@type\":\"ListItem\",\"position\":2,\"name\":\"Trang M\u1eabu\"}]},{\"@type\":\"WebSite\",\"@id\":\"https:\/\/thanhphatpc.com\/#website\",\"url\":\"https:\/\/thanhphatpc.com\/\",\"name\":\"ThanhPhat PC\",\"description\":\"D\u1ecbch v\u1ee5 ho\u00e0n h\u1ea3o\",\"potentialAction\":[{\"@type\":\"SearchAction\",\"target\":{\"@type\":\"EntryPoint\",\"urlTemplate\":\"https:\/\/thanhphatpc.com\/?s={search_term_string}\"},\"query-input\":{\"@type\":\"PropertyValueSpecification\",\"valueRequired\":true,\"valueName\":\"search_term_string\"}}],\"inLanguage\":\"en-US\"}]}<\/script>\n<!-- \/ Yoast SEO plugin. -->","yoast_head_json":{"title":"Trang M\u1eabu - ThanhPhat PC","robots":{"index":"index","follow":"follow","max-snippet":"max-snippet:-1","max-image-preview":"max-image-preview:large","max-video-preview":"max-video-preview:-1"},"canonical":"https:\/\/thanhphatpc.com\/en\/trang-mau\/","og_locale":"en_US","og_type":"article","og_title":"Trang M\u1eabu - ThanhPhat PC","og_description":"\u0110\u00e2y l\u00e0 m\u1ed9t trang m\u1eabu. N\u00f3 kh\u00e1c v\u1edbi m\u1ed9t b\u00e0i blog b\u1edfi v\u00ec n\u00f3 s\u1ebd l\u00e0 m\u1ed9t trang t\u0129nh v\u00e0 s\u1ebd \u0111\u01b0\u1ee3c th\u00eam v\u00e0o thanh menu c\u1ee7a trang web c\u1ee7a b\u1ea1n (trong h\u1ea7u h\u1ebft theme). M\u1ecdi ng\u01b0\u1eddi th\u01b0\u1eddng b\u1eaft \u0111\u1ea7u b\u1eb1ng m\u1ed9t trang Gi\u1edbi thi\u1ec7u \u0111\u1ec3 gi\u1edbi thi\u1ec7u b\u1ea3n th\u00e2n \u0111\u1ebfn ng\u01b0\u1eddi d\u00f9ng ti\u1ec1m n\u0103ng. ...","og_url":"https:\/\/thanhphatpc.com\/en\/trang-mau\/","og_site_name":"ThanhPhat PC","article_modified_time":"2022-08-24T16:21:36+00:00","twitter_card":"summary_large_image","twitter_misc":{"Est. reading time":"2 minutes"},"schema":{"@context":"https:\/\/schema.org","@graph":[{"@type":"WebPage","@id":"https:\/\/thanhphatpc.com\/trang-mau\/","url":"https:\/\/thanhphatpc.com\/trang-mau\/","name":"Trang M\u1eabu - ThanhPhat PC","isPartOf":{"@id":"https:\/\/thanhphatpc.com\/#website"},"datePublished":"2017-08-18T09:50:37+00:00","dateModified":"2022-08-24T16:21:36+00:00","breadcrumb":{"@id":"https:\/\/thanhphatpc.com\/trang-mau\/#breadcrumb"},"inLanguage":"en-US","potentialAction":[{"@type":"ReadAction","target":["https:\/\/thanhphatpc.com\/trang-mau\/"]}]},{"@type":"BreadcrumbList","@id":"https:\/\/thanhphatpc.com\/trang-mau\/#breadcrumb","itemListElement":[{"@type":"ListItem","position":1,"name":"Trang ch\u1ee7","item":"https:\/\/thanhphatpc.com\/"},{"@type":"ListItem","position":2,"name":"Trang M\u1eabu"}]},{"@type":"WebSite","@id":"https:\/\/thanhphatpc.com\/#website","url":"https:\/\/thanhphatpc.com\/","name":"ThanhPhat PC","description":"D\u1ecbch v\u1ee5 ho\u00e0n h\u1ea3o","potentialAction":[{"@type":"SearchAction","target":{"@type":"EntryPoint","urlTemplate":"https:\/\/thanhphatpc.com\/?s={search_term_string}"},"query-input":{"@type":"PropertyValueSpecification","valueRequired":true,"valueName":"search_term_string"}}],"inLanguage":"en-US"}]}},"_links":{"self":[{"href":"https:\/\/thanhphatpc.com\/en\/wp-json\/wp\/v2\/pages\/2","targetHints":{"allow":["GET"]}}],"collection":[{"href":"https:\/\/thanhphatpc.com\/en\/wp-json\/wp\/v2\/pages"}],"about":[{"href":"https:\/\/thanhphatpc.com\/en\/wp-json\/wp\/v2\/types\/page"}],"author":[{"embeddable":true,"href":"https:\/\/thanhphatpc.com\/en\/wp-json\/wp\/v2\/users\/2"}],"replies":[{"embeddable":true,"href":"https:\/\/thanhphatpc.com\/en\/wp-json\/wp\/v2\/comments?post=2"}],"version-history":[{"count":2,"href":"https:\/\/thanhphatpc.com\/en\/wp-json\/wp\/v2\/pages\/2\/revisions"}],"predecessor-version":[{"id":9475,"href":"https:\/\/thanhphatpc.com\/en\/wp-json\/wp\/v2\/pages\/2\/revisions\/9475"}],"wp:attachment":[{"href":"https:\/\/thanhphatpc.com\/en\/wp-json\/wp\/v2\/media?parent=2"}],"curies":[{"name":"wp","href":"https:\/\/api.w.org\/{rel}","templated":true}]}}