{"id":3455,"date":"2019-09-24T08:05:18","date_gmt":"2019-09-24T01:05:18","guid":{"rendered":"https:\/\/thanhphatpc.com\/?page_id=3455"},"modified":"2019-09-24T08:06:17","modified_gmt":"2019-09-24T01:06:17","slug":"thuong-hieu-thanhphatpc","status":"publish","type":"page","link":"https:\/\/thanhphatpc.com\/en\/thuong-hieu-thanhphatpc\/","title":{"rendered":"Th\u01b0\u01a1ng hi\u1ec7u thanhphatpc"},"content":{"rendered":"<p>\u00a0<\/p>\n<ol>\n<li style=\"text-align: center;\">\n<h3><strong>Gi\u01a1\u0301i thi\u00ea\u0323u v\u00ea\u0300 c\u00f4ng ty:<\/strong><\/h3>\n<\/li>\n<\/ol>\n<ul>\n<li>C\u00d4NG TY TNHH M\u00f4\u0323t Tha\u0300nh Vi\u00ean THA\u0300NH PHA\u0301T PC<\/li>\n<li>MST: 0800975118<\/li>\n<li>\u0110i\u0323a chi\u0309: s\u00f4\u0301 350 \u0110i\u00ea\u0323n Bi\u00ean Phu\u0309, Ph\u01b0\u01a1\u0300ng Bi\u0300nh Ha\u0300n, TP Ha\u0309i D\u01b0\u01a1ng.<\/li>\n<li>\u0110i\u0323a chi\u0309 giao di\u0323ch: S\u00f4\u0301 5 Nguy\u00ea\u0303n Thi\u0323 Du\u00ea\u0323, Ph\u01b0\u01a1\u0300ng Thanh Bi\u0300nh, TP Ha\u0309i D\u01b0\u01a1ng<\/li>\n<li>Hotline: 0934. 335.792, Email: <a href=\"mailto:thanhphathdc@gmail.com\">thanhphathdc@gmail.com<\/a><\/li>\n<\/ul>\n<p>Ta\u0300i khoa\u0309n Ng\u00e2n Ha\u0300ng:<\/p>\n<p>T\u00ean Ta\u0300i Khoa\u0309n: C\u00f4ng ty TNHH m\u00f4\u0323t tha\u0300nh vi\u00ean Tha\u0300nh Pha\u0301t PC.<\/p>\n<p>S\u00f4\u0301 ta\u0300i khoa\u0309n: 0341006964529 ta\u0323i ng\u00e2n ha\u0300ng vietcombank, chi nha\u0301nh Ha\u0309i D\u01b0\u01a1ng.<\/p>\n<ul>\n<li>C\u00f4ng ty TNHH MTV Tha\u0300nh Pha\u0301t PC la\u0300 c\u00f4ng ty chuy\u00ean v\u00ea\u0300 li\u0303nh v\u01b0\u0323c CNTT bao g\u00f4\u0300m: cung c\u00e2\u0301p ca\u0301c thi\u00ea\u0301t bi\u0323 ma\u0301y ti\u0301nh, ma\u0301y in, ma\u0301y ch\u00e2\u0301m c\u00f4ng, ma\u0301y fax, ca\u0301c thi\u00ea\u0301t bi\u0323 ma\u0323ng, wifi, camera gia\u0301m sa\u0301t, ba\u0301o \u0111\u00f4\u0323ng th\u00f4ng minh.<\/li>\n<li>Nh\u01b0 chu\u0301ng ta \u0111a\u0303 bi\u00ea\u0301t th\u01a1\u0300i \u0111a\u0323i nga\u0300y nay v\u01a1\u0301i s\u01b0\u0323 pha\u0301t tri\u00ea\u0309n cu\u0309a CNTT \u0111a\u0303 \u0111em t\u01a1\u0301i cho chu\u0301ng ta l\u01a1\u0323i i\u0301ch va\u0300 tha\u0300nh qua\u0309 v\u00f4 cu\u0300ng to l\u01a1\u0301n trong c\u00f4ng vi\u00ea\u0323c, gia\u0309i tri\u0301 \u0111\u01b0\u01a1\u0323c coi la\u0300 c\u00f4ng cu\u0323 kh\u00f4ng th\u00ea\u0309 thi\u00ea\u0301u trong cu\u00f4\u0323c s\u00f4\u0301ng ha\u0300ng nga\u0300y.Vi\u0300 v\u00e2\u0323y C\u00f4ng ty chu\u0301ng t\u00f4i \u0111\u01b0\u01a1\u0323c l\u00e2\u0323p l\u00ean \u0111\u00ea\u0309 gia\u0309i quy\u00ea\u0301t mo\u0323i v\u00e2\u0301n \u0111\u00ea\u0300 li\u00ean quan \u0111\u00ea\u0301n s\u01b0\u0323 c\u00f4\u0301 cu\u0309a ma\u0301y mo\u0301c, thi\u00ea\u0301t bi\u0323 ma\u0300 ba\u0323n g\u0103\u0323p pha\u0309i, \u0111a\u0309m ba\u0309o cho c\u00f4ng vi\u00ea\u0323c cu\u0309a ba\u0323n lu\u00f4n hoa\u0323t \u0111\u00f4\u0323ng bi\u0300nh th\u01b0\u01a1\u0300ng.<\/li>\n<li>Trong nh\u01b0\u0303ng n\u0103m qua chu\u0301ng t\u00f4i lu\u00f4n l\u00f4\u0303 l\u01b0\u0323c kh\u00f4ng ng\u01b0\u0300ng cung c\u00e2\u0301p t\u01a1\u0301i quy\u0301 kha\u0301ch ha\u0300ng nh\u01b0\u0303ng thi\u00ea\u0301t bi\u0323 chi\u0301nh ha\u0303ng va\u0300 di\u0323ch vu\u0323 chu \u0111a\u0301o nhanh nh\u00e2\u0301t co\u0301 th\u00ea\u0309, \u0111a\u0309m ba\u0309o c\u00f4ng vi\u00ea\u0323c cu\u0309a kha\u0301ch ha\u0300ng kh\u00f4ng bi\u0323 gia\u0301n \u0111oa\u0323n l\u00e2u va\u0300 h\u00f4\u0303 tr\u01a1\u0323 ca\u0309 ngoa\u0300i th\u01a1\u0300i gian la\u0300m vi\u00ea\u0323c khi th\u01b0\u0323c s\u01b0\u0323 c\u00e2\u0300n thi\u00ea\u0301t.<\/li>\n<\/ul>\n<ol start=\"2\">\n<li>Nh\u01b0\u0303ng m\u0103\u0323t ha\u0300ng chu\u0301ng t\u00f4i \u0111ang cung c\u00e2\u0301p<\/li>\n<\/ol>\n<ul>\n<li>Ma\u0301y ti\u0301nh \u0111\u00ea\u0309 ba\u0300n<\/li>\n<li>Laptop cu\u0303<\/li>\n<li>Ma\u0301y in<\/li>\n<li>Ma\u0301y fax<\/li>\n<li>Ma\u0301y ch\u00e2\u0301m c\u00f4ng<\/li>\n<li>Camera gia\u0301m sa\u0301t<\/li>\n<li>Ba\u0301o \u0111\u00f4\u0323ng th\u00f4ng minh<\/li>\n<li>T\u00f4\u0309ng \u0111a\u0300i n\u00f4\u0323i b\u00f4\u0323<\/li>\n<li>Thi\u00ea\u0301t bi\u0323 ma\u0323ng<\/li>\n<li>Ph\u00e2\u0300n M\u00ea\u0300m<\/li>\n<\/ul>\n<ol start=\"3\">\n<li>Ca\u0301c di\u0323ch vu\u0323<\/li>\n<\/ol>\n<ul>\n<li>S\u01b0\u0309a ch\u01b0\u0303a, ba\u0309o tri\u0300 ma\u0301y ti\u0301nh, ma\u0301y in, ma\u0301y v\u0103n pho\u0300ng, camera gia\u0301m sa\u0301t, t\u00f4\u0309ng \u0111a\u0300i, h\u00ea\u0323 th\u00f4\u0301ng ma\u0323ng LAN, wifi.<\/li>\n<li>Di\u0323ch vu\u0323 l\u0103\u0301p \u0111\u0103\u0323t camera.<\/li>\n<li>Chu\u0301ng t\u00f4i cung c\u00e2\u0301p di\u0323ch vu\u0323 s\u01b0\u0309a ch\u01b0\u0303a ta\u0323i ch\u00f4\u0303, ta\u0323i nha\u0300, c\u00f4ng ty, v\u0103n pho\u0300ng, c\u01a1 quan \u0111\u00ea\u0309 ti\u00ea\u0301t ki\u00eam th\u01a1\u0300i gian v\u00e2\u0323n chuy\u00ea\u0309n,\u0111i la\u0323i la\u0300m vi\u00ea\u0323c cu\u0309a kha\u0301ch ha\u0300ng.<\/li>\n<\/ul>\n<ol start=\"4\">\n<li>Chi\u0301nh sa\u0301ch phu\u0323c vu\u0323 kha\u0301ch ha\u0300ng<\/li>\n<\/ol>\n<ul>\n<li>Chu\u0301ng t\u00f4i lu\u00f4n \u0111\u0103\u0323t c\u00f4ng vi\u00ea\u0323c cu\u0309a kha\u0301ch ha\u0300ng l\u00ean ha\u0300ng \u0111\u00e2\u0300u vi\u0300 c\u00f4ng vi\u00ea\u0323c cu\u0309a ho\u0323 cu\u0303ng chi\u0301nh la\u0300 c\u00f4ng vi\u00ea\u0323c cu\u0309a chu\u0301ng t\u00f4i. Chu\u0301ng t\u00f4i nh\u00e2\u0323n ra s\u01b0\u0301 m\u00ea\u0323nh cu\u0309a mi\u0300nh la\u0300 \u0111a\u0309m ba\u0309o c\u00f4ng vi\u00ea\u0323c cu\u0309a kha\u0301ch ha\u0300ng di\u00ea\u0303n ra tr\u00f4i cha\u0309y kh\u00f4ng bi\u0323 gia\u0301n \u0111oa\u0323n ch\u00e2\u0323m tr\u00ea\u0303 ho\u0103\u0323c pha\u0309i ta\u0323m d\u01b0\u0300ng, hoa\u0303n la\u0323i qua\u0301 l\u00e2u vi\u0300 ma\u0301y ti\u0301nh ho\u0309ng, m\u00e2\u0301t d\u01b0\u0303 li\u00ea\u0323u, kh\u00f4ng in \u0111\u01b0\u01a1\u0323c h\u01a1\u0323p \u0111\u00f4\u0300ng, ta\u0300i li\u00ea\u0323u. Nh\u01b0ng khi ma\u0301y ma\u0301y mo\u0301c bi\u0323 ho\u0309ng qua\u0301 n\u0103\u0323ng ho\u0103\u0323c c\u00e2\u0300n nhi\u00ea\u0300u th\u01a1\u0300i gian \u0111\u00ea\u0309 s\u01b0\u0309a ch\u01b0\u0303a kh\u00f4ng th\u00ea\u0309 kh\u0103\u0301c phu\u0323c ngay \u0111\u01b0\u01a1\u0323c pha\u0309i la\u0300m th\u00ea\u0301 na\u0300o?<\/li>\n<li>\u0110o\u0301 cu\u0303ng la\u0300 m\u00f4\u0323t kho\u0301 kh\u0103n, l\u00f4\u0303i lo l\u0103\u0301ng ma\u0300 ca\u0309 chu\u0301ng t\u00f4i l\u00e2\u0303n kha\u0301ch ha\u0300ng r\u00e2\u0301t hay g\u0103\u0323p pha\u0309i, no\u0301 la\u0300m cho chu\u0301ng t\u00f4i pha\u0309i suy nghi\u0303 va\u0300 \u0111\u01b0a ra chi\u0301nh sa\u0301ch h\u00f4\u0303 tr\u01a1\u0323 kha\u0301ch ha\u0300ng b\u0103\u0300ng ca\u0301ch cho kha\u0301ch ha\u0300ng m\u01b0\u01a1\u0323n ma\u0301y mo\u0301c, thi\u00ea\u0301t bi\u0323 \u0111\u00ea\u0309 c\u00f4ng vi\u00ea\u0323c v\u00e2\u0303n hoa\u0323t \u0111\u00f4\u0323ng bi\u0300nh th\u01b0\u01a1\u0300ng trong th\u01a1\u0300i gian ch\u01a1\u0300 ma\u0301y va\u0300 thi\u00ea\u0301t bi\u0323 ho\u0309ng s\u01b0\u0309a ch\u01b0\u0303a xong.<\/li>\n<li>T\u01b0 v\u00e2\u0301n thay th\u00ea\u0301, \u0111\u00f4\u0309i m\u01a1\u0301i thi\u00ea\u0301t bi\u0323 khi thi\u00ea\u0301t bi\u0323 cu\u0303 cu\u0309a kha\u0301ch ha\u0300ng kh\u00f4ng co\u0300n kha\u0309 n\u0103ng \u0111a\u0309m ba\u0309o c\u00f4ng vi\u00ea\u0323c m\u00f4\u0323t kha\u0301ch ti\u00ea\u0301t ki\u00ea\u0323m va\u0300 hi\u00ea\u0323u qua\u0309 nh\u00e2\u0301t.<\/li>\n<li>Cung c\u00e2\u0301p gia\u0309i pha\u0301p va\u0300 cho kha\u0301ch ha\u0300ng du\u0300ng th\u01b0\u0309 thi\u00ea\u0301t bi\u0323 mi\u00ea\u0303n phi\u0301<\/li>\n<li>H\u00f4\u0303 tr\u01a1\u0323 kha\u0301ch ha\u0300ng s\u01b0\u0309a ch\u01b0\u0303a ph\u00e2\u0300n m\u00ea\u0300m qua ma\u0323ng khi kha\u0301ch ha\u0300ng c\u00e2\u0300n qua\u0301 g\u00e2\u0301p ho\u0103\u0323c c\u00f4ng ty ca\u0301c ky\u0303 thu\u00e2\u0323t vi\u00ean \u0111\u00ea\u0300u \u0111ang b\u00e2\u0323n, h\u00f4\u0303 tr\u01a1\u0323 hoa\u0300n toa\u0300n mi\u00ea\u0303n phi\u0301.<\/li>\n<\/ul>\n<ol start=\"5\">\n<li>Danh sa\u0301ch ca\u0301c kha\u0301ch ha\u0300ng \u0111a\u0303 cho\u0323n chu\u0301ng t\u00f4i<\/li>\n<\/ol>\n<ul>\n<li>S\u01a1\u0309 K\u00ea\u0301 Hoa\u0323ch va\u0300 \u0110\u00e2\u0300u T\u01b0 ti\u0309nh Ha\u0309i D\u01b0\u01a1ng<\/li>\n<li>Li\u00ean \u0110oa\u0300n Lao \u0110\u00f4\u0323ng ti\u0309nh Ha\u0309i D\u01b0\u01a1ng<\/li>\n<li>S\u01a1\u0309 Ta\u0300i Nguy\u00ean va\u0300 M\u00f4i Tr\u01b0\u01a1\u0300ng<\/li>\n<li>S\u01a1\u0309 N\u00f4\u0323i Vu\u0323 ti\u0309nh Ha\u0309i D\u01b0\u01a1ng<\/li>\n<li>Ba\u0301o Ha\u0309i D\u01b0\u01a1ng<\/li>\n<li>C\u00f4ng ty C\u00f4\u0309 Ph\u00e2\u0300n X\u00e2y D\u01b0\u0323ng va\u0300 Pha\u0301t Tri\u00ea\u0309n Khu CN Cao Su Vi\u00ea\u0323t Nam(\u0110\u1ecba ch\u1ec9 12 Nguy\u00ea\u0303n An,Ph\u01b0\u01a1\u0300ng Ha\u0309i T\u00e2n Th\u00e0nh ph\u1ed1 H\u1ea3i D\u01b0\u01a1ng, H\u1ea3i D\u01b0\u01a1ng)<\/li>\n<\/ul>\n<p>\u00a0<\/p>\n<ul>\n<li>C\u00f4ng ty C\u00f4\u0309 Ph\u00e2\u0300n S\u01a1n Tha\u0300nh (\u0110\u1ecba ch\u1ec9 12 Nguy\u00ea\u0303n An,Ph\u01b0\u01a1\u0300ng Ha\u0309i T\u00e2n Th\u00e0nh ph\u1ed1 H\u1ea3i D\u01b0\u01a1ng, H\u1ea3i D\u01b0\u01a1ng)<\/li>\n<\/ul>\n<p>\u00a0<\/p>\n<ul>\n<li>C\u00f4ng ty Lu\u0323c X\u01b0\u01a1ng Vi\u00ea\u0323t Nam (\u0110\u1ecba ch\u1ec9:KCN \u0110\u1ea1i An, Th\u00e0nh ph\u1ed1 H\u1ea3i D\u01b0\u01a1ng, H\u1ea3i D\u01b0\u01a1ng)<\/li>\n<\/ul>\n<p>\u00a0<\/p>\n<ul>\n<li>C\u00f4ng ty MaTex Vi\u00ea\u0323t Nam(\u0110\u1ecba ch\u1ec9:KCN Phu\u0301c \u0110i\u00ea\u0300n, Th\u00e0nh ph\u1ed1 H\u1ea3i D\u01b0\u01a1ng, H\u1ea3i D\u01b0\u01a1ng)<\/li>\n<\/ul>\n<p>\u00a0<\/p>\n<ul>\n<li>C\u00f4ng ty IKKA Vi\u00ea\u0323t Nam (\u0110\u1ecba ch\u1ec9:KCN T\u00e2n Tr\u01b0\u01a1\u0300ng, Th\u00e0nh ph\u1ed1 H\u1ea3i D\u01b0\u01a1ng, H\u1ea3i D\u01b0\u01a1ng)<\/li>\n<\/ul>\n<p>\u00a0<\/p>\n<ul>\n<li>C\u00d4NG TY TNHH NAMAE VINA ELECTRONICS(\u0110\u1ecba ch\u1ec9:KCN \u0110\u1ea1i An, Th\u00e0nh ph\u1ed1 H\u1ea3i D\u01b0\u01a1ng, H\u1ea3i D\u01b0\u01a1ng)<\/li>\n<\/ul>\n<p>\u00a0<\/p>\n<ul>\n<li>C\u00f4ng ty C\u00f4\u0309 Ph\u00e2\u0300n Chi\u0301 t\u01b0\u01a1\u0300ng(\u0110\u1ecba ch\u1ec9: \u0110\u1ed9i 10, th\u00f4n \u0110\u1ee5n, X\u00e3 Nam H\u1ed3ng, Huy\u1ec7n Nam S\u00e1ch, T\u1ec9nh\u00a0<em><strong>H\u1ea3i D\u01b0\u01a1ng<\/strong><\/em>.)<\/li>\n<\/ul>\n<p>\u00a0<\/p>\n<ul>\n<li>Xi\u0301 Nghi\u00ea\u0323p Cao Su Hoa\u0300n C\u00e2\u0300u (Chi nh\u00e1nh H\u1ea3i D\u01b0\u01a1ng c\u00f3 \u0111\u1ecba ch\u1ec9 t\u1ea1i B\u1eafc \u0110\u01b0\u1eddng Nguy\u1ec5n L\u01b0\u01a1ng B\u1eb1ng &#8211; Th\u00e0nh ph\u1ed1 H\u1ea3i D\u01b0\u01a1ng &#8211; H\u1ea3i D\u01b0\u01a1ng)<\/li>\n<\/ul>\n<p>\u00a0<\/p>\n<ul>\n<li>VNPT Ha\u0309i D\u01b0\u01a1ng (\u0110i\u0323a chi\u0309: s\u00f4\u0301 1 \u0110a\u0323i L\u00f4\u0323 H\u00f4\u0300 Chi\u0301 Minh, TP Ha\u0309i D\u01b0\u01a1ng)<\/li>\n<\/ul>\n<p>\u00a0<\/p>\n<ul>\n<li>C\u00f4ng ty C\u00f4\u0309 Ph\u00e2\u0300n ch\u00ea\u0301 ta\u0323o B\u01a1m Ha\u0309i D\u01b0\u01a1ng (\u0110i\u0323a chi\u0309: s\u00f4\u0301 1 \u0110a\u0323i L\u00f4\u0323 H\u00f4\u0300 Chi\u0301 Minh, TP Ha\u0309i D\u01b0\u01a1ng)<\/li>\n<li>C\u00f4ng ty C\u00f4\u0309 Ph\u00e2\u0300n X\u00e2y D\u01b0\u0323ng Va\u0300 Kinh Doanh Nha\u0300(\u0110i\u0323a chi\u0309: 12 Nguy\u00ea\u0303n<\/li>\n<\/ul>\n<p>Du) \u2026..<\/p>\n<p>\u00a0<\/p>","protected":false},"excerpt":{"rendered":"<p>\u00a0 Gi\u01a1\u0301i thi\u00ea\u0323u v\u00ea\u0300 c\u00f4ng ty: C\u00d4NG TY TNHH M\u00f4\u0323t Tha\u0300nh Vi\u00ean THA\u0300NH PHA\u0301T PC MST: 0800975118 \u0110i\u0323a chi\u0309: s\u00f4\u0301 350 \u0110i\u00ea\u0323n Bi\u00ean Phu\u0309, Ph\u01b0\u01a1\u0300ng Bi\u0300nh Ha\u0300n, TP Ha\u0309i D\u01b0\u01a1ng. \u0110i\u0323a chi\u0309 giao di\u0323ch: S\u00f4\u0301 5 Nguy\u00ea\u0303n Thi\u0323 Du\u00ea\u0323, Ph\u01b0\u01a1\u0300ng Thanh Bi\u0300nh, TP Ha\u0309i D\u01b0\u01a1ng Hotline: 0934. 335.792, Email: thanhphathdc@gmail.com Ta\u0300i khoa\u0309n Ng\u00e2n Ha\u0300ng: T\u00ean &#8230;<\/p>","protected":false},"author":6,"featured_media":0,"parent":0,"menu_order":0,"comment_status":"closed","ping_status":"closed","template":"","meta":{"_acf_changed":false,"footnotes":""},"class_list":["post-3455","page","type-page","status-publish","hentry"],"acf":[],"yoast_head":"<!-- This site is optimized with the Yoast SEO plugin v23.8 - https:\/\/yoast.com\/wordpress\/plugins\/seo\/ -->\n<title>Th\u01b0\u01a1ng hi\u1ec7u thanhphatpc - ThanhPhat PC<\/title>\n<meta name=\"robots\" content=\"index, follow, max-snippet:-1, max-image-preview:large, max-video-preview:-1\" \/>\n<link rel=\"canonical\" href=\"https:\/\/thanhphatpc.com\/en\/thuong-hieu-thanhphatpc\/\" \/>\n<meta property=\"og:locale\" content=\"en_US\" \/>\n<meta property=\"og:type\" content=\"article\" \/>\n<meta property=\"og:title\" content=\"Th\u01b0\u01a1ng hi\u1ec7u thanhphatpc - ThanhPhat PC\" \/>\n<meta property=\"og:description\" content=\"\u00a0 Gi\u01a1\u0301i thi\u00ea\u0323u v\u00ea\u0300 c\u00f4ng ty: C\u00d4NG TY TNHH M\u00f4\u0323t Tha\u0300nh Vi\u00ean THA\u0300NH PHA\u0301T PC MST: 0800975118 \u0110i\u0323a chi\u0309: s\u00f4\u0301 350 \u0110i\u00ea\u0323n Bi\u00ean Phu\u0309, Ph\u01b0\u01a1\u0300ng Bi\u0300nh Ha\u0300n, TP Ha\u0309i D\u01b0\u01a1ng. \u0110i\u0323a chi\u0309 giao di\u0323ch: S\u00f4\u0301 5 Nguy\u00ea\u0303n Thi\u0323 Du\u00ea\u0323, Ph\u01b0\u01a1\u0300ng Thanh Bi\u0300nh, TP Ha\u0309i D\u01b0\u01a1ng Hotline: 0934. 335.792, Email: thanhphathdc@gmail.com Ta\u0300i khoa\u0309n Ng\u00e2n Ha\u0300ng: T\u00ean ...\" \/>\n<meta property=\"og:url\" content=\"https:\/\/thanhphatpc.com\/en\/thuong-hieu-thanhphatpc\/\" \/>\n<meta property=\"og:site_name\" content=\"ThanhPhat PC\" \/>\n<meta property=\"article:modified_time\" content=\"2019-09-24T01:06:17+00:00\" \/>\n<meta name=\"twitter:card\" content=\"summary_large_image\" \/>\n<meta name=\"twitter:label1\" content=\"Est. reading time\" \/>\n\t<meta name=\"twitter:data1\" content=\"7 minutes\" \/>\n<script type=\"application\/ld+json\" class=\"yoast-schema-graph\">{\"@context\":\"https:\/\/schema.org\",\"@graph\":[{\"@type\":\"WebPage\",\"@id\":\"https:\/\/thanhphatpc.com\/thuong-hieu-thanhphatpc\/\",\"url\":\"https:\/\/thanhphatpc.com\/thuong-hieu-thanhphatpc\/\",\"name\":\"Th\u01b0\u01a1ng hi\u1ec7u thanhphatpc - ThanhPhat PC\",\"isPartOf\":{\"@id\":\"https:\/\/thanhphatpc.com\/#website\"},\"datePublished\":\"2019-09-24T01:05:18+00:00\",\"dateModified\":\"2019-09-24T01:06:17+00:00\",\"breadcrumb\":{\"@id\":\"https:\/\/thanhphatpc.com\/thuong-hieu-thanhphatpc\/#breadcrumb\"},\"inLanguage\":\"en-US\",\"potentialAction\":[{\"@type\":\"ReadAction\",\"target\":[\"https:\/\/thanhphatpc.com\/thuong-hieu-thanhphatpc\/\"]}]},{\"@type\":\"BreadcrumbList\",\"@id\":\"https:\/\/thanhphatpc.com\/thuong-hieu-thanhphatpc\/#breadcrumb\",\"itemListElement\":[{\"@type\":\"ListItem\",\"position\":1,\"name\":\"Trang ch\u1ee7\",\"item\":\"https:\/\/thanhphatpc.com\/\"},{\"@type\":\"ListItem\",\"position\":2,\"name\":\"Th\u01b0\u01a1ng hi\u1ec7u thanhphatpc\"}]},{\"@type\":\"WebSite\",\"@id\":\"https:\/\/thanhphatpc.com\/#website\",\"url\":\"https:\/\/thanhphatpc.com\/\",\"name\":\"ThanhPhat PC\",\"description\":\"D\u1ecbch v\u1ee5 ho\u00e0n h\u1ea3o\",\"potentialAction\":[{\"@type\":\"SearchAction\",\"target\":{\"@type\":\"EntryPoint\",\"urlTemplate\":\"https:\/\/thanhphatpc.com\/?s={search_term_string}\"},\"query-input\":{\"@type\":\"PropertyValueSpecification\",\"valueRequired\":true,\"valueName\":\"search_term_string\"}}],\"inLanguage\":\"en-US\"}]}<\/script>\n<!-- \/ Yoast SEO plugin. -->","yoast_head_json":{"title":"Th\u01b0\u01a1ng hi\u1ec7u thanhphatpc - ThanhPhat PC","robots":{"index":"index","follow":"follow","max-snippet":"max-snippet:-1","max-image-preview":"max-image-preview:large","max-video-preview":"max-video-preview:-1"},"canonical":"https:\/\/thanhphatpc.com\/en\/thuong-hieu-thanhphatpc\/","og_locale":"en_US","og_type":"article","og_title":"Th\u01b0\u01a1ng hi\u1ec7u thanhphatpc - ThanhPhat PC","og_description":"\u00a0 Gi\u01a1\u0301i thi\u00ea\u0323u v\u00ea\u0300 c\u00f4ng ty: C\u00d4NG TY TNHH M\u00f4\u0323t Tha\u0300nh Vi\u00ean THA\u0300NH PHA\u0301T PC MST: 0800975118 \u0110i\u0323a chi\u0309: s\u00f4\u0301 350 \u0110i\u00ea\u0323n Bi\u00ean Phu\u0309, Ph\u01b0\u01a1\u0300ng Bi\u0300nh Ha\u0300n, TP Ha\u0309i D\u01b0\u01a1ng. \u0110i\u0323a chi\u0309 giao di\u0323ch: S\u00f4\u0301 5 Nguy\u00ea\u0303n Thi\u0323 Du\u00ea\u0323, Ph\u01b0\u01a1\u0300ng Thanh Bi\u0300nh, TP Ha\u0309i D\u01b0\u01a1ng Hotline: 0934. 335.792, Email: thanhphathdc@gmail.com Ta\u0300i khoa\u0309n Ng\u00e2n Ha\u0300ng: T\u00ean ...","og_url":"https:\/\/thanhphatpc.com\/en\/thuong-hieu-thanhphatpc\/","og_site_name":"ThanhPhat PC","article_modified_time":"2019-09-24T01:06:17+00:00","twitter_card":"summary_large_image","twitter_misc":{"Est. reading time":"7 minutes"},"schema":{"@context":"https:\/\/schema.org","@graph":[{"@type":"WebPage","@id":"https:\/\/thanhphatpc.com\/thuong-hieu-thanhphatpc\/","url":"https:\/\/thanhphatpc.com\/thuong-hieu-thanhphatpc\/","name":"Th\u01b0\u01a1ng hi\u1ec7u thanhphatpc - ThanhPhat PC","isPartOf":{"@id":"https:\/\/thanhphatpc.com\/#website"},"datePublished":"2019-09-24T01:05:18+00:00","dateModified":"2019-09-24T01:06:17+00:00","breadcrumb":{"@id":"https:\/\/thanhphatpc.com\/thuong-hieu-thanhphatpc\/#breadcrumb"},"inLanguage":"en-US","potentialAction":[{"@type":"ReadAction","target":["https:\/\/thanhphatpc.com\/thuong-hieu-thanhphatpc\/"]}]},{"@type":"BreadcrumbList","@id":"https:\/\/thanhphatpc.com\/thuong-hieu-thanhphatpc\/#breadcrumb","itemListElement":[{"@type":"ListItem","position":1,"name":"Trang ch\u1ee7","item":"https:\/\/thanhphatpc.com\/"},{"@type":"ListItem","position":2,"name":"Th\u01b0\u01a1ng hi\u1ec7u thanhphatpc"}]},{"@type":"WebSite","@id":"https:\/\/thanhphatpc.com\/#website","url":"https:\/\/thanhphatpc.com\/","name":"ThanhPhat PC","description":"D\u1ecbch v\u1ee5 ho\u00e0n h\u1ea3o","potentialAction":[{"@type":"SearchAction","target":{"@type":"EntryPoint","urlTemplate":"https:\/\/thanhphatpc.com\/?s={search_term_string}"},"query-input":{"@type":"PropertyValueSpecification","valueRequired":true,"valueName":"search_term_string"}}],"inLanguage":"en-US"}]}},"_links":{"self":[{"href":"https:\/\/thanhphatpc.com\/en\/wp-json\/wp\/v2\/pages\/3455","targetHints":{"allow":["GET"]}}],"collection":[{"href":"https:\/\/thanhphatpc.com\/en\/wp-json\/wp\/v2\/pages"}],"about":[{"href":"https:\/\/thanhphatpc.com\/en\/wp-json\/wp\/v2\/types\/page"}],"author":[{"embeddable":true,"href":"https:\/\/thanhphatpc.com\/en\/wp-json\/wp\/v2\/users\/6"}],"replies":[{"embeddable":true,"href":"https:\/\/thanhphatpc.com\/en\/wp-json\/wp\/v2\/comments?post=3455"}],"version-history":[{"count":2,"href":"https:\/\/thanhphatpc.com\/en\/wp-json\/wp\/v2\/pages\/3455\/revisions"}],"predecessor-version":[{"id":3457,"href":"https:\/\/thanhphatpc.com\/en\/wp-json\/wp\/v2\/pages\/3455\/revisions\/3457"}],"wp:attachment":[{"href":"https:\/\/thanhphatpc.com\/en\/wp-json\/wp\/v2\/media?parent=3455"}],"curies":[{"name":"wp","href":"https:\/\/api.w.org\/{rel}","templated":true}]}}