{"id":4110,"date":"2020-11-16T08:32:58","date_gmt":"2020-11-16T01:32:58","guid":{"rendered":"https:\/\/thanhphatpc.com\/?page_id=4110"},"modified":"2020-11-16T08:32:58","modified_gmt":"2020-11-16T01:32:58","slug":"cho-thue-may-photo-tai-hai-duong","status":"publish","type":"page","link":"https:\/\/thanhphatpc.com\/en\/cho-thue-may-photo-tai-hai-duong\/","title":{"rendered":"Cho Thu\u00ea M\u00e1y Photo t\u1ea1i H\u1ea3i D\u01b0\u01a1ng"},"content":{"rendered":"<p>Cho thu\u00ea m\u00e1y photocopy\u00a0t\u1ea1i\u00a0H\u1ea3i D\u01b0\u01a1ng. \u2705Cho thu\u00ea m\u00e1y photocopy t\u1ea1i c\u00e1c khu c\u00f4ng nghi\u1ec7p (KCN) H\u1ea3i D\u01b0\u01a1ng\u2705 uy t\u00edn,\u2705 ch\u1ea5t l\u01b0\u1ee3ng. H\u1ea3i D\u01b0\u01a1ng l\u00e0 m\u1ed9t t\u1ec9nh thu\u1ed9c \u0111\u1ed3ng b\u1eb1ng ph\u00eda B\u1eafc v\u1edbi nhi\u1ec1u Khu c\u00f4ng nghi\u1ec7p. \u2705 \u0110\u1ec3 gi\u1ea3i quy\u1ebft c\u00f4ng vi\u1ec7c v\u0103n ph\u00f2ng t\u1ea1i c\u00e1c khu c\u00f4ng nghi\u1ec7p (KCN) \u2013 Khu ch\u1ebf xu\u1ea5t \u1edf H\u1ea3i D\u01b0\u01a1ng\u00a0 nh\u01b0\u00a0 c\u00e1c\u00a0KCN \u0110\u1ea1i An, KCN Ph\u00fac \u0110i\u1ec1n, KCN T\u00e2n Tr\u01b0\u1eddng, KCN Nam S\u00e1ch, KCN Ch\u00ed Linh, KCN Vi\u1ec7t H\u00f2a\u2026V\u1edbi c\u00e1c khu c\u00f4ng nghi\u1ec7p, c\u00e1c v\u0103n ph\u00f2ng th\u01b0\u1eddng d\u00f9ng c\u00e1c m\u00e1y photo c\u00f4ng su\u1ea5t l\u1edbn.\u00a0B\u1ea1n \u0111ang t\u00ecm ki\u1ebfm m\u1ed9t chi\u1ebfc m\u00e1y photocopy cho doanh nghi\u1ec7p l\u1edbn t\u1ea1i c\u00e1c khu c\u00f4ng nghi\u1ec7p ho\u1eb7c thu\u00ea cho nhi\u1ec1u ph\u00f2ng ban. H\u00e3y \u0111\u1ebfn v\u1edbi\u00a0Th\u00e0nh Ph\u00e1t, v\u1edbi d\u1ecbch v\u1ee5 cho thu\u00ea m\u00e1y photocopy c\u1ee7a ch\u00fang t\u00f4i, m\u1ecdi v\u1ea5n \u0111\u1ec1 c\u1ee7a b\u1ea1n s\u1ebd \u0111\u01b0\u1ee3c gi\u1ea3i quy\u1ebft nhanh ch\u00f3ng. Sau \u0111\u00e2y l\u00e0 nh\u1eefng l\u00ed do b\u1ea1n n\u00ean ch\u1ecdn Th\u00e0nh Ph\u00e1t\u00a0 l\u00e0m gi\u1ea3i ph\u00e1p cho v\u0103n ph\u00f2ng c\u1ee7a b\u1ea1n:<\/p>\n<h2>Th\u00e0nh ph\u00e1t c\u00f3 xe v\u1eadn chuy\u1ec3n cho thu\u00ea m\u00e1y photocopy t\u1ea1i H\u1ea3i D\u01b0\u01a1ng<\/h2>\n<div>Th\u00e0nh Ph\u00e1t PC c\u00f3 xe v\u1eadn chuy\u1ec3n cho thu\u00ea m\u00e1y photocopy t\u1ea1i H\u1ea3i D\u01b0\u01a1ng. D\u1ecbch v\u1ee5 cho thu\u00ea m\u00e1y photocopy c\u1ee7a Th\u00e0nh Ph\u00e1t\u00a0 \u0111\u01b0\u1ee3c xem l\u00e0 gi\u1ea3i ph\u00e1p to\u00e0n di\u1ec7n,\u00a0 ti\u1ebft ki\u1ec7m d\u00e0nh cho doanh nghi\u1ec7p c\u1ee7a b\u1ea1n hay c\u00e1c c\u01a1 quan, t\u1ed5 ch\u1ee9c, c\u00f4ng ty li\u00ean doanh, hay c\u00f4ng ty n\u01b0\u1edbc ngo\u00e0i \u0111ang \u0111\u1ea7u t\u01b0 t\u1ea1i c\u00e1c KCN.<\/div>\n<div>\n<div>Ch\u00fang t\u00f4i t\u1eadp trung v\u00e0o 2 d\u00f2ng m\u00e1y t\u1ed1t nh\u1ea5t l\u00e0\u00a0Fuji xeror\u00a0v\u00e0\u00a0RICOH\u00a0.V\u1edbi \u0111\u1ed9i ng\u0169 k\u1ef9 thu\u1eadt vi\u00ean c\u00f3 tr\u00ecnh \u0111\u1ed9 chuy\u00ean m\u00f4n cao, nhi\u1ec1u n\u0103m kinh nghi\u1ec7m trong l\u0129nh v\u1ef1c mua b\u00e1n v\u00e0 cho thu\u00ea m\u00e1y photocopy s\u1ebd gi\u00fap l\u00e0m h\u00e0i l\u00f2ng m\u1ecdi qu\u00fd kh\u00e1ch h\u00e0ng, ngay c\u1ea3 nh\u1eefng kh\u00e1ch h\u00e0ng kh\u00f3 t\u00ednh ngay t\u1eeb l\u1ea7n s\u1eed d\u1ee5ng \u0111\u1ea7u ti\u00ean.<\/div>\n<div><\/div>\n<div>Ch\u00fang t\u00f4i s\u1ebd h\u01b0\u1edbng d\u1eabn t\u1eadn t\u00ecnh, gi\u00fap cho vi\u1ec7c qu\u1ea3n l\u00fd m\u00e1y photocopy c\u1ee7a qu\u00fd kh\u00e1ch tr\u1edf n\u00ean d\u1ec5 d\u00e0ng h\u01a1n, hi\u1ec7u qu\u1ea3 h\u01a1n c\u0169ng nh\u01b0 kh\u00f4ng ph\u1ea3i m\u1ea5t nhi\u1ec1u th\u1eddi gian trong vi\u1ec7c b\u1ea3o h\u00e0nh m\u00e1y. V\u00ec nh\u1eafc \u0111\u1ebfn b\u1ea3o h\u00e0nh \u0111a s\u1ed1 kh\u00e1ch h\u00e0ng lu\u00f4n r\u1ea5t e ng\u1ea1i do \u0111\u00f4i khi ph\u00ed b\u1ea3o h\u00e0nh c\u00f2n cao h\u01a1n c\u1ea3 chi ph\u00ed thu\u00ea m\u1ed9t chi\u1ebfc m\u00e1y nh\u01b0ng v\u1edbi d\u1ecbch v\u1ee5 ti\u1ec7n \u00edch thu\u00ea m\u00e1y photocopy c\u1ee7a ch\u00fang t\u00f4i b\u1ea1n s\u1ebd kh\u00f4ng c\u1ea7n lo ng\u1ea1i v\u1ec1 chi ph\u00ed b\u1ea3o h\u00e0nh n\u1eefa.<\/div>\n<\/div>\n<h2><span id=\"Uu_diem_dich_vu_cho_thue_may_photo_cua_Thanh_Binh\" class=\"ez-toc-section\"><span id=\"Uu_diem_dich_vu_cho_thue_may_photocopy_cua_chung_toi\" class=\"ez-toc-section\">\u01afu \u0111i\u1ec3m d\u1ecbch v\u1ee5 cho thu\u00ea m\u00e1y photocopy c\u1ee7a Th\u00e0nh Ph\u00e1t:<\/span><\/span><\/h2>\n<div>Gi\u00e1 c\u1ea3 t\u00ednh th\u00eam cho \u0111\u01a1n v\u1ecb gi\u1ea5y gia t\u0103ng th\u1ea5p nh\u1ea5t th\u1ecb tr\u01b0\u1eddng. H\u01a1n n\u1eefa, d\u1ecbch v\u1ee5 cho thu\u00ea m\u00e1y photo c\u1ee7a Th\u00e0nh Ph\u00e1t\u00a0 c\u00f2n \u0111\u1ea3m b\u1ea3o b\u1ea3o tr\u00ec m\u00e1y th\u01b0\u1eddng xuy\u00ean cho qu\u00fd kh\u00e1ch h\u00e0ng, s\u1eeda ch\u1eefa nh\u1eefng thi\u1ebft b\u1ecb linh ki\u1ec7n cho kh\u00e1ch h\u00e0ng ho\u00e0n to\u00e0n mi\u1ec5n ph\u00ed. \u0110i\u1ec1u \u0111\u1eb7c bi\u1ec7t \u1edf \u0111\u00e2y l\u00e0 c\u00e1c chi ph\u00ed v\u1ec7 sinh, b\u1ea3o d\u01b0\u1ee1ng hay th\u1eadm ch\u00ed thay th\u1ebf \u0111\u1ecbnh k\u1ef3 c\u00e1c linh ki\u1ec7n trong m\u00e1y photocopy nh\u01b0: Drum (tr\u1ed1ng l\u1ea5y h\u00ecnh), g\u1ea1t m\u1ef1c, b\u1ed9t t\u1eeb, tr\u1ee5c s\u1ea5y, b\u1ed9 ph\u1eadn n\u1ea1p gi\u1ea5y,\u2026\u0111\u00e3 \u0111\u01b0\u1ee3c t\u00ednh v\u00e0o gi\u00e1 th\u00e0nh m\u1ed9t b\u1ea3n ch\u1ee5p, theo ph\u01b0\u01a1ng ph\u00e1p t\u00ednh to\u00e1n c\u1ee7a nh\u00e0 s\u1ea3n xu\u1ea5t.<\/div>\n<div>\n<div>Khi qu\u00fd kh\u00e1ch thu\u00ea m\u00e1y photocopy c\u1ee7a Th\u00e0nh Ph\u00e1t , c\u00f4ng ty ch\u00fang t\u00f4i s\u1ebd c\u1eed nh\u00e2n vi\u00ean \u0111\u1ebfn doanh nghi\u1ec7p c\u1ee7a b\u1ea1n \u0111\u1ec3 b\u1ea3o tr\u00ec h\u00e0ng th\u00e1ng, gi\u00fap \u0111\u1ea3m b\u1ea3o m\u00e1y lu\u00f4n ho\u1ea1t \u0111\u1ed9ng trong t\u00ecnh tr\u1ea1ng \u1ed5n \u0111\u1ecbnh, ch\u1ea5t l\u01b0\u1ee3ng sao ch\u1ee5p cao, gi\u1ea3m thi\u1ec3u r\u1ee7i ro g\u00e2y c\u1ea3n tr\u1edf trong qu\u00e1 tr\u00ecnh s\u1eed d\u1ee5ng. \u0110\u1eb7c bi\u1ec7t, n\u1ebfu qu\u00e1 tr\u00ecnh s\u1eeda ch\u1eefa k\u00e9o d\u00e0i \u0111\u1ec3 kh\u00f4ng l\u00e0m gi\u00e1n \u0111o\u1ea1n c\u00f4ng vi\u1ec7c c\u1ee7a kh\u00e1ch h\u00e0ng, ch\u00fang t\u00f4i s\u1ebd cung c\u1ea5p m\u00e1y photocopy kh\u00e1c cho qu\u00fd kh\u00e1ch.<\/div>\n<div><img loading=\"lazy\" decoding=\"async\" class=\"aligncenter wp-image-4111 size-full\" src=\"https:\/\/thanhphatpc.com\/wp-content\/uploads\/2020\/11\/MAY-PHOTO.jpg\" alt=\"\" width=\"2667\" height=\"1500\" \/><\/div>\n<div>\n<h2><span id=\"Gia_thue_may_photo_tai_Hai_Duong_(lien_he_truc_tiep_de_co_gia_update)\" class=\"ez-toc-section\"><\/span><span id=\"_BANG_GIA_THUE_MAY_PHOTOCOPY\" class=\"ez-toc-section\">Gi\u00e1 thu\u00ea m\u00e1y photo t\u1ea1i H\u1ea3i D\u01b0\u01a1ng (li\u00ean h\u1ec7 tr\u1ef1c ti\u1ebfp \u0111\u1ec3 c\u00f3 gi\u00e1 update)<\/span><\/h2>\n<h4>M\u00e1y Photocopy Xerox Workcentre 5335<\/h4>\n<ul>\n<li>V\u1edbi c\u00e1c ch\u1ee9c n\u0103ng photo copy, in, scan m\u00e0u A3, A4, t\u1ed1c \u0111\u1ed9 in 35 trang\/ph\u00fat \u0111\u00e1p \u1ee9ng cho t\u1ea5t c\u1ea3 c\u00e1c v\u0103n ph\u00f2ng l\u00e0m vi\u1ec7c v\u1edbi nhu c\u1ea7u in \u1ea5n, copy t\u1eeb 5000 b\u1ea3n \u0111\u1ebfn 10.000 b\u1ea3n in m\u1ed7i th\u00e1ng.<\/li>\n<li>M\u00e1y ch\u1ea1y \u00eam v\u00e0 \u1ed5n \u0111\u1ecbnh nh\u1ea5t trong c\u00e1c d\u00f2ng m\u00e1y photo c\u00f9ng ph\u00e2n kh\u00fac, t\u00ednh \u1ed5n \u0111\u1ecbnh cao kh\u00f4ng hay x\u1ea3y ra l\u1ed7i v\u1eb7t, y\u00ean t\u00e2m cho ng\u01b0\u1eddi s\u1eed d\u1ee5ng.<\/li>\n<li>Giao di\u1ec7n th\u00e2n thi\u1ec7n d\u1ec5 d\u00f9ng cho ng\u01b0\u1eddi s\u1eed d\u1ee5ng<\/li>\n<li>Khi kh\u00e1ch h\u00e0ng thu\u00ea m\u00e1y c\u1ee7a b\u00ean Th\u00e0nh Ph\u00e1t PC s\u1ebd \u0111\u01b0\u1ee3c k\u00e8m theo 1 b\u1ed9 m\u1ef1c v\u00e0 1 b\u1ed9 tr\u1ed1ng \u0111i k\u00e8m \u0111\u1ec3 thay lu\u00f4n khi m\u00e1y x\u1ea3y ra v\u1ea5n \u0111\u1ec1 trong l\u00fac ch\u1edd k\u1ef9 thu\u1eadt vi\u00ean c\u1ee7a ch\u00fang t\u00f4i \u0111\u1ebfn x\u1eed l\u00fd, kh\u00f4ng l\u00e0m gi\u00e1n \u0111o\u1ea1n c\u00f4ng vi\u1ec7c c\u1ee7a qu\u00fd kh\u00e1ch h\u00e0ng, c\u00e1ch thay th\u1ebf r\u1ea5t d\u1ec5 d\u00e0ng kh\u00e1ch h\u00e0ng c\u00f3 th\u1ec3 t\u1ef1 c\u1eafm v\u00e0o dung \u0111\u01b0\u1ee3c ngay kh\u00f4ng c\u1ea7n c\u00e0i \u0111\u1eb7t g\u00ec.<\/li>\n<li>Th\u00e0nh ph\u00e1t c\u00f3 c\u00e1c m\u1ee9c gi\u00e1 cho c\u00e1c m\u1ee9c s\u1eed d\u1ee5ng c\u1ee7a qu\u00fd kh\u00e1ch h\u00e0ng t\u1eeb 1-2tr v\u1edbi m\u1ee9c s\u1eed d\u1ee5ng t\u1eeb 3000 \u0111\u1ebfn 10.000 b\u1ea3n in.<\/li>\n<li>Khi thu\u00ea m\u00e1y c\u1ee7a c\u00f4ng ty Th\u00e0nh Ph\u00e1t PC, kh\u00e1ch h\u00e0ng kh\u00f4ng ph\u1ea3i lo m\u00e1y h\u1ebft m\u1ef1c hay h\u1ecfng v\u1eadt t\u01b0, ch\u1ec9 c\u1ea7n mang v\u1ec1 v\u00e0 s\u1eed d\u1ee5ng t\u1ea5t c\u1ea3 c\u00e1c v\u1ea5n \u0111\u1ec1 kh\u00e1c ch\u00fang t\u00f4i lo h\u1ebft.<\/li>\n<\/ul>\n<table>\n<tbody>\n<tr>\n<td width=\"149\">&#8211;\u00a0\u00a0\u00a0\u00a0\u00a0\u00a0\u00a0\u00a0\u00a0\u00a0\u00a0\u00a0\u00a0\u00a0\u00a0\u00a0\u00a0\u00a0\u00a0\u00a0 G\u00f3i 1<\/td>\n<td width=\"146\">3000 b\u1ea3n in<\/td>\n<td width=\"153\">&#8211;\u00a0\u00a0\u00a0\u00a0\u00a0\u00a0\u00a0\u00a0\u00a0\u00a0\u00a0\u00a0\u00a0\u00a0\u00a0\u00a0\u00a0\u00a0\u00a0\u00a0 990.000<\/td>\n<\/tr>\n<tr>\n<td width=\"149\">&#8211;\u00a0\u00a0\u00a0\u00a0\u00a0\u00a0\u00a0\u00a0\u00a0\u00a0\u00a0\u00a0\u00a0\u00a0\u00a0\u00a0\u00a0\u00a0\u00a0\u00a0 G\u00f3i 2<\/td>\n<td width=\"146\">5000 b\u1ea3n in<\/td>\n<td width=\"153\">&#8211;\u00a0\u00a0\u00a0\u00a0\u00a0\u00a0\u00a0\u00a0\u00a0\u00a0\u00a0\u00a0\u00a0\u00a0\u00a0\u00a0\u00a0\u00a0\u00a0\u00a0 1.500.000<\/td>\n<\/tr>\n<tr>\n<td width=\"149\">&#8211;\u00a0\u00a0\u00a0\u00a0\u00a0\u00a0\u00a0\u00a0\u00a0\u00a0\u00a0\u00a0\u00a0\u00a0\u00a0\u00a0\u00a0\u00a0\u00a0\u00a0 G\u00f3i 3<\/td>\n<td width=\"146\">10.000 b\u1ea3n in<\/td>\n<td width=\"153\">&#8211;\u00a0\u00a0\u00a0\u00a0\u00a0\u00a0\u00a0\u00a0\u00a0\u00a0\u00a0\u00a0\u00a0\u00a0\u00a0\u00a0\u00a0\u00a0\u00a0\u00a0 2.000.000<\/td>\n<\/tr>\n<tr>\n<td width=\"149\">&#8211;\u00a0\u00a0\u00a0\u00a0\u00a0\u00a0\u00a0\u00a0\u00a0\u00a0\u00a0\u00a0\u00a0\u00a0\u00a0\u00a0\u00a0\u00a0\u00a0\u00a0 G\u00f3i 4<\/td>\n<td width=\"146\">20.000 b\u1ea3n in<\/td>\n<td width=\"153\">&#8211;\u00a0\u00a0\u00a0\u00a0\u00a0\u00a0\u00a0\u00a0\u00a0\u00a0\u00a0\u00a0\u00a0\u00a0\u00a0\u00a0\u00a0\u00a0\u00a0\u00a0 2.500.000<\/td>\n<\/tr>\n<\/tbody>\n<\/table>\n<p>&nbsp;<\/p>\n<ul>\n<li>V\u1eadn chuy\u1ec3n mi\u1ec5n ph\u00ed trong \u0111\u1ecba b\u00e0n t\u1ec9nh h\u1ea3i d\u01b0\u01a1ng.<\/li>\n<\/ul>\n<\/div>\n<\/div>","protected":false},"excerpt":{"rendered":"<p>Cho thu\u00ea m\u00e1y photocopy\u00a0t\u1ea1i\u00a0H\u1ea3i D\u01b0\u01a1ng. \u2705Cho thu\u00ea m\u00e1y photocopy t\u1ea1i c\u00e1c khu c\u00f4ng nghi\u1ec7p (KCN) H\u1ea3i D\u01b0\u01a1ng\u2705 uy t\u00edn,\u2705 ch\u1ea5t l\u01b0\u1ee3ng. H\u1ea3i D\u01b0\u01a1ng l\u00e0 m\u1ed9t t\u1ec9nh thu\u1ed9c \u0111\u1ed3ng b\u1eb1ng ph\u00eda B\u1eafc v\u1edbi nhi\u1ec1u Khu c\u00f4ng nghi\u1ec7p. \u2705 \u0110\u1ec3 gi\u1ea3i quy\u1ebft c\u00f4ng vi\u1ec7c v\u0103n ph\u00f2ng t\u1ea1i c\u00e1c khu c\u00f4ng nghi\u1ec7p (KCN) \u2013 Khu ch\u1ebf xu\u1ea5t \u1edf &#8230;<\/p>","protected":false},"author":6,"featured_media":4105,"parent":0,"menu_order":0,"comment_status":"closed","ping_status":"closed","template":"","meta":{"_acf_changed":false,"footnotes":""},"class_list":["post-4110","page","type-page","status-publish","has-post-thumbnail","hentry"],"acf":[],"yoast_head":"<!-- This site is optimized with the Yoast SEO plugin v23.8 - https:\/\/yoast.com\/wordpress\/plugins\/seo\/ -->\n<title>Cho Thu\u00ea M\u00e1y Photo t\u1ea1i H\u1ea3i D\u01b0\u01a1ng - ThanhPhat PC<\/title>\n<meta name=\"description\" content=\"Cho thu\u00ea m\u00e1y photo t\u1ea1i h\u1ea3i d\u01b0\u01a1ng uy tin ch\u1ea5t l\u01b0\u1ee3ng | Cho thu\u00ea m\u00e1y photocopy t\u1ea1i H\u1ea3i D\u01b0\u01a1ng ch\u1ea5t l\u01b0\u1ee3ng, \u0111\u1ea3m b\u1ea3o, uy t\u00edn, b\u1ea3o h\u00e0nh t\u1eadn t\u00e2m.\" \/>\n<meta name=\"robots\" content=\"index, follow, max-snippet:-1, max-image-preview:large, max-video-preview:-1\" \/>\n<link rel=\"canonical\" href=\"https:\/\/thanhphatpc.com\/en\/cho-thue-may-photo-tai-hai-duong\/\" \/>\n<meta property=\"og:locale\" content=\"en_US\" \/>\n<meta property=\"og:type\" content=\"article\" \/>\n<meta property=\"og:title\" content=\"Cho Thu\u00ea M\u00e1y Photo t\u1ea1i H\u1ea3i D\u01b0\u01a1ng - ThanhPhat PC\" \/>\n<meta property=\"og:description\" content=\"Cho thu\u00ea m\u00e1y photo t\u1ea1i h\u1ea3i d\u01b0\u01a1ng uy tin ch\u1ea5t l\u01b0\u1ee3ng | Cho thu\u00ea m\u00e1y photocopy t\u1ea1i H\u1ea3i D\u01b0\u01a1ng ch\u1ea5t l\u01b0\u1ee3ng, \u0111\u1ea3m b\u1ea3o, uy t\u00edn, b\u1ea3o h\u00e0nh t\u1eadn t\u00e2m.\" \/>\n<meta property=\"og:url\" content=\"https:\/\/thanhphatpc.com\/en\/cho-thue-may-photo-tai-hai-duong\/\" \/>\n<meta property=\"og:site_name\" content=\"ThanhPhat PC\" \/>\n<meta property=\"og:image\" content=\"https:\/\/thanhphatpc.com\/wp-content\/uploads\/2020\/08\/thuemay-photocopy1-copy-300x288-1.jpg\" \/>\n\t<meta property=\"og:image:width\" content=\"300\" \/>\n\t<meta property=\"og:image:height\" content=\"288\" \/>\n\t<meta property=\"og:image:type\" content=\"image\/jpeg\" \/>\n<meta name=\"twitter:card\" content=\"summary_large_image\" \/>\n<meta name=\"twitter:label1\" content=\"Est. reading time\" \/>\n\t<meta name=\"twitter:data1\" content=\"7 minutes\" \/>\n<script type=\"application\/ld+json\" class=\"yoast-schema-graph\">{\"@context\":\"https:\/\/schema.org\",\"@graph\":[{\"@type\":\"WebPage\",\"@id\":\"https:\/\/thanhphatpc.com\/cho-thue-may-photo-tai-hai-duong\/\",\"url\":\"https:\/\/thanhphatpc.com\/cho-thue-may-photo-tai-hai-duong\/\",\"name\":\"Cho Thu\u00ea M\u00e1y Photo t\u1ea1i H\u1ea3i D\u01b0\u01a1ng - ThanhPhat PC\",\"isPartOf\":{\"@id\":\"https:\/\/thanhphatpc.com\/#website\"},\"primaryImageOfPage\":{\"@id\":\"https:\/\/thanhphatpc.com\/cho-thue-may-photo-tai-hai-duong\/#primaryimage\"},\"image\":{\"@id\":\"https:\/\/thanhphatpc.com\/cho-thue-may-photo-tai-hai-duong\/#primaryimage\"},\"thumbnailUrl\":\"https:\/\/thanhphatpc.com\/wp-content\/uploads\/2020\/08\/thuemay-photocopy1-copy-300x288-1.jpg\",\"datePublished\":\"2020-11-16T01:32:58+00:00\",\"dateModified\":\"2020-11-16T01:32:58+00:00\",\"description\":\"Cho thu\u00ea m\u00e1y photo t\u1ea1i h\u1ea3i d\u01b0\u01a1ng uy tin ch\u1ea5t l\u01b0\u1ee3ng | Cho thu\u00ea m\u00e1y photocopy t\u1ea1i H\u1ea3i D\u01b0\u01a1ng ch\u1ea5t l\u01b0\u1ee3ng, \u0111\u1ea3m b\u1ea3o, uy t\u00edn, b\u1ea3o h\u00e0nh t\u1eadn t\u00e2m.\",\"breadcrumb\":{\"@id\":\"https:\/\/thanhphatpc.com\/cho-thue-may-photo-tai-hai-duong\/#breadcrumb\"},\"inLanguage\":\"en-US\",\"potentialAction\":[{\"@type\":\"ReadAction\",\"target\":[\"https:\/\/thanhphatpc.com\/cho-thue-may-photo-tai-hai-duong\/\"]}]},{\"@type\":\"ImageObject\",\"inLanguage\":\"en-US\",\"@id\":\"https:\/\/thanhphatpc.com\/cho-thue-may-photo-tai-hai-duong\/#primaryimage\",\"url\":\"https:\/\/thanhphatpc.com\/wp-content\/uploads\/2020\/08\/thuemay-photocopy1-copy-300x288-1.jpg\",\"contentUrl\":\"https:\/\/thanhphatpc.com\/wp-content\/uploads\/2020\/08\/thuemay-photocopy1-copy-300x288-1.jpg\",\"width\":300,\"height\":288,\"caption\":\"??????\"},{\"@type\":\"BreadcrumbList\",\"@id\":\"https:\/\/thanhphatpc.com\/cho-thue-may-photo-tai-hai-duong\/#breadcrumb\",\"itemListElement\":[{\"@type\":\"ListItem\",\"position\":1,\"name\":\"Trang ch\u1ee7\",\"item\":\"https:\/\/thanhphatpc.com\/\"},{\"@type\":\"ListItem\",\"position\":2,\"name\":\"Cho Thu\u00ea M\u00e1y Photo t\u1ea1i H\u1ea3i D\u01b0\u01a1ng\"}]},{\"@type\":\"WebSite\",\"@id\":\"https:\/\/thanhphatpc.com\/#website\",\"url\":\"https:\/\/thanhphatpc.com\/\",\"name\":\"ThanhPhat PC\",\"description\":\"D\u1ecbch v\u1ee5 ho\u00e0n h\u1ea3o\",\"potentialAction\":[{\"@type\":\"SearchAction\",\"target\":{\"@type\":\"EntryPoint\",\"urlTemplate\":\"https:\/\/thanhphatpc.com\/?s={search_term_string}\"},\"query-input\":{\"@type\":\"PropertyValueSpecification\",\"valueRequired\":true,\"valueName\":\"search_term_string\"}}],\"inLanguage\":\"en-US\"}]}<\/script>\n<!-- \/ Yoast SEO plugin. -->","yoast_head_json":{"title":"Cho Thu\u00ea M\u00e1y Photo t\u1ea1i H\u1ea3i D\u01b0\u01a1ng - ThanhPhat PC","description":"Cho thu\u00ea m\u00e1y photo t\u1ea1i h\u1ea3i d\u01b0\u01a1ng uy tin ch\u1ea5t l\u01b0\u1ee3ng | Cho thu\u00ea m\u00e1y photocopy t\u1ea1i H\u1ea3i D\u01b0\u01a1ng ch\u1ea5t l\u01b0\u1ee3ng, \u0111\u1ea3m b\u1ea3o, uy t\u00edn, b\u1ea3o h\u00e0nh t\u1eadn t\u00e2m.","robots":{"index":"index","follow":"follow","max-snippet":"max-snippet:-1","max-image-preview":"max-image-preview:large","max-video-preview":"max-video-preview:-1"},"canonical":"https:\/\/thanhphatpc.com\/en\/cho-thue-may-photo-tai-hai-duong\/","og_locale":"en_US","og_type":"article","og_title":"Cho Thu\u00ea M\u00e1y Photo t\u1ea1i H\u1ea3i D\u01b0\u01a1ng - ThanhPhat PC","og_description":"Cho thu\u00ea m\u00e1y photo t\u1ea1i h\u1ea3i d\u01b0\u01a1ng uy tin ch\u1ea5t l\u01b0\u1ee3ng | Cho thu\u00ea m\u00e1y photocopy t\u1ea1i H\u1ea3i D\u01b0\u01a1ng ch\u1ea5t l\u01b0\u1ee3ng, \u0111\u1ea3m b\u1ea3o, uy t\u00edn, b\u1ea3o h\u00e0nh t\u1eadn t\u00e2m.","og_url":"https:\/\/thanhphatpc.com\/en\/cho-thue-may-photo-tai-hai-duong\/","og_site_name":"ThanhPhat PC","og_image":[{"width":300,"height":288,"url":"https:\/\/thanhphatpc.com\/wp-content\/uploads\/2020\/08\/thuemay-photocopy1-copy-300x288-1.jpg","type":"image\/jpeg"}],"twitter_card":"summary_large_image","twitter_misc":{"Est. reading time":"7 minutes"},"schema":{"@context":"https:\/\/schema.org","@graph":[{"@type":"WebPage","@id":"https:\/\/thanhphatpc.com\/cho-thue-may-photo-tai-hai-duong\/","url":"https:\/\/thanhphatpc.com\/cho-thue-may-photo-tai-hai-duong\/","name":"Cho Thu\u00ea M\u00e1y Photo t\u1ea1i H\u1ea3i D\u01b0\u01a1ng - ThanhPhat PC","isPartOf":{"@id":"https:\/\/thanhphatpc.com\/#website"},"primaryImageOfPage":{"@id":"https:\/\/thanhphatpc.com\/cho-thue-may-photo-tai-hai-duong\/#primaryimage"},"image":{"@id":"https:\/\/thanhphatpc.com\/cho-thue-may-photo-tai-hai-duong\/#primaryimage"},"thumbnailUrl":"https:\/\/thanhphatpc.com\/wp-content\/uploads\/2020\/08\/thuemay-photocopy1-copy-300x288-1.jpg","datePublished":"2020-11-16T01:32:58+00:00","dateModified":"2020-11-16T01:32:58+00:00","description":"Cho thu\u00ea m\u00e1y photo t\u1ea1i h\u1ea3i d\u01b0\u01a1ng uy tin ch\u1ea5t l\u01b0\u1ee3ng | Cho thu\u00ea m\u00e1y photocopy t\u1ea1i H\u1ea3i D\u01b0\u01a1ng ch\u1ea5t l\u01b0\u1ee3ng, \u0111\u1ea3m b\u1ea3o, uy t\u00edn, b\u1ea3o h\u00e0nh t\u1eadn t\u00e2m.","breadcrumb":{"@id":"https:\/\/thanhphatpc.com\/cho-thue-may-photo-tai-hai-duong\/#breadcrumb"},"inLanguage":"en-US","potentialAction":[{"@type":"ReadAction","target":["https:\/\/thanhphatpc.com\/cho-thue-may-photo-tai-hai-duong\/"]}]},{"@type":"ImageObject","inLanguage":"en-US","@id":"https:\/\/thanhphatpc.com\/cho-thue-may-photo-tai-hai-duong\/#primaryimage","url":"https:\/\/thanhphatpc.com\/wp-content\/uploads\/2020\/08\/thuemay-photocopy1-copy-300x288-1.jpg","contentUrl":"https:\/\/thanhphatpc.com\/wp-content\/uploads\/2020\/08\/thuemay-photocopy1-copy-300x288-1.jpg","width":300,"height":288,"caption":"??????"},{"@type":"BreadcrumbList","@id":"https:\/\/thanhphatpc.com\/cho-thue-may-photo-tai-hai-duong\/#breadcrumb","itemListElement":[{"@type":"ListItem","position":1,"name":"Trang ch\u1ee7","item":"https:\/\/thanhphatpc.com\/"},{"@type":"ListItem","position":2,"name":"Cho Thu\u00ea M\u00e1y Photo t\u1ea1i H\u1ea3i D\u01b0\u01a1ng"}]},{"@type":"WebSite","@id":"https:\/\/thanhphatpc.com\/#website","url":"https:\/\/thanhphatpc.com\/","name":"ThanhPhat PC","description":"D\u1ecbch v\u1ee5 ho\u00e0n h\u1ea3o","potentialAction":[{"@type":"SearchAction","target":{"@type":"EntryPoint","urlTemplate":"https:\/\/thanhphatpc.com\/?s={search_term_string}"},"query-input":{"@type":"PropertyValueSpecification","valueRequired":true,"valueName":"search_term_string"}}],"inLanguage":"en-US"}]}},"_links":{"self":[{"href":"https:\/\/thanhphatpc.com\/en\/wp-json\/wp\/v2\/pages\/4110","targetHints":{"allow":["GET"]}}],"collection":[{"href":"https:\/\/thanhphatpc.com\/en\/wp-json\/wp\/v2\/pages"}],"about":[{"href":"https:\/\/thanhphatpc.com\/en\/wp-json\/wp\/v2\/types\/page"}],"author":[{"embeddable":true,"href":"https:\/\/thanhphatpc.com\/en\/wp-json\/wp\/v2\/users\/6"}],"replies":[{"embeddable":true,"href":"https:\/\/thanhphatpc.com\/en\/wp-json\/wp\/v2\/comments?post=4110"}],"version-history":[{"count":1,"href":"https:\/\/thanhphatpc.com\/en\/wp-json\/wp\/v2\/pages\/4110\/revisions"}],"predecessor-version":[{"id":4112,"href":"https:\/\/thanhphatpc.com\/en\/wp-json\/wp\/v2\/pages\/4110\/revisions\/4112"}],"wp:featuredmedia":[{"embeddable":true,"href":"https:\/\/thanhphatpc.com\/en\/wp-json\/wp\/v2\/media\/4105"}],"wp:attachment":[{"href":"https:\/\/thanhphatpc.com\/en\/wp-json\/wp\/v2\/media?parent=4110"}],"curies":[{"name":"wp","href":"https:\/\/api.w.org\/{rel}","templated":true}]}}