{"id":7,"date":"2017-08-18T16:52:34","date_gmt":"2017-08-18T09:52:34","guid":{"rendered":"https:\/\/noithanghoa.hunghaweb.com\/?page_id=7"},"modified":"2024-11-15T14:26:08","modified_gmt":"2024-11-15T07:26:08","slug":"gioi-thieu","status":"publish","type":"page","link":"https:\/\/thanhphatpc.com\/en\/gioi-thieu\/","title":{"rendered":"Gi\u1edbi thi\u1ec7u"},"content":{"rendered":"<div class=\"panel-body\"><\/div>\n<div class=\"panel-body\">\n<p><strong>C\u00d4NG TY TNHH TH\u00c0NH PH\u00c1T PC H\u1ea2I D\u01af\u01a0NG<\/strong><\/p>\n<p>\u0110\u1ecba ch\u1ec9: S\u1ed1 337, \u0110\u01b0\u1eddng \u0110i\u1ec7n Bi\u00ean Ph\u1ee7, Ph\u01b0\u1eddng B\u00ecnh H\u00e0n, Th\u00e0nh ph\u1ed1 H\u1ea3i D\u01b0\u01a1ng, H\u1ea3i D\u01b0\u01a1ng (<a href=\"https:\/\/maps.app.goo.gl\/DnyTKnWDABYKbK1X7\"><em>T\u00ecm v\u1ecb tr\u00ed<\/em><\/a>)<\/p>\n<p>M\u00e3 s\u1ed1 thu\u1ebf:\u00a00800975118<\/p>\n<p>Ng\u01b0\u1eddi \u0110DPL:\u00a0<a href=\"https:\/\/masocongty.vn\/search?name=C%C3%B9+V%C4%83n+T%C6%B0&amp;by=bn\"><strong>C\u00f9 V\u0103n T\u01b0<\/strong><\/a><\/p>\n<p>Ng\u00e0y ho\u1ea1t \u0111\u1ed9ng: 13\/03\/2012<\/p>\n<p>Gi\u1ea5y ph\u00e9p kinh doanh: 0800975118<\/p>\n<p><strong>T\u00ean c\u00f4ng ty: C\u00d4NG TY TNHH MTV TH\u00c0NH PH\u00c1T PC<\/strong><\/p>\n<p><strong>Ng\u00e0y th\u00e0nh l\u1eadp: ng\u00e0y 13 th\u00e1ng 03 n\u0103m 2012<\/strong><\/p>\n<p><strong>\u0110\u1ecba ch\u1ec9: s\u1ed1 337 \u0110i\u1ec7n Bi\u00ean Ph\u1ee7- Ph\u01b0\u1eddng B\u00ecnh H\u00e0n \u2013 Tp. H\u1ea3i D\u01b0\u01a1ng<\/strong><\/p>\n<p><strong>T\u1ea6M NH\u00ccN: L\u00c0 NH\u00c0 NH\u1eacP KH\u1ea8U, PH\u00c2N PH\u1ed0I V\u1ec0 S\u1ea2N PH\u1ea8M THI\u1ebeT B\u1eca M\u00c1Y T\u00cdNH, M\u00c1Y V\u0102N PH\u00d2NG CHUY\u00caN NGHI\u1ec6P T\u1ea0I H\u1ea2I D\u01af\u01a0NG.<\/strong><\/p>\n<p><strong>S\u1ee8 M\u1ec6NH: X\u00c2Y D\u1ef0NG M\u1ed0I QUAN H\u1ec6 B\u1ec0N CH\u1eb6T GI\u1eeeA NH\u00c0 NH\u1eacP KH\u1ea8U, PH\u00c2N PH\u1ed0I C\u00d9NG H\u1ec6 TH\u1ed0NG \u0110\u1ea0I L\u00dd V\u00c0 KH\u00c1CH H\u00c0NG.<\/strong><\/p>\n<p><strong>GI\u00c1 TR\u1eca C\u1ed0T L\u00d5I: Cung c\u1ea5p t\u1edbi Kh\u00e1ch H\u00e0ng nh\u1eefng s\u1ea3n ph\u1ea9m t\u1ed1t, ch\u1ea5t l\u01b0\u1ee3ng v\u1ec1 nhu c\u1ea7u v\u00e0 gi\u00e1 tr\u1ecb s\u1eed d\u1ee5ng th\u1ef1c t\u1ebf. Cung c\u1ea5p cho Kh\u00e1ch H\u00e0ng d\u1ecbch v\u1ee5 s\u1eeda ch\u1eefa hi\u1ec7u qu\u1ea3, uy t\u00edn, \u1ed5n \u0111\u1ecbnh v\u00e0 ti\u1ebft ki\u1ec7m.<\/strong><\/p>\n<\/div>","protected":false},"excerpt":{"rendered":"<p>C\u00d4NG TY TNHH TH\u00c0NH PH\u00c1T PC H\u1ea2I D\u01af\u01a0NG \u0110\u1ecba ch\u1ec9: S\u1ed1 337, \u0110\u01b0\u1eddng \u0110i\u1ec7n Bi\u00ean Ph\u1ee7, Ph\u01b0\u1eddng B\u00ecnh H\u00e0n, Th\u00e0nh ph\u1ed1 H\u1ea3i D\u01b0\u01a1ng, H\u1ea3i D\u01b0\u01a1ng (T\u00ecm v\u1ecb tr\u00ed) M\u00e3 s\u1ed1 thu\u1ebf:\u00a00800975118 Ng\u01b0\u1eddi \u0110DPL:\u00a0C\u00f9 V\u0103n T\u01b0 Ng\u00e0y ho\u1ea1t \u0111\u1ed9ng: 13\/03\/2012 Gi\u1ea5y ph\u00e9p kinh doanh: 0800975118 T\u00ean c\u00f4ng ty: C\u00d4NG TY TNHH MTV TH\u00c0NH PH\u00c1T PC Ng\u00e0y &#8230;<\/p>","protected":false},"author":6,"featured_media":0,"parent":0,"menu_order":0,"comment_status":"closed","ping_status":"closed","template":"page-right-sidebar.php","meta":{"_acf_changed":false,"footnotes":""},"class_list":["post-7","page","type-page","status-publish","hentry"],"acf":[],"yoast_head":"<!-- This site is optimized with the Yoast SEO plugin v23.8 - https:\/\/yoast.com\/wordpress\/plugins\/seo\/ -->\n<title>Gi\u1edbi thi\u1ec7u - ThanhPhat PC<\/title>\n<meta name=\"description\" content=\"Th\u00e0nh Ph\u00e1t PC Chuy\u00ean Cung C\u1ea5p L\u1eafp \u0110\u1eb7t S\u1eeda Ch\u1eefa C\u00e1c Thi\u1ebft B\u1ecb M\u00e1y T\u00ednh , In M\u00e1y, V\u0103n Ph\u00f2ng, Camera, Gi\u00e1m S\u00e1t, Cho Thu\u00ea M\u00e1y Photocoppy, M\u00e1y chi\u1ebfu, H\u00e0ng \u0110\u1ea7u T\u1ea1i H\u1ea3i D\u01b0\u01a1ng. D\u1ecbch V\u1ee5 Nhanh Ch\u00f3ng Uy T\u00edn Ch\u1ea5t L\u01b0\u1ee3ng. V\u1edbi \u0110\u1ed9i Ng\u0169 K\u1ef9 Thu\u1eadt Vi\u00ean \u0110\u00f4ng \u0110\u1ea3o Tay Ngh\u1ec1 Cao. \u0110\u1ea3m B\u1ea3o S\u1ebd L\u00e0m Qu\u00fd Kh\u00e1ch H\u00e0ng H\u00e0i L\u00f2ng. Hotline: 0934.335.792\" \/>\n<meta name=\"robots\" content=\"index, follow, max-snippet:-1, max-image-preview:large, max-video-preview:-1\" \/>\n<link rel=\"canonical\" href=\"https:\/\/thanhphatpc.com\/en\/gioi-thieu\/\" \/>\n<meta property=\"og:locale\" content=\"en_US\" \/>\n<meta property=\"og:type\" content=\"article\" \/>\n<meta property=\"og:title\" content=\"Gi\u1edbi thi\u1ec7u - ThanhPhat PC\" \/>\n<meta property=\"og:description\" content=\"Th\u00e0nh Ph\u00e1t PC Chuy\u00ean Cung C\u1ea5p L\u1eafp \u0110\u1eb7t S\u1eeda Ch\u1eefa C\u00e1c Thi\u1ebft B\u1ecb M\u00e1y T\u00ednh , In M\u00e1y, V\u0103n Ph\u00f2ng, Camera, Gi\u00e1m S\u00e1t, Cho Thu\u00ea M\u00e1y Photocoppy, M\u00e1y chi\u1ebfu, H\u00e0ng \u0110\u1ea7u T\u1ea1i H\u1ea3i D\u01b0\u01a1ng. D\u1ecbch V\u1ee5 Nhanh Ch\u00f3ng Uy T\u00edn Ch\u1ea5t L\u01b0\u1ee3ng. V\u1edbi \u0110\u1ed9i Ng\u0169 K\u1ef9 Thu\u1eadt Vi\u00ean \u0110\u00f4ng \u0110\u1ea3o Tay Ngh\u1ec1 Cao. \u0110\u1ea3m B\u1ea3o S\u1ebd L\u00e0m Qu\u00fd Kh\u00e1ch H\u00e0ng H\u00e0i L\u00f2ng. Hotline: 0934.335.792\" \/>\n<meta property=\"og:url\" content=\"https:\/\/thanhphatpc.com\/en\/gioi-thieu\/\" \/>\n<meta property=\"og:site_name\" content=\"ThanhPhat PC\" \/>\n<meta property=\"article:modified_time\" content=\"2024-11-15T07:26:08+00:00\" \/>\n<meta name=\"twitter:card\" content=\"summary_large_image\" \/>\n<meta name=\"twitter:label1\" content=\"Est. reading time\" \/>\n\t<meta name=\"twitter:data1\" content=\"1 minute\" \/>\n<script type=\"application\/ld+json\" class=\"yoast-schema-graph\">{\"@context\":\"https:\/\/schema.org\",\"@graph\":[{\"@type\":\"WebPage\",\"@id\":\"https:\/\/thanhphatpc.com\/gioi-thieu\/\",\"url\":\"https:\/\/thanhphatpc.com\/gioi-thieu\/\",\"name\":\"Gi\u1edbi thi\u1ec7u - ThanhPhat PC\",\"isPartOf\":{\"@id\":\"https:\/\/thanhphatpc.com\/#website\"},\"datePublished\":\"2017-08-18T09:52:34+00:00\",\"dateModified\":\"2024-11-15T07:26:08+00:00\",\"description\":\"Th\u00e0nh Ph\u00e1t PC Chuy\u00ean Cung C\u1ea5p L\u1eafp \u0110\u1eb7t S\u1eeda Ch\u1eefa C\u00e1c Thi\u1ebft B\u1ecb M\u00e1y T\u00ednh , In M\u00e1y, V\u0103n Ph\u00f2ng, Camera, Gi\u00e1m S\u00e1t, Cho Thu\u00ea M\u00e1y Photocoppy, M\u00e1y chi\u1ebfu, H\u00e0ng \u0110\u1ea7u T\u1ea1i H\u1ea3i D\u01b0\u01a1ng. D\u1ecbch V\u1ee5 Nhanh Ch\u00f3ng Uy T\u00edn Ch\u1ea5t L\u01b0\u1ee3ng. V\u1edbi \u0110\u1ed9i Ng\u0169 K\u1ef9 Thu\u1eadt Vi\u00ean \u0110\u00f4ng \u0110\u1ea3o Tay Ngh\u1ec1 Cao. \u0110\u1ea3m B\u1ea3o S\u1ebd L\u00e0m Qu\u00fd Kh\u00e1ch H\u00e0ng H\u00e0i L\u00f2ng. Hotline: 0934.335.792\",\"breadcrumb\":{\"@id\":\"https:\/\/thanhphatpc.com\/gioi-thieu\/#breadcrumb\"},\"inLanguage\":\"en-US\",\"potentialAction\":[{\"@type\":\"ReadAction\",\"target\":[\"https:\/\/thanhphatpc.com\/gioi-thieu\/\"]}]},{\"@type\":\"BreadcrumbList\",\"@id\":\"https:\/\/thanhphatpc.com\/gioi-thieu\/#breadcrumb\",\"itemListElement\":[{\"@type\":\"ListItem\",\"position\":1,\"name\":\"Trang ch\u1ee7\",\"item\":\"https:\/\/thanhphatpc.com\/\"},{\"@type\":\"ListItem\",\"position\":2,\"name\":\"Gi\u1edbi thi\u1ec7u\"}]},{\"@type\":\"WebSite\",\"@id\":\"https:\/\/thanhphatpc.com\/#website\",\"url\":\"https:\/\/thanhphatpc.com\/\",\"name\":\"ThanhPhat PC\",\"description\":\"D\u1ecbch v\u1ee5 ho\u00e0n h\u1ea3o\",\"potentialAction\":[{\"@type\":\"SearchAction\",\"target\":{\"@type\":\"EntryPoint\",\"urlTemplate\":\"https:\/\/thanhphatpc.com\/?s={search_term_string}\"},\"query-input\":{\"@type\":\"PropertyValueSpecification\",\"valueRequired\":true,\"valueName\":\"search_term_string\"}}],\"inLanguage\":\"en-US\"}]}<\/script>\n<!-- \/ Yoast SEO plugin. -->","yoast_head_json":{"title":"Gi\u1edbi thi\u1ec7u - ThanhPhat PC","description":"Th\u00e0nh Ph\u00e1t PC Chuy\u00ean Cung C\u1ea5p L\u1eafp \u0110\u1eb7t S\u1eeda Ch\u1eefa C\u00e1c Thi\u1ebft B\u1ecb M\u00e1y T\u00ednh , In M\u00e1y, V\u0103n Ph\u00f2ng, Camera, Gi\u00e1m S\u00e1t, Cho Thu\u00ea M\u00e1y Photocoppy, M\u00e1y chi\u1ebfu, H\u00e0ng \u0110\u1ea7u T\u1ea1i H\u1ea3i D\u01b0\u01a1ng. D\u1ecbch V\u1ee5 Nhanh Ch\u00f3ng Uy T\u00edn Ch\u1ea5t L\u01b0\u1ee3ng. V\u1edbi \u0110\u1ed9i Ng\u0169 K\u1ef9 Thu\u1eadt Vi\u00ean \u0110\u00f4ng \u0110\u1ea3o Tay Ngh\u1ec1 Cao. \u0110\u1ea3m B\u1ea3o S\u1ebd L\u00e0m Qu\u00fd Kh\u00e1ch H\u00e0ng H\u00e0i L\u00f2ng. Hotline: 0934.335.792","robots":{"index":"index","follow":"follow","max-snippet":"max-snippet:-1","max-image-preview":"max-image-preview:large","max-video-preview":"max-video-preview:-1"},"canonical":"https:\/\/thanhphatpc.com\/en\/gioi-thieu\/","og_locale":"en_US","og_type":"article","og_title":"Gi\u1edbi thi\u1ec7u - ThanhPhat PC","og_description":"Th\u00e0nh Ph\u00e1t PC Chuy\u00ean Cung C\u1ea5p L\u1eafp \u0110\u1eb7t S\u1eeda Ch\u1eefa C\u00e1c Thi\u1ebft B\u1ecb M\u00e1y T\u00ednh , In M\u00e1y, V\u0103n Ph\u00f2ng, Camera, Gi\u00e1m S\u00e1t, Cho Thu\u00ea M\u00e1y Photocoppy, M\u00e1y chi\u1ebfu, H\u00e0ng \u0110\u1ea7u T\u1ea1i H\u1ea3i D\u01b0\u01a1ng. D\u1ecbch V\u1ee5 Nhanh Ch\u00f3ng Uy T\u00edn Ch\u1ea5t L\u01b0\u1ee3ng. V\u1edbi \u0110\u1ed9i Ng\u0169 K\u1ef9 Thu\u1eadt Vi\u00ean \u0110\u00f4ng \u0110\u1ea3o Tay Ngh\u1ec1 Cao. \u0110\u1ea3m B\u1ea3o S\u1ebd L\u00e0m Qu\u00fd Kh\u00e1ch H\u00e0ng H\u00e0i L\u00f2ng. Hotline: 0934.335.792","og_url":"https:\/\/thanhphatpc.com\/en\/gioi-thieu\/","og_site_name":"ThanhPhat PC","article_modified_time":"2024-11-15T07:26:08+00:00","twitter_card":"summary_large_image","twitter_misc":{"Est. reading time":"1 minute"},"schema":{"@context":"https:\/\/schema.org","@graph":[{"@type":"WebPage","@id":"https:\/\/thanhphatpc.com\/gioi-thieu\/","url":"https:\/\/thanhphatpc.com\/gioi-thieu\/","name":"Gi\u1edbi thi\u1ec7u - ThanhPhat PC","isPartOf":{"@id":"https:\/\/thanhphatpc.com\/#website"},"datePublished":"2017-08-18T09:52:34+00:00","dateModified":"2024-11-15T07:26:08+00:00","description":"Th\u00e0nh Ph\u00e1t PC Chuy\u00ean Cung C\u1ea5p L\u1eafp \u0110\u1eb7t S\u1eeda Ch\u1eefa C\u00e1c Thi\u1ebft B\u1ecb M\u00e1y T\u00ednh , In M\u00e1y, V\u0103n Ph\u00f2ng, Camera, Gi\u00e1m S\u00e1t, Cho Thu\u00ea M\u00e1y Photocoppy, M\u00e1y chi\u1ebfu, H\u00e0ng \u0110\u1ea7u T\u1ea1i H\u1ea3i D\u01b0\u01a1ng. D\u1ecbch V\u1ee5 Nhanh Ch\u00f3ng Uy T\u00edn Ch\u1ea5t L\u01b0\u1ee3ng. V\u1edbi \u0110\u1ed9i Ng\u0169 K\u1ef9 Thu\u1eadt Vi\u00ean \u0110\u00f4ng \u0110\u1ea3o Tay Ngh\u1ec1 Cao. \u0110\u1ea3m B\u1ea3o S\u1ebd L\u00e0m Qu\u00fd Kh\u00e1ch H\u00e0ng H\u00e0i L\u00f2ng. Hotline: 0934.335.792","breadcrumb":{"@id":"https:\/\/thanhphatpc.com\/gioi-thieu\/#breadcrumb"},"inLanguage":"en-US","potentialAction":[{"@type":"ReadAction","target":["https:\/\/thanhphatpc.com\/gioi-thieu\/"]}]},{"@type":"BreadcrumbList","@id":"https:\/\/thanhphatpc.com\/gioi-thieu\/#breadcrumb","itemListElement":[{"@type":"ListItem","position":1,"name":"Trang ch\u1ee7","item":"https:\/\/thanhphatpc.com\/"},{"@type":"ListItem","position":2,"name":"Gi\u1edbi thi\u1ec7u"}]},{"@type":"WebSite","@id":"https:\/\/thanhphatpc.com\/#website","url":"https:\/\/thanhphatpc.com\/","name":"ThanhPhat PC","description":"D\u1ecbch v\u1ee5 ho\u00e0n h\u1ea3o","potentialAction":[{"@type":"SearchAction","target":{"@type":"EntryPoint","urlTemplate":"https:\/\/thanhphatpc.com\/?s={search_term_string}"},"query-input":{"@type":"PropertyValueSpecification","valueRequired":true,"valueName":"search_term_string"}}],"inLanguage":"en-US"}]}},"_links":{"self":[{"href":"https:\/\/thanhphatpc.com\/en\/wp-json\/wp\/v2\/pages\/7","targetHints":{"allow":["GET"]}}],"collection":[{"href":"https:\/\/thanhphatpc.com\/en\/wp-json\/wp\/v2\/pages"}],"about":[{"href":"https:\/\/thanhphatpc.com\/en\/wp-json\/wp\/v2\/types\/page"}],"author":[{"embeddable":true,"href":"https:\/\/thanhphatpc.com\/en\/wp-json\/wp\/v2\/users\/6"}],"replies":[{"embeddable":true,"href":"https:\/\/thanhphatpc.com\/en\/wp-json\/wp\/v2\/comments?post=7"}],"version-history":[{"count":5,"href":"https:\/\/thanhphatpc.com\/en\/wp-json\/wp\/v2\/pages\/7\/revisions"}],"predecessor-version":[{"id":10315,"href":"https:\/\/thanhphatpc.com\/en\/wp-json\/wp\/v2\/pages\/7\/revisions\/10315"}],"wp:attachment":[{"href":"https:\/\/thanhphatpc.com\/en\/wp-json\/wp\/v2\/media?parent=7"}],"curies":[{"name":"wp","href":"https:\/\/api.w.org\/{rel}","templated":true}]}}