{"id":10068,"date":"2023-08-18T17:51:05","date_gmt":"2023-08-18T10:51:05","guid":{"rendered":"https:\/\/thanhphatpc.com\/?post_type=product&#038;p=10068"},"modified":"2023-08-18T17:51:06","modified_gmt":"2023-08-18T10:51:06","slug":"ban-phim-co-dareu-ek1280s-pink-white-blue-switch","status":"publish","type":"product","link":"https:\/\/thanhphatpc.com\/en\/ban-phim-co-dareu-ek1280s-pink-white-blue-switch\/","title":{"rendered":"B\u00e0n Ph\u00edm C\u01a1 DareU EK1280S Pink White Blue Switch"},"content":{"rendered":"<p><strong>B\u00e0n Ph\u00edm C\u01a1 DareU EK1280S Pink White Blue Switch<\/strong>\u00a0l\u00e0 phi\u00ean b\u1ea3n c\u00f3 k\u00edch th\u01b0\u1edbc Full size v\u1edbi \u0111\u1ea7y \u0111\u1ee7 104 ph\u00edm mang 2 m\u00e0u h\u1ed3ng \/ tr\u1eafng th\u1ea9m m\u1ef9 cao.<\/p>\n<p>&nbsp;<\/p>\n<h3>Thi\u1ebft k\u1ebf c\u00e1 t\u00ednh<\/h3>\n<p>B\u00e0n Ph\u00edm C\u01a1 DareU EK1280S Pink White Blue Switch mang m\u1ed9t thi\u1ebft k\u1ebf c\u00e1 t\u00ednh v\u1edbi m\u00e0u h\u1ed3ng tr\u1eafng \u0111\u1eb9p m\u1eaft.<\/p>\n<p>&nbsp;<\/p>\n<p><img loading=\"lazy\" decoding=\"async\" class=\"size-full wp-image-10066 aligncenter\" src=\"https:\/\/thanhphatpc.com\/wp-content\/uploads\/2023\/08\/1.1.jpg\" alt=\"\" width=\"852\" height=\"570\" srcset=\"https:\/\/thanhphatpc.com\/wp-content\/uploads\/2023\/08\/1.1.jpg 852w, https:\/\/thanhphatpc.com\/wp-content\/uploads\/2023\/08\/1.1-510x341.jpg 510w, https:\/\/thanhphatpc.com\/wp-content\/uploads\/2023\/08\/1.1-300x201.jpg 300w, https:\/\/thanhphatpc.com\/wp-content\/uploads\/2023\/08\/1.1-768x514.jpg 768w\" sizes=\"auto, (max-width: 852px) 100vw, 852px\" \/><\/p>\n<p>&nbsp;<\/p>\n<h3>Khung kim lo\u1ea1i ch\u1eafc ch\u1eafn<\/h3>\n<p>DareU EK1280S Pink White v\u1edbi khung kim lo\u1ea1i l\u00e0m b\u1eb1ng th\u00e9p ch\u1eafc ch\u1eafn gi\u00fap b\u00e0n ph\u00edm lu\u00f4n \u1ed5n \u0111\u1ecbnh. Ch\u1ed1ng rung khi g\u00f5 ph\u00edm b\u1ea3o v\u1ec7 thi\u1ebft b\u1ecb an to\u00e0n tr\u01b0\u1edbc nh\u1eefng c\u00fa s\u1ed1c khi t\u00e1c \u0111\u1ed9ng \u0111\u1ed9t ng\u1ed9t.<\/p>\n<h3>Switch C\u01a1 ch\u1ea5t l\u01b0\u1ee3ng cao l\u00ean \u0111\u1ebfn 50 tri\u1ec7u l\u1ea7n nh\u1ea5n<\/h3>\n<p>B\u00e0n ph\u00edm ch\u01a1i game DareU EK1280S Pink White Blue Switch Fullsize 104 ph\u00edm \u0111\u00e3 \u0111\u01b0\u1ee3c trang b\u1ecb c\u00e1c Switch &#8220;D&#8221; Blue c\u01a1 h\u1ecdc do h\u00e3ng t\u1ef1 nghi\u00ean c\u1ee9u v\u00e0 ph\u00e1t tri\u1ec3n c\u00f3 th\u1ec3 ch\u1ecbu \u0111\u1ebfn 50 tri\u1ec7u l\u1ea7n nh\u1ea5p.<\/p>\n<p><img loading=\"lazy\" decoding=\"async\" class=\"size-full wp-image-10067 aligncenter\" src=\"https:\/\/thanhphatpc.com\/wp-content\/uploads\/2023\/08\/1.jpg\" alt=\"\" width=\"848\" height=\"475\" srcset=\"https:\/\/thanhphatpc.com\/wp-content\/uploads\/2023\/08\/1.jpg 848w, https:\/\/thanhphatpc.com\/wp-content\/uploads\/2023\/08\/1-510x286.jpg 510w, https:\/\/thanhphatpc.com\/wp-content\/uploads\/2023\/08\/1-300x168.jpg 300w, https:\/\/thanhphatpc.com\/wp-content\/uploads\/2023\/08\/1-768x430.jpg 768w\" sizes=\"auto, (max-width: 848px) 100vw, 848px\" \/><\/p>\n<p>&nbsp;<\/p>\n<h3>Keycap ABS 2 l\u1edbp s\u00eau b\u1ec1n<\/h3>\n<p>\u0110\u00e2y l\u00e0 lo\u1ea1i ph\u00edm \u0111\u01b0\u1ee3c \u0111\u00fac b\u1eb1ng nh\u1ef1a ABS 2 l\u1edbp \u0111em l\u1ea1i \u0111\u1ed9 b\u1ec1n g\u1ea7n nh\u01b0 l\u00e0 b\u1ea5t t\u1eed v\u00ec b\u1ea1n kh\u00f4ng th\u1ec3 g\u00f5 m\u00f2n h\u1ebft \u0111\u01b0\u1ee3c 2 l\u1edbp nh\u1ef1a n\u00e0y. \u0110i\u1ec1u n\u00e0y \u0111\u1ea3m b\u1ea3o cho c\u00e1c k\u00fd t\u1ef1 tr\u00ean DareU EK1280S Pink White Blue Switch kh\u00f4ng b\u1ecb m\u1edd hay m\u1ea5t n\u00e9t v\u00ec t\u00e1c \u0111\u1ed9ng c\u1ee7a b\u00ean ngo\u00e0i.<\/p>","protected":false},"excerpt":{"rendered":"<table border=\"1\" width=\"100%\">\n<tbody>\n<tr>\n<td>S\u1ea3n ph\u1ea9m<\/td>\n<td>B\u00e0n ph\u00edm<\/td>\n<\/tr>\n<tr>\n<td>H\u00e3ng s\u1ea3n xu\u1ea5t<\/td>\n<td>DareU<\/td>\n<\/tr>\n<tr>\n<td>Model<\/td>\n<td><strong>EK1280S Pink White Blue Switch<\/strong><\/td>\n<\/tr>\n<tr>\n<td>M\u1ea7u s\u1eafc<\/td>\n<td>H\u1ed3ng Tr\u1eafng \/ Pink White<\/td>\n<\/tr>\n<tr>\n<td>S\u1ed1 l\u01b0\u1ee3ng ph\u00edm<\/td>\n<td>104<\/td>\n<\/tr>\n<tr>\n<td>Lo\u1ea1i Switch<\/td>\n<td>Switch &#8220;D&#8221; Blue<\/td>\n<\/tr>\n<tr>\n<td>\u0110\u1ed9 b\u1ec1n<\/td>\n<td>50 tri\u1ec7u l\u1ea7n nh\u1ea5n<\/td>\n<\/tr>\n<tr>\n<td>Ch\u1ea5t li\u1ec7u<\/td>\n<td>ABS Double Shot<\/td>\n<\/tr>\n<tr>\n<td>LED<\/td>\n<td>White Backlight<\/td>\n<\/tr>\n<tr>\n<td>K\u00edch th\u01b0\u1edbc<\/td>\n<td>Chi\u1ec1u cao: 440 mm<\/p>\n<p>Chi\u1ec1u r\u1ed9ng: 140 mm<\/p>\n<p>Chi\u1ec1u d\u00e0y: 36 mm<\/td>\n<\/tr>\n<tr>\n<td>Lo\u1ea1i k\u1ebft n\u1ed1i<\/td>\n<td>C\u00f3 d\u00e2y ~1.8m<\/td>\n<\/tr>\n<tr>\n<td>N-key rollover<\/td>\n<td>C\u00f3<\/td>\n<\/tr>\n<\/tbody>\n<\/table>","protected":false},"featured_media":10067,"comment_status":"open","ping_status":"closed","template":"","meta":{"_acf_changed":false},"product_cat":[436],"product_tag":[2419,2420,2418],"class_list":{"0":"post-10068","1":"product","2":"type-product","3":"status-publish","4":"has-post-thumbnail","6":"product_cat-ban-phim-pc","7":"product_tag-ban-phim-co","8":"product_tag-ban-phim-gaming","9":"product_tag-ban-phim-may-ban","11":"first","12":"instock","13":"sale","14":"shipping-taxable","15":"purchasable","16":"product-type-simple"},"acf":[],"yoast_head":"<!-- This site is optimized with the Yoast SEO plugin v23.8 - https:\/\/yoast.com\/wordpress\/plugins\/seo\/ -->\n<title>B\u00e0n Ph\u00edm C\u01a1 DareU EK1280S Pink White Blue Switch - ThanhPhat PC<\/title>\n<meta name=\"description\" content=\"B\u00e0n ph\u00edm c\u01a1 gaming cho game th\u1ee7 th\u00edch s\u1ef1 n\u1eef t\u00ednh, \u0111\u1eb9p m\u1eaft.\" \/>\n<meta name=\"robots\" content=\"index, follow, max-snippet:-1, max-image-preview:large, max-video-preview:-1\" \/>\n<link rel=\"canonical\" href=\"https:\/\/thanhphatpc.com\/en\/ban-phim-co-dareu-ek1280s-pink-white-blue-switch\/\" \/>\n<meta property=\"og:locale\" content=\"en_US\" \/>\n<meta property=\"og:type\" content=\"article\" \/>\n<meta property=\"og:title\" content=\"B\u00e0n Ph\u00edm C\u01a1 DareU EK1280S Pink White Blue Switch - ThanhPhat PC\" \/>\n<meta property=\"og:description\" content=\"B\u00e0n ph\u00edm c\u01a1 gaming cho game th\u1ee7 th\u00edch s\u1ef1 n\u1eef t\u00ednh, \u0111\u1eb9p m\u1eaft.\" \/>\n<meta property=\"og:url\" content=\"https:\/\/thanhphatpc.com\/en\/ban-phim-co-dareu-ek1280s-pink-white-blue-switch\/\" \/>\n<meta property=\"og:site_name\" content=\"ThanhPhat PC\" \/>\n<meta property=\"article:modified_time\" content=\"2023-08-18T10:51:06+00:00\" \/>\n<meta property=\"og:image\" content=\"https:\/\/thanhphatpc.com\/wp-content\/uploads\/2023\/08\/1.jpg\" \/>\n\t<meta property=\"og:image:width\" content=\"848\" \/>\n\t<meta property=\"og:image:height\" content=\"475\" \/>\n\t<meta property=\"og:image:type\" content=\"image\/jpeg\" \/>\n<meta name=\"twitter:card\" content=\"summary_large_image\" \/>\n<meta name=\"twitter:label1\" content=\"Est. reading time\" \/>\n\t<meta name=\"twitter:data1\" content=\"2 minutes\" \/>\n<script type=\"application\/ld+json\" class=\"yoast-schema-graph\">{\"@context\":\"https:\/\/schema.org\",\"@graph\":[{\"@type\":\"WebPage\",\"@id\":\"https:\/\/thanhphatpc.com\/ban-phim-co-dareu-ek1280s-pink-white-blue-switch\/\",\"url\":\"https:\/\/thanhphatpc.com\/ban-phim-co-dareu-ek1280s-pink-white-blue-switch\/\",\"name\":\"B\u00e0n Ph\u00edm C\u01a1 DareU EK1280S Pink White Blue Switch - ThanhPhat PC\",\"isPartOf\":{\"@id\":\"https:\/\/thanhphatpc.com\/#website\"},\"primaryImageOfPage\":{\"@id\":\"https:\/\/thanhphatpc.com\/ban-phim-co-dareu-ek1280s-pink-white-blue-switch\/#primaryimage\"},\"image\":{\"@id\":\"https:\/\/thanhphatpc.com\/ban-phim-co-dareu-ek1280s-pink-white-blue-switch\/#primaryimage\"},\"thumbnailUrl\":\"https:\/\/thanhphatpc.com\/wp-content\/uploads\/2023\/08\/1.jpg\",\"datePublished\":\"2023-08-18T10:51:05+00:00\",\"dateModified\":\"2023-08-18T10:51:06+00:00\",\"description\":\"B\u00e0n ph\u00edm c\u01a1 gaming cho game th\u1ee7 th\u00edch s\u1ef1 n\u1eef t\u00ednh, \u0111\u1eb9p m\u1eaft.\",\"breadcrumb\":{\"@id\":\"https:\/\/thanhphatpc.com\/ban-phim-co-dareu-ek1280s-pink-white-blue-switch\/#breadcrumb\"},\"inLanguage\":\"en-US\",\"potentialAction\":[{\"@type\":\"ReadAction\",\"target\":[\"https:\/\/thanhphatpc.com\/ban-phim-co-dareu-ek1280s-pink-white-blue-switch\/\"]}]},{\"@type\":\"ImageObject\",\"inLanguage\":\"en-US\",\"@id\":\"https:\/\/thanhphatpc.com\/ban-phim-co-dareu-ek1280s-pink-white-blue-switch\/#primaryimage\",\"url\":\"https:\/\/thanhphatpc.com\/wp-content\/uploads\/2023\/08\/1.jpg\",\"contentUrl\":\"https:\/\/thanhphatpc.com\/wp-content\/uploads\/2023\/08\/1.jpg\",\"width\":848,\"height\":475},{\"@type\":\"BreadcrumbList\",\"@id\":\"https:\/\/thanhphatpc.com\/ban-phim-co-dareu-ek1280s-pink-white-blue-switch\/#breadcrumb\",\"itemListElement\":[{\"@type\":\"ListItem\",\"position\":1,\"name\":\"Trang ch\u1ee7\",\"item\":\"https:\/\/thanhphatpc.com\/\"},{\"@type\":\"ListItem\",\"position\":2,\"name\":\"C\u1eeda h\u00e0ng\",\"item\":\"https:\/\/thanhphatpc.com\/cua-hang\/\"},{\"@type\":\"ListItem\",\"position\":3,\"name\":\"B\u00e0n Ph\u00edm C\u01a1 DareU EK1280S Pink White Blue Switch\"}]},{\"@type\":\"WebSite\",\"@id\":\"https:\/\/thanhphatpc.com\/#website\",\"url\":\"https:\/\/thanhphatpc.com\/\",\"name\":\"ThanhPhat PC\",\"description\":\"D\u1ecbch v\u1ee5 ho\u00e0n h\u1ea3o\",\"potentialAction\":[{\"@type\":\"SearchAction\",\"target\":{\"@type\":\"EntryPoint\",\"urlTemplate\":\"https:\/\/thanhphatpc.com\/?s={search_term_string}\"},\"query-input\":{\"@type\":\"PropertyValueSpecification\",\"valueRequired\":true,\"valueName\":\"search_term_string\"}}],\"inLanguage\":\"en-US\"}]}<\/script>\n<!-- \/ Yoast SEO plugin. -->","yoast_head_json":{"title":"B\u00e0n Ph\u00edm C\u01a1 DareU EK1280S Pink White Blue Switch - ThanhPhat PC","description":"B\u00e0n ph\u00edm c\u01a1 gaming cho game th\u1ee7 th\u00edch s\u1ef1 n\u1eef t\u00ednh, \u0111\u1eb9p m\u1eaft.","robots":{"index":"index","follow":"follow","max-snippet":"max-snippet:-1","max-image-preview":"max-image-preview:large","max-video-preview":"max-video-preview:-1"},"canonical":"https:\/\/thanhphatpc.com\/en\/ban-phim-co-dareu-ek1280s-pink-white-blue-switch\/","og_locale":"en_US","og_type":"article","og_title":"B\u00e0n Ph\u00edm C\u01a1 DareU EK1280S Pink White Blue Switch - ThanhPhat PC","og_description":"B\u00e0n ph\u00edm c\u01a1 gaming cho game th\u1ee7 th\u00edch s\u1ef1 n\u1eef t\u00ednh, \u0111\u1eb9p m\u1eaft.","og_url":"https:\/\/thanhphatpc.com\/en\/ban-phim-co-dareu-ek1280s-pink-white-blue-switch\/","og_site_name":"ThanhPhat PC","article_modified_time":"2023-08-18T10:51:06+00:00","og_image":[{"width":848,"height":475,"url":"https:\/\/thanhphatpc.com\/wp-content\/uploads\/2023\/08\/1.jpg","type":"image\/jpeg"}],"twitter_card":"summary_large_image","twitter_misc":{"Est. reading time":"2 minutes"},"schema":{"@context":"https:\/\/schema.org","@graph":[{"@type":"WebPage","@id":"https:\/\/thanhphatpc.com\/ban-phim-co-dareu-ek1280s-pink-white-blue-switch\/","url":"https:\/\/thanhphatpc.com\/ban-phim-co-dareu-ek1280s-pink-white-blue-switch\/","name":"B\u00e0n Ph\u00edm C\u01a1 DareU EK1280S Pink White Blue Switch - ThanhPhat PC","isPartOf":{"@id":"https:\/\/thanhphatpc.com\/#website"},"primaryImageOfPage":{"@id":"https:\/\/thanhphatpc.com\/ban-phim-co-dareu-ek1280s-pink-white-blue-switch\/#primaryimage"},"image":{"@id":"https:\/\/thanhphatpc.com\/ban-phim-co-dareu-ek1280s-pink-white-blue-switch\/#primaryimage"},"thumbnailUrl":"https:\/\/thanhphatpc.com\/wp-content\/uploads\/2023\/08\/1.jpg","datePublished":"2023-08-18T10:51:05+00:00","dateModified":"2023-08-18T10:51:06+00:00","description":"B\u00e0n ph\u00edm c\u01a1 gaming cho game th\u1ee7 th\u00edch s\u1ef1 n\u1eef t\u00ednh, \u0111\u1eb9p m\u1eaft.","breadcrumb":{"@id":"https:\/\/thanhphatpc.com\/ban-phim-co-dareu-ek1280s-pink-white-blue-switch\/#breadcrumb"},"inLanguage":"en-US","potentialAction":[{"@type":"ReadAction","target":["https:\/\/thanhphatpc.com\/ban-phim-co-dareu-ek1280s-pink-white-blue-switch\/"]}]},{"@type":"ImageObject","inLanguage":"en-US","@id":"https:\/\/thanhphatpc.com\/ban-phim-co-dareu-ek1280s-pink-white-blue-switch\/#primaryimage","url":"https:\/\/thanhphatpc.com\/wp-content\/uploads\/2023\/08\/1.jpg","contentUrl":"https:\/\/thanhphatpc.com\/wp-content\/uploads\/2023\/08\/1.jpg","width":848,"height":475},{"@type":"BreadcrumbList","@id":"https:\/\/thanhphatpc.com\/ban-phim-co-dareu-ek1280s-pink-white-blue-switch\/#breadcrumb","itemListElement":[{"@type":"ListItem","position":1,"name":"Trang ch\u1ee7","item":"https:\/\/thanhphatpc.com\/"},{"@type":"ListItem","position":2,"name":"C\u1eeda h\u00e0ng","item":"https:\/\/thanhphatpc.com\/cua-hang\/"},{"@type":"ListItem","position":3,"name":"B\u00e0n Ph\u00edm C\u01a1 DareU EK1280S Pink White Blue Switch"}]},{"@type":"WebSite","@id":"https:\/\/thanhphatpc.com\/#website","url":"https:\/\/thanhphatpc.com\/","name":"ThanhPhat PC","description":"D\u1ecbch v\u1ee5 ho\u00e0n h\u1ea3o","potentialAction":[{"@type":"SearchAction","target":{"@type":"EntryPoint","urlTemplate":"https:\/\/thanhphatpc.com\/?s={search_term_string}"},"query-input":{"@type":"PropertyValueSpecification","valueRequired":true,"valueName":"search_term_string"}}],"inLanguage":"en-US"}]}},"_links":{"self":[{"href":"https:\/\/thanhphatpc.com\/en\/wp-json\/wp\/v2\/product\/10068","targetHints":{"allow":["GET"]}}],"collection":[{"href":"https:\/\/thanhphatpc.com\/en\/wp-json\/wp\/v2\/product"}],"about":[{"href":"https:\/\/thanhphatpc.com\/en\/wp-json\/wp\/v2\/types\/product"}],"replies":[{"embeddable":true,"href":"https:\/\/thanhphatpc.com\/en\/wp-json\/wp\/v2\/comments?post=10068"}],"wp:featuredmedia":[{"embeddable":true,"href":"https:\/\/thanhphatpc.com\/en\/wp-json\/wp\/v2\/media\/10067"}],"wp:attachment":[{"href":"https:\/\/thanhphatpc.com\/en\/wp-json\/wp\/v2\/media?parent=10068"}],"wp:term":[{"taxonomy":"product_cat","embeddable":true,"href":"https:\/\/thanhphatpc.com\/en\/wp-json\/wp\/v2\/product_cat?post=10068"},{"taxonomy":"product_tag","embeddable":true,"href":"https:\/\/thanhphatpc.com\/en\/wp-json\/wp\/v2\/product_tag?post=10068"}],"curies":[{"name":"wp","href":"https:\/\/api.w.org\/{rel}","templated":true}]}}