{"id":10069,"date":"2023-08-19T22:55:24","date_gmt":"2023-08-19T15:55:24","guid":{"rendered":"https:\/\/thanhphatpc.com\/?post_type=product&#038;p=10069"},"modified":"2024-04-21T16:06:37","modified_gmt":"2024-04-21T09:06:37","slug":"ban-phim-logitech-k120-usb","status":"publish","type":"product","link":"https:\/\/thanhphatpc.com\/en\/ban-phim-logitech-k120-usb\/","title":{"rendered":"Ba\u0300n phi\u0301m Logitech K120 USB"},"content":{"rendered":"<h2>Ba\u0300n phi\u0301m Logitech K120 USB<\/h2>\n<p>B\u00e0n tay c\u1ee7a b\u1ea1n s\u1ebd t\u1eadn h\u01b0\u1edfng nh\u1eefng ph\u00edm b\u1ea5m th\u1ea5p, y\u00ean t\u0129nh v\u00e0 b\u1ed1 tr\u00ed ph\u00edm ti\u00eau chu\u1ea9n v\u1edbi \u0111\u1ea7y \u0111\u1ee7 k\u00edch th\u01b0\u1edbc F-ph\u00edm v\u00e0 ph\u00edm s\u1ed1. V\u1edbi\u00a0<strong>ba\u0300n phi\u0301m<\/strong>\u00a0Logitech K120 USB, b\u1ea1n ch\u1ec9 c\u1ea7n c\u1eafm n\u00f3 v\u00e0o c\u1ed5ng USB tr\u00ean m\u00e1y t\u00ednh \u0111\u1ec3 b\u00e0n, m\u00e1y t\u00ednh x\u00e1ch tay ho\u1eb7c m\u00e1y t\u00ednh netbook v\u00e0 b\u1eaft \u0111\u1ea7u s\u1eed d\u1ee5ng n\u00f3 ngay l\u1eadp t\u1ee9c.<\/p>\n<figure id=\"attachment_10157\" aria-describedby=\"caption-attachment-10157\" style=\"width: 944px\" class=\"wp-caption alignnone\"><img loading=\"lazy\" decoding=\"async\" class=\"size-full wp-image-10157\" src=\"https:\/\/thanhphatpc.com\/wp-content\/uploads\/2023\/08\/ban-phim-may-tinh.png\" alt=\"Ba\u0300n phi\u0301m Logitech K120 USB\" width=\"944\" height=\"617\" srcset=\"https:\/\/thanhphatpc.com\/wp-content\/uploads\/2023\/08\/ban-phim-may-tinh.png 944w, https:\/\/thanhphatpc.com\/wp-content\/uploads\/2023\/08\/ban-phim-may-tinh-510x333.png 510w, https:\/\/thanhphatpc.com\/wp-content\/uploads\/2023\/08\/ban-phim-may-tinh-300x196.png 300w, https:\/\/thanhphatpc.com\/wp-content\/uploads\/2023\/08\/ban-phim-may-tinh-768x502.png 768w\" sizes=\"auto, (max-width: 944px) 100vw, 944px\" \/><figcaption id=\"caption-attachment-10157\" class=\"wp-caption-text\">Ba\u0300n phi\u0301m Logitech K120 USB<\/figcaption><\/figure>\n<p><strong>Thi\u1ebft k\u1ebf ch\u1ed1ng tr\u00e0n, b\u1ec1n b\u1ec9<\/strong><\/p>\n<p>B\u00e0n Ph\u00edm Logitech K120 v\u1edbi thi\u1ebft k\u1ebf ch\u1ed1ng tr\u00e0n hi\u1ec7u qu\u1ea3, ch\u1ea5t l\u1ecfng s\u1ebd t\u1ef1 ch\u1ea3y ra ngo\u00e0i n\u00ean b\u1ea1n s\u1ebd kh\u00f4ng c\u00f2n lo l\u1eafng v\u1ec1 s\u1ef1 c\u1ed1 v\u00f4 t\u00ecnh l\u00e0m \u0111\u1ed5 ch\u1ea5t l\u1ecfng l\u00ean tr\u00ean b\u00e0n ph\u00edm. K\u1ebft h\u1ee3p c\u00e1c ph\u00edm c\u00f3 \u0111\u1ed9 b\u1ec1n \u0111\u1ebfn 10 tri\u1ec7u l\u01b0\u1ee3t g\u00f5, b\u1ea1n c\u00f3 th\u1ec3 d\u00f9ng \u0111\u01b0\u1ee3c l\u00e2u d\u00e0i so v\u1edbi nhi\u1ec1u b\u00e0n ph\u00edm kh\u00e1c.<\/p>\n<p><strong>K\u00edch th\u01b0\u1edbc m\u1ecfng nh\u1eb9, d\u1ec5 d\u00e0ng s\u1eed d\u1ee5ng<\/strong><\/p>\n<p>B\u00e0n ph\u00edm c\u00f3 k\u00edch th\u01b0\u1edbc m\u1ecfng, ki\u1ec3u d\u00e1ng b\u1eaft m\u1eaft kh\u00f4ng ch\u1ec9 gi\u00fap ti\u1ebft ki\u1ec7m \u0111\u01b0\u1ee3c di\u1ec7n t\u00edch m\u00e0 c\u00f2n t\u1ea1o t\u00ednh th\u1ea9m m\u1ef9 cho kh\u00f4ng gian l\u00e0m vi\u1ec7c. Ngo\u00e0i ra, b\u1ea1n c\u00f2n c\u00f3 th\u1ec3 \u0111i\u1ec1u ch\u1ec9nh chi\u1ec1u cao b\u1eb1ng c\u00e1ch g\u1ea5p l\u1ea1i ho\u1eb7c m\u1edf r\u1ed9ng \u0111\u00f4i ch\u00e2n v\u1eefng ch\u1eafc \u0111\u1ec3 t\u0103ng \u0111\u1ed9 nghi\u00ean c\u1ee7a b\u00e0n ph\u00edm th\u00eam 8 \u0111\u1ed9.<\/p>\n<p>C\u00e1c ph\u00edm b\u1ea5m \u0111\u01b0\u1ee3c bo tr\u00f2n, c\u00e1c k\u00fd t\u1ef1 \u0111\u01b0\u1ee3c in \u0111\u1eadm v\u1edbi m\u00e0u tr\u1eafng s\u00e1ng gi\u00fap cho ng\u01b0\u1eddi d\u00f9ng d\u1ec5 \u0111\u1ecdc h\u01a1n, h\u1ed7 tr\u1ee3 t\u1ed1i \u0111a cho nh\u1eefng ng\u01b0\u1eddi c\u00f3 t\u1ea7m nh\u00ecn k\u00e9m.<\/p>\n<p><strong>K\u1ebft n\u1ed1i nhanh qua c\u1ed5ng USB<\/strong><\/p>\n<p>B\u00e0n Ph\u00edm Logitech K120 \u0111\u01b0\u1ee3c trang b\u1ecb c\u1ed5ng k\u1ebft n\u1ed1i USB d\u1ec5 d\u00e0ng t\u01b0\u01a1ng th\u00edch v\u1edbi c\u00e1c thi\u1ebft b\u1ecb m\u00e1y t\u00ednh nh\u01b0 PC hay laptop gi\u00fap b\u1ea1n thu\u1eadn ti\u1ec7n h\u01a1n khi s\u1eed d\u1ee5ng.<\/p>\n<p><strong>S\u1ef1 tin c\u1eady c\u1ee7a Logitech<\/strong><\/p>","protected":false},"excerpt":{"rendered":"<p>Ba\u0300n phi\u0301m Logitech K120 USB B\u00e0n tay c\u1ee7a b\u1ea1n s\u1ebd t\u1eadn h\u01b0\u1edfng nh\u1eefng ph\u00edm b\u1ea5m th\u1ea5p, y\u00ean t\u0129nh v\u00e0 b\u1ed1 tr\u00ed ph\u00edm ti\u00eau chu\u1ea9n v\u1edbi \u0111\u1ea7y \u0111\u1ee7 k\u00edch th\u01b0\u1edbc F-ph\u00edm v\u00e0 ph\u00edm s\u1ed1. V\u1edbi\u00a0ba\u0300n phi\u0301m\u00a0Logitech K120 USB, b\u1ea1n ch\u1ec9 c\u1ea7n c\u1eafm n\u00f3 v\u00e0o c\u1ed5ng USB tr\u00ean m\u00e1y t\u00ednh \u0111\u1ec3 b\u00e0n, m\u00e1y t\u00ednh x\u00e1ch tay ho\u1eb7c &#8230;<\/p>","protected":false},"featured_media":10155,"comment_status":"open","ping_status":"closed","template":"","meta":{"_acf_changed":false},"product_cat":[436],"product_tag":[2423,2418,2421,2422],"class_list":{"0":"post-10069","1":"product","2":"type-product","3":"status-publish","4":"has-post-thumbnail","6":"product_cat-ban-phim-pc","7":"product_tag-ban-phim-co-day","8":"product_tag-ban-phim-may-ban","9":"product_tag-ban-phim-may-tinh","10":"product_tag-ban-phim-van-phong","12":"first","13":"instock","14":"sale","15":"shipping-taxable","16":"purchasable","17":"product-type-simple"},"acf":[],"yoast_head":"<!-- This site is optimized with the Yoast SEO plugin v23.8 - https:\/\/yoast.com\/wordpress\/plugins\/seo\/ -->\n<title>Ba\u0300n phi\u0301m Logitech K120 USB - ThanhPhat PC<\/title>\n<meta name=\"description\" content=\"B\u00e0n ph\u00edm v\u0103n ph\u00f2ng, b\u00e0n ph\u00edm c\u00f3 d\u00e2y, b\u00e0n ph\u00edm\" \/>\n<meta name=\"robots\" content=\"index, follow, max-snippet:-1, max-image-preview:large, max-video-preview:-1\" \/>\n<link rel=\"canonical\" href=\"https:\/\/thanhphatpc.com\/en\/ban-phim-logitech-k120-usb\/\" \/>\n<meta property=\"og:locale\" content=\"en_US\" \/>\n<meta property=\"og:type\" content=\"article\" \/>\n<meta property=\"og:title\" content=\"Ba\u0300n phi\u0301m Logitech K120 USB - ThanhPhat PC\" \/>\n<meta property=\"og:description\" content=\"B\u00e0n ph\u00edm v\u0103n ph\u00f2ng, b\u00e0n ph\u00edm c\u00f3 d\u00e2y, b\u00e0n ph\u00edm\" \/>\n<meta property=\"og:url\" content=\"https:\/\/thanhphatpc.com\/en\/ban-phim-logitech-k120-usb\/\" \/>\n<meta property=\"og:site_name\" content=\"ThanhPhat PC\" \/>\n<meta property=\"article:modified_time\" content=\"2024-04-21T09:06:37+00:00\" \/>\n<meta property=\"og:image\" content=\"https:\/\/thanhphatpc.com\/wp-content\/uploads\/2023\/08\/ban-phim-01.png\" \/>\n\t<meta property=\"og:image:width\" content=\"563\" \/>\n\t<meta property=\"og:image:height\" content=\"671\" \/>\n\t<meta property=\"og:image:type\" content=\"image\/png\" \/>\n<meta name=\"twitter:card\" content=\"summary_large_image\" \/>\n<meta name=\"twitter:label1\" content=\"Est. reading time\" \/>\n\t<meta name=\"twitter:data1\" content=\"2 minutes\" \/>\n<script type=\"application\/ld+json\" class=\"yoast-schema-graph\">{\"@context\":\"https:\/\/schema.org\",\"@graph\":[{\"@type\":\"WebPage\",\"@id\":\"https:\/\/thanhphatpc.com\/ban-phim-logitech-k120-usb\/\",\"url\":\"https:\/\/thanhphatpc.com\/ban-phim-logitech-k120-usb\/\",\"name\":\"Ba\u0300n phi\u0301m Logitech K120 USB - ThanhPhat PC\",\"isPartOf\":{\"@id\":\"https:\/\/thanhphatpc.com\/#website\"},\"primaryImageOfPage\":{\"@id\":\"https:\/\/thanhphatpc.com\/ban-phim-logitech-k120-usb\/#primaryimage\"},\"image\":{\"@id\":\"https:\/\/thanhphatpc.com\/ban-phim-logitech-k120-usb\/#primaryimage\"},\"thumbnailUrl\":\"https:\/\/thanhphatpc.com\/wp-content\/uploads\/2023\/08\/ban-phim-01.png\",\"datePublished\":\"2023-08-19T15:55:24+00:00\",\"dateModified\":\"2024-04-21T09:06:37+00:00\",\"description\":\"B\u00e0n ph\u00edm v\u0103n ph\u00f2ng, b\u00e0n ph\u00edm c\u00f3 d\u00e2y, b\u00e0n ph\u00edm\",\"breadcrumb\":{\"@id\":\"https:\/\/thanhphatpc.com\/ban-phim-logitech-k120-usb\/#breadcrumb\"},\"inLanguage\":\"en-US\",\"potentialAction\":[{\"@type\":\"ReadAction\",\"target\":[\"https:\/\/thanhphatpc.com\/ban-phim-logitech-k120-usb\/\"]}]},{\"@type\":\"ImageObject\",\"inLanguage\":\"en-US\",\"@id\":\"https:\/\/thanhphatpc.com\/ban-phim-logitech-k120-usb\/#primaryimage\",\"url\":\"https:\/\/thanhphatpc.com\/wp-content\/uploads\/2023\/08\/ban-phim-01.png\",\"contentUrl\":\"https:\/\/thanhphatpc.com\/wp-content\/uploads\/2023\/08\/ban-phim-01.png\",\"width\":563,\"height\":671,\"caption\":\"Ba\u0300n phi\u0301m Logitech K120 USB B\u00e0n tay c\u1ee7a b\u1ea1n s\u1ebd t\u1eadn h\u01b0\u1edfng nh\u1eefng ph\u00edm b\u1ea5m th\u1ea5p, y\u00ean t\u0129nh v\u00e0 b\u1ed1 tr\u00ed ph\u00edm ti\u00eau chu\u1ea9n v\u1edbi \u0111\u1ea7y \u0111\u1ee7 k\u00edch th\u01b0\u1edbc F-ph\u00edm v\u00e0 ph\u00edm s\u1ed1. V\u1edbi ba\u0300n phi\u0301m Logitech K120 USB, b\u1ea1n ch\u1ec9 c\u1ea7n c\u1eafm n\u00f3 v\u00e0o c\u1ed5ng USB tr\u00ean m\u00e1y t\u00ednh \u0111\u1ec3 b\u00e0n, m\u00e1y t\u00ednh x\u00e1ch tay ho\u1eb7c m\u00e1y t\u00ednh netbook v\u00e0 b\u1eaft \u0111\u1ea7u s\u1eed d\u1ee5ng n\u00f3 ngay l\u1eadp t\u1ee9c.\"},{\"@type\":\"BreadcrumbList\",\"@id\":\"https:\/\/thanhphatpc.com\/ban-phim-logitech-k120-usb\/#breadcrumb\",\"itemListElement\":[{\"@type\":\"ListItem\",\"position\":1,\"name\":\"Trang ch\u1ee7\",\"item\":\"https:\/\/thanhphatpc.com\/\"},{\"@type\":\"ListItem\",\"position\":2,\"name\":\"C\u1eeda h\u00e0ng\",\"item\":\"https:\/\/thanhphatpc.com\/cua-hang\/\"},{\"@type\":\"ListItem\",\"position\":3,\"name\":\"Ba\u0300n phi\u0301m Logitech K120 USB\"}]},{\"@type\":\"WebSite\",\"@id\":\"https:\/\/thanhphatpc.com\/#website\",\"url\":\"https:\/\/thanhphatpc.com\/\",\"name\":\"ThanhPhat PC\",\"description\":\"D\u1ecbch v\u1ee5 ho\u00e0n h\u1ea3o\",\"potentialAction\":[{\"@type\":\"SearchAction\",\"target\":{\"@type\":\"EntryPoint\",\"urlTemplate\":\"https:\/\/thanhphatpc.com\/?s={search_term_string}\"},\"query-input\":{\"@type\":\"PropertyValueSpecification\",\"valueRequired\":true,\"valueName\":\"search_term_string\"}}],\"inLanguage\":\"en-US\"}]}<\/script>\n<!-- \/ Yoast SEO plugin. -->","yoast_head_json":{"title":"Ba\u0300n phi\u0301m Logitech K120 USB - ThanhPhat PC","description":"B\u00e0n ph\u00edm v\u0103n ph\u00f2ng, b\u00e0n ph\u00edm c\u00f3 d\u00e2y, b\u00e0n ph\u00edm","robots":{"index":"index","follow":"follow","max-snippet":"max-snippet:-1","max-image-preview":"max-image-preview:large","max-video-preview":"max-video-preview:-1"},"canonical":"https:\/\/thanhphatpc.com\/en\/ban-phim-logitech-k120-usb\/","og_locale":"en_US","og_type":"article","og_title":"Ba\u0300n phi\u0301m Logitech K120 USB - ThanhPhat PC","og_description":"B\u00e0n ph\u00edm v\u0103n ph\u00f2ng, b\u00e0n ph\u00edm c\u00f3 d\u00e2y, b\u00e0n ph\u00edm","og_url":"https:\/\/thanhphatpc.com\/en\/ban-phim-logitech-k120-usb\/","og_site_name":"ThanhPhat PC","article_modified_time":"2024-04-21T09:06:37+00:00","og_image":[{"width":563,"height":671,"url":"https:\/\/thanhphatpc.com\/wp-content\/uploads\/2023\/08\/ban-phim-01.png","type":"image\/png"}],"twitter_card":"summary_large_image","twitter_misc":{"Est. reading time":"2 minutes"},"schema":{"@context":"https:\/\/schema.org","@graph":[{"@type":"WebPage","@id":"https:\/\/thanhphatpc.com\/ban-phim-logitech-k120-usb\/","url":"https:\/\/thanhphatpc.com\/ban-phim-logitech-k120-usb\/","name":"Ba\u0300n phi\u0301m Logitech K120 USB - ThanhPhat PC","isPartOf":{"@id":"https:\/\/thanhphatpc.com\/#website"},"primaryImageOfPage":{"@id":"https:\/\/thanhphatpc.com\/ban-phim-logitech-k120-usb\/#primaryimage"},"image":{"@id":"https:\/\/thanhphatpc.com\/ban-phim-logitech-k120-usb\/#primaryimage"},"thumbnailUrl":"https:\/\/thanhphatpc.com\/wp-content\/uploads\/2023\/08\/ban-phim-01.png","datePublished":"2023-08-19T15:55:24+00:00","dateModified":"2024-04-21T09:06:37+00:00","description":"B\u00e0n ph\u00edm v\u0103n ph\u00f2ng, b\u00e0n ph\u00edm c\u00f3 d\u00e2y, b\u00e0n ph\u00edm","breadcrumb":{"@id":"https:\/\/thanhphatpc.com\/ban-phim-logitech-k120-usb\/#breadcrumb"},"inLanguage":"en-US","potentialAction":[{"@type":"ReadAction","target":["https:\/\/thanhphatpc.com\/ban-phim-logitech-k120-usb\/"]}]},{"@type":"ImageObject","inLanguage":"en-US","@id":"https:\/\/thanhphatpc.com\/ban-phim-logitech-k120-usb\/#primaryimage","url":"https:\/\/thanhphatpc.com\/wp-content\/uploads\/2023\/08\/ban-phim-01.png","contentUrl":"https:\/\/thanhphatpc.com\/wp-content\/uploads\/2023\/08\/ban-phim-01.png","width":563,"height":671,"caption":"Ba\u0300n phi\u0301m Logitech K120 USB B\u00e0n tay c\u1ee7a b\u1ea1n s\u1ebd t\u1eadn h\u01b0\u1edfng nh\u1eefng ph\u00edm b\u1ea5m th\u1ea5p, y\u00ean t\u0129nh v\u00e0 b\u1ed1 tr\u00ed ph\u00edm ti\u00eau chu\u1ea9n v\u1edbi \u0111\u1ea7y \u0111\u1ee7 k\u00edch th\u01b0\u1edbc F-ph\u00edm v\u00e0 ph\u00edm s\u1ed1. V\u1edbi ba\u0300n phi\u0301m Logitech K120 USB, b\u1ea1n ch\u1ec9 c\u1ea7n c\u1eafm n\u00f3 v\u00e0o c\u1ed5ng USB tr\u00ean m\u00e1y t\u00ednh \u0111\u1ec3 b\u00e0n, m\u00e1y t\u00ednh x\u00e1ch tay ho\u1eb7c m\u00e1y t\u00ednh netbook v\u00e0 b\u1eaft \u0111\u1ea7u s\u1eed d\u1ee5ng n\u00f3 ngay l\u1eadp t\u1ee9c."},{"@type":"BreadcrumbList","@id":"https:\/\/thanhphatpc.com\/ban-phim-logitech-k120-usb\/#breadcrumb","itemListElement":[{"@type":"ListItem","position":1,"name":"Trang ch\u1ee7","item":"https:\/\/thanhphatpc.com\/"},{"@type":"ListItem","position":2,"name":"C\u1eeda h\u00e0ng","item":"https:\/\/thanhphatpc.com\/cua-hang\/"},{"@type":"ListItem","position":3,"name":"Ba\u0300n phi\u0301m Logitech K120 USB"}]},{"@type":"WebSite","@id":"https:\/\/thanhphatpc.com\/#website","url":"https:\/\/thanhphatpc.com\/","name":"ThanhPhat PC","description":"D\u1ecbch v\u1ee5 ho\u00e0n h\u1ea3o","potentialAction":[{"@type":"SearchAction","target":{"@type":"EntryPoint","urlTemplate":"https:\/\/thanhphatpc.com\/?s={search_term_string}"},"query-input":{"@type":"PropertyValueSpecification","valueRequired":true,"valueName":"search_term_string"}}],"inLanguage":"en-US"}]}},"_links":{"self":[{"href":"https:\/\/thanhphatpc.com\/en\/wp-json\/wp\/v2\/product\/10069","targetHints":{"allow":["GET"]}}],"collection":[{"href":"https:\/\/thanhphatpc.com\/en\/wp-json\/wp\/v2\/product"}],"about":[{"href":"https:\/\/thanhphatpc.com\/en\/wp-json\/wp\/v2\/types\/product"}],"replies":[{"embeddable":true,"href":"https:\/\/thanhphatpc.com\/en\/wp-json\/wp\/v2\/comments?post=10069"}],"wp:featuredmedia":[{"embeddable":true,"href":"https:\/\/thanhphatpc.com\/en\/wp-json\/wp\/v2\/media\/10155"}],"wp:attachment":[{"href":"https:\/\/thanhphatpc.com\/en\/wp-json\/wp\/v2\/media?parent=10069"}],"wp:term":[{"taxonomy":"product_cat","embeddable":true,"href":"https:\/\/thanhphatpc.com\/en\/wp-json\/wp\/v2\/product_cat?post=10069"},{"taxonomy":"product_tag","embeddable":true,"href":"https:\/\/thanhphatpc.com\/en\/wp-json\/wp\/v2\/product_tag?post=10069"}],"curies":[{"name":"wp","href":"https:\/\/api.w.org\/{rel}","templated":true}]}}