{"id":10075,"date":"2023-10-19T16:00:24","date_gmt":"2023-10-19T09:00:24","guid":{"rendered":"https:\/\/thanhphatpc.com\/?post_type=product&#038;p=10075"},"modified":"2024-04-21T16:04:12","modified_gmt":"2024-04-21T09:04:12","slug":"may-cham-cong-ds-k1t343ewx","status":"publish","type":"product","link":"https:\/\/thanhphatpc.com\/en\/may-cham-cong-ds-k1t343ewx\/","title":{"rendered":"M\u00e1y ch\u1ea5m c\u00f4ng khu\u00f4n m\u1eb7t DS-K1T343EWX"},"content":{"rendered":"<figure id=\"attachment_10153\" aria-describedby=\"caption-attachment-10153\" style=\"width: 944px\" class=\"wp-caption alignnone\"><img loading=\"lazy\" decoding=\"async\" class=\"size-full wp-image-10153\" src=\"https:\/\/thanhphatpc.com\/wp-content\/uploads\/2023\/10\/may-cham-cong-khuon-mat-03.png\" alt=\"M\u00e1y ch\u1ea5m c\u00f4ng khu\u00f4n m\u1eb7t DS-K1T343EWX\" width=\"944\" height=\"617\" srcset=\"https:\/\/thanhphatpc.com\/wp-content\/uploads\/2023\/10\/may-cham-cong-khuon-mat-03.png 944w, https:\/\/thanhphatpc.com\/wp-content\/uploads\/2023\/10\/may-cham-cong-khuon-mat-03-510x333.png 510w, https:\/\/thanhphatpc.com\/wp-content\/uploads\/2023\/10\/may-cham-cong-khuon-mat-03-300x196.png 300w, https:\/\/thanhphatpc.com\/wp-content\/uploads\/2023\/10\/may-cham-cong-khuon-mat-03-768x502.png 768w\" sizes=\"auto, (max-width: 944px) 100vw, 944px\" \/><figcaption id=\"caption-attachment-10153\" class=\"wp-caption-text\">M\u00e1y ch\u1ea5m c\u00f4ng khu\u00f4n m\u1eb7t DS-K1T343EWX<\/figcaption><\/figure>\n<p>\u2022 M\u00e0n h\u00ecnh 4.3&#8243; c\u1ea3m \u1ee9ng<br \/>\n\u2022 Camera k\u00e9p 2MP g\u00f3c r\u1ed9ng<br \/>\n\u2022 Lo\u1ea1i th\u1ebb: EM<br \/>\n\u2022 Kho\u1ea3ng c\u00e1ch nh\u1eadn di\u1ec7n 0.3~1.5m<br \/>\n\u2022 Kh\u1ea3 n\u0103ng l\u01b0u tr\u1eef 1500 khu\u00f4n m\u1eb7t, 3000 th\u1ebb, 150.000 s\u1ef1 ki\u1ec7n<br \/>\n\u2022 Th\u1eddi gian nh\u1eadn di\u1ec7n (m\u1ed7i l\u1ea7n) &lt;0.2s<br \/>\n\u2022 K\u1ebft n\u1ed1i m\u1edf r\u1ed9ng \u0111\u1ea7u \u0111\u1ecdc th\u1ebb qua RS485<br \/>\n\u2022 Giao ti\u1ebfp ISUP5.0; ISAPI; audio 2 chi\u1ec1u v\u1edbi ph\u1ea7n m\u1ec1m, m\u00e0n h\u00ecnh trong nh\u00e0 v\u00e0 tr\u1ea1m ch\u00ednh, h\u1ed7 tr\u1ee3 TCP\/IP, Wifi<br \/>\n\u2022 Kh\u00f3a \u0111i\u1ec7n x1, c\u1ea3m bi\u1ebfn c\u1eeda x1, n\u00fat exit x1<br \/>\n\u2022 12VDC, 118.4 mm \u00d7 118.4 mm \u00d7 21.8 mm<\/p>\n<p>T\u00cdNH N\u0102NG \u0110\u1eb6C BI\u1ec6T: \u0110eo kh\u1ea3u trang v\u1eabn ch\u1ea5m \u0111\u01b0\u1ee3c v\u1edbi c\u00f4ng ngh\u1ec7 qu\u00e9t v\u00f5ng m\u1ea1c hi\u1ec7n \u0111\u1ea1i<\/p>","protected":false},"excerpt":{"rendered":"<p>\u2022 M\u00e0n h\u00ecnh 4.3&#8243; c\u1ea3m \u1ee9ng<br \/>\n\u2022 Camera k\u00e9p 2MP g\u00f3c r\u1ed9ng<br \/>\n\u2022 Lo\u1ea1i th\u1ebb: EM<br \/>\n\u2022 Kho\u1ea3ng c\u00e1ch nh\u1eadn di\u1ec7n 0.3~1.5m<br \/>\n\u2022 12VDC, 118.4 mm \u00d7 118.4 mm \u00d7 21.8 mm<\/p>","protected":false},"featured_media":10152,"comment_status":"open","ping_status":"closed","template":"","meta":{"_acf_changed":false},"product_cat":[437],"product_tag":[],"class_list":{"0":"post-10075","1":"product","2":"type-product","3":"status-publish","4":"has-post-thumbnail","6":"product_cat-may-cham-cong","8":"first","9":"instock","10":"sale","11":"shipping-taxable","12":"purchasable","13":"product-type-simple"},"acf":[],"yoast_head":"<!-- This site is optimized with the Yoast SEO plugin v23.8 - https:\/\/yoast.com\/wordpress\/plugins\/seo\/ -->\n<title>M\u00e1y ch\u1ea5m c\u00f4ng khu\u00f4n m\u1eb7t DS-K1T343EWX - ThanhPhat PC<\/title>\n<meta name=\"description\" content=\"M\u00e1y ch\u1ea5m c\u00f4ng khu\u00f4n m\u1eb7t; m\u00e1y ch\u1ea5m c\u00f4ng v\u00e2n tay\" \/>\n<meta name=\"robots\" content=\"index, follow, max-snippet:-1, max-image-preview:large, max-video-preview:-1\" \/>\n<link rel=\"canonical\" href=\"https:\/\/thanhphatpc.com\/en\/may-cham-cong-ds-k1t343ewx\/\" \/>\n<meta property=\"og:locale\" content=\"en_US\" \/>\n<meta property=\"og:type\" content=\"article\" \/>\n<meta property=\"og:title\" content=\"M\u00e1y ch\u1ea5m c\u00f4ng khu\u00f4n m\u1eb7t DS-K1T343EWX - ThanhPhat PC\" \/>\n<meta property=\"og:description\" content=\"M\u00e1y ch\u1ea5m c\u00f4ng khu\u00f4n m\u1eb7t; m\u00e1y ch\u1ea5m c\u00f4ng v\u00e2n tay\" \/>\n<meta property=\"og:url\" content=\"https:\/\/thanhphatpc.com\/en\/may-cham-cong-ds-k1t343ewx\/\" \/>\n<meta property=\"og:site_name\" content=\"ThanhPhat PC\" \/>\n<meta property=\"article:modified_time\" content=\"2024-04-21T09:04:12+00:00\" \/>\n<meta property=\"og:image\" content=\"https:\/\/thanhphatpc.com\/wp-content\/uploads\/2023\/10\/may-cham-cong-khuon-mat.png\" \/>\n\t<meta property=\"og:image:width\" content=\"563\" \/>\n\t<meta property=\"og:image:height\" content=\"671\" \/>\n\t<meta property=\"og:image:type\" content=\"image\/png\" \/>\n<meta name=\"twitter:card\" content=\"summary_large_image\" \/>\n<meta name=\"twitter:label1\" content=\"Est. reading time\" \/>\n\t<meta name=\"twitter:data1\" content=\"2 minutes\" \/>\n<script type=\"application\/ld+json\" class=\"yoast-schema-graph\">{\"@context\":\"https:\/\/schema.org\",\"@graph\":[{\"@type\":\"WebPage\",\"@id\":\"https:\/\/thanhphatpc.com\/may-cham-cong-ds-k1t343ewx\/\",\"url\":\"https:\/\/thanhphatpc.com\/may-cham-cong-ds-k1t343ewx\/\",\"name\":\"M\u00e1y ch\u1ea5m c\u00f4ng khu\u00f4n m\u1eb7t DS-K1T343EWX - ThanhPhat PC\",\"isPartOf\":{\"@id\":\"https:\/\/thanhphatpc.com\/#website\"},\"primaryImageOfPage\":{\"@id\":\"https:\/\/thanhphatpc.com\/may-cham-cong-ds-k1t343ewx\/#primaryimage\"},\"image\":{\"@id\":\"https:\/\/thanhphatpc.com\/may-cham-cong-ds-k1t343ewx\/#primaryimage\"},\"thumbnailUrl\":\"https:\/\/thanhphatpc.com\/wp-content\/uploads\/2023\/10\/may-cham-cong-khuon-mat.png\",\"datePublished\":\"2023-10-19T09:00:24+00:00\",\"dateModified\":\"2024-04-21T09:04:12+00:00\",\"description\":\"M\u00e1y ch\u1ea5m c\u00f4ng khu\u00f4n m\u1eb7t; m\u00e1y ch\u1ea5m c\u00f4ng v\u00e2n tay\",\"breadcrumb\":{\"@id\":\"https:\/\/thanhphatpc.com\/may-cham-cong-ds-k1t343ewx\/#breadcrumb\"},\"inLanguage\":\"en-US\",\"potentialAction\":[{\"@type\":\"ReadAction\",\"target\":[\"https:\/\/thanhphatpc.com\/may-cham-cong-ds-k1t343ewx\/\"]}]},{\"@type\":\"ImageObject\",\"inLanguage\":\"en-US\",\"@id\":\"https:\/\/thanhphatpc.com\/may-cham-cong-ds-k1t343ewx\/#primaryimage\",\"url\":\"https:\/\/thanhphatpc.com\/wp-content\/uploads\/2023\/10\/may-cham-cong-khuon-mat.png\",\"contentUrl\":\"https:\/\/thanhphatpc.com\/wp-content\/uploads\/2023\/10\/may-cham-cong-khuon-mat.png\",\"width\":563,\"height\":671,\"caption\":\"M\u00e1y ch\u1ea5m c\u00f4ng khu\u00f4n m\u1eb7t DS-K1T343EWX\"},{\"@type\":\"BreadcrumbList\",\"@id\":\"https:\/\/thanhphatpc.com\/may-cham-cong-ds-k1t343ewx\/#breadcrumb\",\"itemListElement\":[{\"@type\":\"ListItem\",\"position\":1,\"name\":\"Trang ch\u1ee7\",\"item\":\"https:\/\/thanhphatpc.com\/\"},{\"@type\":\"ListItem\",\"position\":2,\"name\":\"C\u1eeda h\u00e0ng\",\"item\":\"https:\/\/thanhphatpc.com\/cua-hang\/\"},{\"@type\":\"ListItem\",\"position\":3,\"name\":\"M\u00e1y ch\u1ea5m c\u00f4ng khu\u00f4n m\u1eb7t DS-K1T343EWX\"}]},{\"@type\":\"WebSite\",\"@id\":\"https:\/\/thanhphatpc.com\/#website\",\"url\":\"https:\/\/thanhphatpc.com\/\",\"name\":\"ThanhPhat PC\",\"description\":\"D\u1ecbch v\u1ee5 ho\u00e0n h\u1ea3o\",\"potentialAction\":[{\"@type\":\"SearchAction\",\"target\":{\"@type\":\"EntryPoint\",\"urlTemplate\":\"https:\/\/thanhphatpc.com\/?s={search_term_string}\"},\"query-input\":{\"@type\":\"PropertyValueSpecification\",\"valueRequired\":true,\"valueName\":\"search_term_string\"}}],\"inLanguage\":\"en-US\"}]}<\/script>\n<!-- \/ Yoast SEO plugin. -->","yoast_head_json":{"title":"M\u00e1y ch\u1ea5m c\u00f4ng khu\u00f4n m\u1eb7t DS-K1T343EWX - ThanhPhat PC","description":"M\u00e1y ch\u1ea5m c\u00f4ng khu\u00f4n m\u1eb7t; m\u00e1y ch\u1ea5m c\u00f4ng v\u00e2n tay","robots":{"index":"index","follow":"follow","max-snippet":"max-snippet:-1","max-image-preview":"max-image-preview:large","max-video-preview":"max-video-preview:-1"},"canonical":"https:\/\/thanhphatpc.com\/en\/may-cham-cong-ds-k1t343ewx\/","og_locale":"en_US","og_type":"article","og_title":"M\u00e1y ch\u1ea5m c\u00f4ng khu\u00f4n m\u1eb7t DS-K1T343EWX - ThanhPhat PC","og_description":"M\u00e1y ch\u1ea5m c\u00f4ng khu\u00f4n m\u1eb7t; m\u00e1y ch\u1ea5m c\u00f4ng v\u00e2n tay","og_url":"https:\/\/thanhphatpc.com\/en\/may-cham-cong-ds-k1t343ewx\/","og_site_name":"ThanhPhat PC","article_modified_time":"2024-04-21T09:04:12+00:00","og_image":[{"width":563,"height":671,"url":"https:\/\/thanhphatpc.com\/wp-content\/uploads\/2023\/10\/may-cham-cong-khuon-mat.png","type":"image\/png"}],"twitter_card":"summary_large_image","twitter_misc":{"Est. reading time":"2 minutes"},"schema":{"@context":"https:\/\/schema.org","@graph":[{"@type":"WebPage","@id":"https:\/\/thanhphatpc.com\/may-cham-cong-ds-k1t343ewx\/","url":"https:\/\/thanhphatpc.com\/may-cham-cong-ds-k1t343ewx\/","name":"M\u00e1y ch\u1ea5m c\u00f4ng khu\u00f4n m\u1eb7t DS-K1T343EWX - ThanhPhat PC","isPartOf":{"@id":"https:\/\/thanhphatpc.com\/#website"},"primaryImageOfPage":{"@id":"https:\/\/thanhphatpc.com\/may-cham-cong-ds-k1t343ewx\/#primaryimage"},"image":{"@id":"https:\/\/thanhphatpc.com\/may-cham-cong-ds-k1t343ewx\/#primaryimage"},"thumbnailUrl":"https:\/\/thanhphatpc.com\/wp-content\/uploads\/2023\/10\/may-cham-cong-khuon-mat.png","datePublished":"2023-10-19T09:00:24+00:00","dateModified":"2024-04-21T09:04:12+00:00","description":"M\u00e1y ch\u1ea5m c\u00f4ng khu\u00f4n m\u1eb7t; m\u00e1y ch\u1ea5m c\u00f4ng v\u00e2n tay","breadcrumb":{"@id":"https:\/\/thanhphatpc.com\/may-cham-cong-ds-k1t343ewx\/#breadcrumb"},"inLanguage":"en-US","potentialAction":[{"@type":"ReadAction","target":["https:\/\/thanhphatpc.com\/may-cham-cong-ds-k1t343ewx\/"]}]},{"@type":"ImageObject","inLanguage":"en-US","@id":"https:\/\/thanhphatpc.com\/may-cham-cong-ds-k1t343ewx\/#primaryimage","url":"https:\/\/thanhphatpc.com\/wp-content\/uploads\/2023\/10\/may-cham-cong-khuon-mat.png","contentUrl":"https:\/\/thanhphatpc.com\/wp-content\/uploads\/2023\/10\/may-cham-cong-khuon-mat.png","width":563,"height":671,"caption":"M\u00e1y ch\u1ea5m c\u00f4ng khu\u00f4n m\u1eb7t DS-K1T343EWX"},{"@type":"BreadcrumbList","@id":"https:\/\/thanhphatpc.com\/may-cham-cong-ds-k1t343ewx\/#breadcrumb","itemListElement":[{"@type":"ListItem","position":1,"name":"Trang ch\u1ee7","item":"https:\/\/thanhphatpc.com\/"},{"@type":"ListItem","position":2,"name":"C\u1eeda h\u00e0ng","item":"https:\/\/thanhphatpc.com\/cua-hang\/"},{"@type":"ListItem","position":3,"name":"M\u00e1y ch\u1ea5m c\u00f4ng khu\u00f4n m\u1eb7t DS-K1T343EWX"}]},{"@type":"WebSite","@id":"https:\/\/thanhphatpc.com\/#website","url":"https:\/\/thanhphatpc.com\/","name":"ThanhPhat PC","description":"D\u1ecbch v\u1ee5 ho\u00e0n h\u1ea3o","potentialAction":[{"@type":"SearchAction","target":{"@type":"EntryPoint","urlTemplate":"https:\/\/thanhphatpc.com\/?s={search_term_string}"},"query-input":{"@type":"PropertyValueSpecification","valueRequired":true,"valueName":"search_term_string"}}],"inLanguage":"en-US"}]}},"_links":{"self":[{"href":"https:\/\/thanhphatpc.com\/en\/wp-json\/wp\/v2\/product\/10075","targetHints":{"allow":["GET"]}}],"collection":[{"href":"https:\/\/thanhphatpc.com\/en\/wp-json\/wp\/v2\/product"}],"about":[{"href":"https:\/\/thanhphatpc.com\/en\/wp-json\/wp\/v2\/types\/product"}],"replies":[{"embeddable":true,"href":"https:\/\/thanhphatpc.com\/en\/wp-json\/wp\/v2\/comments?post=10075"}],"wp:featuredmedia":[{"embeddable":true,"href":"https:\/\/thanhphatpc.com\/en\/wp-json\/wp\/v2\/media\/10152"}],"wp:attachment":[{"href":"https:\/\/thanhphatpc.com\/en\/wp-json\/wp\/v2\/media?parent=10075"}],"wp:term":[{"taxonomy":"product_cat","embeddable":true,"href":"https:\/\/thanhphatpc.com\/en\/wp-json\/wp\/v2\/product_cat?post=10075"},{"taxonomy":"product_tag","embeddable":true,"href":"https:\/\/thanhphatpc.com\/en\/wp-json\/wp\/v2\/product_tag?post=10075"}],"curies":[{"name":"wp","href":"https:\/\/api.w.org\/{rel}","templated":true}]}}