{"id":10077,"date":"2023-10-19T16:17:34","date_gmt":"2023-10-19T09:17:34","guid":{"rendered":"https:\/\/thanhphatpc.com\/?post_type=product&#038;p=10077"},"modified":"2024-04-21T15:59:22","modified_gmt":"2024-04-21T08:59:22","slug":"may-cham-cong-rj-k89","status":"publish","type":"product","link":"https:\/\/thanhphatpc.com\/en\/may-cham-cong-rj-k89\/","title":{"rendered":"M\u00e1y Ch\u1ea5m C\u00f4ng RJ K89"},"content":{"rendered":"<h2><strong>M\u00e1y Ch\u1ea5m C\u00f4ng Ronald Jack K89<\/strong><\/h2>\n<figure id=\"attachment_10151\" aria-describedby=\"caption-attachment-10151\" style=\"width: 944px\" class=\"wp-caption alignnone\"><img loading=\"lazy\" decoding=\"async\" class=\"size-full wp-image-10151\" src=\"https:\/\/thanhphatpc.com\/wp-content\/uploads\/2023\/10\/may-cham-cong-02.png\" alt=\"M\u00c1Y CH\u1ea4M C\u00d4NG V\u00c2N TAY KI\u1ec2M SO\u00c1T C\u1eecA RA V\u00c0O RONALD JACK K890\" width=\"944\" height=\"617\" srcset=\"https:\/\/thanhphatpc.com\/wp-content\/uploads\/2023\/10\/may-cham-cong-02.png 944w, https:\/\/thanhphatpc.com\/wp-content\/uploads\/2023\/10\/may-cham-cong-02-510x333.png 510w, https:\/\/thanhphatpc.com\/wp-content\/uploads\/2023\/10\/may-cham-cong-02-300x196.png 300w, https:\/\/thanhphatpc.com\/wp-content\/uploads\/2023\/10\/may-cham-cong-02-768x502.png 768w\" sizes=\"auto, (max-width: 944px) 100vw, 944px\" \/><figcaption id=\"caption-attachment-10151\" class=\"wp-caption-text\">M\u00c1Y CH\u1ea4M C\u00d4NG V\u00c2N TAY KI\u1ec2M SO\u00c1T C\u1eecA RA V\u00c0O RONALD JACK K890<\/figcaption><\/figure>\n<table>\n<tbody>\n<tr>\n<td>Model<\/td>\n<td>Ronald Jack K89<\/td>\n<\/tr>\n<tr>\n<td>Dung l\u01b0\u1ee3ng<\/td>\n<td>2.000 v\u00e2n tay + 2.000 th\u1ebb<\/td>\n<\/tr>\n<tr>\n<td>B\u1ed9 nh\u1edb<\/td>\n<td>100.000 b\u1ea3n ghi<\/td>\n<\/tr>\n<tr>\n<td>Xu\u1ea5t x\u1ee9<\/td>\n<td>Malaysia<\/td>\n<\/tr>\n<tr>\n<td>H\u00e3ng s\u00e3n xu\u1ea5t<\/td>\n<td>Ronald Jack<\/td>\n<\/tr>\n<tr>\n<td>Pin l\u01b0u \u0111i\u1ec7n<\/td>\n<td>Kh\u00f4ng<\/td>\n<\/tr>\n<tr>\n<td>Ki\u1ec3m so\u00e1t c\u1eeda<\/td>\n<td>Kh\u00f4ng<\/td>\n<\/tr>\n<tr>\n<td>Ng\u00f4n ng\u1eef<\/td>\n<td>TI\u1ebeNG VI\u1ec6T<\/td>\n<\/tr>\n<tr>\n<td>Ngu\u1ed3n \u0111i\u1ec7n<\/td>\n<td>12V<\/td>\n<\/tr>\n<tr>\n<td>Th\u1eddi gian x\u00e1c nh\u1eadn<\/td>\n<td>\u00a0\u22641s<\/td>\n<\/tr>\n<tr>\n<td>C\u1ed5ng k\u1ebft n\u1ed1i<\/td>\n<td>TCP\/IP, USB<\/td>\n<\/tr>\n<tr>\n<td>M\u00e0n h\u00ecnh<\/td>\n<td>3\u2033 TFT m\u00e0u<\/td>\n<\/tr>\n<tr>\n<td>B\u00e1o hi\u1ec7u<\/td>\n<td>\u00c2m thanh, \u0111\u00e8n LED<\/td>\n<\/tr>\n<tr>\n<td>K\u00edch th\u01b0\u1edbc<\/td>\n<td>184x136x37.6(mm)<\/td>\n<\/tr>\n<tr>\n<td>Nhi\u1ec7t \u0111\u1ed9 ho\u1ea1t \u0111\u1ed9ng<\/td>\n<td>0\u00b0C \u2013 45\u00b0C<\/td>\n<\/tr>\n<tr>\n<td>\u0110\u1ed9 \u1ea9m ho\u1ea1t \u0111\u1ed9ng<\/td>\n<td>20% \u2013 80%<\/td>\n<\/tr>\n<\/tbody>\n<\/table>\n<h4><strong><em>\u01afu \u0111i\u1ec3m:<\/em><\/strong><\/h4>\n<ul>\n<li>Thi\u1ebft b\u1ecb nh\u1ecf g\u1ecdn, thi\u1ebft k\u1ebf sang tr\u1ecdng.<\/li>\n<li>Giao ti\u1ebfp qua c\u1ed5ng m\u1ea1ng\u00a0<strong>LAN<\/strong>\u00a0thu\u1eadn ti\u1ec7n.<\/li>\n<li>Dung l\u01b0\u1ee3ng \u0111\u1ee7 d\u00f9ng cho v\u0103n ph\u00f2ng c\u1ee1 trung \u0111\u1ebfn l\u1edbn.<\/li>\n<li>Kh\u00e1ch h\u00e0ng c\u00f3 th\u1ec3 d\u00f9ng\u00a0<strong>USB<\/strong>\u00a0\u0111\u1ec3 l\u1ea5y d\u1eef li\u1ec7u t\u1eeb m\u00e1y ch\u1ea5m c\u00f4ng.<\/li>\n<li>Ch\u1ec9 c\u00f3 ng\u01b0\u1eddi\u00a0<strong>qu\u1ea3n l\u00fd<\/strong>\u00a0m\u1edbi c\u00f3 th\u1ec3 th\u00eam b\u1edbt, s\u1eeda, x\u00f3a v\u00e2n tay tr\u00ean thi\u1ebft b\u1ecb.<\/li>\n<li>D\u1eef li\u1ec7u ch\u1ea5m c\u00f4ng<strong>\u00a0l\u01b0u tr\u1eef<\/strong>\u00a0tr\u00ean b\u1ed9 nh\u1edb c\u1ee7a\u00a0<strong>m\u00e1y<\/strong>\u00a0ngay c\u1ea3 khi\u00a0<strong>m\u1ea5t \u0111i\u1ec7n.<\/strong><\/li>\n<li>M\u1eaft \u0111\u1ecdc v\u00e2n tay c\u00f4ng ngh\u1ec7\u00a0<strong>quang h\u1ecdc<\/strong>, ch\u1ed1ng ch\u00e0y x\u01b0\u1edbc, th\u1eddi gian ch\u1ea5m c\u00f4ng ch\u1ec9\u00a0<strong>\u22641 gi\u00e2y.<\/strong><\/li>\n<\/ul>\n<h4><em><strong>Ph\u1ea7n M\u1ec1m:<\/strong><\/em><\/h4>\n<ul>\n<li>Ph\u1ea7n m\u1ec1m\u00a0<strong>Wise Eye On 39<\/strong>\u00a0v\u00e0 giao di\u1ec7n d\u1ec5 s\u1eed d\u1ee5ng<\/li>\n<li>B\u1ea3o m\u1eadt cao:<strong>\u00a0kh\u00f4ng ch\u1ea5m c\u00f4ng d\u00f9m \u0111\u01b0\u1ee3c<\/strong><\/li>\n<li>C\u00e1c b\u00e1o c\u00e1o xu\u1ea5t d\u1eef li\u1ec7u ch\u1ea5m c\u00f4ng ra\u00a0<strong>Excel<\/strong>\u00a0d\u1ec5 dang t\u00ednh l\u01b0\u01a1ng( b\u1ea3ng chi ti\u1ebft, t\u1ed5ng h\u1ee3p ng\u00e0y\/ tu\u1ea7n\/ th\u00e1ng\u2026)<\/li>\n<li>Qu\u1ea3n l\u00fd\u00a0<strong>nhi\u1ec1u ca<\/strong>\u00a0l\u00e0m vi\u1ec7c nh\u01b0 ca \u0111\u00eam, h\u00e0nh ch\u00ednh, part time\u2026 ph\u00f9 h\u1ee3p v\u1edbi nhu c\u1ea7u c\u1ee7a c\u00e1c c\u00f4ng ty, x\u01b0\u1edfng s\u1ea3n xu\u1ea5t, nh\u00e0 h\u00e0ng,\u2026<\/li>\n<li>Ph\u1ea7n m\u1ec1m ch\u1ea5m c\u00f4ng d\u1ec5 s\u1eed d\u1ee5ng, ch\u1ea1y \u1ed5n \u0111\u1ecbnh, c\u00e0i \u0111\u1eb7t tr\u00ean\u00a0<strong>Windows 7,8,10<\/strong>\u00a0b\u00e1o c\u00e1o \u0111a d\u1ea1ng phong ph\u00fa.<\/li>\n<li>Ph\u1ea7n m\u1ec1m ch\u1ea1y tr\u00ean n\u1ec1n\u00a0<strong>Access<\/strong>\u00a0ho\u1eb7c\u00a0<strong>SQL<\/strong>\u00a0n\u00ean r\u1ea5t \u1ed5n \u0111\u1ecbnh kh\u00f4ng b\u1ecb m\u1ea5t d\u1eef li\u1ec7u khi c\u00e0i l\u1ea1i m\u00e1y.<\/li>\n<\/ul>","protected":false},"excerpt":{"rendered":"<p class=\"code\">C\u00f4ng su\u1ea5t: <strong>2000<\/strong> V\u00e2n tay +\u00a0<strong>2000<\/strong>\u00a0Th\u1ebb<\/p>\n<p>B\u1ed9 nh\u1edb: 1<strong>00.000<\/strong>\u00a0b\u1ea3n ghi<\/p>\n<p>Giao ti\u00ea\u0301p:\u00a0<strong>LAN<\/strong>\u00a0\/\u00a0<strong>TCP\/IP<\/strong>\u00a0\/\u00a0<strong>USB<\/strong><\/p>\n<p class=\"tinhtrang\">T\u1eb7ng ph\u1ea7n m\u1ec1m :\u00a0<strong>TI\u1ebeNG VI\u1ec6T<\/strong><\/p>\n<p>Th\u01b0\u01a1ng hi\u1ec7u:\u00a0<strong>Ronald Jack<\/strong><\/p>\n<p>B\u1ea3o h\u00e0nh:\u00a0<strong>12 th\u00e1ng<\/strong><\/p>","protected":false},"featured_media":10149,"comment_status":"open","ping_status":"closed","template":"","meta":{"_acf_changed":false},"product_cat":[437],"product_tag":[],"class_list":{"0":"post-10077","1":"product","2":"type-product","3":"status-publish","4":"has-post-thumbnail","6":"product_cat-may-cham-cong","8":"first","9":"instock","10":"sale","11":"shipping-taxable","12":"purchasable","13":"product-type-simple"},"acf":[],"yoast_head":"<!-- This site is optimized with the Yoast SEO plugin v23.8 - https:\/\/yoast.com\/wordpress\/plugins\/seo\/ -->\n<title>M\u00e1y Ch\u1ea5m C\u00f4ng RJ K89 - ThanhPhat PC<\/title>\n<meta name=\"description\" content=\"M\u00e1y ch\u1ea5m c\u00f4ng v\u00e2n tay, th\u1ebb t\u1eeb\" \/>\n<meta name=\"robots\" content=\"index, follow, max-snippet:-1, max-image-preview:large, max-video-preview:-1\" \/>\n<link rel=\"canonical\" href=\"https:\/\/thanhphatpc.com\/en\/may-cham-cong-rj-k89\/\" \/>\n<meta property=\"og:locale\" content=\"en_US\" \/>\n<meta property=\"og:type\" content=\"article\" \/>\n<meta property=\"og:title\" content=\"M\u00e1y Ch\u1ea5m C\u00f4ng RJ K89 - ThanhPhat PC\" \/>\n<meta property=\"og:description\" content=\"M\u00e1y ch\u1ea5m c\u00f4ng v\u00e2n tay, th\u1ebb t\u1eeb\" \/>\n<meta property=\"og:url\" content=\"https:\/\/thanhphatpc.com\/en\/may-cham-cong-rj-k89\/\" \/>\n<meta property=\"og:site_name\" content=\"ThanhPhat PC\" \/>\n<meta property=\"article:modified_time\" content=\"2024-04-21T08:59:22+00:00\" \/>\n<meta property=\"og:image\" content=\"https:\/\/thanhphatpc.com\/wp-content\/uploads\/2023\/10\/may-cham-cong-01.png\" \/>\n\t<meta property=\"og:image:width\" content=\"563\" \/>\n\t<meta property=\"og:image:height\" content=\"671\" \/>\n\t<meta property=\"og:image:type\" content=\"image\/png\" \/>\n<meta name=\"twitter:card\" content=\"summary_large_image\" \/>\n<meta name=\"twitter:label1\" content=\"Est. reading time\" \/>\n\t<meta name=\"twitter:data1\" content=\"3 minutes\" \/>\n<script type=\"application\/ld+json\" class=\"yoast-schema-graph\">{\"@context\":\"https:\/\/schema.org\",\"@graph\":[{\"@type\":\"WebPage\",\"@id\":\"https:\/\/thanhphatpc.com\/may-cham-cong-rj-k89\/\",\"url\":\"https:\/\/thanhphatpc.com\/may-cham-cong-rj-k89\/\",\"name\":\"M\u00e1y Ch\u1ea5m C\u00f4ng RJ K89 - ThanhPhat PC\",\"isPartOf\":{\"@id\":\"https:\/\/thanhphatpc.com\/#website\"},\"primaryImageOfPage\":{\"@id\":\"https:\/\/thanhphatpc.com\/may-cham-cong-rj-k89\/#primaryimage\"},\"image\":{\"@id\":\"https:\/\/thanhphatpc.com\/may-cham-cong-rj-k89\/#primaryimage\"},\"thumbnailUrl\":\"https:\/\/thanhphatpc.com\/wp-content\/uploads\/2023\/10\/may-cham-cong-01.png\",\"datePublished\":\"2023-10-19T09:17:34+00:00\",\"dateModified\":\"2024-04-21T08:59:22+00:00\",\"description\":\"M\u00e1y ch\u1ea5m c\u00f4ng v\u00e2n tay, th\u1ebb t\u1eeb\",\"breadcrumb\":{\"@id\":\"https:\/\/thanhphatpc.com\/may-cham-cong-rj-k89\/#breadcrumb\"},\"inLanguage\":\"en-US\",\"potentialAction\":[{\"@type\":\"ReadAction\",\"target\":[\"https:\/\/thanhphatpc.com\/may-cham-cong-rj-k89\/\"]}]},{\"@type\":\"ImageObject\",\"inLanguage\":\"en-US\",\"@id\":\"https:\/\/thanhphatpc.com\/may-cham-cong-rj-k89\/#primaryimage\",\"url\":\"https:\/\/thanhphatpc.com\/wp-content\/uploads\/2023\/10\/may-cham-cong-01.png\",\"contentUrl\":\"https:\/\/thanhphatpc.com\/wp-content\/uploads\/2023\/10\/may-cham-cong-01.png\",\"width\":563,\"height\":671,\"caption\":\"M\u00e1y Ch\u1ea5m C\u00f4ng RJ K89\"},{\"@type\":\"BreadcrumbList\",\"@id\":\"https:\/\/thanhphatpc.com\/may-cham-cong-rj-k89\/#breadcrumb\",\"itemListElement\":[{\"@type\":\"ListItem\",\"position\":1,\"name\":\"Trang ch\u1ee7\",\"item\":\"https:\/\/thanhphatpc.com\/\"},{\"@type\":\"ListItem\",\"position\":2,\"name\":\"C\u1eeda h\u00e0ng\",\"item\":\"https:\/\/thanhphatpc.com\/cua-hang\/\"},{\"@type\":\"ListItem\",\"position\":3,\"name\":\"M\u00e1y Ch\u1ea5m C\u00f4ng RJ K89\"}]},{\"@type\":\"WebSite\",\"@id\":\"https:\/\/thanhphatpc.com\/#website\",\"url\":\"https:\/\/thanhphatpc.com\/\",\"name\":\"ThanhPhat PC\",\"description\":\"D\u1ecbch v\u1ee5 ho\u00e0n h\u1ea3o\",\"potentialAction\":[{\"@type\":\"SearchAction\",\"target\":{\"@type\":\"EntryPoint\",\"urlTemplate\":\"https:\/\/thanhphatpc.com\/?s={search_term_string}\"},\"query-input\":{\"@type\":\"PropertyValueSpecification\",\"valueRequired\":true,\"valueName\":\"search_term_string\"}}],\"inLanguage\":\"en-US\"}]}<\/script>\n<!-- \/ Yoast SEO plugin. -->","yoast_head_json":{"title":"M\u00e1y Ch\u1ea5m C\u00f4ng RJ K89 - ThanhPhat PC","description":"M\u00e1y ch\u1ea5m c\u00f4ng v\u00e2n tay, th\u1ebb t\u1eeb","robots":{"index":"index","follow":"follow","max-snippet":"max-snippet:-1","max-image-preview":"max-image-preview:large","max-video-preview":"max-video-preview:-1"},"canonical":"https:\/\/thanhphatpc.com\/en\/may-cham-cong-rj-k89\/","og_locale":"en_US","og_type":"article","og_title":"M\u00e1y Ch\u1ea5m C\u00f4ng RJ K89 - ThanhPhat PC","og_description":"M\u00e1y ch\u1ea5m c\u00f4ng v\u00e2n tay, th\u1ebb t\u1eeb","og_url":"https:\/\/thanhphatpc.com\/en\/may-cham-cong-rj-k89\/","og_site_name":"ThanhPhat PC","article_modified_time":"2024-04-21T08:59:22+00:00","og_image":[{"width":563,"height":671,"url":"https:\/\/thanhphatpc.com\/wp-content\/uploads\/2023\/10\/may-cham-cong-01.png","type":"image\/png"}],"twitter_card":"summary_large_image","twitter_misc":{"Est. reading time":"3 minutes"},"schema":{"@context":"https:\/\/schema.org","@graph":[{"@type":"WebPage","@id":"https:\/\/thanhphatpc.com\/may-cham-cong-rj-k89\/","url":"https:\/\/thanhphatpc.com\/may-cham-cong-rj-k89\/","name":"M\u00e1y Ch\u1ea5m C\u00f4ng RJ K89 - ThanhPhat PC","isPartOf":{"@id":"https:\/\/thanhphatpc.com\/#website"},"primaryImageOfPage":{"@id":"https:\/\/thanhphatpc.com\/may-cham-cong-rj-k89\/#primaryimage"},"image":{"@id":"https:\/\/thanhphatpc.com\/may-cham-cong-rj-k89\/#primaryimage"},"thumbnailUrl":"https:\/\/thanhphatpc.com\/wp-content\/uploads\/2023\/10\/may-cham-cong-01.png","datePublished":"2023-10-19T09:17:34+00:00","dateModified":"2024-04-21T08:59:22+00:00","description":"M\u00e1y ch\u1ea5m c\u00f4ng v\u00e2n tay, th\u1ebb t\u1eeb","breadcrumb":{"@id":"https:\/\/thanhphatpc.com\/may-cham-cong-rj-k89\/#breadcrumb"},"inLanguage":"en-US","potentialAction":[{"@type":"ReadAction","target":["https:\/\/thanhphatpc.com\/may-cham-cong-rj-k89\/"]}]},{"@type":"ImageObject","inLanguage":"en-US","@id":"https:\/\/thanhphatpc.com\/may-cham-cong-rj-k89\/#primaryimage","url":"https:\/\/thanhphatpc.com\/wp-content\/uploads\/2023\/10\/may-cham-cong-01.png","contentUrl":"https:\/\/thanhphatpc.com\/wp-content\/uploads\/2023\/10\/may-cham-cong-01.png","width":563,"height":671,"caption":"M\u00e1y Ch\u1ea5m C\u00f4ng RJ K89"},{"@type":"BreadcrumbList","@id":"https:\/\/thanhphatpc.com\/may-cham-cong-rj-k89\/#breadcrumb","itemListElement":[{"@type":"ListItem","position":1,"name":"Trang ch\u1ee7","item":"https:\/\/thanhphatpc.com\/"},{"@type":"ListItem","position":2,"name":"C\u1eeda h\u00e0ng","item":"https:\/\/thanhphatpc.com\/cua-hang\/"},{"@type":"ListItem","position":3,"name":"M\u00e1y Ch\u1ea5m C\u00f4ng RJ K89"}]},{"@type":"WebSite","@id":"https:\/\/thanhphatpc.com\/#website","url":"https:\/\/thanhphatpc.com\/","name":"ThanhPhat PC","description":"D\u1ecbch v\u1ee5 ho\u00e0n h\u1ea3o","potentialAction":[{"@type":"SearchAction","target":{"@type":"EntryPoint","urlTemplate":"https:\/\/thanhphatpc.com\/?s={search_term_string}"},"query-input":{"@type":"PropertyValueSpecification","valueRequired":true,"valueName":"search_term_string"}}],"inLanguage":"en-US"}]}},"_links":{"self":[{"href":"https:\/\/thanhphatpc.com\/en\/wp-json\/wp\/v2\/product\/10077","targetHints":{"allow":["GET"]}}],"collection":[{"href":"https:\/\/thanhphatpc.com\/en\/wp-json\/wp\/v2\/product"}],"about":[{"href":"https:\/\/thanhphatpc.com\/en\/wp-json\/wp\/v2\/types\/product"}],"replies":[{"embeddable":true,"href":"https:\/\/thanhphatpc.com\/en\/wp-json\/wp\/v2\/comments?post=10077"}],"wp:featuredmedia":[{"embeddable":true,"href":"https:\/\/thanhphatpc.com\/en\/wp-json\/wp\/v2\/media\/10149"}],"wp:attachment":[{"href":"https:\/\/thanhphatpc.com\/en\/wp-json\/wp\/v2\/media?parent=10077"}],"wp:term":[{"taxonomy":"product_cat","embeddable":true,"href":"https:\/\/thanhphatpc.com\/en\/wp-json\/wp\/v2\/product_cat?post=10077"},{"taxonomy":"product_tag","embeddable":true,"href":"https:\/\/thanhphatpc.com\/en\/wp-json\/wp\/v2\/product_tag?post=10077"}],"curies":[{"name":"wp","href":"https:\/\/api.w.org\/{rel}","templated":true}]}}