{"id":10080,"date":"2023-10-19T16:30:34","date_gmt":"2023-10-19T09:30:34","guid":{"rendered":"https:\/\/thanhphatpc.com\/?post_type=product&#038;p=10080"},"modified":"2024-04-21T15:55:36","modified_gmt":"2024-04-21T08:55:36","slug":"bo-phat-wifi-ruijie-reyee-rg-rap2200f","status":"publish","type":"product","link":"https:\/\/thanhphatpc.com\/en\/bo-phat-wifi-ruijie-reyee-rg-rap2200f\/","title":{"rendered":"B\u1ed9 ph\u00e1t Wifi RUIJIE REYEE RG-RAP2200(F)"},"content":{"rendered":"<p><strong>B\u1ed9 ph\u00e1t Wifi \u1ed1p tr\u1ea7n ho\u1eb7c g\u1eafn t\u01b0\u1eddng RUIJIE REYEE RG-RAP2200(F)<\/strong>\u00a0gi\u00e1 r\u1ebb. T\u1ed1c \u0111\u1ed9 l\u00ean \u0111\u1ebfn 1.267Gbps. Ph\u00f9 h\u1ee3p s\u1eed d\u1ee5ng cho kh\u00e1ch s\u1ea1n, c\u1eeda h\u00e0ng, c\u00e0 ph\u00ea \u2026<\/p>\n<figure id=\"attachment_10148\" aria-describedby=\"caption-attachment-10148\" style=\"width: 944px\" class=\"wp-caption alignnone\"><img loading=\"lazy\" decoding=\"async\" class=\"size-full wp-image-10148\" src=\"https:\/\/thanhphatpc.com\/wp-content\/uploads\/2023\/10\/bo-phat-wifi-02.png\" alt=\"B\u1ed9 ph\u00e1t Wifi RUIJIE REYEE RG-RAP2200(F)\" width=\"944\" height=\"617\" srcset=\"https:\/\/thanhphatpc.com\/wp-content\/uploads\/2023\/10\/bo-phat-wifi-02.png 944w, https:\/\/thanhphatpc.com\/wp-content\/uploads\/2023\/10\/bo-phat-wifi-02-510x333.png 510w, https:\/\/thanhphatpc.com\/wp-content\/uploads\/2023\/10\/bo-phat-wifi-02-300x196.png 300w, https:\/\/thanhphatpc.com\/wp-content\/uploads\/2023\/10\/bo-phat-wifi-02-768x502.png 768w\" sizes=\"auto, (max-width: 944px) 100vw, 944px\" \/><figcaption id=\"caption-attachment-10148\" class=\"wp-caption-text\">B\u1ed9 ph\u00e1t Wifi RUIJIE REYEE RG-RAP2200(F)<\/figcaption><\/figure>\n<p>RUIJIE REYEE RG-RAP2200(F) thi\u1ebft k\u1ebf m\u00e0u tr\u1eafng trang nh\u00e3, d\u1ec5 d\u00e0ng l\u1eafp \u0111\u1eb7t v\u00e0 s\u1eed d\u1ee5ng. \u0110\u00e2y l\u00e0 AP g\u1eafn tr\u1ea7n hi\u1ec7u su\u1ea5t cao cho c\u00e1c t\u00ecnh hu\u1ed1ng ph\u1ee7 s\u00f3ng Wi-Fi di\u1ec7n t\u00edch l\u1edbn trong nh\u00e0. Tu\u00e2n theo giao th\u1ee9c Wi-Fi 802.11a\/b\/g\/n\/ac Wave1\/ Wave2, RG-RAP2200(F) h\u1ed7 tr\u1ee3 c\u00f4ng ngh\u1ec7 lu\u1ed3ng k\u00e9p MU-MIMO v\u00e0 cung c\u1ea5p \u0103ng-ten \u0111a h\u01b0\u1edbng t\u00edch h\u1ee3p. N\u00f3 c\u00f3 th\u1ec3 ho\u1ea1t \u0111\u1ed9ng \u0111\u1ed3ng th\u1eddi \u1edf 2.4GHz v\u00e0 5GHz, cung c\u1ea5p kh\u1ea3 n\u0103ng truy c\u1eadp kh\u00f4ng d\u00e2y t\u1ed1c \u0111\u1ed9 cao 400Mbps \u1edf 2.4GHz, 867Mbps \u1edf 5GHz v\u00e0 l\u00ean \u0111\u1ebfn 1267Mbps tr\u00ean m\u1ed7i AP.<\/p>\n<p>D\u00f2ng\u00a0thi\u1ebft b\u1ecb WIFI<strong>\u00a0Ruije RG-RAP2200(F)<\/strong>\u00a0h\u1ed7 tr\u1ee3 t\u00ednh n\u0103ng M\u1ea1ng t\u1ef1 t\u1ed5 ch\u1ee9c c\u1ee7a Ruijie. V\u1edbi \u1ee9ng d\u1ee5ng Ruijie Cloud, ng\u01b0\u1eddi d\u00f9ng c\u00f3 th\u1ec3 nhanh ch\u00f3ng ho\u00e0n th\u00e0nh vi\u1ec7c tri\u1ec3n khai v\u00e0 c\u1ea5u h\u00ecnh thi\u1ebft b\u1ecb, qu\u1ea3n l\u00fd t\u1eeb xa.<\/p>\n<h2>Th\u00f4ng s\u1ed1 k\u1ef9 thu\u1eadt b\u1ed9 ph\u00e1t Wifi \u1ed1p tr\u1ea7n ho\u1eb7c g\u1eafn t\u01b0\u1eddng RUIJIE REYEE RG-RAP2200(F)<\/h2>\n<p>\u2013 B\u1ed9 ph\u00e1t Wifi \u1ed1p tr\u1ea7n<br \/>\n\u2013 T\u1ed1c \u0111\u1ed9 l\u00ean \u0111\u1ebfn 1.267Gbps.<br \/>\n\u2013 H\u1ed7 tr\u1ee3 2 b\u0103ng t\u1ea7n 2.4GHz v\u00e0 5GHz chu\u1ea9n 802.11a\/b\/g\/n\/ac Wave1\/Wave2, MU-MIMO.<br \/>\n\u2013 H\u1ed7 tr\u1ee3 t\u1ed1i \u0111a 110 ng\u01b0\u1eddi d\u00f9ng | 8 SSID.<br \/>\n\u2013 S\u1ed1 l\u01b0\u1ee3ng ng\u01b0\u1eddi d\u00f9ng truy c\u1eadp \u0111\u1ed3ng th\u1eddi \u0111\u1ec1 xu\u1ea5t l\u00e0 40+.<br \/>\n\u2013 1 c\u1ed5ng 10\/100M Ethernet LAN, 1 c\u1ed5ng 10\/100M Uplink (h\u1ed7 tr\u1ee3 ngu\u1ed3n c\u1ea5p PoE).<br \/>\n\u2013 H\u1ed7 tr\u1ee3 ngu\u1ed3n 802.3af (15.4W) ho\u1eb7c 802.3at (30W) PoE.<br \/>\n\u2013 H\u1ed7 tr\u1ee3 d\u1ecbch v\u1ee5 Ruijie Cloud mi\u1ec5n ph\u00ed cho ph\u00e9p c\u1ea5u h\u00ecnh nhanh, \u0111\u01a1n gi\u1ea3n, qu\u1ea3n l\u00fd v\u00e0 gi\u00e1m s\u00e1t d\u1ec5 d\u00e0ng.<br \/>\n\u2013 D\u00f2ng s\u1ea3n ph\u1ea9m ph\u00f9 h\u1ee3p s\u1eed d\u1ee5ng cho kh\u00e1ch s\u1ea1n, c\u1eeda h\u00e0ng, c\u00e0 ph\u00ea, v\u0103n ph\u00f2ng v\u1eeba &amp; nh\u1ecf.<br \/>\n\u2013 H\u1ed7 tr\u1ee3 Roamming Layer 2, Layer 3.<br \/>\n\u2013 H\u1ed7 tr\u1ee3 c\u00e1c t\u00ednh n\u0103ng WIFI marketing (Khi s\u1eed d\u1ee5ng v\u1edbi Reyee Gateway).<br \/>\n* Giao di\u1ec7n \u0111\u0103ng nh\u1eadp d\u1ea1ng trang ch\u00e0o, cho ph\u00e9p tu\u1ef3 bi\u1ebfn theo logo, h\u00ecnh \u1ea3nh doanh nghi\u1ec7p, th\u00f4ng \u0111i\u1ec7p qu\u1ea3ng b\u00e1, n\u00fat click tr\u1ecf \u0111\u1ebfn trang \u0111\u00edch l\u00e0 fanpage ho\u1eb7c website c\u1ee7a doanh nghi\u1ec7p.<br \/>\n* Qu\u1ea3n l\u00fd l\u01b0u l\u01b0\u1ee3ng c\u1ee7a ng\u01b0\u1eddi d\u00f9ng, th\u1eddi gian, dung l\u01b0\u1ee3ng data, s\u1ed1 l\u01b0\u1ee3t truy c\u1eadp trong ng\u00e0y.<br \/>\n\u2013 H\u1ed7 tr\u1ee3 ngu\u1ed3n DC 12V 1.5A<br \/>\n\u2013 Xu\u1ea5t x\u1ee9: Trung Qu\u1ed1c.<\/p>","protected":false},"excerpt":{"rendered":"<p>\u2013 B\u1ed9 ph\u00e1t Wifi \u1ed1p tr\u1ea7n ho\u1eb7c g\u1eafn t\u01b0\u1eddng<br \/>\n\u2013 T\u1ed1c \u0111\u1ed9 l\u00ean \u0111\u1ebfn 1.267Gbps<br \/>\n\u2013 H\u1ed7 tr\u1ee3 2 b\u0103ng t\u1ea7n 2.4GHz v\u00e0 5GHz chu\u1ea9n 802.11a\/b\/g\/n\/ac Wave1\/Wave2, MU-MIMO<br \/>\n\u2013 H\u1ed7 tr\u1ee3 t\u1ed1i \u0111a 110 ng\u01b0\u1eddi d\u00f9ng | 8 SSID<br \/>\n\u2013 Ph\u00f9 h\u1ee3p l\u1eafp \u0111\u1eb7t cho v\u0103n ph\u00f2ng, kh\u00e1ch s\u1ea1n, chu\u1ed7i c\u1eeda h\u00e0ng, \u2026<\/p>","protected":false},"featured_media":10147,"comment_status":"open","ping_status":"closed","template":"","meta":{"_acf_changed":false},"product_cat":[397],"product_tag":[],"class_list":{"0":"post-10080","1":"product","2":"type-product","3":"status-publish","4":"has-post-thumbnail","6":"product_cat-thiet-bi-mang","8":"first","9":"instock","10":"sale","11":"shipping-taxable","12":"purchasable","13":"product-type-simple"},"acf":[],"yoast_head":"<!-- This site is optimized with the Yoast SEO plugin v23.8 - https:\/\/yoast.com\/wordpress\/plugins\/seo\/ -->\n<title>B\u1ed9 ph\u00e1t Wifi RUIJIE REYEE RG-RAP2200(F) - ThanhPhat PC<\/title>\n<meta name=\"description\" content=\"B\u1ed9 ph\u00e1t Wifi \u1ed1p tr\u1ea7n ho\u1eb7c g\u1eafn t\u01b0\u1eddng; b\u1ed9 ph\u00e1t wifi cho kh\u00e1ch s\u1ea1n; qu\u00e1n cafe\" \/>\n<meta name=\"robots\" content=\"index, follow, max-snippet:-1, max-image-preview:large, max-video-preview:-1\" \/>\n<link rel=\"canonical\" href=\"https:\/\/thanhphatpc.com\/en\/bo-phat-wifi-ruijie-reyee-rg-rap2200f\/\" \/>\n<meta property=\"og:locale\" content=\"en_US\" \/>\n<meta property=\"og:type\" content=\"article\" \/>\n<meta property=\"og:title\" content=\"B\u1ed9 ph\u00e1t Wifi RUIJIE REYEE RG-RAP2200(F) - ThanhPhat PC\" \/>\n<meta property=\"og:description\" content=\"B\u1ed9 ph\u00e1t Wifi \u1ed1p tr\u1ea7n ho\u1eb7c g\u1eafn t\u01b0\u1eddng; b\u1ed9 ph\u00e1t wifi cho kh\u00e1ch s\u1ea1n; qu\u00e1n cafe\" \/>\n<meta property=\"og:url\" content=\"https:\/\/thanhphatpc.com\/en\/bo-phat-wifi-ruijie-reyee-rg-rap2200f\/\" \/>\n<meta property=\"og:site_name\" content=\"ThanhPhat PC\" \/>\n<meta property=\"article:modified_time\" content=\"2024-04-21T08:55:36+00:00\" \/>\n<meta property=\"og:image\" content=\"https:\/\/thanhphatpc.com\/wp-content\/uploads\/2023\/10\/bo-phat-wifi-01.png\" \/>\n\t<meta property=\"og:image:width\" content=\"563\" \/>\n\t<meta property=\"og:image:height\" content=\"671\" \/>\n\t<meta property=\"og:image:type\" content=\"image\/png\" \/>\n<meta name=\"twitter:card\" content=\"summary_large_image\" \/>\n<meta name=\"twitter:label1\" content=\"Est. reading time\" \/>\n\t<meta name=\"twitter:data1\" content=\"3 minutes\" \/>\n<script type=\"application\/ld+json\" class=\"yoast-schema-graph\">{\"@context\":\"https:\/\/schema.org\",\"@graph\":[{\"@type\":\"WebPage\",\"@id\":\"https:\/\/thanhphatpc.com\/bo-phat-wifi-ruijie-reyee-rg-rap2200f\/\",\"url\":\"https:\/\/thanhphatpc.com\/bo-phat-wifi-ruijie-reyee-rg-rap2200f\/\",\"name\":\"B\u1ed9 ph\u00e1t Wifi RUIJIE REYEE RG-RAP2200(F) - ThanhPhat PC\",\"isPartOf\":{\"@id\":\"https:\/\/thanhphatpc.com\/#website\"},\"primaryImageOfPage\":{\"@id\":\"https:\/\/thanhphatpc.com\/bo-phat-wifi-ruijie-reyee-rg-rap2200f\/#primaryimage\"},\"image\":{\"@id\":\"https:\/\/thanhphatpc.com\/bo-phat-wifi-ruijie-reyee-rg-rap2200f\/#primaryimage\"},\"thumbnailUrl\":\"https:\/\/thanhphatpc.com\/wp-content\/uploads\/2023\/10\/bo-phat-wifi-01.png\",\"datePublished\":\"2023-10-19T09:30:34+00:00\",\"dateModified\":\"2024-04-21T08:55:36+00:00\",\"description\":\"B\u1ed9 ph\u00e1t Wifi \u1ed1p tr\u1ea7n ho\u1eb7c g\u1eafn t\u01b0\u1eddng; b\u1ed9 ph\u00e1t wifi cho kh\u00e1ch s\u1ea1n; qu\u00e1n cafe\",\"breadcrumb\":{\"@id\":\"https:\/\/thanhphatpc.com\/bo-phat-wifi-ruijie-reyee-rg-rap2200f\/#breadcrumb\"},\"inLanguage\":\"en-US\",\"potentialAction\":[{\"@type\":\"ReadAction\",\"target\":[\"https:\/\/thanhphatpc.com\/bo-phat-wifi-ruijie-reyee-rg-rap2200f\/\"]}]},{\"@type\":\"ImageObject\",\"inLanguage\":\"en-US\",\"@id\":\"https:\/\/thanhphatpc.com\/bo-phat-wifi-ruijie-reyee-rg-rap2200f\/#primaryimage\",\"url\":\"https:\/\/thanhphatpc.com\/wp-content\/uploads\/2023\/10\/bo-phat-wifi-01.png\",\"contentUrl\":\"https:\/\/thanhphatpc.com\/wp-content\/uploads\/2023\/10\/bo-phat-wifi-01.png\",\"width\":563,\"height\":671,\"caption\":\"B\u1ed9 ph\u00e1t Wifi RUIJIE REYEE RG-RAP2200(F)\"},{\"@type\":\"BreadcrumbList\",\"@id\":\"https:\/\/thanhphatpc.com\/bo-phat-wifi-ruijie-reyee-rg-rap2200f\/#breadcrumb\",\"itemListElement\":[{\"@type\":\"ListItem\",\"position\":1,\"name\":\"Trang ch\u1ee7\",\"item\":\"https:\/\/thanhphatpc.com\/\"},{\"@type\":\"ListItem\",\"position\":2,\"name\":\"C\u1eeda h\u00e0ng\",\"item\":\"https:\/\/thanhphatpc.com\/cua-hang\/\"},{\"@type\":\"ListItem\",\"position\":3,\"name\":\"B\u1ed9 ph\u00e1t Wifi RUIJIE REYEE RG-RAP2200(F)\"}]},{\"@type\":\"WebSite\",\"@id\":\"https:\/\/thanhphatpc.com\/#website\",\"url\":\"https:\/\/thanhphatpc.com\/\",\"name\":\"ThanhPhat PC\",\"description\":\"D\u1ecbch v\u1ee5 ho\u00e0n h\u1ea3o\",\"potentialAction\":[{\"@type\":\"SearchAction\",\"target\":{\"@type\":\"EntryPoint\",\"urlTemplate\":\"https:\/\/thanhphatpc.com\/?s={search_term_string}\"},\"query-input\":{\"@type\":\"PropertyValueSpecification\",\"valueRequired\":true,\"valueName\":\"search_term_string\"}}],\"inLanguage\":\"en-US\"}]}<\/script>\n<!-- \/ Yoast SEO plugin. -->","yoast_head_json":{"title":"B\u1ed9 ph\u00e1t Wifi RUIJIE REYEE RG-RAP2200(F) - ThanhPhat PC","description":"B\u1ed9 ph\u00e1t Wifi \u1ed1p tr\u1ea7n ho\u1eb7c g\u1eafn t\u01b0\u1eddng; b\u1ed9 ph\u00e1t wifi cho kh\u00e1ch s\u1ea1n; qu\u00e1n cafe","robots":{"index":"index","follow":"follow","max-snippet":"max-snippet:-1","max-image-preview":"max-image-preview:large","max-video-preview":"max-video-preview:-1"},"canonical":"https:\/\/thanhphatpc.com\/en\/bo-phat-wifi-ruijie-reyee-rg-rap2200f\/","og_locale":"en_US","og_type":"article","og_title":"B\u1ed9 ph\u00e1t Wifi RUIJIE REYEE RG-RAP2200(F) - ThanhPhat PC","og_description":"B\u1ed9 ph\u00e1t Wifi \u1ed1p tr\u1ea7n ho\u1eb7c g\u1eafn t\u01b0\u1eddng; b\u1ed9 ph\u00e1t wifi cho kh\u00e1ch s\u1ea1n; qu\u00e1n cafe","og_url":"https:\/\/thanhphatpc.com\/en\/bo-phat-wifi-ruijie-reyee-rg-rap2200f\/","og_site_name":"ThanhPhat PC","article_modified_time":"2024-04-21T08:55:36+00:00","og_image":[{"width":563,"height":671,"url":"https:\/\/thanhphatpc.com\/wp-content\/uploads\/2023\/10\/bo-phat-wifi-01.png","type":"image\/png"}],"twitter_card":"summary_large_image","twitter_misc":{"Est. reading time":"3 minutes"},"schema":{"@context":"https:\/\/schema.org","@graph":[{"@type":"WebPage","@id":"https:\/\/thanhphatpc.com\/bo-phat-wifi-ruijie-reyee-rg-rap2200f\/","url":"https:\/\/thanhphatpc.com\/bo-phat-wifi-ruijie-reyee-rg-rap2200f\/","name":"B\u1ed9 ph\u00e1t Wifi RUIJIE REYEE RG-RAP2200(F) - ThanhPhat PC","isPartOf":{"@id":"https:\/\/thanhphatpc.com\/#website"},"primaryImageOfPage":{"@id":"https:\/\/thanhphatpc.com\/bo-phat-wifi-ruijie-reyee-rg-rap2200f\/#primaryimage"},"image":{"@id":"https:\/\/thanhphatpc.com\/bo-phat-wifi-ruijie-reyee-rg-rap2200f\/#primaryimage"},"thumbnailUrl":"https:\/\/thanhphatpc.com\/wp-content\/uploads\/2023\/10\/bo-phat-wifi-01.png","datePublished":"2023-10-19T09:30:34+00:00","dateModified":"2024-04-21T08:55:36+00:00","description":"B\u1ed9 ph\u00e1t Wifi \u1ed1p tr\u1ea7n ho\u1eb7c g\u1eafn t\u01b0\u1eddng; b\u1ed9 ph\u00e1t wifi cho kh\u00e1ch s\u1ea1n; qu\u00e1n cafe","breadcrumb":{"@id":"https:\/\/thanhphatpc.com\/bo-phat-wifi-ruijie-reyee-rg-rap2200f\/#breadcrumb"},"inLanguage":"en-US","potentialAction":[{"@type":"ReadAction","target":["https:\/\/thanhphatpc.com\/bo-phat-wifi-ruijie-reyee-rg-rap2200f\/"]}]},{"@type":"ImageObject","inLanguage":"en-US","@id":"https:\/\/thanhphatpc.com\/bo-phat-wifi-ruijie-reyee-rg-rap2200f\/#primaryimage","url":"https:\/\/thanhphatpc.com\/wp-content\/uploads\/2023\/10\/bo-phat-wifi-01.png","contentUrl":"https:\/\/thanhphatpc.com\/wp-content\/uploads\/2023\/10\/bo-phat-wifi-01.png","width":563,"height":671,"caption":"B\u1ed9 ph\u00e1t Wifi RUIJIE REYEE RG-RAP2200(F)"},{"@type":"BreadcrumbList","@id":"https:\/\/thanhphatpc.com\/bo-phat-wifi-ruijie-reyee-rg-rap2200f\/#breadcrumb","itemListElement":[{"@type":"ListItem","position":1,"name":"Trang ch\u1ee7","item":"https:\/\/thanhphatpc.com\/"},{"@type":"ListItem","position":2,"name":"C\u1eeda h\u00e0ng","item":"https:\/\/thanhphatpc.com\/cua-hang\/"},{"@type":"ListItem","position":3,"name":"B\u1ed9 ph\u00e1t Wifi RUIJIE REYEE RG-RAP2200(F)"}]},{"@type":"WebSite","@id":"https:\/\/thanhphatpc.com\/#website","url":"https:\/\/thanhphatpc.com\/","name":"ThanhPhat PC","description":"D\u1ecbch v\u1ee5 ho\u00e0n h\u1ea3o","potentialAction":[{"@type":"SearchAction","target":{"@type":"EntryPoint","urlTemplate":"https:\/\/thanhphatpc.com\/?s={search_term_string}"},"query-input":{"@type":"PropertyValueSpecification","valueRequired":true,"valueName":"search_term_string"}}],"inLanguage":"en-US"}]}},"_links":{"self":[{"href":"https:\/\/thanhphatpc.com\/en\/wp-json\/wp\/v2\/product\/10080","targetHints":{"allow":["GET"]}}],"collection":[{"href":"https:\/\/thanhphatpc.com\/en\/wp-json\/wp\/v2\/product"}],"about":[{"href":"https:\/\/thanhphatpc.com\/en\/wp-json\/wp\/v2\/types\/product"}],"replies":[{"embeddable":true,"href":"https:\/\/thanhphatpc.com\/en\/wp-json\/wp\/v2\/comments?post=10080"}],"wp:featuredmedia":[{"embeddable":true,"href":"https:\/\/thanhphatpc.com\/en\/wp-json\/wp\/v2\/media\/10147"}],"wp:attachment":[{"href":"https:\/\/thanhphatpc.com\/en\/wp-json\/wp\/v2\/media?parent=10080"}],"wp:term":[{"taxonomy":"product_cat","embeddable":true,"href":"https:\/\/thanhphatpc.com\/en\/wp-json\/wp\/v2\/product_cat?post=10080"},{"taxonomy":"product_tag","embeddable":true,"href":"https:\/\/thanhphatpc.com\/en\/wp-json\/wp\/v2\/product_tag?post=10080"}],"curies":[{"name":"wp","href":"https:\/\/api.w.org\/{rel}","templated":true}]}}