{"id":2135,"date":"2018-03-10T09:47:12","date_gmt":"2018-03-10T02:47:12","guid":{"rendered":"https:\/\/minhphongtech.thaibinhweb.com\/?post_type=product&#038;p=2135"},"modified":"2019-10-08T13:11:39","modified_gmt":"2019-10-08T06:11:39","slug":"the-nho-micro-sd-16-gb-class-10","status":"publish","type":"product","link":"https:\/\/thanhphatpc.com\/en\/the-nho-micro-sd-16-gb-class-10\/","title":{"rendered":"Th\u1ebb nh\u1edb Micro SD 16 GB Class 10"},"content":{"rendered":"<h3>Gi\u1edbi thi\u1ec7u s\u1ea3n ph\u1ea9m<\/h3>\n<article class=\"area_article\">\n<h3><strong>Th\u01b0\u01a1ng hi\u1ec7u th\u1ebb nh\u1edb SanDisk, Transcend v\u00e0 Apacer n\u1ed5i ti\u1ebfng to\u00e0n c\u1ea7u<\/strong><\/h3>\n<p><img decoding=\"async\" class=\"lazy\" title=\"Th\u1ebb nh\u1edb 16GB MicroSD class 10 - Th\u01b0\u01a1ng hi\u1ec7u th\u1ebb nh\u1edb SanDick, Transcend v\u00e0 Apacer n\u1ed5i ti\u1ebfng to\u00e0n c\u1ea7u\" src=\"https:\/\/cdn1.tgdd.vn\/Products\/Images\/55\/69973\/the-nho-microsd-16gb-class-10--1.jpg\" alt=\"Th\u1ebb nh\u1edb 16GB MicroSD class 10 - Th\u01b0\u01a1ng hi\u1ec7u th\u1ebb nh\u1edb SanDick, Transcend v\u00e0 Apacer n\u1ed5i ti\u1ebfng to\u00e0n c\u1ea7u\" data-original=\"https:\/\/cdn1.tgdd.vn\/Products\/Images\/55\/69973\/the-nho-microsd-16gb-class-10--1.jpg\" \/><\/p>\n<p>&nbsp;<\/p>\n<h3><strong>Thi\u1ebft k\u1ebf \u0111\u1ec3 lu\u00f4n v\u1eeba v\u1eb7n v\u1edbi m\u1ecdi thi\u1ebft b\u1ecb (\u0111i\u1ec7n tho\u1ea1i,\u00a0m\u00e1y t\u00ednh b\u1ea3ng&#8230; )<\/strong><\/h3>\n<p><img decoding=\"async\" class=\"lazy\" title=\"Thi\u1ebft k\u1ebf \u0111\u1ec3 lu\u00f4n v\u1eeba v\u1eb7n v\u1edbi m\u1ecdi thi\u1ebft b\u1ecb (\u0111i\u1ec7n tho\u1ea1i, m\u00e1y t\u00ednh b\u1ea3ng... )\" src=\"https:\/\/cdn3.tgdd.vn\/Products\/Images\/55\/69973\/the-nho-microsd-16gb-class-10--2.jpg\" alt=\"Thi\u1ebft k\u1ebf \u0111\u1ec3 lu\u00f4n v\u1eeba v\u1eb7n v\u1edbi m\u1ecdi thi\u1ebft b\u1ecb (\u0111i\u1ec7n tho\u1ea1i, m\u00e1y t\u00ednh b\u1ea3ng... )\" data-original=\"https:\/\/cdn3.tgdd.vn\/Products\/Images\/55\/69973\/the-nho-microsd-16gb-class-10--2.jpg\" \/><\/p>\n<p>&nbsp;<\/p>\n<h3><strong>C\u00f3 th\u1ec3 g\u1eafn th\u1ebb nh\u1edb v\u00e0o adapter \u0111\u1ec3 s\u1eed d\u1ee5ng cho nhi\u1ec1u thi\u1ebft b\u1ecb kh\u00e1c<\/strong><\/h3>\n<p><img decoding=\"async\" class=\"lazy\" title=\"Th\u1ebb nh\u1edb 16GB MicroSD class 10 - C\u00f3 th\u1ec3 g\u1eafn th\u1ebb nh\u1edb v\u00e0o adapter \u0111\u1ec3 s\u1eed d\u1ee5ng cho nhi\u1ec1u thi\u1ebft b\u1ecb kh\u00e1c\" src=\"https:\/\/cdn.tgdd.vn\/Products\/Images\/55\/69973\/the-nho-microsd-16gb-class-10--7.jpg\" alt=\"Th\u1ebb nh\u1edb 16GB MicroSD class 10 - C\u00f3 th\u1ec3 g\u1eafn th\u1ebb nh\u1edb v\u00e0o adapter \u0111\u1ec3 s\u1eed d\u1ee5ng cho nhi\u1ec1u thi\u1ebft b\u1ecb kh\u00e1c\" data-original=\"https:\/\/cdn.tgdd.vn\/Products\/Images\/55\/69973\/the-nho-microsd-16gb-class-10--7.jpg\" \/><\/p>\n<p>&nbsp;<\/p>\n<h3><b>Dung l\u01b0\u1ee3ng 16 GB gi\u00fap t\u0103ng b\u1ed9 nh\u1edb m\u00e1y<\/b><\/h3>\n<p><img decoding=\"async\" class=\"lazy\" title=\"Th\u1ebb nh\u1edb 16GB MicroSD class 10 - Dung l\u01b0\u1ee3ng 16 GB gi\u00fap t\u0103ng b\u1ed9 nh\u1edb m\u00e1y\" src=\"https:\/\/cdn2.tgdd.vn\/Products\/Images\/55\/69973\/the-nho-microsd-16gb-class-10--4.jpg\" alt=\"Th\u1ebb nh\u1edb 16GB MicroSD class 10 - Dung l\u01b0\u1ee3ng 16 GB gi\u00fap t\u0103ng b\u1ed9 nh\u1edb m\u00e1y\" data-original=\"https:\/\/cdn2.tgdd.vn\/Products\/Images\/55\/69973\/the-nho-microsd-16gb-class-10--4.jpg\" \/><\/p>\n<p>&nbsp;<\/p>\n<h3><strong>Class 10 bi\u1ec3u th\u1ecb cho t\u1ed1c \u0111\u1ed9 c\u1ee7a th\u1ebb nh\u1edb<\/strong><\/h3>\n<p>T\u01b0\u01a1ng t\u1ef1 nh\u01b0 dung l\u01b0\u1ee3ng RAM tr\u00ean \u0111i\u1ec7n tho\u1ea1i c\u00e0ng cao &#8211; m\u00e1y c\u00e0ng nhanh, th\u00ec con s\u1ed1 10 hi\u1ec3n th\u1ecb cho vi\u1ec7c t\u1ed1c \u0111\u1ed9 ghi c\u1ee7a th\u1ebb s\u1ebd nhanh h\u01a1n so v\u1edbi class 2, 4 v\u00e0 6 tr\u00ean th\u1ecb tr\u01b0\u1eddng hi\u1ec7n nay.<\/p>\n<p><img decoding=\"async\" class=\"lazy\" title=\"Th\u1ebb nh\u1edb 16GB MicroSD class 10 - Class 10 bi\u1ec3u th\u1ecb cho t\u1ed1c \u0111\u1ed9 c\u1ee7a th\u1ebb nh\u1edb\" src=\"https:\/\/cdn4.tgdd.vn\/Products\/Images\/55\/69973\/the-nho-microsd-16gb-class-10--6.jpg\" alt=\"Th\u1ebb nh\u1edb 16GB MicroSD class 10 - Class 10 bi\u1ec3u th\u1ecb cho t\u1ed1c \u0111\u1ed9 c\u1ee7a th\u1ebb nh\u1edb\" data-original=\"https:\/\/cdn4.tgdd.vn\/Products\/Images\/55\/69973\/the-nho-microsd-16gb-class-10--6.jpg\" \/><\/p>\n<p>&nbsp;<\/p>\n<h3><strong>T\u1ed1c \u0111\u1ed9 \u0111\u1ecdc, ghi ch\u00e9p d\u1eef li\u1ec7u kh\u00e1<\/strong><\/h3>\n<p>* T\u1ed1c \u0111\u1ed9 \u0111\u1ecdc d\u1eef li\u1ec7u l\u00e0\u00a0<strong>30 MB\/s<\/strong>: m\u1edf xem 1 t\u1ea5m h\u00ecnh n\u1eb7ng\u00a0<strong>5 MB ch\u01b0a t\u1edbi\u00a01 gi\u00e2y<\/strong>.<\/p>\n<p>* T\u1ed1c \u0111\u1ed9 ghi d\u1eef li\u1ec7u\u00a0<strong>10 MB\/s<\/strong>: ch\u00e9p m\u1ed9t video dung l\u01b0\u1ee3ng\u00a0<strong>1 GB<\/strong>\u00a0v\u00e0o th\u1ebb nh\u1edb<strong>\u00a0ch\u01b0a t\u1edbi\u00a02 ph\u00fat<\/strong>.<\/p>\n<p><img decoding=\"async\" class=\"lazy\" title=\"Th\u1ebb nh\u1edb 16GB MicroSD class 10 - T\u1ed1c \u0111\u1ed9 \u0111\u1ecdc, ghi ch\u00e9p d\u1eef li\u1ec7u kh\u00e1\" src=\"https:\/\/cdn1.tgdd.vn\/Products\/Images\/55\/69973\/the-nho-microsd-16gb-class-10--5.gif\" alt=\"Th\u1ebb nh\u1edb 16GB MicroSD class 10 - T\u1ed1c \u0111\u1ed9 \u0111\u1ecdc, ghi ch\u00e9p d\u1eef li\u1ec7u kh\u00e1\" data-original=\"https:\/\/cdn1.tgdd.vn\/Products\/Images\/55\/69973\/the-nho-microsd-16gb-class-10--5.gif\" \/><\/p>\n<div class=\"boxRtAtc\">\n<div class=\"likewied\">\n<div class=\"likeshare\">\n<div class=\"fb-like fb_iframe_widget\" data-href=\"\/the-nho-dien-thoai\/the-nho-microsd-16gb-class-10\" data-layout=\"button_count\" data-action=\"like\" data-size=\"small\" data-show-faces=\"false\" data-share=\"true\"><\/div>\n<\/div>\n<\/div>\n<\/div>\n<\/article>","protected":false},"excerpt":{"rendered":"<p>Gi\u1edbi thi\u1ec7u s\u1ea3n ph\u1ea9m Th\u01b0\u01a1ng hi\u1ec7u th\u1ebb nh\u1edb SanDisk, Transcend v\u00e0 Apacer n\u1ed5i ti\u1ebfng to\u00e0n c\u1ea7u &nbsp; Thi\u1ebft k\u1ebf \u0111\u1ec3 lu\u00f4n v\u1eeba v\u1eb7n v\u1edbi m\u1ecdi thi\u1ebft b\u1ecb (\u0111i\u1ec7n tho\u1ea1i,\u00a0m\u00e1y t\u00ednh b\u1ea3ng&#8230; ) &nbsp; C\u00f3 th\u1ec3 g\u1eafn th\u1ebb nh\u1edb v\u00e0o adapter \u0111\u1ec3 s\u1eed d\u1ee5ng cho nhi\u1ec1u thi\u1ebft b\u1ecb kh\u00e1c &nbsp; Dung l\u01b0\u1ee3ng 16 GB gi\u00fap t\u0103ng &#8230;<\/p>","protected":false},"featured_media":2136,"comment_status":"open","ping_status":"closed","template":"","meta":{"_acf_changed":false},"product_cat":[337],"product_tag":[],"class_list":{"0":"post-2135","1":"product","2":"type-product","3":"status-publish","4":"has-post-thumbnail","6":"product_cat-chua-phan-loai","8":"first","9":"instock","10":"sale","11":"shipping-taxable","12":"purchasable","13":"product-type-simple"},"acf":[],"yoast_head":"<!-- This site is optimized with the Yoast SEO plugin v23.8 - https:\/\/yoast.com\/wordpress\/plugins\/seo\/ -->\n<title>Th\u1ebb nh\u1edb Micro SD 16 GB Class 10 - ThanhPhat PC<\/title>\n<meta name=\"robots\" content=\"index, follow, max-snippet:-1, max-image-preview:large, max-video-preview:-1\" \/>\n<link rel=\"canonical\" href=\"https:\/\/thanhphatpc.com\/en\/the-nho-micro-sd-16-gb-class-10\/\" \/>\n<meta property=\"og:locale\" content=\"en_US\" \/>\n<meta property=\"og:type\" content=\"article\" \/>\n<meta property=\"og:title\" content=\"Th\u1ebb nh\u1edb Micro SD 16 GB Class 10 - ThanhPhat PC\" \/>\n<meta property=\"og:description\" content=\"Gi\u1edbi thi\u1ec7u s\u1ea3n ph\u1ea9m Th\u01b0\u01a1ng hi\u1ec7u th\u1ebb nh\u1edb SanDisk, Transcend v\u00e0 Apacer n\u1ed5i ti\u1ebfng to\u00e0n c\u1ea7u &nbsp; Thi\u1ebft k\u1ebf \u0111\u1ec3 lu\u00f4n v\u1eeba v\u1eb7n v\u1edbi m\u1ecdi thi\u1ebft b\u1ecb (\u0111i\u1ec7n tho\u1ea1i,\u00a0m\u00e1y t\u00ednh b\u1ea3ng&#8230; ) &nbsp; C\u00f3 th\u1ec3 g\u1eafn th\u1ebb nh\u1edb v\u00e0o adapter \u0111\u1ec3 s\u1eed d\u1ee5ng cho nhi\u1ec1u thi\u1ebft b\u1ecb kh\u00e1c &nbsp; Dung l\u01b0\u1ee3ng 16 GB gi\u00fap t\u0103ng ...\" \/>\n<meta property=\"og:url\" content=\"https:\/\/thanhphatpc.com\/en\/the-nho-micro-sd-16-gb-class-10\/\" \/>\n<meta property=\"og:site_name\" content=\"ThanhPhat PC\" \/>\n<meta property=\"article:modified_time\" content=\"2019-10-08T06:11:39+00:00\" \/>\n<meta property=\"og:image\" content=\"https:\/\/thanhphatpc.com\/wp-content\/uploads\/2018\/03\/the-nho-microsd-16gb-class-10-7-300x300.jpg\" \/>\n\t<meta property=\"og:image:width\" content=\"300\" \/>\n\t<meta property=\"og:image:height\" content=\"300\" \/>\n\t<meta property=\"og:image:type\" content=\"image\/jpeg\" \/>\n<meta name=\"twitter:card\" content=\"summary_large_image\" \/>\n<meta name=\"twitter:label1\" content=\"Est. reading time\" \/>\n\t<meta name=\"twitter:data1\" content=\"1 minute\" \/>\n<script type=\"application\/ld+json\" class=\"yoast-schema-graph\">{\"@context\":\"https:\/\/schema.org\",\"@graph\":[{\"@type\":\"WebPage\",\"@id\":\"https:\/\/thanhphatpc.com\/the-nho-micro-sd-16-gb-class-10\/\",\"url\":\"https:\/\/thanhphatpc.com\/the-nho-micro-sd-16-gb-class-10\/\",\"name\":\"Th\u1ebb nh\u1edb Micro SD 16 GB Class 10 - ThanhPhat PC\",\"isPartOf\":{\"@id\":\"https:\/\/thanhphatpc.com\/#website\"},\"primaryImageOfPage\":{\"@id\":\"https:\/\/thanhphatpc.com\/the-nho-micro-sd-16-gb-class-10\/#primaryimage\"},\"image\":{\"@id\":\"https:\/\/thanhphatpc.com\/the-nho-micro-sd-16-gb-class-10\/#primaryimage\"},\"thumbnailUrl\":\"https:\/\/thanhphatpc.com\/wp-content\/uploads\/2018\/03\/the-nho-microsd-16gb-class-10-7-300x300.jpg\",\"datePublished\":\"2018-03-10T02:47:12+00:00\",\"dateModified\":\"2019-10-08T06:11:39+00:00\",\"breadcrumb\":{\"@id\":\"https:\/\/thanhphatpc.com\/the-nho-micro-sd-16-gb-class-10\/#breadcrumb\"},\"inLanguage\":\"en-US\",\"potentialAction\":[{\"@type\":\"ReadAction\",\"target\":[\"https:\/\/thanhphatpc.com\/the-nho-micro-sd-16-gb-class-10\/\"]}]},{\"@type\":\"ImageObject\",\"inLanguage\":\"en-US\",\"@id\":\"https:\/\/thanhphatpc.com\/the-nho-micro-sd-16-gb-class-10\/#primaryimage\",\"url\":\"https:\/\/thanhphatpc.com\/wp-content\/uploads\/2018\/03\/the-nho-microsd-16gb-class-10-7-300x300.jpg\",\"contentUrl\":\"https:\/\/thanhphatpc.com\/wp-content\/uploads\/2018\/03\/the-nho-microsd-16gb-class-10-7-300x300.jpg\",\"width\":300,\"height\":300},{\"@type\":\"BreadcrumbList\",\"@id\":\"https:\/\/thanhphatpc.com\/the-nho-micro-sd-16-gb-class-10\/#breadcrumb\",\"itemListElement\":[{\"@type\":\"ListItem\",\"position\":1,\"name\":\"Trang ch\u1ee7\",\"item\":\"https:\/\/thanhphatpc.com\/\"},{\"@type\":\"ListItem\",\"position\":2,\"name\":\"C\u1eeda h\u00e0ng\",\"item\":\"https:\/\/thanhphatpc.com\/cua-hang\/\"},{\"@type\":\"ListItem\",\"position\":3,\"name\":\"Th\u1ebb nh\u1edb Micro SD 16 GB Class 10\"}]},{\"@type\":\"WebSite\",\"@id\":\"https:\/\/thanhphatpc.com\/#website\",\"url\":\"https:\/\/thanhphatpc.com\/\",\"name\":\"ThanhPhat PC\",\"description\":\"D\u1ecbch v\u1ee5 ho\u00e0n h\u1ea3o\",\"potentialAction\":[{\"@type\":\"SearchAction\",\"target\":{\"@type\":\"EntryPoint\",\"urlTemplate\":\"https:\/\/thanhphatpc.com\/?s={search_term_string}\"},\"query-input\":{\"@type\":\"PropertyValueSpecification\",\"valueRequired\":true,\"valueName\":\"search_term_string\"}}],\"inLanguage\":\"en-US\"}]}<\/script>\n<!-- \/ Yoast SEO plugin. -->","yoast_head_json":{"title":"Th\u1ebb nh\u1edb Micro SD 16 GB Class 10 - ThanhPhat PC","robots":{"index":"index","follow":"follow","max-snippet":"max-snippet:-1","max-image-preview":"max-image-preview:large","max-video-preview":"max-video-preview:-1"},"canonical":"https:\/\/thanhphatpc.com\/en\/the-nho-micro-sd-16-gb-class-10\/","og_locale":"en_US","og_type":"article","og_title":"Th\u1ebb nh\u1edb Micro SD 16 GB Class 10 - ThanhPhat PC","og_description":"Gi\u1edbi thi\u1ec7u s\u1ea3n ph\u1ea9m Th\u01b0\u01a1ng hi\u1ec7u th\u1ebb nh\u1edb SanDisk, Transcend v\u00e0 Apacer n\u1ed5i ti\u1ebfng to\u00e0n c\u1ea7u &nbsp; Thi\u1ebft k\u1ebf \u0111\u1ec3 lu\u00f4n v\u1eeba v\u1eb7n v\u1edbi m\u1ecdi thi\u1ebft b\u1ecb (\u0111i\u1ec7n tho\u1ea1i,\u00a0m\u00e1y t\u00ednh b\u1ea3ng&#8230; ) &nbsp; C\u00f3 th\u1ec3 g\u1eafn th\u1ebb nh\u1edb v\u00e0o adapter \u0111\u1ec3 s\u1eed d\u1ee5ng cho nhi\u1ec1u thi\u1ebft b\u1ecb kh\u00e1c &nbsp; Dung l\u01b0\u1ee3ng 16 GB gi\u00fap t\u0103ng ...","og_url":"https:\/\/thanhphatpc.com\/en\/the-nho-micro-sd-16-gb-class-10\/","og_site_name":"ThanhPhat PC","article_modified_time":"2019-10-08T06:11:39+00:00","og_image":[{"width":300,"height":300,"url":"https:\/\/thanhphatpc.com\/wp-content\/uploads\/2018\/03\/the-nho-microsd-16gb-class-10-7-300x300.jpg","type":"image\/jpeg"}],"twitter_card":"summary_large_image","twitter_misc":{"Est. reading time":"1 minute"},"schema":{"@context":"https:\/\/schema.org","@graph":[{"@type":"WebPage","@id":"https:\/\/thanhphatpc.com\/the-nho-micro-sd-16-gb-class-10\/","url":"https:\/\/thanhphatpc.com\/the-nho-micro-sd-16-gb-class-10\/","name":"Th\u1ebb nh\u1edb Micro SD 16 GB Class 10 - ThanhPhat PC","isPartOf":{"@id":"https:\/\/thanhphatpc.com\/#website"},"primaryImageOfPage":{"@id":"https:\/\/thanhphatpc.com\/the-nho-micro-sd-16-gb-class-10\/#primaryimage"},"image":{"@id":"https:\/\/thanhphatpc.com\/the-nho-micro-sd-16-gb-class-10\/#primaryimage"},"thumbnailUrl":"https:\/\/thanhphatpc.com\/wp-content\/uploads\/2018\/03\/the-nho-microsd-16gb-class-10-7-300x300.jpg","datePublished":"2018-03-10T02:47:12+00:00","dateModified":"2019-10-08T06:11:39+00:00","breadcrumb":{"@id":"https:\/\/thanhphatpc.com\/the-nho-micro-sd-16-gb-class-10\/#breadcrumb"},"inLanguage":"en-US","potentialAction":[{"@type":"ReadAction","target":["https:\/\/thanhphatpc.com\/the-nho-micro-sd-16-gb-class-10\/"]}]},{"@type":"ImageObject","inLanguage":"en-US","@id":"https:\/\/thanhphatpc.com\/the-nho-micro-sd-16-gb-class-10\/#primaryimage","url":"https:\/\/thanhphatpc.com\/wp-content\/uploads\/2018\/03\/the-nho-microsd-16gb-class-10-7-300x300.jpg","contentUrl":"https:\/\/thanhphatpc.com\/wp-content\/uploads\/2018\/03\/the-nho-microsd-16gb-class-10-7-300x300.jpg","width":300,"height":300},{"@type":"BreadcrumbList","@id":"https:\/\/thanhphatpc.com\/the-nho-micro-sd-16-gb-class-10\/#breadcrumb","itemListElement":[{"@type":"ListItem","position":1,"name":"Trang ch\u1ee7","item":"https:\/\/thanhphatpc.com\/"},{"@type":"ListItem","position":2,"name":"C\u1eeda h\u00e0ng","item":"https:\/\/thanhphatpc.com\/cua-hang\/"},{"@type":"ListItem","position":3,"name":"Th\u1ebb nh\u1edb Micro SD 16 GB Class 10"}]},{"@type":"WebSite","@id":"https:\/\/thanhphatpc.com\/#website","url":"https:\/\/thanhphatpc.com\/","name":"ThanhPhat PC","description":"D\u1ecbch v\u1ee5 ho\u00e0n h\u1ea3o","potentialAction":[{"@type":"SearchAction","target":{"@type":"EntryPoint","urlTemplate":"https:\/\/thanhphatpc.com\/?s={search_term_string}"},"query-input":{"@type":"PropertyValueSpecification","valueRequired":true,"valueName":"search_term_string"}}],"inLanguage":"en-US"}]}},"_links":{"self":[{"href":"https:\/\/thanhphatpc.com\/en\/wp-json\/wp\/v2\/product\/2135","targetHints":{"allow":["GET"]}}],"collection":[{"href":"https:\/\/thanhphatpc.com\/en\/wp-json\/wp\/v2\/product"}],"about":[{"href":"https:\/\/thanhphatpc.com\/en\/wp-json\/wp\/v2\/types\/product"}],"replies":[{"embeddable":true,"href":"https:\/\/thanhphatpc.com\/en\/wp-json\/wp\/v2\/comments?post=2135"}],"wp:featuredmedia":[{"embeddable":true,"href":"https:\/\/thanhphatpc.com\/en\/wp-json\/wp\/v2\/media\/2136"}],"wp:attachment":[{"href":"https:\/\/thanhphatpc.com\/en\/wp-json\/wp\/v2\/media?parent=2135"}],"wp:term":[{"taxonomy":"product_cat","embeddable":true,"href":"https:\/\/thanhphatpc.com\/en\/wp-json\/wp\/v2\/product_cat?post=2135"},{"taxonomy":"product_tag","embeddable":true,"href":"https:\/\/thanhphatpc.com\/en\/wp-json\/wp\/v2\/product_tag?post=2135"}],"curies":[{"name":"wp","href":"https:\/\/api.w.org\/{rel}","templated":true}]}}