{"id":3471,"date":"2019-09-26T13:54:27","date_gmt":"2019-09-26T06:54:27","guid":{"rendered":"https:\/\/thanhphatpc.com\/?post_type=product&#038;p=3471"},"modified":"2024-04-21T16:17:24","modified_gmt":"2024-04-21T09:17:24","slug":"case-dong-nam-a-may-ke-toan-chay-pm-ke-toan-misa-fast-accouting","status":"publish","type":"product","link":"https:\/\/thanhphatpc.com\/en\/case-dong-nam-a-may-ke-toan-chay-pm-ke-toan-misa-fast-accouting\/","title":{"rendered":"Case m\u00e1y t\u00ednh TP2 &#8211; ch\u1ea1y ph\u1ea7n m\u1ec1m k\u1ebf to\u00e1n"},"content":{"rendered":"<p>Case m\u00e1y t\u00ednh TP2 &#8211; ch\u1ea1y ph\u1ea7n m\u1ec1m k\u1ebf to\u00e1n<br \/>\n&#8211; Bo m\u1ea1ch ch\u00ednh MSI H510<br \/>\n&#8211; B\u1ed9 nh\u1edb trong Ram IV 8GB<br \/>\n&#8211; \u1ed4 c\u1ee9ng SSD 120GB<br \/>\n&#8211; \u1ed4 c\u1ee9ng HDD 1TB<br \/>\n&#8211; B\u1ed9 vi x\u1eed l\u00ed CPU core i3\u00a0 10105<br \/>\n&#8211; Ngu\u1ed3n m\u00e1y t\u00ednh c\u00f4ng su\u1ea5t th\u1ef1c Xigmatek X350<\/p>\n<p><img loading=\"lazy\" decoding=\"async\" class=\"size-full wp-image-10165\" src=\"https:\/\/thanhphatpc.com\/wp-content\/uploads\/2019\/09\/case-may-tinh-02.png\" alt=\"case m\u00e1y t\u00ednh  th\u00e0nh ph\u00e1t h\u1ea3i d\u01b0\u01a1ng\" width=\"944\" height=\"617\" srcset=\"https:\/\/thanhphatpc.com\/wp-content\/uploads\/2019\/09\/case-may-tinh-02.png 944w, https:\/\/thanhphatpc.com\/wp-content\/uploads\/2019\/09\/case-may-tinh-02-510x333.png 510w, https:\/\/thanhphatpc.com\/wp-content\/uploads\/2019\/09\/case-may-tinh-02-300x196.png 300w, https:\/\/thanhphatpc.com\/wp-content\/uploads\/2019\/09\/case-may-tinh-02-768x502.png 768w\" sizes=\"auto, (max-width: 944px) 100vw, 944px\" \/><\/p>","protected":false},"excerpt":{"rendered":"<p>Case m\u00e1y t\u00ednh TP2 &#8211; ch\u1ea1y ph\u1ea7n m\u1ec1m k\u1ebf to\u00e1n<br \/>\n&#8211; Bo m\u1ea1ch ch\u00ednh MSI H510<br \/>\n&#8211; B\u1ed9 nh\u1edb trong Ram IV 8GB<br \/>\n&#8211; \u1ed4 c\u1ee9ng SSD 120GB<br \/>\n&#8211; \u1ed4 c\u1ee9ng HDD 1TB<br \/>\n&#8211; B\u1ed9 vi x\u1eed l\u00ed CPU core i3\u00a0 10105<br \/>\n&#8211; Ngu\u1ed3n m\u00e1y t\u00ednh c\u00f4ng su\u1ea5t th\u1ef1c Xigmatek X350<\/p>\n<p>&nbsp;<\/p>","protected":false},"featured_media":10164,"comment_status":"open","ping_status":"closed","template":"","meta":{"_acf_changed":false},"product_cat":[405,355],"product_tag":[],"class_list":{"0":"post-3471","1":"product","2":"type-product","3":"status-publish","4":"has-post-thumbnail","6":"product_cat-may-ke-toan","7":"product_cat-may-tinh-pc","9":"first","10":"instock","11":"sale","12":"shipping-taxable","13":"purchasable","14":"product-type-simple"},"acf":[],"yoast_head":"<!-- This site is optimized with the Yoast SEO plugin v23.8 - https:\/\/yoast.com\/wordpress\/plugins\/seo\/ -->\n<title>Case m\u00e1y t\u00ednh TP2 - ch\u1ea1y ph\u1ea7n m\u1ec1m k\u1ebf to\u00e1n - ThanhPhat PC<\/title>\n<meta name=\"description\" content=\"Case m\u00e1y t\u00ednh ch\u1ea1y ph\u1ea7n m\u1ec1m k\u1ebf to\u00e1n nh\u01b0 misa, fast accounting\" \/>\n<meta name=\"robots\" content=\"index, follow, max-snippet:-1, max-image-preview:large, max-video-preview:-1\" \/>\n<link rel=\"canonical\" href=\"https:\/\/thanhphatpc.com\/en\/case-dong-nam-a-may-ke-toan-chay-pm-ke-toan-misa-fast-accouting\/\" \/>\n<meta property=\"og:locale\" content=\"en_US\" \/>\n<meta property=\"og:type\" content=\"article\" \/>\n<meta property=\"og:title\" content=\"Case m\u00e1y t\u00ednh TP2 - ch\u1ea1y ph\u1ea7n m\u1ec1m k\u1ebf to\u00e1n - ThanhPhat PC\" \/>\n<meta property=\"og:description\" content=\"Case m\u00e1y t\u00ednh ch\u1ea1y ph\u1ea7n m\u1ec1m k\u1ebf to\u00e1n nh\u01b0 misa, fast accounting\" \/>\n<meta property=\"og:url\" content=\"https:\/\/thanhphatpc.com\/en\/case-dong-nam-a-may-ke-toan-chay-pm-ke-toan-misa-fast-accouting\/\" \/>\n<meta property=\"og:site_name\" content=\"ThanhPhat PC\" \/>\n<meta property=\"article:modified_time\" content=\"2024-04-21T09:17:24+00:00\" \/>\n<meta property=\"og:image\" content=\"https:\/\/thanhphatpc.com\/wp-content\/uploads\/2019\/09\/case-may-tinh-01.png\" \/>\n\t<meta property=\"og:image:width\" content=\"562\" \/>\n\t<meta property=\"og:image:height\" content=\"671\" \/>\n\t<meta property=\"og:image:type\" content=\"image\/png\" \/>\n<meta name=\"twitter:card\" content=\"summary_large_image\" \/>\n<meta name=\"twitter:label1\" content=\"Est. reading time\" \/>\n\t<meta name=\"twitter:data1\" content=\"1 minute\" \/>\n<script type=\"application\/ld+json\" class=\"yoast-schema-graph\">{\"@context\":\"https:\/\/schema.org\",\"@graph\":[{\"@type\":\"WebPage\",\"@id\":\"https:\/\/thanhphatpc.com\/case-dong-nam-a-may-ke-toan-chay-pm-ke-toan-misa-fast-accouting\/\",\"url\":\"https:\/\/thanhphatpc.com\/case-dong-nam-a-may-ke-toan-chay-pm-ke-toan-misa-fast-accouting\/\",\"name\":\"Case m\u00e1y t\u00ednh TP2 - ch\u1ea1y ph\u1ea7n m\u1ec1m k\u1ebf to\u00e1n - ThanhPhat PC\",\"isPartOf\":{\"@id\":\"https:\/\/thanhphatpc.com\/#website\"},\"primaryImageOfPage\":{\"@id\":\"https:\/\/thanhphatpc.com\/case-dong-nam-a-may-ke-toan-chay-pm-ke-toan-misa-fast-accouting\/#primaryimage\"},\"image\":{\"@id\":\"https:\/\/thanhphatpc.com\/case-dong-nam-a-may-ke-toan-chay-pm-ke-toan-misa-fast-accouting\/#primaryimage\"},\"thumbnailUrl\":\"https:\/\/thanhphatpc.com\/wp-content\/uploads\/2019\/09\/case-may-tinh-01.png\",\"datePublished\":\"2019-09-26T06:54:27+00:00\",\"dateModified\":\"2024-04-21T09:17:24+00:00\",\"description\":\"Case m\u00e1y t\u00ednh ch\u1ea1y ph\u1ea7n m\u1ec1m k\u1ebf to\u00e1n nh\u01b0 misa, fast accounting\",\"breadcrumb\":{\"@id\":\"https:\/\/thanhphatpc.com\/case-dong-nam-a-may-ke-toan-chay-pm-ke-toan-misa-fast-accouting\/#breadcrumb\"},\"inLanguage\":\"en-US\",\"potentialAction\":[{\"@type\":\"ReadAction\",\"target\":[\"https:\/\/thanhphatpc.com\/case-dong-nam-a-may-ke-toan-chay-pm-ke-toan-misa-fast-accouting\/\"]}]},{\"@type\":\"ImageObject\",\"inLanguage\":\"en-US\",\"@id\":\"https:\/\/thanhphatpc.com\/case-dong-nam-a-may-ke-toan-chay-pm-ke-toan-misa-fast-accouting\/#primaryimage\",\"url\":\"https:\/\/thanhphatpc.com\/wp-content\/uploads\/2019\/09\/case-may-tinh-01.png\",\"contentUrl\":\"https:\/\/thanhphatpc.com\/wp-content\/uploads\/2019\/09\/case-may-tinh-01.png\",\"width\":562,\"height\":671,\"caption\":\"case m\u00e1y t\u00ednh th\u00e0nh ph\u00e1t h\u1ea3i d\u01b0\u01a1ng\"},{\"@type\":\"BreadcrumbList\",\"@id\":\"https:\/\/thanhphatpc.com\/case-dong-nam-a-may-ke-toan-chay-pm-ke-toan-misa-fast-accouting\/#breadcrumb\",\"itemListElement\":[{\"@type\":\"ListItem\",\"position\":1,\"name\":\"Trang ch\u1ee7\",\"item\":\"https:\/\/thanhphatpc.com\/\"},{\"@type\":\"ListItem\",\"position\":2,\"name\":\"C\u1eeda h\u00e0ng\",\"item\":\"https:\/\/thanhphatpc.com\/cua-hang\/\"},{\"@type\":\"ListItem\",\"position\":3,\"name\":\"Case m\u00e1y t\u00ednh TP2 &#8211; ch\u1ea1y ph\u1ea7n m\u1ec1m k\u1ebf to\u00e1n\"}]},{\"@type\":\"WebSite\",\"@id\":\"https:\/\/thanhphatpc.com\/#website\",\"url\":\"https:\/\/thanhphatpc.com\/\",\"name\":\"ThanhPhat PC\",\"description\":\"D\u1ecbch v\u1ee5 ho\u00e0n h\u1ea3o\",\"potentialAction\":[{\"@type\":\"SearchAction\",\"target\":{\"@type\":\"EntryPoint\",\"urlTemplate\":\"https:\/\/thanhphatpc.com\/?s={search_term_string}\"},\"query-input\":{\"@type\":\"PropertyValueSpecification\",\"valueRequired\":true,\"valueName\":\"search_term_string\"}}],\"inLanguage\":\"en-US\"}]}<\/script>\n<!-- \/ Yoast SEO plugin. -->","yoast_head_json":{"title":"Case m\u00e1y t\u00ednh TP2 - ch\u1ea1y ph\u1ea7n m\u1ec1m k\u1ebf to\u00e1n - ThanhPhat PC","description":"Case m\u00e1y t\u00ednh ch\u1ea1y ph\u1ea7n m\u1ec1m k\u1ebf to\u00e1n nh\u01b0 misa, fast accounting","robots":{"index":"index","follow":"follow","max-snippet":"max-snippet:-1","max-image-preview":"max-image-preview:large","max-video-preview":"max-video-preview:-1"},"canonical":"https:\/\/thanhphatpc.com\/en\/case-dong-nam-a-may-ke-toan-chay-pm-ke-toan-misa-fast-accouting\/","og_locale":"en_US","og_type":"article","og_title":"Case m\u00e1y t\u00ednh TP2 - ch\u1ea1y ph\u1ea7n m\u1ec1m k\u1ebf to\u00e1n - ThanhPhat PC","og_description":"Case m\u00e1y t\u00ednh ch\u1ea1y ph\u1ea7n m\u1ec1m k\u1ebf to\u00e1n nh\u01b0 misa, fast accounting","og_url":"https:\/\/thanhphatpc.com\/en\/case-dong-nam-a-may-ke-toan-chay-pm-ke-toan-misa-fast-accouting\/","og_site_name":"ThanhPhat PC","article_modified_time":"2024-04-21T09:17:24+00:00","og_image":[{"width":562,"height":671,"url":"https:\/\/thanhphatpc.com\/wp-content\/uploads\/2019\/09\/case-may-tinh-01.png","type":"image\/png"}],"twitter_card":"summary_large_image","twitter_misc":{"Est. reading time":"1 minute"},"schema":{"@context":"https:\/\/schema.org","@graph":[{"@type":"WebPage","@id":"https:\/\/thanhphatpc.com\/case-dong-nam-a-may-ke-toan-chay-pm-ke-toan-misa-fast-accouting\/","url":"https:\/\/thanhphatpc.com\/case-dong-nam-a-may-ke-toan-chay-pm-ke-toan-misa-fast-accouting\/","name":"Case m\u00e1y t\u00ednh TP2 - ch\u1ea1y ph\u1ea7n m\u1ec1m k\u1ebf to\u00e1n - ThanhPhat PC","isPartOf":{"@id":"https:\/\/thanhphatpc.com\/#website"},"primaryImageOfPage":{"@id":"https:\/\/thanhphatpc.com\/case-dong-nam-a-may-ke-toan-chay-pm-ke-toan-misa-fast-accouting\/#primaryimage"},"image":{"@id":"https:\/\/thanhphatpc.com\/case-dong-nam-a-may-ke-toan-chay-pm-ke-toan-misa-fast-accouting\/#primaryimage"},"thumbnailUrl":"https:\/\/thanhphatpc.com\/wp-content\/uploads\/2019\/09\/case-may-tinh-01.png","datePublished":"2019-09-26T06:54:27+00:00","dateModified":"2024-04-21T09:17:24+00:00","description":"Case m\u00e1y t\u00ednh ch\u1ea1y ph\u1ea7n m\u1ec1m k\u1ebf to\u00e1n nh\u01b0 misa, fast accounting","breadcrumb":{"@id":"https:\/\/thanhphatpc.com\/case-dong-nam-a-may-ke-toan-chay-pm-ke-toan-misa-fast-accouting\/#breadcrumb"},"inLanguage":"en-US","potentialAction":[{"@type":"ReadAction","target":["https:\/\/thanhphatpc.com\/case-dong-nam-a-may-ke-toan-chay-pm-ke-toan-misa-fast-accouting\/"]}]},{"@type":"ImageObject","inLanguage":"en-US","@id":"https:\/\/thanhphatpc.com\/case-dong-nam-a-may-ke-toan-chay-pm-ke-toan-misa-fast-accouting\/#primaryimage","url":"https:\/\/thanhphatpc.com\/wp-content\/uploads\/2019\/09\/case-may-tinh-01.png","contentUrl":"https:\/\/thanhphatpc.com\/wp-content\/uploads\/2019\/09\/case-may-tinh-01.png","width":562,"height":671,"caption":"case m\u00e1y t\u00ednh th\u00e0nh ph\u00e1t h\u1ea3i d\u01b0\u01a1ng"},{"@type":"BreadcrumbList","@id":"https:\/\/thanhphatpc.com\/case-dong-nam-a-may-ke-toan-chay-pm-ke-toan-misa-fast-accouting\/#breadcrumb","itemListElement":[{"@type":"ListItem","position":1,"name":"Trang ch\u1ee7","item":"https:\/\/thanhphatpc.com\/"},{"@type":"ListItem","position":2,"name":"C\u1eeda h\u00e0ng","item":"https:\/\/thanhphatpc.com\/cua-hang\/"},{"@type":"ListItem","position":3,"name":"Case m\u00e1y t\u00ednh TP2 &#8211; ch\u1ea1y ph\u1ea7n m\u1ec1m k\u1ebf to\u00e1n"}]},{"@type":"WebSite","@id":"https:\/\/thanhphatpc.com\/#website","url":"https:\/\/thanhphatpc.com\/","name":"ThanhPhat PC","description":"D\u1ecbch v\u1ee5 ho\u00e0n h\u1ea3o","potentialAction":[{"@type":"SearchAction","target":{"@type":"EntryPoint","urlTemplate":"https:\/\/thanhphatpc.com\/?s={search_term_string}"},"query-input":{"@type":"PropertyValueSpecification","valueRequired":true,"valueName":"search_term_string"}}],"inLanguage":"en-US"}]}},"_links":{"self":[{"href":"https:\/\/thanhphatpc.com\/en\/wp-json\/wp\/v2\/product\/3471","targetHints":{"allow":["GET"]}}],"collection":[{"href":"https:\/\/thanhphatpc.com\/en\/wp-json\/wp\/v2\/product"}],"about":[{"href":"https:\/\/thanhphatpc.com\/en\/wp-json\/wp\/v2\/types\/product"}],"replies":[{"embeddable":true,"href":"https:\/\/thanhphatpc.com\/en\/wp-json\/wp\/v2\/comments?post=3471"}],"wp:featuredmedia":[{"embeddable":true,"href":"https:\/\/thanhphatpc.com\/en\/wp-json\/wp\/v2\/media\/10164"}],"wp:attachment":[{"href":"https:\/\/thanhphatpc.com\/en\/wp-json\/wp\/v2\/media?parent=3471"}],"wp:term":[{"taxonomy":"product_cat","embeddable":true,"href":"https:\/\/thanhphatpc.com\/en\/wp-json\/wp\/v2\/product_cat?post=3471"},{"taxonomy":"product_tag","embeddable":true,"href":"https:\/\/thanhphatpc.com\/en\/wp-json\/wp\/v2\/product_tag?post=3471"}],"curies":[{"name":"wp","href":"https:\/\/api.w.org\/{rel}","templated":true}]}}