{"id":3479,"date":"2019-09-26T15:14:28","date_gmt":"2019-09-26T08:14:28","guid":{"rendered":"https:\/\/thanhphatpc.com\/?post_type=product&#038;p=3479"},"modified":"2020-06-23T17:16:01","modified_gmt":"2020-06-23T10:16:01","slug":"laptop-msi-ge65-raider-9se-223vn","status":"publish","type":"product","link":"https:\/\/thanhphatpc.com\/en\/laptop-msi-ge65-raider-9se-223vn\/","title":{"rendered":"Laptop MSI GE65 Raider 9SE 223VN"},"content":{"rendered":"<h2>TH\u00d4NG S\u1ed0 K\u1ef8 THU\u1eacT<\/h2>\n<table>\n<tbody>\n<tr>\n<td colspan=\"2\" width=\"541\"><strong>B\u1ed9 vi x\u1eed l\u00fd (CPU)<\/strong><\/td>\n<\/tr>\n<tr>\n<td width=\"213\">T\u00ean b\u1ed9 vi x\u1eed l\u00fd<\/td>\n<td width=\"328\">Intel<sup>\u00ae<\/sup>\u00a0Core\u2122\u00a0i7-9750H Processor<\/td>\n<\/tr>\n<tr>\n<td width=\"213\">T\u1ed1c \u0111\u1ed9<\/td>\n<td width=\"328\">2.60 GHz, upto\u00a04.50 GHz<\/td>\n<\/tr>\n<tr>\n<td width=\"213\">B\u1ed9 nh\u1edb \u0111\u1ec7m<\/td>\n<td width=\"328\">12MB SmartCache<\/td>\n<\/tr>\n<tr>\n<td colspan=\"2\" width=\"541\"><strong>B\u1ed9 nh\u1edb trong (RAM Laptop)<\/strong><\/td>\n<\/tr>\n<tr>\n<td width=\"213\">Dung l\u01b0\u1ee3ng<\/td>\n<td width=\"328\">16GB (8GB*2) DDR4<\/td>\n<\/tr>\n<tr>\n<td width=\"213\">S\u1ed1 khe ram<\/td>\n<td width=\"328\">2 khe c\u1eafm, Max 32GB<\/td>\n<\/tr>\n<tr>\n<td colspan=\"2\" width=\"541\"><strong>\u1ed4 c\u1ee9ng<\/strong><\/td>\n<\/tr>\n<tr>\n<td width=\"213\">Dung l\u01b0\u1ee3ng<\/td>\n<td width=\"328\">HDD 1TB\u00a0SATA 7200rpm<\/p>\n<p>SSD 512GB NVMe PCIe Gen3x4<\/td>\n<\/tr>\n<tr>\n<td width=\"213\">Kh\u1ea3 n\u0103ng l\u01b0u tr\u1eef<\/td>\n<td width=\"328\"><\/td>\n<\/tr>\n<tr>\n<td colspan=\"2\" width=\"541\"><strong>\u1ed4 \u0111\u0129a quang (ODD)<\/strong><\/td>\n<\/tr>\n<tr>\n<td width=\"213\"><\/td>\n<td width=\"328\">N\/A<\/td>\n<\/tr>\n<tr>\n<td colspan=\"2\" width=\"541\"><strong>Hi\u1ec3n th\u1ecb (M\u00e0n h\u00ecnh Laptop)<\/strong><\/td>\n<\/tr>\n<tr>\n<td width=\"213\">M\u00e0n h\u00ecnh<\/td>\n<td width=\"328\">15.6&#8243; FHD, 240Hz Thin Bezel, close to 100%sRGB<\/td>\n<\/tr>\n<tr>\n<td width=\"213\">\u0110\u1ed9 ph\u00e2n gi\u1ea3i<\/td>\n<td width=\"328\">FHD (1920*1080)<\/td>\n<\/tr>\n<tr>\n<td colspan=\"2\" width=\"541\"><strong>\u0110\u1ed3 H\u1ecda (VGA)<\/strong><\/td>\n<\/tr>\n<tr>\n<td width=\"213\">B\u1ed9 x\u1eed l\u00fd<\/td>\n<td width=\"328\">NVIDIA<sup>\u00ae<\/sup>\u00a0GeForce RTX\u2122\u00a02060 6GB GDDR6<\/td>\n<\/tr>\n<tr>\n<td width=\"213\">C\u00f4ng ngh\u1ec7<\/td>\n<td width=\"328\"><\/td>\n<\/tr>\n<tr>\n<td colspan=\"2\" width=\"541\"><strong>K\u1ebft n\u1ed1i (Network)<\/strong><\/td>\n<\/tr>\n<tr>\n<td width=\"213\">LAN<\/td>\n<td width=\"328\">Gigabit LAN<\/td>\n<\/tr>\n<tr>\n<td width=\"213\">Wireless<\/td>\n<td width=\"328\">Wi-Fi 802.11AC<\/td>\n<\/tr>\n<tr>\n<td width=\"213\">Bluetooth<\/td>\n<td width=\"328\">Bluetooth v5.0<\/td>\n<\/tr>\n<tr>\n<td colspan=\"2\" width=\"213\"><strong>C\u1ed5ng giao ti\u1ebfp m\u1edf r\u1ed9ng<\/strong><\/td>\n<\/tr>\n<tr>\n<td width=\"213\">C\u1ed5ng USB<\/td>\n<td width=\"328\">1 x Type-C USB3.2 Gen2<br \/>\n1 x Type-A USB3.2 Gen22 x Type-A USB3.2 Gen1<\/td>\n<\/tr>\n<tr>\n<td width=\"213\">HDMI<\/td>\n<td width=\"328\">1 x HDMI \/\u00a01x RJ45<\/td>\n<\/tr>\n<tr>\n<td width=\"213\">Khe c\u1eafm th\u1ebb nh\u1edb<\/td>\n<td width=\"328\">1 x Card reader SD (XC\/HC)<\/td>\n<\/tr>\n<tr>\n<td width=\"213\">Audio<\/td>\n<td width=\"328\">1 x Mic-in<\/p>\n<p>1 x Headphone-out<\/td>\n<\/tr>\n<tr>\n<td width=\"213\">Camera<\/td>\n<td width=\"328\">HD type (30fps@720p)<\/td>\n<\/tr>\n<tr>\n<td colspan=\"2\" width=\"541\"><strong>B\u00e0n Ph\u00edm Laptop<\/strong><\/td>\n<\/tr>\n<tr>\n<td width=\"213\">Ki\u1ec3u b\u00e0n ph\u00edm<\/td>\n<td width=\"328\">B\u00e0n ph\u00edm ti\u00eau chu\u1ea9n , C\u00f3 b\u00e0n ph\u00edm s\u1ed1, \u0110\u00e8n n\u1ec1n b\u00e0n ph\u00edm<\/td>\n<\/tr>\n<tr>\n<td colspan=\"2\" width=\"541\"><strong>Mouse (<\/strong><strong>Chu\u1ed9t Laptop)<\/strong><\/td>\n<\/tr>\n<tr>\n<td width=\"213\"><\/td>\n<td width=\"328\">C\u1ea3m \u1ee9ng \u0111a \u0111i\u1ec3m<\/td>\n<\/tr>\n<tr>\n<td colspan=\"2\" width=\"541\"><strong>Pin Laptop<\/strong><\/td>\n<\/tr>\n<tr>\n<td width=\"213\">Dung l\u01b0\u1ee3ng pin<\/td>\n<td width=\"328\">6-Cell, 51 Whr<\/td>\n<\/tr>\n<tr>\n<td colspan=\"2\" width=\"541\"><strong>S\u1ea1c Pin Laptop<\/strong><\/td>\n<\/tr>\n<tr>\n<td width=\"213\"><\/td>\n<td width=\"328\">\u0110i k\u00e8m<\/td>\n<\/tr>\n<tr>\n<td colspan=\"2\" width=\"541\"><strong>H\u1ec7 \u0111i\u1ec1u h\u00e0nh (Operating System)<\/strong><\/td>\n<\/tr>\n<tr>\n<td width=\"213\">H\u1ec7 \u0111i\u1ec1u h\u00e0nh \u0111i k\u00e8m<\/td>\n<td width=\"328\">Windows10 Home<\/td>\n<\/tr>\n<tr>\n<td colspan=\"2\" width=\"541\"><strong>Th\u00f4ng tin kh\u00e1c<\/strong><\/td>\n<\/tr>\n<tr>\n<td width=\"213\">Tr\u1ecdng L\u01b0\u1ee3ng<\/td>\n<td width=\"328\">2.3kg<\/td>\n<\/tr>\n<tr>\n<td width=\"213\">M\u00e0u s\u1eafc<\/td>\n<td width=\"328\">\u0110en<\/td>\n<\/tr>\n<tr>\n<td width=\"213\">Thi\u1ebft k\u1ebf<strong><br \/>\n<\/strong><\/td>\n<td width=\"328\"><\/td>\n<\/tr>\n<tr>\n<td style=\"font-weight: 400;\" width=\"213\">Ph\u1ee5 ki\u1ec7n \u0111i k\u00e8m<strong><br \/>\n<\/strong><\/td>\n<\/tr>\n<\/tbody>\n<\/table>","protected":false},"excerpt":{"rendered":"<ul class=\"ul\">\n<li>CPU Intel\u00ae Core\u2122 I7-9750H Processor (12MB Cache, upto 4.50 GHz)<\/li>\n<li><i class=\"fa fa-check text-blue pull-left\"><\/i>RAM 16GB (8GB*2) DDR4 2666MHz<\/li>\n<li><i class=\"fa fa-check text-blue pull-left\"><\/i>HDD 1TB (SATA) 7200rpm<\/li>\n<li><i class=\"fa fa-check text-blue pull-left\"><\/i>SSD 512GB NVMe PCIe Gen3x4<\/li>\n<li><i class=\"fa fa-check text-blue pull-left\"><\/i>VGA NVIDIA\u00ae GeForce RTX\u2122 2060 6GB GDDR6<\/li>\n<li><i class=\"fa fa-check text-blue pull-left\"><\/i>DISPLAY 15.6-inch FHD (1920*1080), 240Hz Thin Bezel, close to 100%sRGB<\/li>\n<li><i class=\"fa fa-check text-blue pull-left\"><\/i>PIN 6cell 51Whr<\/li>\n<li><i class=\"fa fa-check text-blue pull-left\"><\/i>OS Windows10 Home<\/li>\n<\/ul>","protected":false},"featured_media":3481,"comment_status":"open","ping_status":"closed","template":"","meta":{"_acf_changed":false},"product_cat":[359,406],"product_tag":[],"class_list":{"0":"post-3479","1":"product","2":"type-product","3":"status-publish","4":"has-post-thumbnail","6":"product_cat-laptop","7":"product_cat-msi","9":"first","10":"outofstock","11":"sale","12":"shipping-taxable","13":"purchasable","14":"product-type-simple"},"acf":[],"yoast_head":"<!-- This site is optimized with the Yoast SEO plugin v23.8 - https:\/\/yoast.com\/wordpress\/plugins\/seo\/ -->\n<title>Laptop MSI GE65 Raider 9SE 223VN - ThanhPhat PC<\/title>\n<meta name=\"robots\" content=\"index, follow, max-snippet:-1, max-image-preview:large, max-video-preview:-1\" \/>\n<link rel=\"canonical\" href=\"https:\/\/thanhphatpc.com\/en\/laptop-msi-ge65-raider-9se-223vn\/\" \/>\n<meta property=\"og:locale\" content=\"en_US\" \/>\n<meta property=\"og:type\" content=\"article\" \/>\n<meta property=\"og:title\" content=\"Laptop MSI GE65 Raider 9SE 223VN - ThanhPhat PC\" \/>\n<meta property=\"og:description\" content=\"CPU Intel\u00ae Core\u2122 I7-9750H Processor (12MB Cache, upto 4.50 GHz)  RAM 16GB (8GB*2) DDR4 2666MHz  HDD 1TB (SATA) 7200rpm  SSD 512GB NVMe PCIe Gen3x4  VGA NVIDIA\u00ae GeForce RTX\u2122 2060 6GB GDDR6  DISPLAY 15.6-inch FHD (1920*1080), 240Hz Thin Bezel, close to 100%sRGB  PIN 6cell 51Whr  OS Windows10 Home\" \/>\n<meta property=\"og:url\" content=\"https:\/\/thanhphatpc.com\/en\/laptop-msi-ge65-raider-9se-223vn\/\" \/>\n<meta property=\"og:site_name\" content=\"ThanhPhat PC\" \/>\n<meta property=\"article:modified_time\" content=\"2020-06-23T10:16:01+00:00\" \/>\n<meta property=\"og:image\" content=\"https:\/\/thanhphatpc.com\/wp-content\/uploads\/2019\/09\/GE75-3-1.jpg\" \/>\n\t<meta property=\"og:image:width\" content=\"800\" \/>\n\t<meta property=\"og:image:height\" content=\"800\" \/>\n\t<meta property=\"og:image:type\" content=\"image\/jpeg\" \/>\n<meta name=\"twitter:card\" content=\"summary_large_image\" \/>\n<meta name=\"twitter:label1\" content=\"Est. reading time\" \/>\n\t<meta name=\"twitter:data1\" content=\"1 minute\" \/>\n<script type=\"application\/ld+json\" class=\"yoast-schema-graph\">{\"@context\":\"https:\/\/schema.org\",\"@graph\":[{\"@type\":\"WebPage\",\"@id\":\"https:\/\/thanhphatpc.com\/laptop-msi-ge65-raider-9se-223vn\/\",\"url\":\"https:\/\/thanhphatpc.com\/laptop-msi-ge65-raider-9se-223vn\/\",\"name\":\"Laptop MSI GE65 Raider 9SE 223VN - ThanhPhat PC\",\"isPartOf\":{\"@id\":\"https:\/\/thanhphatpc.com\/#website\"},\"primaryImageOfPage\":{\"@id\":\"https:\/\/thanhphatpc.com\/laptop-msi-ge65-raider-9se-223vn\/#primaryimage\"},\"image\":{\"@id\":\"https:\/\/thanhphatpc.com\/laptop-msi-ge65-raider-9se-223vn\/#primaryimage\"},\"thumbnailUrl\":\"https:\/\/thanhphatpc.com\/wp-content\/uploads\/2019\/09\/GE75-3-1.jpg\",\"datePublished\":\"2019-09-26T08:14:28+00:00\",\"dateModified\":\"2020-06-23T10:16:01+00:00\",\"breadcrumb\":{\"@id\":\"https:\/\/thanhphatpc.com\/laptop-msi-ge65-raider-9se-223vn\/#breadcrumb\"},\"inLanguage\":\"en-US\",\"potentialAction\":[{\"@type\":\"ReadAction\",\"target\":[\"https:\/\/thanhphatpc.com\/laptop-msi-ge65-raider-9se-223vn\/\"]}]},{\"@type\":\"ImageObject\",\"inLanguage\":\"en-US\",\"@id\":\"https:\/\/thanhphatpc.com\/laptop-msi-ge65-raider-9se-223vn\/#primaryimage\",\"url\":\"https:\/\/thanhphatpc.com\/wp-content\/uploads\/2019\/09\/GE75-3-1.jpg\",\"contentUrl\":\"https:\/\/thanhphatpc.com\/wp-content\/uploads\/2019\/09\/GE75-3-1.jpg\",\"width\":800,\"height\":800},{\"@type\":\"BreadcrumbList\",\"@id\":\"https:\/\/thanhphatpc.com\/laptop-msi-ge65-raider-9se-223vn\/#breadcrumb\",\"itemListElement\":[{\"@type\":\"ListItem\",\"position\":1,\"name\":\"Trang ch\u1ee7\",\"item\":\"https:\/\/thanhphatpc.com\/\"},{\"@type\":\"ListItem\",\"position\":2,\"name\":\"C\u1eeda h\u00e0ng\",\"item\":\"https:\/\/thanhphatpc.com\/cua-hang\/\"},{\"@type\":\"ListItem\",\"position\":3,\"name\":\"Laptop MSI GE65 Raider 9SE 223VN\"}]},{\"@type\":\"WebSite\",\"@id\":\"https:\/\/thanhphatpc.com\/#website\",\"url\":\"https:\/\/thanhphatpc.com\/\",\"name\":\"ThanhPhat PC\",\"description\":\"D\u1ecbch v\u1ee5 ho\u00e0n h\u1ea3o\",\"potentialAction\":[{\"@type\":\"SearchAction\",\"target\":{\"@type\":\"EntryPoint\",\"urlTemplate\":\"https:\/\/thanhphatpc.com\/?s={search_term_string}\"},\"query-input\":{\"@type\":\"PropertyValueSpecification\",\"valueRequired\":true,\"valueName\":\"search_term_string\"}}],\"inLanguage\":\"en-US\"}]}<\/script>\n<!-- \/ Yoast SEO plugin. -->","yoast_head_json":{"title":"Laptop MSI GE65 Raider 9SE 223VN - ThanhPhat PC","robots":{"index":"index","follow":"follow","max-snippet":"max-snippet:-1","max-image-preview":"max-image-preview:large","max-video-preview":"max-video-preview:-1"},"canonical":"https:\/\/thanhphatpc.com\/en\/laptop-msi-ge65-raider-9se-223vn\/","og_locale":"en_US","og_type":"article","og_title":"Laptop MSI GE65 Raider 9SE 223VN - ThanhPhat PC","og_description":"CPU Intel\u00ae Core\u2122 I7-9750H Processor (12MB Cache, upto 4.50 GHz)  RAM 16GB (8GB*2) DDR4 2666MHz  HDD 1TB (SATA) 7200rpm  SSD 512GB NVMe PCIe Gen3x4  VGA NVIDIA\u00ae GeForce RTX\u2122 2060 6GB GDDR6  DISPLAY 15.6-inch FHD (1920*1080), 240Hz Thin Bezel, close to 100%sRGB  PIN 6cell 51Whr  OS Windows10 Home","og_url":"https:\/\/thanhphatpc.com\/en\/laptop-msi-ge65-raider-9se-223vn\/","og_site_name":"ThanhPhat PC","article_modified_time":"2020-06-23T10:16:01+00:00","og_image":[{"width":800,"height":800,"url":"https:\/\/thanhphatpc.com\/wp-content\/uploads\/2019\/09\/GE75-3-1.jpg","type":"image\/jpeg"}],"twitter_card":"summary_large_image","twitter_misc":{"Est. reading time":"1 minute"},"schema":{"@context":"https:\/\/schema.org","@graph":[{"@type":"WebPage","@id":"https:\/\/thanhphatpc.com\/laptop-msi-ge65-raider-9se-223vn\/","url":"https:\/\/thanhphatpc.com\/laptop-msi-ge65-raider-9se-223vn\/","name":"Laptop MSI GE65 Raider 9SE 223VN - ThanhPhat PC","isPartOf":{"@id":"https:\/\/thanhphatpc.com\/#website"},"primaryImageOfPage":{"@id":"https:\/\/thanhphatpc.com\/laptop-msi-ge65-raider-9se-223vn\/#primaryimage"},"image":{"@id":"https:\/\/thanhphatpc.com\/laptop-msi-ge65-raider-9se-223vn\/#primaryimage"},"thumbnailUrl":"https:\/\/thanhphatpc.com\/wp-content\/uploads\/2019\/09\/GE75-3-1.jpg","datePublished":"2019-09-26T08:14:28+00:00","dateModified":"2020-06-23T10:16:01+00:00","breadcrumb":{"@id":"https:\/\/thanhphatpc.com\/laptop-msi-ge65-raider-9se-223vn\/#breadcrumb"},"inLanguage":"en-US","potentialAction":[{"@type":"ReadAction","target":["https:\/\/thanhphatpc.com\/laptop-msi-ge65-raider-9se-223vn\/"]}]},{"@type":"ImageObject","inLanguage":"en-US","@id":"https:\/\/thanhphatpc.com\/laptop-msi-ge65-raider-9se-223vn\/#primaryimage","url":"https:\/\/thanhphatpc.com\/wp-content\/uploads\/2019\/09\/GE75-3-1.jpg","contentUrl":"https:\/\/thanhphatpc.com\/wp-content\/uploads\/2019\/09\/GE75-3-1.jpg","width":800,"height":800},{"@type":"BreadcrumbList","@id":"https:\/\/thanhphatpc.com\/laptop-msi-ge65-raider-9se-223vn\/#breadcrumb","itemListElement":[{"@type":"ListItem","position":1,"name":"Trang ch\u1ee7","item":"https:\/\/thanhphatpc.com\/"},{"@type":"ListItem","position":2,"name":"C\u1eeda h\u00e0ng","item":"https:\/\/thanhphatpc.com\/cua-hang\/"},{"@type":"ListItem","position":3,"name":"Laptop MSI GE65 Raider 9SE 223VN"}]},{"@type":"WebSite","@id":"https:\/\/thanhphatpc.com\/#website","url":"https:\/\/thanhphatpc.com\/","name":"ThanhPhat PC","description":"D\u1ecbch v\u1ee5 ho\u00e0n h\u1ea3o","potentialAction":[{"@type":"SearchAction","target":{"@type":"EntryPoint","urlTemplate":"https:\/\/thanhphatpc.com\/?s={search_term_string}"},"query-input":{"@type":"PropertyValueSpecification","valueRequired":true,"valueName":"search_term_string"}}],"inLanguage":"en-US"}]}},"_links":{"self":[{"href":"https:\/\/thanhphatpc.com\/en\/wp-json\/wp\/v2\/product\/3479","targetHints":{"allow":["GET"]}}],"collection":[{"href":"https:\/\/thanhphatpc.com\/en\/wp-json\/wp\/v2\/product"}],"about":[{"href":"https:\/\/thanhphatpc.com\/en\/wp-json\/wp\/v2\/types\/product"}],"replies":[{"embeddable":true,"href":"https:\/\/thanhphatpc.com\/en\/wp-json\/wp\/v2\/comments?post=3479"}],"wp:featuredmedia":[{"embeddable":true,"href":"https:\/\/thanhphatpc.com\/en\/wp-json\/wp\/v2\/media\/3481"}],"wp:attachment":[{"href":"https:\/\/thanhphatpc.com\/en\/wp-json\/wp\/v2\/media?parent=3479"}],"wp:term":[{"taxonomy":"product_cat","embeddable":true,"href":"https:\/\/thanhphatpc.com\/en\/wp-json\/wp\/v2\/product_cat?post=3479"},{"taxonomy":"product_tag","embeddable":true,"href":"https:\/\/thanhphatpc.com\/en\/wp-json\/wp\/v2\/product_tag?post=3479"}],"curies":[{"name":"wp","href":"https:\/\/api.w.org\/{rel}","templated":true}]}}