{"id":3517,"date":"2019-09-28T11:04:54","date_gmt":"2019-09-28T04:04:54","guid":{"rendered":"https:\/\/thanhphatpc.com\/?post_type=product&#038;p=3517"},"modified":"2021-08-21T14:13:11","modified_gmt":"2021-08-21T07:13:11","slug":"laptop-lenovo-ideapad-s145-15iwl-81mv00f3vn","status":"publish","type":"product","link":"https:\/\/thanhphatpc.com\/en\/laptop-lenovo-ideapad-s145-15iwl-81mv00f3vn\/","title":{"rendered":"Laptop Lenovo Ideapad S145 15IWL 81MV00F3VN"},"content":{"rendered":"<div id=\"tab1\">\n<h2 class=\"h-title\">TH\u00d4NG S\u1ed0 K\u1ef8 THU\u1eacT<\/h2>\n<div class=\"tbl-technical nd\">\n<table width=\"696\">\n<tbody>\n<tr>\n<td width=\"348\">H\u00e3ng s\u1ea3n xu\u1ea5t<\/td>\n<td width=\"348\">Lenovo<\/td>\n<\/tr>\n<tr>\n<td width=\"348\">Ch\u1ee7ng lo\u1ea1i<\/td>\n<td width=\"348\">IdeaPad S145-15IWL<\/td>\n<\/tr>\n<tr>\n<td width=\"348\">Part Number<\/td>\n<td width=\"348\">81MV00F3VN<\/td>\n<\/tr>\n<tr>\n<td width=\"348\">M\u1ea7u s\u1eafc<\/td>\n<td width=\"348\">X\u00e1m<\/td>\n<\/tr>\n<tr>\n<td width=\"348\">B\u1ed9 vi x\u1eed l\u00fd<\/td>\n<td width=\"348\">Intel\u00ae Pentium\u00ae Gold 5405U(2.3GHz\/2MB)<\/td>\n<\/tr>\n<tr>\n<td width=\"348\">Chipset<\/td>\n<td width=\"348\">Intel\u00ae<\/td>\n<\/tr>\n<tr>\n<td width=\"348\">B\u1ed9 nh\u1edb trong<\/td>\n<td width=\"348\">4GB DDR4<\/td>\n<\/tr>\n<tr>\n<td width=\"348\">S\u1ed1 khe c\u1eafm<\/td>\n<td width=\"348\">1<\/td>\n<\/tr>\n<tr>\n<td width=\"348\">Dung l\u01b0\u1ee3ng t\u1ed1i \u0111a<\/td>\n<td width=\"348\">8GB<\/td>\n<\/tr>\n<tr>\n<td width=\"348\">VGA<\/td>\n<td width=\"348\">Intel\u00ae UHD Graphics 610<\/td>\n<\/tr>\n<tr>\n<td width=\"348\">\u1ed4 c\u1ee9ng<\/td>\n<td width=\"348\">SSD 256GB 2.5&#8243; SATA<\/td>\n<\/tr>\n<tr>\n<td width=\"348\">\u1ed4 quang<\/td>\n<td width=\"348\">None<\/td>\n<\/tr>\n<tr>\n<td width=\"348\">Card Reader<\/td>\n<td width=\"348\">4-in-1 media reader (MMC, SD, SDHC, SDXC)<\/td>\n<\/tr>\n<tr>\n<td width=\"348\">B\u1ea3o m\u1eadt, c\u00f4ng ngh\u1ec7<\/td>\n<td width=\"348\">None<\/td>\n<\/tr>\n<tr>\n<td width=\"348\">M\u00e0n h\u00ecnh<\/td>\n<td width=\"348\">15.6&#8243; FHD (1920 x 1080) TN, Anti-Glare, 220 nits<\/td>\n<\/tr>\n<tr>\n<td width=\"348\">Webcam<\/td>\n<td width=\"348\">0.3MP<\/td>\n<\/tr>\n<tr>\n<td width=\"348\">Audio<\/td>\n<td width=\"348\">2 x 1.5W Dolby Audio\u2122<\/td>\n<\/tr>\n<tr>\n<td width=\"348\">Giao ti\u1ebfp m\u1ea1ng<\/td>\n<td width=\"348\">None<\/td>\n<\/tr>\n<tr>\n<td width=\"348\">Giao ti\u1ebfp kh\u00f4ng d\u00e2y<\/td>\n<td width=\"348\">802.11ac 1&#215;1 Wi-Fi + Bluetooth 4.2<\/td>\n<\/tr>\n<tr>\n<td rowspan=\"5\" width=\"348\">C\u1ed5ng giao ti\u1ebfp<\/td>\n<td width=\"348\">2 x USB 3.0<\/td>\n<\/tr>\n<tr>\n<td width=\"348\">1 x USB 2.0<\/td>\n<\/tr>\n<tr>\n<td width=\"348\">HDMI\u2122<\/td>\n<\/tr>\n<tr>\n<td width=\"348\">SD Card Reader<\/td>\n<\/tr>\n<tr>\n<td width=\"348\">Audio Jack<\/td>\n<\/tr>\n<tr>\n<td width=\"348\">Pin<\/td>\n<td width=\"348\">2Cell 30WH<\/td>\n<\/tr>\n<tr>\n<td width=\"348\">K\u00edch th\u01b0\u1edbc (r\u1ed9ng x d\u00e0i x cao)<\/td>\n<td width=\"348\">14.26&#8243; x 9.9&#8243; x 0.78&#8243;; 362.2mm x 251.5mm x 19.9mm<\/td>\n<\/tr>\n<tr>\n<td width=\"348\">C\u00e2n n\u1eb7ng<\/td>\n<td width=\"348\">Starting at 4.1 lbs (1.85 kg)<\/td>\n<\/tr>\n<tr>\n<td width=\"348\">H\u1ec7 \u0111i\u1ec1u h\u00e0nh<\/td>\n<td width=\"348\">Windows 10 Home<\/td>\n<\/tr>\n<tr>\n<td width=\"348\">Ph\u1ee5 ki\u1ec7n \u0111i k\u00e8m<\/td>\n<td width=\"348\">AC Adapter<\/td>\n<\/tr>\n<\/tbody>\n<\/table>\n<\/div>\n<\/div>\n<div id=\"tab2\">\n<h2 class=\"h-title\">\u0110\u1eb6C \u0110I\u1ec2M N\u1ed4I B\u1eacT<\/h2>\n<div class=\"nd\">\n<h2>Laptop Lenovo Ideapad S145 15IWL 81MV00F3VN<\/h2>\n<h3>Thi\u1ebft k\u1ebf \u0111\u1eb9p m\u1eaft<\/h3>\n<p><strong>Laptop Lenovo Ideapad S145 15IWL 81MV00F3VN<\/strong>\u00a0c\u00f3 thi\u1ebft k\u1ebf tinh t\u1ebf v\u1edbi c\u00e1c \u0111\u01b0\u1eddng n\u00e9t m\u1ec1m m\u1ea1i. K\u00edch th\u01b0\u1edbc m\u00e1y nh\u1ecf g\u1ecdn, m\u1ecfng, nh\u1eb9 thu\u1eadn ti\u1ec7n cho vi\u1ec7c mang theo \u0111i l\u00e0m, \u0111i ch\u01a1i r\u1ea5t ti\u1ec7n d\u1ee5ng.<\/p>\n<p><img decoding=\"async\" src=\"https:\/\/phucanhcdn.com\/media\/lib\/35509_LaptopLenovoIdeapadS14515IWL81MV00F3VNh1.jpg\" alt=\"Laptop Lenovo Ideapad S145 15IWL 81MV00F3VN h1\" width=\"500\" \/><\/p>\n<h3>H\u00ecnh \u1ea3nh s\u1eafc n\u00e9t<\/h3>\n<p>M\u00e0n h\u00ecnh 15.6 inch \u0111\u1ed9 ph\u00e2n gi\u1ea3i FHD k\u1ebft h\u1ee3p c\u00f9ng c\u00f4ng ngh\u1ec7 \u0111\u00e8n n\u1ec1n LED gi\u00fap h\u00ecnh \u1ea3nh hi\u1ec3n th\u1ecb lu\u00f4n r\u00f5 n\u00e9t, s\u00e1ng \u0111\u1eb9p, nhi\u1ec1u chi ti\u1ebft h\u01a1n m\u00e0 v\u1eabn ti\u1ebft ki\u1ec7m \u0111i\u1ec7n n\u0103ng v\u00e0 kh\u00f4ng g\u00e2y m\u1ecfi m\u1eaft.<\/p>\n<p><img decoding=\"async\" src=\"https:\/\/phucanhcdn.com\/media\/product\/35509_lenovo_ideapad_s145_15iwl_81mv00f3vn_h1.jpg\" alt=\"Laptop Lenovo Ideapad S145 15IWL 81MV00F3VN h2\" width=\"500\" \/><\/p>\n<h3>B\u00e0n ph\u00edm\u00a0nh\u1ea1y<\/h3>\n<p>Laptop thi\u1ebft k\u1ebf b\u00e0n ph\u00edm c\u00f3 \u0111\u1ed9 nh\u1ea1y t\u1ed1t gi\u00fap nh\u1eadp li\u1ec7u nhanh, h\u1ea1n ch\u1ebf sai s\u00f3t v\u00e0 kh\u00f4ng g\u00e2y m\u1ecfi. Touchpad r\u1ed9ng, h\u1ed7 tr\u1ee3 c\u1ea3m \u1ee9ng \u0111a \u0111i\u1ec3m nh\u1ea1y v\u00e0 ch\u00ednh x\u00e1c gi\u00fap b\u1ea1n d\u1ec5 d\u00e0ng s\u1eed d\u1ee5ng.<\/p>\n<p><img decoding=\"async\" src=\"https:\/\/phucanhcdn.com\/media\/lib\/35509_LaptopLenovoIdeapadS14515IWL81MV00F3VNh2.jpg\" alt=\"Laptop Lenovo Ideapad S145 15IWL 81MV00F3VN h3\" width=\"500\" \/><\/p>\n<h3>C\u1ea5u h\u00ecnh \u1ed5n \u0111\u1ecbnh<\/h3>\n<p>B\u1ed9 vi x\u1eed l\u00fd Intel Pentium Gold 5405U 2.30GHz v\u00e0 b\u1ed9 nh\u1edb RAM 4GB, \u1ed5 c\u1ee9ng 256 GB gi\u00fap ch\u1ea1y m\u01b0\u1ee3t m\u00e0 c\u00e1c t\u00e1c v\u1ee5. Card \u0111\u1ed3 h\u1ecda Intel HD Graphics 610 gi\u00fap b\u1ea1n tho\u1ea3i m\u00e1i l\u00e0m \u0111\u01b0\u1ee3c t\u1ea5t c\u1ea3 c\u00e1c c\u00f4ng vi\u1ec7c nh\u01b0 thi\u1ebft k\u1ebf \u0111\u1ed3 h\u1ecda, v\u0103n ph\u00f2ng hay ch\u01a1i nh\u1eefng Game 3D nh\u1eb9 &#8230;.<\/p>\n<h3>\u0110\u1ea7y \u0111\u1ee7 k\u1ebft n\u1ed1i<\/h3>\n<p>Laptop Lenovo Ideapad S145 15IWL 81MV00F3VN \u0111\u01b0\u1ee3c trang b\u1ecb \u0111\u1ea7y \u0111\u1ee7 c\u00e1c k\u1ebft n\u1ed1i th\u00f4ng d\u1ee5ng nh\u01b0 HDMI, USB 3.0 v\u00e0 khe c\u1eafm th\u1ebb nh\u1edb SD gi\u00fap k\u1ebft n\u1ed1i m\u00e1y v\u1edbi c\u00e1c thi\u1ebft b\u1ecb ngo\u1ea1i vi m\u1ed9t c\u00e1ch d\u1ec5 d\u00e0ng v\u00e0 nhanh ch\u00f3ng. K\u1ebft n\u1ed1i LAN, Wifi, Bluetooth cho b\u1ea1n tho\u1ea3i m\u00e1i truy c\u1eadp v\u00e0 k\u1ebft n\u1ed1i.<\/p>\n<p><img decoding=\"async\" src=\"https:\/\/phucanhcdn.com\/media\/lib\/35509_LaptopLenovoIdeapadS14515IWL81MV00F3VNh3.jpg\" alt=\"Laptop Lenovo Ideapad S145 15IWL 81MV00F3VN h4\" width=\"500\" \/><\/p>\n<\/div>\n<\/div>","protected":false},"excerpt":{"rendered":"<ul class=\"ul\">\n<li>&#8211; B\u00f4\u0323 VXL: Pentium 5405U 2.3Ghz-2Mb<\/li>\n<li><i class=\"before\"><\/i>&#8211; C\u1ea1c \u0111\u1ed3 h\u1ecda: Intel HD Graphics 610<\/li>\n<li><i class=\"before\"><\/i>&#8211; B\u1ed9 nh\u1edb: 4Gb<\/li>\n<li><i class=\"before\"><\/i>&#8211; \u1ed4 c\u1ee9ng\/ \u1ed4 \u0111\u0129a quang: 256Gb SSD\/ Kh\u00f4ng co\u0301<\/li>\n<li><i class=\"before\"><\/i>&#8211; M\u00e0n h\u00ecnh: 15.6Inch Full HD<\/li>\n<li><i class=\"before\"><\/i>&#8211; H\u1ec7 \u0111i\u1ec1u h\u00e0nh: Windows 10 Home<\/li>\n<li><i class=\"before\"><\/i>&#8211; Ma\u0300u s\u0103\u0301c\/ Ch\u00e2\u0301t li\u00ea\u0323u: Grey<\/li>\n<\/ul>","protected":false},"featured_media":3518,"comment_status":"open","ping_status":"closed","template":"","meta":{"_acf_changed":false},"product_cat":[359,363],"product_tag":[],"class_list":{"0":"post-3517","1":"product","2":"type-product","3":"status-publish","4":"has-post-thumbnail","6":"product_cat-laptop","7":"product_cat-lenovo-laptop","9":"first","10":"outofstock","11":"shipping-taxable","12":"purchasable","13":"product-type-simple"},"acf":[],"yoast_head":"<!-- This site is optimized with the Yoast SEO plugin v23.8 - https:\/\/yoast.com\/wordpress\/plugins\/seo\/ -->\n<title>Laptop Lenovo Ideapad S145 15IWL 81MV00F3VN - ThanhPhat PC<\/title>\n<meta name=\"robots\" content=\"index, follow, max-snippet:-1, max-image-preview:large, max-video-preview:-1\" \/>\n<link rel=\"canonical\" href=\"https:\/\/thanhphatpc.com\/en\/laptop-lenovo-ideapad-s145-15iwl-81mv00f3vn\/\" \/>\n<meta property=\"og:locale\" content=\"en_US\" \/>\n<meta property=\"og:type\" content=\"article\" \/>\n<meta property=\"og:title\" content=\"Laptop Lenovo Ideapad S145 15IWL 81MV00F3VN - ThanhPhat PC\" \/>\n<meta property=\"og:description\" content=\"- B\u00f4\u0323 VXL: Pentium 5405U 2.3Ghz-2Mb  - C\u1ea1c \u0111\u1ed3 h\u1ecda: Intel HD Graphics 610  - B\u1ed9 nh\u1edb: 4Gb  - \u1ed4 c\u1ee9ng\/ \u1ed4 \u0111\u0129a quang: 256Gb SSD\/ Kh\u00f4ng co\u0301  - M\u00e0n h\u00ecnh: 15.6Inch Full HD  - H\u1ec7 \u0111i\u1ec1u h\u00e0nh: Windows 10 Home  - Ma\u0300u s\u0103\u0301c\/ Ch\u00e2\u0301t li\u00ea\u0323u: Grey\" \/>\n<meta property=\"og:url\" content=\"https:\/\/thanhphatpc.com\/en\/laptop-lenovo-ideapad-s145-15iwl-81mv00f3vn\/\" \/>\n<meta property=\"og:site_name\" content=\"ThanhPhat PC\" \/>\n<meta property=\"article:modified_time\" content=\"2021-08-21T07:13:11+00:00\" \/>\n<meta property=\"og:image\" content=\"https:\/\/thanhphatpc.com\/wp-content\/uploads\/2019\/09\/35509_lenovo_ideapad_s145_15iwl_81mv00f3vn_h1.jpg\" \/>\n\t<meta property=\"og:image:width\" content=\"700\" \/>\n\t<meta property=\"og:image:height\" content=\"761\" \/>\n\t<meta property=\"og:image:type\" content=\"image\/jpeg\" \/>\n<meta name=\"twitter:card\" content=\"summary_large_image\" \/>\n<meta name=\"twitter:label1\" content=\"Est. reading time\" \/>\n\t<meta name=\"twitter:data1\" content=\"3 minutes\" \/>\n<script type=\"application\/ld+json\" class=\"yoast-schema-graph\">{\"@context\":\"https:\/\/schema.org\",\"@graph\":[{\"@type\":\"WebPage\",\"@id\":\"https:\/\/thanhphatpc.com\/laptop-lenovo-ideapad-s145-15iwl-81mv00f3vn\/\",\"url\":\"https:\/\/thanhphatpc.com\/laptop-lenovo-ideapad-s145-15iwl-81mv00f3vn\/\",\"name\":\"Laptop Lenovo Ideapad S145 15IWL 81MV00F3VN - ThanhPhat PC\",\"isPartOf\":{\"@id\":\"https:\/\/thanhphatpc.com\/#website\"},\"primaryImageOfPage\":{\"@id\":\"https:\/\/thanhphatpc.com\/laptop-lenovo-ideapad-s145-15iwl-81mv00f3vn\/#primaryimage\"},\"image\":{\"@id\":\"https:\/\/thanhphatpc.com\/laptop-lenovo-ideapad-s145-15iwl-81mv00f3vn\/#primaryimage\"},\"thumbnailUrl\":\"https:\/\/thanhphatpc.com\/wp-content\/uploads\/2019\/09\/35509_lenovo_ideapad_s145_15iwl_81mv00f3vn_h1.jpg\",\"datePublished\":\"2019-09-28T04:04:54+00:00\",\"dateModified\":\"2021-08-21T07:13:11+00:00\",\"breadcrumb\":{\"@id\":\"https:\/\/thanhphatpc.com\/laptop-lenovo-ideapad-s145-15iwl-81mv00f3vn\/#breadcrumb\"},\"inLanguage\":\"en-US\",\"potentialAction\":[{\"@type\":\"ReadAction\",\"target\":[\"https:\/\/thanhphatpc.com\/laptop-lenovo-ideapad-s145-15iwl-81mv00f3vn\/\"]}]},{\"@type\":\"ImageObject\",\"inLanguage\":\"en-US\",\"@id\":\"https:\/\/thanhphatpc.com\/laptop-lenovo-ideapad-s145-15iwl-81mv00f3vn\/#primaryimage\",\"url\":\"https:\/\/thanhphatpc.com\/wp-content\/uploads\/2019\/09\/35509_lenovo_ideapad_s145_15iwl_81mv00f3vn_h1.jpg\",\"contentUrl\":\"https:\/\/thanhphatpc.com\/wp-content\/uploads\/2019\/09\/35509_lenovo_ideapad_s145_15iwl_81mv00f3vn_h1.jpg\",\"width\":700,\"height\":761},{\"@type\":\"BreadcrumbList\",\"@id\":\"https:\/\/thanhphatpc.com\/laptop-lenovo-ideapad-s145-15iwl-81mv00f3vn\/#breadcrumb\",\"itemListElement\":[{\"@type\":\"ListItem\",\"position\":1,\"name\":\"Trang ch\u1ee7\",\"item\":\"https:\/\/thanhphatpc.com\/\"},{\"@type\":\"ListItem\",\"position\":2,\"name\":\"C\u1eeda h\u00e0ng\",\"item\":\"https:\/\/thanhphatpc.com\/cua-hang\/\"},{\"@type\":\"ListItem\",\"position\":3,\"name\":\"Laptop Lenovo Ideapad S145 15IWL 81MV00F3VN\"}]},{\"@type\":\"WebSite\",\"@id\":\"https:\/\/thanhphatpc.com\/#website\",\"url\":\"https:\/\/thanhphatpc.com\/\",\"name\":\"ThanhPhat PC\",\"description\":\"D\u1ecbch v\u1ee5 ho\u00e0n h\u1ea3o\",\"potentialAction\":[{\"@type\":\"SearchAction\",\"target\":{\"@type\":\"EntryPoint\",\"urlTemplate\":\"https:\/\/thanhphatpc.com\/?s={search_term_string}\"},\"query-input\":{\"@type\":\"PropertyValueSpecification\",\"valueRequired\":true,\"valueName\":\"search_term_string\"}}],\"inLanguage\":\"en-US\"}]}<\/script>\n<!-- \/ Yoast SEO plugin. -->","yoast_head_json":{"title":"Laptop Lenovo Ideapad S145 15IWL 81MV00F3VN - ThanhPhat PC","robots":{"index":"index","follow":"follow","max-snippet":"max-snippet:-1","max-image-preview":"max-image-preview:large","max-video-preview":"max-video-preview:-1"},"canonical":"https:\/\/thanhphatpc.com\/en\/laptop-lenovo-ideapad-s145-15iwl-81mv00f3vn\/","og_locale":"en_US","og_type":"article","og_title":"Laptop Lenovo Ideapad S145 15IWL 81MV00F3VN - ThanhPhat PC","og_description":"- B\u00f4\u0323 VXL: Pentium 5405U 2.3Ghz-2Mb  - C\u1ea1c \u0111\u1ed3 h\u1ecda: Intel HD Graphics 610  - B\u1ed9 nh\u1edb: 4Gb  - \u1ed4 c\u1ee9ng\/ \u1ed4 \u0111\u0129a quang: 256Gb SSD\/ Kh\u00f4ng co\u0301  - M\u00e0n h\u00ecnh: 15.6Inch Full HD  - H\u1ec7 \u0111i\u1ec1u h\u00e0nh: Windows 10 Home  - Ma\u0300u s\u0103\u0301c\/ Ch\u00e2\u0301t li\u00ea\u0323u: Grey","og_url":"https:\/\/thanhphatpc.com\/en\/laptop-lenovo-ideapad-s145-15iwl-81mv00f3vn\/","og_site_name":"ThanhPhat PC","article_modified_time":"2021-08-21T07:13:11+00:00","og_image":[{"width":700,"height":761,"url":"https:\/\/thanhphatpc.com\/wp-content\/uploads\/2019\/09\/35509_lenovo_ideapad_s145_15iwl_81mv00f3vn_h1.jpg","type":"image\/jpeg"}],"twitter_card":"summary_large_image","twitter_misc":{"Est. reading time":"3 minutes"},"schema":{"@context":"https:\/\/schema.org","@graph":[{"@type":"WebPage","@id":"https:\/\/thanhphatpc.com\/laptop-lenovo-ideapad-s145-15iwl-81mv00f3vn\/","url":"https:\/\/thanhphatpc.com\/laptop-lenovo-ideapad-s145-15iwl-81mv00f3vn\/","name":"Laptop Lenovo Ideapad S145 15IWL 81MV00F3VN - ThanhPhat PC","isPartOf":{"@id":"https:\/\/thanhphatpc.com\/#website"},"primaryImageOfPage":{"@id":"https:\/\/thanhphatpc.com\/laptop-lenovo-ideapad-s145-15iwl-81mv00f3vn\/#primaryimage"},"image":{"@id":"https:\/\/thanhphatpc.com\/laptop-lenovo-ideapad-s145-15iwl-81mv00f3vn\/#primaryimage"},"thumbnailUrl":"https:\/\/thanhphatpc.com\/wp-content\/uploads\/2019\/09\/35509_lenovo_ideapad_s145_15iwl_81mv00f3vn_h1.jpg","datePublished":"2019-09-28T04:04:54+00:00","dateModified":"2021-08-21T07:13:11+00:00","breadcrumb":{"@id":"https:\/\/thanhphatpc.com\/laptop-lenovo-ideapad-s145-15iwl-81mv00f3vn\/#breadcrumb"},"inLanguage":"en-US","potentialAction":[{"@type":"ReadAction","target":["https:\/\/thanhphatpc.com\/laptop-lenovo-ideapad-s145-15iwl-81mv00f3vn\/"]}]},{"@type":"ImageObject","inLanguage":"en-US","@id":"https:\/\/thanhphatpc.com\/laptop-lenovo-ideapad-s145-15iwl-81mv00f3vn\/#primaryimage","url":"https:\/\/thanhphatpc.com\/wp-content\/uploads\/2019\/09\/35509_lenovo_ideapad_s145_15iwl_81mv00f3vn_h1.jpg","contentUrl":"https:\/\/thanhphatpc.com\/wp-content\/uploads\/2019\/09\/35509_lenovo_ideapad_s145_15iwl_81mv00f3vn_h1.jpg","width":700,"height":761},{"@type":"BreadcrumbList","@id":"https:\/\/thanhphatpc.com\/laptop-lenovo-ideapad-s145-15iwl-81mv00f3vn\/#breadcrumb","itemListElement":[{"@type":"ListItem","position":1,"name":"Trang ch\u1ee7","item":"https:\/\/thanhphatpc.com\/"},{"@type":"ListItem","position":2,"name":"C\u1eeda h\u00e0ng","item":"https:\/\/thanhphatpc.com\/cua-hang\/"},{"@type":"ListItem","position":3,"name":"Laptop Lenovo Ideapad S145 15IWL 81MV00F3VN"}]},{"@type":"WebSite","@id":"https:\/\/thanhphatpc.com\/#website","url":"https:\/\/thanhphatpc.com\/","name":"ThanhPhat PC","description":"D\u1ecbch v\u1ee5 ho\u00e0n h\u1ea3o","potentialAction":[{"@type":"SearchAction","target":{"@type":"EntryPoint","urlTemplate":"https:\/\/thanhphatpc.com\/?s={search_term_string}"},"query-input":{"@type":"PropertyValueSpecification","valueRequired":true,"valueName":"search_term_string"}}],"inLanguage":"en-US"}]}},"_links":{"self":[{"href":"https:\/\/thanhphatpc.com\/en\/wp-json\/wp\/v2\/product\/3517","targetHints":{"allow":["GET"]}}],"collection":[{"href":"https:\/\/thanhphatpc.com\/en\/wp-json\/wp\/v2\/product"}],"about":[{"href":"https:\/\/thanhphatpc.com\/en\/wp-json\/wp\/v2\/types\/product"}],"replies":[{"embeddable":true,"href":"https:\/\/thanhphatpc.com\/en\/wp-json\/wp\/v2\/comments?post=3517"}],"wp:featuredmedia":[{"embeddable":true,"href":"https:\/\/thanhphatpc.com\/en\/wp-json\/wp\/v2\/media\/3518"}],"wp:attachment":[{"href":"https:\/\/thanhphatpc.com\/en\/wp-json\/wp\/v2\/media?parent=3517"}],"wp:term":[{"taxonomy":"product_cat","embeddable":true,"href":"https:\/\/thanhphatpc.com\/en\/wp-json\/wp\/v2\/product_cat?post=3517"},{"taxonomy":"product_tag","embeddable":true,"href":"https:\/\/thanhphatpc.com\/en\/wp-json\/wp\/v2\/product_tag?post=3517"}],"curies":[{"name":"wp","href":"https:\/\/api.w.org\/{rel}","templated":true}]}}