{"id":3521,"date":"2019-09-28T11:15:42","date_gmt":"2019-09-28T04:15:42","guid":{"rendered":"https:\/\/thanhphatpc.com\/?post_type=product&#038;p=3521"},"modified":"2023-12-11T17:31:00","modified_gmt":"2023-12-11T10:31:00","slug":"may-in-laser-trang-den-canon-lbp-2900","status":"publish","type":"product","link":"https:\/\/thanhphatpc.com\/en\/may-in-laser-trang-den-canon-lbp-2900\/","title":{"rendered":"M\u00e1y in laser tr\u1eafng \u0111en CANON LBP 2900"},"content":{"rendered":"<h2>Gi\u1edbi thi\u1ec7u\/ \u0110\u00e1nh gi\u00e1 chi ti\u1ebft m\u00e1y in\u00a0Canon\u00a0LBP 2900<\/h2>\n<p>V\u1edbi thi\u1ebft k\u1ebf nh\u1ecf g\u1ecdn nh\u01b0ng m\u1ea1nh m\u1ebd,\u00a0<strong>M\u00e1y in laser tr\u1eafng \u0111en CANON LBP 2900<\/strong>\u00a0r\u1ea5t ph\u00f9 h\u1ee3p v\u1edbi v\u0103n ph\u00f2ng l\u00e0m vi\u1ec7c di\u1ec7n t\u00edch nh\u1ecf. M\u00e1y \u0111\u01b0\u1ee3c trang b\u1ecb \u0111\u1ea7y \u0111\u1ee7 nh\u1eefng t\u00ednh n\u0103ng \u01b0u vi\u1ec7t c\u1ee7a m\u1ed9t\u00a0m\u00e1y in\u00a0v\u0103n ph\u00f2ng. Nh\u1edb \u0111\u00f3 Laser\u00a0Canon\u00a0LBP-2900 c\u00f3 th\u1ec3 \u0111em \u0111\u1ebfn cho b\u1ea1n nh\u1eefng b\u1ea3n in ho\u00e0n h\u1ea3o trong th\u1eddi gian c\u1ef1c ng\u1eafn, ch\u1ea5t l\u01b0\u1ee3ng laser, \u0111\u1ed9 ph\u00e2n gi\u1ea3i cao l\u00ean t\u1edbi 2400 x 600 dpi, v\u00e0 thao t\u00e1c in kh\u00f4ng b\u1ecb k\u1eb9t gi\u1ea5y.<\/p>\n<p><img loading=\"lazy\" decoding=\"async\" src=\"https:\/\/tmp.phongvu.vn\/wp-content\/uploads\/2019\/02\/M%C3%A1y-in-Canon-LBP-2900-thi%E1%BA%BFt-k%E1%BA%BF-%C4%91%E1%BA%B9p-ch%E1%BA%A5t-l%C6%B0%E1%BB%A3ng-b%E1%BA%A3n-in-s%E1%BA%AFc-n%C3%A9t-e1551164941615.jpg\" alt=\"M\u00e1y in Canon\u00a0LBP 2900 thi\u1ebft k\u1ebf \u0111\u1eb9p ch\u1ea5t l\u01b0\u1ee3ng b\u1ea3n in s\u1eafc n\u00e9t\" width=\"650\" height=\"408\" \/><\/p>\n<h3>\u0110\u1eb7c \u0111i\u1ec3m m\u00e1y in laser tr\u1eafng \u0111en CANON LBP 2900<\/h3>\n<ul>\n<li>Thi\u1ebft k\u1ebf hi\u1ec7n \u0111\u1ea1i, sang tr\u1ecdng, l\u1edbp s\u01a1n ngo\u00e0i s\u1ea1ch s\u1ebd v\u00e0 \u0111\u1eb7c bi\u1ec7t l\u00e0 nh\u1ecf g\u1ecdn, \u00edt t\u1ed1n di\u1ec7n t\u00edch n\u01a1i \u0111\u1eb7t<\/li>\n<li>M\u00e1y s\u1edf h\u1eefu c\u00f4ng ngh\u1ec7 in ti\u00ean ti\u1ebfn c\u1ee7a\u00a0Canon\u00a0l\u00e0 CAPT, ki\u1ebfn th\u00fac n\u00e9n th\u00f4ng minh Hi-ScoA cho t\u1ed1c \u0111\u1ed9 in nhanh, ch\u1ea5t l\u01b0\u1ee3ng t\u1ed1t<\/li>\n<li>Th\u1eddi gian l\u00e0m n\u00f3ng m\u00e1y nhanh n\u00ean b\u1ea1n kh\u00f4ng ph\u1ea3i ch\u1edd \u0111\u1ee3i l\u00e2u<\/li>\n<\/ul>\n<h3>Chi ti\u1ebft t\u00ednh n\u0103ng\u00a0m\u00e1y in laser tr\u1eafng \u0111en CANON LBP 2900<\/h3>\n<h4>THI\u1ebeT K\u1ebe HI\u1ec6N \u0110\u1ea0I<\/h4>\n<p><strong>M\u00e1y in laser tr\u1eafng \u0111en CANON LBP 2900<\/strong>\u00a0\u0111\u01b0\u1ee3c thi\u1ebft k\u1ebf nh\u1ecf g\u1ecdn, hi\u1ec7n \u0111\u1ea1i, ph\u00f9 h\u1ee3p v\u1edbi nh\u1eefng v\u0103n ph\u00f2ng v\u1eeba v\u00e0 nh\u1ecf. L\u1edbp v\u1ecf m\u00e0u tr\u1eafng trang nh\u00e3 th\u00edch nghi v\u1edbi nhi\u1ec1u kh\u00f4ng gian v\u00e0 gi\u00fap b\u1ea1n d\u1ec5 d\u00e0ng ph\u00e1t hi\u1ec7n v\u1ebft b\u1ea9n \u0111\u1ec3 v\u1ec7 sinh, lau ch\u00f9i.<\/p>\n<p><img loading=\"lazy\" decoding=\"async\" src=\"https:\/\/tmp.phongvu.vn\/wp-content\/uploads\/2019\/02\/M%C3%A1y-in-Canon-LBP-2900-gi%C3%BAp-hi%E1%BB%87u-qu%E1%BA%A3-c%C3%B4ng-vi%E1%BB%87c-%C4%91%C6%B0%E1%BB%A3c-t%C4%83ng-cao-gi%E1%BA%A3m-th%E1%BB%9Di-gian-ch%E1%BB%9D-%C4%91%E1%BB%A3i-e1551165080563.jpg\" alt=\"M\u00e1y in Canon\u00a0LBP 2900 gi\u00fap hi\u1ec7u qu\u1ea3 c\u00f4ng vi\u1ec7c \u0111\u01b0\u1ee3c t\u0103ng cao gi\u1ea3m th\u1eddi gian ch\u1edd \u0111\u1ee3i\" width=\"650\" height=\"421\" \/><\/p>\n<h4>IN KH\u1ed4 A4 T\u1ed0C \u0110\u1ed8 NHANH<\/h4>\n<p><strong>M\u00e1y in laser tr\u1eafng \u0111en CANON LBP 2900<\/strong>\u00a0v\u1edbi t\u1ed1c \u0111\u1ed9 in nhanh 12 trang A4 m\u1ed7i ph\u00fat v\u00e0 2400 x 600 dpi,\u00a0Canon\u00a0LBP-2900 mang l\u1ea1i c\u1ea3 t\u1ed1c \u0111\u1ed9 v\u00e0 ch\u1ea5t l\u01b0\u1ee3ng trong c\u00f9ng m\u1ed9t thi\u1ebft b\u1ecb. B\u1ea1n c\u00f3 th\u1ec3 in c\u00e1c v\u0103n b\u1ea3n, t\u00e0i li\u1ec7u thuy\u1ebft tr\u00ecnh \u2026 \u0111en tr\u1eafng m\u1ed9t c\u00e1ch r\u00f5 n\u00e9t trong th\u1edfi gian ng\u1eafn.<\/p>\n<h4>KH\u1ea2 N\u0102NG X\u1eec L\u00dd CAPT 2.1<\/h4>\n<p>Nh\u1edd v\u1eadn d\u1ee5ng s\u1ee9c m\u1ea1nh t\u1eeb c\u00f4ng ngh\u1ec7 in ti\u00ean ti\u1ebfn c\u1ee7a\u00a0Canon\u00a0(CAPT) v\u00e0 ki\u1ebfn tr\u00fac n\u00e9n th\u00f4ng minh (Hi-ScoA),\u00a0<strong>m\u00e1y in laser tr\u1eafng \u0111en CANON LBP 2900<\/strong>\u00a0c\u00f3 th\u1ec3 x\u1eed l\u00fd c\u00e1c d\u1eef li\u1ec7u h\u00ecnh \u1ea3nh nhanh h\u01a1n c\u00e1c\u00a0m\u00e1y in\u00a0th\u00f4ng th\u01b0\u1eddng. Gi\u00fap t\u1ed1c \u0111\u1ed9 in si\u00eau cao m\u00e0 kh\u00f4ng t\u1ed1n chi ph\u00ed n\u00e2ng c\u1ea5p b\u1ed9 nh\u1edb\u00a0m\u00e1y in.<\/p>\n<p><img loading=\"lazy\" decoding=\"async\" src=\"https:\/\/tmp.phongvu.vn\/wp-content\/uploads\/2019\/02\/ph%C3%B9-h%E1%BB%A3p-v%E1%BB%9Bi-m%E1%BB%8Di-v%C4%83n-ph%C3%B2ng.jpg\" alt=\"M\u00e1y in Canon\u00a0LBP 2900 ph\u00f9 h\u1ee3p v\u1edbi m\u1ecdi v\u0103n ph\u00f2ng\" width=\"670\" height=\"446\" \/><\/p>\n<h4>B\u1ea2N IN \u0110\u1ea6U NHANH SAU 9 GI\u00c2Y<\/h4>\n<p>Nhanh ch\u00f3ng c\u00f3 k\u1ebft qu\u1ea3 in v\u1edbi ch\u1ea5t l\u01b0\u1ee3ng cao m\u00e0 kh\u00f4ng m\u1ea5t th\u1eddi gian ch\u1edd \u0111\u1ee3i, \u0111\u00f3 l\u00e0 nh\u1edd c\u00f4ng ngh\u1ec7 s\u1ea5y theo nhu c\u1ea7u \u0111\u1ed9c quy\u1ec1n c\u1ee7a\u00a0Canon, gi\u00fap truy\u1ec1n nhi\u1ec7t ngay khi \u0111\u01b0\u1ee3c k\u00edch ho\u1ea1t. \u0110i\u1ec1u n\u00e0y gi\u00fap t\u00e0i li\u1ec7u \u0111\u01b0\u1ee3c in nhanh h\u01a1n v\u00e0 gi\u00fap b\u1ea1n ti\u1ebft ki\u1ec7m chi ph\u00ed n\u0103ng l\u01b0\u1ee3ng.<\/p>","protected":false},"excerpt":{"rendered":"<p><strong>B\u1ea3o h\u00e0nh th\u00e2n m\u00e1y 12 th\u00e1ng<\/strong><\/p>","protected":false},"featured_media":3671,"comment_status":"open","ping_status":"closed","template":"","meta":{"_acf_changed":false},"product_cat":[369,367,366],"product_tag":[407],"class_list":{"0":"post-3521","1":"product","2":"type-product","3":"status-publish","4":"has-post-thumbnail","6":"product_cat-canon","7":"product_cat-laser-den-trang","8":"product_cat-may-in","9":"product_tag-may-in","11":"first","12":"instock","13":"sale","14":"shipping-taxable","15":"purchasable","16":"product-type-simple"},"acf":[],"yoast_head":"<!-- This site is optimized with the Yoast SEO plugin v23.8 - https:\/\/yoast.com\/wordpress\/plugins\/seo\/ -->\n<title>M\u00e1y in laser tr\u1eafng \u0111en CANON LBP 2900 - ThanhPhat PC<\/title>\n<meta name=\"robots\" content=\"index, follow, max-snippet:-1, max-image-preview:large, max-video-preview:-1\" \/>\n<link rel=\"canonical\" href=\"https:\/\/thanhphatpc.com\/en\/may-in-laser-trang-den-canon-lbp-2900\/\" \/>\n<meta property=\"og:locale\" content=\"en_US\" \/>\n<meta property=\"og:type\" content=\"article\" \/>\n<meta property=\"og:title\" content=\"M\u00e1y in laser tr\u1eafng \u0111en CANON LBP 2900 - ThanhPhat PC\" \/>\n<meta property=\"og:description\" content=\"B\u1ea3o h\u00e0nh th\u00e2n m\u00e1y 12 th\u00e1ng\" \/>\n<meta property=\"og:url\" content=\"https:\/\/thanhphatpc.com\/en\/may-in-laser-trang-den-canon-lbp-2900\/\" \/>\n<meta property=\"og:site_name\" content=\"ThanhPhat PC\" \/>\n<meta property=\"article:modified_time\" content=\"2023-12-11T10:31:00+00:00\" \/>\n<meta property=\"og:image\" content=\"https:\/\/thanhphatpc.com\/wp-content\/uploads\/2019\/09\/1703_343_fed75fc7a70d870793b92b161bf30403.jpg\" \/>\n\t<meta property=\"og:image:width\" content=\"300\" \/>\n\t<meta property=\"og:image:height\" content=\"300\" \/>\n\t<meta property=\"og:image:type\" content=\"image\/jpeg\" \/>\n<meta name=\"twitter:card\" content=\"summary_large_image\" \/>\n<meta name=\"twitter:label1\" content=\"Est. reading time\" \/>\n\t<meta name=\"twitter:data1\" content=\"3 minutes\" \/>\n<script type=\"application\/ld+json\" class=\"yoast-schema-graph\">{\"@context\":\"https:\/\/schema.org\",\"@graph\":[{\"@type\":\"WebPage\",\"@id\":\"https:\/\/thanhphatpc.com\/may-in-laser-trang-den-canon-lbp-2900\/\",\"url\":\"https:\/\/thanhphatpc.com\/may-in-laser-trang-den-canon-lbp-2900\/\",\"name\":\"M\u00e1y in laser tr\u1eafng \u0111en CANON LBP 2900 - ThanhPhat PC\",\"isPartOf\":{\"@id\":\"https:\/\/thanhphatpc.com\/#website\"},\"primaryImageOfPage\":{\"@id\":\"https:\/\/thanhphatpc.com\/may-in-laser-trang-den-canon-lbp-2900\/#primaryimage\"},\"image\":{\"@id\":\"https:\/\/thanhphatpc.com\/may-in-laser-trang-den-canon-lbp-2900\/#primaryimage\"},\"thumbnailUrl\":\"https:\/\/thanhphatpc.com\/wp-content\/uploads\/2019\/09\/1703_343_fed75fc7a70d870793b92b161bf30403.jpg\",\"datePublished\":\"2019-09-28T04:15:42+00:00\",\"dateModified\":\"2023-12-11T10:31:00+00:00\",\"breadcrumb\":{\"@id\":\"https:\/\/thanhphatpc.com\/may-in-laser-trang-den-canon-lbp-2900\/#breadcrumb\"},\"inLanguage\":\"en-US\",\"potentialAction\":[{\"@type\":\"ReadAction\",\"target\":[\"https:\/\/thanhphatpc.com\/may-in-laser-trang-den-canon-lbp-2900\/\"]}]},{\"@type\":\"ImageObject\",\"inLanguage\":\"en-US\",\"@id\":\"https:\/\/thanhphatpc.com\/may-in-laser-trang-den-canon-lbp-2900\/#primaryimage\",\"url\":\"https:\/\/thanhphatpc.com\/wp-content\/uploads\/2019\/09\/1703_343_fed75fc7a70d870793b92b161bf30403.jpg\",\"contentUrl\":\"https:\/\/thanhphatpc.com\/wp-content\/uploads\/2019\/09\/1703_343_fed75fc7a70d870793b92b161bf30403.jpg\",\"width\":300,\"height\":300},{\"@type\":\"BreadcrumbList\",\"@id\":\"https:\/\/thanhphatpc.com\/may-in-laser-trang-den-canon-lbp-2900\/#breadcrumb\",\"itemListElement\":[{\"@type\":\"ListItem\",\"position\":1,\"name\":\"Trang ch\u1ee7\",\"item\":\"https:\/\/thanhphatpc.com\/\"},{\"@type\":\"ListItem\",\"position\":2,\"name\":\"C\u1eeda h\u00e0ng\",\"item\":\"https:\/\/thanhphatpc.com\/cua-hang\/\"},{\"@type\":\"ListItem\",\"position\":3,\"name\":\"M\u00e1y in laser tr\u1eafng \u0111en CANON LBP 2900\"}]},{\"@type\":\"WebSite\",\"@id\":\"https:\/\/thanhphatpc.com\/#website\",\"url\":\"https:\/\/thanhphatpc.com\/\",\"name\":\"ThanhPhat PC\",\"description\":\"D\u1ecbch v\u1ee5 ho\u00e0n h\u1ea3o\",\"potentialAction\":[{\"@type\":\"SearchAction\",\"target\":{\"@type\":\"EntryPoint\",\"urlTemplate\":\"https:\/\/thanhphatpc.com\/?s={search_term_string}\"},\"query-input\":{\"@type\":\"PropertyValueSpecification\",\"valueRequired\":true,\"valueName\":\"search_term_string\"}}],\"inLanguage\":\"en-US\"}]}<\/script>\n<!-- \/ Yoast SEO plugin. -->","yoast_head_json":{"title":"M\u00e1y in laser tr\u1eafng \u0111en CANON LBP 2900 - ThanhPhat PC","robots":{"index":"index","follow":"follow","max-snippet":"max-snippet:-1","max-image-preview":"max-image-preview:large","max-video-preview":"max-video-preview:-1"},"canonical":"https:\/\/thanhphatpc.com\/en\/may-in-laser-trang-den-canon-lbp-2900\/","og_locale":"en_US","og_type":"article","og_title":"M\u00e1y in laser tr\u1eafng \u0111en CANON LBP 2900 - ThanhPhat PC","og_description":"B\u1ea3o h\u00e0nh th\u00e2n m\u00e1y 12 th\u00e1ng","og_url":"https:\/\/thanhphatpc.com\/en\/may-in-laser-trang-den-canon-lbp-2900\/","og_site_name":"ThanhPhat PC","article_modified_time":"2023-12-11T10:31:00+00:00","og_image":[{"width":300,"height":300,"url":"https:\/\/thanhphatpc.com\/wp-content\/uploads\/2019\/09\/1703_343_fed75fc7a70d870793b92b161bf30403.jpg","type":"image\/jpeg"}],"twitter_card":"summary_large_image","twitter_misc":{"Est. reading time":"3 minutes"},"schema":{"@context":"https:\/\/schema.org","@graph":[{"@type":"WebPage","@id":"https:\/\/thanhphatpc.com\/may-in-laser-trang-den-canon-lbp-2900\/","url":"https:\/\/thanhphatpc.com\/may-in-laser-trang-den-canon-lbp-2900\/","name":"M\u00e1y in laser tr\u1eafng \u0111en CANON LBP 2900 - ThanhPhat PC","isPartOf":{"@id":"https:\/\/thanhphatpc.com\/#website"},"primaryImageOfPage":{"@id":"https:\/\/thanhphatpc.com\/may-in-laser-trang-den-canon-lbp-2900\/#primaryimage"},"image":{"@id":"https:\/\/thanhphatpc.com\/may-in-laser-trang-den-canon-lbp-2900\/#primaryimage"},"thumbnailUrl":"https:\/\/thanhphatpc.com\/wp-content\/uploads\/2019\/09\/1703_343_fed75fc7a70d870793b92b161bf30403.jpg","datePublished":"2019-09-28T04:15:42+00:00","dateModified":"2023-12-11T10:31:00+00:00","breadcrumb":{"@id":"https:\/\/thanhphatpc.com\/may-in-laser-trang-den-canon-lbp-2900\/#breadcrumb"},"inLanguage":"en-US","potentialAction":[{"@type":"ReadAction","target":["https:\/\/thanhphatpc.com\/may-in-laser-trang-den-canon-lbp-2900\/"]}]},{"@type":"ImageObject","inLanguage":"en-US","@id":"https:\/\/thanhphatpc.com\/may-in-laser-trang-den-canon-lbp-2900\/#primaryimage","url":"https:\/\/thanhphatpc.com\/wp-content\/uploads\/2019\/09\/1703_343_fed75fc7a70d870793b92b161bf30403.jpg","contentUrl":"https:\/\/thanhphatpc.com\/wp-content\/uploads\/2019\/09\/1703_343_fed75fc7a70d870793b92b161bf30403.jpg","width":300,"height":300},{"@type":"BreadcrumbList","@id":"https:\/\/thanhphatpc.com\/may-in-laser-trang-den-canon-lbp-2900\/#breadcrumb","itemListElement":[{"@type":"ListItem","position":1,"name":"Trang ch\u1ee7","item":"https:\/\/thanhphatpc.com\/"},{"@type":"ListItem","position":2,"name":"C\u1eeda h\u00e0ng","item":"https:\/\/thanhphatpc.com\/cua-hang\/"},{"@type":"ListItem","position":3,"name":"M\u00e1y in laser tr\u1eafng \u0111en CANON LBP 2900"}]},{"@type":"WebSite","@id":"https:\/\/thanhphatpc.com\/#website","url":"https:\/\/thanhphatpc.com\/","name":"ThanhPhat PC","description":"D\u1ecbch v\u1ee5 ho\u00e0n h\u1ea3o","potentialAction":[{"@type":"SearchAction","target":{"@type":"EntryPoint","urlTemplate":"https:\/\/thanhphatpc.com\/?s={search_term_string}"},"query-input":{"@type":"PropertyValueSpecification","valueRequired":true,"valueName":"search_term_string"}}],"inLanguage":"en-US"}]}},"_links":{"self":[{"href":"https:\/\/thanhphatpc.com\/en\/wp-json\/wp\/v2\/product\/3521","targetHints":{"allow":["GET"]}}],"collection":[{"href":"https:\/\/thanhphatpc.com\/en\/wp-json\/wp\/v2\/product"}],"about":[{"href":"https:\/\/thanhphatpc.com\/en\/wp-json\/wp\/v2\/types\/product"}],"replies":[{"embeddable":true,"href":"https:\/\/thanhphatpc.com\/en\/wp-json\/wp\/v2\/comments?post=3521"}],"wp:featuredmedia":[{"embeddable":true,"href":"https:\/\/thanhphatpc.com\/en\/wp-json\/wp\/v2\/media\/3671"}],"wp:attachment":[{"href":"https:\/\/thanhphatpc.com\/en\/wp-json\/wp\/v2\/media?parent=3521"}],"wp:term":[{"taxonomy":"product_cat","embeddable":true,"href":"https:\/\/thanhphatpc.com\/en\/wp-json\/wp\/v2\/product_cat?post=3521"},{"taxonomy":"product_tag","embeddable":true,"href":"https:\/\/thanhphatpc.com\/en\/wp-json\/wp\/v2\/product_tag?post=3521"}],"curies":[{"name":"wp","href":"https:\/\/api.w.org\/{rel}","templated":true}]}}