{"id":3523,"date":"2019-09-28T11:21:31","date_gmt":"2019-09-28T04:21:31","guid":{"rendered":"https:\/\/thanhphatpc.com\/?post_type=product&#038;p=3523"},"modified":"2021-07-13T12:15:04","modified_gmt":"2021-07-13T05:15:04","slug":"may-in-hp-m130fn-in-da-chuc-nang-copyquetfax","status":"publish","type":"product","link":"https:\/\/thanhphatpc.com\/en\/may-in-hp-m130fn-in-da-chuc-nang-copyquetfax\/","title":{"rendered":"M\u00e1y in HP M130FN-In \u0110a Ch\u1ee9c N\u0103ng Copy,Qu\u00e9t,Fax"},"content":{"rendered":"<div class=\"description-title\">TH\u00d4NG TIN CHI TI\u1ebeT<\/div>\n<div class=\"py10 px20 description-content\">\n<div>\n<h2>Gi\u1edbi thi\u1ec7u\/ \u0110\u00e1nh gi\u00e1\u00a0M\u00e1y in laser tr\u1eafng \u0111en HP Pro MFP M130FN (G3Q59A), 4 ch\u1ee9c n\u0103ng in, sao ch\u00e9p, scan, fax trong 1 thi\u1ebft b\u1ecb h\u1ed7 tr\u1ee3 t\u1ed1i \u0111a cho c\u00f4ng vi\u1ec7c c\u1ee7a b\u1ea1n.<\/h2>\n<p><img loading=\"lazy\" decoding=\"async\" src=\"https:\/\/tmp.phongvu.vn\/wp-content\/uploads\/2018\/10\/M130FN-e1551748666824.jpg\" alt=\"M\u00e1y in laser tr\u1eafng \u0111en HP Pro MFP M130FN (G3Q59A)\" width=\"700\" height=\"458\" \/><\/p>\n<h3><strong>Chi ti\u1ebft s\u1ea3n ph\u1ea9m<\/strong><\/h3>\n<ul>\n<li><strong>M\u00e1y in laser tr\u1eafng \u0111en HP Pro MFP M130FN (G3Q59A<\/strong>) l\u00e0 s\u1ea3n ph\u1ea9m ph\u00f9 h\u1ee3p cho c\u00e1c v\u0103n ph\u00f2ng, c\u1eeda h\u00e0ng photo v\u00ec hi\u1ec7u su\u1ea5t v\u00e0 ch\u1ea5t l\u01b0\u1ee3ng cao.<\/li>\n<li>\u0110\u01b0\u1ee3c trang b\u1ecb nhi\u1ec1u ch\u1ee9c n\u0103ng nh\u01b0 in, sao ch\u00e9p, scan,\u2026 cho thi\u1ebft b\u1ecb tr\u1edf n\u00ean v\u00f4 c\u00f9ng \u0111a n\u0103ng v\u00e0 thu\u1eadn ti\u1ec7n cho nhi\u1ec1u m\u1ee5c \u0111\u00edch s\u1eed d\u1ee5ng kh\u00e1c nhau c\u1ee7a ng\u01b0\u1eddi d\u00f9ng.<\/li>\n<li>\u01afu \u0111i\u1ec3m n\u1ed5i b\u1eadt nh\u1ea5t c\u1ee7a\u00a0<strong>m\u00e1y in laser tr\u1eafng \u0111en HP Pro MFP M130FN (G3Q59A)<\/strong>\u00a0l\u00e0 thi\u1ebft b\u1ecb c\u00f3 c\u00f4ng su\u1ea5t cao nh\u01b0ng \u0111\u1ed9 ph\u00e2n in: 600\u00d71200 dpi, Scan: 600\u00d71200 dpi, Copy: 600\u00d7400 dpi, Fax: 300\u00d7300 dpi. cho s\u1ea3n ph\u1ea9m in c\u00f3 ch\u1ea5t l\u01b0\u1ee3ng cao, h\u00ecnh \u1ea3nh v\u00e0 ch\u1eef vi\u1ebft r\u00f5 r\u00e0ng, s\u1eafc n\u00e9t, s\u1ed1ng \u0111\u1ed9ng do c\u00f3 nhi\u1ec1u \u0111i\u1ec3m in. \u0110\u1ed9 ph\u00e2n gi\u1ea3i c\u0169ng cho kh\u1ea3 n\u0103ng in cho nhi\u1ec1u kh\u1ed5 gi\u1ea5y kh\u00e1c nhau nh\u01b0 A4, A5, B5, Letter, Legal, Enverlopes (DL),..<\/li>\n<\/ul>\n<p><img loading=\"lazy\" decoding=\"async\" src=\"https:\/\/tmp.phongvu.vn\/wp-content\/uploads\/2018\/10\/3-4-e1551748730597.jpg\" alt=\"M\u00e1y in laser tr\u1eafng \u0111en HP Pro MFP M130FN (G3Q59A)-2\" width=\"650\" height=\"521\" \/><\/p>\n<ul>\n<li>T\u1ed1c \u0111\u1ed9 l\u00e0m vi\u1ec7c nhanh in 22 trang\/ph\u00fat v\u1edbi in ,sao ch\u00e9p 30 \u1ea3nh\/ph\u00fat\u00a0 cho ng\u01b0\u1eddi d\u00f9ng ti\u1ebft ki\u1ec7m th\u1eddi gian in, t\u0103ng hi\u1ec7u qu\u1ea3 c\u00f4ng vi\u1ec7c.<\/li>\n<li>Ho\u1ea1t \u0111\u1ed9ng tr\u01a1n tru, h\u1ea1n ch\u1ebf \u0111\u01b0\u1ee3c c\u00e1c s\u1ef1 c\u1ed1 k\u1eb9t gi\u1ea5y, tr\u00e0n m\u1ef1c.<\/li>\n<li><strong>M\u00e1y in laser tr\u1eafng \u0111en HP Pro MFP M130FN (G3Q59A)<\/strong>\u00a0s\u1eed d\u1ee5ng c\u00f9ng lo\u1ea1i m\u1ef1c c\u1ee7a h\u00e3ng, l\u00e0 lo\u1ea1i m\u1ef1c ch\u1ea5t l\u01b0\u1ee3ng cao, ti\u1ebft ki\u1ec7m m\u1ef1c c\u00f9ng v\u1edbi \u0111\u00f3 l\u00e0 t\u0103ng \u0111\u1ed9 b\u1ec1n c\u1ee7a m\u00e1y.<\/li>\n<li>K\u1ebft n\u1ed1i \u0111\u01a1n gi\u1ea3n qua c\u1ed5ng USB 2.0 th\u00f4ng th\u01b0\u1eddng, t\u01b0\u01a1ng th\u00edch v\u1edbi h\u1ea7u h\u1ebft c\u00e1c h\u1ec7 \u0111i\u1ec1u h\u00e0nh hi\u1ec7n nay (c\u00f3 h\u1ed7 tr\u1ee3 Mac OS). S\u1ea3n ph\u1ea9m n\u00e0y c\u00f2n kh\u1ea3 n\u0103ng k\u1ebft n\u1ed1i LAN gi\u00fap ng\u01b0\u1eddi d\u00f9ng c\u00f3 th\u1ec3 in d\u1ec5 d\u00e0ng v\u00e0 nhanh ch\u00f3ng.<\/li>\n<li><strong>M\u00e1y in laser tr\u1eafng \u0111en HP Pro MFP M130FN (G3Q59A)<\/strong>\u00a0trang b\u1ecb m\u00e0n h\u00ecnh \u0111i\u1ec1u khi\u1ec3n m\u00e1y in th\u00f4ng minh, nhanh ch\u00f3ng m\u00e0 ch\u00ednh x\u00e1c h\u01a1n.<\/li>\n<li>C\u00f3 ch\u1ec9 s\u1ed1 ti\u1ebfng \u1ed3n khi ho\u1ea1t \u0111\u1ed9ng th\u1ea5p kh\u00f4ng g\u00e2y kh\u00f4ng g\u00e2y kh\u00f3 ch\u1ecbu cho ng\u01b0\u1eddi s\u1eed d\u1ee5ng.<\/li>\n<\/ul>\n<p><img loading=\"lazy\" decoding=\"async\" src=\"https:\/\/tmp.phongvu.vn\/wp-content\/uploads\/2018\/10\/2-4-e1551748782298.jpg\" alt=\"M\u00e1y in laser tr\u1eafng \u0111en HP Pro MFP M130FN (G3Q59A)-3\" width=\"650\" height=\"588\" \/><\/p>\n<\/div>\n<\/div>","protected":false},"excerpt":{"rendered":"<div class=\"product-summary-item-title\">Th\u00f4ng s\u1ed1 s\u1ea3n ph\u1ea9m<\/div>\n<ul class=\"product-summary-item-ul d-flex flex-wrap mb-0\">\n<li>&#8211; Ch\u1ee9c n\u0103ng: In, scan, copy, fax<\/li>\n<li>&#8211; Kh\u1ed5 gi\u1ea5y: A4\/A5<\/li>\n<li>&#8211; C\u1ed5ng giao ti\u1ebfp: USB\/ LAN<\/li>\n<li>&#8211; Du\u0300ng m\u1ef1c: CF217A : HP 17A Original Black LaserJet Toner Cartridge(1,600 pages)\/CF219A : HP 19A Original LaserJet Imaging Drum (12,000 pages) -C\u00f4ng ngh\u00ea\u0323 m\u01b0\u0323c in: Jet Intelligence<\/li>\n<\/ul>\n<p><strong>BH 12 TH\u00c1NG<\/strong><\/p>","protected":false},"featured_media":3524,"comment_status":"open","ping_status":"closed","template":"","meta":{"_acf_changed":false},"product_cat":[370,367,366],"product_tag":[],"class_list":{"0":"post-3523","1":"product","2":"type-product","3":"status-publish","4":"has-post-thumbnail","6":"product_cat-hp-laser-den-trang","7":"product_cat-laser-den-trang","8":"product_cat-may-in","10":"first","11":"outofstock","12":"shipping-taxable","13":"purchasable","14":"product-type-simple"},"acf":[],"yoast_head":"<!-- This site is optimized with the Yoast SEO plugin v23.8 - https:\/\/yoast.com\/wordpress\/plugins\/seo\/ -->\n<title>M\u00e1y in HP M130FN-In \u0110a Ch\u1ee9c N\u0103ng Copy,Qu\u00e9t,Fax - ThanhPhat PC<\/title>\n<meta name=\"robots\" content=\"index, follow, max-snippet:-1, max-image-preview:large, max-video-preview:-1\" \/>\n<link rel=\"canonical\" href=\"https:\/\/thanhphatpc.com\/en\/may-in-hp-m130fn-in-da-chuc-nang-copyquetfax\/\" \/>\n<meta property=\"og:locale\" content=\"en_US\" \/>\n<meta property=\"og:type\" content=\"article\" \/>\n<meta property=\"og:title\" content=\"M\u00e1y in HP M130FN-In \u0110a Ch\u1ee9c N\u0103ng Copy,Qu\u00e9t,Fax - ThanhPhat PC\" \/>\n<meta property=\"og:description\" content=\"Th\u00f4ng s\u1ed1 s\u1ea3n ph\u1ea9m   - Ch\u1ee9c n\u0103ng: In, scan, copy, fax  - Kh\u1ed5 gi\u1ea5y: A4\/A5  - C\u1ed5ng giao ti\u1ebfp: USB\/ LAN  - Du\u0300ng m\u1ef1c: CF217A : HP 17A Original Black LaserJet Toner Cartridge(1,600 pages)\/CF219A : HP 19A Original LaserJet Imaging Drum (12,000 pages) -C\u00f4ng ngh\u00ea\u0323 m\u01b0\u0323c in: Jet Intelligence  BH 12 TH\u00c1NG\" \/>\n<meta property=\"og:url\" content=\"https:\/\/thanhphatpc.com\/en\/may-in-hp-m130fn-in-da-chuc-nang-copyquetfax\/\" \/>\n<meta property=\"og:site_name\" content=\"ThanhPhat PC\" \/>\n<meta property=\"article:modified_time\" content=\"2021-07-13T05:15:04+00:00\" \/>\n<meta property=\"og:image\" content=\"https:\/\/thanhphatpc.com\/wp-content\/uploads\/2019\/09\/m130fn-g3q59a-5.jpg\" \/>\n\t<meta property=\"og:image:width\" content=\"800\" \/>\n\t<meta property=\"og:image:height\" content=\"800\" \/>\n\t<meta property=\"og:image:type\" content=\"image\/jpeg\" \/>\n<meta name=\"twitter:card\" content=\"summary_large_image\" \/>\n<meta name=\"twitter:label1\" content=\"Est. reading time\" \/>\n\t<meta name=\"twitter:data1\" content=\"3 minutes\" \/>\n<script type=\"application\/ld+json\" class=\"yoast-schema-graph\">{\"@context\":\"https:\/\/schema.org\",\"@graph\":[{\"@type\":\"WebPage\",\"@id\":\"https:\/\/thanhphatpc.com\/may-in-hp-m130fn-in-da-chuc-nang-copyquetfax\/\",\"url\":\"https:\/\/thanhphatpc.com\/may-in-hp-m130fn-in-da-chuc-nang-copyquetfax\/\",\"name\":\"M\u00e1y in HP M130FN-In \u0110a Ch\u1ee9c N\u0103ng Copy,Qu\u00e9t,Fax - ThanhPhat PC\",\"isPartOf\":{\"@id\":\"https:\/\/thanhphatpc.com\/#website\"},\"primaryImageOfPage\":{\"@id\":\"https:\/\/thanhphatpc.com\/may-in-hp-m130fn-in-da-chuc-nang-copyquetfax\/#primaryimage\"},\"image\":{\"@id\":\"https:\/\/thanhphatpc.com\/may-in-hp-m130fn-in-da-chuc-nang-copyquetfax\/#primaryimage\"},\"thumbnailUrl\":\"https:\/\/thanhphatpc.com\/wp-content\/uploads\/2019\/09\/m130fn-g3q59a-5.jpg\",\"datePublished\":\"2019-09-28T04:21:31+00:00\",\"dateModified\":\"2021-07-13T05:15:04+00:00\",\"breadcrumb\":{\"@id\":\"https:\/\/thanhphatpc.com\/may-in-hp-m130fn-in-da-chuc-nang-copyquetfax\/#breadcrumb\"},\"inLanguage\":\"en-US\",\"potentialAction\":[{\"@type\":\"ReadAction\",\"target\":[\"https:\/\/thanhphatpc.com\/may-in-hp-m130fn-in-da-chuc-nang-copyquetfax\/\"]}]},{\"@type\":\"ImageObject\",\"inLanguage\":\"en-US\",\"@id\":\"https:\/\/thanhphatpc.com\/may-in-hp-m130fn-in-da-chuc-nang-copyquetfax\/#primaryimage\",\"url\":\"https:\/\/thanhphatpc.com\/wp-content\/uploads\/2019\/09\/m130fn-g3q59a-5.jpg\",\"contentUrl\":\"https:\/\/thanhphatpc.com\/wp-content\/uploads\/2019\/09\/m130fn-g3q59a-5.jpg\",\"width\":800,\"height\":800},{\"@type\":\"BreadcrumbList\",\"@id\":\"https:\/\/thanhphatpc.com\/may-in-hp-m130fn-in-da-chuc-nang-copyquetfax\/#breadcrumb\",\"itemListElement\":[{\"@type\":\"ListItem\",\"position\":1,\"name\":\"Trang ch\u1ee7\",\"item\":\"https:\/\/thanhphatpc.com\/\"},{\"@type\":\"ListItem\",\"position\":2,\"name\":\"C\u1eeda h\u00e0ng\",\"item\":\"https:\/\/thanhphatpc.com\/cua-hang\/\"},{\"@type\":\"ListItem\",\"position\":3,\"name\":\"M\u00e1y in HP M130FN-In \u0110a Ch\u1ee9c N\u0103ng Copy,Qu\u00e9t,Fax\"}]},{\"@type\":\"WebSite\",\"@id\":\"https:\/\/thanhphatpc.com\/#website\",\"url\":\"https:\/\/thanhphatpc.com\/\",\"name\":\"ThanhPhat PC\",\"description\":\"D\u1ecbch v\u1ee5 ho\u00e0n h\u1ea3o\",\"potentialAction\":[{\"@type\":\"SearchAction\",\"target\":{\"@type\":\"EntryPoint\",\"urlTemplate\":\"https:\/\/thanhphatpc.com\/?s={search_term_string}\"},\"query-input\":{\"@type\":\"PropertyValueSpecification\",\"valueRequired\":true,\"valueName\":\"search_term_string\"}}],\"inLanguage\":\"en-US\"}]}<\/script>\n<!-- \/ Yoast SEO plugin. -->","yoast_head_json":{"title":"M\u00e1y in HP M130FN-In \u0110a Ch\u1ee9c N\u0103ng Copy,Qu\u00e9t,Fax - ThanhPhat PC","robots":{"index":"index","follow":"follow","max-snippet":"max-snippet:-1","max-image-preview":"max-image-preview:large","max-video-preview":"max-video-preview:-1"},"canonical":"https:\/\/thanhphatpc.com\/en\/may-in-hp-m130fn-in-da-chuc-nang-copyquetfax\/","og_locale":"en_US","og_type":"article","og_title":"M\u00e1y in HP M130FN-In \u0110a Ch\u1ee9c N\u0103ng Copy,Qu\u00e9t,Fax - ThanhPhat PC","og_description":"Th\u00f4ng s\u1ed1 s\u1ea3n ph\u1ea9m   - Ch\u1ee9c n\u0103ng: In, scan, copy, fax  - Kh\u1ed5 gi\u1ea5y: A4\/A5  - C\u1ed5ng giao ti\u1ebfp: USB\/ LAN  - Du\u0300ng m\u1ef1c: CF217A : HP 17A Original Black LaserJet Toner Cartridge(1,600 pages)\/CF219A : HP 19A Original LaserJet Imaging Drum (12,000 pages) -C\u00f4ng ngh\u00ea\u0323 m\u01b0\u0323c in: Jet Intelligence  BH 12 TH\u00c1NG","og_url":"https:\/\/thanhphatpc.com\/en\/may-in-hp-m130fn-in-da-chuc-nang-copyquetfax\/","og_site_name":"ThanhPhat PC","article_modified_time":"2021-07-13T05:15:04+00:00","og_image":[{"width":800,"height":800,"url":"https:\/\/thanhphatpc.com\/wp-content\/uploads\/2019\/09\/m130fn-g3q59a-5.jpg","type":"image\/jpeg"}],"twitter_card":"summary_large_image","twitter_misc":{"Est. reading time":"3 minutes"},"schema":{"@context":"https:\/\/schema.org","@graph":[{"@type":"WebPage","@id":"https:\/\/thanhphatpc.com\/may-in-hp-m130fn-in-da-chuc-nang-copyquetfax\/","url":"https:\/\/thanhphatpc.com\/may-in-hp-m130fn-in-da-chuc-nang-copyquetfax\/","name":"M\u00e1y in HP M130FN-In \u0110a Ch\u1ee9c N\u0103ng Copy,Qu\u00e9t,Fax - ThanhPhat PC","isPartOf":{"@id":"https:\/\/thanhphatpc.com\/#website"},"primaryImageOfPage":{"@id":"https:\/\/thanhphatpc.com\/may-in-hp-m130fn-in-da-chuc-nang-copyquetfax\/#primaryimage"},"image":{"@id":"https:\/\/thanhphatpc.com\/may-in-hp-m130fn-in-da-chuc-nang-copyquetfax\/#primaryimage"},"thumbnailUrl":"https:\/\/thanhphatpc.com\/wp-content\/uploads\/2019\/09\/m130fn-g3q59a-5.jpg","datePublished":"2019-09-28T04:21:31+00:00","dateModified":"2021-07-13T05:15:04+00:00","breadcrumb":{"@id":"https:\/\/thanhphatpc.com\/may-in-hp-m130fn-in-da-chuc-nang-copyquetfax\/#breadcrumb"},"inLanguage":"en-US","potentialAction":[{"@type":"ReadAction","target":["https:\/\/thanhphatpc.com\/may-in-hp-m130fn-in-da-chuc-nang-copyquetfax\/"]}]},{"@type":"ImageObject","inLanguage":"en-US","@id":"https:\/\/thanhphatpc.com\/may-in-hp-m130fn-in-da-chuc-nang-copyquetfax\/#primaryimage","url":"https:\/\/thanhphatpc.com\/wp-content\/uploads\/2019\/09\/m130fn-g3q59a-5.jpg","contentUrl":"https:\/\/thanhphatpc.com\/wp-content\/uploads\/2019\/09\/m130fn-g3q59a-5.jpg","width":800,"height":800},{"@type":"BreadcrumbList","@id":"https:\/\/thanhphatpc.com\/may-in-hp-m130fn-in-da-chuc-nang-copyquetfax\/#breadcrumb","itemListElement":[{"@type":"ListItem","position":1,"name":"Trang ch\u1ee7","item":"https:\/\/thanhphatpc.com\/"},{"@type":"ListItem","position":2,"name":"C\u1eeda h\u00e0ng","item":"https:\/\/thanhphatpc.com\/cua-hang\/"},{"@type":"ListItem","position":3,"name":"M\u00e1y in HP M130FN-In \u0110a Ch\u1ee9c N\u0103ng Copy,Qu\u00e9t,Fax"}]},{"@type":"WebSite","@id":"https:\/\/thanhphatpc.com\/#website","url":"https:\/\/thanhphatpc.com\/","name":"ThanhPhat PC","description":"D\u1ecbch v\u1ee5 ho\u00e0n h\u1ea3o","potentialAction":[{"@type":"SearchAction","target":{"@type":"EntryPoint","urlTemplate":"https:\/\/thanhphatpc.com\/?s={search_term_string}"},"query-input":{"@type":"PropertyValueSpecification","valueRequired":true,"valueName":"search_term_string"}}],"inLanguage":"en-US"}]}},"_links":{"self":[{"href":"https:\/\/thanhphatpc.com\/en\/wp-json\/wp\/v2\/product\/3523","targetHints":{"allow":["GET"]}}],"collection":[{"href":"https:\/\/thanhphatpc.com\/en\/wp-json\/wp\/v2\/product"}],"about":[{"href":"https:\/\/thanhphatpc.com\/en\/wp-json\/wp\/v2\/types\/product"}],"replies":[{"embeddable":true,"href":"https:\/\/thanhphatpc.com\/en\/wp-json\/wp\/v2\/comments?post=3523"}],"wp:featuredmedia":[{"embeddable":true,"href":"https:\/\/thanhphatpc.com\/en\/wp-json\/wp\/v2\/media\/3524"}],"wp:attachment":[{"href":"https:\/\/thanhphatpc.com\/en\/wp-json\/wp\/v2\/media?parent=3523"}],"wp:term":[{"taxonomy":"product_cat","embeddable":true,"href":"https:\/\/thanhphatpc.com\/en\/wp-json\/wp\/v2\/product_cat?post=3523"},{"taxonomy":"product_tag","embeddable":true,"href":"https:\/\/thanhphatpc.com\/en\/wp-json\/wp\/v2\/product_tag?post=3523"}],"curies":[{"name":"wp","href":"https:\/\/api.w.org\/{rel}","templated":true}]}}