{"id":3525,"date":"2019-09-28T14:14:01","date_gmt":"2019-09-28T07:14:01","guid":{"rendered":"https:\/\/thanhphatpc.com\/?post_type=product&#038;p=3525"},"modified":"2023-12-11T17:34:00","modified_gmt":"2023-12-11T10:34:00","slug":"may-in-anh-mau-canon-pixma-g1010-in","status":"publish","type":"product","link":"https:\/\/thanhphatpc.com\/en\/may-in-anh-mau-canon-pixma-g1010-in\/","title":{"rendered":"M\u00e1y in \u1ea3nh m\u00e0u Canon Pixma G1010 (In)"},"content":{"rendered":"<h3 class=\"pd-news-title\">Th\u00f4ng tin: M\u00e1y in \u1ea3nh m\u00e0u Canon Pixma G1010 (In)<\/h3>\n<div class=\"pd-news-content\">\n<p><u><strong>M\u00f4 t\u1ea3 s\u1ea3n ph\u1ea9m :<\/strong><\/u><\/p>\n<p>M\u00e1y in phun m\u00e0u Canon Pixma G1010 l\u00e0 d\u00f2ng m\u00e1y in g\u1eafn h\u1ec7 th\u1ed1ng m\u1ef1c li\u00ean t\u1ee5c n\u1eb1m b\u00ean trong th\u00e2n m\u00e1y, m\u1ed9t thi\u1ebft k\u1ebf tinh t\u1ebf kh\u00f4ng nh\u1eefng mang l\u1ea1i li\u1ec7u qu\u1ea3 kinh t\u1ebf trong in \u1ea5n m\u00e0 c\u00f2n mang \u0111\u1ebfn n\u00e9t \u0111\u1eb9p, th\u1ea9m m\u1ef9 c\u1ee7a chi\u1ebfc m\u00e1y in trong v\u0103n ph\u00f2ng b\u1ea1n. Canon Pixma G1010 cho s\u1ed1 l\u01b0\u1ee3ng b\u1ea3n in l\u00ean \u0111\u1ebfn 6000 &#8211; 7000 trang v\u1edbi chi ph\u00ed m\u1ef1c r\u1ebb mang l\u1ea1i hi\u1ec7u qu\u1ea3 kinh t\u1ebf cao.<\/p>\n<p><u><strong>Th\u00f4ng s\u1ed1 k\u1ef9 thu\u1eadt m\u00e1y in m\u00e0u Canon Pixma G1010\u00a0:<\/strong><\/u><\/p>\n<p>&#8211; Lo\u1ea1i m\u00e1y in : M\u00e1y in phun m\u00e0u.<\/p>\n<p>&#8211; T\u1ed1c \u0111\u1ed9 in (A4) : 8.8 ipm (Black), 5.0 ipm (Color).<\/p>\n<p>&#8211; In \u1ea3nh 4&#215;6 : 60 gi\u00e2y\/trang.<\/p>\n<p>&#8211; In \u1ea3nh kh\u00f4ng vi\u1ec1n.<\/p>\n<p>&#8211; C\u1ee1 gi\u1ecdt m\u1ef1c m\u1ecbn : 2pl.<\/p>\n<p>&#8211; Khay gi\u1ea5y : 100 t\u1edd.<\/p>\n<p>&#8211; \u0110\u1ed9 ph\u00e2n gi\u1ea3i : 4800 x 1200 dpi.<\/p>\n<p>&#8211; K\u1ebft n\u1ed1i : USB 2.0 Hi-Speed.<\/p>\n<p>&#8211; K\u00edch th\u01b0\u1edbc (WxDxH) : 445 x 330 x 135mm.<\/p>\n<p>&#8211; Tr\u1ecdng l\u01b0\u1ee3ng : 4.8 Kg.<\/p>\n<p>&#8211; H\u1ec7 \u0111i\u1ec1u h\u00e0nh h\u1ed7 tr\u1ee3 : Win10dows (32 \/ 64bit), Windows\u00a08.1 (32 \/ 64bit), Win 8 (32 \/ 64bit), Windows 7 (32 \/ 64-bit), Windows\u00a0Vista\u00a0(32 \/ 64bit), Windows\u00a0XP,\u00a0kh\u00f4ng h\u1ed7 tr\u1ee3 Mac OS.<\/p>\n<p>&#8211; Ngu\u1ed3n \u0111i\u1ec7n : 220 \u2013 240V, 50\/60Hz.<\/p>\n<p>&#8211; Xu\u1ea5t x\u1ee9 : Vi\u1ec7t Nam.<\/p>\n<p>H\u00ecnh \u1ea3nh m\u00e1y in phun m\u00e0u Canon Pixma G1010<\/p>\n<p><img decoding=\"async\" class=\"lazy\" src=\"https:\/\/cdn.mediamart.vn\/Product\/-S6Ei1F.jpg\" data-original=\"https:\/\/cdn.mediamart.vn\/Product\/-S6Ei1F.jpg\" \/><\/p>\n<p><strong>\u01afu \u0111i\u1ec3m n\u1ed5i b\u1eadt c\u1ee7a m\u00e1y in phun m\u00e0u Canon Pixma G1010 :<\/strong><\/p>\n<p><strong>Gi\u1ea3i ph\u00e1p in \u1ea5n ti\u1ebft ki\u1ec7m v\u1edbi dung l\u01b0\u1ee3ng in l\u1edbn<\/strong><\/p>\n<p>M\u00e1y in phun m\u00e0u Canon Pixma G1010 v\u1edbi\u00a0 h\u1ec7 th\u1ed1ng m\u1ef1c in li\u00ean t\u1ee5c dung l\u01b0\u1ee3ng l\u1edbn, ch\u1ea5t l\u01b0\u1ee3ng m\u1ef1c ch\u00ednh h\u00e3ng cao c\u1ea5p\u00a0 d\u00e0nh cho nhu c\u1ea7u in \u1ea5n c\u00e1 nh\u00e2n v\u00e0 v\u0103n ph\u00f2ng\u00a0 ch\u1eafc ch\u1eafn s\u1ebd l\u00e0m h\u00e0i l\u00f2ng nh\u1eefng kh\u00e1ch h\u00e0ng kh\u1eaft khe nh\u1ea5t. D\u00f2ng m\u00e1y in m\u00e0u Canon Pixma G1010 c\u00f3 th\u1ec3 in t\u1edbi 6.000 trang t\u00e0i li\u1ec7u \u0111en, tr\u1eafng v\u00e0 7.000 trang m\u00e0u, m\u00e0 kh\u00f4ng c\u1ea7n b\u0103n kho\u0103n v\u1ec1 v\u1ea5n \u0111\u1ec1 ph\u1ea3i thay h\u1ed9p m\u1ef1c th\u01b0\u1eddng xuy\u00ean.<\/p>\n<p><img decoding=\"async\" class=\"lazy\" src=\"https:\/\/cdn.mediamart.vn\/Product\/-xMvgen.jpg\" data-original=\"https:\/\/cdn.mediamart.vn\/Product\/-xMvgen.jpg\" \/><\/p>\n<p><strong>Ch\u1ea5t l\u01b0\u1ee3ng \u1ea3nh v\u00e0 v\u0103n b\u1ea3n cao<\/strong><\/p>\n<p>M\u00e1y in m\u00e0u Canon Pixma G1010 ti\u1ebft ki\u1ec7m m\u1ef1c v\u1edbi h\u1ec7 th\u1ed1ng m\u1ef1c lai, k\u1ebft h\u1ee3p gi\u1eefa m\u1ef1c \u0111en g\u1ed1c d\u1ea7u v\u00e0 m\u1ef1c m\u00e0u nhu\u1ed9m cho h\u00ecnh \u1ea3nh tuy\u1ec7t \u0111\u1eb9p tr\u00ean n\u1ec1n gi\u1ea5y \u1ea3nh ch\u00ednh h\u00e3ng c\u1ee7a Canon, v\u00e0 nh\u1eefng trang in t\u00e0i li\u1ec7u s\u1eafc n\u00e9t. C\u00e1c \u0111\u1ed9ng c\u01a1 in linh ho\u1ea1t gi\u00fap in \u1ea3nh kh\u00f4ng vi\u1ec1n 4R ch\u1ec9 trong 60 gi\u00e2y v\u00e0 c\u00f3 th\u1ec3 in t\u1edbi c\u1ee1 A4.<\/p>\n<p><img decoding=\"async\" class=\"lazy\" src=\"https:\/\/cdn.mediamart.vn\/Upload\/download\/2018-8-News\/FYqo7A4i1y27jV1.jpg\" data-original=\"https:\/\/cdn.mediamart.vn\/Upload\/download\/2018-8-News\/FYqo7A4i1y27jV1.jpg\" \/><\/p>\n<p><strong>Thay th\u1ebf m\u1ef1c d\u1ec5 d\u00e0ng<\/strong><\/p>\n<p>B\u1ea1n c\u00f3 th\u1ec3 t\u1ef1 m\u00ecnh b\u01a1m m\u1ef1c v\u1edbi thao t\u00e1c c\u1ef1c k\u1ef3 \u0111\u01a1n gi\u1ea3n m\u00e0 kh\u00f4ng c\u1ea7n \u0111\u1ebfn nh\u1eefng k\u1ef9 thu\u1eadt vi\u00ean, b\u1eb1ng c\u00e1ch ch\u00e2m m\u1ef1c (\u0111\u1ed5 m\u1ef1c) v\u00e0o h\u1ec7 th\u1ed1ng m\u1ef1c li\u00ean t\u1ee5c CISS v\u1edbi nh\u1eefng l\u1ecd m\u1ef1c ch\u00ednh h\u00e3ng b\u00e1n k\u00e8m theo m\u00e1y in m\u00e0u Canon Pixma G1010.<\/p>\n<p><img decoding=\"async\" class=\"lazy\" src=\"https:\/\/cdn.mediamart.vn\/Upload\/download\/2018-8-News\/4Y9615oD0u63EZl.jpg\" data-original=\"https:\/\/cdn.mediamart.vn\/Upload\/download\/2018-8-News\/4Y9615oD0u63EZl.jpg\" \/><\/p>\n<p><strong>H\u1ec7 th\u1ed1ng m\u1ef1c li\u00ean t\u1ee5c t\u00edch h\u1ee3p b\u00ean trong m\u00e1y.<\/strong><\/p>\n<p>H\u1ec7 th\u1ed1ng b\u00ecnh m\u1ef1c li\u00ean t\u1ee5c \u0111\u01b0\u1ee3c t\u00edch h\u1ee3p b\u00ean trong th\u00e2n m\u00e1y gi\u1ea3m thi\u1ec3u s\u1ef1 c\u1ed1 li\u00ean quan \u0111\u1ebfn m\u1ef1c h\u1ec7 th\u1ed1ng v\u1eabn th\u01b0\u1eddng xuy\u00ean g\u1eb7p ph\u1ea3i \u0111\u1ed1i v\u1edbi nh\u1eefng d\u00f2ng m\u00e0y do ng\u01b0\u1eddi d\u00f9ng t\u1ef1 g\u1eafn th\u00eam. Ng\u01b0\u1eddi d\u00f9ng c\u00f3 th\u1ec3 theo d\u00f5i l\u01b0\u1ee3ng m\u1ef1c c\u00f2n l\u1ea1i ngay l\u1eadp t\u1ee9c.<\/p>\n<p><strong>Ch\u1ea5t l\u01b0\u1ee3ng m\u00e1y in m\u00e0u Canon Pixma G1010 :<\/strong><\/p>\n<p>&#8211; M\u00e1y m\u1edbi 100%, nguy\u00ean \u0111ai, nguy\u00ean ki\u1ec7n, ch\u00ednh h\u00e3ng Canon.<\/p>\n<p>&#8211; C\u00f3 ch\u1ee9ng nh\u1eadn ch\u1ea5t l\u01b0\u1ee3ng (CQ), ch\u1ee9ng nh\u1eadn xu\u1ea5t x\u1ee9 (CO).<\/p>\n<\/div>","protected":false},"excerpt":{"rendered":"<ul class=\"pd-attrvalue-feature\">\n<li><strong>Ki\u1ec3u m\u00e1y in <\/strong>M\u00e1y in phun m\u00e0u \u0111\u01a1n n\u0103ng<\/li>\n<li><strong>Kh\u1ed5 gi\u1ea5y <\/strong>Kh\u1ed5 A4<\/li>\n<li><strong>In \u0111\u1ea3o m\u1eb7t <\/strong>Kh\u00f4ng<\/li>\n<li><strong>C\u1ed5ng giao ti\u1ebfp <\/strong>USB<\/li>\n<\/ul>\n<div class=\"pdtl-des\">\n<p>&#8211; Ch\u1ee9c n\u0103ng: Print<br \/>\n&#8211; Kh\u1ed5 gi\u1ea5y: A4\/A5<br \/>\n&#8211; T\u1ed1c \u0111\u1ed9 in: 8.8 ipm (Black), 5.0 ipm (Color)<br \/>\n&#8211; In \u0111\u1ea3o m\u1eb7t: Kh\u00f4ng<\/p>\n<\/div>","protected":false},"featured_media":3799,"comment_status":"open","ping_status":"closed","template":"","meta":{"_acf_changed":false},"product_cat":[371,366,368,373],"product_tag":[407],"class_list":{"0":"post-3525","1":"product","2":"type-product","3":"status-publish","4":"has-post-thumbnail","6":"product_cat-canon-may-in-mau","7":"product_cat-may-in","8":"product_cat-may-in-mau","9":"product_cat-may-in-phun","10":"product_tag-may-in","12":"first","13":"instock","14":"sale","15":"shipping-taxable","16":"purchasable","17":"product-type-simple"},"acf":[],"yoast_head":"<!-- This site is optimized with the Yoast SEO plugin v23.8 - https:\/\/yoast.com\/wordpress\/plugins\/seo\/ -->\n<title>M\u00e1y in \u1ea3nh m\u00e0u Canon Pixma G1010 (In) - ThanhPhat PC<\/title>\n<meta name=\"robots\" content=\"index, follow, max-snippet:-1, max-image-preview:large, max-video-preview:-1\" \/>\n<link rel=\"canonical\" href=\"https:\/\/thanhphatpc.com\/en\/may-in-anh-mau-canon-pixma-g1010-in\/\" \/>\n<meta property=\"og:locale\" content=\"en_US\" \/>\n<meta property=\"og:type\" content=\"article\" \/>\n<meta property=\"og:title\" content=\"M\u00e1y in \u1ea3nh m\u00e0u Canon Pixma G1010 (In) - ThanhPhat PC\" \/>\n<meta property=\"og:description\" content=\"Ki\u1ec3u m\u00e1y in M\u00e1y in phun m\u00e0u \u0111\u01a1n n\u0103ng  Kh\u1ed5 gi\u1ea5y Kh\u1ed5 A4  In \u0111\u1ea3o m\u1eb7t Kh\u00f4ng  C\u1ed5ng giao ti\u1ebfp USB    - Ch\u1ee9c n\u0103ng: Print - Kh\u1ed5 gi\u1ea5y: A4\/A5 - T\u1ed1c \u0111\u1ed9 in: 8.8 ipm (Black), 5.0 ipm (Color) - In \u0111\u1ea3o m\u1eb7t: Kh\u00f4ng\" \/>\n<meta property=\"og:url\" content=\"https:\/\/thanhphatpc.com\/en\/may-in-anh-mau-canon-pixma-g1010-in\/\" \/>\n<meta property=\"og:site_name\" content=\"ThanhPhat PC\" \/>\n<meta property=\"article:modified_time\" content=\"2023-12-11T10:34:00+00:00\" \/>\n<meta property=\"og:image\" content=\"https:\/\/thanhphatpc.com\/wp-content\/uploads\/2019\/09\/1.jpg\" \/>\n\t<meta property=\"og:image:width\" content=\"250\" \/>\n\t<meta property=\"og:image:height\" content=\"250\" \/>\n\t<meta property=\"og:image:type\" content=\"image\/jpeg\" \/>\n<meta name=\"twitter:card\" content=\"summary_large_image\" \/>\n<meta name=\"twitter:label1\" content=\"Est. reading time\" \/>\n\t<meta name=\"twitter:data1\" content=\"4 minutes\" \/>\n<script type=\"application\/ld+json\" class=\"yoast-schema-graph\">{\"@context\":\"https:\/\/schema.org\",\"@graph\":[{\"@type\":\"WebPage\",\"@id\":\"https:\/\/thanhphatpc.com\/may-in-anh-mau-canon-pixma-g1010-in\/\",\"url\":\"https:\/\/thanhphatpc.com\/may-in-anh-mau-canon-pixma-g1010-in\/\",\"name\":\"M\u00e1y in \u1ea3nh m\u00e0u Canon Pixma G1010 (In) - ThanhPhat PC\",\"isPartOf\":{\"@id\":\"https:\/\/thanhphatpc.com\/#website\"},\"primaryImageOfPage\":{\"@id\":\"https:\/\/thanhphatpc.com\/may-in-anh-mau-canon-pixma-g1010-in\/#primaryimage\"},\"image\":{\"@id\":\"https:\/\/thanhphatpc.com\/may-in-anh-mau-canon-pixma-g1010-in\/#primaryimage\"},\"thumbnailUrl\":\"https:\/\/thanhphatpc.com\/wp-content\/uploads\/2019\/09\/1.jpg\",\"datePublished\":\"2019-09-28T07:14:01+00:00\",\"dateModified\":\"2023-12-11T10:34:00+00:00\",\"breadcrumb\":{\"@id\":\"https:\/\/thanhphatpc.com\/may-in-anh-mau-canon-pixma-g1010-in\/#breadcrumb\"},\"inLanguage\":\"en-US\",\"potentialAction\":[{\"@type\":\"ReadAction\",\"target\":[\"https:\/\/thanhphatpc.com\/may-in-anh-mau-canon-pixma-g1010-in\/\"]}]},{\"@type\":\"ImageObject\",\"inLanguage\":\"en-US\",\"@id\":\"https:\/\/thanhphatpc.com\/may-in-anh-mau-canon-pixma-g1010-in\/#primaryimage\",\"url\":\"https:\/\/thanhphatpc.com\/wp-content\/uploads\/2019\/09\/1.jpg\",\"contentUrl\":\"https:\/\/thanhphatpc.com\/wp-content\/uploads\/2019\/09\/1.jpg\",\"width\":250,\"height\":250},{\"@type\":\"BreadcrumbList\",\"@id\":\"https:\/\/thanhphatpc.com\/may-in-anh-mau-canon-pixma-g1010-in\/#breadcrumb\",\"itemListElement\":[{\"@type\":\"ListItem\",\"position\":1,\"name\":\"Trang ch\u1ee7\",\"item\":\"https:\/\/thanhphatpc.com\/\"},{\"@type\":\"ListItem\",\"position\":2,\"name\":\"C\u1eeda h\u00e0ng\",\"item\":\"https:\/\/thanhphatpc.com\/cua-hang\/\"},{\"@type\":\"ListItem\",\"position\":3,\"name\":\"M\u00e1y in \u1ea3nh m\u00e0u Canon Pixma G1010 (In)\"}]},{\"@type\":\"WebSite\",\"@id\":\"https:\/\/thanhphatpc.com\/#website\",\"url\":\"https:\/\/thanhphatpc.com\/\",\"name\":\"ThanhPhat PC\",\"description\":\"D\u1ecbch v\u1ee5 ho\u00e0n h\u1ea3o\",\"potentialAction\":[{\"@type\":\"SearchAction\",\"target\":{\"@type\":\"EntryPoint\",\"urlTemplate\":\"https:\/\/thanhphatpc.com\/?s={search_term_string}\"},\"query-input\":{\"@type\":\"PropertyValueSpecification\",\"valueRequired\":true,\"valueName\":\"search_term_string\"}}],\"inLanguage\":\"en-US\"}]}<\/script>\n<!-- \/ Yoast SEO plugin. -->","yoast_head_json":{"title":"M\u00e1y in \u1ea3nh m\u00e0u Canon Pixma G1010 (In) - ThanhPhat PC","robots":{"index":"index","follow":"follow","max-snippet":"max-snippet:-1","max-image-preview":"max-image-preview:large","max-video-preview":"max-video-preview:-1"},"canonical":"https:\/\/thanhphatpc.com\/en\/may-in-anh-mau-canon-pixma-g1010-in\/","og_locale":"en_US","og_type":"article","og_title":"M\u00e1y in \u1ea3nh m\u00e0u Canon Pixma G1010 (In) - ThanhPhat PC","og_description":"Ki\u1ec3u m\u00e1y in M\u00e1y in phun m\u00e0u \u0111\u01a1n n\u0103ng  Kh\u1ed5 gi\u1ea5y Kh\u1ed5 A4  In \u0111\u1ea3o m\u1eb7t Kh\u00f4ng  C\u1ed5ng giao ti\u1ebfp USB    - Ch\u1ee9c n\u0103ng: Print - Kh\u1ed5 gi\u1ea5y: A4\/A5 - T\u1ed1c \u0111\u1ed9 in: 8.8 ipm (Black), 5.0 ipm (Color) - In \u0111\u1ea3o m\u1eb7t: Kh\u00f4ng","og_url":"https:\/\/thanhphatpc.com\/en\/may-in-anh-mau-canon-pixma-g1010-in\/","og_site_name":"ThanhPhat PC","article_modified_time":"2023-12-11T10:34:00+00:00","og_image":[{"width":250,"height":250,"url":"https:\/\/thanhphatpc.com\/wp-content\/uploads\/2019\/09\/1.jpg","type":"image\/jpeg"}],"twitter_card":"summary_large_image","twitter_misc":{"Est. reading time":"4 minutes"},"schema":{"@context":"https:\/\/schema.org","@graph":[{"@type":"WebPage","@id":"https:\/\/thanhphatpc.com\/may-in-anh-mau-canon-pixma-g1010-in\/","url":"https:\/\/thanhphatpc.com\/may-in-anh-mau-canon-pixma-g1010-in\/","name":"M\u00e1y in \u1ea3nh m\u00e0u Canon Pixma G1010 (In) - ThanhPhat PC","isPartOf":{"@id":"https:\/\/thanhphatpc.com\/#website"},"primaryImageOfPage":{"@id":"https:\/\/thanhphatpc.com\/may-in-anh-mau-canon-pixma-g1010-in\/#primaryimage"},"image":{"@id":"https:\/\/thanhphatpc.com\/may-in-anh-mau-canon-pixma-g1010-in\/#primaryimage"},"thumbnailUrl":"https:\/\/thanhphatpc.com\/wp-content\/uploads\/2019\/09\/1.jpg","datePublished":"2019-09-28T07:14:01+00:00","dateModified":"2023-12-11T10:34:00+00:00","breadcrumb":{"@id":"https:\/\/thanhphatpc.com\/may-in-anh-mau-canon-pixma-g1010-in\/#breadcrumb"},"inLanguage":"en-US","potentialAction":[{"@type":"ReadAction","target":["https:\/\/thanhphatpc.com\/may-in-anh-mau-canon-pixma-g1010-in\/"]}]},{"@type":"ImageObject","inLanguage":"en-US","@id":"https:\/\/thanhphatpc.com\/may-in-anh-mau-canon-pixma-g1010-in\/#primaryimage","url":"https:\/\/thanhphatpc.com\/wp-content\/uploads\/2019\/09\/1.jpg","contentUrl":"https:\/\/thanhphatpc.com\/wp-content\/uploads\/2019\/09\/1.jpg","width":250,"height":250},{"@type":"BreadcrumbList","@id":"https:\/\/thanhphatpc.com\/may-in-anh-mau-canon-pixma-g1010-in\/#breadcrumb","itemListElement":[{"@type":"ListItem","position":1,"name":"Trang ch\u1ee7","item":"https:\/\/thanhphatpc.com\/"},{"@type":"ListItem","position":2,"name":"C\u1eeda h\u00e0ng","item":"https:\/\/thanhphatpc.com\/cua-hang\/"},{"@type":"ListItem","position":3,"name":"M\u00e1y in \u1ea3nh m\u00e0u Canon Pixma G1010 (In)"}]},{"@type":"WebSite","@id":"https:\/\/thanhphatpc.com\/#website","url":"https:\/\/thanhphatpc.com\/","name":"ThanhPhat PC","description":"D\u1ecbch v\u1ee5 ho\u00e0n h\u1ea3o","potentialAction":[{"@type":"SearchAction","target":{"@type":"EntryPoint","urlTemplate":"https:\/\/thanhphatpc.com\/?s={search_term_string}"},"query-input":{"@type":"PropertyValueSpecification","valueRequired":true,"valueName":"search_term_string"}}],"inLanguage":"en-US"}]}},"_links":{"self":[{"href":"https:\/\/thanhphatpc.com\/en\/wp-json\/wp\/v2\/product\/3525","targetHints":{"allow":["GET"]}}],"collection":[{"href":"https:\/\/thanhphatpc.com\/en\/wp-json\/wp\/v2\/product"}],"about":[{"href":"https:\/\/thanhphatpc.com\/en\/wp-json\/wp\/v2\/types\/product"}],"replies":[{"embeddable":true,"href":"https:\/\/thanhphatpc.com\/en\/wp-json\/wp\/v2\/comments?post=3525"}],"wp:featuredmedia":[{"embeddable":true,"href":"https:\/\/thanhphatpc.com\/en\/wp-json\/wp\/v2\/media\/3799"}],"wp:attachment":[{"href":"https:\/\/thanhphatpc.com\/en\/wp-json\/wp\/v2\/media?parent=3525"}],"wp:term":[{"taxonomy":"product_cat","embeddable":true,"href":"https:\/\/thanhphatpc.com\/en\/wp-json\/wp\/v2\/product_cat?post=3525"},{"taxonomy":"product_tag","embeddable":true,"href":"https:\/\/thanhphatpc.com\/en\/wp-json\/wp\/v2\/product_tag?post=3525"}],"curies":[{"name":"wp","href":"https:\/\/api.w.org\/{rel}","templated":true}]}}