{"id":3527,"date":"2019-09-28T14:17:44","date_gmt":"2019-09-28T07:17:44","guid":{"rendered":"https:\/\/thanhphatpc.com\/?post_type=product&#038;p=3527"},"modified":"2019-09-28T14:17:45","modified_gmt":"2019-09-28T07:17:45","slug":"may-in-phun-mau-epson-l805","status":"publish","type":"product","link":"https:\/\/thanhphatpc.com\/en\/may-in-phun-mau-epson-l805\/","title":{"rendered":"Ma\u0301y in phun ma\u0300u Epson L805"},"content":{"rendered":"<div id=\"tab1\">\n<h2 class=\"h-title\">TH\u00d4NG S\u1ed0 K\u1ef8 THU\u1eacT<\/h2>\n<div class=\"tbl-technical nd\">\n<table width=\"691\">\n<tbody>\n<tr>\n<td width=\"177\">S\u1ea3n ph\u1ea9m<\/td>\n<td width=\"514\">Ma\u0301y in phun ma\u0300u<\/td>\n<\/tr>\n<tr>\n<td>H\u00e3ng s\u1ea3n xu\u1ea5t<\/td>\n<td>Epson<\/td>\n<\/tr>\n<tr>\n<td>Model<\/td>\n<td>L805<\/td>\n<\/tr>\n<tr>\n<td>Kh\u1ed5 gi\u1ea5y<\/td>\n<td>A4, A5, A6, B5, 10x15cm(4x6Inch), 13x18cm(5x7Inch), 9x13cm(3.5x5Inch), Letter(8.5x11Inch), Legal(8.5x14Inch), 13x20cm(5x8Inch), 20x25cm(8x10Inch), 16:9 wide size, 100x148mm, Envelopes: #10(4.125&#215;9.5), DL(110x220mm), C6(114x162mm)<\/td>\n<\/tr>\n<tr>\n<td>B\u00f4\u0323 nh\u01a1\u0301<\/td>\n<td>N\/A<\/td>\n<\/tr>\n<tr>\n<td>T\u1ed1c \u0111\u1ed9<\/td>\n<td>34 trang \u0111en A4\/phu\u0301t, 34 trang ma\u0300u A4\/phu\u0301t, in a\u0309nh 10 x 15 trong 13 gi\u00e2y<\/td>\n<\/tr>\n<tr>\n<td>In \u0111\u1ea3o m\u1eb7t<\/td>\n<td>Kh\u00f4ng<\/td>\n<\/tr>\n<tr>\n<td>\u0110\u1ed9 ph\u00e2n gi\u1ea3i<\/td>\n<td>5760 x 1440 dpi<\/td>\n<\/tr>\n<tr>\n<td>C\u1ed5ng giao ti\u1ebfp<\/td>\n<td>USB\/ WIFI<\/td>\n<\/tr>\n<tr>\n<td>Du\u0300ng m\u1ef1c<\/td>\n<td>EPSON T6731\/T6732\/T6733\/T6734\/T6735\/T6736<\/td>\n<\/tr>\n<tr>\n<td>M\u00f4 ta\u0309 kha\u0301c<\/td>\n<td>s\u01b0\u0309 du\u0323ng 6 bi\u0300nh m\u01b0\u0323c l\u01a1\u0301n r\u01a1\u0300i 70ml, ki\u0301ch th\u01b0\u01a1\u0301t gio\u0323t m\u01b0\u0323c nho\u0309 1.5pl, in tr\u00ean \u0111i\u0309a CD\/DVD, Ti\u00ea\u0301t ki\u00ea\u0323m \u0111i\u00ea\u0323n n\u0103ng chi\u0309 13W<\/td>\n<\/tr>\n<\/tbody>\n<\/table>\n<\/div>\n<\/div>\n<div id=\"tab2\">\n<h2 class=\"h-title\">\u0110\u1eb6C \u0110I\u1ec2M N\u1ed4I B\u1eacT<\/h2>\n<div class=\"nd\">\n<h2>Ma\u0301y in phun ma\u0300u Epson L805<\/h2>\n<p><strong>M\u00e1y in phun m\u00e0u Epson L805<\/strong>\u00a0\u0111\u01b0\u1ee3c trang b\u1ecb h\u1ed9p m\u1ef1c g\u1eafn ngo\u00e0i c\u00f3 dung l\u01b0\u1ee3ng cao ho\u1ea1t \u0111\u1ed9ng t\u01b0\u01a1ng t\u1ef1 nh\u01b0 c\u00e1c h\u1ec7 th\u1ed1ng m\u1ef1c in li\u00ean t\u1ee5c. Th\u1ebf h\u1ec7 m\u00e1y in m\u1edbi c\u1ee7a Epson ng\u00e0y c\u00e0ng c\u00f3 nh\u1eefng c\u1ea3i ti\u1ebfn v\u01b0\u1ee3t tr\u1ed9i c\u1ea3 v\u1ec1 hi\u1ec7u n\u0103ng v\u00e0 hi\u1ec7u su\u1ea5t, \u0111\u00e1p \u1ee9ng nhu c\u1ea7u c\u1ee7a ng\u01b0\u1eddi s\u1eed d\u1ee5ng. H\u1ec7 th\u1ed1ng h\u1ed9p m\u1ef1c g\u1eafn ngo\u00e0i c\u1ee7a m\u00e1y in m\u00e0u Epson L805 gi\u00fap d\u1ec5 d\u00e0ng n\u1ea1p th\u00eam m\u1ef1c in khi c\u1ea7n thi\u1ebft v\u1edbi 6 h\u1ed9p m\u1ef1c ri\u00eang bi\u1ec7t g\u1ed3m m\u00e0u \u0111\u1ecf (Magenta), \u0111\u1ecf nh\u1ea1t (Light Magenta), xanh (Cyan), xanh nh\u1ea1t (Light Cyan), v\u00e0ng (Yellow) v\u00e0 \u0111en (Black), dung t\u00edch 70ml m\u1ed7i h\u1ed9p.<\/p>\n<p><strong>Thi\u1ebft k\u1ebf<\/strong><\/p>\n<p>Epson L805 l\u00e0 phi\u00ean b\u1ea3n n\u00e2ng c\u1ea5p c\u1ee7a model L800 \u0111\u00e3 ra m\u1eaft tr\u01b0\u1edbc \u0111\u00e2y n\u00ean c\u00f3 thi\u1ebft k\u1ebf h\u1ea7u nh\u01b0 kh\u00f4ng thay \u0111\u1ed5i g\u00ec nhi\u1ec1u, ch\u1ec9 kh\u00e1c l\u00e0 c\u00f3 trang b\u1ecb th\u00eam t\u00ednh n\u0103ng wifi. M\u00e1y c\u00f3 to\u00e0n b\u1ed9 v\u1ecf ngo\u00e0i m\u00e0u \u0111en, thi\u1ebft k\u1ebf g\u1ecdn g\u00e0ng v\u1edbi khay n\u1ea1p gi\u1ea5y 120 t\u1edd d\u1ea1ng \u0111\u1ee9ng ph\u00eda sau, trong khi khay gi\u1ea5y ra n\u1eb1m ph\u00eda tr\u01b0\u1edbc ch\u1ee9a \u0111\u01b0\u1ee3c t\u1ed1i \u0111a 50 t\u1edd. Thi\u1ebft k\u1ebf n\u00e0y t\u01b0\u01a1ng t\u1ef1 nh\u01b0 \u0111a s\u1ed1 c\u00e1c m\u1eabu m\u00e1y in phun kh\u00e1c c\u1ee7a Epson, \u0111\u1ed3ng th\u1eddi th\u00edch h\u1ee3p \u0111\u1ec3 in c\u00e1c lo\u1ea1i gi\u1ea5y d\u00e0y m\u00e0 kh\u00f4ng l\u00e0m cong do gi\u1ea5y \u0111\u01b0\u1ee3c ch\u1ea1y th\u1eb3ng v\u00e0o m\u00e1y khi in.<\/p>\n<p><img decoding=\"async\" src=\"https:\/\/www.phucanh.vn\/media\/lib\/30438_MayinphunmauEpsonL805-1.png\" alt=\"Ma\u0301y in phun ma\u0300u Epson L805\" width=\"500\" \/><\/p>\n<p><strong>T\u1ed1c \u0111\u1ed9 in cao v\u00e0 s\u1ed1 l\u01b0\u1ee3ng trang in nhi\u1ec1u h\u01a1n<\/strong><\/p>\n<p>T\u1ed1c \u0111\u1ed9 l\u00e0 ch\u00eca kh\u00f3a khi th\u1ecfa m\u00e3n c\u00e1c th\u00e1ch th\u1ee9c v\u1ec1 th\u1eddi gian v\u00e0 n\u00e2ng t\u1ea7m hi\u1ec7u qu\u1ea3 kinh doanh. Trang b\u1ecb b\u1eb1ng c\u00f4ng ngh\u1ec7 \u0111\u1ea7u in \u0111\u1eddi m\u1edbi, m\u00e1y in phun m\u00e0u Epson L805 v\u1edbi t\u1ed1c \u0111\u1ed9 in kh\u00e1c bi\u1ec7t l\u00ean \u0111\u1ebfn 37 trang \/ph\u00fat. Vi\u1ec7c in \u1ea5n s\u1ed1 l\u01b0\u1ee3ng cao ch\u01b0a bao gi\u1edd nhanh v\u00e0 hi\u1ec7u qu\u1ea3 \u0111\u1ebfn th\u1ebf. M\u00e1y in v\u1edbi h\u1ec7 th\u1ed1ng b\u00ecnh m\u1ef1c danh ti\u1ebfng c\u1ee7a Epson t\u1ea1o ra nh\u1eefng b\u1ea3n in c\u00f3 tu\u1ed5i th\u1ecd cao v\u1edbi chi ph\u00ed th\u1ea5p nh\u1ea5t. M\u00e1y in Epson L805 c\u00f3 th\u1ec3 in v\u1edbi s\u1ed1 l\u01b0\u1ee3ng trang in l\u00ean \u0111\u1ebfn 3,000 trang tr\u1eafng \u0111en v\u00e0 5,400 trang m\u00e0u, tr\u00e1nh t\u00ecnh tr\u1ea1ng ph\u1ea3i \u0111i n\u1ea1p m\u1ef1c th\u01b0\u1eddng xuy\u00ean.<\/p>\n<p><strong>Thay th\u1ebf m\u1ef1c d\u1ec5 d\u00e0ng<\/strong><\/p>\n<p>B\u1ea1n c\u00f3 th\u1ec3 t\u1ef1 m\u00ecnh b\u01a1m m\u1ef1c v\u1edbi thao t\u00e1c c\u1ef1c k\u1ef3 \u0111\u01a1n gi\u1ea3n m\u00e0 kh\u00f4ng c\u1ea7n \u0111\u1ebfn nh\u1eefng k\u1ef9 thu\u1eadt vi\u00ean, b\u1eb1ng c\u00e1ch ch\u00e2m m\u1ef1c (\u0111\u1ed5 m\u1ef1c) v\u00e0o h\u1ec7 th\u1ed1ng m\u1ef1c li\u00ean t\u1ee5c v\u1edbi nh\u1eefng l\u1ecd m\u1ef1c ch\u00ednh h\u00e3ng Epson.<\/p>\n<p><img decoding=\"async\" src=\"https:\/\/www.phucanh.vn\/media\/lib\/30438_MayinphunmauEpsonL805-2.jpg\" alt=\"Ma\u0301y in phun ma\u0300u Epson L805\" width=\"500\" \/><\/p>\n<p><strong>Ch\u1ea5t l\u01b0\u1ee3ng b\u1ea3n in s\u1eafc n\u00e9t<\/strong><\/p>\n<p>V\u1edbi \u0111\u1ed9 ph\u00e2n gi\u1ea3i 5760 dbi x 1440 dbi v\u00e0 k\u00edch th\u01b0\u1edbc gi\u1ecdt m\u1ef1c 1.5pl, m\u00e1y in m\u00e0u Epson L805 mang l\u1ea1i cho b\u1ea1n nh\u1eefng b\u1ea3n in m\u00e0u ch\u1ea5t l\u01b0\u1ee3ng v\u00e0 c\u1ef1c k\u1ef3 s\u1eafc n\u00e9t, b\u1ec1n m\u00e0u.<\/p>\n<p><strong>K\u1ebft n\u1ed1i WiFi<\/strong><\/p>\n<p>Ngo\u00e0i c\u1ed5ng USB th\u00f4ng d\u1ee5ng \u0111\u1ec3 g\u1eafn tr\u1ef1c ti\u1ebfp v\u1edbi m\u00e1y t\u00ednh, L805 c\u0169ng trang b\u1ecb k\u1ebft n\u1ed1i Wi-Fi. T\u00ednh n\u0103ng n\u00e0y cho ph\u00e9p ng\u01b0\u1eddi d\u00f9ng c\u00f3 th\u1ec3 in \u1ea5n ti\u1ec7n l\u1ee3i t\u1eeb laptop, smartphone hay tablet m\u1ed9t c\u00e1ch ti\u1ec7n l\u1ee3i qua m\u1ea1ng Wi-Fi m\u00e0 kh\u00f4ng c\u1ea7n ph\u1ea3i k\u1ebft n\u1ed1i d\u00e2y c\u00e1p r\u01b0\u1eddm r\u00e0. C\u00e1ch k\u1ebft n\u1ed1i m\u00e1y in v\u00e0o m\u1ea1ng Wi-Fi n\u1ed9i b\u1ed9 c\u0169ng kh\u00e1 \u0111\u01a1n gi\u1ea3n, \u0111\u01b0\u1ee3c h\u01b0\u1edbng d\u1eabn chi ti\u1ebft t\u1eebng b\u01b0\u1edbc trong ph\u1ea7n c\u00e0i \u0111\u1eb7t tr\u00ecnh \u0111i\u1ec1u khi\u1ec3n. B\u1ea1n c\u00f3 th\u1ec3 l\u00e0m m\u1ecdi th\u1ee9 v\u1edbi chi\u1ebfc m\u00e1y in phun m\u00e0u Epson L805 n\u00e0y v\u1edbi s\u1ef1 s\u00e1ng t\u1ea1o m\u1ea1ng l\u00e0m vi\u1ec7c Wi-Fi d\u00e0nh cho nhi\u1ec1u ng\u01b0\u1eddi s\u1eed d\u1ee5ng m\u1ed9t c\u00e1ch ti\u1ec7n d\u1ee5ng.<\/p>\n<p><strong>Kh\u1ea3 n\u0103ng in tr\u1ef1c ti\u1ebfp l\u00ean b\u00eca \u0111\u0129a<\/strong><\/p>\n<p>M\u1ed9t t\u00ednh n\u0103ng \u0111\u1eb7c bi\u1ec7t \u0111\u01b0\u1ee3c ng\u01b0\u1eddi s\u1eed d\u1ee5ng qua t\u00e2m \u0111\u1ebfn m\u00e1y in m\u00e0u Epson L805 l\u00e0 kh\u1ea3 n\u0103ng in tr\u1ef1c ti\u1ebfp l\u00ean m\u1eb7t b\u00eca \u0111\u0129a CD hay DVD. M\u00e1y \u0111\u01b0\u1ee3c trang b\u1ecb m\u1ed9t khay chuy\u00ean d\u1ee5ng \u0111\u1ec3 n\u1ea1p \u0111\u0129a v\u00e0o. Khi c\u1ea7n s\u1eed d\u1ee5ng, ng\u01b0\u1eddi d\u00f9ng n\u1ea1p \u0111\u0129a v\u00e0o khay, sau \u0111\u00f3 d\u00f9ng ph\u1ea7n m\u1ec1m PrintCD \u0111i k\u00e8m \u0111\u1ec3 thi\u1ebft k\u1ebf v\u00e0 in b\u00eca \u0111\u0129a.<\/p>\n<\/div>\n<\/div>","protected":false},"excerpt":{"rendered":"<ul class=\"ul\">\n<li>&#8211; Kh\u1ed5 gi\u1ea5y: A4\/A5<\/li>\n<li><i class=\"before\"><\/i>&#8211; In \u0111\u1ea3o m\u1eb7t: Kh\u00f4ng<\/li>\n<li><i class=\"before\"><\/i>&#8211; C\u1ed5ng giao ti\u1ebfp: USB\/ WIFI<\/li>\n<li><i class=\"before\"><\/i>&#8211; Du\u0300ng m\u1ef1c: EPSON T6731\/T6732\/T6733\/T6734\/T6735\/T6736<\/li>\n<\/ul>","protected":false},"featured_media":3528,"comment_status":"open","ping_status":"closed","template":"","meta":{"_acf_changed":false},"product_cat":[372,368,373],"product_tag":[],"class_list":{"0":"post-3527","1":"product","2":"type-product","3":"status-publish","4":"has-post-thumbnail","6":"product_cat-epson","7":"product_cat-may-in-mau","8":"product_cat-may-in-phun","10":"first","11":"instock","12":"shipping-taxable","13":"purchasable","14":"product-type-simple"},"acf":[],"yoast_head":"<!-- This site is optimized with the Yoast SEO plugin v23.8 - https:\/\/yoast.com\/wordpress\/plugins\/seo\/ -->\n<title>Ma\u0301y in phun ma\u0300u Epson L805 - ThanhPhat PC<\/title>\n<meta name=\"robots\" content=\"index, follow, max-snippet:-1, max-image-preview:large, max-video-preview:-1\" \/>\n<link rel=\"canonical\" href=\"https:\/\/thanhphatpc.com\/en\/may-in-phun-mau-epson-l805\/\" \/>\n<meta property=\"og:locale\" content=\"en_US\" \/>\n<meta property=\"og:type\" content=\"article\" \/>\n<meta property=\"og:title\" content=\"Ma\u0301y in phun ma\u0300u Epson L805 - ThanhPhat PC\" \/>\n<meta property=\"og:description\" content=\"- Kh\u1ed5 gi\u1ea5y: A4\/A5  - In \u0111\u1ea3o m\u1eb7t: Kh\u00f4ng  - C\u1ed5ng giao ti\u1ebfp: USB\/ WIFI  - Du\u0300ng m\u1ef1c: EPSON T6731\/T6732\/T6733\/T6734\/T6735\/T6736\" \/>\n<meta property=\"og:url\" content=\"https:\/\/thanhphatpc.com\/en\/may-in-phun-mau-epson-l805\/\" \/>\n<meta property=\"og:site_name\" content=\"ThanhPhat PC\" \/>\n<meta property=\"article:modified_time\" content=\"2019-09-28T07:17:45+00:00\" \/>\n<meta property=\"og:image\" content=\"https:\/\/thanhphatpc.com\/wp-content\/uploads\/2019\/09\/30438_MayinphunmauEpsonL805-1.png\" \/>\n\t<meta property=\"og:image:width\" content=\"618\" \/>\n\t<meta property=\"og:image:height\" content=\"422\" \/>\n\t<meta property=\"og:image:type\" content=\"image\/png\" \/>\n<meta name=\"twitter:card\" content=\"summary_large_image\" \/>\n<meta name=\"twitter:label1\" content=\"Est. reading time\" \/>\n\t<meta name=\"twitter:data1\" content=\"6 minutes\" \/>\n<script type=\"application\/ld+json\" class=\"yoast-schema-graph\">{\"@context\":\"https:\/\/schema.org\",\"@graph\":[{\"@type\":\"WebPage\",\"@id\":\"https:\/\/thanhphatpc.com\/may-in-phun-mau-epson-l805\/\",\"url\":\"https:\/\/thanhphatpc.com\/may-in-phun-mau-epson-l805\/\",\"name\":\"Ma\u0301y in phun ma\u0300u Epson L805 - ThanhPhat PC\",\"isPartOf\":{\"@id\":\"https:\/\/thanhphatpc.com\/#website\"},\"primaryImageOfPage\":{\"@id\":\"https:\/\/thanhphatpc.com\/may-in-phun-mau-epson-l805\/#primaryimage\"},\"image\":{\"@id\":\"https:\/\/thanhphatpc.com\/may-in-phun-mau-epson-l805\/#primaryimage\"},\"thumbnailUrl\":\"https:\/\/thanhphatpc.com\/wp-content\/uploads\/2019\/09\/30438_MayinphunmauEpsonL805-1.png\",\"datePublished\":\"2019-09-28T07:17:44+00:00\",\"dateModified\":\"2019-09-28T07:17:45+00:00\",\"breadcrumb\":{\"@id\":\"https:\/\/thanhphatpc.com\/may-in-phun-mau-epson-l805\/#breadcrumb\"},\"inLanguage\":\"en-US\",\"potentialAction\":[{\"@type\":\"ReadAction\",\"target\":[\"https:\/\/thanhphatpc.com\/may-in-phun-mau-epson-l805\/\"]}]},{\"@type\":\"ImageObject\",\"inLanguage\":\"en-US\",\"@id\":\"https:\/\/thanhphatpc.com\/may-in-phun-mau-epson-l805\/#primaryimage\",\"url\":\"https:\/\/thanhphatpc.com\/wp-content\/uploads\/2019\/09\/30438_MayinphunmauEpsonL805-1.png\",\"contentUrl\":\"https:\/\/thanhphatpc.com\/wp-content\/uploads\/2019\/09\/30438_MayinphunmauEpsonL805-1.png\",\"width\":618,\"height\":422},{\"@type\":\"BreadcrumbList\",\"@id\":\"https:\/\/thanhphatpc.com\/may-in-phun-mau-epson-l805\/#breadcrumb\",\"itemListElement\":[{\"@type\":\"ListItem\",\"position\":1,\"name\":\"Trang ch\u1ee7\",\"item\":\"https:\/\/thanhphatpc.com\/\"},{\"@type\":\"ListItem\",\"position\":2,\"name\":\"C\u1eeda h\u00e0ng\",\"item\":\"https:\/\/thanhphatpc.com\/cua-hang\/\"},{\"@type\":\"ListItem\",\"position\":3,\"name\":\"Ma\u0301y in phun ma\u0300u Epson L805\"}]},{\"@type\":\"WebSite\",\"@id\":\"https:\/\/thanhphatpc.com\/#website\",\"url\":\"https:\/\/thanhphatpc.com\/\",\"name\":\"ThanhPhat PC\",\"description\":\"D\u1ecbch v\u1ee5 ho\u00e0n h\u1ea3o\",\"potentialAction\":[{\"@type\":\"SearchAction\",\"target\":{\"@type\":\"EntryPoint\",\"urlTemplate\":\"https:\/\/thanhphatpc.com\/?s={search_term_string}\"},\"query-input\":{\"@type\":\"PropertyValueSpecification\",\"valueRequired\":true,\"valueName\":\"search_term_string\"}}],\"inLanguage\":\"en-US\"}]}<\/script>\n<!-- \/ Yoast SEO plugin. -->","yoast_head_json":{"title":"Ma\u0301y in phun ma\u0300u Epson L805 - ThanhPhat PC","robots":{"index":"index","follow":"follow","max-snippet":"max-snippet:-1","max-image-preview":"max-image-preview:large","max-video-preview":"max-video-preview:-1"},"canonical":"https:\/\/thanhphatpc.com\/en\/may-in-phun-mau-epson-l805\/","og_locale":"en_US","og_type":"article","og_title":"Ma\u0301y in phun ma\u0300u Epson L805 - ThanhPhat PC","og_description":"- Kh\u1ed5 gi\u1ea5y: A4\/A5  - In \u0111\u1ea3o m\u1eb7t: Kh\u00f4ng  - C\u1ed5ng giao ti\u1ebfp: USB\/ WIFI  - Du\u0300ng m\u1ef1c: EPSON T6731\/T6732\/T6733\/T6734\/T6735\/T6736","og_url":"https:\/\/thanhphatpc.com\/en\/may-in-phun-mau-epson-l805\/","og_site_name":"ThanhPhat PC","article_modified_time":"2019-09-28T07:17:45+00:00","og_image":[{"width":618,"height":422,"url":"https:\/\/thanhphatpc.com\/wp-content\/uploads\/2019\/09\/30438_MayinphunmauEpsonL805-1.png","type":"image\/png"}],"twitter_card":"summary_large_image","twitter_misc":{"Est. reading time":"6 minutes"},"schema":{"@context":"https:\/\/schema.org","@graph":[{"@type":"WebPage","@id":"https:\/\/thanhphatpc.com\/may-in-phun-mau-epson-l805\/","url":"https:\/\/thanhphatpc.com\/may-in-phun-mau-epson-l805\/","name":"Ma\u0301y in phun ma\u0300u Epson L805 - ThanhPhat PC","isPartOf":{"@id":"https:\/\/thanhphatpc.com\/#website"},"primaryImageOfPage":{"@id":"https:\/\/thanhphatpc.com\/may-in-phun-mau-epson-l805\/#primaryimage"},"image":{"@id":"https:\/\/thanhphatpc.com\/may-in-phun-mau-epson-l805\/#primaryimage"},"thumbnailUrl":"https:\/\/thanhphatpc.com\/wp-content\/uploads\/2019\/09\/30438_MayinphunmauEpsonL805-1.png","datePublished":"2019-09-28T07:17:44+00:00","dateModified":"2019-09-28T07:17:45+00:00","breadcrumb":{"@id":"https:\/\/thanhphatpc.com\/may-in-phun-mau-epson-l805\/#breadcrumb"},"inLanguage":"en-US","potentialAction":[{"@type":"ReadAction","target":["https:\/\/thanhphatpc.com\/may-in-phun-mau-epson-l805\/"]}]},{"@type":"ImageObject","inLanguage":"en-US","@id":"https:\/\/thanhphatpc.com\/may-in-phun-mau-epson-l805\/#primaryimage","url":"https:\/\/thanhphatpc.com\/wp-content\/uploads\/2019\/09\/30438_MayinphunmauEpsonL805-1.png","contentUrl":"https:\/\/thanhphatpc.com\/wp-content\/uploads\/2019\/09\/30438_MayinphunmauEpsonL805-1.png","width":618,"height":422},{"@type":"BreadcrumbList","@id":"https:\/\/thanhphatpc.com\/may-in-phun-mau-epson-l805\/#breadcrumb","itemListElement":[{"@type":"ListItem","position":1,"name":"Trang ch\u1ee7","item":"https:\/\/thanhphatpc.com\/"},{"@type":"ListItem","position":2,"name":"C\u1eeda h\u00e0ng","item":"https:\/\/thanhphatpc.com\/cua-hang\/"},{"@type":"ListItem","position":3,"name":"Ma\u0301y in phun ma\u0300u Epson L805"}]},{"@type":"WebSite","@id":"https:\/\/thanhphatpc.com\/#website","url":"https:\/\/thanhphatpc.com\/","name":"ThanhPhat PC","description":"D\u1ecbch v\u1ee5 ho\u00e0n h\u1ea3o","potentialAction":[{"@type":"SearchAction","target":{"@type":"EntryPoint","urlTemplate":"https:\/\/thanhphatpc.com\/?s={search_term_string}"},"query-input":{"@type":"PropertyValueSpecification","valueRequired":true,"valueName":"search_term_string"}}],"inLanguage":"en-US"}]}},"_links":{"self":[{"href":"https:\/\/thanhphatpc.com\/en\/wp-json\/wp\/v2\/product\/3527","targetHints":{"allow":["GET"]}}],"collection":[{"href":"https:\/\/thanhphatpc.com\/en\/wp-json\/wp\/v2\/product"}],"about":[{"href":"https:\/\/thanhphatpc.com\/en\/wp-json\/wp\/v2\/types\/product"}],"replies":[{"embeddable":true,"href":"https:\/\/thanhphatpc.com\/en\/wp-json\/wp\/v2\/comments?post=3527"}],"wp:featuredmedia":[{"embeddable":true,"href":"https:\/\/thanhphatpc.com\/en\/wp-json\/wp\/v2\/media\/3528"}],"wp:attachment":[{"href":"https:\/\/thanhphatpc.com\/en\/wp-json\/wp\/v2\/media?parent=3527"}],"wp:term":[{"taxonomy":"product_cat","embeddable":true,"href":"https:\/\/thanhphatpc.com\/en\/wp-json\/wp\/v2\/product_cat?post=3527"},{"taxonomy":"product_tag","embeddable":true,"href":"https:\/\/thanhphatpc.com\/en\/wp-json\/wp\/v2\/product_tag?post=3527"}],"curies":[{"name":"wp","href":"https:\/\/api.w.org\/{rel}","templated":true}]}}