{"id":3536,"date":"2019-09-30T13:40:32","date_gmt":"2019-09-30T06:40:32","guid":{"rendered":"https:\/\/thanhphatpc.com\/?post_type=product&#038;p=3536"},"modified":"2022-09-06T16:45:19","modified_gmt":"2022-09-06T09:45:19","slug":"camera-ip-wifi-1mp-ebitcam-e2","status":"publish","type":"product","link":"https:\/\/thanhphatpc.com\/en\/camera-ip-wifi-1mp-ebitcam-e2\/","title":{"rendered":"Camera IP Wifi 1MP EBITCAM E2"},"content":{"rendered":"<h4><strong>\u01afu \u0111i\u1ec3m c\u1ee7a\u00a0IP Wifi Ebitcam E2 (HD720P)<\/strong><\/h4>\n<p>\u2013 Tr\u1ea3i nghi\u1ec7m ng\u01b0\u1eddi d\u00f9ng d\u1ec5 d\u00e0ng: Ch\u1ec9 c\u1ea7n c\u00e0i \u0111\u1eb7t Plug and Play trong 3 ph\u00fat.\u00a0\u0110\u01b0\u1ee3c thi\u1ebft k\u1ebf \u0111\u1eb7c bi\u1ec7t \u0111\u1ec3 s\u1eed d\u1ee5ng trong nh\u00e0, Ebitcam y\u00eau c\u1ea7u ngu\u1ed3n \u0111i\u1ec7n c\u00f3 d\u00e2y v\u00e0 Wi-Fi, qu\u00e9t m\u00e3 QR v\u00e0 k\u1ebft n\u1ed1i m\u1ea1ng d\u1ec5 d\u00e0ng, \u00e2m thanh \u0111\u00e0m tho\u1ea1i\u00a02 chi\u1ec1u.<br \/>\n\u2013 Hi-definition: Ch\u1ea5t l\u01b0\u1ee3ng video HD tuy\u1ec7t v\u1eddi 1080 x 720P, cho g\u00f3c quan s\u00e1t r\u1ed9ng\u00a0bao ph\u1ee7 m\u1ecdi g\u00f3c nh\u00e0, gi\u00e1m s\u00e1t ng\u00e0y \u0111\u00eam v\u1edbi t\u1ea7m xa 6m, c\u00f3 ch\u1ee9c n\u0103ng zoom xa.<br \/>\n\u2013 L\u01b0u tr\u1eef d\u1ec5 d\u00e0ng: H\u1ed7 tr\u1ee3 khe c\u1eafm\u00a0th\u1ebb Micro SD g\u1eafn trong\u00a0(l\u00ean t\u1edbi 64GB) \u0111\u1ec3 ghi v\u00e0 ph\u00e1t l\u1ea1i video. C\u1ea3nh b\u00e1o h\u00ecnh \u1ea3nh v\u00e0 c\u1ea3nh b\u00e1o video.\u00a0Ho\u1eb7c Ch\u1ecdn Ebit Cloud Box (1TB \/ 2TB) cho camera \u0111a ch\u1ee9c n\u0103ng.<br \/>\n\u2013 B\u1ea3o m\u1eadt: H\u1ed7 tr\u1ee3\u00a0ch\u1ee9c n\u0103ng b\u1ea3o m\u1eadt cao nh\u1ea5t<br \/>\n\u2013 S\u1eed d\u1ee5ng r\u1ed9ng r\u00e3i: Tr\u00f4ng tr\u1ebb em, ng\u01b0\u1eddi gi\u00e0 v\u00e0 v\u1eadt nu\u00f4i trong gia \u0111\u00ecnh, An ninh, Gi\u00e1m s\u00e1t c\u1eeda h\u00e0ng, Gi\u00e1m s\u00e1t Kinh doanh, Truy\u1ec1n h\u00ecnh tr\u1ef1c tuy\u1ebfn t\u1eeb xa th\u00f4ng qua \u0110i\u1ec7n tho\u1ea1i th\u00f4ng minh (Android \/ IOS), Tablet, PC.<br \/>\n\u2013 D\u1ecbch v\u1ee5: B\u1ea3o h\u00e0nh \u0111\u1ebfn 2\u00a0n\u0103m, s\u1ed1 l\u01b0\u1ee3ng ng\u01b0\u1eddi d\u00f9ng x\u1ebfp trong top 3 t\u1ea1i th\u1ecb tr\u01b0\u1eddng M\u1ef9.<\/p>\n<p><strong>Tr\u1ecdn b\u1ed9 camera IP Ebitcam E2 bao\u00a0g\u1ed3m:<\/strong><br \/>\n\u221a 1x camera IP 720P E2<br \/>\n\u221a 1x Adapter<br \/>\n\u221a C\u00e1p USB 1x<br \/>\n\u221a 1x C\u00e1p m\u1ea1ng<br \/>\n\u221a 1x H\u01b0\u1edbng d\u1eabn C\u00e0i \u0111\u1eb7t Nhanh.<\/p>\n<h3><strong>Th\u00f4ng s\u1ed1 k\u1ef9 thu\u1eadt camera\u00a0IP Wifi 1MP Ebitcam E2<\/strong><\/h3>\n<p>\u2013 Chu\u1ea9n n\u00e9n\u00a0\u1ea3nh: H.264.<br \/>\n\u2013 C\u1ea3m bi\u1ebfn \u1ea3nh: 1\/4 \u201ccolor CMOS sensor.<br \/>\n\u2013 \u0110\u1ed9 ph\u00e2n gi\u1ea3i: 1MP\u00a0(HD 1280*720).<br \/>\n\u2013 Image frame rate: 25fps.<br \/>\n\u2013 \u0110\u1ed9 nh\u1ea1y s\u00e1ng\u00a0t\u1ed1i thi\u1ec3u: 0.1Lux\uff08IR LED OFF).<br \/>\n\u2013 \u1ed0ng k\u00ednh: 3.6mm, quan s\u00e1t xa 10m.<br \/>\n\u2013 Visual angle H\uff1a60.5\u00b0; V\uff1a34\u00b0; D\uff1a70\u00b0.<br \/>\n\u2013 Input\/output: Built-in microphone and speaker.<br \/>\n\u2013 Audio compression: AAC.<br \/>\n\u2013 Image adjustment: Brightness, Contrast, Saturation, Sharpness, White balance, BLC Automatically.<br \/>\n\u2013 Night vision: 6 infrared light (wavelength 850nM).<br \/>\n\u2013\u00a0Wireless networks WIFI(IEEE802.12b\/g\/n),internal antenna.<br \/>\n\u2013 Ethernet 10\/100Mbps.<br \/>\n\u2013 IP address Static: IP address and dynamic IP address.<br \/>\n\u2013 Pan&amp;Tilt Horizontal: 350\u00b0&amp; Vertical: 90\u00b0.<br \/>\n\u2013 Ph\u00e1t hi\u1ec7n chuy\u1ec3n \u0111\u1ed9ng\/\u00a0B\u00e1o \u0111\u1ed9ng li\u00ean k\u1ebft: \u1ea2nh, b\u1ea3n ghi b\u1eb1ng \u00e2m thanh ho\u1eb7c\u00a0video \/\u00a0Th\u00f4ng b\u00e1o c\u1ea3nh b\u00e1o: Th\u00f4ng b\u00e1o \u0111\u1ea9y \u1ee9ng d\u1ee5ng th\u1eddi gian th\u1ef1c.<br \/>\n\u2013 H\u1ed7 tr\u1ee3 th\u1ebb nh\u1edb Micro SD (Dung l\u01b0\u1ee3ng t\u1ed1i \u0111a\u00a064GB), cloud box, cloud storage.<br \/>\n\u2013\u00a0Network interface RJ45.<br \/>\n\u2013 Lighting frequency: 50Hz, 60Hz.<br \/>\n\u2013 Ngu\u1ed3n c\u1ea5p:\u00a01DC 5V \/ 2.0 A,USB interface, power consumption &lt;7W.<br \/>\n\u2013 K\u00edch th\u01b0\u1edbc:\u00a085(L)X85(W)x120(H)mm.<br \/>\n\u2013 Xu\u1ea5t x\u1ee9: Trung Qu\u1ed1c.<br \/>\n\u2013 B\u1ea3o h\u00e0nh: 24 th\u00e1ng.<\/p>","protected":false},"excerpt":{"rendered":"<p>\u2013 Chu\u1ea9n n\u00e9n \u1ea3nh: H.264<br \/>\n\u2013 C\u1ea3m bi\u1ebfn \u1ea3nh: 1\/4 \u201ccolor CMOS sensor<br \/>\n\u2013 \u0110\u1ed9 ph\u00e2n gi\u1ea3i: 1MP (HD 1280*720)<br \/>\n\u2013 \u1ed0ng k\u00ednh: 3.6mm, quan s\u00e1t xa 10m<br \/>\n\u2013 Ph\u00e1t hi\u1ec7n chuy\u1ec3n \u0111\u1ed9ng<br \/>\n\u2013 H\u1ed7 tr\u1ee3 th\u1ebb nh\u1edb Micro SD<\/p>","protected":false},"featured_media":3537,"comment_status":"open","ping_status":"closed","template":"","meta":{"_acf_changed":false},"product_cat":[377,380],"product_tag":[408],"class_list":{"0":"post-3536","1":"product","2":"type-product","3":"status-publish","4":"has-post-thumbnail","6":"product_cat-camera","7":"product_cat-camera-wifi","8":"product_tag-camera","10":"first","11":"outofstock","12":"shipping-taxable","13":"purchasable","14":"product-type-simple"},"acf":[],"yoast_head":"<!-- This site is optimized with the Yoast SEO plugin v23.8 - https:\/\/yoast.com\/wordpress\/plugins\/seo\/ -->\n<title>Camera IP Wifi 1MP EBITCAM E2 - ThanhPhat PC<\/title>\n<meta name=\"robots\" content=\"index, follow, max-snippet:-1, max-image-preview:large, max-video-preview:-1\" \/>\n<link rel=\"canonical\" href=\"https:\/\/thanhphatpc.com\/en\/camera-ip-wifi-1mp-ebitcam-e2\/\" \/>\n<meta property=\"og:locale\" content=\"en_US\" \/>\n<meta property=\"og:type\" content=\"article\" \/>\n<meta property=\"og:title\" content=\"Camera IP Wifi 1MP EBITCAM E2 - ThanhPhat PC\" \/>\n<meta property=\"og:description\" content=\"\u2013 Chu\u1ea9n n\u00e9n \u1ea3nh: H.264 \u2013 C\u1ea3m bi\u1ebfn \u1ea3nh: 1\/4 \u201ccolor CMOS sensor \u2013 \u0110\u1ed9 ph\u00e2n gi\u1ea3i: 1MP (HD 1280*720) \u2013 \u1ed0ng k\u00ednh: 3.6mm, quan s\u00e1t xa 10m \u2013 Ph\u00e1t hi\u1ec7n chuy\u1ec3n \u0111\u1ed9ng \u2013 H\u1ed7 tr\u1ee3 th\u1ebb nh\u1edb Micro SD\" \/>\n<meta property=\"og:url\" content=\"https:\/\/thanhphatpc.com\/en\/camera-ip-wifi-1mp-ebitcam-e2\/\" \/>\n<meta property=\"og:site_name\" content=\"ThanhPhat PC\" \/>\n<meta property=\"article:modified_time\" content=\"2022-09-06T09:45:19+00:00\" \/>\n<meta property=\"og:image\" content=\"https:\/\/thanhphatpc.com\/wp-content\/uploads\/2019\/09\/camera-ip-wifi-ebitcam-e2-5.jpg\" \/>\n\t<meta property=\"og:image:width\" content=\"400\" \/>\n\t<meta property=\"og:image:height\" content=\"400\" \/>\n\t<meta property=\"og:image:type\" content=\"image\/jpeg\" \/>\n<meta name=\"twitter:card\" content=\"summary_large_image\" \/>\n<meta name=\"twitter:label1\" content=\"Est. reading time\" \/>\n\t<meta name=\"twitter:data1\" content=\"3 minutes\" \/>\n<script type=\"application\/ld+json\" class=\"yoast-schema-graph\">{\"@context\":\"https:\/\/schema.org\",\"@graph\":[{\"@type\":\"WebPage\",\"@id\":\"https:\/\/thanhphatpc.com\/camera-ip-wifi-1mp-ebitcam-e2\/\",\"url\":\"https:\/\/thanhphatpc.com\/camera-ip-wifi-1mp-ebitcam-e2\/\",\"name\":\"Camera IP Wifi 1MP EBITCAM E2 - ThanhPhat PC\",\"isPartOf\":{\"@id\":\"https:\/\/thanhphatpc.com\/#website\"},\"primaryImageOfPage\":{\"@id\":\"https:\/\/thanhphatpc.com\/camera-ip-wifi-1mp-ebitcam-e2\/#primaryimage\"},\"image\":{\"@id\":\"https:\/\/thanhphatpc.com\/camera-ip-wifi-1mp-ebitcam-e2\/#primaryimage\"},\"thumbnailUrl\":\"https:\/\/thanhphatpc.com\/wp-content\/uploads\/2019\/09\/camera-ip-wifi-ebitcam-e2-5.jpg\",\"datePublished\":\"2019-09-30T06:40:32+00:00\",\"dateModified\":\"2022-09-06T09:45:19+00:00\",\"breadcrumb\":{\"@id\":\"https:\/\/thanhphatpc.com\/camera-ip-wifi-1mp-ebitcam-e2\/#breadcrumb\"},\"inLanguage\":\"en-US\",\"potentialAction\":[{\"@type\":\"ReadAction\",\"target\":[\"https:\/\/thanhphatpc.com\/camera-ip-wifi-1mp-ebitcam-e2\/\"]}]},{\"@type\":\"ImageObject\",\"inLanguage\":\"en-US\",\"@id\":\"https:\/\/thanhphatpc.com\/camera-ip-wifi-1mp-ebitcam-e2\/#primaryimage\",\"url\":\"https:\/\/thanhphatpc.com\/wp-content\/uploads\/2019\/09\/camera-ip-wifi-ebitcam-e2-5.jpg\",\"contentUrl\":\"https:\/\/thanhphatpc.com\/wp-content\/uploads\/2019\/09\/camera-ip-wifi-ebitcam-e2-5.jpg\",\"width\":400,\"height\":400},{\"@type\":\"BreadcrumbList\",\"@id\":\"https:\/\/thanhphatpc.com\/camera-ip-wifi-1mp-ebitcam-e2\/#breadcrumb\",\"itemListElement\":[{\"@type\":\"ListItem\",\"position\":1,\"name\":\"Trang ch\u1ee7\",\"item\":\"https:\/\/thanhphatpc.com\/\"},{\"@type\":\"ListItem\",\"position\":2,\"name\":\"C\u1eeda h\u00e0ng\",\"item\":\"https:\/\/thanhphatpc.com\/cua-hang\/\"},{\"@type\":\"ListItem\",\"position\":3,\"name\":\"Camera IP Wifi 1MP EBITCAM E2\"}]},{\"@type\":\"WebSite\",\"@id\":\"https:\/\/thanhphatpc.com\/#website\",\"url\":\"https:\/\/thanhphatpc.com\/\",\"name\":\"ThanhPhat PC\",\"description\":\"D\u1ecbch v\u1ee5 ho\u00e0n h\u1ea3o\",\"potentialAction\":[{\"@type\":\"SearchAction\",\"target\":{\"@type\":\"EntryPoint\",\"urlTemplate\":\"https:\/\/thanhphatpc.com\/?s={search_term_string}\"},\"query-input\":{\"@type\":\"PropertyValueSpecification\",\"valueRequired\":true,\"valueName\":\"search_term_string\"}}],\"inLanguage\":\"en-US\"}]}<\/script>\n<!-- \/ Yoast SEO plugin. -->","yoast_head_json":{"title":"Camera IP Wifi 1MP EBITCAM E2 - ThanhPhat PC","robots":{"index":"index","follow":"follow","max-snippet":"max-snippet:-1","max-image-preview":"max-image-preview:large","max-video-preview":"max-video-preview:-1"},"canonical":"https:\/\/thanhphatpc.com\/en\/camera-ip-wifi-1mp-ebitcam-e2\/","og_locale":"en_US","og_type":"article","og_title":"Camera IP Wifi 1MP EBITCAM E2 - ThanhPhat PC","og_description":"\u2013 Chu\u1ea9n n\u00e9n \u1ea3nh: H.264 \u2013 C\u1ea3m bi\u1ebfn \u1ea3nh: 1\/4 \u201ccolor CMOS sensor \u2013 \u0110\u1ed9 ph\u00e2n gi\u1ea3i: 1MP (HD 1280*720) \u2013 \u1ed0ng k\u00ednh: 3.6mm, quan s\u00e1t xa 10m \u2013 Ph\u00e1t hi\u1ec7n chuy\u1ec3n \u0111\u1ed9ng \u2013 H\u1ed7 tr\u1ee3 th\u1ebb nh\u1edb Micro SD","og_url":"https:\/\/thanhphatpc.com\/en\/camera-ip-wifi-1mp-ebitcam-e2\/","og_site_name":"ThanhPhat PC","article_modified_time":"2022-09-06T09:45:19+00:00","og_image":[{"width":400,"height":400,"url":"https:\/\/thanhphatpc.com\/wp-content\/uploads\/2019\/09\/camera-ip-wifi-ebitcam-e2-5.jpg","type":"image\/jpeg"}],"twitter_card":"summary_large_image","twitter_misc":{"Est. reading time":"3 minutes"},"schema":{"@context":"https:\/\/schema.org","@graph":[{"@type":"WebPage","@id":"https:\/\/thanhphatpc.com\/camera-ip-wifi-1mp-ebitcam-e2\/","url":"https:\/\/thanhphatpc.com\/camera-ip-wifi-1mp-ebitcam-e2\/","name":"Camera IP Wifi 1MP EBITCAM E2 - ThanhPhat PC","isPartOf":{"@id":"https:\/\/thanhphatpc.com\/#website"},"primaryImageOfPage":{"@id":"https:\/\/thanhphatpc.com\/camera-ip-wifi-1mp-ebitcam-e2\/#primaryimage"},"image":{"@id":"https:\/\/thanhphatpc.com\/camera-ip-wifi-1mp-ebitcam-e2\/#primaryimage"},"thumbnailUrl":"https:\/\/thanhphatpc.com\/wp-content\/uploads\/2019\/09\/camera-ip-wifi-ebitcam-e2-5.jpg","datePublished":"2019-09-30T06:40:32+00:00","dateModified":"2022-09-06T09:45:19+00:00","breadcrumb":{"@id":"https:\/\/thanhphatpc.com\/camera-ip-wifi-1mp-ebitcam-e2\/#breadcrumb"},"inLanguage":"en-US","potentialAction":[{"@type":"ReadAction","target":["https:\/\/thanhphatpc.com\/camera-ip-wifi-1mp-ebitcam-e2\/"]}]},{"@type":"ImageObject","inLanguage":"en-US","@id":"https:\/\/thanhphatpc.com\/camera-ip-wifi-1mp-ebitcam-e2\/#primaryimage","url":"https:\/\/thanhphatpc.com\/wp-content\/uploads\/2019\/09\/camera-ip-wifi-ebitcam-e2-5.jpg","contentUrl":"https:\/\/thanhphatpc.com\/wp-content\/uploads\/2019\/09\/camera-ip-wifi-ebitcam-e2-5.jpg","width":400,"height":400},{"@type":"BreadcrumbList","@id":"https:\/\/thanhphatpc.com\/camera-ip-wifi-1mp-ebitcam-e2\/#breadcrumb","itemListElement":[{"@type":"ListItem","position":1,"name":"Trang ch\u1ee7","item":"https:\/\/thanhphatpc.com\/"},{"@type":"ListItem","position":2,"name":"C\u1eeda h\u00e0ng","item":"https:\/\/thanhphatpc.com\/cua-hang\/"},{"@type":"ListItem","position":3,"name":"Camera IP Wifi 1MP EBITCAM E2"}]},{"@type":"WebSite","@id":"https:\/\/thanhphatpc.com\/#website","url":"https:\/\/thanhphatpc.com\/","name":"ThanhPhat PC","description":"D\u1ecbch v\u1ee5 ho\u00e0n h\u1ea3o","potentialAction":[{"@type":"SearchAction","target":{"@type":"EntryPoint","urlTemplate":"https:\/\/thanhphatpc.com\/?s={search_term_string}"},"query-input":{"@type":"PropertyValueSpecification","valueRequired":true,"valueName":"search_term_string"}}],"inLanguage":"en-US"}]}},"_links":{"self":[{"href":"https:\/\/thanhphatpc.com\/en\/wp-json\/wp\/v2\/product\/3536","targetHints":{"allow":["GET"]}}],"collection":[{"href":"https:\/\/thanhphatpc.com\/en\/wp-json\/wp\/v2\/product"}],"about":[{"href":"https:\/\/thanhphatpc.com\/en\/wp-json\/wp\/v2\/types\/product"}],"replies":[{"embeddable":true,"href":"https:\/\/thanhphatpc.com\/en\/wp-json\/wp\/v2\/comments?post=3536"}],"wp:featuredmedia":[{"embeddable":true,"href":"https:\/\/thanhphatpc.com\/en\/wp-json\/wp\/v2\/media\/3537"}],"wp:attachment":[{"href":"https:\/\/thanhphatpc.com\/en\/wp-json\/wp\/v2\/media?parent=3536"}],"wp:term":[{"taxonomy":"product_cat","embeddable":true,"href":"https:\/\/thanhphatpc.com\/en\/wp-json\/wp\/v2\/product_cat?post=3536"},{"taxonomy":"product_tag","embeddable":true,"href":"https:\/\/thanhphatpc.com\/en\/wp-json\/wp\/v2\/product_tag?post=3536"}],"curies":[{"name":"wp","href":"https:\/\/api.w.org\/{rel}","templated":true}]}}