{"id":3538,"date":"2019-09-30T13:46:37","date_gmt":"2019-09-30T06:46:37","guid":{"rendered":"https:\/\/thanhphatpc.com\/?post_type=product&#038;p=3538"},"modified":"2019-09-30T13:46:37","modified_gmt":"2019-09-30T06:46:37","slug":"camera-ip-wifi-2-0mp-kbone-kn-h21w","status":"publish","type":"product","link":"https:\/\/thanhphatpc.com\/en\/camera-ip-wifi-2-0mp-kbone-kn-h21w\/","title":{"rendered":"Camera IP Wifi 2.0MP KBONE KN-H21W"},"content":{"rendered":"<table style=\"height: 371px;\" width=\"819\">\n<tbody>\n<tr>\n<td width=\"422\">\u2022 \u0110\u1ed9 ph\u00e2n gi\u1ea3i 2 MPixel c\u1ea3m bi\u1ebfn CMOS k\u00edch th\u01b0\u1edbc 1\/2.7\u201d, 25\/30fps@2.0M(1920\u00d71080)<br \/>\n\u2022 \u1ed0ng k\u00ednh c\u1ed1 \u0111\u1ecbnh 2,8mm cho g\u00f3c nh\u00ecn 112\u00b0(H), 58\u00b0(V), 131\u00b0(D)<br \/>\n\u2022 Chu\u1ea9n n\u00e9n H.265, \u0111\u1ed9 nh\u1ea1y s\u00e1ng t\u1ed1i thi\u1ec3u 1.96lux\/F1.2(color),0lux\/F1.2(IR on), ch\u1ebf \u0111\u1ed9 ng\u00e0y \u0111\u00eam(ICR), ch\u1ed1ng ng\u01b0\u1ee3c s\u00e1ng DWDR, t\u1ef1 \u0111\u1ed9ng c\u00e2n b\u1eb1ng tr\u1eafng (AWB), t\u1ef1 \u0111\u1ed9ng b\u00f9 s\u00e1ng (AGC), ch\u1ed1ng ng\u01b0\u1ee3c s\u00e1ng(BLC), Ch\u1ed1ng nhi\u1ec5u (3D-DNR) ,<br \/>\n\u2022 T\u1ea7m xa h\u1ed3ng ngo\u1ea1i 10m v\u1edbi c\u00f4ng ngh\u1ec7 h\u1ed3ng ngo\u1ea1i th\u00f4ng minh.<br \/>\n\u2022 T\u00edch h\u1ee3p c\u00f2i b\u00e1o \u0111\u1ed9ng.<br \/>\n\u2022 H\u1ed7 tr\u1ee3 \u0111\u00e0m tho\u1ea1i 2 chi\u1ec1u (Full-duplex)<br \/>\n\u2022 h\u1ed7 tr\u1ee3 c\u00e1c t\u00ednh n\u0103ng th\u00f4ng minh nh\u01b0 ph\u00e1t hi\u1ec7n con ng\u01b0\u1eddi, ph\u00e1t hi\u1ec7n chuy\u1ec3n \u0111\u1ed9ng, ph\u00e1t hi\u1ec7n \u00e2m thanh b\u1ea5t th\u01b0\u1eddng.<br \/>\n\u2022 h\u1ed7 tr\u1ee3 khe c\u1eafm th\u1ebb nh\u1edb Micro SD l\u00ean \u0111\u1ebfn 256GB, ONVIF, loud, t\u00edch h\u1ee3p Wi-Fi(IEEE802.11b\/g\/n)<br \/>\n\u2022 Ngu\u1ed3n c\u1ea5p: \u0111i\u1ec7n \u00e1p DC5V1A , c\u00f4ng su\u1ea5t &lt;3,1W,<br \/>\n\u2022 ch\u1ea5t li\u1ec7u v\u1ecf plastic.<\/td>\n<\/tr>\n<\/tbody>\n<\/table>","protected":false},"excerpt":{"rendered":"<p>\u2013 Camera IP kh\u00f4ng d\u00e2y d\u00f9ng cho gia \u0111\u00ecnh, ch\u1ea5t li\u1ec7u v\u1ecf plastic<br \/>\n\u2013 \u0110\u1ed9 ph\u00e2n gi\u1ea3i 1\/2.7\u201d, 25\/30fps@2.0M(1920\u00d71080)<br \/>\n\u2013 Chu\u1ea9n n\u00e9n H.265<br \/>\n\u2013 \u1ed0ng k\u00ednh c\u1ed1 \u0111\u1ecbnh 2,8mm, T\u1ea7m xa h\u1ed3ng ngo\u1ea1i 10m<br \/>\n\u2013 T\u00edch h\u1ee3p m\u00edc v\u00e0 loa, h\u1ed7 tr\u1ee3 khe c\u1eafm th\u1ebb nh\u1edb Micro SD, Max 256GB<br \/>\n\u2013 T\u00edch h\u1ee3p c\u00f2i b\u00e1o \u0111\u1ed9ng c\u00f9ng t\u00ednh n\u0103ng Human detection<br \/>\n\u2013 Chu\u1ea9n t\u01b0\u01a1ng th\u00edch ONVIF<\/p>","protected":false},"featured_media":3539,"comment_status":"open","ping_status":"closed","template":"","meta":{"_acf_changed":false},"product_cat":[377,409],"product_tag":[408],"class_list":{"0":"post-3538","1":"product","2":"type-product","3":"status-publish","4":"has-post-thumbnail","6":"product_cat-camera","7":"product_cat-kbvision","8":"product_tag-camera","10":"first","11":"instock","12":"shipping-taxable","13":"purchasable","14":"product-type-simple"},"acf":[],"yoast_head":"<!-- This site is optimized with the Yoast SEO plugin v23.8 - https:\/\/yoast.com\/wordpress\/plugins\/seo\/ -->\n<title>Camera IP Wifi 2.0MP KBONE KN-H21W - ThanhPhat PC<\/title>\n<meta name=\"robots\" content=\"index, follow, max-snippet:-1, max-image-preview:large, max-video-preview:-1\" \/>\n<link rel=\"canonical\" href=\"https:\/\/thanhphatpc.com\/en\/camera-ip-wifi-2-0mp-kbone-kn-h21w\/\" \/>\n<meta property=\"og:locale\" content=\"en_US\" \/>\n<meta property=\"og:type\" content=\"article\" \/>\n<meta property=\"og:title\" content=\"Camera IP Wifi 2.0MP KBONE KN-H21W - ThanhPhat PC\" \/>\n<meta property=\"og:description\" content=\"\u2013 Camera IP kh\u00f4ng d\u00e2y d\u00f9ng cho gia \u0111\u00ecnh, ch\u1ea5t li\u1ec7u v\u1ecf plastic \u2013 \u0110\u1ed9 ph\u00e2n gi\u1ea3i 1\/2.7\u201d, 25\/30fps@2.0M(1920\u00d71080) \u2013 Chu\u1ea9n n\u00e9n H.265 \u2013 \u1ed0ng k\u00ednh c\u1ed1 \u0111\u1ecbnh 2,8mm, T\u1ea7m xa h\u1ed3ng ngo\u1ea1i 10m \u2013 T\u00edch h\u1ee3p m\u00edc v\u00e0 loa, h\u1ed7 tr\u1ee3 khe c\u1eafm th\u1ebb nh\u1edb Micro SD, Max 256GB \u2013 T\u00edch h\u1ee3p c\u00f2i b\u00e1o \u0111\u1ed9ng c\u00f9ng t\u00ednh n\u0103ng Human detection \u2013 Chu\u1ea9n t\u01b0\u01a1ng th\u00edch ONVIF\" \/>\n<meta property=\"og:url\" content=\"https:\/\/thanhphatpc.com\/en\/camera-ip-wifi-2-0mp-kbone-kn-h21w\/\" \/>\n<meta property=\"og:site_name\" content=\"ThanhPhat PC\" \/>\n<meta property=\"og:image\" content=\"https:\/\/thanhphatpc.com\/wp-content\/uploads\/2019\/09\/KBVISION-KN-H21W-2.jpg\" \/>\n\t<meta property=\"og:image:width\" content=\"700\" \/>\n\t<meta property=\"og:image:height\" content=\"700\" \/>\n\t<meta property=\"og:image:type\" content=\"image\/jpeg\" \/>\n<meta name=\"twitter:card\" content=\"summary_large_image\" \/>\n<meta name=\"twitter:label1\" content=\"Est. reading time\" \/>\n\t<meta name=\"twitter:data1\" content=\"1 minute\" \/>\n<script type=\"application\/ld+json\" class=\"yoast-schema-graph\">{\"@context\":\"https:\/\/schema.org\",\"@graph\":[{\"@type\":\"WebPage\",\"@id\":\"https:\/\/thanhphatpc.com\/camera-ip-wifi-2-0mp-kbone-kn-h21w\/\",\"url\":\"https:\/\/thanhphatpc.com\/camera-ip-wifi-2-0mp-kbone-kn-h21w\/\",\"name\":\"Camera IP Wifi 2.0MP KBONE KN-H21W - ThanhPhat PC\",\"isPartOf\":{\"@id\":\"https:\/\/thanhphatpc.com\/#website\"},\"primaryImageOfPage\":{\"@id\":\"https:\/\/thanhphatpc.com\/camera-ip-wifi-2-0mp-kbone-kn-h21w\/#primaryimage\"},\"image\":{\"@id\":\"https:\/\/thanhphatpc.com\/camera-ip-wifi-2-0mp-kbone-kn-h21w\/#primaryimage\"},\"thumbnailUrl\":\"https:\/\/thanhphatpc.com\/wp-content\/uploads\/2019\/09\/KBVISION-KN-H21W-2.jpg\",\"datePublished\":\"2019-09-30T06:46:37+00:00\",\"dateModified\":\"2019-09-30T06:46:37+00:00\",\"breadcrumb\":{\"@id\":\"https:\/\/thanhphatpc.com\/camera-ip-wifi-2-0mp-kbone-kn-h21w\/#breadcrumb\"},\"inLanguage\":\"en-US\",\"potentialAction\":[{\"@type\":\"ReadAction\",\"target\":[\"https:\/\/thanhphatpc.com\/camera-ip-wifi-2-0mp-kbone-kn-h21w\/\"]}]},{\"@type\":\"ImageObject\",\"inLanguage\":\"en-US\",\"@id\":\"https:\/\/thanhphatpc.com\/camera-ip-wifi-2-0mp-kbone-kn-h21w\/#primaryimage\",\"url\":\"https:\/\/thanhphatpc.com\/wp-content\/uploads\/2019\/09\/KBVISION-KN-H21W-2.jpg\",\"contentUrl\":\"https:\/\/thanhphatpc.com\/wp-content\/uploads\/2019\/09\/KBVISION-KN-H21W-2.jpg\",\"width\":700,\"height\":700},{\"@type\":\"BreadcrumbList\",\"@id\":\"https:\/\/thanhphatpc.com\/camera-ip-wifi-2-0mp-kbone-kn-h21w\/#breadcrumb\",\"itemListElement\":[{\"@type\":\"ListItem\",\"position\":1,\"name\":\"Trang ch\u1ee7\",\"item\":\"https:\/\/thanhphatpc.com\/\"},{\"@type\":\"ListItem\",\"position\":2,\"name\":\"C\u1eeda h\u00e0ng\",\"item\":\"https:\/\/thanhphatpc.com\/cua-hang\/\"},{\"@type\":\"ListItem\",\"position\":3,\"name\":\"Camera IP Wifi 2.0MP KBONE KN-H21W\"}]},{\"@type\":\"WebSite\",\"@id\":\"https:\/\/thanhphatpc.com\/#website\",\"url\":\"https:\/\/thanhphatpc.com\/\",\"name\":\"ThanhPhat PC\",\"description\":\"D\u1ecbch v\u1ee5 ho\u00e0n h\u1ea3o\",\"potentialAction\":[{\"@type\":\"SearchAction\",\"target\":{\"@type\":\"EntryPoint\",\"urlTemplate\":\"https:\/\/thanhphatpc.com\/?s={search_term_string}\"},\"query-input\":{\"@type\":\"PropertyValueSpecification\",\"valueRequired\":true,\"valueName\":\"search_term_string\"}}],\"inLanguage\":\"en-US\"}]}<\/script>\n<!-- \/ Yoast SEO plugin. -->","yoast_head_json":{"title":"Camera IP Wifi 2.0MP KBONE KN-H21W - ThanhPhat PC","robots":{"index":"index","follow":"follow","max-snippet":"max-snippet:-1","max-image-preview":"max-image-preview:large","max-video-preview":"max-video-preview:-1"},"canonical":"https:\/\/thanhphatpc.com\/en\/camera-ip-wifi-2-0mp-kbone-kn-h21w\/","og_locale":"en_US","og_type":"article","og_title":"Camera IP Wifi 2.0MP KBONE KN-H21W - ThanhPhat PC","og_description":"\u2013 Camera IP kh\u00f4ng d\u00e2y d\u00f9ng cho gia \u0111\u00ecnh, ch\u1ea5t li\u1ec7u v\u1ecf plastic \u2013 \u0110\u1ed9 ph\u00e2n gi\u1ea3i 1\/2.7\u201d, 25\/30fps@2.0M(1920\u00d71080) \u2013 Chu\u1ea9n n\u00e9n H.265 \u2013 \u1ed0ng k\u00ednh c\u1ed1 \u0111\u1ecbnh 2,8mm, T\u1ea7m xa h\u1ed3ng ngo\u1ea1i 10m \u2013 T\u00edch h\u1ee3p m\u00edc v\u00e0 loa, h\u1ed7 tr\u1ee3 khe c\u1eafm th\u1ebb nh\u1edb Micro SD, Max 256GB \u2013 T\u00edch h\u1ee3p c\u00f2i b\u00e1o \u0111\u1ed9ng c\u00f9ng t\u00ednh n\u0103ng Human detection \u2013 Chu\u1ea9n t\u01b0\u01a1ng th\u00edch ONVIF","og_url":"https:\/\/thanhphatpc.com\/en\/camera-ip-wifi-2-0mp-kbone-kn-h21w\/","og_site_name":"ThanhPhat PC","og_image":[{"width":700,"height":700,"url":"https:\/\/thanhphatpc.com\/wp-content\/uploads\/2019\/09\/KBVISION-KN-H21W-2.jpg","type":"image\/jpeg"}],"twitter_card":"summary_large_image","twitter_misc":{"Est. reading time":"1 minute"},"schema":{"@context":"https:\/\/schema.org","@graph":[{"@type":"WebPage","@id":"https:\/\/thanhphatpc.com\/camera-ip-wifi-2-0mp-kbone-kn-h21w\/","url":"https:\/\/thanhphatpc.com\/camera-ip-wifi-2-0mp-kbone-kn-h21w\/","name":"Camera IP Wifi 2.0MP KBONE KN-H21W - ThanhPhat PC","isPartOf":{"@id":"https:\/\/thanhphatpc.com\/#website"},"primaryImageOfPage":{"@id":"https:\/\/thanhphatpc.com\/camera-ip-wifi-2-0mp-kbone-kn-h21w\/#primaryimage"},"image":{"@id":"https:\/\/thanhphatpc.com\/camera-ip-wifi-2-0mp-kbone-kn-h21w\/#primaryimage"},"thumbnailUrl":"https:\/\/thanhphatpc.com\/wp-content\/uploads\/2019\/09\/KBVISION-KN-H21W-2.jpg","datePublished":"2019-09-30T06:46:37+00:00","dateModified":"2019-09-30T06:46:37+00:00","breadcrumb":{"@id":"https:\/\/thanhphatpc.com\/camera-ip-wifi-2-0mp-kbone-kn-h21w\/#breadcrumb"},"inLanguage":"en-US","potentialAction":[{"@type":"ReadAction","target":["https:\/\/thanhphatpc.com\/camera-ip-wifi-2-0mp-kbone-kn-h21w\/"]}]},{"@type":"ImageObject","inLanguage":"en-US","@id":"https:\/\/thanhphatpc.com\/camera-ip-wifi-2-0mp-kbone-kn-h21w\/#primaryimage","url":"https:\/\/thanhphatpc.com\/wp-content\/uploads\/2019\/09\/KBVISION-KN-H21W-2.jpg","contentUrl":"https:\/\/thanhphatpc.com\/wp-content\/uploads\/2019\/09\/KBVISION-KN-H21W-2.jpg","width":700,"height":700},{"@type":"BreadcrumbList","@id":"https:\/\/thanhphatpc.com\/camera-ip-wifi-2-0mp-kbone-kn-h21w\/#breadcrumb","itemListElement":[{"@type":"ListItem","position":1,"name":"Trang ch\u1ee7","item":"https:\/\/thanhphatpc.com\/"},{"@type":"ListItem","position":2,"name":"C\u1eeda h\u00e0ng","item":"https:\/\/thanhphatpc.com\/cua-hang\/"},{"@type":"ListItem","position":3,"name":"Camera IP Wifi 2.0MP KBONE KN-H21W"}]},{"@type":"WebSite","@id":"https:\/\/thanhphatpc.com\/#website","url":"https:\/\/thanhphatpc.com\/","name":"ThanhPhat PC","description":"D\u1ecbch v\u1ee5 ho\u00e0n h\u1ea3o","potentialAction":[{"@type":"SearchAction","target":{"@type":"EntryPoint","urlTemplate":"https:\/\/thanhphatpc.com\/?s={search_term_string}"},"query-input":{"@type":"PropertyValueSpecification","valueRequired":true,"valueName":"search_term_string"}}],"inLanguage":"en-US"}]}},"_links":{"self":[{"href":"https:\/\/thanhphatpc.com\/en\/wp-json\/wp\/v2\/product\/3538","targetHints":{"allow":["GET"]}}],"collection":[{"href":"https:\/\/thanhphatpc.com\/en\/wp-json\/wp\/v2\/product"}],"about":[{"href":"https:\/\/thanhphatpc.com\/en\/wp-json\/wp\/v2\/types\/product"}],"replies":[{"embeddable":true,"href":"https:\/\/thanhphatpc.com\/en\/wp-json\/wp\/v2\/comments?post=3538"}],"wp:featuredmedia":[{"embeddable":true,"href":"https:\/\/thanhphatpc.com\/en\/wp-json\/wp\/v2\/media\/3539"}],"wp:attachment":[{"href":"https:\/\/thanhphatpc.com\/en\/wp-json\/wp\/v2\/media?parent=3538"}],"wp:term":[{"taxonomy":"product_cat","embeddable":true,"href":"https:\/\/thanhphatpc.com\/en\/wp-json\/wp\/v2\/product_cat?post=3538"},{"taxonomy":"product_tag","embeddable":true,"href":"https:\/\/thanhphatpc.com\/en\/wp-json\/wp\/v2\/product_tag?post=3538"}],"curies":[{"name":"wp","href":"https:\/\/api.w.org\/{rel}","templated":true}]}}