{"id":3540,"date":"2019-09-30T13:50:27","date_gmt":"2019-09-30T06:50:27","guid":{"rendered":"https:\/\/thanhphatpc.com\/?post_type=product&#038;p=3540"},"modified":"2021-10-12T14:08:19","modified_gmt":"2021-10-12T07:08:19","slug":"man-hinh-lg-20mk400-ket-noi-vga-hdmi-dsub-headphone-out","status":"publish","type":"product","link":"https:\/\/thanhphatpc.com\/en\/man-hinh-lg-20mk400-ket-noi-vga-hdmi-dsub-headphone-out\/","title":{"rendered":"M\u00e0n hinh LG 20MK400( k\u1ebft n\u1ed1i VGA\/ HDMI\/ Dsub\/ Headphone Out )"},"content":{"rendered":"<h2><strong>M\u00e0n h\u00ecnh LG 20MK400H-B\u2013 20\u2033\/HDMI\/VGA<\/strong><\/h2>\n<p>&nbsp;<\/p>\n<p>B\u1ea1n mong mu\u1ed1n c\u00f3 m\u1ed9t chi\u1ebfc m\u00e0n h\u00ecnh nh\u1ecf nh\u1eafn v\u1edbi m\u1ee9c gi\u00e1 h\u1ea1t d\u1ebb nh\u01b0ng v\u1eabn \u0111\u00e1p \u1ee9ng \u0111\u01b0\u1ee3c c\u00e1c nhu c\u1ea7u c\u1ea7n thi\u1ebft cho c\u00f4ng vi\u1ec7c. Ma\u0300n hi\u0300nh LG 20MK400H-B 19.5Inch LED l\u00e0 gi\u1ea3i ph\u00e1p t\u1ed1i \u01b0u \u0111\u01b0\u1ee3c trang b\u1ecb ch\u1ee9c n\u0103ng b\u1ea3o v\u1ec7 \u0111\u00f4i m\u1eaft, r\u1ea5t ph\u00f9 h\u1ee3p v\u1edbi \u0111\u00f4ng \u0111\u1ea3o ng\u01b0\u1eddi d\u00f9ng.<\/p>\n<p><img loading=\"lazy\" decoding=\"async\" class=\"aligncenter\" src=\"https:\/\/maytinhvietphong.vn\/media\/lib\/5331_man-hinh-lg-20mk400-20hdmivga.jpg\" alt=\"M\u00e0n h\u00ecnh LG 20MK400H-B\u2013 20\u2033\/HDMI\/VGA\" width=\"600\" height=\"312\" \/><\/p>\n<p>Ma\u0300n hi\u0300nh LG\u00a020MK400H-B kh\u00f4ng ch\u1ec9 ph\u00f9 h\u1ee3p v\u1edbi m\u00f4i tr\u01b0\u1eddng v\u0103n ph\u00f2ng m\u00e0 c\u00f2n l\u00e0 ng\u01b0\u1eddi b\u1ea1n r\u1ea5t th\u00e2n thi\u1ec7n v\u1edbi c\u00e1c b\u00e9 nh\u1edd k\u00edch th\u01b0\u1edbc nh\u1ecf g\u1ecdn. V\u1edbi k\u00edch th\u01b0\u1edbc ch\u1ec9 19.5\u2019\u2019, \u0111\u1ed9 ph\u00e2n gi\u1ea3i 1360&#215;768, n\u1ebfu b\u1ea1n mu\u1ed1n trang b\u1ecb m\u1ed9t chi\u1ebfc m\u00e0n h\u00ecnh d\u00e0nh cho b\u00e9 y\u00eau c\u1ee7a m\u00ecnh xem c\u00e1c ch\u01b0\u01a1ng tr\u00ecnh thi\u1ebfu nhi th\u00ec LG 20MK400H-B qu\u1ea3 l\u00e0 r\u1ea5t ph\u00f9 h\u1ee3p.<\/p>\n<p><img loading=\"lazy\" decoding=\"async\" class=\"aligncenter\" src=\"https:\/\/maytinhvietphong.vn\/media\/lib\/5331_man-hinh-lg-20mk400-20hdmivga-gia-re.jpg\" alt=\"M\u00e0n h\u00ecnh LG 20MK400H-B\u2013 20\u2033\/HDMI\/VGA gi\u00e1 r\u1ebb\" width=\"600\" height=\"332\" \/><\/p>\n<p>Ngo\u00e0i ra, n\u1ebfu b\u1ea1n mu\u1ed1n \u0111\u1ea7u t\u01b0 cho ph\u00f2ng game nh\u01b0ng l\u1ea1i mu\u1ed1n h\u1ed3i v\u1ed1n nhanh v\u1eady th\u00ec m\u1ed9t chi\u1ebfc m\u00e0n h\u00ecnh nh\u1ecf s\u1ebd ho\u00e0n to\u00e0n h\u1ee3p l\u00fd.<\/p>\n<p>N\u1ebfu c\u00e1c b\u00e9 qu\u00e1 y\u00eau th\u00edch smartphone c\u1ee7a b\u1ea1n th\u00ec h\u00e3y chuy\u1ec3n h\u01b0\u1edbng sang s\u1eed d\u1ee5ng LG 20MK400H-B v\u1edbi ch\u1ebf \u0111\u1ed9 \u0111\u1ecdc s\u00e1ch gi\u1ea3m \u00e1nh s\u00e1ng xanh g\u00e2y m\u1ecfi m\u1eaft. Ch\u1ebf \u0111\u1ed9 \u0111\u1ecdc s\u00e1ch mang \u0111\u1ebfn \u0111i\u1ec1u ki\u1ec7n \u0111\u1ecdc s\u00e1ch t\u1ed1i \u01b0u. V\u1edbi \u0111i\u1ec1u khi\u1ec3n tay c\u1ea7m d\u1ec5 d\u00e0ng, b\u1ea1n c\u00f3 \u0111\u1ecdc tho\u1ea3i m\u00e1i h\u01a1n m\u00e0n h\u00ecnh c\u1ee7a b\u1ea1n.<\/p>\n<p>V\u1edbi m\u1ee9c gi\u00e1 ch\u1ec9 2.050.000 l\u1ea1i ph\u00f9 h\u1ee3p v\u1edbi \u0111\u00f4ng \u0111\u1ea3o \u0111\u1ed1i t\u01b0\u1ee3ng ng\u01b0\u1eddi d\u00f9ng, LG 20MK400H-B l\u00e0 s\u1ef1 l\u1ef1a ch\u1ecdn ho\u00e0n h\u1ea3o d\u00e0nh cho nh\u1eefng kh\u00e1ch h\u00e0ng c\u00f3 t\u00fai ti\u1ec1n \u00edt \u1ecfi.<\/p>\n<p><img loading=\"lazy\" decoding=\"async\" class=\"aligncenter\" src=\"https:\/\/maytinhvietphong.vn\/media\/lib\/5331_man-hinh-lg-20mk400-20hdmivga-gia-tot.jpg\" alt=\"M\u00e0n h\u00ecnh LG 20MK400H-B\u2013 20\u2033\/HDMI\/VGA gi\u00e1 t\u1ed1t\" width=\"600\" height=\"314\" \/><\/p>\n<p>&nbsp;<\/p>\n<h3><strong>Th\u00f4ng s\u1ed1 k\u1ef9 thu\u1eadt\u00a0m\u00e0n h\u00ecnh LG 20MK400H-B\u2013 20\u2033\/HDMI\/VGA<\/strong><\/h3>\n<p>&nbsp;<\/p>\n<table border=\"1\" width=\"100%\" cellspacing=\"1\" cellpadding=\"02\">\n<tbody>\n<tr>\n<td width=\"193\">Lo\u1ea1i m\u00e0n h\u00ecnh:<\/td>\n<td width=\"224\">LED ( treo t\u01b0\u1eddng)<\/td>\n<\/tr>\n<tr>\n<td width=\"193\">K\u00edch c\u1ee1 m\u00e0n h\u00ecnh:<\/td>\n<td width=\"224\">19,5&#8243;<\/td>\n<\/tr>\n<tr>\n<td width=\"193\">Ki\u1ec3u Panel<\/td>\n<td width=\"224\">TN<\/td>\n<\/tr>\n<tr>\n<td width=\"193\">T\u1ec9 l\u1ec7 m\u00e0n h\u00ecnh:<\/td>\n<td width=\"224\">16:9<\/td>\n<\/tr>\n<tr>\n<td width=\"193\">\u0110\u1ed9 ph\u00e2n gi\u1ea3i:<\/td>\n<td width=\"224\">1366 x 768<\/td>\n<\/tr>\n<tr>\n<td width=\"193\">\u0110\u1ed9 s\u00e1ng:<\/td>\n<td width=\"224\">200 nits<\/td>\n<\/tr>\n<tr>\n<td width=\"193\">\u0110\u1ed9 t\u01b0\u01a1ng ph\u1ea3n:<\/td>\n<td width=\"224\">600:1<\/td>\n<\/tr>\n<tr>\n<td width=\"193\">Th\u1eddi gian \u0111\u00e1p \u1ee9ng<\/td>\n<td width=\"224\">2ms<\/td>\n<\/tr>\n<tr>\n<td width=\"193\">G\u00f3c nh\u00ecn<\/td>\n<td width=\"224\">90\/65<\/td>\n<\/tr>\n<tr>\n<td width=\"193\">K\u1ebft n\u1ed1i<\/td>\n<td width=\"224\">HMDI\/ Dsub\/ Headphone Out<\/td>\n<\/tr>\n<tr>\n<td width=\"193\">\u0110i\u1ec7n n\u0103ng ti\u00eau th\u1ee5<\/td>\n<td width=\"224\">13W<\/td>\n<\/tr>\n<\/tbody>\n<\/table>","protected":false},"excerpt":{"rendered":"<p class=\"text-uppercase-2 text-18 mb-1 border p-2 pb-1 bg-light\">Th\u00f4ng s\u1ed1 k\u1ef9 thu\u1eadt<\/p>\n<div class=\"product-spec\">\n<table id=\"tb-product-spec\" style=\"height: 170px\" border=\"1\" width=\"448\" cellspacing=\"0\" cellpadding=\"3\">\n<tbody>\n<tr>\n<td class=\"att-name\">Lo\u1ea1i Panel<\/td>\n<td>\n<div class=\"att-value-list\">\n<ul>\n<li>TN<\/li>\n<\/ul>\n<\/div>\n<\/td>\n<\/tr>\n<tr>\n<td class=\"att-name\">K\u00edch th\u01b0\u1edbc m\u00e0n h\u00ecnh<\/td>\n<td>\n<div class=\"att-value-list\">\n<ul>\n<li>20&#8243;<\/li>\n<\/ul>\n<\/div>\n<\/td>\n<\/tr>\n<tr>\n<td class=\"att-name\">T\u1ea7n s\u1ed1 qu\u00e9t<\/td>\n<td>\n<div class=\"att-value-list\">\n<ul>\n<li>60hz<\/li>\n<\/ul>\n<\/div>\n<\/td>\n<\/tr>\n<\/tbody>\n<\/table>\n<\/div>","protected":false},"featured_media":3541,"comment_status":"open","ping_status":"closed","template":"","meta":{"_acf_changed":false},"product_cat":[381,383,382],"product_tag":[410],"class_list":{"0":"post-3540","1":"product","2":"type-product","3":"status-publish","4":"has-post-thumbnail","6":"product_cat-linh-phu-kien","7":"product_cat-man-hinh","8":"product_cat-pc","9":"product_tag-man-hinh","11":"first","12":"instock","13":"shipping-taxable","14":"purchasable","15":"product-type-simple"},"acf":[],"yoast_head":"<!-- This site is optimized with the Yoast SEO plugin v23.8 - https:\/\/yoast.com\/wordpress\/plugins\/seo\/ -->\n<title>M\u00e0n hinh LG 20MK400( k\u1ebft n\u1ed1i VGA\/ HDMI\/ Dsub\/ Headphone Out ) - ThanhPhat PC<\/title>\n<meta name=\"robots\" content=\"index, follow, max-snippet:-1, max-image-preview:large, max-video-preview:-1\" \/>\n<link rel=\"canonical\" href=\"https:\/\/thanhphatpc.com\/en\/man-hinh-lg-20mk400-ket-noi-vga-hdmi-dsub-headphone-out\/\" \/>\n<meta property=\"og:locale\" content=\"en_US\" \/>\n<meta property=\"og:type\" content=\"article\" \/>\n<meta property=\"og:title\" content=\"M\u00e0n hinh LG 20MK400( k\u1ebft n\u1ed1i VGA\/ HDMI\/ Dsub\/ Headphone Out ) - ThanhPhat PC\" \/>\n<meta property=\"og:description\" content=\"Th\u00f4ng s\u1ed1 k\u1ef9 thu\u1eadt      Lo\u1ea1i Panel     TN     K\u00edch th\u01b0\u1edbc m\u00e0n h\u00ecnh     20&quot;     T\u1ea7n s\u1ed1 qu\u00e9t     60hz\" \/>\n<meta property=\"og:url\" content=\"https:\/\/thanhphatpc.com\/en\/man-hinh-lg-20mk400-ket-noi-vga-hdmi-dsub-headphone-out\/\" \/>\n<meta property=\"og:site_name\" content=\"ThanhPhat PC\" \/>\n<meta property=\"article:modified_time\" content=\"2021-10-12T07:08:19+00:00\" \/>\n<meta property=\"og:image\" content=\"https:\/\/thanhphatpc.com\/wp-content\/uploads\/2019\/09\/5331_man-hinh-lg-20mk400-20hdmivga.jpg\" \/>\n\t<meta property=\"og:image:width\" content=\"600\" \/>\n\t<meta property=\"og:image:height\" content=\"312\" \/>\n\t<meta property=\"og:image:type\" content=\"image\/jpeg\" \/>\n<meta name=\"twitter:card\" content=\"summary_large_image\" \/>\n<meta name=\"twitter:label1\" content=\"Est. reading time\" \/>\n\t<meta name=\"twitter:data1\" content=\"2 minutes\" \/>\n<script type=\"application\/ld+json\" class=\"yoast-schema-graph\">{\"@context\":\"https:\/\/schema.org\",\"@graph\":[{\"@type\":\"WebPage\",\"@id\":\"https:\/\/thanhphatpc.com\/man-hinh-lg-20mk400-ket-noi-vga-hdmi-dsub-headphone-out\/\",\"url\":\"https:\/\/thanhphatpc.com\/man-hinh-lg-20mk400-ket-noi-vga-hdmi-dsub-headphone-out\/\",\"name\":\"M\u00e0n hinh LG 20MK400( k\u1ebft n\u1ed1i VGA\/ HDMI\/ Dsub\/ Headphone Out ) - ThanhPhat PC\",\"isPartOf\":{\"@id\":\"https:\/\/thanhphatpc.com\/#website\"},\"primaryImageOfPage\":{\"@id\":\"https:\/\/thanhphatpc.com\/man-hinh-lg-20mk400-ket-noi-vga-hdmi-dsub-headphone-out\/#primaryimage\"},\"image\":{\"@id\":\"https:\/\/thanhphatpc.com\/man-hinh-lg-20mk400-ket-noi-vga-hdmi-dsub-headphone-out\/#primaryimage\"},\"thumbnailUrl\":\"https:\/\/thanhphatpc.com\/wp-content\/uploads\/2019\/09\/5331_man-hinh-lg-20mk400-20hdmivga.jpg\",\"datePublished\":\"2019-09-30T06:50:27+00:00\",\"dateModified\":\"2021-10-12T07:08:19+00:00\",\"breadcrumb\":{\"@id\":\"https:\/\/thanhphatpc.com\/man-hinh-lg-20mk400-ket-noi-vga-hdmi-dsub-headphone-out\/#breadcrumb\"},\"inLanguage\":\"en-US\",\"potentialAction\":[{\"@type\":\"ReadAction\",\"target\":[\"https:\/\/thanhphatpc.com\/man-hinh-lg-20mk400-ket-noi-vga-hdmi-dsub-headphone-out\/\"]}]},{\"@type\":\"ImageObject\",\"inLanguage\":\"en-US\",\"@id\":\"https:\/\/thanhphatpc.com\/man-hinh-lg-20mk400-ket-noi-vga-hdmi-dsub-headphone-out\/#primaryimage\",\"url\":\"https:\/\/thanhphatpc.com\/wp-content\/uploads\/2019\/09\/5331_man-hinh-lg-20mk400-20hdmivga.jpg\",\"contentUrl\":\"https:\/\/thanhphatpc.com\/wp-content\/uploads\/2019\/09\/5331_man-hinh-lg-20mk400-20hdmivga.jpg\",\"width\":600,\"height\":312},{\"@type\":\"BreadcrumbList\",\"@id\":\"https:\/\/thanhphatpc.com\/man-hinh-lg-20mk400-ket-noi-vga-hdmi-dsub-headphone-out\/#breadcrumb\",\"itemListElement\":[{\"@type\":\"ListItem\",\"position\":1,\"name\":\"Trang ch\u1ee7\",\"item\":\"https:\/\/thanhphatpc.com\/\"},{\"@type\":\"ListItem\",\"position\":2,\"name\":\"C\u1eeda h\u00e0ng\",\"item\":\"https:\/\/thanhphatpc.com\/cua-hang\/\"},{\"@type\":\"ListItem\",\"position\":3,\"name\":\"M\u00e0n hinh LG 20MK400( k\u1ebft n\u1ed1i VGA\/ HDMI\/ Dsub\/ Headphone Out )\"}]},{\"@type\":\"WebSite\",\"@id\":\"https:\/\/thanhphatpc.com\/#website\",\"url\":\"https:\/\/thanhphatpc.com\/\",\"name\":\"ThanhPhat PC\",\"description\":\"D\u1ecbch v\u1ee5 ho\u00e0n h\u1ea3o\",\"potentialAction\":[{\"@type\":\"SearchAction\",\"target\":{\"@type\":\"EntryPoint\",\"urlTemplate\":\"https:\/\/thanhphatpc.com\/?s={search_term_string}\"},\"query-input\":{\"@type\":\"PropertyValueSpecification\",\"valueRequired\":true,\"valueName\":\"search_term_string\"}}],\"inLanguage\":\"en-US\"}]}<\/script>\n<!-- \/ Yoast SEO plugin. -->","yoast_head_json":{"title":"M\u00e0n hinh LG 20MK400( k\u1ebft n\u1ed1i VGA\/ HDMI\/ Dsub\/ Headphone Out ) - ThanhPhat PC","robots":{"index":"index","follow":"follow","max-snippet":"max-snippet:-1","max-image-preview":"max-image-preview:large","max-video-preview":"max-video-preview:-1"},"canonical":"https:\/\/thanhphatpc.com\/en\/man-hinh-lg-20mk400-ket-noi-vga-hdmi-dsub-headphone-out\/","og_locale":"en_US","og_type":"article","og_title":"M\u00e0n hinh LG 20MK400( k\u1ebft n\u1ed1i VGA\/ HDMI\/ Dsub\/ Headphone Out ) - ThanhPhat PC","og_description":"Th\u00f4ng s\u1ed1 k\u1ef9 thu\u1eadt      Lo\u1ea1i Panel     TN     K\u00edch th\u01b0\u1edbc m\u00e0n h\u00ecnh     20\"     T\u1ea7n s\u1ed1 qu\u00e9t     60hz","og_url":"https:\/\/thanhphatpc.com\/en\/man-hinh-lg-20mk400-ket-noi-vga-hdmi-dsub-headphone-out\/","og_site_name":"ThanhPhat PC","article_modified_time":"2021-10-12T07:08:19+00:00","og_image":[{"width":600,"height":312,"url":"https:\/\/thanhphatpc.com\/wp-content\/uploads\/2019\/09\/5331_man-hinh-lg-20mk400-20hdmivga.jpg","type":"image\/jpeg"}],"twitter_card":"summary_large_image","twitter_misc":{"Est. reading time":"2 minutes"},"schema":{"@context":"https:\/\/schema.org","@graph":[{"@type":"WebPage","@id":"https:\/\/thanhphatpc.com\/man-hinh-lg-20mk400-ket-noi-vga-hdmi-dsub-headphone-out\/","url":"https:\/\/thanhphatpc.com\/man-hinh-lg-20mk400-ket-noi-vga-hdmi-dsub-headphone-out\/","name":"M\u00e0n hinh LG 20MK400( k\u1ebft n\u1ed1i VGA\/ HDMI\/ Dsub\/ Headphone Out ) - ThanhPhat PC","isPartOf":{"@id":"https:\/\/thanhphatpc.com\/#website"},"primaryImageOfPage":{"@id":"https:\/\/thanhphatpc.com\/man-hinh-lg-20mk400-ket-noi-vga-hdmi-dsub-headphone-out\/#primaryimage"},"image":{"@id":"https:\/\/thanhphatpc.com\/man-hinh-lg-20mk400-ket-noi-vga-hdmi-dsub-headphone-out\/#primaryimage"},"thumbnailUrl":"https:\/\/thanhphatpc.com\/wp-content\/uploads\/2019\/09\/5331_man-hinh-lg-20mk400-20hdmivga.jpg","datePublished":"2019-09-30T06:50:27+00:00","dateModified":"2021-10-12T07:08:19+00:00","breadcrumb":{"@id":"https:\/\/thanhphatpc.com\/man-hinh-lg-20mk400-ket-noi-vga-hdmi-dsub-headphone-out\/#breadcrumb"},"inLanguage":"en-US","potentialAction":[{"@type":"ReadAction","target":["https:\/\/thanhphatpc.com\/man-hinh-lg-20mk400-ket-noi-vga-hdmi-dsub-headphone-out\/"]}]},{"@type":"ImageObject","inLanguage":"en-US","@id":"https:\/\/thanhphatpc.com\/man-hinh-lg-20mk400-ket-noi-vga-hdmi-dsub-headphone-out\/#primaryimage","url":"https:\/\/thanhphatpc.com\/wp-content\/uploads\/2019\/09\/5331_man-hinh-lg-20mk400-20hdmivga.jpg","contentUrl":"https:\/\/thanhphatpc.com\/wp-content\/uploads\/2019\/09\/5331_man-hinh-lg-20mk400-20hdmivga.jpg","width":600,"height":312},{"@type":"BreadcrumbList","@id":"https:\/\/thanhphatpc.com\/man-hinh-lg-20mk400-ket-noi-vga-hdmi-dsub-headphone-out\/#breadcrumb","itemListElement":[{"@type":"ListItem","position":1,"name":"Trang ch\u1ee7","item":"https:\/\/thanhphatpc.com\/"},{"@type":"ListItem","position":2,"name":"C\u1eeda h\u00e0ng","item":"https:\/\/thanhphatpc.com\/cua-hang\/"},{"@type":"ListItem","position":3,"name":"M\u00e0n hinh LG 20MK400( k\u1ebft n\u1ed1i VGA\/ HDMI\/ Dsub\/ Headphone Out )"}]},{"@type":"WebSite","@id":"https:\/\/thanhphatpc.com\/#website","url":"https:\/\/thanhphatpc.com\/","name":"ThanhPhat PC","description":"D\u1ecbch v\u1ee5 ho\u00e0n h\u1ea3o","potentialAction":[{"@type":"SearchAction","target":{"@type":"EntryPoint","urlTemplate":"https:\/\/thanhphatpc.com\/?s={search_term_string}"},"query-input":{"@type":"PropertyValueSpecification","valueRequired":true,"valueName":"search_term_string"}}],"inLanguage":"en-US"}]}},"_links":{"self":[{"href":"https:\/\/thanhphatpc.com\/en\/wp-json\/wp\/v2\/product\/3540","targetHints":{"allow":["GET"]}}],"collection":[{"href":"https:\/\/thanhphatpc.com\/en\/wp-json\/wp\/v2\/product"}],"about":[{"href":"https:\/\/thanhphatpc.com\/en\/wp-json\/wp\/v2\/types\/product"}],"replies":[{"embeddable":true,"href":"https:\/\/thanhphatpc.com\/en\/wp-json\/wp\/v2\/comments?post=3540"}],"wp:featuredmedia":[{"embeddable":true,"href":"https:\/\/thanhphatpc.com\/en\/wp-json\/wp\/v2\/media\/3541"}],"wp:attachment":[{"href":"https:\/\/thanhphatpc.com\/en\/wp-json\/wp\/v2\/media?parent=3540"}],"wp:term":[{"taxonomy":"product_cat","embeddable":true,"href":"https:\/\/thanhphatpc.com\/en\/wp-json\/wp\/v2\/product_cat?post=3540"},{"taxonomy":"product_tag","embeddable":true,"href":"https:\/\/thanhphatpc.com\/en\/wp-json\/wp\/v2\/product_tag?post=3540"}],"curies":[{"name":"wp","href":"https:\/\/api.w.org\/{rel}","templated":true}]}}