{"id":3542,"date":"2019-09-30T13:55:03","date_gmt":"2019-09-30T06:55:03","guid":{"rendered":"https:\/\/thanhphatpc.com\/?post_type=product&#038;p=3542"},"modified":"2019-09-30T13:55:03","modified_gmt":"2019-09-30T06:55:03","slug":"bo-mach-chu-gigabyte-h81m-ds2","status":"publish","type":"product","link":"https:\/\/thanhphatpc.com\/en\/bo-mach-chu-gigabyte-h81m-ds2\/","title":{"rendered":"Bo m\u1ea1ch ch\u1ee7 Gigabyte H81M &#8211; DS2"},"content":{"rendered":"<div class=\"relative\" data-v-67c8f908=\"\">\n<div data-v-67c8f908=\"\">\n<div id=\"top\" class=\"product-description relative my40\" data-v-46347f22=\"\" data-v-67c8f908=\"\">\n<p class=\"fs23 font-weight-light\" data-v-46347f22=\"\">V\u1ec1 s\u1ea3n ph\u1ea9m<\/p>\n<div class=\"flex bg-white\" data-v-46347f22=\"\">\n<div class=\"w65\" data-v-46347f22=\"\" data-track-content=\"\" data-content-name=\"Detail - View Descriptions\">\n<div class=\"description-title\" data-v-46347f22=\"\">TH\u00d4NG TIN CHI TI\u1ebeT<\/div>\n<div class=\"py10 px20 description-content\" data-v-46347f22=\"\">\n<div data-v-46347f22=\"\">\n<h2>Gi\u1edbi thi\u1ec7u chi ti\u1ebft Bo m\u1ea1ch ch\u1ee7 Gigabyte H81M-DS2<\/h2>\n<p><img loading=\"lazy\" decoding=\"async\" class=\"alignnone wp-image-23824 size-full\" src=\"https:\/\/tmp.phongvu.vn\/wp-content\/uploads\/2018\/11\/Bo-m%E1%BA%A1ch-ch%E1%BB%A7-Gigabyte-H81M-DS2-1-e1543429008871.jpg\" alt=\"Bo m\u1ea1ch ch\u1ee7 Gigabyte H81M-DS2\" width=\"1000\" height=\"742\" \/><\/p>\n<p>&nbsp;<\/p>\n<p>GIGABYTE Technology Co., Ltd. l\u00e0 m\u1ed9t nh\u00e0 s\u1ea3n xu\u1ea5t v\u00e0 ph\u00e2n ph\u1ed1i c\u00e1c thi\u1ebft b\u1ecb ph\u1ea7n c\u1ee9ng m\u00e1y t\u00ednh c\u00f3 tr\u1ee5 s\u1edf \u1edf \u0110\u00e0i Loan. GIGABYTE l\u00e0 nh\u00e0 cung c\u1ea5p bo m\u1ea1ch ch\u1ee7, v\u1edbi 4.8 tri\u1ec7u bo m\u1ea1ch ch\u1ee7 \u0111\u01b0\u1ee3c b\u00e1n ra trong Qu\u00fd 1\/2015, trong khi \u0111\u00f3 ASUS b\u00e1n \u0111\u01b0\u1ee3c kho\u1ea3ng 4.5 tri\u1ec7u bo m\u1ea1ch ch\u1ee7 trong c\u00f9ng qu\u00fd. GIGABYTE \u0111\u01b0\u1ee3c x\u1ebfp h\u1ea1ng 17 t\u1ea1i Taiwan\u2019s 2010 Top 20 Global Brands b\u1edfi Taiwan External Trade Development Council.<\/p>\n<p>Bo m\u1ea1ch ch\u1ee7 GIGABYTE H81M DS2 thu\u1ed9c series 8 c\u1ee7a GIGABYTE h\u1ed7 tr\u1ee3 b\u1ed9 vi x\u1eed l\u00fd Intel\u00ae Core th\u1ebf h\u1ec7 4, v\u1edbi s\u1ef1 k\u1ebft h\u1ee3p n\u00e0y s\u1ebd \u0111em l\u1ea1i s\u1ef1 pha tr\u1ed9n c\u00e1c t\u00ednh n\u0103ng v\u00e0 c\u00f4ng ngh\u1ec7 \u0111\u1ed9c \u0111\u00e1o x\u1ee9ng \u0111\u00e1ng l\u00e0 n\u1ec1n t\u1ea3ng tuy\u1ec7t v\u1eddi cho vi\u1ec7c x\u00e2y d\u1ef1ng m\u1ed9t c\u1ed7 m\u00e1y t\u00ednh ti\u1ebfp theo. T\u1eeb vi\u1ec7c c\u1ea5p ph\u00e1t ngu\u1ed3n \u0111i\u1ec7n k\u1ef9 thu\u1eadt s\u1ed1 c\u00f3 kh\u1ea3 n\u0103ng ch\u1ecbu v\u00e0 c\u1ea5p d\u00f2ng cao, cho \u0111\u1ebfn c\u00e1c c\u00f4ng ngh\u1ec7 b\u1ed9 nh\u1edb \u0111\u1ec7m t\u0103ng c\u01b0\u1eddng hi\u1ec7u n\u0103ng, t\u00edch h\u1ee3p chip x\u1eed l\u00fd \u00e2m thanh \u0111\u1eaft ti\u1ec1n ch\u1ea5t l\u01b0\u1ee3ng cao, card m\u1ea1ng cao c\u1ea5p v\u00e0 s\u1ea1c thi\u1ebft b\u1ecb, c\u00e1c c\u1ed5ng truy su\u1ea5t \u0111\u01b0\u1ee3c m\u1ea1 v\u00e0ng v\u00e0 t\u1ea5t nhi\u00ean, b\u1ed1 c\u1ee5c c\u1ee7a bo m\u1ea1ch c\u0169ng \u0111\u01b0\u1ee3c thi\u1ebft k\u1ebf r\u1ea5t m\u1ea1nh m\u1ebd, d\u00f2ng bo m\u1ea1ch ch\u1ee7 GIGABYTE series 8 l\u00e0 m\u1ed9t s\u1ef1 kh\u00e1c bi\u1ec7t.<\/p>\n<p><img loading=\"lazy\" decoding=\"async\" class=\"aligncenter wp-image-23825 size-full\" src=\"https:\/\/tmp.phongvu.vn\/wp-content\/uploads\/2018\/11\/Bo-m%E1%BA%A1ch-ch%E1%BB%A7-Gigabyte-H81M-DS2-2-e1543429033378.jpg\" alt=\"Bo m\u1ea1ch ch\u1ee7 Gigabyte H81M-DS2\" width=\"1000\" height=\"737\" \/><\/p>\n<h3>T\u00ednh n\u0103ng n\u1ed5i b\u1eadt c\u1ee7a GIGABYTE H81M-DS2<\/h3>\n<p>\u2013 C\u00f4ng ngh\u1ec7 GIGABYTE Ultra Durable\u2122 4 Plus<br \/>\nC\u00f4ng ngh\u1ec7 GIGABYTE Ultra Durable\u2122 4 Plus l\u1ea7n \u0111\u1ea7u ti\u00ean gi\u1edbi thi\u1ec7u tr\u00ean bo m\u1ea1ch ch\u1ee7 GIGABYTE series 8, v\u1edbi m\u1ed9t lo\u1ea1t c\u00e1c t\u00ednh n\u0103ng v\u00e0 c\u00e1c linh ki\u1ec7n cao c\u1ea5p gi\u00fap \u0111em \u0111\u1ebfn hi\u1ec7u n\u0103ng ph\u00e1 v\u1ee1 k\u1ef7 l\u1ee5c, ho\u1ea1t \u0111\u1ed9ng hi\u1ec7u qu\u1ea3 v\u00e0 m\u00e1t m\u1ebb v\u00e0 k\u00e9o d\u00e0i tu\u1ed5i th\u1ecd c\u1ee7a bo m\u1ea1ch.<\/p>\n<p>\u2013 GIGABYTE s\u1eed d\u1ee5ng t\u1ea5t c\u1ea3 c\u00e1c t\u1ee5 \u0111i\u1ec7n r\u1eafn v\u00e0 MOSFET tr\u1edf kh\u00e1ng th\u1ea5p gi\u00fap t\u0103ng hi\u1ec7u qu\u1ea3 khi l\u00e0m vi\u1ec7c \u1edf m\u00f4i tr\u01b0\u1eddng nhi\u1ec7t \u0111\u1ed9 cao, cung c\u1ea5p tu\u1ed5i th\u1ecd l\u00ean \u0111\u1ebfn 50,000 gi\u1edd*.<\/p>\n<p><img loading=\"lazy\" decoding=\"async\" class=\"size-full wp-image-23826 aligncenter\" src=\"https:\/\/tmp.phongvu.vn\/wp-content\/uploads\/2018\/11\/Bo-m%E1%BA%A1ch-ch%E1%BB%A7-Gigabyte-H81M-DS2-3.png\" alt=\"Bo m\u1ea1ch ch\u1ee7 Gigabyte H81M-DS2\" width=\"812\" height=\"298\" \/><\/p>\n<p>\u2013 C\u00f4ng ngh\u1ec7 GIGABYTE UEFI DualBIOS\u2122<br \/>\n\u0110\u01b0\u1ee3c trang b\u1ecb c\u00f4ng ngh\u1ec7 GIGABYTE DualBIOS \u0111\u1ed9c quy\u1ec1n, c\u00e1c bo m\u1ea1ch ch\u1ee7 GIGABYTE series 8 gi\u00fap b\u1ea3o v\u1ec7 c\u00e1c linh ki\u1ec7n quan tr\u1ecdng nh\u1ea5t tr\u00ean m\u00e1y t\u00ednh c\u1ee7a b\u1ea1n \u2013 BIOS. GIGABYTE DualBIOS bao g\u1ed3m 2 BIOS, 1 ch\u00ednh v\u00e0 1 d\u1ef1 ph\u00f2ng, gi\u00fap ng\u01b0\u1eddi d\u00f9ng tr\u00e1nh kh\u1ecfi t\u00ecnh tr\u1ea1ng h\u1ecfng BIOS do virus, h\u01b0 ph\u1ea7n c\u1ee9ng, thi\u1ebft l\u1eadp c\u1ea5u h\u00ecnh \u00e9p xung sai ho\u1eb7c m\u1ea5t \u0111i\u1ec7n \u0111\u1ed9t ng\u1ed9t khi \u0111ang c\u1eadp nh\u1eadt BIOS.<\/p>\n<h3>T\u1ed5ng k\u1ebft<\/h3>\n<p>Bo m\u1ea1ch ch\u1ee7 GIGABYTE series 8 h\u1ed7 tr\u1ee3 b\u1ed9 vi x\u1eed l\u00fd Intel\u00ae Core th\u1ebf h\u1ec7 4, v\u1edbi s\u1ef1 k\u1ebft h\u1ee3p n\u00e0y s\u1ebd \u0111em l\u1ea1i s\u1ef1 pha tr\u1ed9n c\u00e1c t\u00ednh n\u0103ng v\u00e0 c\u00f4ng ngh\u1ec7 \u0111\u1ed9c \u0111\u00e1o x\u1ee9ng \u0111\u00e1ng l\u00e0 n\u1ec1n t\u1ea3ng tuy\u1ec7t v\u1eddi cho vi\u1ec7c x\u00e2y d\u1ef1ng m\u1ed9t c\u1ed7 m\u00e1y t\u00ednh ti\u1ebfp theo. T\u1eeb vi\u1ec7c c\u1ea5p ph\u00e1t ngu\u1ed3n \u0111i\u1ec7n k\u1ef9 thu\u1eadt s\u1ed1 c\u00f3 kh\u1ea3 n\u0103ng ch\u1ecbu v\u00e0 c\u1ea5p d\u00f2ng cao, cho \u0111\u1ebfn c\u00e1c c\u00f4ng ngh\u1ec7 b\u1ed9 nh\u1edb \u0111\u1ec7m t\u0103ng c\u01b0\u1eddng hi\u1ec7u n\u0103ng, t\u00edch h\u1ee3p chip x\u1eed l\u00fd \u00e2m thanh \u0111\u1eaft ti\u1ec1n ch\u1ea5t l\u01b0\u1ee3ng cao, card m\u1ea1ng cao c\u1ea5p v\u00e0 s\u1ea1c thi\u1ebft b\u1ecb, c\u00e1c c\u1ed5ng truy su\u1ea5t \u0111\u01b0\u1ee3c m\u1ea1 v\u00e0ng v\u00e0 t\u1ea5t nhi\u00ean, b\u1ed1 c\u1ee5c c\u1ee7a bo m\u1ea1ch c\u0169ng \u0111\u01b0\u1ee3c thi\u1ebft k\u1ebf r\u1ea5t m\u1ea1nh m\u1ebd, d\u00f2ng bo m\u1ea1ch ch\u1ee7 GIGABYTE series 8 l\u00e0 m\u1ed9t s\u1ef1 kh\u00e1c bi\u1ec7t.<\/p>\n<p><img decoding=\"async\" title=\"Gigabyte H81M-DS2\" src=\"https:\/\/phongvu.vn\/media\/wysiwyg\/phongvu\/Mainboard\/8480_big.jpg\" alt=\"Gigabyte H81M-DS2\" \/><\/p>\n<p><strong>N\u1ec1n t\u1ea3ng Intel Series 8 th\u1ebf h\u1ec7 ti\u1ebfp theo\u00a0<\/strong><\/p>\n<p>N\u1ec1n t\u1ea3ng Intel\u00ae Series 8 m\u1edbi nh\u1ea5t \u0111\u00e3 c\u00f3 nhi\u1ec1u c\u1ea3i thi\u1ec7n \u0111\u00e1ng k\u1ec3 v\u1ec1 hi\u1ec7u n\u0103ng v\u00e0 ti\u00eau th\u1ee5 d\u00f2ng \u0111i\u1ec7n c\u00f9ng v\u1edbi b\u1ed9 vi x\u1eed l\u00fd Intel\u00ae Core th\u1ebf 4 v\u00e0 chipset Intel\u00ae H81. Kh\u00f4ng nh\u1eefng gi\u00fap \u0111\u1ea9y m\u1ea1nh to\u00e0n b\u1ed9 hi\u1ec7u su\u1ea5t h\u1ec7 th\u1ed1ng, \u0111\u1ed3 h\u1ecda t\u00edch h\u1ee3p HD4600 c\u00f2n h\u1ed7 tr\u1ee3 \u0111\u1ed9 ph\u00e2n gi\u1ea3i 4K th\u00f4ng qua k\u1ebft n\u1ed1i HDMI v\u1edbi t\u1ef7 l\u1ec7 khung h\u00ecnh cao h\u01a1n m\u1ed9t c\u00e1ch \u0111\u00e1ng k\u1ec3 \u0111\u1ed1i v\u1edbi c\u00e1c t\u1ef1a game 3D DX11 m\u1edbi nh\u1ea5t.<\/p>\n<p>C\u00f4ng ngh\u1ec7 GIGABYTE Ultra Durable\u2122 4 Plus l\u1ea7n \u0111\u1ea7u ti\u00ean gi\u1edbi thi\u1ec7u tr\u00ean bo m\u1ea1ch ch\u1ee7 GIGABYTE series 8, v\u1edbi m\u1ed9t lo\u1ea1t c\u00e1c t\u00ednh n\u0103ng v\u00e0 c\u00e1c linh ki\u1ec7n cao c\u1ea5p gi\u00fap \u0111em \u0111\u1ebfn hi\u1ec7u n\u0103ng ph\u00e1 v\u1ee1 k\u1ef7 l\u1ee5c, ho\u1ea1t \u0111\u1ed9ng hi\u1ec7u qu\u1ea3 v\u00e0 m\u00e1t m\u1ebb v\u00e0 k\u00e9o d\u00e0i tu\u1ed5i th\u1ecd c\u1ee7a bo m\u1ea1ch.<\/p>\n<p>\u0110\u01b0\u1ee3c trang b\u1ecb c\u00f4ng ngh\u1ec7 GIGABYTE DualBIOS \u0111\u1ed9c quy\u1ec1n, c\u00e1c bo m\u1ea1ch ch\u1ee7 GIGABYTE series 8 gi\u00fap b\u1ea3o v\u1ec7 c\u00e1c linh ki\u1ec7n quan tr\u1ecdng nh\u1ea5t tr\u00ean m\u00e1y t\u00ednh c\u1ee7a b\u1ea1n \u2013 BIOS. GIGABYTE DualBIOS bao g\u1ed3m 2 con BIOS, 1 ch\u00ednh v\u00e0 1 d\u1ef1 ph\u00f2ng, gi\u00fap ng\u01b0\u1eddi d\u00f9ng tr\u00e1nh kh\u1ecfi t\u00ecnh tr\u1ea1ng h\u1ecfng BIOS do virus, h\u01b0 ph\u1ea7n c\u1ee9ng, thi\u1ebft l\u1eadp c\u1ea5u h\u00ecnh \u00e9p xung sai ho\u1eb7c m\u1ea5t \u0111i\u1ec7n \u0111\u1ed9t ng\u1ed9t khi \u0111ang c\u1eadp nh\u1eadt BIOS.<\/p>\n<\/div>\n<\/div>\n<\/div>\n<\/div>\n<\/div>\n<\/div>\n<\/div>\n<div data-v-67c8f908=\"\" data-track-content=\"\" data-content-name=\"Detail - View Ratings And Comments\"><\/div>\n<div class=\"relative\" data-v-67c8f908=\"\">\n<div id=\"rating\" class=\"flag-scroll\" data-v-67c8f908=\"\"><\/div>\n<div data-v-67c8f908=\"\">\n<div class=\"relative\" data-v-ab5a0244=\"\" data-v-67c8f908=\"\">\n<div class=\"rating-tabs\" data-v-ab5a0244=\"\">\n<div class=\"tab active\" data-v-ab5a0244=\"\"><\/div>\n<\/div>\n<\/div>\n<\/div>\n<\/div>","protected":false},"excerpt":{"rendered":"<p><img loading=\"lazy\" decoding=\"async\" class=\"alignnone size-medium wp-image-3543\" src=\"https:\/\/thanhphatpc.com\/wp-content\/uploads\/2019\/09\/be64cb4011f8f6a6afe9-285x300.jpg\" alt=\"\" width=\"285\" height=\"300\" srcset=\"https:\/\/thanhphatpc.com\/wp-content\/uploads\/2019\/09\/be64cb4011f8f6a6afe9-285x300.jpg 285w, https:\/\/thanhphatpc.com\/wp-content\/uploads\/2019\/09\/be64cb4011f8f6a6afe9.jpg 416w\" sizes=\"auto, (max-width: 285px) 100vw, 285px\" \/><\/p>","protected":false},"featured_media":3544,"comment_status":"open","ping_status":"closed","template":"","meta":{"_acf_changed":false},"product_cat":[381,384],"product_tag":[411],"class_list":{"0":"post-3542","1":"product","2":"type-product","3":"status-publish","4":"has-post-thumbnail","6":"product_cat-linh-phu-kien","7":"product_cat-main","8":"product_tag-main","10":"first","11":"instock","12":"shipping-taxable","13":"purchasable","14":"product-type-simple"},"acf":[],"yoast_head":"<!-- This site is optimized with the Yoast SEO plugin v23.8 - https:\/\/yoast.com\/wordpress\/plugins\/seo\/ -->\n<title>Bo m\u1ea1ch ch\u1ee7 Gigabyte H81M - DS2 - ThanhPhat PC<\/title>\n<meta name=\"robots\" content=\"index, follow, max-snippet:-1, max-image-preview:large, max-video-preview:-1\" \/>\n<link rel=\"canonical\" href=\"https:\/\/thanhphatpc.com\/en\/bo-mach-chu-gigabyte-h81m-ds2\/\" \/>\n<meta property=\"og:locale\" content=\"en_US\" \/>\n<meta property=\"og:type\" content=\"article\" \/>\n<meta property=\"og:title\" content=\"Bo m\u1ea1ch ch\u1ee7 Gigabyte H81M - DS2 - ThanhPhat PC\" \/>\n<meta property=\"og:url\" content=\"https:\/\/thanhphatpc.com\/en\/bo-mach-chu-gigabyte-h81m-ds2\/\" \/>\n<meta property=\"og:site_name\" content=\"ThanhPhat PC\" \/>\n<meta property=\"og:image\" content=\"https:\/\/thanhphatpc.com\/wp-content\/uploads\/2019\/09\/Bo-m\u1ea1ch-ch\u1ee7-Gigabyte-H81M-DS2-1-e1543429008871.jpg\" \/>\n\t<meta property=\"og:image:width\" content=\"1000\" \/>\n\t<meta property=\"og:image:height\" content=\"742\" \/>\n\t<meta property=\"og:image:type\" content=\"image\/jpeg\" \/>\n<meta name=\"twitter:card\" content=\"summary_large_image\" \/>\n<meta name=\"twitter:label1\" content=\"Est. reading time\" \/>\n\t<meta name=\"twitter:data1\" content=\"6 minutes\" \/>\n<script type=\"application\/ld+json\" class=\"yoast-schema-graph\">{\"@context\":\"https:\/\/schema.org\",\"@graph\":[{\"@type\":\"WebPage\",\"@id\":\"https:\/\/thanhphatpc.com\/bo-mach-chu-gigabyte-h81m-ds2\/\",\"url\":\"https:\/\/thanhphatpc.com\/bo-mach-chu-gigabyte-h81m-ds2\/\",\"name\":\"Bo m\u1ea1ch ch\u1ee7 Gigabyte H81M - DS2 - ThanhPhat PC\",\"isPartOf\":{\"@id\":\"https:\/\/thanhphatpc.com\/#website\"},\"primaryImageOfPage\":{\"@id\":\"https:\/\/thanhphatpc.com\/bo-mach-chu-gigabyte-h81m-ds2\/#primaryimage\"},\"image\":{\"@id\":\"https:\/\/thanhphatpc.com\/bo-mach-chu-gigabyte-h81m-ds2\/#primaryimage\"},\"thumbnailUrl\":\"https:\/\/thanhphatpc.com\/wp-content\/uploads\/2019\/09\/Bo-m\u1ea1ch-ch\u1ee7-Gigabyte-H81M-DS2-1-e1543429008871.jpg\",\"datePublished\":\"2019-09-30T06:55:03+00:00\",\"dateModified\":\"2019-09-30T06:55:03+00:00\",\"breadcrumb\":{\"@id\":\"https:\/\/thanhphatpc.com\/bo-mach-chu-gigabyte-h81m-ds2\/#breadcrumb\"},\"inLanguage\":\"en-US\",\"potentialAction\":[{\"@type\":\"ReadAction\",\"target\":[\"https:\/\/thanhphatpc.com\/bo-mach-chu-gigabyte-h81m-ds2\/\"]}]},{\"@type\":\"ImageObject\",\"inLanguage\":\"en-US\",\"@id\":\"https:\/\/thanhphatpc.com\/bo-mach-chu-gigabyte-h81m-ds2\/#primaryimage\",\"url\":\"https:\/\/thanhphatpc.com\/wp-content\/uploads\/2019\/09\/Bo-m\u1ea1ch-ch\u1ee7-Gigabyte-H81M-DS2-1-e1543429008871.jpg\",\"contentUrl\":\"https:\/\/thanhphatpc.com\/wp-content\/uploads\/2019\/09\/Bo-m\u1ea1ch-ch\u1ee7-Gigabyte-H81M-DS2-1-e1543429008871.jpg\",\"width\":1000,\"height\":742},{\"@type\":\"BreadcrumbList\",\"@id\":\"https:\/\/thanhphatpc.com\/bo-mach-chu-gigabyte-h81m-ds2\/#breadcrumb\",\"itemListElement\":[{\"@type\":\"ListItem\",\"position\":1,\"name\":\"Trang ch\u1ee7\",\"item\":\"https:\/\/thanhphatpc.com\/\"},{\"@type\":\"ListItem\",\"position\":2,\"name\":\"C\u1eeda h\u00e0ng\",\"item\":\"https:\/\/thanhphatpc.com\/cua-hang\/\"},{\"@type\":\"ListItem\",\"position\":3,\"name\":\"Bo m\u1ea1ch ch\u1ee7 Gigabyte H81M &#8211; DS2\"}]},{\"@type\":\"WebSite\",\"@id\":\"https:\/\/thanhphatpc.com\/#website\",\"url\":\"https:\/\/thanhphatpc.com\/\",\"name\":\"ThanhPhat PC\",\"description\":\"D\u1ecbch v\u1ee5 ho\u00e0n h\u1ea3o\",\"potentialAction\":[{\"@type\":\"SearchAction\",\"target\":{\"@type\":\"EntryPoint\",\"urlTemplate\":\"https:\/\/thanhphatpc.com\/?s={search_term_string}\"},\"query-input\":{\"@type\":\"PropertyValueSpecification\",\"valueRequired\":true,\"valueName\":\"search_term_string\"}}],\"inLanguage\":\"en-US\"}]}<\/script>\n<!-- \/ Yoast SEO plugin. -->","yoast_head_json":{"title":"Bo m\u1ea1ch ch\u1ee7 Gigabyte H81M - DS2 - ThanhPhat PC","robots":{"index":"index","follow":"follow","max-snippet":"max-snippet:-1","max-image-preview":"max-image-preview:large","max-video-preview":"max-video-preview:-1"},"canonical":"https:\/\/thanhphatpc.com\/en\/bo-mach-chu-gigabyte-h81m-ds2\/","og_locale":"en_US","og_type":"article","og_title":"Bo m\u1ea1ch ch\u1ee7 Gigabyte H81M - DS2 - ThanhPhat PC","og_url":"https:\/\/thanhphatpc.com\/en\/bo-mach-chu-gigabyte-h81m-ds2\/","og_site_name":"ThanhPhat PC","og_image":[{"width":1000,"height":742,"url":"https:\/\/thanhphatpc.com\/wp-content\/uploads\/2019\/09\/Bo-m\u1ea1ch-ch\u1ee7-Gigabyte-H81M-DS2-1-e1543429008871.jpg","type":"image\/jpeg"}],"twitter_card":"summary_large_image","twitter_misc":{"Est. reading time":"6 minutes"},"schema":{"@context":"https:\/\/schema.org","@graph":[{"@type":"WebPage","@id":"https:\/\/thanhphatpc.com\/bo-mach-chu-gigabyte-h81m-ds2\/","url":"https:\/\/thanhphatpc.com\/bo-mach-chu-gigabyte-h81m-ds2\/","name":"Bo m\u1ea1ch ch\u1ee7 Gigabyte H81M - DS2 - ThanhPhat PC","isPartOf":{"@id":"https:\/\/thanhphatpc.com\/#website"},"primaryImageOfPage":{"@id":"https:\/\/thanhphatpc.com\/bo-mach-chu-gigabyte-h81m-ds2\/#primaryimage"},"image":{"@id":"https:\/\/thanhphatpc.com\/bo-mach-chu-gigabyte-h81m-ds2\/#primaryimage"},"thumbnailUrl":"https:\/\/thanhphatpc.com\/wp-content\/uploads\/2019\/09\/Bo-m\u1ea1ch-ch\u1ee7-Gigabyte-H81M-DS2-1-e1543429008871.jpg","datePublished":"2019-09-30T06:55:03+00:00","dateModified":"2019-09-30T06:55:03+00:00","breadcrumb":{"@id":"https:\/\/thanhphatpc.com\/bo-mach-chu-gigabyte-h81m-ds2\/#breadcrumb"},"inLanguage":"en-US","potentialAction":[{"@type":"ReadAction","target":["https:\/\/thanhphatpc.com\/bo-mach-chu-gigabyte-h81m-ds2\/"]}]},{"@type":"ImageObject","inLanguage":"en-US","@id":"https:\/\/thanhphatpc.com\/bo-mach-chu-gigabyte-h81m-ds2\/#primaryimage","url":"https:\/\/thanhphatpc.com\/wp-content\/uploads\/2019\/09\/Bo-m\u1ea1ch-ch\u1ee7-Gigabyte-H81M-DS2-1-e1543429008871.jpg","contentUrl":"https:\/\/thanhphatpc.com\/wp-content\/uploads\/2019\/09\/Bo-m\u1ea1ch-ch\u1ee7-Gigabyte-H81M-DS2-1-e1543429008871.jpg","width":1000,"height":742},{"@type":"BreadcrumbList","@id":"https:\/\/thanhphatpc.com\/bo-mach-chu-gigabyte-h81m-ds2\/#breadcrumb","itemListElement":[{"@type":"ListItem","position":1,"name":"Trang ch\u1ee7","item":"https:\/\/thanhphatpc.com\/"},{"@type":"ListItem","position":2,"name":"C\u1eeda h\u00e0ng","item":"https:\/\/thanhphatpc.com\/cua-hang\/"},{"@type":"ListItem","position":3,"name":"Bo m\u1ea1ch ch\u1ee7 Gigabyte H81M &#8211; DS2"}]},{"@type":"WebSite","@id":"https:\/\/thanhphatpc.com\/#website","url":"https:\/\/thanhphatpc.com\/","name":"ThanhPhat PC","description":"D\u1ecbch v\u1ee5 ho\u00e0n h\u1ea3o","potentialAction":[{"@type":"SearchAction","target":{"@type":"EntryPoint","urlTemplate":"https:\/\/thanhphatpc.com\/?s={search_term_string}"},"query-input":{"@type":"PropertyValueSpecification","valueRequired":true,"valueName":"search_term_string"}}],"inLanguage":"en-US"}]}},"_links":{"self":[{"href":"https:\/\/thanhphatpc.com\/en\/wp-json\/wp\/v2\/product\/3542","targetHints":{"allow":["GET"]}}],"collection":[{"href":"https:\/\/thanhphatpc.com\/en\/wp-json\/wp\/v2\/product"}],"about":[{"href":"https:\/\/thanhphatpc.com\/en\/wp-json\/wp\/v2\/types\/product"}],"replies":[{"embeddable":true,"href":"https:\/\/thanhphatpc.com\/en\/wp-json\/wp\/v2\/comments?post=3542"}],"wp:featuredmedia":[{"embeddable":true,"href":"https:\/\/thanhphatpc.com\/en\/wp-json\/wp\/v2\/media\/3544"}],"wp:attachment":[{"href":"https:\/\/thanhphatpc.com\/en\/wp-json\/wp\/v2\/media?parent=3542"}],"wp:term":[{"taxonomy":"product_cat","embeddable":true,"href":"https:\/\/thanhphatpc.com\/en\/wp-json\/wp\/v2\/product_cat?post=3542"},{"taxonomy":"product_tag","embeddable":true,"href":"https:\/\/thanhphatpc.com\/en\/wp-json\/wp\/v2\/product_tag?post=3542"}],"curies":[{"name":"wp","href":"https:\/\/api.w.org\/{rel}","templated":true}]}}