{"id":3545,"date":"2019-09-30T14:00:52","date_gmt":"2019-09-30T07:00:52","guid":{"rendered":"https:\/\/thanhphatpc.com\/?post_type=product&#038;p=3545"},"modified":"2019-09-30T14:00:53","modified_gmt":"2019-09-30T07:00:53","slug":"bo-nho-trong-dato-2-1600-ram-dato-ddr3-2g-bus-1600","status":"publish","type":"product","link":"https:\/\/thanhphatpc.com\/en\/bo-nho-trong-dato-2-1600-ram-dato-ddr3-2g-bus-1600\/","title":{"rendered":"B\u1ed9 nh\u1edb trong Dato 2\/1600 (Ram DATO DDR3 2G \/ Bus 1600)"},"content":{"rendered":"<p class=\"fs23 font-weight-light\" data-v-46347f22=\"\">V\u1ec1 s\u1ea3n ph\u1ea9m<\/p>\n<div class=\"flex bg-white\" data-v-46347f22=\"\">\n<div class=\"w65\" data-v-46347f22=\"\" data-track-content=\"\" data-content-name=\"Detail - View Descriptions\">\n<div class=\"description-title\" data-v-46347f22=\"\">TH\u00d4NG TIN CHI TI\u1ebeT<\/div>\n<div class=\"py10 px20 description-content\" data-v-46347f22=\"\">\n<div data-v-46347f22=\"\">\n<h2><strong>Gi\u1edbi thi\u1ec7u\u00a0B\u1ed9 nh\u1edb DDR3 Dato 4GB (1600)- L\u1ef1a ch\u1ecdn n\u00e2ng c\u1ea5p m\u00e1y t\u00ednh<\/strong><\/h2>\n<p><img loading=\"lazy\" decoding=\"async\" class=\"aligncenter wp-image-15485 size-full\" src=\"https:\/\/tmp.phongvu.vn\/wp-content\/uploads\/2018\/10\/B%E1%BB%99-nh%E1%BB%9B-DDR3-Dato-4GB-1600-03-e1539853565388.jpg\" alt=\"B\u1ed9 nh\u1edb DDR3 Dato 4GB (1600)\" width=\"1839\" height=\"562\" \/><\/p>\n<p>Hi\u1ec7n nay, c\u00e1c RAM \u0111\u1eddi m\u1edbi nh\u01b0 DDR4, DDR5 \u0111\u00e3 r\u1ea5t ph\u1ed5 bi\u1ebft v\u00ec nh\u1eefng \u01b0u th\u1ebf v\u1ec1 t\u1ed1c \u0111\u1ed9, ti\u1ebft ki\u1ec7m \u0111i\u1ec7n n\u0103ng. Tuy nhi\u00ean, nhi\u1ec1u ng\u01b0\u1eddi d\u00f9ng v\u1eabn \u0111ang s\u1eed d\u1ee5ng c\u00e1c lo\u1ea1i main c\u0169 nh\u01b0 H61, H81,\u2026 do kh\u00f4ng c\u00f3 nhu c\u1ea7u thay m\u1edbi \u0111\u1ec3 ti\u1ebft ki\u1ec7m chi ph\u00ed. C\u00e1c lo\u1ea1i main n\u00e0y ch\u1ec9 h\u1ed7 tr\u1ee3 ch\u00e2n c\u1eafm RAM DDR3. Th\u1ef1c t\u1ebf cho th\u1ea5y RAM DDR3 v\u1eabn \u0111\u00e1p \u1ee9ng kh\u00e1 t\u1ed1t nhi\u1ec1u lo\u1ea1i nhu c\u1ea7u c\u1ee7a ng\u01b0\u1eddi d\u00f9ng.\u00a0<strong>B\u1ed9 nh\u1edb RAM DDR3 Dato 4GB (1600)\u00a0<\/strong>thi\u1ebft k\u1ebf m\u00e0u xanh, nh\u1ecf g\u1ecdn, ch\u00e2n c\u1eafm ph\u00f9 h\u1ee3p \u0111\u1eb7c \u0111i\u1ec3m k\u1ef9 thu\u1eadt c\u1ee7a DDR3<\/p>\n<h4><strong>\u0110\u1eb7c \u0111i\u1ec3m s\u1ea3n ph\u1ea9m<\/strong><\/h4>\n<p>V\u1edbi dung l\u01b0\u1ee3ng RAM\u00a0<strong>4GB<\/strong>,\u00a0<strong>RAM DDR3 Dato 4GB (1600)<\/strong><strong>\u00a0<\/strong>l\u00e0 l\u1ef1a ch\u1ecdn gi\u00e1 r\u1ebb h\u1ee3p l\u00fd cho khe c\u1eafm RAM th\u1ee9 2 c\u1ee7a chi\u1ebfc PC b\u1ea1n \u0111ang s\u1edf h\u1eefu. K\u1ebft h\u1ee3p v\u1edbi chi\u1ebfc RAM c\u0169 c\u00f3 s\u1eb5n tr\u00ean PC, c\u00e1c t\u00e1c v\u1ee5 \u0111a nhi\u1ec7m th\u01b0\u1eddng ng\u00e0y s\u1ebd \u0111\u01b0\u1ee3c x\u1eed l\u00fd \u1ed5n \u0111\u1ecbnh. N\u1ebfu c\u00f3 nhu c\u1ea7u ch\u01a1i game online, ch\u1ec9nh s\u1eeda \u1ea3nh th\u00ec ng\u01b0\u1eddi d\u00f9ng c\u00f3 th\u1ec3 l\u1eafp th\u00eam m\u1ed9t card \u0111\u1ed3 h\u1ecda gi\u00e1 r\u1ebb \u0111\u1ec3 x\u1eed l\u00fd t\u1ed1t h\u01a1n.<\/p>\n<p><img loading=\"lazy\" decoding=\"async\" class=\"aligncenter wp-image-15487 size-full\" src=\"https:\/\/tmp.phongvu.vn\/wp-content\/uploads\/2018\/10\/B%E1%BB%99-nh%E1%BB%9B-DDR3-Dato-4GB-1600-02-e1539853614385.jpg\" alt=\"B\u1ed9 nh\u1edb DDR3 Dato 4GB (1600)\" width=\"510\" height=\"820\" \/><\/p>\n<p><strong>DDR3<\/strong>\u00a0c\u00f3 t\u1ed1c \u0111\u1ed9 nhanh h\u01a1n v\u00e0 b\u1ed9 nh\u1edb l\u1edbn h\u01a1n kh\u00e1 nhi\u1ec1u, \u0111\u1ed3ng th\u1eddi c\u0169ng ti\u1ebft ki\u1ec7m \u0111i\u1ec7n n\u0103ng t\u1ed1t h\u01a1n so v\u1edbi DDR2. \u0110i\u1ec7n n\u0103ng ti\u00eau th\u1ee5 tr\u00ean\u00a0<strong>RAM DDR3 Dato 4GB (1600)<\/strong><strong>\u00a0<\/strong>ch\u1ec9 kho\u1ea3ng 1.5V. T\u1ed1c \u0111\u1ed9 RAM\u00a0<strong>1600Mhz<\/strong>\u00a0l\u00e0 t\u01b0\u01a1ng \u0111\u1ed1i cao. Ng\u01b0\u1eddi d\u00f9ng s\u1ebd kh\u00f4ng c\u00f2n lo l\u1eafng c\u00e1c hi\u1ec7n t\u01b0\u1ee3ng gi\u1eadt lag v\u00ec t\u1ed1c \u0111\u1ed9 x\u1eed l\u00fd c\u1ee7a RAM th\u1ea5p n\u1eefa.<br \/>\nChu\u1ea9n DDR3 c\u00f3 l\u1ebd v\u1eabn \u0111ang ph\u1ed5 bi\u1ebfn nh\u1ea5t v\u1edbi c\u00e1c d\u00f2ng PC v\u00ec hi\u1ec7u n\u0103ng t\u1ed1t, gi\u00e1 c\u1ea3 h\u1ee3p l\u00fd.\u00a0<strong>B\u1ed9 nh\u1edb RAM DDR3 Dato 4GB (1600)<\/strong>\u00a0l\u00e0 m\u1ed9t l\u1ef1a ch\u1ecdn s\u00e1ng gi\u00e1 \u0111\u1ec3 n\u00e2ng c\u1ea5p nh\u1eb9 nh\u1eb1m \u0111\u00e1p \u1ee9ng nhu c\u1ea7u ng\u00e0y c\u00e0ng t\u0103ng c\u1ee7a ng\u01b0\u1eddi d\u00f9ng.<\/p>\n<p><img loading=\"lazy\" decoding=\"async\" class=\"aligncenter wp-image-15489 size-full\" src=\"https:\/\/tmp.phongvu.vn\/wp-content\/uploads\/2018\/10\/B%E1%BB%99-nh%E1%BB%9B-DDR3-Dato-4GB-1600-01-e1539853656436.jpg\" alt=\"B\u1ed9 nh\u1edb DDR3 Dato 4GB (1600)\" width=\"778\" height=\"494\" \/><\/p>\n<\/div>\n<\/div>\n<div class=\"more-description\" data-v-46347f22=\"\">\n<div class=\"v-btn__content\"><span data-v-46347f22=\"\">THU G\u1eccN<\/span><\/div>\n<\/div>\n<\/div>\n<\/div>","protected":false},"excerpt":{"rendered":"<p>&#8211; Capacity: 2GB<br \/>\n&#8211; Mhz: 1600 Mhz<br \/>\n&#8211; Pin: 240 pins<br \/>\n&#8211; Chips: 128M x 8, 256M x8<br \/>\n&#8211; Voltage: 1.5V<br \/>\n&#8211; Package: FBGA<\/p>","protected":false},"featured_media":3546,"comment_status":"open","ping_status":"closed","template":"","meta":{"_acf_changed":false},"product_cat":[381,382,386],"product_tag":[412],"class_list":{"0":"post-3545","1":"product","2":"type-product","3":"status-publish","4":"has-post-thumbnail","6":"product_cat-linh-phu-kien","7":"product_cat-pc","8":"product_cat-ram","9":"product_tag-ram","11":"first","12":"instock","13":"shipping-taxable","14":"purchasable","15":"product-type-simple"},"acf":[],"yoast_head":"<!-- This site is optimized with the Yoast SEO plugin v23.8 - https:\/\/yoast.com\/wordpress\/plugins\/seo\/ -->\n<title>B\u1ed9 nh\u1edb trong Dato 2\/1600 (Ram DATO DDR3 2G \/ Bus 1600) - ThanhPhat PC<\/title>\n<meta name=\"robots\" content=\"index, follow, max-snippet:-1, max-image-preview:large, max-video-preview:-1\" \/>\n<link rel=\"canonical\" href=\"https:\/\/thanhphatpc.com\/en\/bo-nho-trong-dato-2-1600-ram-dato-ddr3-2g-bus-1600\/\" \/>\n<meta property=\"og:locale\" content=\"en_US\" \/>\n<meta property=\"og:type\" content=\"article\" \/>\n<meta property=\"og:title\" content=\"B\u1ed9 nh\u1edb trong Dato 2\/1600 (Ram DATO DDR3 2G \/ Bus 1600) - ThanhPhat PC\" \/>\n<meta property=\"og:description\" content=\"- Capacity: 2GB - Mhz: 1600 Mhz - Pin: 240 pins - Chips: 128M x 8, 256M x8 - Voltage: 1.5V - Package: FBGA\" \/>\n<meta property=\"og:url\" content=\"https:\/\/thanhphatpc.com\/en\/bo-nho-trong-dato-2-1600-ram-dato-ddr3-2g-bus-1600\/\" \/>\n<meta property=\"og:site_name\" content=\"ThanhPhat PC\" \/>\n<meta property=\"article:modified_time\" content=\"2019-09-30T07:00:53+00:00\" \/>\n<meta property=\"og:image\" content=\"https:\/\/thanhphatpc.com\/wp-content\/uploads\/2019\/09\/bus-1600.jpg\" \/>\n\t<meta property=\"og:image:width\" content=\"500\" \/>\n\t<meta property=\"og:image:height\" content=\"500\" \/>\n\t<meta property=\"og:image:type\" content=\"image\/jpeg\" \/>\n<meta name=\"twitter:card\" content=\"summary_large_image\" \/>\n<meta name=\"twitter:label1\" content=\"Est. reading time\" \/>\n\t<meta name=\"twitter:data1\" content=\"2 minutes\" \/>\n<script type=\"application\/ld+json\" class=\"yoast-schema-graph\">{\"@context\":\"https:\/\/schema.org\",\"@graph\":[{\"@type\":\"WebPage\",\"@id\":\"https:\/\/thanhphatpc.com\/bo-nho-trong-dato-2-1600-ram-dato-ddr3-2g-bus-1600\/\",\"url\":\"https:\/\/thanhphatpc.com\/bo-nho-trong-dato-2-1600-ram-dato-ddr3-2g-bus-1600\/\",\"name\":\"B\u1ed9 nh\u1edb trong Dato 2\/1600 (Ram DATO DDR3 2G \/ Bus 1600) - ThanhPhat PC\",\"isPartOf\":{\"@id\":\"https:\/\/thanhphatpc.com\/#website\"},\"primaryImageOfPage\":{\"@id\":\"https:\/\/thanhphatpc.com\/bo-nho-trong-dato-2-1600-ram-dato-ddr3-2g-bus-1600\/#primaryimage\"},\"image\":{\"@id\":\"https:\/\/thanhphatpc.com\/bo-nho-trong-dato-2-1600-ram-dato-ddr3-2g-bus-1600\/#primaryimage\"},\"thumbnailUrl\":\"https:\/\/thanhphatpc.com\/wp-content\/uploads\/2019\/09\/bus-1600.jpg\",\"datePublished\":\"2019-09-30T07:00:52+00:00\",\"dateModified\":\"2019-09-30T07:00:53+00:00\",\"breadcrumb\":{\"@id\":\"https:\/\/thanhphatpc.com\/bo-nho-trong-dato-2-1600-ram-dato-ddr3-2g-bus-1600\/#breadcrumb\"},\"inLanguage\":\"en-US\",\"potentialAction\":[{\"@type\":\"ReadAction\",\"target\":[\"https:\/\/thanhphatpc.com\/bo-nho-trong-dato-2-1600-ram-dato-ddr3-2g-bus-1600\/\"]}]},{\"@type\":\"ImageObject\",\"inLanguage\":\"en-US\",\"@id\":\"https:\/\/thanhphatpc.com\/bo-nho-trong-dato-2-1600-ram-dato-ddr3-2g-bus-1600\/#primaryimage\",\"url\":\"https:\/\/thanhphatpc.com\/wp-content\/uploads\/2019\/09\/bus-1600.jpg\",\"contentUrl\":\"https:\/\/thanhphatpc.com\/wp-content\/uploads\/2019\/09\/bus-1600.jpg\",\"width\":500,\"height\":500},{\"@type\":\"BreadcrumbList\",\"@id\":\"https:\/\/thanhphatpc.com\/bo-nho-trong-dato-2-1600-ram-dato-ddr3-2g-bus-1600\/#breadcrumb\",\"itemListElement\":[{\"@type\":\"ListItem\",\"position\":1,\"name\":\"Trang ch\u1ee7\",\"item\":\"https:\/\/thanhphatpc.com\/\"},{\"@type\":\"ListItem\",\"position\":2,\"name\":\"C\u1eeda h\u00e0ng\",\"item\":\"https:\/\/thanhphatpc.com\/cua-hang\/\"},{\"@type\":\"ListItem\",\"position\":3,\"name\":\"B\u1ed9 nh\u1edb trong Dato 2\/1600 (Ram DATO DDR3 2G \/ Bus 1600)\"}]},{\"@type\":\"WebSite\",\"@id\":\"https:\/\/thanhphatpc.com\/#website\",\"url\":\"https:\/\/thanhphatpc.com\/\",\"name\":\"ThanhPhat PC\",\"description\":\"D\u1ecbch v\u1ee5 ho\u00e0n h\u1ea3o\",\"potentialAction\":[{\"@type\":\"SearchAction\",\"target\":{\"@type\":\"EntryPoint\",\"urlTemplate\":\"https:\/\/thanhphatpc.com\/?s={search_term_string}\"},\"query-input\":{\"@type\":\"PropertyValueSpecification\",\"valueRequired\":true,\"valueName\":\"search_term_string\"}}],\"inLanguage\":\"en-US\"}]}<\/script>\n<!-- \/ Yoast SEO plugin. -->","yoast_head_json":{"title":"B\u1ed9 nh\u1edb trong Dato 2\/1600 (Ram DATO DDR3 2G \/ Bus 1600) - ThanhPhat PC","robots":{"index":"index","follow":"follow","max-snippet":"max-snippet:-1","max-image-preview":"max-image-preview:large","max-video-preview":"max-video-preview:-1"},"canonical":"https:\/\/thanhphatpc.com\/en\/bo-nho-trong-dato-2-1600-ram-dato-ddr3-2g-bus-1600\/","og_locale":"en_US","og_type":"article","og_title":"B\u1ed9 nh\u1edb trong Dato 2\/1600 (Ram DATO DDR3 2G \/ Bus 1600) - ThanhPhat PC","og_description":"- Capacity: 2GB - Mhz: 1600 Mhz - Pin: 240 pins - Chips: 128M x 8, 256M x8 - Voltage: 1.5V - Package: FBGA","og_url":"https:\/\/thanhphatpc.com\/en\/bo-nho-trong-dato-2-1600-ram-dato-ddr3-2g-bus-1600\/","og_site_name":"ThanhPhat PC","article_modified_time":"2019-09-30T07:00:53+00:00","og_image":[{"width":500,"height":500,"url":"https:\/\/thanhphatpc.com\/wp-content\/uploads\/2019\/09\/bus-1600.jpg","type":"image\/jpeg"}],"twitter_card":"summary_large_image","twitter_misc":{"Est. reading time":"2 minutes"},"schema":{"@context":"https:\/\/schema.org","@graph":[{"@type":"WebPage","@id":"https:\/\/thanhphatpc.com\/bo-nho-trong-dato-2-1600-ram-dato-ddr3-2g-bus-1600\/","url":"https:\/\/thanhphatpc.com\/bo-nho-trong-dato-2-1600-ram-dato-ddr3-2g-bus-1600\/","name":"B\u1ed9 nh\u1edb trong Dato 2\/1600 (Ram DATO DDR3 2G \/ Bus 1600) - ThanhPhat PC","isPartOf":{"@id":"https:\/\/thanhphatpc.com\/#website"},"primaryImageOfPage":{"@id":"https:\/\/thanhphatpc.com\/bo-nho-trong-dato-2-1600-ram-dato-ddr3-2g-bus-1600\/#primaryimage"},"image":{"@id":"https:\/\/thanhphatpc.com\/bo-nho-trong-dato-2-1600-ram-dato-ddr3-2g-bus-1600\/#primaryimage"},"thumbnailUrl":"https:\/\/thanhphatpc.com\/wp-content\/uploads\/2019\/09\/bus-1600.jpg","datePublished":"2019-09-30T07:00:52+00:00","dateModified":"2019-09-30T07:00:53+00:00","breadcrumb":{"@id":"https:\/\/thanhphatpc.com\/bo-nho-trong-dato-2-1600-ram-dato-ddr3-2g-bus-1600\/#breadcrumb"},"inLanguage":"en-US","potentialAction":[{"@type":"ReadAction","target":["https:\/\/thanhphatpc.com\/bo-nho-trong-dato-2-1600-ram-dato-ddr3-2g-bus-1600\/"]}]},{"@type":"ImageObject","inLanguage":"en-US","@id":"https:\/\/thanhphatpc.com\/bo-nho-trong-dato-2-1600-ram-dato-ddr3-2g-bus-1600\/#primaryimage","url":"https:\/\/thanhphatpc.com\/wp-content\/uploads\/2019\/09\/bus-1600.jpg","contentUrl":"https:\/\/thanhphatpc.com\/wp-content\/uploads\/2019\/09\/bus-1600.jpg","width":500,"height":500},{"@type":"BreadcrumbList","@id":"https:\/\/thanhphatpc.com\/bo-nho-trong-dato-2-1600-ram-dato-ddr3-2g-bus-1600\/#breadcrumb","itemListElement":[{"@type":"ListItem","position":1,"name":"Trang ch\u1ee7","item":"https:\/\/thanhphatpc.com\/"},{"@type":"ListItem","position":2,"name":"C\u1eeda h\u00e0ng","item":"https:\/\/thanhphatpc.com\/cua-hang\/"},{"@type":"ListItem","position":3,"name":"B\u1ed9 nh\u1edb trong Dato 2\/1600 (Ram DATO DDR3 2G \/ Bus 1600)"}]},{"@type":"WebSite","@id":"https:\/\/thanhphatpc.com\/#website","url":"https:\/\/thanhphatpc.com\/","name":"ThanhPhat PC","description":"D\u1ecbch v\u1ee5 ho\u00e0n h\u1ea3o","potentialAction":[{"@type":"SearchAction","target":{"@type":"EntryPoint","urlTemplate":"https:\/\/thanhphatpc.com\/?s={search_term_string}"},"query-input":{"@type":"PropertyValueSpecification","valueRequired":true,"valueName":"search_term_string"}}],"inLanguage":"en-US"}]}},"_links":{"self":[{"href":"https:\/\/thanhphatpc.com\/en\/wp-json\/wp\/v2\/product\/3545","targetHints":{"allow":["GET"]}}],"collection":[{"href":"https:\/\/thanhphatpc.com\/en\/wp-json\/wp\/v2\/product"}],"about":[{"href":"https:\/\/thanhphatpc.com\/en\/wp-json\/wp\/v2\/types\/product"}],"replies":[{"embeddable":true,"href":"https:\/\/thanhphatpc.com\/en\/wp-json\/wp\/v2\/comments?post=3545"}],"wp:featuredmedia":[{"embeddable":true,"href":"https:\/\/thanhphatpc.com\/en\/wp-json\/wp\/v2\/media\/3546"}],"wp:attachment":[{"href":"https:\/\/thanhphatpc.com\/en\/wp-json\/wp\/v2\/media?parent=3545"}],"wp:term":[{"taxonomy":"product_cat","embeddable":true,"href":"https:\/\/thanhphatpc.com\/en\/wp-json\/wp\/v2\/product_cat?post=3545"},{"taxonomy":"product_tag","embeddable":true,"href":"https:\/\/thanhphatpc.com\/en\/wp-json\/wp\/v2\/product_tag?post=3545"}],"curies":[{"name":"wp","href":"https:\/\/api.w.org\/{rel}","templated":true}]}}