{"id":3547,"date":"2019-09-30T14:08:15","date_gmt":"2019-09-30T07:08:15","guid":{"rendered":"https:\/\/thanhphatpc.com\/?post_type=product&#038;p=3547"},"modified":"2021-07-13T12:16:24","modified_gmt":"2021-07-13T05:16:24","slug":"cpu-intel-celeron-g3930-2-9ghz-2mb-cache-kabylake","status":"publish","type":"product","link":"https:\/\/thanhphatpc.com\/en\/cpu-intel-celeron-g3930-2-9ghz-2mb-cache-kabylake\/","title":{"rendered":"CPU Intel Celeron G3930 (2.9Ghz\/ 2Mb cache) Kabylake"},"content":{"rendered":"<h2 class=\"h-title\">TH\u00d4NG S\u1ed0 K\u1ef8 THU\u1eacT<\/h2>\n<div class=\"tbl-technical nd\">\n<table width=\"691\">\n<tbody>\n<tr>\n<td width=\"177\">S\u1ea3n ph\u1ea9m<\/td>\n<td width=\"514\">B\u00f4\u0323 vi x\u01b0\u0309 ly\u0301 (CPU)<\/td>\n<\/tr>\n<tr>\n<td>H\u00e3ng s\u1ea3n xu\u1ea5t<\/td>\n<td width=\"514\">Intel<\/td>\n<\/tr>\n<tr>\n<td>M\u00e3 CPU<\/td>\n<td width=\"514\">G3930<\/td>\n<\/tr>\n<tr>\n<td>Do\u0300ng CPU<\/td>\n<td width=\"514\">Celeron\u00a0Kabylake<\/td>\n<\/tr>\n<tr>\n<td>Socket<\/td>\n<td width=\"514\">LGA1151<\/td>\n<\/tr>\n<tr>\n<td>T\u00f4\u0301c \u0111\u00f4\u0323<\/td>\n<td width=\"514\">2.9Ghz<\/td>\n<\/tr>\n<tr>\n<td>T\u1ed1c \u0111\u1ed9 Tubor t\u00f4\u0301i \u0111a<\/td>\n<td width=\"514\">Kh\u00f4ng c\u00f3<\/td>\n<\/tr>\n<tr>\n<td>Cache<\/td>\n<td width=\"514\">2Mb<\/td>\n<\/tr>\n<tr>\n<td>Nh\u00e2n CPU<\/td>\n<td width=\"514\">2 Core<\/td>\n<\/tr>\n<tr>\n<td>Lu\u00f4\u0300ng CPU<\/td>\n<td width=\"514\">2 Threads<\/td>\n<\/tr>\n<tr>\n<td>VXL \u0111\u00f4\u0300 ho\u0323a<\/td>\n<td width=\"514\">Intel\u00ae HD Graphics 610<\/td>\n<\/tr>\n<tr>\n<td>D\u00e2y chuy\u00ea\u0300n c\u00f4ng ngh\u00ea\u0323<\/td>\n<td width=\"514\">14nm<\/td>\n<\/tr>\n<tr>\n<td>\u0110i\u00ea\u0323n a\u0301p ti\u00eau thu\u0323 t\u00f4\u0301i \u0111a<\/td>\n<td width=\"514\">51W<\/td>\n<\/tr>\n<tr>\n<td>Ti\u0301nh n\u0103ng kha\u0301c<\/td>\n<td width=\"514\">\u0110ang c\u00e2\u0323p nh\u00e2\u0323t<\/td>\n<\/tr>\n<tr>\n<td>Ki\u00ea\u0309u \u0111\u00f3ng g\u00f3i<\/td>\n<td width=\"514\">Box<\/td>\n<\/tr>\n<\/tbody>\n<\/table>\n<\/div>","protected":false},"excerpt":{"rendered":"<ul class=\"ul\">\n<li>&#8211; Socket: LGA1151<\/li>\n<li><i class=\"before\"><\/i>&#8211; T\u00f4\u0301c \u0111\u00f4\u0323\/ Cache: 2.9Ghz\/ 2Mb<\/li>\n<li><i class=\"before\"><\/i>&#8211; S\u1ed1 nh\u00e2n\/ S\u1ed1 lu\u1ed3ng: 2 Core\/ 2 Threads<\/li>\n<li><i class=\"before\"><\/i>&#8211; VXL \u0111\u00f4\u0300 ho\u0323a: Intel\u00ae HD Graphics 610<\/li>\n<li><i class=\"before\"><\/i>&#8211; Ki\u00ea\u0309u \u0111o\u0301ng go\u0301i: Box<\/li>\n<\/ul>","protected":false},"featured_media":3548,"comment_status":"open","ping_status":"closed","template":"","meta":{"_acf_changed":false},"product_cat":[385,381,382],"product_tag":[413],"class_list":{"0":"post-3547","1":"product","2":"type-product","3":"status-publish","4":"has-post-thumbnail","6":"product_cat-cpu","7":"product_cat-linh-phu-kien","8":"product_cat-pc","9":"product_tag-cpu","11":"first","12":"outofstock","13":"shipping-taxable","14":"purchasable","15":"product-type-simple"},"acf":[],"yoast_head":"<!-- This site is optimized with the Yoast SEO plugin v23.8 - https:\/\/yoast.com\/wordpress\/plugins\/seo\/ -->\n<title>CPU Intel Celeron G3930 (2.9Ghz\/ 2Mb cache) Kabylake - ThanhPhat PC<\/title>\n<meta name=\"robots\" content=\"index, follow, max-snippet:-1, max-image-preview:large, max-video-preview:-1\" \/>\n<link rel=\"canonical\" href=\"https:\/\/thanhphatpc.com\/en\/cpu-intel-celeron-g3930-2-9ghz-2mb-cache-kabylake\/\" \/>\n<meta property=\"og:locale\" content=\"en_US\" \/>\n<meta property=\"og:type\" content=\"article\" \/>\n<meta property=\"og:title\" content=\"CPU Intel Celeron G3930 (2.9Ghz\/ 2Mb cache) Kabylake - ThanhPhat PC\" \/>\n<meta property=\"og:description\" content=\"- Socket: LGA1151  - T\u00f4\u0301c \u0111\u00f4\u0323\/ Cache: 2.9Ghz\/ 2Mb  - S\u1ed1 nh\u00e2n\/ S\u1ed1 lu\u1ed3ng: 2 Core\/ 2 Threads  - VXL \u0111\u00f4\u0300 ho\u0323a: Intel\u00ae HD Graphics 610  - Ki\u00ea\u0309u \u0111o\u0301ng go\u0301i: Box\" \/>\n<meta property=\"og:url\" content=\"https:\/\/thanhphatpc.com\/en\/cpu-intel-celeron-g3930-2-9ghz-2mb-cache-kabylake\/\" \/>\n<meta property=\"og:site_name\" content=\"ThanhPhat PC\" \/>\n<meta property=\"article:modified_time\" content=\"2021-07-13T05:16:24+00:00\" \/>\n<meta property=\"og:image\" content=\"https:\/\/thanhphatpc.com\/wp-content\/uploads\/2019\/09\/g3930.jpg\" \/>\n\t<meta property=\"og:image:width\" content=\"640\" \/>\n\t<meta property=\"og:image:height\" content=\"480\" \/>\n\t<meta property=\"og:image:type\" content=\"image\/jpeg\" \/>\n<meta name=\"twitter:card\" content=\"summary_large_image\" \/>\n<script type=\"application\/ld+json\" class=\"yoast-schema-graph\">{\"@context\":\"https:\/\/schema.org\",\"@graph\":[{\"@type\":\"WebPage\",\"@id\":\"https:\/\/thanhphatpc.com\/cpu-intel-celeron-g3930-2-9ghz-2mb-cache-kabylake\/\",\"url\":\"https:\/\/thanhphatpc.com\/cpu-intel-celeron-g3930-2-9ghz-2mb-cache-kabylake\/\",\"name\":\"CPU Intel Celeron G3930 (2.9Ghz\/ 2Mb cache) Kabylake - ThanhPhat PC\",\"isPartOf\":{\"@id\":\"https:\/\/thanhphatpc.com\/#website\"},\"primaryImageOfPage\":{\"@id\":\"https:\/\/thanhphatpc.com\/cpu-intel-celeron-g3930-2-9ghz-2mb-cache-kabylake\/#primaryimage\"},\"image\":{\"@id\":\"https:\/\/thanhphatpc.com\/cpu-intel-celeron-g3930-2-9ghz-2mb-cache-kabylake\/#primaryimage\"},\"thumbnailUrl\":\"https:\/\/thanhphatpc.com\/wp-content\/uploads\/2019\/09\/g3930.jpg\",\"datePublished\":\"2019-09-30T07:08:15+00:00\",\"dateModified\":\"2021-07-13T05:16:24+00:00\",\"breadcrumb\":{\"@id\":\"https:\/\/thanhphatpc.com\/cpu-intel-celeron-g3930-2-9ghz-2mb-cache-kabylake\/#breadcrumb\"},\"inLanguage\":\"en-US\",\"potentialAction\":[{\"@type\":\"ReadAction\",\"target\":[\"https:\/\/thanhphatpc.com\/cpu-intel-celeron-g3930-2-9ghz-2mb-cache-kabylake\/\"]}]},{\"@type\":\"ImageObject\",\"inLanguage\":\"en-US\",\"@id\":\"https:\/\/thanhphatpc.com\/cpu-intel-celeron-g3930-2-9ghz-2mb-cache-kabylake\/#primaryimage\",\"url\":\"https:\/\/thanhphatpc.com\/wp-content\/uploads\/2019\/09\/g3930.jpg\",\"contentUrl\":\"https:\/\/thanhphatpc.com\/wp-content\/uploads\/2019\/09\/g3930.jpg\",\"width\":640,\"height\":480},{\"@type\":\"BreadcrumbList\",\"@id\":\"https:\/\/thanhphatpc.com\/cpu-intel-celeron-g3930-2-9ghz-2mb-cache-kabylake\/#breadcrumb\",\"itemListElement\":[{\"@type\":\"ListItem\",\"position\":1,\"name\":\"Trang ch\u1ee7\",\"item\":\"https:\/\/thanhphatpc.com\/\"},{\"@type\":\"ListItem\",\"position\":2,\"name\":\"C\u1eeda h\u00e0ng\",\"item\":\"https:\/\/thanhphatpc.com\/cua-hang\/\"},{\"@type\":\"ListItem\",\"position\":3,\"name\":\"CPU Intel Celeron G3930 (2.9Ghz\/ 2Mb cache) Kabylake\"}]},{\"@type\":\"WebSite\",\"@id\":\"https:\/\/thanhphatpc.com\/#website\",\"url\":\"https:\/\/thanhphatpc.com\/\",\"name\":\"ThanhPhat PC\",\"description\":\"D\u1ecbch v\u1ee5 ho\u00e0n h\u1ea3o\",\"potentialAction\":[{\"@type\":\"SearchAction\",\"target\":{\"@type\":\"EntryPoint\",\"urlTemplate\":\"https:\/\/thanhphatpc.com\/?s={search_term_string}\"},\"query-input\":{\"@type\":\"PropertyValueSpecification\",\"valueRequired\":true,\"valueName\":\"search_term_string\"}}],\"inLanguage\":\"en-US\"}]}<\/script>\n<!-- \/ Yoast SEO plugin. -->","yoast_head_json":{"title":"CPU Intel Celeron G3930 (2.9Ghz\/ 2Mb cache) Kabylake - ThanhPhat PC","robots":{"index":"index","follow":"follow","max-snippet":"max-snippet:-1","max-image-preview":"max-image-preview:large","max-video-preview":"max-video-preview:-1"},"canonical":"https:\/\/thanhphatpc.com\/en\/cpu-intel-celeron-g3930-2-9ghz-2mb-cache-kabylake\/","og_locale":"en_US","og_type":"article","og_title":"CPU Intel Celeron G3930 (2.9Ghz\/ 2Mb cache) Kabylake - ThanhPhat PC","og_description":"- Socket: LGA1151  - T\u00f4\u0301c \u0111\u00f4\u0323\/ Cache: 2.9Ghz\/ 2Mb  - S\u1ed1 nh\u00e2n\/ S\u1ed1 lu\u1ed3ng: 2 Core\/ 2 Threads  - VXL \u0111\u00f4\u0300 ho\u0323a: Intel\u00ae HD Graphics 610  - Ki\u00ea\u0309u \u0111o\u0301ng go\u0301i: Box","og_url":"https:\/\/thanhphatpc.com\/en\/cpu-intel-celeron-g3930-2-9ghz-2mb-cache-kabylake\/","og_site_name":"ThanhPhat PC","article_modified_time":"2021-07-13T05:16:24+00:00","og_image":[{"width":640,"height":480,"url":"https:\/\/thanhphatpc.com\/wp-content\/uploads\/2019\/09\/g3930.jpg","type":"image\/jpeg"}],"twitter_card":"summary_large_image","schema":{"@context":"https:\/\/schema.org","@graph":[{"@type":"WebPage","@id":"https:\/\/thanhphatpc.com\/cpu-intel-celeron-g3930-2-9ghz-2mb-cache-kabylake\/","url":"https:\/\/thanhphatpc.com\/cpu-intel-celeron-g3930-2-9ghz-2mb-cache-kabylake\/","name":"CPU Intel Celeron G3930 (2.9Ghz\/ 2Mb cache) Kabylake - ThanhPhat PC","isPartOf":{"@id":"https:\/\/thanhphatpc.com\/#website"},"primaryImageOfPage":{"@id":"https:\/\/thanhphatpc.com\/cpu-intel-celeron-g3930-2-9ghz-2mb-cache-kabylake\/#primaryimage"},"image":{"@id":"https:\/\/thanhphatpc.com\/cpu-intel-celeron-g3930-2-9ghz-2mb-cache-kabylake\/#primaryimage"},"thumbnailUrl":"https:\/\/thanhphatpc.com\/wp-content\/uploads\/2019\/09\/g3930.jpg","datePublished":"2019-09-30T07:08:15+00:00","dateModified":"2021-07-13T05:16:24+00:00","breadcrumb":{"@id":"https:\/\/thanhphatpc.com\/cpu-intel-celeron-g3930-2-9ghz-2mb-cache-kabylake\/#breadcrumb"},"inLanguage":"en-US","potentialAction":[{"@type":"ReadAction","target":["https:\/\/thanhphatpc.com\/cpu-intel-celeron-g3930-2-9ghz-2mb-cache-kabylake\/"]}]},{"@type":"ImageObject","inLanguage":"en-US","@id":"https:\/\/thanhphatpc.com\/cpu-intel-celeron-g3930-2-9ghz-2mb-cache-kabylake\/#primaryimage","url":"https:\/\/thanhphatpc.com\/wp-content\/uploads\/2019\/09\/g3930.jpg","contentUrl":"https:\/\/thanhphatpc.com\/wp-content\/uploads\/2019\/09\/g3930.jpg","width":640,"height":480},{"@type":"BreadcrumbList","@id":"https:\/\/thanhphatpc.com\/cpu-intel-celeron-g3930-2-9ghz-2mb-cache-kabylake\/#breadcrumb","itemListElement":[{"@type":"ListItem","position":1,"name":"Trang ch\u1ee7","item":"https:\/\/thanhphatpc.com\/"},{"@type":"ListItem","position":2,"name":"C\u1eeda h\u00e0ng","item":"https:\/\/thanhphatpc.com\/cua-hang\/"},{"@type":"ListItem","position":3,"name":"CPU Intel Celeron G3930 (2.9Ghz\/ 2Mb cache) Kabylake"}]},{"@type":"WebSite","@id":"https:\/\/thanhphatpc.com\/#website","url":"https:\/\/thanhphatpc.com\/","name":"ThanhPhat PC","description":"D\u1ecbch v\u1ee5 ho\u00e0n h\u1ea3o","potentialAction":[{"@type":"SearchAction","target":{"@type":"EntryPoint","urlTemplate":"https:\/\/thanhphatpc.com\/?s={search_term_string}"},"query-input":{"@type":"PropertyValueSpecification","valueRequired":true,"valueName":"search_term_string"}}],"inLanguage":"en-US"}]}},"_links":{"self":[{"href":"https:\/\/thanhphatpc.com\/en\/wp-json\/wp\/v2\/product\/3547","targetHints":{"allow":["GET"]}}],"collection":[{"href":"https:\/\/thanhphatpc.com\/en\/wp-json\/wp\/v2\/product"}],"about":[{"href":"https:\/\/thanhphatpc.com\/en\/wp-json\/wp\/v2\/types\/product"}],"replies":[{"embeddable":true,"href":"https:\/\/thanhphatpc.com\/en\/wp-json\/wp\/v2\/comments?post=3547"}],"wp:featuredmedia":[{"embeddable":true,"href":"https:\/\/thanhphatpc.com\/en\/wp-json\/wp\/v2\/media\/3548"}],"wp:attachment":[{"href":"https:\/\/thanhphatpc.com\/en\/wp-json\/wp\/v2\/media?parent=3547"}],"wp:term":[{"taxonomy":"product_cat","embeddable":true,"href":"https:\/\/thanhphatpc.com\/en\/wp-json\/wp\/v2\/product_cat?post=3547"},{"taxonomy":"product_tag","embeddable":true,"href":"https:\/\/thanhphatpc.com\/en\/wp-json\/wp\/v2\/product_tag?post=3547"}],"curies":[{"name":"wp","href":"https:\/\/api.w.org\/{rel}","templated":true}]}}