{"id":3549,"date":"2019-09-30T14:18:01","date_gmt":"2019-09-30T07:18:01","guid":{"rendered":"https:\/\/thanhphatpc.com\/?post_type=product&#038;p=3549"},"modified":"2019-09-30T14:18:46","modified_gmt":"2019-09-30T07:18:46","slug":"hdd-western-caviar-blue-1tb-7200rpm-sata3-6gb-s-64mb-cache","status":"publish","type":"product","link":"https:\/\/thanhphatpc.com\/en\/hdd-western-caviar-blue-1tb-7200rpm-sata3-6gb-s-64mb-cache\/","title":{"rendered":"HDD Western Caviar Blue 1TB 7200Rpm, SATA3 6Gb\/s, 64MB Cache"},"content":{"rendered":"<table border=\"0\">\n<tbody>\n<tr>\n<td><strong>T\u0103ng dung l\u01b0\u1ee3ng l\u01b0u tr\u1eef v\u1edbi m\u00fac gi\u00e1 ph\u00f9 h\u1ee3p<\/strong><\/p>\n<p>V\u1edbi m\u1ee9c dung l\u01b0\u1ee3ng l\u00ean t\u1edbi 4 TB \u0111\u1ea3m b\u1ea3o nhu c\u1ea7u l\u01b0u tr\u1eef c\u1ee7a kh\u00e1ch h\u00e0ng<\/p>\n<p>c\u00f9ng m\u1ee9c chi ph\u00ed ph\u00f9 h\u1ee3p.<\/p>\n<p>&nbsp;<\/p>\n<p>&nbsp;<\/p>\n<p>&nbsp;<\/p>\n<p>&nbsp;<\/p>\n<p>&nbsp;<\/p>\n<p>&nbsp;<\/p>\n<p>&nbsp;<\/p>\n<p>&nbsp;<\/p>\n<p>&nbsp;<\/p>\n<p>&nbsp;<\/p>\n<p>&nbsp;<\/p>\n<p>&nbsp;<\/td>\n<td>\u00a0<img decoding=\"async\" src=\"https:\/\/www.hanoicomputer.vn\/media\/lib\/31091_Western_Digital-2411224664-compressed-WDBlue_PC_Hero-.jpg\" alt=\"\" width=\"400\" \/><\/td>\n<\/tr>\n<tr>\n<td>\u00a0<img decoding=\"async\" src=\"https:\/\/www.hanoicomputer.vn\/media\/lib\/31091_Western_Digital-2410985372-compressed-WD-Red-Pro-1920x964-feature2-.jpg\" alt=\"\" width=\"400\" \/><\/td>\n<td><strong>D\u1ec5 d\u00e0ng sao l\u01b0u v\u00e0 n\u00e2ng c\u1ea5p<\/strong><\/p>\n<p>Ph\u1ea7n m\u1ec1m\u00a0Acronis True Image WD Edition s\u1ebd \u0111\u01a1n gi\u1ea3n h\u00f3a vi\u1ec7c sao l\u01b0u<\/p>\n<p>v\u00e0 chuy\u1ec3n h\u1ec7 \u0111i\u1ec1u h\u00e0nh, \u1ee9ng d\u1ee5ng, d\u1eef li\u1ec7u.<\/p>\n<p>&nbsp;<\/p>\n<p>&nbsp;<\/p>\n<p>&nbsp;<\/p>\n<p>&nbsp;<\/p>\n<p>&nbsp;<\/td>\n<\/tr>\n<tr>\n<td><strong>C\u00f4ng ngh\u1ec7 b\u1ea3o v\u1ec7 d\u1eef li\u1ec7u\u00a0<\/strong><\/p>\n<p>C\u00f4ng ngh\u1ec7\u00a0NoTouch Ramp \u0111\u1ea3m b\u1ea3o \u0111\u1ea7u t\u1eeb \u0111\u1ecdc ghi gi\u1eef \u1edf v\u1ecb tr\u00ed an to\u00e0n<\/p>\n<p>tr\u00e1nh nh\u1eefng va ch\u1ea1m kh\u00f4ng c\u1ea7n thi\u1ebft g\u00e2y \u1ea3nh h\u01b0\u1edfng \u0111\u1ebfn d\u1eef li\u1ec7u<\/p>\n<p>&nbsp;<\/p>\n<p>&nbsp;<\/p>\n<p>&nbsp;<\/p>\n<p>&nbsp;<\/p>\n<p>&nbsp;<\/td>\n<td>\u00a0<img decoding=\"async\" src=\"https:\/\/www.hanoicomputer.vn\/media\/lib\/31091_Western_Digital-2411224314-compressed-Components_04_EnvironmentalTile_1920x964-WD-Blue-.jpg\" alt=\"\" width=\"400\" \/><\/td>\n<\/tr>\n<tr>\n<td>\u00a0<img decoding=\"async\" src=\"https:\/\/www.hanoicomputer.vn\/media\/lib\/31091_Western_Digital-2411382542-compressed-05_BlueSSD_Desktop_Feature-.jpg\" alt=\"\" width=\"400\" \/><\/td>\n<td><strong>Ch\u1ea5t l\u01b0\u1ee3ng \u0111\u01b0\u1ee3c \u0111\u1ea3m b\u1ea3o<\/strong><\/p>\n<p>T\u1ea5t c\u1ea3 \u1ed5 c\u1ee9ng\u00a0\u0111\u00e3 v\u01b0\u1ee3t qua t\u1ea5t c\u1ea3 c\u00e1c b\u00e0i test v\u1ec1 kh\u1ea3 n\u0103ng t\u01b0\u01a1ng th\u00edch v\u00e0<\/p>\n<p>\u0111\u1ed9 tin c\u1eady tr\u01b0\u1edbc khi xu\u1ea5t x\u01b0\u1edfng v\u00e0 c\u00f3 th\u1eddi gian b\u1ea3o h\u00e0nh 2 n\u0103m<\/p>\n<p>&nbsp;<\/p>\n<p>&nbsp;<\/p>\n<p>&nbsp;<\/p>\n<p>&nbsp;<\/p>\n<p>&nbsp;<\/td>\n<\/tr>\n<\/tbody>\n<\/table>","protected":false},"excerpt":{"rendered":"<h2 style=\"font-weight: 600;\">TH\u00d4NG S\u1ed0 K\u1ef8 THU\u1eacT<\/h2>\n<table>\n<tbody>\n<tr>\n<td colspan=\"2\" width=\"536\"><b><strong>M\u00f4 t\u1ea3 chi ti\u1ebft<\/strong><\/b><\/td>\n<\/tr>\n<tr>\n<td width=\"145\">H\u00e3ng s\u1ea3n xu\u1ea5t<\/td>\n<td width=\"391\">Western Digital<\/td>\n<\/tr>\n<tr>\n<td width=\"145\">Ch\u1ee7ng lo\u1ea1i<\/td>\n<td width=\"391\">1TB\/7200 Caviar Blue Sata3 64M<b><strong>B Cache<br \/>\n<\/strong><\/b><\/td>\n<\/tr>\n<tr>\n<td width=\"145\">Dung l\u01b0\u1ee3ng<\/td>\n<td width=\"391\">1TB<\/td>\n<\/tr>\n<tr>\n<td width=\"145\">Chu\u1ea9n c\u1eafm<\/td>\n<td width=\"391\">SATA III<\/td>\n<\/tr>\n<tr>\n<td width=\"145\">B\u1ed9 nh\u1edb \u0111\u1ec7m<\/td>\n<td width=\"391\">64 M\u00a0cache<\/td>\n<\/tr>\n<tr>\n<td width=\"145\">T\u1ed1c \u0111\u1ed9 v\u00f2ng quay<\/td>\n<td width=\"391\">7200 rpm<\/td>\n<\/tr>\n<tr>\n<td width=\"145\">T\u1ed1c \u0111\u1ed9 truy\u1ec1n d\u1eef li\u1ec7u<\/td>\n<td width=\"391\">6 Gbps<\/td>\n<\/tr>\n<tr>\n<td width=\"145\">\u0110i\u1ec7n \u00e1p<\/td>\n<td width=\"391\">5 Volt<\/td>\n<\/tr>\n<tr>\n<td width=\"145\">Lo\u1ea1i \u1ed5 c\u1ee9ng<\/td>\n<td width=\"391\">C\u01a1<\/td>\n<\/tr>\n<tr>\n<td width=\"145\">D\u00f9ng cho<\/td>\n<td width=\"391\">PC<\/td>\n<\/tr>\n<tr>\n<td width=\"145\">K\u00edch th\u01b0\u1edbc<\/td>\n<td width=\"391\">3.5&#8221;<\/td>\n<\/tr>\n<\/tbody>\n<\/table>","protected":false},"featured_media":3551,"comment_status":"open","ping_status":"closed","template":"","meta":{"_acf_changed":false},"product_cat":[381,387,382],"product_tag":[414],"class_list":{"0":"post-3549","1":"product","2":"type-product","3":"status-publish","4":"has-post-thumbnail","6":"product_cat-linh-phu-kien","7":"product_cat-o-cung","8":"product_cat-pc","9":"product_tag-o-cung","11":"first","12":"instock","13":"shipping-taxable","14":"purchasable","15":"product-type-simple"},"acf":[],"yoast_head":"<!-- This site is optimized with the Yoast SEO plugin v23.8 - https:\/\/yoast.com\/wordpress\/plugins\/seo\/ -->\n<title>HDD Western Caviar Blue 1TB 7200Rpm, SATA3 6Gb\/s, 64MB Cache - ThanhPhat PC<\/title>\n<meta name=\"robots\" content=\"index, follow, max-snippet:-1, max-image-preview:large, max-video-preview:-1\" \/>\n<link rel=\"canonical\" href=\"https:\/\/thanhphatpc.com\/en\/hdd-western-caviar-blue-1tb-7200rpm-sata3-6gb-s-64mb-cache\/\" \/>\n<meta property=\"og:locale\" content=\"en_US\" \/>\n<meta property=\"og:type\" content=\"article\" \/>\n<meta property=\"og:title\" content=\"HDD Western Caviar Blue 1TB 7200Rpm, SATA3 6Gb\/s, 64MB Cache - ThanhPhat PC\" \/>\n<meta property=\"og:description\" content=\"TH\u00d4NG S\u1ed0 K\u1ef8 THU\u1eacT    M\u00f4 t\u1ea3 chi ti\u1ebft   H\u00e3ng s\u1ea3n xu\u1ea5t Western Digital   Ch\u1ee7ng lo\u1ea1i 1TB\/7200 Caviar Blue Sata3 64MB Cache    Dung l\u01b0\u1ee3ng 1TB   Chu\u1ea9n c\u1eafm SATA III   B\u1ed9 nh\u1edb \u0111\u1ec7m 64 M\u00a0cache   T\u1ed1c \u0111\u1ed9 v\u00f2ng quay 7200 rpm   T\u1ed1c \u0111\u1ed9 truy\u1ec1n d\u1eef li\u1ec7u 6 Gbps   \u0110i\u1ec7n \u00e1p 5 Volt   Lo\u1ea1i \u1ed5 c\u1ee9ng C\u01a1   D\u00f9ng cho PC   K\u00edch th\u01b0\u1edbc 3.5&#039;&#039;\" \/>\n<meta property=\"og:url\" content=\"https:\/\/thanhphatpc.com\/en\/hdd-western-caviar-blue-1tb-7200rpm-sata3-6gb-s-64mb-cache\/\" \/>\n<meta property=\"og:site_name\" content=\"ThanhPhat PC\" \/>\n<meta property=\"article:modified_time\" content=\"2019-09-30T07:18:46+00:00\" \/>\n<meta property=\"og:image\" content=\"https:\/\/thanhphatpc.com\/wp-content\/uploads\/2019\/09\/31091_Western_Digital-2411224664-compressed-WDBlue_PC_Hero-.jpg\" \/>\n\t<meta property=\"og:image:width\" content=\"1000\" \/>\n\t<meta property=\"og:image:height\" content=\"1000\" \/>\n\t<meta property=\"og:image:type\" content=\"image\/jpeg\" \/>\n<meta name=\"twitter:card\" content=\"summary_large_image\" \/>\n<meta name=\"twitter:label1\" content=\"Est. reading time\" \/>\n\t<meta name=\"twitter:data1\" content=\"1 minute\" \/>\n<script type=\"application\/ld+json\" class=\"yoast-schema-graph\">{\"@context\":\"https:\/\/schema.org\",\"@graph\":[{\"@type\":\"WebPage\",\"@id\":\"https:\/\/thanhphatpc.com\/hdd-western-caviar-blue-1tb-7200rpm-sata3-6gb-s-64mb-cache\/\",\"url\":\"https:\/\/thanhphatpc.com\/hdd-western-caviar-blue-1tb-7200rpm-sata3-6gb-s-64mb-cache\/\",\"name\":\"HDD Western Caviar Blue 1TB 7200Rpm, SATA3 6Gb\/s, 64MB Cache - ThanhPhat PC\",\"isPartOf\":{\"@id\":\"https:\/\/thanhphatpc.com\/#website\"},\"primaryImageOfPage\":{\"@id\":\"https:\/\/thanhphatpc.com\/hdd-western-caviar-blue-1tb-7200rpm-sata3-6gb-s-64mb-cache\/#primaryimage\"},\"image\":{\"@id\":\"https:\/\/thanhphatpc.com\/hdd-western-caviar-blue-1tb-7200rpm-sata3-6gb-s-64mb-cache\/#primaryimage\"},\"thumbnailUrl\":\"https:\/\/thanhphatpc.com\/wp-content\/uploads\/2019\/09\/31091_Western_Digital-2411224664-compressed-WDBlue_PC_Hero-.jpg\",\"datePublished\":\"2019-09-30T07:18:01+00:00\",\"dateModified\":\"2019-09-30T07:18:46+00:00\",\"breadcrumb\":{\"@id\":\"https:\/\/thanhphatpc.com\/hdd-western-caviar-blue-1tb-7200rpm-sata3-6gb-s-64mb-cache\/#breadcrumb\"},\"inLanguage\":\"en-US\",\"potentialAction\":[{\"@type\":\"ReadAction\",\"target\":[\"https:\/\/thanhphatpc.com\/hdd-western-caviar-blue-1tb-7200rpm-sata3-6gb-s-64mb-cache\/\"]}]},{\"@type\":\"ImageObject\",\"inLanguage\":\"en-US\",\"@id\":\"https:\/\/thanhphatpc.com\/hdd-western-caviar-blue-1tb-7200rpm-sata3-6gb-s-64mb-cache\/#primaryimage\",\"url\":\"https:\/\/thanhphatpc.com\/wp-content\/uploads\/2019\/09\/31091_Western_Digital-2411224664-compressed-WDBlue_PC_Hero-.jpg\",\"contentUrl\":\"https:\/\/thanhphatpc.com\/wp-content\/uploads\/2019\/09\/31091_Western_Digital-2411224664-compressed-WDBlue_PC_Hero-.jpg\",\"width\":1000,\"height\":1000},{\"@type\":\"BreadcrumbList\",\"@id\":\"https:\/\/thanhphatpc.com\/hdd-western-caviar-blue-1tb-7200rpm-sata3-6gb-s-64mb-cache\/#breadcrumb\",\"itemListElement\":[{\"@type\":\"ListItem\",\"position\":1,\"name\":\"Trang ch\u1ee7\",\"item\":\"https:\/\/thanhphatpc.com\/\"},{\"@type\":\"ListItem\",\"position\":2,\"name\":\"C\u1eeda h\u00e0ng\",\"item\":\"https:\/\/thanhphatpc.com\/cua-hang\/\"},{\"@type\":\"ListItem\",\"position\":3,\"name\":\"HDD Western Caviar Blue 1TB 7200Rpm, SATA3 6Gb\/s, 64MB Cache\"}]},{\"@type\":\"WebSite\",\"@id\":\"https:\/\/thanhphatpc.com\/#website\",\"url\":\"https:\/\/thanhphatpc.com\/\",\"name\":\"ThanhPhat PC\",\"description\":\"D\u1ecbch v\u1ee5 ho\u00e0n h\u1ea3o\",\"potentialAction\":[{\"@type\":\"SearchAction\",\"target\":{\"@type\":\"EntryPoint\",\"urlTemplate\":\"https:\/\/thanhphatpc.com\/?s={search_term_string}\"},\"query-input\":{\"@type\":\"PropertyValueSpecification\",\"valueRequired\":true,\"valueName\":\"search_term_string\"}}],\"inLanguage\":\"en-US\"}]}<\/script>\n<!-- \/ Yoast SEO plugin. -->","yoast_head_json":{"title":"HDD Western Caviar Blue 1TB 7200Rpm, SATA3 6Gb\/s, 64MB Cache - ThanhPhat PC","robots":{"index":"index","follow":"follow","max-snippet":"max-snippet:-1","max-image-preview":"max-image-preview:large","max-video-preview":"max-video-preview:-1"},"canonical":"https:\/\/thanhphatpc.com\/en\/hdd-western-caviar-blue-1tb-7200rpm-sata3-6gb-s-64mb-cache\/","og_locale":"en_US","og_type":"article","og_title":"HDD Western Caviar Blue 1TB 7200Rpm, SATA3 6Gb\/s, 64MB Cache - ThanhPhat PC","og_description":"TH\u00d4NG S\u1ed0 K\u1ef8 THU\u1eacT    M\u00f4 t\u1ea3 chi ti\u1ebft   H\u00e3ng s\u1ea3n xu\u1ea5t Western Digital   Ch\u1ee7ng lo\u1ea1i 1TB\/7200 Caviar Blue Sata3 64MB Cache    Dung l\u01b0\u1ee3ng 1TB   Chu\u1ea9n c\u1eafm SATA III   B\u1ed9 nh\u1edb \u0111\u1ec7m 64 M\u00a0cache   T\u1ed1c \u0111\u1ed9 v\u00f2ng quay 7200 rpm   T\u1ed1c \u0111\u1ed9 truy\u1ec1n d\u1eef li\u1ec7u 6 Gbps   \u0110i\u1ec7n \u00e1p 5 Volt   Lo\u1ea1i \u1ed5 c\u1ee9ng C\u01a1   D\u00f9ng cho PC   K\u00edch th\u01b0\u1edbc 3.5''","og_url":"https:\/\/thanhphatpc.com\/en\/hdd-western-caviar-blue-1tb-7200rpm-sata3-6gb-s-64mb-cache\/","og_site_name":"ThanhPhat PC","article_modified_time":"2019-09-30T07:18:46+00:00","og_image":[{"width":1000,"height":1000,"url":"https:\/\/thanhphatpc.com\/wp-content\/uploads\/2019\/09\/31091_Western_Digital-2411224664-compressed-WDBlue_PC_Hero-.jpg","type":"image\/jpeg"}],"twitter_card":"summary_large_image","twitter_misc":{"Est. reading time":"1 minute"},"schema":{"@context":"https:\/\/schema.org","@graph":[{"@type":"WebPage","@id":"https:\/\/thanhphatpc.com\/hdd-western-caviar-blue-1tb-7200rpm-sata3-6gb-s-64mb-cache\/","url":"https:\/\/thanhphatpc.com\/hdd-western-caviar-blue-1tb-7200rpm-sata3-6gb-s-64mb-cache\/","name":"HDD Western Caviar Blue 1TB 7200Rpm, SATA3 6Gb\/s, 64MB Cache - ThanhPhat PC","isPartOf":{"@id":"https:\/\/thanhphatpc.com\/#website"},"primaryImageOfPage":{"@id":"https:\/\/thanhphatpc.com\/hdd-western-caviar-blue-1tb-7200rpm-sata3-6gb-s-64mb-cache\/#primaryimage"},"image":{"@id":"https:\/\/thanhphatpc.com\/hdd-western-caviar-blue-1tb-7200rpm-sata3-6gb-s-64mb-cache\/#primaryimage"},"thumbnailUrl":"https:\/\/thanhphatpc.com\/wp-content\/uploads\/2019\/09\/31091_Western_Digital-2411224664-compressed-WDBlue_PC_Hero-.jpg","datePublished":"2019-09-30T07:18:01+00:00","dateModified":"2019-09-30T07:18:46+00:00","breadcrumb":{"@id":"https:\/\/thanhphatpc.com\/hdd-western-caviar-blue-1tb-7200rpm-sata3-6gb-s-64mb-cache\/#breadcrumb"},"inLanguage":"en-US","potentialAction":[{"@type":"ReadAction","target":["https:\/\/thanhphatpc.com\/hdd-western-caviar-blue-1tb-7200rpm-sata3-6gb-s-64mb-cache\/"]}]},{"@type":"ImageObject","inLanguage":"en-US","@id":"https:\/\/thanhphatpc.com\/hdd-western-caviar-blue-1tb-7200rpm-sata3-6gb-s-64mb-cache\/#primaryimage","url":"https:\/\/thanhphatpc.com\/wp-content\/uploads\/2019\/09\/31091_Western_Digital-2411224664-compressed-WDBlue_PC_Hero-.jpg","contentUrl":"https:\/\/thanhphatpc.com\/wp-content\/uploads\/2019\/09\/31091_Western_Digital-2411224664-compressed-WDBlue_PC_Hero-.jpg","width":1000,"height":1000},{"@type":"BreadcrumbList","@id":"https:\/\/thanhphatpc.com\/hdd-western-caviar-blue-1tb-7200rpm-sata3-6gb-s-64mb-cache\/#breadcrumb","itemListElement":[{"@type":"ListItem","position":1,"name":"Trang ch\u1ee7","item":"https:\/\/thanhphatpc.com\/"},{"@type":"ListItem","position":2,"name":"C\u1eeda h\u00e0ng","item":"https:\/\/thanhphatpc.com\/cua-hang\/"},{"@type":"ListItem","position":3,"name":"HDD Western Caviar Blue 1TB 7200Rpm, SATA3 6Gb\/s, 64MB Cache"}]},{"@type":"WebSite","@id":"https:\/\/thanhphatpc.com\/#website","url":"https:\/\/thanhphatpc.com\/","name":"ThanhPhat PC","description":"D\u1ecbch v\u1ee5 ho\u00e0n h\u1ea3o","potentialAction":[{"@type":"SearchAction","target":{"@type":"EntryPoint","urlTemplate":"https:\/\/thanhphatpc.com\/?s={search_term_string}"},"query-input":{"@type":"PropertyValueSpecification","valueRequired":true,"valueName":"search_term_string"}}],"inLanguage":"en-US"}]}},"_links":{"self":[{"href":"https:\/\/thanhphatpc.com\/en\/wp-json\/wp\/v2\/product\/3549","targetHints":{"allow":["GET"]}}],"collection":[{"href":"https:\/\/thanhphatpc.com\/en\/wp-json\/wp\/v2\/product"}],"about":[{"href":"https:\/\/thanhphatpc.com\/en\/wp-json\/wp\/v2\/types\/product"}],"replies":[{"embeddable":true,"href":"https:\/\/thanhphatpc.com\/en\/wp-json\/wp\/v2\/comments?post=3549"}],"wp:featuredmedia":[{"embeddable":true,"href":"https:\/\/thanhphatpc.com\/en\/wp-json\/wp\/v2\/media\/3551"}],"wp:attachment":[{"href":"https:\/\/thanhphatpc.com\/en\/wp-json\/wp\/v2\/media?parent=3549"}],"wp:term":[{"taxonomy":"product_cat","embeddable":true,"href":"https:\/\/thanhphatpc.com\/en\/wp-json\/wp\/v2\/product_cat?post=3549"},{"taxonomy":"product_tag","embeddable":true,"href":"https:\/\/thanhphatpc.com\/en\/wp-json\/wp\/v2\/product_tag?post=3549"}],"curies":[{"name":"wp","href":"https:\/\/api.w.org\/{rel}","templated":true}]}}