{"id":3552,"date":"2019-09-30T14:23:25","date_gmt":"2019-09-30T07:23:25","guid":{"rendered":"https:\/\/thanhphatpc.com\/?post_type=product&#038;p=3552"},"modified":"2019-09-30T14:23:25","modified_gmt":"2019-09-30T07:23:25","slug":"nguon-coolerplus-atx-550p4-300w-fan-12","status":"publish","type":"product","link":"https:\/\/thanhphatpc.com\/en\/nguon-coolerplus-atx-550p4-300w-fan-12\/","title":{"rendered":"Ngu\u1ed3n Coolerplus ATX 550P4 300W fan 12"},"content":{"rendered":"<p>TH\u00d4NG S\u1ed0 K\u1ef8 THU\u1eacT<\/p>\n<p>Chu\u00e2\u0309n ngu\u00f4\u0300n: ATX<\/p>\n<p>C\u00f4ng su\u00e2\u0301t danh \u0111i\u0323nh: 450W<\/p>\n<p>\u0110\u00e2\u0300u c\u00e2\u0301p \u0111i\u00ea\u0323n cho main: 20+4pins<\/p>\n<p>\u0110\u00e2\u0300u c\u00e2\u0301p \u0111i\u00ea\u0323n cho h\u00ea\u0323 th\u00f4\u0301ng: PCI-E 6Pin x 1\/CPU 4pin\/ SATA x 4\/ ATA x 3<\/p>\n<p>Qua\u0323t l\u00e0m m\u00e1t: Fan 12cm<\/p>\n<p>\u0110i\u00ea\u0323n \u00e1p va\u0300o: 220-230V<\/p>\n<p>Phu\u0323 ki\u00ea\u0323n ke\u0300m theo: C\u00e1p ngu\u1ed3n<\/p>\n<p>Ma\u0300u s\u0103\u0301c: N\/A<\/p>\n<p>Ki\u0301ch th\u01b0\u01a1\u0301c: 86 x 140 x 150 (mm)<\/p>\n<p>\u0110\u0103\u0323c \u0111i\u00ea\u0309m kha\u0301c: Co\u0301 ma\u0323ch ba\u0309o v\u00ea\u0323 OVP\/SCP\/OCP r\u01a1\u0300i cu\u0309a ngu\u00f4\u0300n cao c\u00e2\u0301p!<\/p>\n<p>S\u01b0\u0309 du\u0323ng MOSFET c\u00f4ng su\u00e2\u0301t l\u01a1\u0301n. Tu\u00f4\u0309i tho\u0323: MTBF (Mean Time Between Failure) &gt; 50,000 gi\u01a1\u0300 trong \u0111i\u00ea\u0300u ki\u00ea\u0323n 25oC. Ch\u01b0\u0301ng nh\u00e2\u0323n ti\u00eau chu\u00e2\u0309n : \u00a0EMI\/RFI\/FCC part 15 Class B.<\/p>","protected":false},"excerpt":{"rendered":"<p>TH\u00d4NG S\u1ed0 K\u1ef8 THU\u1eacT Chu\u00e2\u0309n ngu\u00f4\u0300n: ATX C\u00f4ng su\u00e2\u0301t danh \u0111i\u0323nh: 450W \u0110\u00e2\u0300u c\u00e2\u0301p \u0111i\u00ea\u0323n cho main: 20+4pins \u0110\u00e2\u0300u c\u00e2\u0301p \u0111i\u00ea\u0323n cho h\u00ea\u0323 th\u00f4\u0301ng: PCI-E 6Pin x 1\/CPU 4pin\/ SATA x 4\/ ATA x 3 Qua\u0323t l\u00e0m m\u00e1t: Fan 12cm \u0110i\u00ea\u0323n \u00e1p va\u0300o: 220-230V Phu\u0323 ki\u00ea\u0323n ke\u0300m theo: C\u00e1p ngu\u1ed3n Ma\u0300u s\u0103\u0301c: N\/A Ki\u0301ch th\u01b0\u01a1\u0301c: &#8230;<\/p>","protected":false},"featured_media":3553,"comment_status":"open","ping_status":"closed","template":"","meta":{"_acf_changed":false},"product_cat":[381,388,382],"product_tag":[415],"class_list":{"0":"post-3552","1":"product","2":"type-product","3":"status-publish","4":"has-post-thumbnail","6":"product_cat-linh-phu-kien","7":"product_cat-nguon","8":"product_cat-pc","9":"product_tag-nguon","11":"first","12":"instock","13":"shipping-taxable","14":"purchasable","15":"product-type-simple"},"acf":[],"yoast_head":"<!-- This site is optimized with the Yoast SEO plugin v23.8 - https:\/\/yoast.com\/wordpress\/plugins\/seo\/ -->\n<title>Ngu\u1ed3n Coolerplus ATX 550P4 300W fan 12 - ThanhPhat PC<\/title>\n<meta name=\"robots\" content=\"index, follow, max-snippet:-1, max-image-preview:large, max-video-preview:-1\" \/>\n<link rel=\"canonical\" href=\"https:\/\/thanhphatpc.com\/en\/nguon-coolerplus-atx-550p4-300w-fan-12\/\" \/>\n<meta property=\"og:locale\" content=\"en_US\" \/>\n<meta property=\"og:type\" content=\"article\" \/>\n<meta property=\"og:title\" content=\"Ngu\u1ed3n Coolerplus ATX 550P4 300W fan 12 - ThanhPhat PC\" \/>\n<meta property=\"og:description\" content=\"TH\u00d4NG S\u1ed0 K\u1ef8 THU\u1eacT Chu\u00e2\u0309n ngu\u00f4\u0300n: ATX C\u00f4ng su\u00e2\u0301t danh \u0111i\u0323nh: 450W \u0110\u00e2\u0300u c\u00e2\u0301p \u0111i\u00ea\u0323n cho main: 20+4pins \u0110\u00e2\u0300u c\u00e2\u0301p \u0111i\u00ea\u0323n cho h\u00ea\u0323 th\u00f4\u0301ng: PCI-E 6Pin x 1\/CPU 4pin\/ SATA x 4\/ ATA x 3 Qua\u0323t l\u00e0m m\u00e1t: Fan 12cm \u0110i\u00ea\u0323n \u00e1p va\u0300o: 220-230V Phu\u0323 ki\u00ea\u0323n ke\u0300m theo: C\u00e1p ngu\u1ed3n Ma\u0300u s\u0103\u0301c: N\/A Ki\u0301ch th\u01b0\u01a1\u0301c: ...\" \/>\n<meta property=\"og:url\" content=\"https:\/\/thanhphatpc.com\/en\/nguon-coolerplus-atx-550p4-300w-fan-12\/\" \/>\n<meta property=\"og:site_name\" content=\"ThanhPhat PC\" \/>\n<meta property=\"og:image\" content=\"https:\/\/thanhphatpc.com\/wp-content\/uploads\/2019\/09\/50012-1-700x700.jpg\" \/>\n\t<meta property=\"og:image:width\" content=\"700\" \/>\n\t<meta property=\"og:image:height\" content=\"700\" \/>\n\t<meta property=\"og:image:type\" content=\"image\/jpeg\" \/>\n<meta name=\"twitter:card\" content=\"summary_large_image\" \/>\n<meta name=\"twitter:label1\" content=\"Est. reading time\" \/>\n\t<meta name=\"twitter:data1\" content=\"1 minute\" \/>\n<script type=\"application\/ld+json\" class=\"yoast-schema-graph\">{\"@context\":\"https:\/\/schema.org\",\"@graph\":[{\"@type\":\"WebPage\",\"@id\":\"https:\/\/thanhphatpc.com\/nguon-coolerplus-atx-550p4-300w-fan-12\/\",\"url\":\"https:\/\/thanhphatpc.com\/nguon-coolerplus-atx-550p4-300w-fan-12\/\",\"name\":\"Ngu\u1ed3n Coolerplus ATX 550P4 300W fan 12 - ThanhPhat PC\",\"isPartOf\":{\"@id\":\"https:\/\/thanhphatpc.com\/#website\"},\"primaryImageOfPage\":{\"@id\":\"https:\/\/thanhphatpc.com\/nguon-coolerplus-atx-550p4-300w-fan-12\/#primaryimage\"},\"image\":{\"@id\":\"https:\/\/thanhphatpc.com\/nguon-coolerplus-atx-550p4-300w-fan-12\/#primaryimage\"},\"thumbnailUrl\":\"https:\/\/thanhphatpc.com\/wp-content\/uploads\/2019\/09\/50012-1-700x700.jpg\",\"datePublished\":\"2019-09-30T07:23:25+00:00\",\"dateModified\":\"2019-09-30T07:23:25+00:00\",\"breadcrumb\":{\"@id\":\"https:\/\/thanhphatpc.com\/nguon-coolerplus-atx-550p4-300w-fan-12\/#breadcrumb\"},\"inLanguage\":\"en-US\",\"potentialAction\":[{\"@type\":\"ReadAction\",\"target\":[\"https:\/\/thanhphatpc.com\/nguon-coolerplus-atx-550p4-300w-fan-12\/\"]}]},{\"@type\":\"ImageObject\",\"inLanguage\":\"en-US\",\"@id\":\"https:\/\/thanhphatpc.com\/nguon-coolerplus-atx-550p4-300w-fan-12\/#primaryimage\",\"url\":\"https:\/\/thanhphatpc.com\/wp-content\/uploads\/2019\/09\/50012-1-700x700.jpg\",\"contentUrl\":\"https:\/\/thanhphatpc.com\/wp-content\/uploads\/2019\/09\/50012-1-700x700.jpg\",\"width\":700,\"height\":700},{\"@type\":\"BreadcrumbList\",\"@id\":\"https:\/\/thanhphatpc.com\/nguon-coolerplus-atx-550p4-300w-fan-12\/#breadcrumb\",\"itemListElement\":[{\"@type\":\"ListItem\",\"position\":1,\"name\":\"Trang ch\u1ee7\",\"item\":\"https:\/\/thanhphatpc.com\/\"},{\"@type\":\"ListItem\",\"position\":2,\"name\":\"C\u1eeda h\u00e0ng\",\"item\":\"https:\/\/thanhphatpc.com\/cua-hang\/\"},{\"@type\":\"ListItem\",\"position\":3,\"name\":\"Ngu\u1ed3n Coolerplus ATX 550P4 300W fan 12\"}]},{\"@type\":\"WebSite\",\"@id\":\"https:\/\/thanhphatpc.com\/#website\",\"url\":\"https:\/\/thanhphatpc.com\/\",\"name\":\"ThanhPhat PC\",\"description\":\"D\u1ecbch v\u1ee5 ho\u00e0n h\u1ea3o\",\"potentialAction\":[{\"@type\":\"SearchAction\",\"target\":{\"@type\":\"EntryPoint\",\"urlTemplate\":\"https:\/\/thanhphatpc.com\/?s={search_term_string}\"},\"query-input\":{\"@type\":\"PropertyValueSpecification\",\"valueRequired\":true,\"valueName\":\"search_term_string\"}}],\"inLanguage\":\"en-US\"}]}<\/script>\n<!-- \/ Yoast SEO plugin. -->","yoast_head_json":{"title":"Ngu\u1ed3n Coolerplus ATX 550P4 300W fan 12 - ThanhPhat PC","robots":{"index":"index","follow":"follow","max-snippet":"max-snippet:-1","max-image-preview":"max-image-preview:large","max-video-preview":"max-video-preview:-1"},"canonical":"https:\/\/thanhphatpc.com\/en\/nguon-coolerplus-atx-550p4-300w-fan-12\/","og_locale":"en_US","og_type":"article","og_title":"Ngu\u1ed3n Coolerplus ATX 550P4 300W fan 12 - ThanhPhat PC","og_description":"TH\u00d4NG S\u1ed0 K\u1ef8 THU\u1eacT Chu\u00e2\u0309n ngu\u00f4\u0300n: ATX C\u00f4ng su\u00e2\u0301t danh \u0111i\u0323nh: 450W \u0110\u00e2\u0300u c\u00e2\u0301p \u0111i\u00ea\u0323n cho main: 20+4pins \u0110\u00e2\u0300u c\u00e2\u0301p \u0111i\u00ea\u0323n cho h\u00ea\u0323 th\u00f4\u0301ng: PCI-E 6Pin x 1\/CPU 4pin\/ SATA x 4\/ ATA x 3 Qua\u0323t l\u00e0m m\u00e1t: Fan 12cm \u0110i\u00ea\u0323n \u00e1p va\u0300o: 220-230V Phu\u0323 ki\u00ea\u0323n ke\u0300m theo: C\u00e1p ngu\u1ed3n Ma\u0300u s\u0103\u0301c: N\/A Ki\u0301ch th\u01b0\u01a1\u0301c: ...","og_url":"https:\/\/thanhphatpc.com\/en\/nguon-coolerplus-atx-550p4-300w-fan-12\/","og_site_name":"ThanhPhat PC","og_image":[{"width":700,"height":700,"url":"https:\/\/thanhphatpc.com\/wp-content\/uploads\/2019\/09\/50012-1-700x700.jpg","type":"image\/jpeg"}],"twitter_card":"summary_large_image","twitter_misc":{"Est. reading time":"1 minute"},"schema":{"@context":"https:\/\/schema.org","@graph":[{"@type":"WebPage","@id":"https:\/\/thanhphatpc.com\/nguon-coolerplus-atx-550p4-300w-fan-12\/","url":"https:\/\/thanhphatpc.com\/nguon-coolerplus-atx-550p4-300w-fan-12\/","name":"Ngu\u1ed3n Coolerplus ATX 550P4 300W fan 12 - ThanhPhat PC","isPartOf":{"@id":"https:\/\/thanhphatpc.com\/#website"},"primaryImageOfPage":{"@id":"https:\/\/thanhphatpc.com\/nguon-coolerplus-atx-550p4-300w-fan-12\/#primaryimage"},"image":{"@id":"https:\/\/thanhphatpc.com\/nguon-coolerplus-atx-550p4-300w-fan-12\/#primaryimage"},"thumbnailUrl":"https:\/\/thanhphatpc.com\/wp-content\/uploads\/2019\/09\/50012-1-700x700.jpg","datePublished":"2019-09-30T07:23:25+00:00","dateModified":"2019-09-30T07:23:25+00:00","breadcrumb":{"@id":"https:\/\/thanhphatpc.com\/nguon-coolerplus-atx-550p4-300w-fan-12\/#breadcrumb"},"inLanguage":"en-US","potentialAction":[{"@type":"ReadAction","target":["https:\/\/thanhphatpc.com\/nguon-coolerplus-atx-550p4-300w-fan-12\/"]}]},{"@type":"ImageObject","inLanguage":"en-US","@id":"https:\/\/thanhphatpc.com\/nguon-coolerplus-atx-550p4-300w-fan-12\/#primaryimage","url":"https:\/\/thanhphatpc.com\/wp-content\/uploads\/2019\/09\/50012-1-700x700.jpg","contentUrl":"https:\/\/thanhphatpc.com\/wp-content\/uploads\/2019\/09\/50012-1-700x700.jpg","width":700,"height":700},{"@type":"BreadcrumbList","@id":"https:\/\/thanhphatpc.com\/nguon-coolerplus-atx-550p4-300w-fan-12\/#breadcrumb","itemListElement":[{"@type":"ListItem","position":1,"name":"Trang ch\u1ee7","item":"https:\/\/thanhphatpc.com\/"},{"@type":"ListItem","position":2,"name":"C\u1eeda h\u00e0ng","item":"https:\/\/thanhphatpc.com\/cua-hang\/"},{"@type":"ListItem","position":3,"name":"Ngu\u1ed3n Coolerplus ATX 550P4 300W fan 12"}]},{"@type":"WebSite","@id":"https:\/\/thanhphatpc.com\/#website","url":"https:\/\/thanhphatpc.com\/","name":"ThanhPhat PC","description":"D\u1ecbch v\u1ee5 ho\u00e0n h\u1ea3o","potentialAction":[{"@type":"SearchAction","target":{"@type":"EntryPoint","urlTemplate":"https:\/\/thanhphatpc.com\/?s={search_term_string}"},"query-input":{"@type":"PropertyValueSpecification","valueRequired":true,"valueName":"search_term_string"}}],"inLanguage":"en-US"}]}},"_links":{"self":[{"href":"https:\/\/thanhphatpc.com\/en\/wp-json\/wp\/v2\/product\/3552","targetHints":{"allow":["GET"]}}],"collection":[{"href":"https:\/\/thanhphatpc.com\/en\/wp-json\/wp\/v2\/product"}],"about":[{"href":"https:\/\/thanhphatpc.com\/en\/wp-json\/wp\/v2\/types\/product"}],"replies":[{"embeddable":true,"href":"https:\/\/thanhphatpc.com\/en\/wp-json\/wp\/v2\/comments?post=3552"}],"wp:featuredmedia":[{"embeddable":true,"href":"https:\/\/thanhphatpc.com\/en\/wp-json\/wp\/v2\/media\/3553"}],"wp:attachment":[{"href":"https:\/\/thanhphatpc.com\/en\/wp-json\/wp\/v2\/media?parent=3552"}],"wp:term":[{"taxonomy":"product_cat","embeddable":true,"href":"https:\/\/thanhphatpc.com\/en\/wp-json\/wp\/v2\/product_cat?post=3552"},{"taxonomy":"product_tag","embeddable":true,"href":"https:\/\/thanhphatpc.com\/en\/wp-json\/wp\/v2\/product_tag?post=3552"}],"curies":[{"name":"wp","href":"https:\/\/api.w.org\/{rel}","templated":true}]}}