{"id":3561,"date":"2019-09-30T16:49:58","date_gmt":"2019-09-30T09:49:58","guid":{"rendered":"https:\/\/thanhphatpc.com\/?post_type=product&#038;p=3561"},"modified":"2023-10-19T16:24:22","modified_gmt":"2023-10-19T09:24:22","slug":"bo-dinh-tuyen-tplink-tl-wr-840-2-rau-4-lan","status":"publish","type":"product","link":"https:\/\/thanhphatpc.com\/en\/bo-dinh-tuyen-tplink-tl-wr-840-2-rau-4-lan\/","title":{"rendered":"B\u1ed9 \u0111\u1ecbnh tuy\u1ebfn Tplink TL &#8211; WR 840 (2 R\u00e2u &#8211; 4 LAN)"},"content":{"rendered":"<ul>\n<li>T\u1ed1c \u0111\u1ed9 Wi-Fi chu\u1ea9n N l\u00ean \u0111\u1ebfn 300Mbps, r\u1ea5t thu\u1eadn l\u1ee3i \u0111\u1ec3 s\u1eed d\u1ee5ng cho c\u00e1c \u1ee9ng d\u1ee5ng \u0111\u00f2i h\u1ecfi \u0111\u1ed9 nh\u1ea1y b\u0103ng th\u00f4ng\u00a0v\u00e0 c\u00e1c c\u00f4ng vi\u1ec7c c\u01a1 b\u1ea3n<\/li>\n<li>H\u1ed7 tr\u1ee3 ch\u1ebf \u0111\u1ed9 \u0110i\u1ec3m Truy C\u1eadp (Access Point) \u0111\u1ec3 t\u1ea1o ra m\u1ed9t Wi-Fi \u0111i\u1ec3m truy c\u1eadp m\u1edbi<\/li>\n<li>H\u1ed7 tr\u1ee3 ch\u1ebf \u0111\u1ed9 M\u1edf R\u1ed9ng S\u00f3ng \u0111\u1ec3 t\u0103ng c\u01b0\u1eddng v\u00f9ng ph\u1ee7 hi\u1ec7n c\u00f3 trong ph\u00f2ng b\u1ea1n<\/li>\n<li>Quy\u1ec1n ki\u1ec3m so\u00e1t c\u1ee7a ph\u1ee5 huynh qu\u1ea3n l\u00fd th\u1eddi gian v\u00e0 ph\u01b0\u01a1ng th\u1ee9c c\u00e1c thi\u1ebft b\u1ecb c\u00f3 th\u1ec3 truy c\u1eadp v\u00e0o internet<\/li>\n<li>H\u1ed7 tr\u1ee3 IPTV, IGMP Proxy\/Snooping, Bridge v\u00e0 Tag VLAN \u0111\u1ec3 t\u1ed1i \u01b0u h\u00f3a lu\u1ed3ng IPTV<\/li>\n<li>t\u01b0\u01a1ng th\u00edch v\u1edbi IPv6 (Internet Protocol version 6)<\/li>\n<li>M\u1ea1ng kh\u00e1ch cung c\u1ea5p m\u1ea1ng ri\u00eang bi\u1ec7t d\u00e0nh cho kh\u00e1ch nh\u1eb1m b\u1ea3o m\u1eadt m\u1ea1ng gia \u0111\u00ecnh<\/li>\n<\/ul>","protected":false},"excerpt":{"rendered":"<p>T\u1ed1c \u0111\u1ed9 Wi-Fi chu\u1ea9n N l\u00ean \u0111\u1ebfn 300Mbps, r\u1ea5t thu\u1eadn l\u1ee3i \u0111\u1ec3 s\u1eed d\u1ee5ng cho c\u00e1c \u1ee9ng d\u1ee5ng \u0111\u00f2i h\u1ecfi \u0111\u1ed9 nh\u1ea1y b\u0103ng th\u00f4ng\u00a0v\u00e0 c\u00e1c c\u00f4ng vi\u1ec7c c\u01a1 b\u1ea3n H\u1ed7 tr\u1ee3 ch\u1ebf \u0111\u1ed9 \u0110i\u1ec3m Truy C\u1eadp (Access Point) \u0111\u1ec3 t\u1ea1o ra m\u1ed9t Wi-Fi \u0111i\u1ec3m truy c\u1eadp m\u1edbi H\u1ed7 tr\u1ee3 ch\u1ebf \u0111\u1ed9 M\u1edf R\u1ed9ng S\u00f3ng \u0111\u1ec3 &#8230;<\/p>","protected":false},"featured_media":3562,"comment_status":"open","ping_status":"closed","template":"","meta":{"_acf_changed":false},"product_cat":[398,397,402],"product_tag":[],"class_list":{"0":"post-3561","1":"product","2":"type-product","3":"status-publish","4":"has-post-thumbnail","6":"product_cat-modem-wifi","7":"product_cat-thiet-bi-mang","8":"product_cat-tp-link","10":"first","11":"instock","12":"shipping-taxable","13":"purchasable","14":"product-type-simple"},"acf":[],"yoast_head":"<!-- This site is optimized with the Yoast SEO plugin v23.8 - https:\/\/yoast.com\/wordpress\/plugins\/seo\/ -->\n<title>B\u1ed9 \u0111\u1ecbnh tuy\u1ebfn Tplink TL - WR 840 (2 R\u00e2u - 4 LAN) - ThanhPhat PC<\/title>\n<meta name=\"robots\" content=\"index, follow, max-snippet:-1, max-image-preview:large, max-video-preview:-1\" \/>\n<link rel=\"canonical\" href=\"https:\/\/thanhphatpc.com\/en\/bo-dinh-tuyen-tplink-tl-wr-840-2-rau-4-lan\/\" \/>\n<meta property=\"og:locale\" content=\"en_US\" \/>\n<meta property=\"og:type\" content=\"article\" \/>\n<meta property=\"og:title\" content=\"B\u1ed9 \u0111\u1ecbnh tuy\u1ebfn Tplink TL - WR 840 (2 R\u00e2u - 4 LAN) - ThanhPhat PC\" \/>\n<meta property=\"og:description\" content=\"T\u1ed1c \u0111\u1ed9 Wi-Fi chu\u1ea9n N l\u00ean \u0111\u1ebfn 300Mbps, r\u1ea5t thu\u1eadn l\u1ee3i \u0111\u1ec3 s\u1eed d\u1ee5ng cho c\u00e1c \u1ee9ng d\u1ee5ng \u0111\u00f2i h\u1ecfi \u0111\u1ed9 nh\u1ea1y b\u0103ng th\u00f4ng\u00a0v\u00e0 c\u00e1c c\u00f4ng vi\u1ec7c c\u01a1 b\u1ea3n H\u1ed7 tr\u1ee3 ch\u1ebf \u0111\u1ed9 \u0110i\u1ec3m Truy C\u1eadp (Access Point) \u0111\u1ec3 t\u1ea1o ra m\u1ed9t Wi-Fi \u0111i\u1ec3m truy c\u1eadp m\u1edbi H\u1ed7 tr\u1ee3 ch\u1ebf \u0111\u1ed9 M\u1edf R\u1ed9ng S\u00f3ng \u0111\u1ec3 ...\" \/>\n<meta property=\"og:url\" content=\"https:\/\/thanhphatpc.com\/en\/bo-dinh-tuyen-tplink-tl-wr-840-2-rau-4-lan\/\" \/>\n<meta property=\"og:site_name\" content=\"ThanhPhat PC\" \/>\n<meta property=\"article:modified_time\" content=\"2023-10-19T09:24:22+00:00\" \/>\n<meta property=\"og:image\" content=\"https:\/\/thanhphatpc.com\/wp-content\/uploads\/2019\/09\/TL-WR840N_EU_6.0_01_normal_1511257436045t.jpg\" \/>\n\t<meta property=\"og:image:width\" content=\"590\" \/>\n\t<meta property=\"og:image:height\" content=\"590\" \/>\n\t<meta property=\"og:image:type\" content=\"image\/jpeg\" \/>\n<meta name=\"twitter:card\" content=\"summary_large_image\" \/>\n<meta name=\"twitter:label1\" content=\"Est. reading time\" \/>\n\t<meta name=\"twitter:data1\" content=\"1 minute\" \/>\n<script type=\"application\/ld+json\" class=\"yoast-schema-graph\">{\"@context\":\"https:\/\/schema.org\",\"@graph\":[{\"@type\":\"WebPage\",\"@id\":\"https:\/\/thanhphatpc.com\/bo-dinh-tuyen-tplink-tl-wr-840-2-rau-4-lan\/\",\"url\":\"https:\/\/thanhphatpc.com\/bo-dinh-tuyen-tplink-tl-wr-840-2-rau-4-lan\/\",\"name\":\"B\u1ed9 \u0111\u1ecbnh tuy\u1ebfn Tplink TL - WR 840 (2 R\u00e2u - 4 LAN) - ThanhPhat PC\",\"isPartOf\":{\"@id\":\"https:\/\/thanhphatpc.com\/#website\"},\"primaryImageOfPage\":{\"@id\":\"https:\/\/thanhphatpc.com\/bo-dinh-tuyen-tplink-tl-wr-840-2-rau-4-lan\/#primaryimage\"},\"image\":{\"@id\":\"https:\/\/thanhphatpc.com\/bo-dinh-tuyen-tplink-tl-wr-840-2-rau-4-lan\/#primaryimage\"},\"thumbnailUrl\":\"https:\/\/thanhphatpc.com\/wp-content\/uploads\/2019\/09\/TL-WR840N_EU_6.0_01_normal_1511257436045t.jpg\",\"datePublished\":\"2019-09-30T09:49:58+00:00\",\"dateModified\":\"2023-10-19T09:24:22+00:00\",\"breadcrumb\":{\"@id\":\"https:\/\/thanhphatpc.com\/bo-dinh-tuyen-tplink-tl-wr-840-2-rau-4-lan\/#breadcrumb\"},\"inLanguage\":\"en-US\",\"potentialAction\":[{\"@type\":\"ReadAction\",\"target\":[\"https:\/\/thanhphatpc.com\/bo-dinh-tuyen-tplink-tl-wr-840-2-rau-4-lan\/\"]}]},{\"@type\":\"ImageObject\",\"inLanguage\":\"en-US\",\"@id\":\"https:\/\/thanhphatpc.com\/bo-dinh-tuyen-tplink-tl-wr-840-2-rau-4-lan\/#primaryimage\",\"url\":\"https:\/\/thanhphatpc.com\/wp-content\/uploads\/2019\/09\/TL-WR840N_EU_6.0_01_normal_1511257436045t.jpg\",\"contentUrl\":\"https:\/\/thanhphatpc.com\/wp-content\/uploads\/2019\/09\/TL-WR840N_EU_6.0_01_normal_1511257436045t.jpg\",\"width\":590,\"height\":590},{\"@type\":\"BreadcrumbList\",\"@id\":\"https:\/\/thanhphatpc.com\/bo-dinh-tuyen-tplink-tl-wr-840-2-rau-4-lan\/#breadcrumb\",\"itemListElement\":[{\"@type\":\"ListItem\",\"position\":1,\"name\":\"Trang ch\u1ee7\",\"item\":\"https:\/\/thanhphatpc.com\/\"},{\"@type\":\"ListItem\",\"position\":2,\"name\":\"C\u1eeda h\u00e0ng\",\"item\":\"https:\/\/thanhphatpc.com\/cua-hang\/\"},{\"@type\":\"ListItem\",\"position\":3,\"name\":\"B\u1ed9 \u0111\u1ecbnh tuy\u1ebfn Tplink TL &#8211; WR 840 (2 R\u00e2u &#8211; 4 LAN)\"}]},{\"@type\":\"WebSite\",\"@id\":\"https:\/\/thanhphatpc.com\/#website\",\"url\":\"https:\/\/thanhphatpc.com\/\",\"name\":\"ThanhPhat PC\",\"description\":\"D\u1ecbch v\u1ee5 ho\u00e0n h\u1ea3o\",\"potentialAction\":[{\"@type\":\"SearchAction\",\"target\":{\"@type\":\"EntryPoint\",\"urlTemplate\":\"https:\/\/thanhphatpc.com\/?s={search_term_string}\"},\"query-input\":{\"@type\":\"PropertyValueSpecification\",\"valueRequired\":true,\"valueName\":\"search_term_string\"}}],\"inLanguage\":\"en-US\"}]}<\/script>\n<!-- \/ Yoast SEO plugin. -->","yoast_head_json":{"title":"B\u1ed9 \u0111\u1ecbnh tuy\u1ebfn Tplink TL - WR 840 (2 R\u00e2u - 4 LAN) - ThanhPhat PC","robots":{"index":"index","follow":"follow","max-snippet":"max-snippet:-1","max-image-preview":"max-image-preview:large","max-video-preview":"max-video-preview:-1"},"canonical":"https:\/\/thanhphatpc.com\/en\/bo-dinh-tuyen-tplink-tl-wr-840-2-rau-4-lan\/","og_locale":"en_US","og_type":"article","og_title":"B\u1ed9 \u0111\u1ecbnh tuy\u1ebfn Tplink TL - WR 840 (2 R\u00e2u - 4 LAN) - ThanhPhat PC","og_description":"T\u1ed1c \u0111\u1ed9 Wi-Fi chu\u1ea9n N l\u00ean \u0111\u1ebfn 300Mbps, r\u1ea5t thu\u1eadn l\u1ee3i \u0111\u1ec3 s\u1eed d\u1ee5ng cho c\u00e1c \u1ee9ng d\u1ee5ng \u0111\u00f2i h\u1ecfi \u0111\u1ed9 nh\u1ea1y b\u0103ng th\u00f4ng\u00a0v\u00e0 c\u00e1c c\u00f4ng vi\u1ec7c c\u01a1 b\u1ea3n H\u1ed7 tr\u1ee3 ch\u1ebf \u0111\u1ed9 \u0110i\u1ec3m Truy C\u1eadp (Access Point) \u0111\u1ec3 t\u1ea1o ra m\u1ed9t Wi-Fi \u0111i\u1ec3m truy c\u1eadp m\u1edbi H\u1ed7 tr\u1ee3 ch\u1ebf \u0111\u1ed9 M\u1edf R\u1ed9ng S\u00f3ng \u0111\u1ec3 ...","og_url":"https:\/\/thanhphatpc.com\/en\/bo-dinh-tuyen-tplink-tl-wr-840-2-rau-4-lan\/","og_site_name":"ThanhPhat PC","article_modified_time":"2023-10-19T09:24:22+00:00","og_image":[{"width":590,"height":590,"url":"https:\/\/thanhphatpc.com\/wp-content\/uploads\/2019\/09\/TL-WR840N_EU_6.0_01_normal_1511257436045t.jpg","type":"image\/jpeg"}],"twitter_card":"summary_large_image","twitter_misc":{"Est. reading time":"1 minute"},"schema":{"@context":"https:\/\/schema.org","@graph":[{"@type":"WebPage","@id":"https:\/\/thanhphatpc.com\/bo-dinh-tuyen-tplink-tl-wr-840-2-rau-4-lan\/","url":"https:\/\/thanhphatpc.com\/bo-dinh-tuyen-tplink-tl-wr-840-2-rau-4-lan\/","name":"B\u1ed9 \u0111\u1ecbnh tuy\u1ebfn Tplink TL - WR 840 (2 R\u00e2u - 4 LAN) - ThanhPhat PC","isPartOf":{"@id":"https:\/\/thanhphatpc.com\/#website"},"primaryImageOfPage":{"@id":"https:\/\/thanhphatpc.com\/bo-dinh-tuyen-tplink-tl-wr-840-2-rau-4-lan\/#primaryimage"},"image":{"@id":"https:\/\/thanhphatpc.com\/bo-dinh-tuyen-tplink-tl-wr-840-2-rau-4-lan\/#primaryimage"},"thumbnailUrl":"https:\/\/thanhphatpc.com\/wp-content\/uploads\/2019\/09\/TL-WR840N_EU_6.0_01_normal_1511257436045t.jpg","datePublished":"2019-09-30T09:49:58+00:00","dateModified":"2023-10-19T09:24:22+00:00","breadcrumb":{"@id":"https:\/\/thanhphatpc.com\/bo-dinh-tuyen-tplink-tl-wr-840-2-rau-4-lan\/#breadcrumb"},"inLanguage":"en-US","potentialAction":[{"@type":"ReadAction","target":["https:\/\/thanhphatpc.com\/bo-dinh-tuyen-tplink-tl-wr-840-2-rau-4-lan\/"]}]},{"@type":"ImageObject","inLanguage":"en-US","@id":"https:\/\/thanhphatpc.com\/bo-dinh-tuyen-tplink-tl-wr-840-2-rau-4-lan\/#primaryimage","url":"https:\/\/thanhphatpc.com\/wp-content\/uploads\/2019\/09\/TL-WR840N_EU_6.0_01_normal_1511257436045t.jpg","contentUrl":"https:\/\/thanhphatpc.com\/wp-content\/uploads\/2019\/09\/TL-WR840N_EU_6.0_01_normal_1511257436045t.jpg","width":590,"height":590},{"@type":"BreadcrumbList","@id":"https:\/\/thanhphatpc.com\/bo-dinh-tuyen-tplink-tl-wr-840-2-rau-4-lan\/#breadcrumb","itemListElement":[{"@type":"ListItem","position":1,"name":"Trang ch\u1ee7","item":"https:\/\/thanhphatpc.com\/"},{"@type":"ListItem","position":2,"name":"C\u1eeda h\u00e0ng","item":"https:\/\/thanhphatpc.com\/cua-hang\/"},{"@type":"ListItem","position":3,"name":"B\u1ed9 \u0111\u1ecbnh tuy\u1ebfn Tplink TL &#8211; WR 840 (2 R\u00e2u &#8211; 4 LAN)"}]},{"@type":"WebSite","@id":"https:\/\/thanhphatpc.com\/#website","url":"https:\/\/thanhphatpc.com\/","name":"ThanhPhat PC","description":"D\u1ecbch v\u1ee5 ho\u00e0n h\u1ea3o","potentialAction":[{"@type":"SearchAction","target":{"@type":"EntryPoint","urlTemplate":"https:\/\/thanhphatpc.com\/?s={search_term_string}"},"query-input":{"@type":"PropertyValueSpecification","valueRequired":true,"valueName":"search_term_string"}}],"inLanguage":"en-US"}]}},"_links":{"self":[{"href":"https:\/\/thanhphatpc.com\/en\/wp-json\/wp\/v2\/product\/3561","targetHints":{"allow":["GET"]}}],"collection":[{"href":"https:\/\/thanhphatpc.com\/en\/wp-json\/wp\/v2\/product"}],"about":[{"href":"https:\/\/thanhphatpc.com\/en\/wp-json\/wp\/v2\/types\/product"}],"replies":[{"embeddable":true,"href":"https:\/\/thanhphatpc.com\/en\/wp-json\/wp\/v2\/comments?post=3561"}],"wp:featuredmedia":[{"embeddable":true,"href":"https:\/\/thanhphatpc.com\/en\/wp-json\/wp\/v2\/media\/3562"}],"wp:attachment":[{"href":"https:\/\/thanhphatpc.com\/en\/wp-json\/wp\/v2\/media?parent=3561"}],"wp:term":[{"taxonomy":"product_cat","embeddable":true,"href":"https:\/\/thanhphatpc.com\/en\/wp-json\/wp\/v2\/product_cat?post=3561"},{"taxonomy":"product_tag","embeddable":true,"href":"https:\/\/thanhphatpc.com\/en\/wp-json\/wp\/v2\/product_tag?post=3561"}],"curies":[{"name":"wp","href":"https:\/\/api.w.org\/{rel}","templated":true}]}}