{"id":3563,"date":"2019-09-30T16:51:48","date_gmt":"2019-09-30T09:51:48","guid":{"rendered":"https:\/\/thanhphatpc.com\/?post_type=product&#038;p=3563"},"modified":"2022-04-07T17:40:12","modified_gmt":"2022-04-07T10:40:12","slug":"bo-chia-mang-tplink-sf1005-5-cong-10-100mbps","status":"publish","type":"product","link":"https:\/\/thanhphatpc.com\/en\/bo-chia-mang-tplink-sf1005-5-cong-10-100mbps\/","title":{"rendered":"B\u1ed9 chia m\u1ea1ng Tplink SF1005 &#8211; 5 c\u1ed5ng \/10\/100Mbps"},"content":{"rendered":"<ul>\n<li>5 c\u1ed5ng RJ45 10\/100Mbps v\u1edbi k\u1ef9 thu\u1eadt chi\u1ebfm quy\u1ec1n \u0111i\u1ec1u khi\u1ec3n c\u00e1p (Auto-Negotiation) v\u00e0 h\u1ed7 tr\u1ee3 t\u00ednh n\u0103ng MDI \/ MDIX<\/li>\n<li>C\u00f4ng ngh\u1ec7 xanh gi\u00fap ti\u1ebft ki\u1ec7m \u0111i\u1ec7n n\u0103ng l\u00ean \u0111\u1ebfn 60%<\/li>\n<li>Ki\u1ec3m so\u00e1t l\u01b0u l\u01b0\u1ee3ng IEEE 802.3x mang l\u1ea1i kh\u1ea3 n\u0103ng chuy\u1ec3n t\u1ea3i d\u1eef li\u1ec7u \u0111\u00e1ng tin c\u1eady<\/li>\n<li>H\u1ed9p b\u1eb1ng nh\u1ef1a, thi\u1ebft k\u1ebf \u0111\u1ec3 b\u00e0n<\/li>\n<li>Ch\u1ec9 c\u1ea7n c\u1eafm v\u00e0o l\u00e0 x\u00e0i, kh\u00f4ng c\u1ea7n ph\u1ea3i tinh ch\u1ec9nh c\u1ea5u h\u00ecnh<\/li>\n<\/ul>","protected":false},"excerpt":{"rendered":"<p>5 c\u1ed5ng RJ45 10\/100Mbps v\u1edbi k\u1ef9 thu\u1eadt chi\u1ebfm quy\u1ec1n \u0111i\u1ec1u khi\u1ec3n c\u00e1p (Auto-Negotiation) v\u00e0 h\u1ed7 tr\u1ee3 t\u00ednh n\u0103ng MDI \/ MDIX C\u00f4ng ngh\u1ec7 xanh gi\u00fap ti\u1ebft ki\u1ec7m \u0111i\u1ec7n n\u0103ng l\u00ean \u0111\u1ebfn 60% Ki\u1ec3m so\u00e1t l\u01b0u l\u01b0\u1ee3ng IEEE 802.3x mang l\u1ea1i kh\u1ea3 n\u0103ng chuy\u1ec3n t\u1ea3i d\u1eef li\u1ec7u \u0111\u00e1ng tin c\u1eady H\u1ed9p b\u1eb1ng nh\u1ef1a, thi\u1ebft k\u1ebf \u0111\u1ec3 &#8230;<\/p>","protected":false},"featured_media":3564,"comment_status":"open","ping_status":"closed","template":"","meta":{"_acf_changed":false},"product_cat":[399,397,404],"product_tag":[],"class_list":{"0":"post-3563","1":"product","2":"type-product","3":"status-publish","4":"has-post-thumbnail","6":"product_cat-switch","7":"product_cat-thiet-bi-mang","8":"product_cat-tplink","10":"first","11":"instock","12":"shipping-taxable","13":"purchasable","14":"product-type-simple"},"acf":[],"yoast_head":"<!-- This site is optimized with the Yoast SEO plugin v23.8 - https:\/\/yoast.com\/wordpress\/plugins\/seo\/ -->\n<title>B\u1ed9 chia m\u1ea1ng Tplink SF1005 - 5 c\u1ed5ng \/10\/100Mbps - ThanhPhat PC<\/title>\n<meta name=\"robots\" content=\"index, follow, max-snippet:-1, max-image-preview:large, max-video-preview:-1\" \/>\n<link rel=\"canonical\" href=\"https:\/\/thanhphatpc.com\/en\/bo-chia-mang-tplink-sf1005-5-cong-10-100mbps\/\" \/>\n<meta property=\"og:locale\" content=\"en_US\" \/>\n<meta property=\"og:type\" content=\"article\" \/>\n<meta property=\"og:title\" content=\"B\u1ed9 chia m\u1ea1ng Tplink SF1005 - 5 c\u1ed5ng \/10\/100Mbps - ThanhPhat PC\" \/>\n<meta property=\"og:description\" content=\"5 c\u1ed5ng RJ45 10\/100Mbps v\u1edbi k\u1ef9 thu\u1eadt chi\u1ebfm quy\u1ec1n \u0111i\u1ec1u khi\u1ec3n c\u00e1p (Auto-Negotiation) v\u00e0 h\u1ed7 tr\u1ee3 t\u00ednh n\u0103ng MDI \/ MDIX C\u00f4ng ngh\u1ec7 xanh gi\u00fap ti\u1ebft ki\u1ec7m \u0111i\u1ec7n n\u0103ng l\u00ean \u0111\u1ebfn 60% Ki\u1ec3m so\u00e1t l\u01b0u l\u01b0\u1ee3ng IEEE 802.3x mang l\u1ea1i kh\u1ea3 n\u0103ng chuy\u1ec3n t\u1ea3i d\u1eef li\u1ec7u \u0111\u00e1ng tin c\u1eady H\u1ed9p b\u1eb1ng nh\u1ef1a, thi\u1ebft k\u1ebf \u0111\u1ec3 ...\" \/>\n<meta property=\"og:url\" content=\"https:\/\/thanhphatpc.com\/en\/bo-chia-mang-tplink-sf1005-5-cong-10-100mbps\/\" \/>\n<meta property=\"og:site_name\" content=\"ThanhPhat PC\" \/>\n<meta property=\"article:modified_time\" content=\"2022-04-07T10:40:12+00:00\" \/>\n<meta property=\"og:image\" content=\"https:\/\/thanhphatpc.com\/wp-content\/uploads\/2019\/09\/TL_SF1005DUN15.0_01_normal_1516616456440y.jpg\" \/>\n\t<meta property=\"og:image:width\" content=\"589\" \/>\n\t<meta property=\"og:image:height\" content=\"590\" \/>\n\t<meta property=\"og:image:type\" content=\"image\/jpeg\" \/>\n<meta name=\"twitter:card\" content=\"summary_large_image\" \/>\n<meta name=\"twitter:label1\" content=\"Est. reading time\" \/>\n\t<meta name=\"twitter:data1\" content=\"1 minute\" \/>\n<script type=\"application\/ld+json\" class=\"yoast-schema-graph\">{\"@context\":\"https:\/\/schema.org\",\"@graph\":[{\"@type\":\"WebPage\",\"@id\":\"https:\/\/thanhphatpc.com\/bo-chia-mang-tplink-sf1005-5-cong-10-100mbps\/\",\"url\":\"https:\/\/thanhphatpc.com\/bo-chia-mang-tplink-sf1005-5-cong-10-100mbps\/\",\"name\":\"B\u1ed9 chia m\u1ea1ng Tplink SF1005 - 5 c\u1ed5ng \/10\/100Mbps - ThanhPhat PC\",\"isPartOf\":{\"@id\":\"https:\/\/thanhphatpc.com\/#website\"},\"primaryImageOfPage\":{\"@id\":\"https:\/\/thanhphatpc.com\/bo-chia-mang-tplink-sf1005-5-cong-10-100mbps\/#primaryimage\"},\"image\":{\"@id\":\"https:\/\/thanhphatpc.com\/bo-chia-mang-tplink-sf1005-5-cong-10-100mbps\/#primaryimage\"},\"thumbnailUrl\":\"https:\/\/thanhphatpc.com\/wp-content\/uploads\/2019\/09\/TL_SF1005DUN15.0_01_normal_1516616456440y.jpg\",\"datePublished\":\"2019-09-30T09:51:48+00:00\",\"dateModified\":\"2022-04-07T10:40:12+00:00\",\"breadcrumb\":{\"@id\":\"https:\/\/thanhphatpc.com\/bo-chia-mang-tplink-sf1005-5-cong-10-100mbps\/#breadcrumb\"},\"inLanguage\":\"en-US\",\"potentialAction\":[{\"@type\":\"ReadAction\",\"target\":[\"https:\/\/thanhphatpc.com\/bo-chia-mang-tplink-sf1005-5-cong-10-100mbps\/\"]}]},{\"@type\":\"ImageObject\",\"inLanguage\":\"en-US\",\"@id\":\"https:\/\/thanhphatpc.com\/bo-chia-mang-tplink-sf1005-5-cong-10-100mbps\/#primaryimage\",\"url\":\"https:\/\/thanhphatpc.com\/wp-content\/uploads\/2019\/09\/TL_SF1005DUN15.0_01_normal_1516616456440y.jpg\",\"contentUrl\":\"https:\/\/thanhphatpc.com\/wp-content\/uploads\/2019\/09\/TL_SF1005DUN15.0_01_normal_1516616456440y.jpg\",\"width\":589,\"height\":590},{\"@type\":\"BreadcrumbList\",\"@id\":\"https:\/\/thanhphatpc.com\/bo-chia-mang-tplink-sf1005-5-cong-10-100mbps\/#breadcrumb\",\"itemListElement\":[{\"@type\":\"ListItem\",\"position\":1,\"name\":\"Trang ch\u1ee7\",\"item\":\"https:\/\/thanhphatpc.com\/\"},{\"@type\":\"ListItem\",\"position\":2,\"name\":\"C\u1eeda h\u00e0ng\",\"item\":\"https:\/\/thanhphatpc.com\/cua-hang\/\"},{\"@type\":\"ListItem\",\"position\":3,\"name\":\"B\u1ed9 chia m\u1ea1ng Tplink SF1005 &#8211; 5 c\u1ed5ng \/10\/100Mbps\"}]},{\"@type\":\"WebSite\",\"@id\":\"https:\/\/thanhphatpc.com\/#website\",\"url\":\"https:\/\/thanhphatpc.com\/\",\"name\":\"ThanhPhat PC\",\"description\":\"D\u1ecbch v\u1ee5 ho\u00e0n h\u1ea3o\",\"potentialAction\":[{\"@type\":\"SearchAction\",\"target\":{\"@type\":\"EntryPoint\",\"urlTemplate\":\"https:\/\/thanhphatpc.com\/?s={search_term_string}\"},\"query-input\":{\"@type\":\"PropertyValueSpecification\",\"valueRequired\":true,\"valueName\":\"search_term_string\"}}],\"inLanguage\":\"en-US\"}]}<\/script>\n<!-- \/ Yoast SEO plugin. -->","yoast_head_json":{"title":"B\u1ed9 chia m\u1ea1ng Tplink SF1005 - 5 c\u1ed5ng \/10\/100Mbps - ThanhPhat PC","robots":{"index":"index","follow":"follow","max-snippet":"max-snippet:-1","max-image-preview":"max-image-preview:large","max-video-preview":"max-video-preview:-1"},"canonical":"https:\/\/thanhphatpc.com\/en\/bo-chia-mang-tplink-sf1005-5-cong-10-100mbps\/","og_locale":"en_US","og_type":"article","og_title":"B\u1ed9 chia m\u1ea1ng Tplink SF1005 - 5 c\u1ed5ng \/10\/100Mbps - ThanhPhat PC","og_description":"5 c\u1ed5ng RJ45 10\/100Mbps v\u1edbi k\u1ef9 thu\u1eadt chi\u1ebfm quy\u1ec1n \u0111i\u1ec1u khi\u1ec3n c\u00e1p (Auto-Negotiation) v\u00e0 h\u1ed7 tr\u1ee3 t\u00ednh n\u0103ng MDI \/ MDIX C\u00f4ng ngh\u1ec7 xanh gi\u00fap ti\u1ebft ki\u1ec7m \u0111i\u1ec7n n\u0103ng l\u00ean \u0111\u1ebfn 60% Ki\u1ec3m so\u00e1t l\u01b0u l\u01b0\u1ee3ng IEEE 802.3x mang l\u1ea1i kh\u1ea3 n\u0103ng chuy\u1ec3n t\u1ea3i d\u1eef li\u1ec7u \u0111\u00e1ng tin c\u1eady H\u1ed9p b\u1eb1ng nh\u1ef1a, thi\u1ebft k\u1ebf \u0111\u1ec3 ...","og_url":"https:\/\/thanhphatpc.com\/en\/bo-chia-mang-tplink-sf1005-5-cong-10-100mbps\/","og_site_name":"ThanhPhat PC","article_modified_time":"2022-04-07T10:40:12+00:00","og_image":[{"width":589,"height":590,"url":"https:\/\/thanhphatpc.com\/wp-content\/uploads\/2019\/09\/TL_SF1005DUN15.0_01_normal_1516616456440y.jpg","type":"image\/jpeg"}],"twitter_card":"summary_large_image","twitter_misc":{"Est. reading time":"1 minute"},"schema":{"@context":"https:\/\/schema.org","@graph":[{"@type":"WebPage","@id":"https:\/\/thanhphatpc.com\/bo-chia-mang-tplink-sf1005-5-cong-10-100mbps\/","url":"https:\/\/thanhphatpc.com\/bo-chia-mang-tplink-sf1005-5-cong-10-100mbps\/","name":"B\u1ed9 chia m\u1ea1ng Tplink SF1005 - 5 c\u1ed5ng \/10\/100Mbps - ThanhPhat PC","isPartOf":{"@id":"https:\/\/thanhphatpc.com\/#website"},"primaryImageOfPage":{"@id":"https:\/\/thanhphatpc.com\/bo-chia-mang-tplink-sf1005-5-cong-10-100mbps\/#primaryimage"},"image":{"@id":"https:\/\/thanhphatpc.com\/bo-chia-mang-tplink-sf1005-5-cong-10-100mbps\/#primaryimage"},"thumbnailUrl":"https:\/\/thanhphatpc.com\/wp-content\/uploads\/2019\/09\/TL_SF1005DUN15.0_01_normal_1516616456440y.jpg","datePublished":"2019-09-30T09:51:48+00:00","dateModified":"2022-04-07T10:40:12+00:00","breadcrumb":{"@id":"https:\/\/thanhphatpc.com\/bo-chia-mang-tplink-sf1005-5-cong-10-100mbps\/#breadcrumb"},"inLanguage":"en-US","potentialAction":[{"@type":"ReadAction","target":["https:\/\/thanhphatpc.com\/bo-chia-mang-tplink-sf1005-5-cong-10-100mbps\/"]}]},{"@type":"ImageObject","inLanguage":"en-US","@id":"https:\/\/thanhphatpc.com\/bo-chia-mang-tplink-sf1005-5-cong-10-100mbps\/#primaryimage","url":"https:\/\/thanhphatpc.com\/wp-content\/uploads\/2019\/09\/TL_SF1005DUN15.0_01_normal_1516616456440y.jpg","contentUrl":"https:\/\/thanhphatpc.com\/wp-content\/uploads\/2019\/09\/TL_SF1005DUN15.0_01_normal_1516616456440y.jpg","width":589,"height":590},{"@type":"BreadcrumbList","@id":"https:\/\/thanhphatpc.com\/bo-chia-mang-tplink-sf1005-5-cong-10-100mbps\/#breadcrumb","itemListElement":[{"@type":"ListItem","position":1,"name":"Trang ch\u1ee7","item":"https:\/\/thanhphatpc.com\/"},{"@type":"ListItem","position":2,"name":"C\u1eeda h\u00e0ng","item":"https:\/\/thanhphatpc.com\/cua-hang\/"},{"@type":"ListItem","position":3,"name":"B\u1ed9 chia m\u1ea1ng Tplink SF1005 &#8211; 5 c\u1ed5ng \/10\/100Mbps"}]},{"@type":"WebSite","@id":"https:\/\/thanhphatpc.com\/#website","url":"https:\/\/thanhphatpc.com\/","name":"ThanhPhat PC","description":"D\u1ecbch v\u1ee5 ho\u00e0n h\u1ea3o","potentialAction":[{"@type":"SearchAction","target":{"@type":"EntryPoint","urlTemplate":"https:\/\/thanhphatpc.com\/?s={search_term_string}"},"query-input":{"@type":"PropertyValueSpecification","valueRequired":true,"valueName":"search_term_string"}}],"inLanguage":"en-US"}]}},"_links":{"self":[{"href":"https:\/\/thanhphatpc.com\/en\/wp-json\/wp\/v2\/product\/3563","targetHints":{"allow":["GET"]}}],"collection":[{"href":"https:\/\/thanhphatpc.com\/en\/wp-json\/wp\/v2\/product"}],"about":[{"href":"https:\/\/thanhphatpc.com\/en\/wp-json\/wp\/v2\/types\/product"}],"replies":[{"embeddable":true,"href":"https:\/\/thanhphatpc.com\/en\/wp-json\/wp\/v2\/comments?post=3563"}],"wp:featuredmedia":[{"embeddable":true,"href":"https:\/\/thanhphatpc.com\/en\/wp-json\/wp\/v2\/media\/3564"}],"wp:attachment":[{"href":"https:\/\/thanhphatpc.com\/en\/wp-json\/wp\/v2\/media?parent=3563"}],"wp:term":[{"taxonomy":"product_cat","embeddable":true,"href":"https:\/\/thanhphatpc.com\/en\/wp-json\/wp\/v2\/product_cat?post=3563"},{"taxonomy":"product_tag","embeddable":true,"href":"https:\/\/thanhphatpc.com\/en\/wp-json\/wp\/v2\/product_tag?post=3563"}],"curies":[{"name":"wp","href":"https:\/\/api.w.org\/{rel}","templated":true}]}}