{"id":3566,"date":"2019-09-30T16:56:57","date_gmt":"2019-09-30T09:56:57","guid":{"rendered":"https:\/\/thanhphatpc.com\/?post_type=product&#038;p=3566"},"modified":"2022-04-07T19:31:24","modified_gmt":"2022-04-07T12:31:24","slug":"usb-thu-song-tplink-725n-sieu-nho-150mps","status":"publish","type":"product","link":"https:\/\/thanhphatpc.com\/en\/usb-thu-song-tplink-725n-sieu-nho-150mps\/","title":{"rendered":"USB thu s\u00f3ng Tplink 725N, si\u00eau nh\u1ecf, 150Mps"},"content":{"rendered":"<h2><strong>USB wi-fi Tp-Link TL-WN725N\u00a0<\/strong><strong>\u2013\u00a0<\/strong><strong>Thi\u1ebft b\u1ecb m\u1ea1ng\u00a0<\/strong><strong>si\u00eau nh\u1ecf, t\u1ed1c \u0111\u1ed9 150Mbps<\/strong>\u00a0<strong>chu\u1ea9n N<\/strong><\/h2>\n<p><em><strong>USB wi-fi<\/strong>\u00a0si\u00eau nh\u1ecf Tp-Link chu\u1ea9n N l\u00e0 phi\u00ean b\u1ea3n USB thu s\u00f3ng wifi \u0111\u1eb7c bi\u1ec7t c\u1ee7a Tp-Link. Thi\u1ebft b\u1ecb m\u1ea1ng c\u00f3 th\u1ec3 d\u00f9ng \u0111\u01b0\u1ee3c cho c\u1ea3 m\u00e1y t\u00ednh \u0111\u1ec3 b\u00e0n l\u1eabn laptop \u0111\u01b0\u1ee3c trang b\u1ecb c\u1ed5ng k\u1ebft n\u1ed1i USB 2.0. V\u1edbi k\u00edch th\u01b0\u1edbc nh\u1ecf g\u1ecdn nh\u01b0ng t\u1ed1c \u0111\u1ed9 truy\u1ec1n t\u1ea3i r\u1ea5t cao l\u00ean \u0111\u1ebfn 150Mbps,\u00a0<strong>USB wifi Tp-Link TL-WN725N<\/strong>\u00a0l\u00e0 l\u1ef1a ch\u1ecdn h\u00e0ng \u0111\u1ea7u c\u1ee7a b\u1ea1n<\/em>.<\/p>\n<h3><strong>Thi\u1ebft k\u1ebf si\u00eau nh\u1ecf d\u1ec5<\/strong><strong>\u00a0d\u00e0ng k\u1ebft n\u1ed1i<\/strong><\/h3>\n<p>USB wifi Tp-Link TL-WN725N chu\u1ea9n N c\u00f3 thi\u1ebft k\u1ebf thu nh\u1ecf v\u00e0 ki\u1ec3u d\u00e1ng \u0111\u1eb9p, ng\u01b0\u1eddi d\u00f9ng c\u00f3 th\u1ec3 k\u1ebft n\u1ed1i b\u1ed9 chuy\u1ec3n \u0111\u1ed5i nano v\u1edbi b\u1ea5t k\u1ef3\u00a0c\u1ed5ng USB\u00a0n\u00e0o v\u00e0 l\u01b0u l\u1ea1i \u0111\u00f3. Kh\u00f4ng c\u1ea7n ph\u1ea3i lo l\u1eafng s\u1ebd \u1ea3nh h\u01b0\u1edfng \u0111\u1ebfn c\u00e1c c\u1ed5ng USB li\u1ec1n k\u1ec1 ho\u1eb7c b\u1ecb r\u01a1i ra khi di chuy\u1ec3n m\u00e1y t\u00ednh x\u00e1ch tay t\u1eeb A \u0111\u1ebfn B.<\/p>\n<p><img decoding=\"async\" src=\"https:\/\/cdn.cellphones.com.vn\/media\/wysiwyg\/accessories\/wireless_router\/USB-Wi-Fi-N150USM-1.jpg\" alt=\"Thi\u1ebft k\u1ebf si\u00eau nh\u1ecf d\u1ec5 d\u00e0ng k\u1ebft n\u1ed1i\" \/><\/p>\n<p>Thi\u1ebft b\u1ecb \u0111\u01b0\u1ee3c ph\u1ed1i m\u00e0u v\u00e0ng v\u00e0 \u0111en sang tr\u1ecdng, ph\u00f9 h\u1ee3p v\u1edbi t\u1ea5t c\u1ea3 chi\u1ebfc laptop. H\u01a1n n\u1eefa, v\u1ebb ngo\u00e0i g\u00f3c c\u1ea1nh c\u0169ng ph\u00f9 h\u1ee3p khi s\u1eed d\u1ee5ng v\u1edbi nh\u1eefng c\u1ed7 m\u00e1y hi\u1ec7n \u0111\u1ea1i, h\u1ea7m h\u1ed1. \u0110\u1eb7c bi\u1ec7t, khi s\u1eed d\u1ee5ng v\u1edbi laptop, chi\u1ebfc USB wifi n\u00e0y ngo\u00e0i ch\u1ee9c n\u0103ng thu s\u00f3ng wifi th\u00ec s\u1ebd c\u00f2n l\u00e0 ph\u1ee5 ki\u1ec7n \u0111i\u1ec3m nh\u1ea5n cho chi\u1ebfc laptop c\u1ee7a b\u1ea1n.<\/p>\n<h3><strong>K\u1ebft n\u1ed1i chu\u1ea9n\u00a0<\/strong><strong>N,<\/strong><strong>\u00a0t\u1ed1c \u0111\u1ed9 l\u00ean \u0111\u1ebfn 150Mbps<\/strong><\/h3>\n<p>USB wifi WN725N h\u1ed7 tr\u1ee3 ng\u01b0\u1eddi d\u00f9ng c\u00e0i \u0111\u1eb7t c\u00e1c m\u00e1y t\u00ednh ho\u1eb7c m\u00e1y t\u00ednh x\u00e1ch tay \u1edf v\u1ecb tr\u00ed thu\u1eadn ti\u1ec7n nh\u1ea5t c\u00f3 s\u1eb5n, m\u00e0 kh\u00f4ng c\u1ea7n ph\u1ea3i c\u00f3 d\u00e2y c\u00e1p m\u1ea1ng. S\u1ea3n ph\u1ea9m t\u01b0\u01a1ng th\u00edch v\u1edbi c\u00e1c thi\u1ebft b\u1ecb theo chu\u1ea9n 802.11b\/g\/n v\u00e0 cung c\u1ea5p t\u1ed1c \u0111\u1ed9 kh\u00f4ng d\u00e2y l\u00ean \u0111\u1ebfn 150Mbps ph\u00f9 h\u1ee3p cho vi\u1ec7c ch\u01a1i game tr\u1ef1c tuy\u1ebfn, xem video,&#8230;<\/p>\n<p><img decoding=\"async\" src=\"https:\/\/cdn.cellphones.com.vn\/media\/wysiwyg\/accessories\/wireless_router\/USB-Wi-Fi-N150USM-2.jpg\" alt=\"K\u1ebft n\u1ed1i chu\u1ea9n N, t\u1ed1c \u0111\u1ed9 l\u00ean \u0111\u1ebfn 150Mbps\" \/><\/p>\n<p>Chu\u1ea9n kh\u00f4ng d\u00e2y IEEE 802.11n tr\u00ean Tp-Link l\u00e0 m\u1ed9t ti\u00eau chu\u1ea9n c\u00f4ng nghi\u1ec7p c\u1ee7a\u00a0<a title=\"IEEE\" href=\"https:\/\/supportcenter.ieee.org\/app\/answers\/detail\/a_id\/190\/~\/what-is-ieee%3F\" target=\"_blank\" rel=\"nofollow noopener noreferrer\">IEEE<\/a>\u00a0v\u1ec1 truy\u1ec1n th\u00f4ng m\u1ea1ng kh\u00f4ng d\u00e2y wifi. USB wifi WN725N \u0111\u1ea3m b\u1ea3o m\u1ed9t k\u1ebft n\u1ed1i kh\u00f4ng d\u00e2y m\u1ea1nh m\u1ebd v\u00e0 \u1ed5n \u0111\u1ecbnh v\u00e0 cho ph\u00e9p b\u1ea1n t\u1eadn h\u01b0\u1edfng s\u1ef1 t\u1ef1 do kh\u00f4ng d\u00e2y xung quanh nh\u00e0 c\u1ee7a b\u1ea1n.<\/p>\n<h3><strong>P<\/strong><strong>h\u01b0\u01a1ng th\u1ee9c b\u1ea3o m\u1eadt WEP<\/strong><strong>&#8211;<\/strong><strong>WPA<\/strong><strong>, ph\u00f9 h\u1ee3p m\u1ecdi h\u1ec7 \u0111i\u1ec1u h\u00e0nh<\/strong><\/h3>\n<p>Ngo\u00e0i ra, v\u1edbi ph\u01b0\u01a1ng th\u1ee9c b\u1ea3o m\u1eadt WEP, WPA, s\u1ea3n ph\u1ea9m c\u00f3 th\u1ec3 b\u1ea3o v\u1ec7 m\u1ea1ng kh\u00f4ng d\u00e2y nh\u00e0 b\u1ea1n m\u1ed9t c\u00e1ch hi\u1ec7u qu\u1ea3. T\u00ednh n\u0103ng WPS gi\u00fap b\u1ea1n k\u1ebft n\u1ed1i an to\u00e0n v\u1edbi m\u1ed9t b\u1ed9 ph\u00e1t wifi nhanh ch\u00f3ng m\u00e0 kh\u00f4ng c\u1ea7n c\u00e0i \u0111\u1eb7t ph\u1ee9c t\u1ea1p.<\/p>\n<p><img decoding=\"async\" src=\"https:\/\/cdn.cellphones.com.vn\/media\/wysiwyg\/accessories\/wireless_router\/USB-Wi-Fi-N150USM-3.jpg\" alt=\"Ph\u01b0\u01a1ng th\u1ee9c b\u1ea3o m\u1eadt WEP-WPA\" \/><\/p>\n<p>Thi\u1ebft b\u1ecb t\u01b0\u01a1ng th\u00edch v\u1edbi h\u1ea7u h\u1ebft c\u00e1c h\u1ec7 \u0111i\u1ec1u h\u00e0nh th\u00f4ng d\u1ee5ng nh\u01b0 Windows XP, 7, 8, MacOS 10.4 tr\u1edf l\u00ean, Linux, ph\u00f9 h\u1ee3p ti\u00eau chu\u1ea9n IEEE 802.11n\/g\/b s\u1ebd mang \u0111\u1ebfn cho b\u1ea1n tr\u1ea3i nghi\u1ec7m Internet \u1ed5n \u0111\u1ecbnh th\u00f4ng qua h\u1ec7 th\u1ed1ng m\u1ea1ng kh\u00f4ng d\u00e2y.<\/p>\n<p>&nbsp;<\/p>\n<h3><strong>\u0110<\/strong><strong>\u0129a CD<\/strong><strong>\u00a0h\u01b0\u1edbng d\u1eabn c\u00e0i \u0111\u1eb7t, ti\u1ebft ki\u1ec7m\u00a0<\/strong><strong>\u0111i\u1ec7n n\u0103ng \u0111\u1ebfn 30%<\/strong><\/h3>\n<p>TL-WN725N \u0111i k\u00e8m v\u1edbi m\u1ed9t ti\u1ec7n \u00edch g\u1ed3m 14 ng\u00f4n ng\u1eef trong \u0111\u0129a CD theo s\u1ea3n ph\u1ea9m gi\u00fap cho ng\u01b0\u1eddi d\u00f9ng c\u00f3 th\u1ec3 ho\u00e0n t\u1ea5t vi\u1ec7c c\u00e0i \u0111\u1eb7t ph\u1ea7n m\u1ec1m v\u00e0 thi\u1ebft l\u1eadp m\u1ea1ng kh\u00f4ng d\u00e2y, bao g\u1ed3m c\u1ea3 c\u00e1c c\u1ea5u h\u00ecnh b\u1ea3o m\u1eadt v\u00e0 k\u1ebft n\u1ed1i kh\u00f4ng d\u00e2y m\u1ed9t c\u00e1ch nhanh ch\u00f3ng v\u00e0 d\u1ec5 d\u00e0ng, ngay c\u1ea3 \u0111\u1ed1i v\u1edbi ng\u01b0\u1eddi d\u00f9ng m\u1edbi l\u00e0m quen v\u1edbi m\u1ea1ng kh\u00f4ng d\u00e2y<\/p>\n<p><img decoding=\"async\" src=\"https:\/\/cdn.cellphones.com.vn\/media\/wysiwyg\/accessories\/wireless_router\/USB-Wi-Fi-N150USM-4.jpg\" alt=\"TL-WN725N \u0111i k\u00e8m v\u1edbi m\u1ed9t ti\u1ec7n \u00edch g\u1ed3m 14 ng\u00f4n ng\u1eef trong \u0111\u0129a CD\" \/><\/p>\n<p>Ngo\u00e0i ra, TL-WN725N s\u1eed d\u1ee5ng c\u00f4ng ngh\u1ec7 ti\u1ebft ki\u1ec7m n\u0103ng l\u01b0\u1ee3ng th\u00f4ng minh gi\u00fap gi\u1ea3m l\u01b0\u1ee3ng ti\u00eau th\u1ee5 \u0111i\u1ec7n n\u0103ng \u0111\u1ebfn 30%. Gi\u1edd \u0111\u00e2y b\u1ea1n c\u00f3 th\u1ec3 d\u1ec5 d\u00e0ng s\u1eed d\u1ee5ng Internet c\u00f9ng v\u1edbi nh\u1eefng ng\u01b0\u1eddi th\u00e2n trong gia \u0111\u00ecnh ho\u1eb7c b\u1ea1n b\u00e8, \u0111\u1ed3ng nghi\u1ec7p trong c\u00f4ng ty,\u2026<\/p>\n<p>&nbsp;<\/p>\n<p>&nbsp;<\/p>","protected":false},"excerpt":{"rendered":"<p>USB wi-fi Tp-Link TL-WN725N\u00a0\u2013\u00a0Thi\u1ebft b\u1ecb m\u1ea1ng\u00a0si\u00eau nh\u1ecf, t\u1ed1c \u0111\u1ed9 150Mbps\u00a0chu\u1ea9n N USB wi-fi\u00a0si\u00eau nh\u1ecf Tp-Link chu\u1ea9n N l\u00e0 phi\u00ean b\u1ea3n USB thu s\u00f3ng wifi \u0111\u1eb7c bi\u1ec7t c\u1ee7a Tp-Link. Thi\u1ebft b\u1ecb m\u1ea1ng c\u00f3 th\u1ec3 d\u00f9ng \u0111\u01b0\u1ee3c cho c\u1ea3 m\u00e1y t\u00ednh \u0111\u1ec3 b\u00e0n l\u1eabn laptop \u0111\u01b0\u1ee3c trang b\u1ecb c\u1ed5ng k\u1ebft n\u1ed1i USB 2.0. V\u1edbi k\u00edch th\u01b0\u1edbc nh\u1ecf &#8230;<\/p>","protected":false},"featured_media":3567,"comment_status":"open","ping_status":"closed","template":"","meta":{"_acf_changed":false},"product_cat":[400,397],"product_tag":[],"class_list":{"0":"post-3566","1":"product","2":"type-product","3":"status-publish","4":"has-post-thumbnail","6":"product_cat-bo-tiep-song-wifi","7":"product_cat-thiet-bi-mang","9":"first","10":"instock","11":"shipping-taxable","12":"purchasable","13":"product-type-simple"},"acf":[],"yoast_head":"<!-- This site is optimized with the Yoast SEO plugin v23.8 - https:\/\/yoast.com\/wordpress\/plugins\/seo\/ -->\n<title>USB thu s\u00f3ng Tplink 725N, si\u00eau nh\u1ecf, 150Mps - ThanhPhat PC<\/title>\n<meta name=\"robots\" content=\"index, follow, max-snippet:-1, max-image-preview:large, max-video-preview:-1\" \/>\n<link rel=\"canonical\" href=\"https:\/\/thanhphatpc.com\/en\/usb-thu-song-tplink-725n-sieu-nho-150mps\/\" \/>\n<meta property=\"og:locale\" content=\"en_US\" \/>\n<meta property=\"og:type\" content=\"article\" \/>\n<meta property=\"og:title\" content=\"USB thu s\u00f3ng Tplink 725N, si\u00eau nh\u1ecf, 150Mps - ThanhPhat PC\" \/>\n<meta property=\"og:description\" content=\"USB wi-fi Tp-Link TL-WN725N\u00a0\u2013\u00a0Thi\u1ebft b\u1ecb m\u1ea1ng\u00a0si\u00eau nh\u1ecf, t\u1ed1c \u0111\u1ed9 150Mbps\u00a0chu\u1ea9n N USB wi-fi\u00a0si\u00eau nh\u1ecf Tp-Link chu\u1ea9n N l\u00e0 phi\u00ean b\u1ea3n USB thu s\u00f3ng wifi \u0111\u1eb7c bi\u1ec7t c\u1ee7a Tp-Link. Thi\u1ebft b\u1ecb m\u1ea1ng c\u00f3 th\u1ec3 d\u00f9ng \u0111\u01b0\u1ee3c cho c\u1ea3 m\u00e1y t\u00ednh \u0111\u1ec3 b\u00e0n l\u1eabn laptop \u0111\u01b0\u1ee3c trang b\u1ecb c\u1ed5ng k\u1ebft n\u1ed1i USB 2.0. V\u1edbi k\u00edch th\u01b0\u1edbc nh\u1ecf ...\" \/>\n<meta property=\"og:url\" content=\"https:\/\/thanhphatpc.com\/en\/usb-thu-song-tplink-725n-sieu-nho-150mps\/\" \/>\n<meta property=\"og:site_name\" content=\"ThanhPhat PC\" \/>\n<meta property=\"article:modified_time\" content=\"2022-04-07T12:31:24+00:00\" \/>\n<meta property=\"og:image\" content=\"https:\/\/thanhphatpc.com\/wp-content\/uploads\/2019\/09\/tl-wn725n_eu_3.0_01_large_1506586609631p.jpg\" \/>\n\t<meta property=\"og:image:width\" content=\"500\" \/>\n\t<meta property=\"og:image:height\" content=\"500\" \/>\n\t<meta property=\"og:image:type\" content=\"image\/jpeg\" \/>\n<meta name=\"twitter:card\" content=\"summary_large_image\" \/>\n<meta name=\"twitter:label1\" content=\"Est. reading time\" \/>\n\t<meta name=\"twitter:data1\" content=\"5 minutes\" \/>\n<script type=\"application\/ld+json\" class=\"yoast-schema-graph\">{\"@context\":\"https:\/\/schema.org\",\"@graph\":[{\"@type\":\"WebPage\",\"@id\":\"https:\/\/thanhphatpc.com\/usb-thu-song-tplink-725n-sieu-nho-150mps\/\",\"url\":\"https:\/\/thanhphatpc.com\/usb-thu-song-tplink-725n-sieu-nho-150mps\/\",\"name\":\"USB thu s\u00f3ng Tplink 725N, si\u00eau nh\u1ecf, 150Mps - ThanhPhat PC\",\"isPartOf\":{\"@id\":\"https:\/\/thanhphatpc.com\/#website\"},\"primaryImageOfPage\":{\"@id\":\"https:\/\/thanhphatpc.com\/usb-thu-song-tplink-725n-sieu-nho-150mps\/#primaryimage\"},\"image\":{\"@id\":\"https:\/\/thanhphatpc.com\/usb-thu-song-tplink-725n-sieu-nho-150mps\/#primaryimage\"},\"thumbnailUrl\":\"https:\/\/thanhphatpc.com\/wp-content\/uploads\/2019\/09\/tl-wn725n_eu_3.0_01_large_1506586609631p.jpg\",\"datePublished\":\"2019-09-30T09:56:57+00:00\",\"dateModified\":\"2022-04-07T12:31:24+00:00\",\"breadcrumb\":{\"@id\":\"https:\/\/thanhphatpc.com\/usb-thu-song-tplink-725n-sieu-nho-150mps\/#breadcrumb\"},\"inLanguage\":\"en-US\",\"potentialAction\":[{\"@type\":\"ReadAction\",\"target\":[\"https:\/\/thanhphatpc.com\/usb-thu-song-tplink-725n-sieu-nho-150mps\/\"]}]},{\"@type\":\"ImageObject\",\"inLanguage\":\"en-US\",\"@id\":\"https:\/\/thanhphatpc.com\/usb-thu-song-tplink-725n-sieu-nho-150mps\/#primaryimage\",\"url\":\"https:\/\/thanhphatpc.com\/wp-content\/uploads\/2019\/09\/tl-wn725n_eu_3.0_01_large_1506586609631p.jpg\",\"contentUrl\":\"https:\/\/thanhphatpc.com\/wp-content\/uploads\/2019\/09\/tl-wn725n_eu_3.0_01_large_1506586609631p.jpg\",\"width\":500,\"height\":500},{\"@type\":\"BreadcrumbList\",\"@id\":\"https:\/\/thanhphatpc.com\/usb-thu-song-tplink-725n-sieu-nho-150mps\/#breadcrumb\",\"itemListElement\":[{\"@type\":\"ListItem\",\"position\":1,\"name\":\"Trang ch\u1ee7\",\"item\":\"https:\/\/thanhphatpc.com\/\"},{\"@type\":\"ListItem\",\"position\":2,\"name\":\"C\u1eeda h\u00e0ng\",\"item\":\"https:\/\/thanhphatpc.com\/cua-hang\/\"},{\"@type\":\"ListItem\",\"position\":3,\"name\":\"USB thu s\u00f3ng Tplink 725N, si\u00eau nh\u1ecf, 150Mps\"}]},{\"@type\":\"WebSite\",\"@id\":\"https:\/\/thanhphatpc.com\/#website\",\"url\":\"https:\/\/thanhphatpc.com\/\",\"name\":\"ThanhPhat PC\",\"description\":\"D\u1ecbch v\u1ee5 ho\u00e0n h\u1ea3o\",\"potentialAction\":[{\"@type\":\"SearchAction\",\"target\":{\"@type\":\"EntryPoint\",\"urlTemplate\":\"https:\/\/thanhphatpc.com\/?s={search_term_string}\"},\"query-input\":{\"@type\":\"PropertyValueSpecification\",\"valueRequired\":true,\"valueName\":\"search_term_string\"}}],\"inLanguage\":\"en-US\"}]}<\/script>\n<!-- \/ Yoast SEO plugin. -->","yoast_head_json":{"title":"USB thu s\u00f3ng Tplink 725N, si\u00eau nh\u1ecf, 150Mps - ThanhPhat PC","robots":{"index":"index","follow":"follow","max-snippet":"max-snippet:-1","max-image-preview":"max-image-preview:large","max-video-preview":"max-video-preview:-1"},"canonical":"https:\/\/thanhphatpc.com\/en\/usb-thu-song-tplink-725n-sieu-nho-150mps\/","og_locale":"en_US","og_type":"article","og_title":"USB thu s\u00f3ng Tplink 725N, si\u00eau nh\u1ecf, 150Mps - ThanhPhat PC","og_description":"USB wi-fi Tp-Link TL-WN725N\u00a0\u2013\u00a0Thi\u1ebft b\u1ecb m\u1ea1ng\u00a0si\u00eau nh\u1ecf, t\u1ed1c \u0111\u1ed9 150Mbps\u00a0chu\u1ea9n N USB wi-fi\u00a0si\u00eau nh\u1ecf Tp-Link chu\u1ea9n N l\u00e0 phi\u00ean b\u1ea3n USB thu s\u00f3ng wifi \u0111\u1eb7c bi\u1ec7t c\u1ee7a Tp-Link. Thi\u1ebft b\u1ecb m\u1ea1ng c\u00f3 th\u1ec3 d\u00f9ng \u0111\u01b0\u1ee3c cho c\u1ea3 m\u00e1y t\u00ednh \u0111\u1ec3 b\u00e0n l\u1eabn laptop \u0111\u01b0\u1ee3c trang b\u1ecb c\u1ed5ng k\u1ebft n\u1ed1i USB 2.0. V\u1edbi k\u00edch th\u01b0\u1edbc nh\u1ecf ...","og_url":"https:\/\/thanhphatpc.com\/en\/usb-thu-song-tplink-725n-sieu-nho-150mps\/","og_site_name":"ThanhPhat PC","article_modified_time":"2022-04-07T12:31:24+00:00","og_image":[{"width":500,"height":500,"url":"https:\/\/thanhphatpc.com\/wp-content\/uploads\/2019\/09\/tl-wn725n_eu_3.0_01_large_1506586609631p.jpg","type":"image\/jpeg"}],"twitter_card":"summary_large_image","twitter_misc":{"Est. reading time":"5 minutes"},"schema":{"@context":"https:\/\/schema.org","@graph":[{"@type":"WebPage","@id":"https:\/\/thanhphatpc.com\/usb-thu-song-tplink-725n-sieu-nho-150mps\/","url":"https:\/\/thanhphatpc.com\/usb-thu-song-tplink-725n-sieu-nho-150mps\/","name":"USB thu s\u00f3ng Tplink 725N, si\u00eau nh\u1ecf, 150Mps - ThanhPhat PC","isPartOf":{"@id":"https:\/\/thanhphatpc.com\/#website"},"primaryImageOfPage":{"@id":"https:\/\/thanhphatpc.com\/usb-thu-song-tplink-725n-sieu-nho-150mps\/#primaryimage"},"image":{"@id":"https:\/\/thanhphatpc.com\/usb-thu-song-tplink-725n-sieu-nho-150mps\/#primaryimage"},"thumbnailUrl":"https:\/\/thanhphatpc.com\/wp-content\/uploads\/2019\/09\/tl-wn725n_eu_3.0_01_large_1506586609631p.jpg","datePublished":"2019-09-30T09:56:57+00:00","dateModified":"2022-04-07T12:31:24+00:00","breadcrumb":{"@id":"https:\/\/thanhphatpc.com\/usb-thu-song-tplink-725n-sieu-nho-150mps\/#breadcrumb"},"inLanguage":"en-US","potentialAction":[{"@type":"ReadAction","target":["https:\/\/thanhphatpc.com\/usb-thu-song-tplink-725n-sieu-nho-150mps\/"]}]},{"@type":"ImageObject","inLanguage":"en-US","@id":"https:\/\/thanhphatpc.com\/usb-thu-song-tplink-725n-sieu-nho-150mps\/#primaryimage","url":"https:\/\/thanhphatpc.com\/wp-content\/uploads\/2019\/09\/tl-wn725n_eu_3.0_01_large_1506586609631p.jpg","contentUrl":"https:\/\/thanhphatpc.com\/wp-content\/uploads\/2019\/09\/tl-wn725n_eu_3.0_01_large_1506586609631p.jpg","width":500,"height":500},{"@type":"BreadcrumbList","@id":"https:\/\/thanhphatpc.com\/usb-thu-song-tplink-725n-sieu-nho-150mps\/#breadcrumb","itemListElement":[{"@type":"ListItem","position":1,"name":"Trang ch\u1ee7","item":"https:\/\/thanhphatpc.com\/"},{"@type":"ListItem","position":2,"name":"C\u1eeda h\u00e0ng","item":"https:\/\/thanhphatpc.com\/cua-hang\/"},{"@type":"ListItem","position":3,"name":"USB thu s\u00f3ng Tplink 725N, si\u00eau nh\u1ecf, 150Mps"}]},{"@type":"WebSite","@id":"https:\/\/thanhphatpc.com\/#website","url":"https:\/\/thanhphatpc.com\/","name":"ThanhPhat PC","description":"D\u1ecbch v\u1ee5 ho\u00e0n h\u1ea3o","potentialAction":[{"@type":"SearchAction","target":{"@type":"EntryPoint","urlTemplate":"https:\/\/thanhphatpc.com\/?s={search_term_string}"},"query-input":{"@type":"PropertyValueSpecification","valueRequired":true,"valueName":"search_term_string"}}],"inLanguage":"en-US"}]}},"_links":{"self":[{"href":"https:\/\/thanhphatpc.com\/en\/wp-json\/wp\/v2\/product\/3566","targetHints":{"allow":["GET"]}}],"collection":[{"href":"https:\/\/thanhphatpc.com\/en\/wp-json\/wp\/v2\/product"}],"about":[{"href":"https:\/\/thanhphatpc.com\/en\/wp-json\/wp\/v2\/types\/product"}],"replies":[{"embeddable":true,"href":"https:\/\/thanhphatpc.com\/en\/wp-json\/wp\/v2\/comments?post=3566"}],"wp:featuredmedia":[{"embeddable":true,"href":"https:\/\/thanhphatpc.com\/en\/wp-json\/wp\/v2\/media\/3567"}],"wp:attachment":[{"href":"https:\/\/thanhphatpc.com\/en\/wp-json\/wp\/v2\/media?parent=3566"}],"wp:term":[{"taxonomy":"product_cat","embeddable":true,"href":"https:\/\/thanhphatpc.com\/en\/wp-json\/wp\/v2\/product_cat?post=3566"},{"taxonomy":"product_tag","embeddable":true,"href":"https:\/\/thanhphatpc.com\/en\/wp-json\/wp\/v2\/product_tag?post=3566"}],"curies":[{"name":"wp","href":"https:\/\/api.w.org\/{rel}","templated":true}]}}