{"id":3568,"date":"2019-09-30T17:00:42","date_gmt":"2019-09-30T10:00:42","guid":{"rendered":"https:\/\/thanhphatpc.com\/?post_type=product&#038;p=3568"},"modified":"2022-04-07T19:22:55","modified_gmt":"2022-04-07T12:22:55","slug":"bo-dinh-tuyen-khong-day-tenda-n301-2-r","status":"publish","type":"product","link":"https:\/\/thanhphatpc.com\/en\/bo-dinh-tuyen-khong-day-tenda-n301-2-r\/","title":{"rendered":"B\u1ed9 \u0111\u1ecbnh tuy\u1ebfn kh\u00f4ng d\u00e2y Tenda N301\/ 2 R"},"content":{"rendered":"<p class=\"fs23 font-weight-light\" data-v-46347f22=\"\">V\u1ec1 s\u1ea3n ph\u1ea9m<\/p>\n<div class=\"flex bg-white\" data-v-46347f22=\"\">\n<div class=\"w65\" data-v-46347f22=\"\" data-track-content=\"\" data-content-name=\"Detail - View Descriptions\">\n<div class=\"description-title\" data-v-46347f22=\"\">TH\u00d4NG TIN CHI TI\u1ebeT<\/div>\n<div class=\"py10 px20 description-content\" data-v-46347f22=\"\">\n<div data-v-46347f22=\"\">\n<h2><strong>\u0110\u00c1NH GI\u00c1 S\u1ea2N PH\u1ea8M THI\u1ebeT B\u1eca M\u1ea0NG ROUTER TENDA N301 (TR\u1eaeNG)<\/strong><\/h2>\n<p>&nbsp;<\/p>\n<h3>GI\u1edaI THI\u1ec6U S\u1ea2N PH\u1ea8M<\/h3>\n<p><strong>Thi\u1ebft b\u1ecb m\u1ea1ng\/ Router Tenda N301 (Tr\u1eafng)<\/strong>\u00a0l\u00e0 thi\u1ebft b\u1ecb c\u00f3 kh\u1ea3 n\u0103ng chia s\u1ebb k\u1ebft n\u1ed1i Internet\u00a0 v\u1edbi\u00a01 c\u1ed5ng WAN 10\/100Mbps v\u00e0 3 c\u1ed5ng LAN 10\/100Mbps.\u00a0 B\u1ed9 \u0111\u1ecbnh tuy\u1ebfn N301 \u0111\u01b0\u1ee3c thi\u1ebft k\u1ebf ph\u00f9 h\u1ee3p cho c\u00e1c h\u1ed9 gia \u0111\u00ecnh v\u00e0 v\u0103n ph\u00f2ng nh\u1ecf. S\u1ea3n ph\u1ea9m\u00a0 t\u01b0\u01a1ng th\u00edch v\u1edbi IEEE802.11n, cung c\u1ea5p t\u1ed1c \u0111\u1ed9 kh\u00f4ng d\u00e2y l\u00ean t\u1edbi 300Mpbs, ho\u00e0n h\u1ea3o cho c\u00e1c ho\u1ea1t \u0111\u1ed9ng truy c\u1eadp m\u1ea1ng h\u00e0ng ng\u00e0y nh\u01b0 g\u1eedi email, chat, xem video, ch\u01a1i game tr\u1ef1c tuy\u1ebfn,&#8230;<\/p>\n<p>Thi\u1ebft b\u1ecb c\u0169ng c\u00f3 th\u1ec3 ho\u1ea1t \u0111\u1ed9ng nh\u01b0 b\u1ed9 \u0111\u1ecbnh tuy\u1ebfn m\u00e1y kh\u00e1ch \u0111\u1ec3 k\u1ebft n\u1ed1i m\u1ea1ng ISP kh\u00f4ng d\u00e2y ho\u1eb7c uplink AP \u0111\u1ec3 chia s\u1ebb Internet t\u1edbi m\u1ecdi ng\u00f3c ng\u00e1ch, lo\u1ea1i b\u1ecf c\u00e1c \u1ee9ng d\u1ee5ng d\u1ec5 b\u1ecb \u0111\u1ee9t m\u1ea1ng.<\/p>\n<p><img loading=\"lazy\" decoding=\"async\" class=\"alignnone wp-image-13862 size-full\" src=\"https:\/\/tmp.phongvu.vn\/wp-content\/uploads\/2018\/10\/Router-Tenda-N301-Tr%E1%BA%AFng-1.jpg\" alt=\"THI\u1ebeT B\u1eca M\u1ea0NG ROUTER TENDA N301 (TR\u1eaeNG)\" width=\"1000\" height=\"1000\" \/><\/p>\n<h3>\u0110\u1eb6C \u0110I\u1ec2M N\u1ed4I B\u1eacT<\/h3>\n<div>\n<h4 class=\"td_h3\">B\u1ea3o m\u1eadt n\u00e2ng cao<\/h4>\n<div class=\"td_des\"><strong>Thi\u1ebft b\u1ecb m\u1ea1ng\/ Router Tenda N301 (Tr\u1eafng)<\/strong>\u00a0cung c\u1ea5p nhi\u1ec1u l\u1ef1a ch\u1ecdn m\u00e3 h\u00f3a m\u1ea1ng kh\u00f4ng d\u00e2y \u0111a t\u1ea7ng nh\u01b0\u00a0 64\/128bit WEP, WPA-PSK, WPA2-PSK \u0111\u1ec3 ng\u0103n truy c\u1eadp tr\u00e1i ph\u00e9p v\u00e0 b\u1ea3o v\u1ec7 c\u00e1c d\u1eef li\u1ec7u quan tr\u1ecdng. Ngo\u00e0i ra, thi\u1ebft b\u1ecb h\u1ed7 tr\u1ee3 ki\u1ec3m so\u00e1t truy c\u1eadp kh\u00f4ng d\u00e2y d\u1ef1a tr\u00ean \u0111\u1ecba ch\u1ec9 MAC c\u1ee7a b\u1ed9 chuy\u1ec3n \u0111\u1ed5i kh\u00f4ng d\u00e2y.<\/div>\n<div>\n<h4 class=\"td_h3\">B\u1ea3o m\u1eadt WiFi ch\u1ec9 b\u1eb1ng c\u00e1ch \u1ea5n n\u00fat WPS<\/h4>\n<div class=\"td_des\"><strong>Router Tenda N301 (Tr\u1eafng)<\/strong>\u00a0\u00a0c\u00f3 t\u00ednh n\u0103ng WPS cho ph\u00e9p ng\u01b0\u1eddi d\u00f9ng thi\u1ebft l\u1eadp b\u1ea3o m\u1eadt ngay l\u1eadp t\u1ee9c ch\u1ec9 \u0111\u01a1n gi\u1ea3n b\u1eb1ng c\u00e1ch \u1ea5n n\u00fat \u201cWPS\u201d, t\u1eeb \u0111\u00f3 thi\u1ebft b\u1ecb s\u1ebd t\u1ef1 \u0111\u1ed9ng thi\u1ebft l\u1eadp k\u1ebft n\u1ed1i an to\u00e0n. T\u00ednh n\u0103ng n\u00e0y \u0111\u1ea3m b\u1ea3o s\u1ef1 nhanh nh\u1ea1y so v\u1edbi c\u00e0i \u0111\u1eb7t an ninh th\u00f4ng th\u01b0\u1eddng v\u00e0 thu\u1eadn ti\u1ec7n cho ng\u01b0\u1eddi d\u00f9ng khi kh\u00f4ng c\u1ea7n thi\u1ebft\u00a0\u00a0nh\u1edb m\u1eadt kh\u1ea9u.<\/div>\n<div>\n<h4 class=\"td_h3\">Ki\u1ec3m so\u00e1t th\u01b0\u1ee3ng t\u1ea7ng<\/h4>\n<p>Ng\u01b0\u1eddi d\u00f9ng c\u00f3 th\u1ec3\u00a0ki\u1ec3m so\u00e1t c\u00e1c y\u1ebfu t\u1ed1 nh\u01b0 th\u1eddi gian s\u1eed d\u1ee5ng, kh\u1ea3 n\u0103ng ch\u1eb7n t\u00ean mi\u1ec1n nh\u1edd thi\u1ebft b\u1ecb h\u1ed7 tr\u1ee3 c\u00e1c b\u1ed9 l\u1ecdc:\u00a0B\u1ed9 l\u1ecdc m\u00e1y kh\u00e1ch, B\u1ed9 l\u1ecdc \u0111\u1ecba ch\u1ec9 MAC, B\u1ed9 l\u1ecdc Website.<\/p>\n<\/div>\n<div>\n<h4 class=\"td_h3\">Ch\u1ebf \u0111\u1ed9 \u0111\u1ecbnh tuy\u1ebfn m\u00e1y kh\u00e1ch \u2013 M\u00e1y kh\u00e1ch WISP<\/h4>\n<div class=\"td_des\">N301 c\u0169ng c\u00f3 th\u1ec3 ho\u1ea1t \u0111\u1ed9ng \u1edf ch\u1ebf \u0111\u1ed9 m\u00e1y kh\u00e1ch \u0111\u1ec3 k\u1ebft n\u1ed1i v\u1edbi m\u1ea1ng ISP ho\u1eb7c uplink AP kh\u00f4ng d\u00e2y \u0111\u1ec3 chia s\u1ebb Internet t\u1edbi m\u1ecdi ng\u00f3c ng\u00e1ch, lo\u1ea1i b\u1ecf c\u00e1c \u1ee9ng d\u1ee5ng d\u1ec5 b\u1ecb \u0111\u1ee9t m\u1ea1ng.<\/div>\n<div>\u00a0<img loading=\"lazy\" decoding=\"async\" class=\"alignnone wp-image-13863 size-full\" src=\"https:\/\/tmp.phongvu.vn\/wp-content\/uploads\/2018\/10\/Router-Tenda-N301-Tr%E1%BA%AFng-2.jpg\" alt=\"THI\u1ebeT B\u1eca M\u1ea0NG ROUTER TENDA N301 (TR\u1eaeNG)\" width=\"1180\" height=\"750\" \/><img loading=\"lazy\" decoding=\"async\" class=\"alignnone wp-image-13864 size-full\" src=\"https:\/\/tmp.phongvu.vn\/wp-content\/uploads\/2018\/10\/Router-Tenda-N301-Tr%E1%BA%AFng-3.jpg\" alt=\"THI\u1ebeT B\u1eca M\u1ea0NG ROUTER TENDA N301 (TR\u1eaeNG)\" width=\"1180\" height=\"750\" \/><\/div>\n<\/div>\n<\/div>\n<\/div>\n<\/div>\n<\/div>\n<div class=\"more-description\" data-v-46347f22=\"\">\n<div class=\"v-btn__content\"><span data-v-46347f22=\"\">THU G\u1eccN<\/span><\/div>\n<\/div>\n<\/div>\n<\/div>","protected":false},"excerpt":{"rendered":"<p>V\u1ec1 s\u1ea3n ph\u1ea9m TH\u00d4NG TIN CHI TI\u1ebeT \u0110\u00c1NH GI\u00c1 S\u1ea2N PH\u1ea8M THI\u1ebeT B\u1eca M\u1ea0NG ROUTER TENDA N301 (TR\u1eaeNG) &nbsp; GI\u1edaI THI\u1ec6U S\u1ea2N PH\u1ea8M Thi\u1ebft b\u1ecb m\u1ea1ng\/ Router Tenda N301 (Tr\u1eafng)\u00a0l\u00e0 thi\u1ebft b\u1ecb c\u00f3 kh\u1ea3 n\u0103ng chia s\u1ebb k\u1ebft n\u1ed1i Internet\u00a0 v\u1edbi\u00a01 c\u1ed5ng WAN 10\/100Mbps v\u00e0 3 c\u1ed5ng LAN 10\/100Mbps.\u00a0 B\u1ed9 \u0111\u1ecbnh tuy\u1ebfn N301 \u0111\u01b0\u1ee3c thi\u1ebft &#8230;<\/p>","protected":false},"featured_media":3569,"comment_status":"open","ping_status":"closed","template":"","meta":{"_acf_changed":false},"product_cat":[398,401,397],"product_tag":[],"class_list":{"0":"post-3568","1":"product","2":"type-product","3":"status-publish","4":"has-post-thumbnail","6":"product_cat-modem-wifi","7":"product_cat-tenda","8":"product_cat-thiet-bi-mang","10":"first","11":"instock","12":"shipping-taxable","13":"purchasable","14":"product-type-simple"},"acf":[],"yoast_head":"<!-- This site is optimized with the Yoast SEO plugin v23.8 - https:\/\/yoast.com\/wordpress\/plugins\/seo\/ -->\n<title>B\u1ed9 \u0111\u1ecbnh tuy\u1ebfn kh\u00f4ng d\u00e2y Tenda N301\/ 2 R - ThanhPhat PC<\/title>\n<meta name=\"robots\" content=\"index, follow, max-snippet:-1, max-image-preview:large, max-video-preview:-1\" \/>\n<link rel=\"canonical\" href=\"https:\/\/thanhphatpc.com\/en\/bo-dinh-tuyen-khong-day-tenda-n301-2-r\/\" \/>\n<meta property=\"og:locale\" content=\"en_US\" \/>\n<meta property=\"og:type\" content=\"article\" \/>\n<meta property=\"og:title\" content=\"B\u1ed9 \u0111\u1ecbnh tuy\u1ebfn kh\u00f4ng d\u00e2y Tenda N301\/ 2 R - ThanhPhat PC\" \/>\n<meta property=\"og:description\" content=\"V\u1ec1 s\u1ea3n ph\u1ea9m TH\u00d4NG TIN CHI TI\u1ebeT \u0110\u00c1NH GI\u00c1 S\u1ea2N PH\u1ea8M THI\u1ebeT B\u1eca M\u1ea0NG ROUTER TENDA N301 (TR\u1eaeNG) &nbsp; GI\u1edaI THI\u1ec6U S\u1ea2N PH\u1ea8M Thi\u1ebft b\u1ecb m\u1ea1ng\/ Router Tenda N301 (Tr\u1eafng)\u00a0l\u00e0 thi\u1ebft b\u1ecb c\u00f3 kh\u1ea3 n\u0103ng chia s\u1ebb k\u1ebft n\u1ed1i Internet\u00a0 v\u1edbi\u00a01 c\u1ed5ng WAN 10\/100Mbps v\u00e0 3 c\u1ed5ng LAN 10\/100Mbps.\u00a0 B\u1ed9 \u0111\u1ecbnh tuy\u1ebfn N301 \u0111\u01b0\u1ee3c thi\u1ebft ...\" \/>\n<meta property=\"og:url\" content=\"https:\/\/thanhphatpc.com\/en\/bo-dinh-tuyen-khong-day-tenda-n301-2-r\/\" \/>\n<meta property=\"og:site_name\" content=\"ThanhPhat PC\" \/>\n<meta property=\"article:modified_time\" content=\"2022-04-07T12:22:55+00:00\" \/>\n<meta property=\"og:image\" content=\"https:\/\/thanhphatpc.com\/wp-content\/uploads\/2019\/09\/Router-Tenda-N301-Tr\u1eafng-2.jpg\" \/>\n\t<meta property=\"og:image:width\" content=\"1180\" \/>\n\t<meta property=\"og:image:height\" content=\"750\" \/>\n\t<meta property=\"og:image:type\" content=\"image\/jpeg\" \/>\n<meta name=\"twitter:card\" content=\"summary_large_image\" \/>\n<meta name=\"twitter:label1\" content=\"Est. reading time\" \/>\n\t<meta name=\"twitter:data1\" content=\"3 minutes\" \/>\n<script type=\"application\/ld+json\" class=\"yoast-schema-graph\">{\"@context\":\"https:\/\/schema.org\",\"@graph\":[{\"@type\":\"WebPage\",\"@id\":\"https:\/\/thanhphatpc.com\/bo-dinh-tuyen-khong-day-tenda-n301-2-r\/\",\"url\":\"https:\/\/thanhphatpc.com\/bo-dinh-tuyen-khong-day-tenda-n301-2-r\/\",\"name\":\"B\u1ed9 \u0111\u1ecbnh tuy\u1ebfn kh\u00f4ng d\u00e2y Tenda N301\/ 2 R - ThanhPhat PC\",\"isPartOf\":{\"@id\":\"https:\/\/thanhphatpc.com\/#website\"},\"primaryImageOfPage\":{\"@id\":\"https:\/\/thanhphatpc.com\/bo-dinh-tuyen-khong-day-tenda-n301-2-r\/#primaryimage\"},\"image\":{\"@id\":\"https:\/\/thanhphatpc.com\/bo-dinh-tuyen-khong-day-tenda-n301-2-r\/#primaryimage\"},\"thumbnailUrl\":\"https:\/\/thanhphatpc.com\/wp-content\/uploads\/2019\/09\/Router-Tenda-N301-Tr\u1eafng-2.jpg\",\"datePublished\":\"2019-09-30T10:00:42+00:00\",\"dateModified\":\"2022-04-07T12:22:55+00:00\",\"breadcrumb\":{\"@id\":\"https:\/\/thanhphatpc.com\/bo-dinh-tuyen-khong-day-tenda-n301-2-r\/#breadcrumb\"},\"inLanguage\":\"en-US\",\"potentialAction\":[{\"@type\":\"ReadAction\",\"target\":[\"https:\/\/thanhphatpc.com\/bo-dinh-tuyen-khong-day-tenda-n301-2-r\/\"]}]},{\"@type\":\"ImageObject\",\"inLanguage\":\"en-US\",\"@id\":\"https:\/\/thanhphatpc.com\/bo-dinh-tuyen-khong-day-tenda-n301-2-r\/#primaryimage\",\"url\":\"https:\/\/thanhphatpc.com\/wp-content\/uploads\/2019\/09\/Router-Tenda-N301-Tr\u1eafng-2.jpg\",\"contentUrl\":\"https:\/\/thanhphatpc.com\/wp-content\/uploads\/2019\/09\/Router-Tenda-N301-Tr\u1eafng-2.jpg\",\"width\":1180,\"height\":750},{\"@type\":\"BreadcrumbList\",\"@id\":\"https:\/\/thanhphatpc.com\/bo-dinh-tuyen-khong-day-tenda-n301-2-r\/#breadcrumb\",\"itemListElement\":[{\"@type\":\"ListItem\",\"position\":1,\"name\":\"Trang ch\u1ee7\",\"item\":\"https:\/\/thanhphatpc.com\/\"},{\"@type\":\"ListItem\",\"position\":2,\"name\":\"C\u1eeda h\u00e0ng\",\"item\":\"https:\/\/thanhphatpc.com\/cua-hang\/\"},{\"@type\":\"ListItem\",\"position\":3,\"name\":\"B\u1ed9 \u0111\u1ecbnh tuy\u1ebfn kh\u00f4ng d\u00e2y Tenda N301\/ 2 R\"}]},{\"@type\":\"WebSite\",\"@id\":\"https:\/\/thanhphatpc.com\/#website\",\"url\":\"https:\/\/thanhphatpc.com\/\",\"name\":\"ThanhPhat PC\",\"description\":\"D\u1ecbch v\u1ee5 ho\u00e0n h\u1ea3o\",\"potentialAction\":[{\"@type\":\"SearchAction\",\"target\":{\"@type\":\"EntryPoint\",\"urlTemplate\":\"https:\/\/thanhphatpc.com\/?s={search_term_string}\"},\"query-input\":{\"@type\":\"PropertyValueSpecification\",\"valueRequired\":true,\"valueName\":\"search_term_string\"}}],\"inLanguage\":\"en-US\"}]}<\/script>\n<!-- \/ Yoast SEO plugin. -->","yoast_head_json":{"title":"B\u1ed9 \u0111\u1ecbnh tuy\u1ebfn kh\u00f4ng d\u00e2y Tenda N301\/ 2 R - ThanhPhat PC","robots":{"index":"index","follow":"follow","max-snippet":"max-snippet:-1","max-image-preview":"max-image-preview:large","max-video-preview":"max-video-preview:-1"},"canonical":"https:\/\/thanhphatpc.com\/en\/bo-dinh-tuyen-khong-day-tenda-n301-2-r\/","og_locale":"en_US","og_type":"article","og_title":"B\u1ed9 \u0111\u1ecbnh tuy\u1ebfn kh\u00f4ng d\u00e2y Tenda N301\/ 2 R - ThanhPhat PC","og_description":"V\u1ec1 s\u1ea3n ph\u1ea9m TH\u00d4NG TIN CHI TI\u1ebeT \u0110\u00c1NH GI\u00c1 S\u1ea2N PH\u1ea8M THI\u1ebeT B\u1eca M\u1ea0NG ROUTER TENDA N301 (TR\u1eaeNG) &nbsp; GI\u1edaI THI\u1ec6U S\u1ea2N PH\u1ea8M Thi\u1ebft b\u1ecb m\u1ea1ng\/ Router Tenda N301 (Tr\u1eafng)\u00a0l\u00e0 thi\u1ebft b\u1ecb c\u00f3 kh\u1ea3 n\u0103ng chia s\u1ebb k\u1ebft n\u1ed1i Internet\u00a0 v\u1edbi\u00a01 c\u1ed5ng WAN 10\/100Mbps v\u00e0 3 c\u1ed5ng LAN 10\/100Mbps.\u00a0 B\u1ed9 \u0111\u1ecbnh tuy\u1ebfn N301 \u0111\u01b0\u1ee3c thi\u1ebft ...","og_url":"https:\/\/thanhphatpc.com\/en\/bo-dinh-tuyen-khong-day-tenda-n301-2-r\/","og_site_name":"ThanhPhat PC","article_modified_time":"2022-04-07T12:22:55+00:00","og_image":[{"width":1180,"height":750,"url":"https:\/\/thanhphatpc.com\/wp-content\/uploads\/2019\/09\/Router-Tenda-N301-Tr\u1eafng-2.jpg","type":"image\/jpeg"}],"twitter_card":"summary_large_image","twitter_misc":{"Est. reading time":"3 minutes"},"schema":{"@context":"https:\/\/schema.org","@graph":[{"@type":"WebPage","@id":"https:\/\/thanhphatpc.com\/bo-dinh-tuyen-khong-day-tenda-n301-2-r\/","url":"https:\/\/thanhphatpc.com\/bo-dinh-tuyen-khong-day-tenda-n301-2-r\/","name":"B\u1ed9 \u0111\u1ecbnh tuy\u1ebfn kh\u00f4ng d\u00e2y Tenda N301\/ 2 R - ThanhPhat PC","isPartOf":{"@id":"https:\/\/thanhphatpc.com\/#website"},"primaryImageOfPage":{"@id":"https:\/\/thanhphatpc.com\/bo-dinh-tuyen-khong-day-tenda-n301-2-r\/#primaryimage"},"image":{"@id":"https:\/\/thanhphatpc.com\/bo-dinh-tuyen-khong-day-tenda-n301-2-r\/#primaryimage"},"thumbnailUrl":"https:\/\/thanhphatpc.com\/wp-content\/uploads\/2019\/09\/Router-Tenda-N301-Tr\u1eafng-2.jpg","datePublished":"2019-09-30T10:00:42+00:00","dateModified":"2022-04-07T12:22:55+00:00","breadcrumb":{"@id":"https:\/\/thanhphatpc.com\/bo-dinh-tuyen-khong-day-tenda-n301-2-r\/#breadcrumb"},"inLanguage":"en-US","potentialAction":[{"@type":"ReadAction","target":["https:\/\/thanhphatpc.com\/bo-dinh-tuyen-khong-day-tenda-n301-2-r\/"]}]},{"@type":"ImageObject","inLanguage":"en-US","@id":"https:\/\/thanhphatpc.com\/bo-dinh-tuyen-khong-day-tenda-n301-2-r\/#primaryimage","url":"https:\/\/thanhphatpc.com\/wp-content\/uploads\/2019\/09\/Router-Tenda-N301-Tr\u1eafng-2.jpg","contentUrl":"https:\/\/thanhphatpc.com\/wp-content\/uploads\/2019\/09\/Router-Tenda-N301-Tr\u1eafng-2.jpg","width":1180,"height":750},{"@type":"BreadcrumbList","@id":"https:\/\/thanhphatpc.com\/bo-dinh-tuyen-khong-day-tenda-n301-2-r\/#breadcrumb","itemListElement":[{"@type":"ListItem","position":1,"name":"Trang ch\u1ee7","item":"https:\/\/thanhphatpc.com\/"},{"@type":"ListItem","position":2,"name":"C\u1eeda h\u00e0ng","item":"https:\/\/thanhphatpc.com\/cua-hang\/"},{"@type":"ListItem","position":3,"name":"B\u1ed9 \u0111\u1ecbnh tuy\u1ebfn kh\u00f4ng d\u00e2y Tenda N301\/ 2 R"}]},{"@type":"WebSite","@id":"https:\/\/thanhphatpc.com\/#website","url":"https:\/\/thanhphatpc.com\/","name":"ThanhPhat PC","description":"D\u1ecbch v\u1ee5 ho\u00e0n h\u1ea3o","potentialAction":[{"@type":"SearchAction","target":{"@type":"EntryPoint","urlTemplate":"https:\/\/thanhphatpc.com\/?s={search_term_string}"},"query-input":{"@type":"PropertyValueSpecification","valueRequired":true,"valueName":"search_term_string"}}],"inLanguage":"en-US"}]}},"_links":{"self":[{"href":"https:\/\/thanhphatpc.com\/en\/wp-json\/wp\/v2\/product\/3568","targetHints":{"allow":["GET"]}}],"collection":[{"href":"https:\/\/thanhphatpc.com\/en\/wp-json\/wp\/v2\/product"}],"about":[{"href":"https:\/\/thanhphatpc.com\/en\/wp-json\/wp\/v2\/types\/product"}],"replies":[{"embeddable":true,"href":"https:\/\/thanhphatpc.com\/en\/wp-json\/wp\/v2\/comments?post=3568"}],"wp:featuredmedia":[{"embeddable":true,"href":"https:\/\/thanhphatpc.com\/en\/wp-json\/wp\/v2\/media\/3569"}],"wp:attachment":[{"href":"https:\/\/thanhphatpc.com\/en\/wp-json\/wp\/v2\/media?parent=3568"}],"wp:term":[{"taxonomy":"product_cat","embeddable":true,"href":"https:\/\/thanhphatpc.com\/en\/wp-json\/wp\/v2\/product_cat?post=3568"},{"taxonomy":"product_tag","embeddable":true,"href":"https:\/\/thanhphatpc.com\/en\/wp-json\/wp\/v2\/product_tag?post=3568"}],"curies":[{"name":"wp","href":"https:\/\/api.w.org\/{rel}","templated":true}]}}