{"id":3570,"date":"2019-09-30T17:03:35","date_gmt":"2019-09-30T10:03:35","guid":{"rendered":"https:\/\/thanhphatpc.com\/?post_type=product&#038;p=3570"},"modified":"2022-04-07T19:31:32","modified_gmt":"2022-04-07T12:31:32","slug":"bo-kich-song-tenda-a9","status":"publish","type":"product","link":"https:\/\/thanhphatpc.com\/en\/bo-kich-song-tenda-a9\/","title":{"rendered":"B\u1ed9 k\u00edch s\u00f3ng Tenda A9"},"content":{"rendered":"<h3 class=\"product-table-title\">TH\u00d4NG TIN CHI TI\u1ebeT<\/h3>\n<div class=\"white-panel\">\n<div class=\"attribute-table single-table\"><\/div>\n<table id=\"chi-tiet\" class=\"table table-bordered table-detail table-striped\" cellspacing=\"0\">\n<colgroup>\n<col \/>\n<col \/><\/colgroup>\n<tbody>\n<tr>\n<td>Th\u01b0\u01a1ng hi\u1ec7u<\/td>\n<td class=\"last\">Tenda<\/td>\n<\/tr>\n<tr>\n<td>S\u1ea3n xu\u1ea5t t\u1ea1i<\/td>\n<td class=\"last\">Trung Qu\u1ed1c<\/td>\n<\/tr>\n<tr>\n<td>Lo\u1ea1i s\u1ea3n ph\u1ea9m<\/td>\n<td class=\"last\">B\u1ed9 m\u1edf r\u1ed9ng s\u00f3ng Wifi &#8211; Repeater<\/td>\n<\/tr>\n<tr>\n<td>Lo\u1ea1i anten<\/td>\n<td class=\"last\">2 anten<\/td>\n<\/tr>\n<tr>\n<td>T\u1ed1c \u0111\u1ed9 m\u1ea1ng<\/td>\n<td class=\"last\">300 Mbps<\/td>\n<\/tr>\n<tr>\n<td>SKU<\/td>\n<td class=\"last\">7509199036751<\/td>\n<\/tr>\n<\/tbody>\n<\/table>\n<\/div>\n<h3 class=\"product-table-title\">M\u00d4 T\u1ea2 S\u1ea2N PH\u1ea8M<\/h3>\n<div class=\"white-panel\">\n<div class=\"product-description\">\n<div class=\"product-content-detail\">\n<div id=\"gioi-thieu\" class=\"content js-content expand\">\n<h5>\u0110\u1ea3m b\u1ea3o t\u00ednh \u1ed5n \u0111\u1ecbnh cao<\/h5>\n<p>V\u1edbi\u00a0<strong>B\u1ed9 K\u00edch S\u00f3ng Wifi Repeater 300Mbps Tenda A9 \u2013 H\u00e0ng Ch\u00ednh H\u00e3ng<\/strong>, b\u1ea1n c\u00f3 th\u1ec3 k\u1ebft n\u1ed1i nhi\u1ec1u thi\u1ebft b\u1ecb kh\u00e1c nhau c\u00f9ng m\u1ed9t l\u00fac v\u00e0 b\u1ea5t c\u1ee9 v\u1ecb tr\u00ed n\u00e0o m\u00e0 kh\u00f4ng l\u00e0m gi\u1ea3m hi\u1ec7u su\u1ea5t ho\u1ea1t \u0111\u1ed9ng c\u1ee7a b\u1ed9 ph\u00e1t wifi.<\/p>\n<p>Kh\u1ea3 n\u0103ng truy\u1ec1n s\u00f3ng hi\u1ec7u qu\u1ea3<\/p>\n<p>\u0110\u01b0\u1ee3c trang b\u1ecb v\u1edbi 2 \u0103ng ten 3dBi t\u0103ng t\u00edn hi\u1ec7u \u0111\u1ec3 m\u1edf r\u1ed9ng v\u00f9ng ph\u1ee7 s\u00f3ng WiFi l\u00ean \u0111\u1ebfn h\u01a1n 200\u33a1, Tenda A9 c\u00f3 th\u1ec3 ph\u00e1t wifi theo c\u1ea3 nhi\u1ec1u ngang v\u00e0 chi\u1ec1u d\u1ecdc, t\u01b0\u1eddng nh\u00e0, hay nh\u00e0 nhi\u1ec1u t\u1ea7ng m\u00e0 v\u1eabn \u0111\u1ea3m b\u1ea3o \u0111\u01b0\u1ee3c ngu\u1ed3n s\u00f3ng m\u1ea1nh m\u1ebd cho nhu c\u1ea7u s\u1eed d\u1ee5ng c\u1ee7a nhi\u1ec1u ng\u01b0\u1eddi.<\/p>\n<p><img loading=\"lazy\" decoding=\"async\" title=\"B\u1ed9 K\u00edch S\u00f3ng Wifi Repeater 300Mbps Tenda A9 \u2013 H\u00e0ng Ch\u00ednh H\u00e3ng\" src=\"https:\/\/tikicdn.com\/media\/catalog\/product\/a\/9\/a9_9.u579.d20161024.t110416.853807.jpg\" alt=\"B\u1ed9 K\u00edch S\u00f3ng Wifi Repeater 300Mbps Tenda A9 \u2013 H\u00e0ng Ch\u00ednh H\u00e3ng\" width=\"750\" height=\"500\" \/><\/p>\n<h5>D\u1ec5 d\u00e0ng s\u1eed d\u1ee5ng<\/h5>\n<p>Ch\u1ec9 c\u1ea7n m\u1ed9t thao t\u00e1c v\u1edbi n\u00fat WPS, l\u00e0 b\u1ea1n \u0111\u00e3 c\u00f3 th\u1ec3 m\u1edf r\u1ed9ng v\u00f9ng ph\u1ee7 s\u00f3ng WiFi c\u1ee7a Tenda A9 m\u1ed9t c\u00e1ch d\u1ec5 d\u00e0ng v\u00e0 nhanh ch\u00f3ng.<\/p>\n<p>Tenda A9 c\u00f3 th\u1ec3 t\u01b0\u01a1ng th\u00edch v\u1edbi c\u00e1c ti\u00eau chu\u1ea9n 802.11n, router kh\u00f4ng d\u00e2y v\u00e0 WiFi DSL.<\/p>\n<h5><img loading=\"lazy\" decoding=\"async\" title=\"B\u1ed9 K\u00edch S\u00f3ng Wifi Repeater 300Mbps Tenda A9 \u2013 H\u00e0ng Ch\u00ednh H\u00e3ng\" src=\"https:\/\/tikicdn.com\/media\/catalog\/product\/a\/9\/a9_6.u579.d20161024.t110416.660966.jpg\" alt=\"B\u1ed9 K\u00edch S\u00f3ng Wifi Repeater 300Mbps Tenda A9 \u2013 H\u00e0ng Ch\u00ednh H\u00e3ng\" width=\"750\" height=\"500\" \/><\/h5>\n<h5>Hi\u1ec3n th\u1ecb t\u00edn hi\u1ec7u v\u1edbi \u0111\u00e8n LED th\u00f4ng minh<\/h5>\n<p>Smart WiFi Signal Strength LED c\u00f3 ch\u1ee9c n\u0103ng l\u1ef1a ch\u1ecdn v\u1ecb tr\u00ed t\u1ed1i \u01b0u \u0111\u1ec3 \u0111\u1ea1t \u0111\u01b0\u1ee3c \u0111\u1ed9 bao ph\u1ee7 v\u00e0 hi\u1ec7u su\u1ea5t ho\u1ea1t \u0111\u1ed9ng t\u1ed1t nh\u1ea5t. H\u1ec7 th\u1ed1ng \u0111\u00e8n LED s\u1ebd h\u1ed7 tr\u1ee3 b\u1ea1n thu\u1eadn ti\u1ec7n h\u01a1n khi ki\u1ec3m so\u00e1t qu\u00e1 tr\u00ecnh ho\u1ea1t \u0111\u1ed9ng c\u1ee7a thi\u1ebft b\u1ecb.<\/p>\n<\/div>\n<\/div>\n<\/div>\n<\/div>","protected":false},"excerpt":{"rendered":"<p>TH\u00d4NG TIN CHI TI\u1ebeT Th\u01b0\u01a1ng hi\u1ec7u Tenda S\u1ea3n xu\u1ea5t t\u1ea1i Trung Qu\u1ed1c Lo\u1ea1i s\u1ea3n ph\u1ea9m B\u1ed9 m\u1edf r\u1ed9ng s\u00f3ng Wifi &#8211; Repeater Lo\u1ea1i anten 2 anten T\u1ed1c \u0111\u1ed9 m\u1ea1ng 300 Mbps SKU 7509199036751 M\u00d4 T\u1ea2 S\u1ea2N PH\u1ea8M \u0110\u1ea3m b\u1ea3o t\u00ednh \u1ed5n \u0111\u1ecbnh cao V\u1edbi\u00a0B\u1ed9 K\u00edch S\u00f3ng Wifi Repeater 300Mbps Tenda A9 \u2013 H\u00e0ng Ch\u00ednh H\u00e3ng, &#8230;<\/p>","protected":false},"featured_media":3571,"comment_status":"open","ping_status":"closed","template":"","meta":{"_acf_changed":false},"product_cat":[400,397],"product_tag":[],"class_list":{"0":"post-3570","1":"product","2":"type-product","3":"status-publish","4":"has-post-thumbnail","6":"product_cat-bo-tiep-song-wifi","7":"product_cat-thiet-bi-mang","9":"first","10":"outofstock","11":"shipping-taxable","12":"purchasable","13":"product-type-simple"},"acf":[],"yoast_head":"<!-- This site is optimized with the Yoast SEO plugin v23.8 - https:\/\/yoast.com\/wordpress\/plugins\/seo\/ -->\n<title>B\u1ed9 k\u00edch s\u00f3ng Tenda A9 - ThanhPhat PC<\/title>\n<meta name=\"robots\" content=\"index, follow, max-snippet:-1, max-image-preview:large, max-video-preview:-1\" \/>\n<link rel=\"canonical\" href=\"https:\/\/thanhphatpc.com\/en\/bo-kich-song-tenda-a9\/\" \/>\n<meta property=\"og:locale\" content=\"en_US\" \/>\n<meta property=\"og:type\" content=\"article\" \/>\n<meta property=\"og:title\" content=\"B\u1ed9 k\u00edch s\u00f3ng Tenda A9 - ThanhPhat PC\" \/>\n<meta property=\"og:description\" content=\"TH\u00d4NG TIN CHI TI\u1ebeT Th\u01b0\u01a1ng hi\u1ec7u Tenda S\u1ea3n xu\u1ea5t t\u1ea1i Trung Qu\u1ed1c Lo\u1ea1i s\u1ea3n ph\u1ea9m B\u1ed9 m\u1edf r\u1ed9ng s\u00f3ng Wifi &#8211; Repeater Lo\u1ea1i anten 2 anten T\u1ed1c \u0111\u1ed9 m\u1ea1ng 300 Mbps SKU 7509199036751 M\u00d4 T\u1ea2 S\u1ea2N PH\u1ea8M \u0110\u1ea3m b\u1ea3o t\u00ednh \u1ed5n \u0111\u1ecbnh cao V\u1edbi\u00a0B\u1ed9 K\u00edch S\u00f3ng Wifi Repeater 300Mbps Tenda A9 \u2013 H\u00e0ng Ch\u00ednh H\u00e3ng, ...\" \/>\n<meta property=\"og:url\" content=\"https:\/\/thanhphatpc.com\/en\/bo-kich-song-tenda-a9\/\" \/>\n<meta property=\"og:site_name\" content=\"ThanhPhat PC\" \/>\n<meta property=\"article:modified_time\" content=\"2022-04-07T12:31:32+00:00\" \/>\n<meta property=\"og:image\" content=\"https:\/\/thanhphatpc.com\/wp-content\/uploads\/2019\/09\/a9_1.u579.d20161024.t110403.27177.jpg\" \/>\n\t<meta property=\"og:image:width\" content=\"550\" \/>\n\t<meta property=\"og:image:height\" content=\"550\" \/>\n\t<meta property=\"og:image:type\" content=\"image\/jpeg\" \/>\n<meta name=\"twitter:card\" content=\"summary_large_image\" \/>\n<meta name=\"twitter:label1\" content=\"Est. reading time\" \/>\n\t<meta name=\"twitter:data1\" content=\"2 minutes\" \/>\n<script type=\"application\/ld+json\" class=\"yoast-schema-graph\">{\"@context\":\"https:\/\/schema.org\",\"@graph\":[{\"@type\":\"WebPage\",\"@id\":\"https:\/\/thanhphatpc.com\/bo-kich-song-tenda-a9\/\",\"url\":\"https:\/\/thanhphatpc.com\/bo-kich-song-tenda-a9\/\",\"name\":\"B\u1ed9 k\u00edch s\u00f3ng Tenda A9 - ThanhPhat PC\",\"isPartOf\":{\"@id\":\"https:\/\/thanhphatpc.com\/#website\"},\"primaryImageOfPage\":{\"@id\":\"https:\/\/thanhphatpc.com\/bo-kich-song-tenda-a9\/#primaryimage\"},\"image\":{\"@id\":\"https:\/\/thanhphatpc.com\/bo-kich-song-tenda-a9\/#primaryimage\"},\"thumbnailUrl\":\"https:\/\/thanhphatpc.com\/wp-content\/uploads\/2019\/09\/a9_1.u579.d20161024.t110403.27177.jpg\",\"datePublished\":\"2019-09-30T10:03:35+00:00\",\"dateModified\":\"2022-04-07T12:31:32+00:00\",\"breadcrumb\":{\"@id\":\"https:\/\/thanhphatpc.com\/bo-kich-song-tenda-a9\/#breadcrumb\"},\"inLanguage\":\"en-US\",\"potentialAction\":[{\"@type\":\"ReadAction\",\"target\":[\"https:\/\/thanhphatpc.com\/bo-kich-song-tenda-a9\/\"]}]},{\"@type\":\"ImageObject\",\"inLanguage\":\"en-US\",\"@id\":\"https:\/\/thanhphatpc.com\/bo-kich-song-tenda-a9\/#primaryimage\",\"url\":\"https:\/\/thanhphatpc.com\/wp-content\/uploads\/2019\/09\/a9_1.u579.d20161024.t110403.27177.jpg\",\"contentUrl\":\"https:\/\/thanhphatpc.com\/wp-content\/uploads\/2019\/09\/a9_1.u579.d20161024.t110403.27177.jpg\",\"width\":550,\"height\":550},{\"@type\":\"BreadcrumbList\",\"@id\":\"https:\/\/thanhphatpc.com\/bo-kich-song-tenda-a9\/#breadcrumb\",\"itemListElement\":[{\"@type\":\"ListItem\",\"position\":1,\"name\":\"Trang ch\u1ee7\",\"item\":\"https:\/\/thanhphatpc.com\/\"},{\"@type\":\"ListItem\",\"position\":2,\"name\":\"C\u1eeda h\u00e0ng\",\"item\":\"https:\/\/thanhphatpc.com\/cua-hang\/\"},{\"@type\":\"ListItem\",\"position\":3,\"name\":\"B\u1ed9 k\u00edch s\u00f3ng Tenda A9\"}]},{\"@type\":\"WebSite\",\"@id\":\"https:\/\/thanhphatpc.com\/#website\",\"url\":\"https:\/\/thanhphatpc.com\/\",\"name\":\"ThanhPhat PC\",\"description\":\"D\u1ecbch v\u1ee5 ho\u00e0n h\u1ea3o\",\"potentialAction\":[{\"@type\":\"SearchAction\",\"target\":{\"@type\":\"EntryPoint\",\"urlTemplate\":\"https:\/\/thanhphatpc.com\/?s={search_term_string}\"},\"query-input\":{\"@type\":\"PropertyValueSpecification\",\"valueRequired\":true,\"valueName\":\"search_term_string\"}}],\"inLanguage\":\"en-US\"}]}<\/script>\n<!-- \/ Yoast SEO plugin. -->","yoast_head_json":{"title":"B\u1ed9 k\u00edch s\u00f3ng Tenda A9 - ThanhPhat PC","robots":{"index":"index","follow":"follow","max-snippet":"max-snippet:-1","max-image-preview":"max-image-preview:large","max-video-preview":"max-video-preview:-1"},"canonical":"https:\/\/thanhphatpc.com\/en\/bo-kich-song-tenda-a9\/","og_locale":"en_US","og_type":"article","og_title":"B\u1ed9 k\u00edch s\u00f3ng Tenda A9 - ThanhPhat PC","og_description":"TH\u00d4NG TIN CHI TI\u1ebeT Th\u01b0\u01a1ng hi\u1ec7u Tenda S\u1ea3n xu\u1ea5t t\u1ea1i Trung Qu\u1ed1c Lo\u1ea1i s\u1ea3n ph\u1ea9m B\u1ed9 m\u1edf r\u1ed9ng s\u00f3ng Wifi &#8211; Repeater Lo\u1ea1i anten 2 anten T\u1ed1c \u0111\u1ed9 m\u1ea1ng 300 Mbps SKU 7509199036751 M\u00d4 T\u1ea2 S\u1ea2N PH\u1ea8M \u0110\u1ea3m b\u1ea3o t\u00ednh \u1ed5n \u0111\u1ecbnh cao V\u1edbi\u00a0B\u1ed9 K\u00edch S\u00f3ng Wifi Repeater 300Mbps Tenda A9 \u2013 H\u00e0ng Ch\u00ednh H\u00e3ng, ...","og_url":"https:\/\/thanhphatpc.com\/en\/bo-kich-song-tenda-a9\/","og_site_name":"ThanhPhat PC","article_modified_time":"2022-04-07T12:31:32+00:00","og_image":[{"width":550,"height":550,"url":"https:\/\/thanhphatpc.com\/wp-content\/uploads\/2019\/09\/a9_1.u579.d20161024.t110403.27177.jpg","type":"image\/jpeg"}],"twitter_card":"summary_large_image","twitter_misc":{"Est. reading time":"2 minutes"},"schema":{"@context":"https:\/\/schema.org","@graph":[{"@type":"WebPage","@id":"https:\/\/thanhphatpc.com\/bo-kich-song-tenda-a9\/","url":"https:\/\/thanhphatpc.com\/bo-kich-song-tenda-a9\/","name":"B\u1ed9 k\u00edch s\u00f3ng Tenda A9 - ThanhPhat PC","isPartOf":{"@id":"https:\/\/thanhphatpc.com\/#website"},"primaryImageOfPage":{"@id":"https:\/\/thanhphatpc.com\/bo-kich-song-tenda-a9\/#primaryimage"},"image":{"@id":"https:\/\/thanhphatpc.com\/bo-kich-song-tenda-a9\/#primaryimage"},"thumbnailUrl":"https:\/\/thanhphatpc.com\/wp-content\/uploads\/2019\/09\/a9_1.u579.d20161024.t110403.27177.jpg","datePublished":"2019-09-30T10:03:35+00:00","dateModified":"2022-04-07T12:31:32+00:00","breadcrumb":{"@id":"https:\/\/thanhphatpc.com\/bo-kich-song-tenda-a9\/#breadcrumb"},"inLanguage":"en-US","potentialAction":[{"@type":"ReadAction","target":["https:\/\/thanhphatpc.com\/bo-kich-song-tenda-a9\/"]}]},{"@type":"ImageObject","inLanguage":"en-US","@id":"https:\/\/thanhphatpc.com\/bo-kich-song-tenda-a9\/#primaryimage","url":"https:\/\/thanhphatpc.com\/wp-content\/uploads\/2019\/09\/a9_1.u579.d20161024.t110403.27177.jpg","contentUrl":"https:\/\/thanhphatpc.com\/wp-content\/uploads\/2019\/09\/a9_1.u579.d20161024.t110403.27177.jpg","width":550,"height":550},{"@type":"BreadcrumbList","@id":"https:\/\/thanhphatpc.com\/bo-kich-song-tenda-a9\/#breadcrumb","itemListElement":[{"@type":"ListItem","position":1,"name":"Trang ch\u1ee7","item":"https:\/\/thanhphatpc.com\/"},{"@type":"ListItem","position":2,"name":"C\u1eeda h\u00e0ng","item":"https:\/\/thanhphatpc.com\/cua-hang\/"},{"@type":"ListItem","position":3,"name":"B\u1ed9 k\u00edch s\u00f3ng Tenda A9"}]},{"@type":"WebSite","@id":"https:\/\/thanhphatpc.com\/#website","url":"https:\/\/thanhphatpc.com\/","name":"ThanhPhat PC","description":"D\u1ecbch v\u1ee5 ho\u00e0n h\u1ea3o","potentialAction":[{"@type":"SearchAction","target":{"@type":"EntryPoint","urlTemplate":"https:\/\/thanhphatpc.com\/?s={search_term_string}"},"query-input":{"@type":"PropertyValueSpecification","valueRequired":true,"valueName":"search_term_string"}}],"inLanguage":"en-US"}]}},"_links":{"self":[{"href":"https:\/\/thanhphatpc.com\/en\/wp-json\/wp\/v2\/product\/3570","targetHints":{"allow":["GET"]}}],"collection":[{"href":"https:\/\/thanhphatpc.com\/en\/wp-json\/wp\/v2\/product"}],"about":[{"href":"https:\/\/thanhphatpc.com\/en\/wp-json\/wp\/v2\/types\/product"}],"replies":[{"embeddable":true,"href":"https:\/\/thanhphatpc.com\/en\/wp-json\/wp\/v2\/comments?post=3570"}],"wp:featuredmedia":[{"embeddable":true,"href":"https:\/\/thanhphatpc.com\/en\/wp-json\/wp\/v2\/media\/3571"}],"wp:attachment":[{"href":"https:\/\/thanhphatpc.com\/en\/wp-json\/wp\/v2\/media?parent=3570"}],"wp:term":[{"taxonomy":"product_cat","embeddable":true,"href":"https:\/\/thanhphatpc.com\/en\/wp-json\/wp\/v2\/product_cat?post=3570"},{"taxonomy":"product_tag","embeddable":true,"href":"https:\/\/thanhphatpc.com\/en\/wp-json\/wp\/v2\/product_tag?post=3570"}],"curies":[{"name":"wp","href":"https:\/\/api.w.org\/{rel}","templated":true}]}}