{"id":3572,"date":"2019-09-30T17:07:39","date_gmt":"2019-09-30T10:07:39","guid":{"rendered":"https:\/\/thanhphatpc.com\/?post_type=product&#038;p=3572"},"modified":"2019-09-30T17:07:39","modified_gmt":"2019-09-30T10:07:39","slug":"ubiquiti-unifi-ap-ac-pro-ho-tro-chuan-ac-toc-do-1750mb-lan-1gb","status":"publish","type":"product","link":"https:\/\/thanhphatpc.com\/en\/ubiquiti-unifi-ap-ac-pro-ho-tro-chuan-ac-toc-do-1750mb-lan-1gb\/","title":{"rendered":"Ubiquiti UniFi AP AC PRO  H\u1ed7 tr\u1ee3 chu\u1ea9n AC, t\u1ed1c \u0111\u1ed9 1750Mb, Lan 1Gb"},"content":{"rendered":"<p><strong>Th\u00f4ng s\u1ed1 k\u1ef9 thu\u1eadt chi ti\u1ebft:<\/strong><\/p>\n<p><img decoding=\"async\" src=\"https:\/\/ubiquiti.vn\/media\/lib\/1417_UnifiAPACPRO.jpg\" alt=\"\" \/><\/p>\n<p><strong>\u00a0H\u00ecnh \u1ea3nh s\u1ea3n ph\u1ea9m:<\/strong><\/p>\n<p><strong><img decoding=\"async\" src=\"https:\/\/ubiquiti.vn\/media\/product\/1417_uap_ac_pro_01.png\" alt=\"\" \/><\/strong><\/p>\n<p><img decoding=\"async\" src=\"https:\/\/ubiquiti.vn\/media\/product\/1417_uap_ac_pro_02.png\" alt=\"\" \/><\/p>\n<p><img decoding=\"async\" src=\"https:\/\/ubiquiti.vn\/media\/product\/1417_uap_ac_pro_03_1.png\" alt=\"\" \/><\/p>\n<p><img decoding=\"async\" src=\"https:\/\/ubiquiti.vn\/media\/product\/1301_unifi.jpg\" alt=\"\" \/><\/p>\n<p><img decoding=\"async\" src=\"https:\/\/ubiquiti.vn\/media\/product\/1417_uap_ac_pro_04.png\" alt=\"\" \/><\/p>\n<p><img decoding=\"async\" src=\"https:\/\/ubiquiti.vn\/media\/product\/1417_uap_ac_pro_05.png\" alt=\"\" \/><\/p>\n<p>&nbsp;<\/p>\n<p><strong>Th\u00f4ng tin kh\u00e1c:<\/strong><\/p>\n<p><strong>UniFi AP AC PRO<\/strong>\u00a0l\u00e0 thi\u1ebft b\u1ecb ph\u1ee7 s\u00f3ng WiFi chu\u1ea9n AC c\u00f4ng ngh\u1ec7\u00a0<strong>MIMO\u00a0<\/strong>tr\u00ean c\u1ea3 2 d\u1ea3i t\u1ea7n 2.4Ghz v\u00e0 5Ghz n\u00ean th\u00edch h\u1ee3p cho nh\u1eefng \u0111\u1ecba \u0111i\u1ec3m c\u00f3 m\u1eadt \u0111\u1ed9 ng\u01b0\u1eddi d\u00f9ng cao v\u00e0 sang tr\u1ecdng:\u00a0Kh\u00e1ch s\u1ea1n\u00a0(Hotel),\u00a0Nh\u00e0 h\u00e0ng\u00a0(Restaurant),\u00a0Cao \u1ed1c v\u0103n ph\u00f2ng\u00a0(Building),\u00a0S\u00e2n bay\u00a0(Airport),\u00a0Khu tri\u1ec3n l\u00e3m,\u00a0Doanh nghi\u1ec7p th\u00f4ng minh,\u00a0Nh\u00e0 x\u01b0\u1edfng, &#8230;<\/p>\n<p><strong>UniFi AP AC PRO<\/strong>\u00a0c\u00f3 kh\u1ea3 n\u0103ng k\u1ebft n\u1ed1i v\u00f4 tuy\u1ebfn (Mesh) trong d\u00e3i t\u1ea7n 5Ghz v\u00e0 ph\u1ee7 s\u00f3ng trong d\u1ea3i t\u1ea7n 2.4Ghz n\u00ean th\u00edch h\u1ee3p cho nh\u1eefng \u0111\u1ecba \u0111i\u1ec3m kh\u00f3 \u0111i d\u00e2y.<\/p>\n<p>B\u1ed9 ph\u00e1t wifi unifi AP-AC-PRO, 802.11ac. anten \u0111\u01b0\u1ee3c thi\u1ebft k\u1ebf ti\u00ean ti\u1ebfn cho ph\u00e9p ph\u00e1t t\u1ea7m xa, ph\u00e1t \u0111\u1ed1i x\u1ee9ng v\u00e0 li\u00ean k\u1ebft v\u00f9ng ph\u1ee7 s\u00f3ng. Do \u0111\u00f3 Unifi AP-AC-PRO\u00a0 cho c\u00f4ng su\u1ea5t ph\u00e1t cao gi\u00fap vi\u1ec7c k\u1ebft n\u1ed1i \u1edf kho\u1ea3ng c\u00e1ch xa \u0111\u01b0\u1ee3c d\u1ec5 d\u00e0ng h\u01a1n.<\/p>\n<p><img decoding=\"async\" src=\"https:\/\/ubiquiti.vn\/media\/lib\/1417_unifi-ap-ac-lr-features-super-antenna.jpg\" alt=\"\" \/><\/p>\n<p>&nbsp;<\/p>\n<p>Unifi AP &#8211; AC &#8211; PRO \u0111\u01b0\u1ee3c thi\u1ebft k\u1ebf l\u1ea1i \u0111\u1ec3 t\u1ed1i \u01b0u h\u00f3a hi\u1ec7u su\u1ea5t RF:<\/p>\n<p>&nbsp;<\/p>\n<p><img decoding=\"async\" src=\"https:\/\/ubiquiti.vn\/media\/lib\/1417_unifi-ap-ac-lite-optimal-rf-performance1.jpg\" alt=\"\" \/><\/p>\n<p>&nbsp;<\/p>\n<p>Unifi AP-AC-PRO cung c\u1ea5p h\u1ec7 th\u1ed1ng qu\u1ea3n l\u00fd wifi chuy\u00ean nghi\u1ec7p:<\/p>\n<p>UniFi Controller v4 l\u00e0 m\u1ed9t ph\u1ea7n m\u1ec1m qu\u1ea3n l\u00fd m\u1ea1nh, chuy\u00ean nghi\u1ec7p, l\u00fd t\u01b0\u1edfng cho vi\u1ec7c qu\u1ea3n l\u00fd thi\u1ebft b\u1ecb kh\u00f4ng d\u00e2y, n\u00f3 c\u00f3 \u0111\u1ed9 b\u1ea3o m\u1eadt cao, \u0111\u1ed9 tr\u1ec5 th\u1ea5p v\u00e0 hi\u1ec7u su\u1ea5t ho\u1ea1t \u0111\u1ed9ng cao. N\u00f3 cho ph\u00e9p thi\u1ebft l\u1eadp truy c\u1eadp t\u1eeb xa \u0111\u1ec3 \u0111i\u1ec1u khi\u1ec3n thi\u1ebft b\u1ecb wifi unifi v\u00e0\u00a0 n\u00e2ng c\u1ea5p c\u00e1c \u0111i\u1ec3m truy c\u1eadp AP khi c\u1ea7n.<\/p>\n<p>&nbsp;<\/p>\n<p><img decoding=\"async\" src=\"https:\/\/ubiquiti.vn\/media\/lib\/1417_unifi-ap-ac-lite-controller-2.jpg\" alt=\"\" \/><\/p>\n<p>&nbsp;<\/p>\n<p><img decoding=\"async\" src=\"https:\/\/ubiquiti.vn\/media\/lib\/1417_SosanhAPACXXX.jpg\" alt=\"\" \/><\/p>","protected":false},"excerpt":{"rendered":"<p><strong>Th\u00f4ng s\u1ed1 k\u1ef9 thu\u1eadt c\u01a1 b\u1ea3n:<\/strong><\/p>\n<p>&#8211;\u00a0<em><strong>Unifi AP AC PRO<\/strong><\/em>\u00a0l\u00e0 thi\u1ebft b\u1ecb ph\u00e1t s\u00f3ng wifi chuy\u00ean d\u1ee5ng l\u1eafp \u0111\u1eb7t trong nh\u00e0.<\/p>\n<p>&#8211; C\u1ea5u h\u00ecnh t\u1eadp trung b\u1eb1ng ph\u1ea7n m\u1ec1m\u00a0<em><strong>Unifi Controller<\/strong><\/em>\u00a0c\u00e0i tr\u00ean m\u00e1y t\u00ednh ho\u1eb7c Cloud.<\/p>\n<p>&#8211; H\u1ed7 tr\u1ee3 qu\u1ea3n l\u00fd\u00a0<strong>Guest Portal<\/strong>\/<em><strong>Hotspot Support<\/strong><\/em><\/p>\n<p>&#8211; H\u1ed7 tr\u1ee3 roaming tr\u01a1n chu.<\/p>\n<p>&#8211; H\u1ed7 tr\u1ee3 2 b\u0103ng t\u1ea7n \u0111\u1ed3ng th\u1eddi 2,4 Ghz v\u00e0 5Ghz<\/p>\n<p>&#8211;\u00a0Chu\u1ea9n 802.11 a\/b\/g\/n\/ac m\u1edbi nh\u1ea5t (<em><strong>450 Mbps\/ 2,4GHz v\u00e0 1300 Mbps\/ 5GH<\/strong><\/em>z)<\/p>\n<p>&#8211; Ch\u1ebf \u0111\u1ed9 ho\u1ea1t \u0111\u1ed9ng: Access Point<\/p>\n<p>&#8211; C\u1ed5ng k\u1ebft n\u1ed1i: 02 LAN x 10\/100\/1000Mbps<\/p>\n<p>&#8211; Anten t\u00edch h\u1ee3p s\u1eb5n:\u00a0MIMO 3&#215;3 (2,4GHz) \u00a0&amp;\u00a0MIMO 3&#215;3 ( 5GHz)<\/p>\n<p>&#8211; B\u1ea3o m\u1eadt: WEP, WPA-PSK, WPA-TKIP, WPA2 AES, 802.11i<\/p>\n<p>&#8211; H\u1ed7 tr\u1ee3: VLAN theo chu\u1ea9n 802.11Q, WMM, gi\u1edbi h\u1ea1n t\u1ed1c \u0111\u1ed9 truy c\u1eadp AP cho t\u1eebng ng\u01b0\u1eddi d\u00f9ng<\/p>\n<p>&#8211; V\u00f9ng ph\u1ee7 s\u00f3ng: b\u00e1n k\u00ednh ph\u00e1t s\u00f3ng t\u1ed1i \u0111a 120m trong m\u00f4i tr\u01b0\u1eddng kh\u00f4ng c\u00f3 v\u1eadt ch\u1eafn<\/p>\n<p>&#8211;<strong>\u00a0H\u1ed7 tr\u1ee3 k\u1ebft n\u1ed1i \u0111\u1ed3ng th\u1eddi t\u1ed1i \u0111a: 200 ng\u01b0\u1eddi<\/strong><\/p>\n<p>&#8211; Ph\u1ee5 ki\u1ec7n \u0111i k\u00e8m: Ngu\u1ed3n PoE 48V, 0.5A v\u00e0 \u0111\u1ebf g\u1eafn t\u01b0\u1eddng<\/p>","protected":false},"featured_media":3573,"comment_status":"open","ping_status":"closed","template":"","meta":{"_acf_changed":false},"product_cat":[398,397,403],"product_tag":[],"class_list":{"0":"post-3572","1":"product","2":"type-product","3":"status-publish","4":"has-post-thumbnail","6":"product_cat-modem-wifi","7":"product_cat-thiet-bi-mang","8":"product_cat-unifi","10":"first","11":"instock","12":"shipping-taxable","13":"purchasable","14":"product-type-simple"},"acf":[],"yoast_head":"<!-- This site is optimized with the Yoast SEO plugin v23.8 - https:\/\/yoast.com\/wordpress\/plugins\/seo\/ -->\n<title>Ubiquiti UniFi AP AC PRO H\u1ed7 tr\u1ee3 chu\u1ea9n AC, t\u1ed1c \u0111\u1ed9 1750Mb, Lan 1Gb - ThanhPhat PC<\/title>\n<meta name=\"robots\" content=\"index, follow, max-snippet:-1, max-image-preview:large, max-video-preview:-1\" \/>\n<link rel=\"canonical\" href=\"https:\/\/thanhphatpc.com\/en\/ubiquiti-unifi-ap-ac-pro-ho-tro-chuan-ac-toc-do-1750mb-lan-1gb\/\" \/>\n<meta property=\"og:locale\" content=\"en_US\" \/>\n<meta property=\"og:type\" content=\"article\" \/>\n<meta property=\"og:title\" content=\"Ubiquiti UniFi AP AC PRO H\u1ed7 tr\u1ee3 chu\u1ea9n AC, t\u1ed1c \u0111\u1ed9 1750Mb, Lan 1Gb - ThanhPhat PC\" \/>\n<meta property=\"og:description\" content=\"Th\u00f4ng s\u1ed1 k\u1ef9 thu\u1eadt c\u01a1 b\u1ea3n:  -\u00a0Unifi AP AC PRO\u00a0l\u00e0 thi\u1ebft b\u1ecb ph\u00e1t s\u00f3ng wifi chuy\u00ean d\u1ee5ng l\u1eafp \u0111\u1eb7t trong nh\u00e0.  - C\u1ea5u h\u00ecnh t\u1eadp trung b\u1eb1ng ph\u1ea7n m\u1ec1m\u00a0Unifi Controller\u00a0c\u00e0i tr\u00ean m\u00e1y t\u00ednh ho\u1eb7c Cloud.  - H\u1ed7 tr\u1ee3 qu\u1ea3n l\u00fd\u00a0Guest Portal\/Hotspot Support  - H\u1ed7 tr\u1ee3 roaming tr\u01a1n chu.  - H\u1ed7 tr\u1ee3 2 b\u0103ng t\u1ea7n \u0111\u1ed3ng th\u1eddi 2,4 Ghz v\u00e0 5Ghz  -\u00a0Chu\u1ea9n 802.11 a\/b\/g\/n\/ac m\u1edbi nh\u1ea5t (450 Mbps\/ 2,4GHz v\u00e0 1300 Mbps\/ 5GHz)  - Ch\u1ebf \u0111\u1ed9 ho\u1ea1t \u0111\u1ed9ng: Access Point  - C\u1ed5ng k\u1ebft n\u1ed1i: 02 LAN x 10\/100\/1000Mbps  - Anten t\u00edch h\u1ee3p s\u1eb5n:\u00a0MIMO 3x3 (2,4GHz) \u00a0&amp;\u00a0MIMO 3x3 ( 5GHz)  - B\u1ea3o m\u1eadt: WEP, WPA-PSK, WPA-TKIP, WPA2 AES, 802.11i  - H\u1ed7 tr\u1ee3: VLAN theo chu\u1ea9n 802.11Q, WMM, gi\u1edbi h\u1ea1n t\u1ed1c \u0111\u1ed9 truy c\u1eadp AP cho t\u1eebng ng\u01b0\u1eddi d\u00f9ng  - V\u00f9ng ph\u1ee7 s\u00f3ng: b\u00e1n k\u00ednh ph\u00e1t s\u00f3ng t\u1ed1i \u0111a 120m trong m\u00f4i tr\u01b0\u1eddng kh\u00f4ng c\u00f3 v\u1eadt ch\u1eafn  -\u00a0H\u1ed7 tr\u1ee3 k\u1ebft n\u1ed1i \u0111\u1ed3ng th\u1eddi t\u1ed1i \u0111a: 200 ng\u01b0\u1eddi  - Ph\u1ee5 ki\u1ec7n \u0111i k\u00e8m: Ngu\u1ed3n PoE 48V, 0.5A v\u00e0 \u0111\u1ebf g\u1eafn t\u01b0\u1eddng\" \/>\n<meta property=\"og:url\" content=\"https:\/\/thanhphatpc.com\/en\/ubiquiti-unifi-ap-ac-pro-ho-tro-chuan-ac-toc-do-1750mb-lan-1gb\/\" \/>\n<meta property=\"og:site_name\" content=\"ThanhPhat PC\" \/>\n<meta property=\"og:image\" content=\"https:\/\/thanhphatpc.com\/wp-content\/uploads\/2019\/09\/250_1417_uap_ac_lr_front.jpg\" \/>\n\t<meta property=\"og:image:width\" content=\"244\" \/>\n\t<meta property=\"og:image:height\" content=\"250\" \/>\n\t<meta property=\"og:image:type\" content=\"image\/jpeg\" \/>\n<meta name=\"twitter:card\" content=\"summary_large_image\" \/>\n<meta name=\"twitter:label1\" content=\"Est. reading time\" \/>\n\t<meta name=\"twitter:data1\" content=\"2 minutes\" \/>\n<script type=\"application\/ld+json\" class=\"yoast-schema-graph\">{\"@context\":\"https:\/\/schema.org\",\"@graph\":[{\"@type\":\"WebPage\",\"@id\":\"https:\/\/thanhphatpc.com\/ubiquiti-unifi-ap-ac-pro-ho-tro-chuan-ac-toc-do-1750mb-lan-1gb\/\",\"url\":\"https:\/\/thanhphatpc.com\/ubiquiti-unifi-ap-ac-pro-ho-tro-chuan-ac-toc-do-1750mb-lan-1gb\/\",\"name\":\"Ubiquiti UniFi AP AC PRO H\u1ed7 tr\u1ee3 chu\u1ea9n AC, t\u1ed1c \u0111\u1ed9 1750Mb, Lan 1Gb - ThanhPhat PC\",\"isPartOf\":{\"@id\":\"https:\/\/thanhphatpc.com\/#website\"},\"primaryImageOfPage\":{\"@id\":\"https:\/\/thanhphatpc.com\/ubiquiti-unifi-ap-ac-pro-ho-tro-chuan-ac-toc-do-1750mb-lan-1gb\/#primaryimage\"},\"image\":{\"@id\":\"https:\/\/thanhphatpc.com\/ubiquiti-unifi-ap-ac-pro-ho-tro-chuan-ac-toc-do-1750mb-lan-1gb\/#primaryimage\"},\"thumbnailUrl\":\"https:\/\/thanhphatpc.com\/wp-content\/uploads\/2019\/09\/250_1417_uap_ac_lr_front.jpg\",\"datePublished\":\"2019-09-30T10:07:39+00:00\",\"dateModified\":\"2019-09-30T10:07:39+00:00\",\"breadcrumb\":{\"@id\":\"https:\/\/thanhphatpc.com\/ubiquiti-unifi-ap-ac-pro-ho-tro-chuan-ac-toc-do-1750mb-lan-1gb\/#breadcrumb\"},\"inLanguage\":\"en-US\",\"potentialAction\":[{\"@type\":\"ReadAction\",\"target\":[\"https:\/\/thanhphatpc.com\/ubiquiti-unifi-ap-ac-pro-ho-tro-chuan-ac-toc-do-1750mb-lan-1gb\/\"]}]},{\"@type\":\"ImageObject\",\"inLanguage\":\"en-US\",\"@id\":\"https:\/\/thanhphatpc.com\/ubiquiti-unifi-ap-ac-pro-ho-tro-chuan-ac-toc-do-1750mb-lan-1gb\/#primaryimage\",\"url\":\"https:\/\/thanhphatpc.com\/wp-content\/uploads\/2019\/09\/250_1417_uap_ac_lr_front.jpg\",\"contentUrl\":\"https:\/\/thanhphatpc.com\/wp-content\/uploads\/2019\/09\/250_1417_uap_ac_lr_front.jpg\",\"width\":244,\"height\":250},{\"@type\":\"BreadcrumbList\",\"@id\":\"https:\/\/thanhphatpc.com\/ubiquiti-unifi-ap-ac-pro-ho-tro-chuan-ac-toc-do-1750mb-lan-1gb\/#breadcrumb\",\"itemListElement\":[{\"@type\":\"ListItem\",\"position\":1,\"name\":\"Trang ch\u1ee7\",\"item\":\"https:\/\/thanhphatpc.com\/\"},{\"@type\":\"ListItem\",\"position\":2,\"name\":\"C\u1eeda h\u00e0ng\",\"item\":\"https:\/\/thanhphatpc.com\/cua-hang\/\"},{\"@type\":\"ListItem\",\"position\":3,\"name\":\"Ubiquiti UniFi AP AC PRO H\u1ed7 tr\u1ee3 chu\u1ea9n AC, t\u1ed1c \u0111\u1ed9 1750Mb, Lan 1Gb\"}]},{\"@type\":\"WebSite\",\"@id\":\"https:\/\/thanhphatpc.com\/#website\",\"url\":\"https:\/\/thanhphatpc.com\/\",\"name\":\"ThanhPhat PC\",\"description\":\"D\u1ecbch v\u1ee5 ho\u00e0n h\u1ea3o\",\"potentialAction\":[{\"@type\":\"SearchAction\",\"target\":{\"@type\":\"EntryPoint\",\"urlTemplate\":\"https:\/\/thanhphatpc.com\/?s={search_term_string}\"},\"query-input\":{\"@type\":\"PropertyValueSpecification\",\"valueRequired\":true,\"valueName\":\"search_term_string\"}}],\"inLanguage\":\"en-US\"}]}<\/script>\n<!-- \/ Yoast SEO plugin. -->","yoast_head_json":{"title":"Ubiquiti UniFi AP AC PRO H\u1ed7 tr\u1ee3 chu\u1ea9n AC, t\u1ed1c \u0111\u1ed9 1750Mb, Lan 1Gb - ThanhPhat PC","robots":{"index":"index","follow":"follow","max-snippet":"max-snippet:-1","max-image-preview":"max-image-preview:large","max-video-preview":"max-video-preview:-1"},"canonical":"https:\/\/thanhphatpc.com\/en\/ubiquiti-unifi-ap-ac-pro-ho-tro-chuan-ac-toc-do-1750mb-lan-1gb\/","og_locale":"en_US","og_type":"article","og_title":"Ubiquiti UniFi AP AC PRO H\u1ed7 tr\u1ee3 chu\u1ea9n AC, t\u1ed1c \u0111\u1ed9 1750Mb, Lan 1Gb - ThanhPhat PC","og_description":"Th\u00f4ng s\u1ed1 k\u1ef9 thu\u1eadt c\u01a1 b\u1ea3n:  -\u00a0Unifi AP AC PRO\u00a0l\u00e0 thi\u1ebft b\u1ecb ph\u00e1t s\u00f3ng wifi chuy\u00ean d\u1ee5ng l\u1eafp \u0111\u1eb7t trong nh\u00e0.  - C\u1ea5u h\u00ecnh t\u1eadp trung b\u1eb1ng ph\u1ea7n m\u1ec1m\u00a0Unifi Controller\u00a0c\u00e0i tr\u00ean m\u00e1y t\u00ednh ho\u1eb7c Cloud.  - H\u1ed7 tr\u1ee3 qu\u1ea3n l\u00fd\u00a0Guest Portal\/Hotspot Support  - H\u1ed7 tr\u1ee3 roaming tr\u01a1n chu.  - H\u1ed7 tr\u1ee3 2 b\u0103ng t\u1ea7n \u0111\u1ed3ng th\u1eddi 2,4 Ghz v\u00e0 5Ghz  -\u00a0Chu\u1ea9n 802.11 a\/b\/g\/n\/ac m\u1edbi nh\u1ea5t (450 Mbps\/ 2,4GHz v\u00e0 1300 Mbps\/ 5GHz)  - Ch\u1ebf \u0111\u1ed9 ho\u1ea1t \u0111\u1ed9ng: Access Point  - C\u1ed5ng k\u1ebft n\u1ed1i: 02 LAN x 10\/100\/1000Mbps  - Anten t\u00edch h\u1ee3p s\u1eb5n:\u00a0MIMO 3x3 (2,4GHz) \u00a0&amp;\u00a0MIMO 3x3 ( 5GHz)  - B\u1ea3o m\u1eadt: WEP, WPA-PSK, WPA-TKIP, WPA2 AES, 802.11i  - H\u1ed7 tr\u1ee3: VLAN theo chu\u1ea9n 802.11Q, WMM, gi\u1edbi h\u1ea1n t\u1ed1c \u0111\u1ed9 truy c\u1eadp AP cho t\u1eebng ng\u01b0\u1eddi d\u00f9ng  - V\u00f9ng ph\u1ee7 s\u00f3ng: b\u00e1n k\u00ednh ph\u00e1t s\u00f3ng t\u1ed1i \u0111a 120m trong m\u00f4i tr\u01b0\u1eddng kh\u00f4ng c\u00f3 v\u1eadt ch\u1eafn  -\u00a0H\u1ed7 tr\u1ee3 k\u1ebft n\u1ed1i \u0111\u1ed3ng th\u1eddi t\u1ed1i \u0111a: 200 ng\u01b0\u1eddi  - Ph\u1ee5 ki\u1ec7n \u0111i k\u00e8m: Ngu\u1ed3n PoE 48V, 0.5A v\u00e0 \u0111\u1ebf g\u1eafn t\u01b0\u1eddng","og_url":"https:\/\/thanhphatpc.com\/en\/ubiquiti-unifi-ap-ac-pro-ho-tro-chuan-ac-toc-do-1750mb-lan-1gb\/","og_site_name":"ThanhPhat PC","og_image":[{"width":244,"height":250,"url":"https:\/\/thanhphatpc.com\/wp-content\/uploads\/2019\/09\/250_1417_uap_ac_lr_front.jpg","type":"image\/jpeg"}],"twitter_card":"summary_large_image","twitter_misc":{"Est. reading time":"2 minutes"},"schema":{"@context":"https:\/\/schema.org","@graph":[{"@type":"WebPage","@id":"https:\/\/thanhphatpc.com\/ubiquiti-unifi-ap-ac-pro-ho-tro-chuan-ac-toc-do-1750mb-lan-1gb\/","url":"https:\/\/thanhphatpc.com\/ubiquiti-unifi-ap-ac-pro-ho-tro-chuan-ac-toc-do-1750mb-lan-1gb\/","name":"Ubiquiti UniFi AP AC PRO H\u1ed7 tr\u1ee3 chu\u1ea9n AC, t\u1ed1c \u0111\u1ed9 1750Mb, Lan 1Gb - ThanhPhat PC","isPartOf":{"@id":"https:\/\/thanhphatpc.com\/#website"},"primaryImageOfPage":{"@id":"https:\/\/thanhphatpc.com\/ubiquiti-unifi-ap-ac-pro-ho-tro-chuan-ac-toc-do-1750mb-lan-1gb\/#primaryimage"},"image":{"@id":"https:\/\/thanhphatpc.com\/ubiquiti-unifi-ap-ac-pro-ho-tro-chuan-ac-toc-do-1750mb-lan-1gb\/#primaryimage"},"thumbnailUrl":"https:\/\/thanhphatpc.com\/wp-content\/uploads\/2019\/09\/250_1417_uap_ac_lr_front.jpg","datePublished":"2019-09-30T10:07:39+00:00","dateModified":"2019-09-30T10:07:39+00:00","breadcrumb":{"@id":"https:\/\/thanhphatpc.com\/ubiquiti-unifi-ap-ac-pro-ho-tro-chuan-ac-toc-do-1750mb-lan-1gb\/#breadcrumb"},"inLanguage":"en-US","potentialAction":[{"@type":"ReadAction","target":["https:\/\/thanhphatpc.com\/ubiquiti-unifi-ap-ac-pro-ho-tro-chuan-ac-toc-do-1750mb-lan-1gb\/"]}]},{"@type":"ImageObject","inLanguage":"en-US","@id":"https:\/\/thanhphatpc.com\/ubiquiti-unifi-ap-ac-pro-ho-tro-chuan-ac-toc-do-1750mb-lan-1gb\/#primaryimage","url":"https:\/\/thanhphatpc.com\/wp-content\/uploads\/2019\/09\/250_1417_uap_ac_lr_front.jpg","contentUrl":"https:\/\/thanhphatpc.com\/wp-content\/uploads\/2019\/09\/250_1417_uap_ac_lr_front.jpg","width":244,"height":250},{"@type":"BreadcrumbList","@id":"https:\/\/thanhphatpc.com\/ubiquiti-unifi-ap-ac-pro-ho-tro-chuan-ac-toc-do-1750mb-lan-1gb\/#breadcrumb","itemListElement":[{"@type":"ListItem","position":1,"name":"Trang ch\u1ee7","item":"https:\/\/thanhphatpc.com\/"},{"@type":"ListItem","position":2,"name":"C\u1eeda h\u00e0ng","item":"https:\/\/thanhphatpc.com\/cua-hang\/"},{"@type":"ListItem","position":3,"name":"Ubiquiti UniFi AP AC PRO H\u1ed7 tr\u1ee3 chu\u1ea9n AC, t\u1ed1c \u0111\u1ed9 1750Mb, Lan 1Gb"}]},{"@type":"WebSite","@id":"https:\/\/thanhphatpc.com\/#website","url":"https:\/\/thanhphatpc.com\/","name":"ThanhPhat PC","description":"D\u1ecbch v\u1ee5 ho\u00e0n h\u1ea3o","potentialAction":[{"@type":"SearchAction","target":{"@type":"EntryPoint","urlTemplate":"https:\/\/thanhphatpc.com\/?s={search_term_string}"},"query-input":{"@type":"PropertyValueSpecification","valueRequired":true,"valueName":"search_term_string"}}],"inLanguage":"en-US"}]}},"_links":{"self":[{"href":"https:\/\/thanhphatpc.com\/en\/wp-json\/wp\/v2\/product\/3572","targetHints":{"allow":["GET"]}}],"collection":[{"href":"https:\/\/thanhphatpc.com\/en\/wp-json\/wp\/v2\/product"}],"about":[{"href":"https:\/\/thanhphatpc.com\/en\/wp-json\/wp\/v2\/types\/product"}],"replies":[{"embeddable":true,"href":"https:\/\/thanhphatpc.com\/en\/wp-json\/wp\/v2\/comments?post=3572"}],"wp:featuredmedia":[{"embeddable":true,"href":"https:\/\/thanhphatpc.com\/en\/wp-json\/wp\/v2\/media\/3573"}],"wp:attachment":[{"href":"https:\/\/thanhphatpc.com\/en\/wp-json\/wp\/v2\/media?parent=3572"}],"wp:term":[{"taxonomy":"product_cat","embeddable":true,"href":"https:\/\/thanhphatpc.com\/en\/wp-json\/wp\/v2\/product_cat?post=3572"},{"taxonomy":"product_tag","embeddable":true,"href":"https:\/\/thanhphatpc.com\/en\/wp-json\/wp\/v2\/product_tag?post=3572"}],"curies":[{"name":"wp","href":"https:\/\/api.w.org\/{rel}","templated":true}]}}