{"id":3599,"date":"2019-10-05T10:32:37","date_gmt":"2019-10-05T03:32:37","guid":{"rendered":"https:\/\/thanhphatpc.com\/?post_type=product&#038;p=3599"},"modified":"2019-10-05T10:32:37","modified_gmt":"2019-10-05T03:32:37","slug":"may-in-mau-hp-laserjet-pro-m452nw","status":"publish","type":"product","link":"https:\/\/thanhphatpc.com\/en\/may-in-mau-hp-laserjet-pro-m452nw\/","title":{"rendered":"Ma\u0301y In M\u00e0u HP LaserJet Pro M452NW"},"content":{"rendered":"<p>C\u00e1c b\u1ea1n mu\u1ed1n c\u00f3 nh\u1eefng b\u1ee9c \u1ea3nh \u0111\u1eb9p \u0111\u01b0\u1ee3c in ra t\u1eeb m\u00e1y t\u00ednh m\u00e0 \u0111ang kh\u00f4ng bi\u1ebft l\u1ef1a ch\u1ecdn d\u00f2ng s\u1ea3n ph\u1ea9m n\u00e0o cho ph\u00f9 h\u1ee3p, hay c\u00e1c b\u1ea1n \u0111\u00e3 qu\u00e1 quen v\u1edbi nh\u1eefng d\u00f2ng m\u00e1y in phun m\u00e0u nh\u01b0 x\u01b0a. Ph\u00fac Anh xin gi\u1edbi thi\u1ec7u t\u1edbi c\u00e1c b\u1ea1n m\u1ed9t chi\u1ebfc m\u00e1y in c\u00f3 kh\u1ea3 n\u0103ng in m\u00e0u s\u1eafc n\u00e9t, t\u1ed1c \u0111\u1ed9 nhanh h\u01a1n r\u1ea5t nhi\u1ec1u l\u1ea7n so v\u1edbi c\u00e1c m\u00e1y in phun m\u00e0u. \u0110\u00f3 l\u00e0 chi\u1ebfc\u00a0<strong>m\u00e1y in Laser m\u00e0u HP Laser Jet Pro 452NW<\/strong>. Sau \u0111\u00e2y l\u00e0 c\u00e1c t\u00ednh n\u0103ng n\u1ed5i b\u1eadt c\u1ee7a chi\u1ebfc m\u00e1y in<\/p>\n<p>\u0110\u1eb6C \u0110I\u1ec2M N\u1ed4I B\u1eacT C\u1ee6A M\u00c1Y IN HP LASER JET PRO 452 NW<\/p>\n<ul>\n<li>C\u00f4ng ngh\u1ec7 in Laser<\/li>\n<li>C\u00f3 m\u00e0n h\u00ecnh hi\u1ec3n th\u1ecb<\/li>\n<li>In qua m\u1ea1ng kh\u00f4ng d\u00e2y<\/li>\n<li>T\u00ednh n\u0103ng tr\u00ean \u0111i\u1ec7n tho\u1ea1i di \u0111\u1ed9ng<\/li>\n<\/ul>\n<p><img decoding=\"async\" class=\"aligncenter lazyautosizes lazyloaded\" src=\"https:\/\/www.phucanh.vn\/media\/product\/24006_hp_color_laserjet_pro_m452nw.jpg\" sizes=\"700px\" alt=\"M\u00e1y in Laser m\u00e0u HP Color Laser Jet Pro 452NW\" width=\"700\" data-src=\"https:\/\/www.phucanh.vn\/media\/product\/24006_hp_color_laserjet_pro_m452nw.jpg\" data-sizes=\"auto\" \/><\/p>\n<h3><strong>C\u00d4NG NGH\u1ec6 IN LASER<\/strong><\/h3>\n<p>M\u00e1y in HP laser Jet Pro 452 NW l\u00e0\u00a0<strong>m\u00e1y in<\/strong>\u00a0m\u00e0u ch\u1ea1y theo c\u00f4ng ngh\u1ec7 laser, n\u00f3 gi\u00fap ng\u01b0\u1eddi d\u00f9ng gi\u1ea3m thi\u1ec3u th\u1eddi gian in nh\u1eefng b\u1ee9c \u1ea3nh \u0111\u1eb9p v\u1edbi ch\u1ea5t l\u01b0\u1ee3ng cao. So v\u1edbi nh\u1eefng d\u00f2ng m\u00e1y in m\u00e0u kh\u00e1c th\u00ec t\u1ed1c \u0111\u1ed9 x\u1eed l\u00fd c\u1ee7a HP Laser Jet Pro 452 cao h\u01a1n r\u1ea5t nhi\u1ec1u l\u1ea7n. T\u1ed1c \u0111\u1ed9 in l\u00ean t\u1edbi 28 trang \/ 1 ph\u00fat gi\u00fap ng\u01b0\u1eddi d\u00f9ng ti\u1ec7n l\u1ee3i trong vi\u1ec7c in ra nh\u1eefng b\u1ee9c \u1ea3nh \u0111\u1eb9p m\u00e0 kh\u00f4ng ph\u1ea3i ch\u1edd \u0111\u1ee3i qu\u00e1 l\u00e2u so v\u1edbi c\u00e1c d\u00f2ng m\u00e1y in phun m\u00e0u<\/p>\n<h3><strong>C\u00d3 M\u00c0N H\u00ccNH HI\u1ec2N TH\u1eca<\/strong><\/h3>\n<p>Kh\u00e1c v\u1edbi nh\u1eefng chi\u1ebfc m\u00e1y in \u0111\u01a1n n\u0103ng kh\u00e1c. M\u00e1y in HP Laser Jet Pro 452 \u0111\u01b0\u1ee3c HP trang b\u1ecb cho m\u00e0n h\u00ecnh hi\u1ec3n th\u1ecb, gi\u00fap ng\u01b0\u1eddi d\u00f9ng c\u00f3 th\u1ec3 thao t\u00e1c tr\u1ef1c ti\u1ebfp tr\u00ean m\u00e1y in. C\u00f3 th\u1ec3 c\u00e0i \u0111\u1eb7t v\u00e0 in th\u1eed tr\u00ean m\u00e1y in m\u00e0 kh\u00f4ng c\u1ea7n ph\u1ea3i c\u00e0i ph\u1ea7n m\u1ec1m l\u00ean m\u00e1y t\u00ednh \u0111\u1ec3 ki\u1ec3m tra m\u00e1y. M\u00e0n h\u00ecnh s\u1ebd gi\u00fap cho ng\u01b0\u1eddi d\u00f9ng c\u00e0i \u0111\u1eb7t d\u1ec5 d\u00e0ng c\u00e1c t\u00ednh n\u0103ng c\u1ee7a m\u00e1y<\/p>\n<h3><strong>IN QUA M\u1ea0NG KH\u00d4NG D\u00c2Y<\/strong><\/h3>\n<p>T\u00ednh n\u0103ng n\u1ed5i b\u1eadt ti\u1ebfp theo c\u1ee7a\u00a0<strong>m\u00e1y in HP<\/strong>\u00a0n\u00e0y\u00a0l\u00e0 in qua m\u1ea1ng wifi. B\u1ea1n s\u1ebd kh\u00f4ng ph\u1ea3i c\u1eafm d\u00e2y l\u1eb1ng nh\u1eb1ng n\u1eefa. B\u1ea1n ch\u1ec9 c\u1ea7n c\u00e0i \u0111\u1eb7t cho m\u00e1y in k\u1ebft n\u1ed1i v\u1edbi m\u1ea1ng wifi trong nh\u00e0. V\u00e0 \u0111i\u1ec7n tho\u1ea1i ho\u1eb7c m\u00e1y t\u00ednh c\u1ee7a b\u1ea1n c\u0169ng k\u1ebft n\u1ed1i v\u1edbi m\u1ea1ng wifi trong nh\u00e0 l\u00e0 b\u1ea1n c\u00f3 th\u1ec3 in \u1edf b\u1ea5t c\u1ee9 \u0111\u00e2u trong ph\u00f2ng m\u00e0 kh\u00f4ng c\u1ea7n ph\u1ea3i \u0111\u1ec3 m\u00e1y t\u00ednh s\u00e1t m\u00e1y in. H\u1ea1n ch\u1ebf c\u1ee7a t\u00ednh n\u0103ng n\u00e0y l\u00e0 wifi lu\u00f4n ph\u1ea3i \u0111\u00e1p \u1ee9ng \u0111\u01b0\u1ee3c \u0111\u1ed9 \u1ed5n \u0111\u1ecbnh.<\/p>\n<p>T\u00cdNH N\u0102NG TR\u00caN \u0110I\u1ec6N THO\u1ea0I DI \u0110\u1ed8NG<\/p>\n<p>\u0110i\u1ec3m n\u1ed5i b\u1eadt kh\u00e1c c\u1ee7a d\u00f2ng m\u00e1y in HP n\u00f3i chung v\u00e0 Laser Jet Pro 452 n\u00f3i ri\u00eang l\u00e0 t\u00ednh n\u0103ng in tr\u00ean \u0111i\u1ec7n tho\u1ea1i smart phone. V\u1edbi nh\u1eefng b\u1ea1n s\u1eed d\u1ee5ng h\u1ec7 \u0111i\u1ec1u h\u00e0nh Android c\u00f3 th\u1ec3 t\u1ea3i HP eprint ho\u1eb7c Mobile App tr\u00ean CH play \u0111\u1ec3 in tr\u1ef1c ti\u1ebfp tr\u00ean \u0111i\u1ec7n tho\u1ea1i c\u1ee7a m\u00ecnh. C\u00f2n v\u1edbi nh\u1eefng b\u1ea1n \u0111ang d\u00f9ng c\u00e1c s\u1ea3n ph\u1ea9m c\u1ee7a Apple th\u00ec c\u00f3 th\u1ec3 t\u1ea3i tr\u00ean Appstore \u1ee9ng d\u1ee5ng Apple AirPrint \u0111\u1ec3 in nh\u1eefng b\u1ee9c \u1ea3nh v\u1eeba ch\u1ee5p tr\u00ean \u0111i\u1ec7n tho\u1ea1i\u2026..<\/p>\n<table>\n<tbody>\n<tr>\n<td>S\u1ea3n ph\u1ea9m<\/td>\n<td>Ma\u0301y in laser ma\u0300u<\/td>\n<\/tr>\n<tr>\n<td>H\u00e3ng s\u1ea3n xu\u1ea5t<\/td>\n<td>HP<\/td>\n<\/tr>\n<tr>\n<td>Model<\/td>\n<td>M452nw-CF388A<\/td>\n<\/tr>\n<tr>\n<td>Kh\u1ed5 gi\u1ea5y<\/td>\n<td>Tray 1: Letter, legal, executive, 8.5 x 13 in, 3 x 5 in, 4 x 6 in, 5 x 8 in, envelopes (No 10, Monarch)\/ Tray 2, optional Tray 3: Letter, legal, executive, 8.5 x 13 in, 4 x 6 in, 5 x 8 in, envelopes (No 10, Monarch)<\/td>\n<\/tr>\n<tr>\n<td>B\u00f4\u0323 nh\u01a1\u0301<\/td>\n<td>256Mb<\/td>\n<\/tr>\n<tr>\n<td>T\u1ed1c \u0111\u1ed9<\/td>\n<td>\u0110en\/ Tr\u0103\u0301ng : Up to 28 ppm<\/td>\n<\/tr>\n<tr>\n<td>In \u0111\u1ea3o m\u1eb7t<\/td>\n<td>Kh\u00f4ng<\/td>\n<\/tr>\n<tr>\n<td>\u0110\u1ed9 ph\u00e2n gi\u1ea3i<\/td>\n<td>600 x 600 dpi<\/td>\n<\/tr>\n<tr>\n<td>C\u1ed5ng giao ti\u1ebfp<\/td>\n<td>USB\/ LAN\/ WIFI<\/td>\n<\/tr>\n<tr>\n<td>Du\u0300ng m\u1ef1c<\/td>\n<td>HP\u00a0 CE410A\/CE411A\/CE412A\/CE413A<\/td>\n<\/tr>\n<tr>\n<td>M\u00f4 ta\u0309 kha\u0301c<\/td>\n<td>Khay gi\u00e2\u0301y va\u0300o \u0111a n\u0103ng: 50 t\u01a1\u0300\/ Khay 2: 250 t\u01a1\u0300\/ Khay gi\u00e2\u0301y ra: 150 t\u01a1\u0300<\/td>\n<\/tr>\n<\/tbody>\n<\/table>","protected":false},"excerpt":{"rendered":"<p><strong>Th\u00f4ng s<\/strong><strong>\u1ed1<\/strong><strong>\u00a0<\/strong><strong>k<\/strong><strong>\u1ef9<\/strong><strong>\u00a0thu<\/strong><strong>\u1ead<\/strong><strong>t c<\/strong><strong>\u01a1<\/strong><strong>\u00a0b<\/strong><strong>\u1ea3<\/strong><strong>n:<\/strong><\/p>\n<p>\u2013 T\u00ednh n\u0103ng: In<\/p>\n<p>\u2013 Kh\u1ed5 gi\u1ea5y: A4\/A5<\/p>\n<p>\u2013 T\u1ed1c \u0111\u1ed9 in: 28 trang\/ph\u00fat<\/p>\n<p>\u2013 \u0110\u1ed9 ph\u00e2n gi\u1ea3i:\u00a0600 x 600dpi<\/p>\n<p>\u2013 In \u0111\u1ea3o m\u1eb7t: Kh\u00f4ng<\/p>\n<p>\u2013 C\u1ed5ng giao ti\u1ebfp: USB 2.0, LAN, Wifi<\/p>","protected":false},"featured_media":3600,"comment_status":"open","ping_status":"closed","template":"","meta":{"_acf_changed":false},"product_cat":[376,366,368,374],"product_tag":[420],"class_list":{"0":"post-3599","1":"product","2":"type-product","3":"status-publish","4":"has-post-thumbnail","6":"product_cat-hp-may-laser","7":"product_cat-may-in","8":"product_cat-may-in-mau","9":"product_cat-may-laser","10":"product_tag-hp","12":"first","13":"instock","14":"shipping-taxable","15":"purchasable","16":"product-type-simple"},"acf":[],"yoast_head":"<!-- This site is optimized with the Yoast SEO plugin v23.8 - https:\/\/yoast.com\/wordpress\/plugins\/seo\/ -->\n<title>Ma\u0301y In M\u00e0u HP LaserJet Pro M452NW - ThanhPhat PC<\/title>\n<meta name=\"robots\" content=\"index, follow, max-snippet:-1, max-image-preview:large, max-video-preview:-1\" \/>\n<link rel=\"canonical\" href=\"https:\/\/thanhphatpc.com\/en\/may-in-mau-hp-laserjet-pro-m452nw\/\" \/>\n<meta property=\"og:locale\" content=\"en_US\" \/>\n<meta property=\"og:type\" content=\"article\" \/>\n<meta property=\"og:title\" content=\"Ma\u0301y In M\u00e0u HP LaserJet Pro M452NW - ThanhPhat PC\" \/>\n<meta property=\"og:description\" content=\"Th\u00f4ng s\u1ed1\u00a0k\u1ef9\u00a0thu\u1eadt c\u01a1\u00a0b\u1ea3n:  \u2013 T\u00ednh n\u0103ng: In  \u2013 Kh\u1ed5 gi\u1ea5y: A4\/A5  \u2013 T\u1ed1c \u0111\u1ed9 in: 28 trang\/ph\u00fat  \u2013 \u0110\u1ed9 ph\u00e2n gi\u1ea3i:\u00a0600 x 600dpi  \u2013 In \u0111\u1ea3o m\u1eb7t: Kh\u00f4ng  \u2013 C\u1ed5ng giao ti\u1ebfp: USB 2.0, LAN, Wifi\" \/>\n<meta property=\"og:url\" content=\"https:\/\/thanhphatpc.com\/en\/may-in-mau-hp-laserjet-pro-m452nw\/\" \/>\n<meta property=\"og:site_name\" content=\"ThanhPhat PC\" \/>\n<meta property=\"og:image\" content=\"https:\/\/thanhphatpc.com\/wp-content\/uploads\/2019\/10\/p_15977_HP-Color-LaserJet-Pro-M452NW-350x265.jpg\" \/>\n\t<meta property=\"og:image:width\" content=\"350\" \/>\n\t<meta property=\"og:image:height\" content=\"265\" \/>\n\t<meta property=\"og:image:type\" content=\"image\/jpeg\" \/>\n<meta name=\"twitter:card\" content=\"summary_large_image\" \/>\n<meta name=\"twitter:label1\" content=\"Est. reading time\" \/>\n\t<meta name=\"twitter:data1\" content=\"4 minutes\" \/>\n<script type=\"application\/ld+json\" class=\"yoast-schema-graph\">{\"@context\":\"https:\/\/schema.org\",\"@graph\":[{\"@type\":\"WebPage\",\"@id\":\"https:\/\/thanhphatpc.com\/may-in-mau-hp-laserjet-pro-m452nw\/\",\"url\":\"https:\/\/thanhphatpc.com\/may-in-mau-hp-laserjet-pro-m452nw\/\",\"name\":\"Ma\u0301y In M\u00e0u HP LaserJet Pro M452NW - ThanhPhat PC\",\"isPartOf\":{\"@id\":\"https:\/\/thanhphatpc.com\/#website\"},\"primaryImageOfPage\":{\"@id\":\"https:\/\/thanhphatpc.com\/may-in-mau-hp-laserjet-pro-m452nw\/#primaryimage\"},\"image\":{\"@id\":\"https:\/\/thanhphatpc.com\/may-in-mau-hp-laserjet-pro-m452nw\/#primaryimage\"},\"thumbnailUrl\":\"https:\/\/thanhphatpc.com\/wp-content\/uploads\/2019\/10\/p_15977_HP-Color-LaserJet-Pro-M452NW-350x265.jpg\",\"datePublished\":\"2019-10-05T03:32:37+00:00\",\"dateModified\":\"2019-10-05T03:32:37+00:00\",\"breadcrumb\":{\"@id\":\"https:\/\/thanhphatpc.com\/may-in-mau-hp-laserjet-pro-m452nw\/#breadcrumb\"},\"inLanguage\":\"en-US\",\"potentialAction\":[{\"@type\":\"ReadAction\",\"target\":[\"https:\/\/thanhphatpc.com\/may-in-mau-hp-laserjet-pro-m452nw\/\"]}]},{\"@type\":\"ImageObject\",\"inLanguage\":\"en-US\",\"@id\":\"https:\/\/thanhphatpc.com\/may-in-mau-hp-laserjet-pro-m452nw\/#primaryimage\",\"url\":\"https:\/\/thanhphatpc.com\/wp-content\/uploads\/2019\/10\/p_15977_HP-Color-LaserJet-Pro-M452NW-350x265.jpg\",\"contentUrl\":\"https:\/\/thanhphatpc.com\/wp-content\/uploads\/2019\/10\/p_15977_HP-Color-LaserJet-Pro-M452NW-350x265.jpg\",\"width\":350,\"height\":265},{\"@type\":\"BreadcrumbList\",\"@id\":\"https:\/\/thanhphatpc.com\/may-in-mau-hp-laserjet-pro-m452nw\/#breadcrumb\",\"itemListElement\":[{\"@type\":\"ListItem\",\"position\":1,\"name\":\"Trang ch\u1ee7\",\"item\":\"https:\/\/thanhphatpc.com\/\"},{\"@type\":\"ListItem\",\"position\":2,\"name\":\"C\u1eeda h\u00e0ng\",\"item\":\"https:\/\/thanhphatpc.com\/cua-hang\/\"},{\"@type\":\"ListItem\",\"position\":3,\"name\":\"Ma\u0301y In M\u00e0u HP LaserJet Pro M452NW\"}]},{\"@type\":\"WebSite\",\"@id\":\"https:\/\/thanhphatpc.com\/#website\",\"url\":\"https:\/\/thanhphatpc.com\/\",\"name\":\"ThanhPhat PC\",\"description\":\"D\u1ecbch v\u1ee5 ho\u00e0n h\u1ea3o\",\"potentialAction\":[{\"@type\":\"SearchAction\",\"target\":{\"@type\":\"EntryPoint\",\"urlTemplate\":\"https:\/\/thanhphatpc.com\/?s={search_term_string}\"},\"query-input\":{\"@type\":\"PropertyValueSpecification\",\"valueRequired\":true,\"valueName\":\"search_term_string\"}}],\"inLanguage\":\"en-US\"}]}<\/script>\n<!-- \/ Yoast SEO plugin. -->","yoast_head_json":{"title":"Ma\u0301y In M\u00e0u HP LaserJet Pro M452NW - ThanhPhat PC","robots":{"index":"index","follow":"follow","max-snippet":"max-snippet:-1","max-image-preview":"max-image-preview:large","max-video-preview":"max-video-preview:-1"},"canonical":"https:\/\/thanhphatpc.com\/en\/may-in-mau-hp-laserjet-pro-m452nw\/","og_locale":"en_US","og_type":"article","og_title":"Ma\u0301y In M\u00e0u HP LaserJet Pro M452NW - ThanhPhat PC","og_description":"Th\u00f4ng s\u1ed1\u00a0k\u1ef9\u00a0thu\u1eadt c\u01a1\u00a0b\u1ea3n:  \u2013 T\u00ednh n\u0103ng: In  \u2013 Kh\u1ed5 gi\u1ea5y: A4\/A5  \u2013 T\u1ed1c \u0111\u1ed9 in: 28 trang\/ph\u00fat  \u2013 \u0110\u1ed9 ph\u00e2n gi\u1ea3i:\u00a0600 x 600dpi  \u2013 In \u0111\u1ea3o m\u1eb7t: Kh\u00f4ng  \u2013 C\u1ed5ng giao ti\u1ebfp: USB 2.0, LAN, Wifi","og_url":"https:\/\/thanhphatpc.com\/en\/may-in-mau-hp-laserjet-pro-m452nw\/","og_site_name":"ThanhPhat PC","og_image":[{"width":350,"height":265,"url":"https:\/\/thanhphatpc.com\/wp-content\/uploads\/2019\/10\/p_15977_HP-Color-LaserJet-Pro-M452NW-350x265.jpg","type":"image\/jpeg"}],"twitter_card":"summary_large_image","twitter_misc":{"Est. reading time":"4 minutes"},"schema":{"@context":"https:\/\/schema.org","@graph":[{"@type":"WebPage","@id":"https:\/\/thanhphatpc.com\/may-in-mau-hp-laserjet-pro-m452nw\/","url":"https:\/\/thanhphatpc.com\/may-in-mau-hp-laserjet-pro-m452nw\/","name":"Ma\u0301y In M\u00e0u HP LaserJet Pro M452NW - ThanhPhat PC","isPartOf":{"@id":"https:\/\/thanhphatpc.com\/#website"},"primaryImageOfPage":{"@id":"https:\/\/thanhphatpc.com\/may-in-mau-hp-laserjet-pro-m452nw\/#primaryimage"},"image":{"@id":"https:\/\/thanhphatpc.com\/may-in-mau-hp-laserjet-pro-m452nw\/#primaryimage"},"thumbnailUrl":"https:\/\/thanhphatpc.com\/wp-content\/uploads\/2019\/10\/p_15977_HP-Color-LaserJet-Pro-M452NW-350x265.jpg","datePublished":"2019-10-05T03:32:37+00:00","dateModified":"2019-10-05T03:32:37+00:00","breadcrumb":{"@id":"https:\/\/thanhphatpc.com\/may-in-mau-hp-laserjet-pro-m452nw\/#breadcrumb"},"inLanguage":"en-US","potentialAction":[{"@type":"ReadAction","target":["https:\/\/thanhphatpc.com\/may-in-mau-hp-laserjet-pro-m452nw\/"]}]},{"@type":"ImageObject","inLanguage":"en-US","@id":"https:\/\/thanhphatpc.com\/may-in-mau-hp-laserjet-pro-m452nw\/#primaryimage","url":"https:\/\/thanhphatpc.com\/wp-content\/uploads\/2019\/10\/p_15977_HP-Color-LaserJet-Pro-M452NW-350x265.jpg","contentUrl":"https:\/\/thanhphatpc.com\/wp-content\/uploads\/2019\/10\/p_15977_HP-Color-LaserJet-Pro-M452NW-350x265.jpg","width":350,"height":265},{"@type":"BreadcrumbList","@id":"https:\/\/thanhphatpc.com\/may-in-mau-hp-laserjet-pro-m452nw\/#breadcrumb","itemListElement":[{"@type":"ListItem","position":1,"name":"Trang ch\u1ee7","item":"https:\/\/thanhphatpc.com\/"},{"@type":"ListItem","position":2,"name":"C\u1eeda h\u00e0ng","item":"https:\/\/thanhphatpc.com\/cua-hang\/"},{"@type":"ListItem","position":3,"name":"Ma\u0301y In M\u00e0u HP LaserJet Pro M452NW"}]},{"@type":"WebSite","@id":"https:\/\/thanhphatpc.com\/#website","url":"https:\/\/thanhphatpc.com\/","name":"ThanhPhat PC","description":"D\u1ecbch v\u1ee5 ho\u00e0n h\u1ea3o","potentialAction":[{"@type":"SearchAction","target":{"@type":"EntryPoint","urlTemplate":"https:\/\/thanhphatpc.com\/?s={search_term_string}"},"query-input":{"@type":"PropertyValueSpecification","valueRequired":true,"valueName":"search_term_string"}}],"inLanguage":"en-US"}]}},"_links":{"self":[{"href":"https:\/\/thanhphatpc.com\/en\/wp-json\/wp\/v2\/product\/3599","targetHints":{"allow":["GET"]}}],"collection":[{"href":"https:\/\/thanhphatpc.com\/en\/wp-json\/wp\/v2\/product"}],"about":[{"href":"https:\/\/thanhphatpc.com\/en\/wp-json\/wp\/v2\/types\/product"}],"replies":[{"embeddable":true,"href":"https:\/\/thanhphatpc.com\/en\/wp-json\/wp\/v2\/comments?post=3599"}],"wp:featuredmedia":[{"embeddable":true,"href":"https:\/\/thanhphatpc.com\/en\/wp-json\/wp\/v2\/media\/3600"}],"wp:attachment":[{"href":"https:\/\/thanhphatpc.com\/en\/wp-json\/wp\/v2\/media?parent=3599"}],"wp:term":[{"taxonomy":"product_cat","embeddable":true,"href":"https:\/\/thanhphatpc.com\/en\/wp-json\/wp\/v2\/product_cat?post=3599"},{"taxonomy":"product_tag","embeddable":true,"href":"https:\/\/thanhphatpc.com\/en\/wp-json\/wp\/v2\/product_tag?post=3599"}],"curies":[{"name":"wp","href":"https:\/\/api.w.org\/{rel}","templated":true}]}}