{"id":3652,"date":"2019-10-08T14:54:38","date_gmt":"2019-10-08T07:54:38","guid":{"rendered":"https:\/\/thanhphatpc.com\/?post_type=product&#038;p=3652"},"modified":"2019-10-08T14:55:26","modified_gmt":"2019-10-08T07:55:26","slug":"hikvision-ds-2ce16f1t-it","status":"publish","type":"product","link":"https:\/\/thanhphatpc.com\/en\/hikvision-ds-2ce16f1t-it\/","title":{"rendered":"Hikvision DS-2CE16F1T-IT"},"content":{"rendered":"<p style=\"font-weight: 400;\"><b><strong>Camera HD-TVI h\u1ed3ng ngo\u1ea1i 3.0 Megapixel HIKVISION DS-2CE16F1T-IT<\/strong><\/b><\/p>\n<p style=\"font-weight: 400;\">&#8211;\u00a0\u00a0\u00a0\u00a0\u00a0\u00a0\u00a0\u00a0\u00a0S\u1eed d\u1ee5ng c\u00f4ng ngh\u1ec7 m\u1edbi HD-TVI cho h\u00ecnh \u1ea3nh s\u1eafc n\u00e9t.<\/p>\n<p style=\"font-weight: 400;\">&#8211;\u00a0\u00a0\u00a0\u00a0\u00a0\u00a0\u00a0\u00a0\u00a0C\u00f4ng ngh\u1ec7 HD-TVI (High Definition Tranport Video Interface): HD-TVI truy\u1ec1n t\u1ea3i h\u00ecnh \u1ea3nh, d\u1eef li\u1ec7u \u0111\u1ea3m b\u1ea3o ch\u1ea5t l\u01b0\u1ee3ng h\u00ecnh \u1ea3nh, Video r\u00f5 r\u00e0ng, kh\u00f4ng b\u1ecb tr\u1ec5 h\u00ecnh qua c\u00e1p \u0111\u1ed3ng tr\u1ee5c.<\/p>\n<p style=\"font-weight: 400;\">&#8211;\u00a0\u00a0\u00a0\u00a0\u00a0\u00a0\u00a0\u00a0\u00a0C\u1ea3m bi\u1ebfn h\u00ecnh \u1ea3nh: CMOS.<\/p>\n<p style=\"font-weight: 400;\">&#8211;\u00a0\u00a0\u00a0\u00a0\u00a0\u00a0\u00a0\u00a0\u00a0\u0110\u1ed9 ph\u00e2n gi\u1ea3i: 3.0 Megapixel.<\/p>\n<p style=\"font-weight: 400;\">&#8211;\u00a0\u00a0\u00a0\u00a0\u00a0\u00a0\u00a0\u00a0\u00a0\u1ed0ng k\u00ednh: 2.8mm, 3.6mm, 6mm (t\u00f9y ch\u1ecdn).<\/p>\n<p style=\"font-weight: 400;\">&#8211;\u00a0\u00a0\u00a0\u00a0\u00a0\u00a0\u00a0\u00a0\u00a0\u0110i\u1ec1u ch\u1ec9nh g\u00f3c theo chi\u1ec1u ngang: 0 &#8211; 360\u00b0, theo chi\u1ec1u d\u1ecdc: 0 ~ 90\u00b0, xoay: 0 ~ 360\u00b0.<\/p>\n<p style=\"font-weight: 400;\">&#8211;\u00a0\u00a0\u00a0\u00a0\u00a0\u00a0\u00a0\u00a0\u00a0T\u1ea7m quan s\u00e1t h\u1ed3ng ngo\u1ea1i: 20 m\u00e9t.<\/p>\n<p style=\"font-weight: 400;\">&#8211;\u00a0\u00a0\u00a0\u00a0\u00a0\u00a0\u00a0\u00a0\u00a0Ch\u1ee9c n\u0103ng quan s\u00e1t Ng\u00e0y v\u00e0 \u0110\u00eam (IR-CUT).<\/p>\n<p style=\"font-weight: 400;\">&#8211;\u00a0\u00a0\u00a0\u00a0\u00a0\u00a0\u00a0\u00a0\u00a0Ch\u1ee9c n\u0103ng l\u1ecdc nhi\u1ec5u k\u1ef9 thu\u1eadt s\u1ed1 3D DNR (Dynamic Noise Reduction).<\/p>\n<p style=\"font-weight: 400;\">&#8211;\u00a0\u00a0\u00a0\u00a0\u00a0\u00a0\u00a0\u00a0\u00a0Ch\u1ee9c n\u0103ng ch\u1ed1ng ng\u01b0\u1ee3c s\u00e1ng Digital WDR (Wide Dynamic Range).<\/p>\n<p style=\"font-weight: 400;\">&#8211;\u00a0\u00a0\u00a0\u00a0\u00a0\u00a0\u00a0\u00a0\u00a0Ti\u00eau chu\u1ea9n ch\u1ed1ng th\u1ea5m n\u01b0\u1edbc v\u00e0 b\u1ee5i: IP66 (th\u00edch h\u1ee3p s\u1eed d\u1ee5ng trong nh\u00e0 v\u00e0 ngo\u00e0i tr\u1eddi).<\/p>\n<p style=\"font-weight: 400;\">&#8211;\u00a0\u00a0\u00a0\u00a0\u00a0\u00a0\u00a0\u00a0\u00a0Ngu\u1ed3n \u0111i\u1ec7n cung c\u1ea5p: 12VDC \u00b1 15%.<\/p>\n<p style=\"font-weight: 400;\">&#8211;\u00a0\u00a0\u00a0\u00a0\u00a0\u00a0\u00a0\u00a0\u00a0K\u00edch th\u01b0\u1edbc: 58.5 x 55.5 x 153.6mm.<\/p>\n<p style=\"font-weight: 400;\">&#8211;\u00a0\u00a0\u00a0\u00a0\u00a0\u00a0\u00a0\u00a0\u00a0Tr\u1ecdng l\u01b0\u1ee3ng: 370g.<\/p>\n<p style=\"font-weight: 400;\"><b><strong>\u0110\u1eb7c t\u00ednh k\u1ef9 thu\u1eadt<\/strong><\/b><\/p>\n<table style=\"font-weight: 400;\">\n<tbody>\n<tr>\n<td>Image Sensor<\/td>\n<td>3MP CMOS Image Sensor<\/td>\n<\/tr>\n<tr>\n<td>Signal System<\/td>\n<td>PAL\/NTSC<\/td>\n<\/tr>\n<tr>\n<td>Effective Pixels<\/td>\n<td>2052 (H) x 1536(V)<\/td>\n<\/tr>\n<tr>\n<td>Min. Illumination<\/td>\n<td>0.01Lux @ (F1.2,AGC ON),0 Lux with IR<\/td>\n<\/tr>\n<tr>\n<td>Shutter Time<\/td>\n<td>1\/25(1\/30) s to 1\/50,000 s<\/td>\n<\/tr>\n<tr>\n<td>Lens<\/td>\n<td>2.8mm, 3.6mm, 6mm, optional<\/p>\n<p>Angle of View: 84\u00b0 (2.8mm), 67.8\u00b0 (3.6mm), 44.6\u00b0 (6mm)<\/td>\n<\/tr>\n<tr>\n<td>Lens Mount<\/td>\n<td>M12<\/td>\n<\/tr>\n<tr>\n<td>Day &amp; Night<\/td>\n<td>IR cut filter with auto switch<\/td>\n<\/tr>\n<tr>\n<td>Adjustment Range<\/td>\n<td>Pan: 0 &#8211; 360\u00b0, Tilt: 0 &#8211; 90\u00b0, Rotation: 0 &#8211; 360\u00b0<\/td>\n<\/tr>\n<tr>\n<td>Synchronization<\/td>\n<td>Internal Synchronization<\/td>\n<\/tr>\n<tr>\n<td>HD Video Output<\/td>\n<td>1 Analog HD output<\/td>\n<\/tr>\n<tr>\n<td>S\/N Ratio<\/td>\n<td>More than 62 dB<\/td>\n<\/tr>\n<tr>\n<td>D\/N Mode<\/td>\n<td>Color\/BW\/SMART<\/td>\n<\/tr>\n<tr>\n<td>BLC<\/td>\n<td>On\/Off<\/td>\n<\/tr>\n<tr>\n<td>AGC<\/td>\n<td>Support<\/td>\n<\/tr>\n<tr>\n<td>White Balance<\/td>\n<td>ATW\/ MWB<\/td>\n<\/tr>\n<tr>\n<td>Language<\/td>\n<td>English\/Chinese<\/td>\n<\/tr>\n<tr>\n<td>Function<\/td>\n<td>Wide Dynamic Range, Digital noise reduction, Mirror, SMART IR<\/td>\n<\/tr>\n<tr>\n<td>Power Supply<\/td>\n<td>12VDC\u00b115%<\/td>\n<\/tr>\n<tr>\n<td>Power Consumption<\/td>\n<td>Max. 5W<\/td>\n<\/tr>\n<tr>\n<td>Weather Proof<\/td>\n<td>IP66<\/td>\n<\/tr>\n<tr>\n<td>Heater<\/td>\n<td>Support<\/td>\n<\/tr>\n<tr>\n<td>IR Range<\/td>\n<td>Up to 20m<\/td>\n<\/tr>\n<tr>\n<td>Communication<\/td>\n<td>Up the coax. Protocol: HIKVISION-C (TVI output)<\/td>\n<\/tr>\n<tr>\n<td>Dimension<\/td>\n<td>58.5 x 55.5 x 153.6mm<\/td>\n<\/tr>\n<tr>\n<td>Weight<\/td>\n<td>370g<\/td>\n<\/tr>\n<\/tbody>\n<\/table>","protected":false},"excerpt":{"rendered":"<p>Camera HD-TVI h\u00f4\u0300ng ngoa\u0323i 20m ngo\u00e0i tr\u1eddi 3MP (-IT) \/ trong nh\u00e0 (-ITP)<br \/>\n+ C\u1ea3m bi\u1ebfn CMOS 3Mp,<br \/>\n+ \u0110\u1ed9 ph\u00e2n gi\u1ea3i 3MP, H\u1ed3ng ngo\u1ea1i EXIR 20m, C\u1eaft l\u1ecdc h\u1ed3ng ngo\u1ea1i, \u1ed0ng k\u00ednh 3.6mm (\u0110\u1eb7t h\u00e0ng 2.8\/6mm)<br \/>\n+ \u0110\u1ed9 nh\u1ea1y s\u00e1ng: 0.01 Lux@(F1.2, AGC ON), 0lux IR ON, Menu OSD (c\u00e0i \u0111\u1eb7t th\u00f4ng s\u1ed1 camera) \u0111i\u1ec1u khi\u1ec3n t\u1eeb xa, Gi\u1ea3m nhi\u1ec5u s\u1ed1 DNR, H\u1ed3ng ngo\u1ea1i th\u00f4ng minh (Smart IR)<br \/>\n+ Ti\u00eau chu\u00e2\u0309n ngo\u00e0i tr\u1eddi IP66 (-IT).<br \/>\n+ Ngu\u1ed3n v\u00e0o 12VDC.<\/p>","protected":false},"featured_media":3653,"comment_status":"open","ping_status":"closed","template":"","meta":{"_acf_changed":false},"product_cat":[377,378],"product_tag":[],"class_list":{"0":"post-3652","1":"product","2":"type-product","3":"status-publish","4":"has-post-thumbnail","6":"product_cat-camera","7":"product_cat-hikvision","9":"first","10":"instock","11":"shipping-taxable","12":"purchasable","13":"product-type-simple"},"acf":[],"yoast_head":"<!-- This site is optimized with the Yoast SEO plugin v23.8 - https:\/\/yoast.com\/wordpress\/plugins\/seo\/ -->\n<title>Hikvision DS-2CE16F1T-IT - ThanhPhat PC<\/title>\n<meta name=\"robots\" content=\"index, follow, max-snippet:-1, max-image-preview:large, max-video-preview:-1\" \/>\n<link rel=\"canonical\" href=\"https:\/\/thanhphatpc.com\/en\/hikvision-ds-2ce16f1t-it\/\" \/>\n<meta property=\"og:locale\" content=\"en_US\" \/>\n<meta property=\"og:type\" content=\"article\" \/>\n<meta property=\"og:title\" content=\"Hikvision DS-2CE16F1T-IT - ThanhPhat PC\" \/>\n<meta property=\"og:description\" content=\"Camera HD-TVI h\u00f4\u0300ng ngoa\u0323i 20m ngo\u00e0i tr\u1eddi 3MP (-IT) \/ trong nh\u00e0 (-ITP) + C\u1ea3m bi\u1ebfn CMOS 3Mp, + \u0110\u1ed9 ph\u00e2n gi\u1ea3i 3MP, H\u1ed3ng ngo\u1ea1i EXIR 20m, C\u1eaft l\u1ecdc h\u1ed3ng ngo\u1ea1i, \u1ed0ng k\u00ednh 3.6mm (\u0110\u1eb7t h\u00e0ng 2.8\/6mm) + \u0110\u1ed9 nh\u1ea1y s\u00e1ng: 0.01 Lux@(F1.2, AGC ON), 0lux IR ON, Menu OSD (c\u00e0i \u0111\u1eb7t th\u00f4ng s\u1ed1 camera) \u0111i\u1ec1u khi\u1ec3n t\u1eeb xa, Gi\u1ea3m nhi\u1ec5u s\u1ed1 DNR, H\u1ed3ng ngo\u1ea1i th\u00f4ng minh (Smart IR) + Ti\u00eau chu\u00e2\u0309n ngo\u00e0i tr\u1eddi IP66 (-IT). + Ngu\u1ed3n v\u00e0o 12VDC.\" \/>\n<meta property=\"og:url\" content=\"https:\/\/thanhphatpc.com\/en\/hikvision-ds-2ce16f1t-it\/\" \/>\n<meta property=\"og:site_name\" content=\"ThanhPhat PC\" \/>\n<meta property=\"article:modified_time\" content=\"2019-10-08T07:55:26+00:00\" \/>\n<meta property=\"og:image\" content=\"https:\/\/thanhphatpc.com\/wp-content\/uploads\/2019\/10\/p_17790_HIKVISION-DS-2CE16F1T-IT.jpg\" \/>\n\t<meta property=\"og:image:width\" content=\"550\" \/>\n\t<meta property=\"og:image:height\" content=\"400\" \/>\n\t<meta property=\"og:image:type\" content=\"image\/jpeg\" \/>\n<meta name=\"twitter:card\" content=\"summary_large_image\" \/>\n<meta name=\"twitter:label1\" content=\"Est. reading time\" \/>\n\t<meta name=\"twitter:data1\" content=\"2 minutes\" \/>\n<script type=\"application\/ld+json\" class=\"yoast-schema-graph\">{\"@context\":\"https:\/\/schema.org\",\"@graph\":[{\"@type\":\"WebPage\",\"@id\":\"https:\/\/thanhphatpc.com\/hikvision-ds-2ce16f1t-it\/\",\"url\":\"https:\/\/thanhphatpc.com\/hikvision-ds-2ce16f1t-it\/\",\"name\":\"Hikvision DS-2CE16F1T-IT - ThanhPhat PC\",\"isPartOf\":{\"@id\":\"https:\/\/thanhphatpc.com\/#website\"},\"primaryImageOfPage\":{\"@id\":\"https:\/\/thanhphatpc.com\/hikvision-ds-2ce16f1t-it\/#primaryimage\"},\"image\":{\"@id\":\"https:\/\/thanhphatpc.com\/hikvision-ds-2ce16f1t-it\/#primaryimage\"},\"thumbnailUrl\":\"https:\/\/thanhphatpc.com\/wp-content\/uploads\/2019\/10\/p_17790_HIKVISION-DS-2CE16F1T-IT.jpg\",\"datePublished\":\"2019-10-08T07:54:38+00:00\",\"dateModified\":\"2019-10-08T07:55:26+00:00\",\"breadcrumb\":{\"@id\":\"https:\/\/thanhphatpc.com\/hikvision-ds-2ce16f1t-it\/#breadcrumb\"},\"inLanguage\":\"en-US\",\"potentialAction\":[{\"@type\":\"ReadAction\",\"target\":[\"https:\/\/thanhphatpc.com\/hikvision-ds-2ce16f1t-it\/\"]}]},{\"@type\":\"ImageObject\",\"inLanguage\":\"en-US\",\"@id\":\"https:\/\/thanhphatpc.com\/hikvision-ds-2ce16f1t-it\/#primaryimage\",\"url\":\"https:\/\/thanhphatpc.com\/wp-content\/uploads\/2019\/10\/p_17790_HIKVISION-DS-2CE16F1T-IT.jpg\",\"contentUrl\":\"https:\/\/thanhphatpc.com\/wp-content\/uploads\/2019\/10\/p_17790_HIKVISION-DS-2CE16F1T-IT.jpg\",\"width\":550,\"height\":400},{\"@type\":\"BreadcrumbList\",\"@id\":\"https:\/\/thanhphatpc.com\/hikvision-ds-2ce16f1t-it\/#breadcrumb\",\"itemListElement\":[{\"@type\":\"ListItem\",\"position\":1,\"name\":\"Trang ch\u1ee7\",\"item\":\"https:\/\/thanhphatpc.com\/\"},{\"@type\":\"ListItem\",\"position\":2,\"name\":\"C\u1eeda h\u00e0ng\",\"item\":\"https:\/\/thanhphatpc.com\/cua-hang\/\"},{\"@type\":\"ListItem\",\"position\":3,\"name\":\"Hikvision DS-2CE16F1T-IT\"}]},{\"@type\":\"WebSite\",\"@id\":\"https:\/\/thanhphatpc.com\/#website\",\"url\":\"https:\/\/thanhphatpc.com\/\",\"name\":\"ThanhPhat PC\",\"description\":\"D\u1ecbch v\u1ee5 ho\u00e0n h\u1ea3o\",\"potentialAction\":[{\"@type\":\"SearchAction\",\"target\":{\"@type\":\"EntryPoint\",\"urlTemplate\":\"https:\/\/thanhphatpc.com\/?s={search_term_string}\"},\"query-input\":{\"@type\":\"PropertyValueSpecification\",\"valueRequired\":true,\"valueName\":\"search_term_string\"}}],\"inLanguage\":\"en-US\"}]}<\/script>\n<!-- \/ Yoast SEO plugin. -->","yoast_head_json":{"title":"Hikvision DS-2CE16F1T-IT - ThanhPhat PC","robots":{"index":"index","follow":"follow","max-snippet":"max-snippet:-1","max-image-preview":"max-image-preview:large","max-video-preview":"max-video-preview:-1"},"canonical":"https:\/\/thanhphatpc.com\/en\/hikvision-ds-2ce16f1t-it\/","og_locale":"en_US","og_type":"article","og_title":"Hikvision DS-2CE16F1T-IT - ThanhPhat PC","og_description":"Camera HD-TVI h\u00f4\u0300ng ngoa\u0323i 20m ngo\u00e0i tr\u1eddi 3MP (-IT) \/ trong nh\u00e0 (-ITP) + C\u1ea3m bi\u1ebfn CMOS 3Mp, + \u0110\u1ed9 ph\u00e2n gi\u1ea3i 3MP, H\u1ed3ng ngo\u1ea1i EXIR 20m, C\u1eaft l\u1ecdc h\u1ed3ng ngo\u1ea1i, \u1ed0ng k\u00ednh 3.6mm (\u0110\u1eb7t h\u00e0ng 2.8\/6mm) + \u0110\u1ed9 nh\u1ea1y s\u00e1ng: 0.01 Lux@(F1.2, AGC ON), 0lux IR ON, Menu OSD (c\u00e0i \u0111\u1eb7t th\u00f4ng s\u1ed1 camera) \u0111i\u1ec1u khi\u1ec3n t\u1eeb xa, Gi\u1ea3m nhi\u1ec5u s\u1ed1 DNR, H\u1ed3ng ngo\u1ea1i th\u00f4ng minh (Smart IR) + Ti\u00eau chu\u00e2\u0309n ngo\u00e0i tr\u1eddi IP66 (-IT). + Ngu\u1ed3n v\u00e0o 12VDC.","og_url":"https:\/\/thanhphatpc.com\/en\/hikvision-ds-2ce16f1t-it\/","og_site_name":"ThanhPhat PC","article_modified_time":"2019-10-08T07:55:26+00:00","og_image":[{"width":550,"height":400,"url":"https:\/\/thanhphatpc.com\/wp-content\/uploads\/2019\/10\/p_17790_HIKVISION-DS-2CE16F1T-IT.jpg","type":"image\/jpeg"}],"twitter_card":"summary_large_image","twitter_misc":{"Est. reading time":"2 minutes"},"schema":{"@context":"https:\/\/schema.org","@graph":[{"@type":"WebPage","@id":"https:\/\/thanhphatpc.com\/hikvision-ds-2ce16f1t-it\/","url":"https:\/\/thanhphatpc.com\/hikvision-ds-2ce16f1t-it\/","name":"Hikvision DS-2CE16F1T-IT - ThanhPhat PC","isPartOf":{"@id":"https:\/\/thanhphatpc.com\/#website"},"primaryImageOfPage":{"@id":"https:\/\/thanhphatpc.com\/hikvision-ds-2ce16f1t-it\/#primaryimage"},"image":{"@id":"https:\/\/thanhphatpc.com\/hikvision-ds-2ce16f1t-it\/#primaryimage"},"thumbnailUrl":"https:\/\/thanhphatpc.com\/wp-content\/uploads\/2019\/10\/p_17790_HIKVISION-DS-2CE16F1T-IT.jpg","datePublished":"2019-10-08T07:54:38+00:00","dateModified":"2019-10-08T07:55:26+00:00","breadcrumb":{"@id":"https:\/\/thanhphatpc.com\/hikvision-ds-2ce16f1t-it\/#breadcrumb"},"inLanguage":"en-US","potentialAction":[{"@type":"ReadAction","target":["https:\/\/thanhphatpc.com\/hikvision-ds-2ce16f1t-it\/"]}]},{"@type":"ImageObject","inLanguage":"en-US","@id":"https:\/\/thanhphatpc.com\/hikvision-ds-2ce16f1t-it\/#primaryimage","url":"https:\/\/thanhphatpc.com\/wp-content\/uploads\/2019\/10\/p_17790_HIKVISION-DS-2CE16F1T-IT.jpg","contentUrl":"https:\/\/thanhphatpc.com\/wp-content\/uploads\/2019\/10\/p_17790_HIKVISION-DS-2CE16F1T-IT.jpg","width":550,"height":400},{"@type":"BreadcrumbList","@id":"https:\/\/thanhphatpc.com\/hikvision-ds-2ce16f1t-it\/#breadcrumb","itemListElement":[{"@type":"ListItem","position":1,"name":"Trang ch\u1ee7","item":"https:\/\/thanhphatpc.com\/"},{"@type":"ListItem","position":2,"name":"C\u1eeda h\u00e0ng","item":"https:\/\/thanhphatpc.com\/cua-hang\/"},{"@type":"ListItem","position":3,"name":"Hikvision DS-2CE16F1T-IT"}]},{"@type":"WebSite","@id":"https:\/\/thanhphatpc.com\/#website","url":"https:\/\/thanhphatpc.com\/","name":"ThanhPhat PC","description":"D\u1ecbch v\u1ee5 ho\u00e0n h\u1ea3o","potentialAction":[{"@type":"SearchAction","target":{"@type":"EntryPoint","urlTemplate":"https:\/\/thanhphatpc.com\/?s={search_term_string}"},"query-input":{"@type":"PropertyValueSpecification","valueRequired":true,"valueName":"search_term_string"}}],"inLanguage":"en-US"}]}},"_links":{"self":[{"href":"https:\/\/thanhphatpc.com\/en\/wp-json\/wp\/v2\/product\/3652","targetHints":{"allow":["GET"]}}],"collection":[{"href":"https:\/\/thanhphatpc.com\/en\/wp-json\/wp\/v2\/product"}],"about":[{"href":"https:\/\/thanhphatpc.com\/en\/wp-json\/wp\/v2\/types\/product"}],"replies":[{"embeddable":true,"href":"https:\/\/thanhphatpc.com\/en\/wp-json\/wp\/v2\/comments?post=3652"}],"wp:featuredmedia":[{"embeddable":true,"href":"https:\/\/thanhphatpc.com\/en\/wp-json\/wp\/v2\/media\/3653"}],"wp:attachment":[{"href":"https:\/\/thanhphatpc.com\/en\/wp-json\/wp\/v2\/media?parent=3652"}],"wp:term":[{"taxonomy":"product_cat","embeddable":true,"href":"https:\/\/thanhphatpc.com\/en\/wp-json\/wp\/v2\/product_cat?post=3652"},{"taxonomy":"product_tag","embeddable":true,"href":"https:\/\/thanhphatpc.com\/en\/wp-json\/wp\/v2\/product_tag?post=3652"}],"curies":[{"name":"wp","href":"https:\/\/api.w.org\/{rel}","templated":true}]}}