{"id":3736,"date":"2020-03-12T18:24:53","date_gmt":"2020-03-12T11:24:53","guid":{"rendered":"https:\/\/thanhphatpc.com\/?post_type=product&#038;p=3736"},"modified":"2021-08-14T14:24:10","modified_gmt":"2021-08-14T07:24:10","slug":"bo-kit-camera-7-mat-hikvision-2-0","status":"publish","type":"product","link":"https:\/\/thanhphatpc.com\/en\/bo-kit-camera-7-mat-hikvision-2-0\/","title":{"rendered":"B\u1ed8 KIT CAMERA 7 M\u1eaeT HIKVISION 2.0"},"content":{"rendered":"<p><strong>I. 4 Camera dome DS-2CE56D0T-IR 2.0 &amp; 3 camera th\u00e2n DS-2CE16D0T-IR 2.0<\/strong><\/p>\n<p>\u2022 C\u1ea3m bi\u1ebfn High-Performance CMOS 2MP<br \/>\n\u2022 \u0110\u1ed9 ph\u00e2n gi\u1ea3i 1280\u00d7720@25fps<br \/>\n\u2022 \u1ed0ng k\u00ednh c\u1ed1 \u0111\u1ecbnh 3.6mm (\u0111\u1eb7t h\u00e0ng 2.8\/6mm)<br \/>\n\u2022 \u0110\u1ed9 nh\u1ea1y s\u00e1ng 0.1Lux@F1.2<br \/>\n\u2022 H\u1ed3ng ngo\u1ea1i 20m<br \/>\n\u2022 DNR<br \/>\n\u2022 Ngu\u1ed3n 12VDC<br \/>\n\u2022 IP66, \u03a670\u00d7149.5mm, 300g<\/p>\n<p><strong>II. \u0110\u1ea7u ghi h\u00ecnh 8 k\u00eanh DS-7108HQHI-K1<\/strong><\/p>\n<p>\u2022 T\u1ed1i \u0111a 8 k\u00eanh Analog + 4 k\u00eanh IP 6MP<br \/>\n\u2022 Ghi h\u00ecnh 3MP\/1080P@15fps, 720P@25fps<br \/>\n\u2022 H.265 Pro+\/H.265 Pro\/H.265\/H.264+\/H.264<br \/>\n\u2022 C\u1ed5ng xu\u1ea5t h\u00ecnh \u1ea3nh HDMI &amp; VGA 1080P \u0111\u1ed3ng th\u1eddi<br \/>\n\u2022 H\u1ed7 tr\u1ee3 1 \u1ed5 c\u1ee9ng (t\u1ed1i \u0111a 6TB\/\u1ed5)<br \/>\n\u2022 1 c\u1ed5ng m\u1ea1ng 10\/100M<br \/>\n\u2022 Audio (in\/out): 1\/1<br \/>\n\u2022 Ngu\u1ed3n 12VDC<br \/>\n\u2022 200x200x45mm, 1kg<\/p>\n<p><strong>III. \u1ed4 c\u1ee9ng l\u01b0u tr\u1eef 2TB (th\u1eddi gian l\u01b0u tr\u1eef h\u00ecnh \u1ea3nh: 11 ng\u00e0y)<\/strong><\/p>\n<p><strong>IV. Ngu\u1ed3n camera : 7<\/strong><\/p>\n<ul>\n<li>Ngu\u1ed3n: 12V \u2013 2A<\/li>\n<\/ul>\n<p><strong>V. D\u00e2y t\u00edn hi\u1ec7u CCTV: 125m &amp; Jack BNC<\/strong><\/p>","protected":false},"excerpt":{"rendered":"<p>B\u1ed9 Kit 7 camera 2MP<br \/>\n&#8211; 3 camera th\u00e2n DS-2CE16D0T-IR<br \/>\n&#8211; 4 camera dome DS-2CE56D0T-IR<br \/>\n&#8211; \u0110\u1ea7u ghi h\u00ecnh 8 k\u00eanh DS-7108HQHI-K1<br \/>\n&#8211; 1 \u1ed4 c\u1ee9ng l\u01b0u tr\u1eef 2TB<br \/>\n&#8211; Ngu\u1ed3n: 7; D\u00e2y t\u00edn hi\u1ec7u: 175m; Jack BNC<br \/>\n&#8211; B\u1ea3o h\u00e0nh: 2 n\u0103m<\/p>","protected":false},"featured_media":3726,"comment_status":"open","ping_status":"closed","template":"","meta":{"_acf_changed":false},"product_cat":[378],"product_tag":[],"class_list":{"0":"post-3736","1":"product","2":"type-product","3":"status-publish","4":"has-post-thumbnail","6":"product_cat-hikvision","8":"first","9":"instock","10":"sale","11":"shipping-taxable","12":"purchasable","13":"product-type-simple"},"acf":[],"yoast_head":"<!-- This site is optimized with the Yoast SEO plugin v23.8 - https:\/\/yoast.com\/wordpress\/plugins\/seo\/ -->\n<title>B\u1ed8 KIT CAMERA 7 M\u1eaeT HIKVISION 2.0 - ThanhPhat PC<\/title>\n<meta name=\"robots\" content=\"index, follow, max-snippet:-1, max-image-preview:large, max-video-preview:-1\" \/>\n<link rel=\"canonical\" href=\"https:\/\/thanhphatpc.com\/en\/bo-kit-camera-7-mat-hikvision-2-0\/\" \/>\n<meta property=\"og:locale\" content=\"en_US\" \/>\n<meta property=\"og:type\" content=\"article\" \/>\n<meta property=\"og:title\" content=\"B\u1ed8 KIT CAMERA 7 M\u1eaeT HIKVISION 2.0 - ThanhPhat PC\" \/>\n<meta property=\"og:description\" content=\"B\u1ed9 Kit 7 camera 2MP - 3 camera th\u00e2n DS-2CE16D0T-IR - 4 camera dome DS-2CE56D0T-IR - \u0110\u1ea7u ghi h\u00ecnh 8 k\u00eanh DS-7108HQHI-K1 - 1 \u1ed4 c\u1ee9ng l\u01b0u tr\u1eef 2TB - Ngu\u1ed3n: 7; D\u00e2y t\u00edn hi\u1ec7u: 175m; Jack BNC - B\u1ea3o h\u00e0nh: 2 n\u0103m\" \/>\n<meta property=\"og:url\" content=\"https:\/\/thanhphatpc.com\/en\/bo-kit-camera-7-mat-hikvision-2-0\/\" \/>\n<meta property=\"og:site_name\" content=\"ThanhPhat PC\" \/>\n<meta property=\"article:modified_time\" content=\"2021-08-14T07:24:10+00:00\" \/>\n<meta property=\"og:image\" content=\"https:\/\/thanhphatpc.com\/wp-content\/uploads\/2020\/03\/kit-7-m\u1eaft-hik-1.0.jpg\" \/>\n\t<meta property=\"og:image:width\" content=\"280\" \/>\n\t<meta property=\"og:image:height\" content=\"280\" \/>\n\t<meta property=\"og:image:type\" content=\"image\/png\" \/>\n<meta name=\"twitter:card\" content=\"summary_large_image\" \/>\n<meta name=\"twitter:label1\" content=\"Est. reading time\" \/>\n\t<meta name=\"twitter:data1\" content=\"1 minute\" \/>\n<script type=\"application\/ld+json\" class=\"yoast-schema-graph\">{\"@context\":\"https:\/\/schema.org\",\"@graph\":[{\"@type\":\"WebPage\",\"@id\":\"https:\/\/thanhphatpc.com\/bo-kit-camera-7-mat-hikvision-2-0\/\",\"url\":\"https:\/\/thanhphatpc.com\/bo-kit-camera-7-mat-hikvision-2-0\/\",\"name\":\"B\u1ed8 KIT CAMERA 7 M\u1eaeT HIKVISION 2.0 - ThanhPhat PC\",\"isPartOf\":{\"@id\":\"https:\/\/thanhphatpc.com\/#website\"},\"primaryImageOfPage\":{\"@id\":\"https:\/\/thanhphatpc.com\/bo-kit-camera-7-mat-hikvision-2-0\/#primaryimage\"},\"image\":{\"@id\":\"https:\/\/thanhphatpc.com\/bo-kit-camera-7-mat-hikvision-2-0\/#primaryimage\"},\"thumbnailUrl\":\"https:\/\/thanhphatpc.com\/wp-content\/uploads\/2020\/03\/kit-7-m\u1eaft-hik-1.0.jpg\",\"datePublished\":\"2020-03-12T11:24:53+00:00\",\"dateModified\":\"2021-08-14T07:24:10+00:00\",\"breadcrumb\":{\"@id\":\"https:\/\/thanhphatpc.com\/bo-kit-camera-7-mat-hikvision-2-0\/#breadcrumb\"},\"inLanguage\":\"en-US\",\"potentialAction\":[{\"@type\":\"ReadAction\",\"target\":[\"https:\/\/thanhphatpc.com\/bo-kit-camera-7-mat-hikvision-2-0\/\"]}]},{\"@type\":\"ImageObject\",\"inLanguage\":\"en-US\",\"@id\":\"https:\/\/thanhphatpc.com\/bo-kit-camera-7-mat-hikvision-2-0\/#primaryimage\",\"url\":\"https:\/\/thanhphatpc.com\/wp-content\/uploads\/2020\/03\/kit-7-m\u1eaft-hik-1.0.jpg\",\"contentUrl\":\"https:\/\/thanhphatpc.com\/wp-content\/uploads\/2020\/03\/kit-7-m\u1eaft-hik-1.0.jpg\",\"width\":280,\"height\":280},{\"@type\":\"BreadcrumbList\",\"@id\":\"https:\/\/thanhphatpc.com\/bo-kit-camera-7-mat-hikvision-2-0\/#breadcrumb\",\"itemListElement\":[{\"@type\":\"ListItem\",\"position\":1,\"name\":\"Trang ch\u1ee7\",\"item\":\"https:\/\/thanhphatpc.com\/\"},{\"@type\":\"ListItem\",\"position\":2,\"name\":\"C\u1eeda h\u00e0ng\",\"item\":\"https:\/\/thanhphatpc.com\/cua-hang\/\"},{\"@type\":\"ListItem\",\"position\":3,\"name\":\"B\u1ed8 KIT CAMERA 7 M\u1eaeT HIKVISION 2.0\"}]},{\"@type\":\"WebSite\",\"@id\":\"https:\/\/thanhphatpc.com\/#website\",\"url\":\"https:\/\/thanhphatpc.com\/\",\"name\":\"ThanhPhat PC\",\"description\":\"D\u1ecbch v\u1ee5 ho\u00e0n h\u1ea3o\",\"potentialAction\":[{\"@type\":\"SearchAction\",\"target\":{\"@type\":\"EntryPoint\",\"urlTemplate\":\"https:\/\/thanhphatpc.com\/?s={search_term_string}\"},\"query-input\":{\"@type\":\"PropertyValueSpecification\",\"valueRequired\":true,\"valueName\":\"search_term_string\"}}],\"inLanguage\":\"en-US\"}]}<\/script>\n<!-- \/ Yoast SEO plugin. -->","yoast_head_json":{"title":"B\u1ed8 KIT CAMERA 7 M\u1eaeT HIKVISION 2.0 - ThanhPhat PC","robots":{"index":"index","follow":"follow","max-snippet":"max-snippet:-1","max-image-preview":"max-image-preview:large","max-video-preview":"max-video-preview:-1"},"canonical":"https:\/\/thanhphatpc.com\/en\/bo-kit-camera-7-mat-hikvision-2-0\/","og_locale":"en_US","og_type":"article","og_title":"B\u1ed8 KIT CAMERA 7 M\u1eaeT HIKVISION 2.0 - ThanhPhat PC","og_description":"B\u1ed9 Kit 7 camera 2MP - 3 camera th\u00e2n DS-2CE16D0T-IR - 4 camera dome DS-2CE56D0T-IR - \u0110\u1ea7u ghi h\u00ecnh 8 k\u00eanh DS-7108HQHI-K1 - 1 \u1ed4 c\u1ee9ng l\u01b0u tr\u1eef 2TB - Ngu\u1ed3n: 7; D\u00e2y t\u00edn hi\u1ec7u: 175m; Jack BNC - B\u1ea3o h\u00e0nh: 2 n\u0103m","og_url":"https:\/\/thanhphatpc.com\/en\/bo-kit-camera-7-mat-hikvision-2-0\/","og_site_name":"ThanhPhat PC","article_modified_time":"2021-08-14T07:24:10+00:00","og_image":[{"width":280,"height":280,"url":"https:\/\/thanhphatpc.com\/wp-content\/uploads\/2020\/03\/kit-7-m\u1eaft-hik-1.0.jpg","type":"image\/png"}],"twitter_card":"summary_large_image","twitter_misc":{"Est. reading time":"1 minute"},"schema":{"@context":"https:\/\/schema.org","@graph":[{"@type":"WebPage","@id":"https:\/\/thanhphatpc.com\/bo-kit-camera-7-mat-hikvision-2-0\/","url":"https:\/\/thanhphatpc.com\/bo-kit-camera-7-mat-hikvision-2-0\/","name":"B\u1ed8 KIT CAMERA 7 M\u1eaeT HIKVISION 2.0 - ThanhPhat PC","isPartOf":{"@id":"https:\/\/thanhphatpc.com\/#website"},"primaryImageOfPage":{"@id":"https:\/\/thanhphatpc.com\/bo-kit-camera-7-mat-hikvision-2-0\/#primaryimage"},"image":{"@id":"https:\/\/thanhphatpc.com\/bo-kit-camera-7-mat-hikvision-2-0\/#primaryimage"},"thumbnailUrl":"https:\/\/thanhphatpc.com\/wp-content\/uploads\/2020\/03\/kit-7-m\u1eaft-hik-1.0.jpg","datePublished":"2020-03-12T11:24:53+00:00","dateModified":"2021-08-14T07:24:10+00:00","breadcrumb":{"@id":"https:\/\/thanhphatpc.com\/bo-kit-camera-7-mat-hikvision-2-0\/#breadcrumb"},"inLanguage":"en-US","potentialAction":[{"@type":"ReadAction","target":["https:\/\/thanhphatpc.com\/bo-kit-camera-7-mat-hikvision-2-0\/"]}]},{"@type":"ImageObject","inLanguage":"en-US","@id":"https:\/\/thanhphatpc.com\/bo-kit-camera-7-mat-hikvision-2-0\/#primaryimage","url":"https:\/\/thanhphatpc.com\/wp-content\/uploads\/2020\/03\/kit-7-m\u1eaft-hik-1.0.jpg","contentUrl":"https:\/\/thanhphatpc.com\/wp-content\/uploads\/2020\/03\/kit-7-m\u1eaft-hik-1.0.jpg","width":280,"height":280},{"@type":"BreadcrumbList","@id":"https:\/\/thanhphatpc.com\/bo-kit-camera-7-mat-hikvision-2-0\/#breadcrumb","itemListElement":[{"@type":"ListItem","position":1,"name":"Trang ch\u1ee7","item":"https:\/\/thanhphatpc.com\/"},{"@type":"ListItem","position":2,"name":"C\u1eeda h\u00e0ng","item":"https:\/\/thanhphatpc.com\/cua-hang\/"},{"@type":"ListItem","position":3,"name":"B\u1ed8 KIT CAMERA 7 M\u1eaeT HIKVISION 2.0"}]},{"@type":"WebSite","@id":"https:\/\/thanhphatpc.com\/#website","url":"https:\/\/thanhphatpc.com\/","name":"ThanhPhat PC","description":"D\u1ecbch v\u1ee5 ho\u00e0n h\u1ea3o","potentialAction":[{"@type":"SearchAction","target":{"@type":"EntryPoint","urlTemplate":"https:\/\/thanhphatpc.com\/?s={search_term_string}"},"query-input":{"@type":"PropertyValueSpecification","valueRequired":true,"valueName":"search_term_string"}}],"inLanguage":"en-US"}]}},"_links":{"self":[{"href":"https:\/\/thanhphatpc.com\/en\/wp-json\/wp\/v2\/product\/3736","targetHints":{"allow":["GET"]}}],"collection":[{"href":"https:\/\/thanhphatpc.com\/en\/wp-json\/wp\/v2\/product"}],"about":[{"href":"https:\/\/thanhphatpc.com\/en\/wp-json\/wp\/v2\/types\/product"}],"replies":[{"embeddable":true,"href":"https:\/\/thanhphatpc.com\/en\/wp-json\/wp\/v2\/comments?post=3736"}],"wp:featuredmedia":[{"embeddable":true,"href":"https:\/\/thanhphatpc.com\/en\/wp-json\/wp\/v2\/media\/3726"}],"wp:attachment":[{"href":"https:\/\/thanhphatpc.com\/en\/wp-json\/wp\/v2\/media?parent=3736"}],"wp:term":[{"taxonomy":"product_cat","embeddable":true,"href":"https:\/\/thanhphatpc.com\/en\/wp-json\/wp\/v2\/product_cat?post=3736"},{"taxonomy":"product_tag","embeddable":true,"href":"https:\/\/thanhphatpc.com\/en\/wp-json\/wp\/v2\/product_tag?post=3736"}],"curies":[{"name":"wp","href":"https:\/\/api.w.org\/{rel}","templated":true}]}}