{"id":3742,"date":"2020-03-12T19:18:07","date_gmt":"2020-03-12T12:18:07","guid":{"rendered":"https:\/\/thanhphatpc.com\/?post_type=product&#038;p=3742"},"modified":"2021-08-14T14:23:02","modified_gmt":"2021-08-14T07:23:02","slug":"bo-kit-camera-7-mat-dahua-1-0","status":"publish","type":"product","link":"https:\/\/thanhphatpc.com\/en\/bo-kit-camera-7-mat-dahua-1-0\/","title":{"rendered":"B\u1ed8 KIT CAMERA 7 M\u1eaeT DAHUA 1.0"},"content":{"rendered":"<p><strong>I. 3 camera dome DH-HAC-HDW1000MP-S3 1.0 &amp; 4 camera th\u00e2n DH-HAC-HFW1000MP-S3 1.0<\/strong><\/p>\n<p>\u25a0 Camera h\u1ed7 tr\u1ee3 HDCVI\/HDTVI\/AHD\/ANALOG<br \/>\n\u25a0 \u0110\u1ed9 ph\u00e2n gi\u1ea3i 1Megapixel c\u1ea3m bi\u1ebfn CMOS 1\/3\u2033 , 25\/30fps@720P<br \/>\n\u25a0 \u0110\u1ed9 nh\u1ea1y s\u00e1ng t\u1ed1i thi\u1ec3u 0.05Lux@F2,0(0Lux IR LED on), ch\u1ebf \u0111\u1ed9 ng\u00e0y \u0111\u00eam(ICR), t\u1ef1 \u0111\u1ed9ng c\u00e2n b\u1eb1ng tr\u1eafng (AWB), t\u1ef1 \u0111\u1ed9ng b\u00f9 t\u00edn hi\u1ec7u \u1ea3nh (AGC), b\u00f9 s\u00e1ng(BLC), ch\u1ed1ng nhi\u1ec5u (3D-DNR), t\u1ea7m xa h\u1ed3ng ngo\u1ea1i 30m v\u1edbi c\u00f4ng ngh\u1ec7 h\u1ed3ng ngo\u1ea1i th\u00f4ng minh<br \/>\n\u25a0 \u1ed0ng k\u00ednh c\u1ed1 \u0111\u1ecbnh 2,8 mm , chu\u1ea9n ng\u00e2m n\u01b0\u1edbc IP67 cho c\u1ea3 hai m\u00e3, \u0111i\u1ec7n \u00e1p DC12V, c\u00f4ng su\u1ea5t 3.5W.<br \/>\n\u25a0 Ch\u1ea5t li\u1ec7u v\u1ecf kim lo\u1ea1i, m\u00f4i tr\u01b0\u1eddng l\u00e0m vi\u1ec7c t\u1eeb -30\u00b0C~+60\u00b0C, kho\u1ea3ng c\u00e1ch truy\u1ec1n t\u1ea3i tr\u00ean c\u00e1p \u0111\u1ed3ng tr\u1ee5c l\u00ean \u0111\u1ebfn 800m v\u1edbi c\u00e1p 75-3 \u00f4m k\u00edch th\u01b0\u1edbc \u03a670mm\u00d7165mm 0.35KG \u0111\u1ed1i v\u1edbi m\u00e3 th\u00e2n v\u00e0 \u03a693.4mm\u00d779.7mm 0.35KG \u0111\u1ed1i v\u1edbi m\u00e3 dome<\/p>\n<p><strong>II. \u0110\u1ea7u ghi h\u00ecnh 8 k\u00eanh DH-XVR1A08<\/strong><\/p>\n<p>\u0110\u1ea7u ghi h\u00ecnh 8 k\u00eanh, h\u1ed7 tr\u1ee3 camera HDCVI\/Analog\/IP\/TVI\/AHD, chu\u1ea9n n\u00e9n h\u00ecnh \u1ea3nh H.264, \u0111\u1ed9 ph\u00e2n gi\u1ea3i 1080N\/720P\/960H\/D1(1-25fps)<br \/>\n\u25a0 H\u1ed7 tr\u1ee3 ghi h\u00ecnh t\u1ea5t c\u1ea3 c\u00e1c k\u00eanh 1080N, c\u1ed5ng ra t\u00edn hi\u1ec7u video \u0111\u1ed3ng th\u1eddi HDMI\/VGA, h\u1ed7 tr\u1ee3 xem l\u1ea1i 4\/8 k\u00eanh \u0111\u1ed3ng th\u1eddi v\u1edbi ch\u1ebf \u0111\u1ed9 t\u00ecm ki\u1ebfm th\u00f4ng minh<br \/>\n\u25a0 H\u1ed7 tr\u1ee3 k\u1ebft n\u1ed1i nhi\u1ec1u nh\u00e3n hi\u1ec7u camera IP(8+2) h\u1ed7 tr\u1ee3 l\u00ean \u0111\u1ebfn camera 2MP \u0111\u1ea7u 4 k\u00eanh v\u00e0 5MP \u0111\u1ea7u 8, v\u1edbi chu\u1ea9n t\u01b0\u01a1ng t\u00edch Onvif 16.12, h\u1ed7 tr\u1ee3 1 \u1ed5 c\u1ee9ng 6TB, 2 c\u1ed5ng usb 2.0, 1 c\u1ed5ng m\u1ea1ng RJ45(100M), h\u1ed7 tr\u1ee3 \u0111i\u1ec1u ki\u1ec3n quay qu\u00e9t 3D th\u00f4ng minh v\u1edbi giao th\u1ee9c Dahua<br \/>\n\u25a0 H\u1ed7 tr\u1ee3 xem l\u1ea1i v\u00e0 tr\u1ef1c ti\u1ebfp qua m\u1ea1ng m\u00e1y t\u00ednh, thi\u1ebft b\u1ecb di \u0111\u1ed9ng, h\u1ed7 tr\u1ee3 c\u1ea5u h\u00ecnh th\u00f4ng minh qua P2P, H\u1ed7 tr\u1ee3 Camera t\u00edch h\u1ee3p Mic ghi \u00e2m t\u1ea5t c\u1ea3 c\u00e1c k\u00eanh, 1 c\u1ed5ng audio v\u00e0o ra h\u1ed7 tr\u1ee3 \u0111\u00e0m tho\u1ea1i hai chi\u1ec1u, ch\u1ebf \u0111\u1ed9 chia m\u00e0n h\u00ecnh 1\/4 \u0111\u1ed1i v\u1edbi \u0111\u1ea7u 4 c\u1ed5ng v\u00e0 1\/4\/8\/9 \u0111\u1ed1i v\u1edbi \u0111\u1ea7u 8 c\u1ed5ng , qu\u1ea3n l\u00fd \u0111\u1ed3ng th\u1eddi 128 t\u00e0i kho\u1ea3n k\u1ebft n\u1ed1i, \u0111i\u1ec7n \u00e1p DC 12V\/1.5A c\u00f4ng su\u1ea5t kh\u00f4ng \u1ed5 c\u1ee9ng 10W<br \/>\n\u25a0 M\u00f4i tr\u01b0\u1eddng l\u00e0m vi\u1ec7c -10 ~ 55 \u0111\u1ed9 C, k\u00edch th\u01b0\u1edbc 197mm\u00d7192mm\u00d741mm, tr\u1ecdng l\u01b0\u1ee3ng kh\u00f4ng \u1ed5 c\u1ee9ng 1KG. Ch\u1ea5t li\u1ec7u kim lo\u1ea1i<\/p>\n<p><strong>III. \u1ed4 c\u1ee9ng l\u01b0u tr\u1eef 2TB (th\u1eddi gian l\u01b0u tr\u1eef h\u00ecnh \u1ea3nh: 14 ng\u00e0y)<\/strong><\/p>\n<p><strong>IV. Ngu\u1ed3n camera : 7<\/strong><\/p>\n<ul>\n<li>Ngu\u1ed3n: 12V \u2013 2A<\/li>\n<\/ul>\n<p><strong>V. D\u00e2y t\u00edn hi\u1ec7u CCTV: 200m &amp; Jack BNC<\/strong><\/p>","protected":false},"excerpt":{"rendered":"<p>B\u1ed9 Kit 7 camera 1MP<br \/>\n&#8211; 4 camera th\u00e2n DH-HAC-HFW1000MP-S3<br \/>\n&#8211; 3 camera dome DH-HAC-HDW1000MP-S3<br \/>\n&#8211; \u0110\u1ea7u ghi h\u00ecnh 8 k\u00eanh DH-XVR4108C-X<br \/>\n&#8211; 1 \u1ed4 c\u1ee9ng l\u01b0u tr\u1eef 2TB<br \/>\n&#8211; Ngu\u1ed3n: 7; D\u00e2y t\u00edn hi\u1ec7u: 175m; Jack BNC<br \/>\n&#8211; B\u1ea3o h\u00e0nh: 2 n\u0103m<\/p>","protected":false},"featured_media":3743,"comment_status":"open","ping_status":"closed","template":"","meta":{"_acf_changed":false},"product_cat":[379],"product_tag":[],"class_list":{"0":"post-3742","1":"product","2":"type-product","3":"status-publish","4":"has-post-thumbnail","6":"product_cat-dahua","8":"first","9":"instock","10":"sale","11":"shipping-taxable","12":"purchasable","13":"product-type-simple"},"acf":[],"yoast_head":"<!-- This site is optimized with the Yoast SEO plugin v23.8 - https:\/\/yoast.com\/wordpress\/plugins\/seo\/ -->\n<title>B\u1ed8 KIT CAMERA 7 M\u1eaeT DAHUA 1.0 - ThanhPhat PC<\/title>\n<meta name=\"robots\" content=\"index, follow, max-snippet:-1, max-image-preview:large, max-video-preview:-1\" \/>\n<link rel=\"canonical\" href=\"https:\/\/thanhphatpc.com\/en\/bo-kit-camera-7-mat-dahua-1-0\/\" \/>\n<meta property=\"og:locale\" content=\"en_US\" \/>\n<meta property=\"og:type\" content=\"article\" \/>\n<meta property=\"og:title\" content=\"B\u1ed8 KIT CAMERA 7 M\u1eaeT DAHUA 1.0 - ThanhPhat PC\" \/>\n<meta property=\"og:description\" content=\"B\u1ed9 Kit 7 camera 1MP - 4 camera th\u00e2n DH-HAC-HFW1000MP-S3 - 3 camera dome DH-HAC-HDW1000MP-S3 - \u0110\u1ea7u ghi h\u00ecnh 8 k\u00eanh DH-XVR4108C-X - 1 \u1ed4 c\u1ee9ng l\u01b0u tr\u1eef 2TB - Ngu\u1ed3n: 7; D\u00e2y t\u00edn hi\u1ec7u: 175m; Jack BNC - B\u1ea3o h\u00e0nh: 2 n\u0103m\" \/>\n<meta property=\"og:url\" content=\"https:\/\/thanhphatpc.com\/en\/bo-kit-camera-7-mat-dahua-1-0\/\" \/>\n<meta property=\"og:site_name\" content=\"ThanhPhat PC\" \/>\n<meta property=\"article:modified_time\" content=\"2021-08-14T07:23:02+00:00\" \/>\n<meta property=\"og:image\" content=\"https:\/\/thanhphatpc.com\/wp-content\/uploads\/2020\/03\/kit-7-m\u1eaft-dahua-1.0-s\u1eaft.jpg\" \/>\n\t<meta property=\"og:image:width\" content=\"308\" \/>\n\t<meta property=\"og:image:height\" content=\"243\" \/>\n\t<meta property=\"og:image:type\" content=\"image\/jpeg\" \/>\n<meta name=\"twitter:card\" content=\"summary_large_image\" \/>\n<meta name=\"twitter:label1\" content=\"Est. reading time\" \/>\n\t<meta name=\"twitter:data1\" content=\"3 minutes\" \/>\n<script type=\"application\/ld+json\" class=\"yoast-schema-graph\">{\"@context\":\"https:\/\/schema.org\",\"@graph\":[{\"@type\":\"WebPage\",\"@id\":\"https:\/\/thanhphatpc.com\/bo-kit-camera-7-mat-dahua-1-0\/\",\"url\":\"https:\/\/thanhphatpc.com\/bo-kit-camera-7-mat-dahua-1-0\/\",\"name\":\"B\u1ed8 KIT CAMERA 7 M\u1eaeT DAHUA 1.0 - ThanhPhat PC\",\"isPartOf\":{\"@id\":\"https:\/\/thanhphatpc.com\/#website\"},\"primaryImageOfPage\":{\"@id\":\"https:\/\/thanhphatpc.com\/bo-kit-camera-7-mat-dahua-1-0\/#primaryimage\"},\"image\":{\"@id\":\"https:\/\/thanhphatpc.com\/bo-kit-camera-7-mat-dahua-1-0\/#primaryimage\"},\"thumbnailUrl\":\"https:\/\/thanhphatpc.com\/wp-content\/uploads\/2020\/03\/kit-7-m\u1eaft-dahua-1.0-s\u1eaft.jpg\",\"datePublished\":\"2020-03-12T12:18:07+00:00\",\"dateModified\":\"2021-08-14T07:23:02+00:00\",\"breadcrumb\":{\"@id\":\"https:\/\/thanhphatpc.com\/bo-kit-camera-7-mat-dahua-1-0\/#breadcrumb\"},\"inLanguage\":\"en-US\",\"potentialAction\":[{\"@type\":\"ReadAction\",\"target\":[\"https:\/\/thanhphatpc.com\/bo-kit-camera-7-mat-dahua-1-0\/\"]}]},{\"@type\":\"ImageObject\",\"inLanguage\":\"en-US\",\"@id\":\"https:\/\/thanhphatpc.com\/bo-kit-camera-7-mat-dahua-1-0\/#primaryimage\",\"url\":\"https:\/\/thanhphatpc.com\/wp-content\/uploads\/2020\/03\/kit-7-m\u1eaft-dahua-1.0-s\u1eaft.jpg\",\"contentUrl\":\"https:\/\/thanhphatpc.com\/wp-content\/uploads\/2020\/03\/kit-7-m\u1eaft-dahua-1.0-s\u1eaft.jpg\",\"width\":308,\"height\":243},{\"@type\":\"BreadcrumbList\",\"@id\":\"https:\/\/thanhphatpc.com\/bo-kit-camera-7-mat-dahua-1-0\/#breadcrumb\",\"itemListElement\":[{\"@type\":\"ListItem\",\"position\":1,\"name\":\"Trang ch\u1ee7\",\"item\":\"https:\/\/thanhphatpc.com\/\"},{\"@type\":\"ListItem\",\"position\":2,\"name\":\"C\u1eeda h\u00e0ng\",\"item\":\"https:\/\/thanhphatpc.com\/cua-hang\/\"},{\"@type\":\"ListItem\",\"position\":3,\"name\":\"B\u1ed8 KIT CAMERA 7 M\u1eaeT DAHUA 1.0\"}]},{\"@type\":\"WebSite\",\"@id\":\"https:\/\/thanhphatpc.com\/#website\",\"url\":\"https:\/\/thanhphatpc.com\/\",\"name\":\"ThanhPhat PC\",\"description\":\"D\u1ecbch v\u1ee5 ho\u00e0n h\u1ea3o\",\"potentialAction\":[{\"@type\":\"SearchAction\",\"target\":{\"@type\":\"EntryPoint\",\"urlTemplate\":\"https:\/\/thanhphatpc.com\/?s={search_term_string}\"},\"query-input\":{\"@type\":\"PropertyValueSpecification\",\"valueRequired\":true,\"valueName\":\"search_term_string\"}}],\"inLanguage\":\"en-US\"}]}<\/script>\n<!-- \/ Yoast SEO plugin. -->","yoast_head_json":{"title":"B\u1ed8 KIT CAMERA 7 M\u1eaeT DAHUA 1.0 - ThanhPhat PC","robots":{"index":"index","follow":"follow","max-snippet":"max-snippet:-1","max-image-preview":"max-image-preview:large","max-video-preview":"max-video-preview:-1"},"canonical":"https:\/\/thanhphatpc.com\/en\/bo-kit-camera-7-mat-dahua-1-0\/","og_locale":"en_US","og_type":"article","og_title":"B\u1ed8 KIT CAMERA 7 M\u1eaeT DAHUA 1.0 - ThanhPhat PC","og_description":"B\u1ed9 Kit 7 camera 1MP - 4 camera th\u00e2n DH-HAC-HFW1000MP-S3 - 3 camera dome DH-HAC-HDW1000MP-S3 - \u0110\u1ea7u ghi h\u00ecnh 8 k\u00eanh DH-XVR4108C-X - 1 \u1ed4 c\u1ee9ng l\u01b0u tr\u1eef 2TB - Ngu\u1ed3n: 7; D\u00e2y t\u00edn hi\u1ec7u: 175m; Jack BNC - B\u1ea3o h\u00e0nh: 2 n\u0103m","og_url":"https:\/\/thanhphatpc.com\/en\/bo-kit-camera-7-mat-dahua-1-0\/","og_site_name":"ThanhPhat PC","article_modified_time":"2021-08-14T07:23:02+00:00","og_image":[{"width":308,"height":243,"url":"https:\/\/thanhphatpc.com\/wp-content\/uploads\/2020\/03\/kit-7-m\u1eaft-dahua-1.0-s\u1eaft.jpg","type":"image\/jpeg"}],"twitter_card":"summary_large_image","twitter_misc":{"Est. reading time":"3 minutes"},"schema":{"@context":"https:\/\/schema.org","@graph":[{"@type":"WebPage","@id":"https:\/\/thanhphatpc.com\/bo-kit-camera-7-mat-dahua-1-0\/","url":"https:\/\/thanhphatpc.com\/bo-kit-camera-7-mat-dahua-1-0\/","name":"B\u1ed8 KIT CAMERA 7 M\u1eaeT DAHUA 1.0 - ThanhPhat PC","isPartOf":{"@id":"https:\/\/thanhphatpc.com\/#website"},"primaryImageOfPage":{"@id":"https:\/\/thanhphatpc.com\/bo-kit-camera-7-mat-dahua-1-0\/#primaryimage"},"image":{"@id":"https:\/\/thanhphatpc.com\/bo-kit-camera-7-mat-dahua-1-0\/#primaryimage"},"thumbnailUrl":"https:\/\/thanhphatpc.com\/wp-content\/uploads\/2020\/03\/kit-7-m\u1eaft-dahua-1.0-s\u1eaft.jpg","datePublished":"2020-03-12T12:18:07+00:00","dateModified":"2021-08-14T07:23:02+00:00","breadcrumb":{"@id":"https:\/\/thanhphatpc.com\/bo-kit-camera-7-mat-dahua-1-0\/#breadcrumb"},"inLanguage":"en-US","potentialAction":[{"@type":"ReadAction","target":["https:\/\/thanhphatpc.com\/bo-kit-camera-7-mat-dahua-1-0\/"]}]},{"@type":"ImageObject","inLanguage":"en-US","@id":"https:\/\/thanhphatpc.com\/bo-kit-camera-7-mat-dahua-1-0\/#primaryimage","url":"https:\/\/thanhphatpc.com\/wp-content\/uploads\/2020\/03\/kit-7-m\u1eaft-dahua-1.0-s\u1eaft.jpg","contentUrl":"https:\/\/thanhphatpc.com\/wp-content\/uploads\/2020\/03\/kit-7-m\u1eaft-dahua-1.0-s\u1eaft.jpg","width":308,"height":243},{"@type":"BreadcrumbList","@id":"https:\/\/thanhphatpc.com\/bo-kit-camera-7-mat-dahua-1-0\/#breadcrumb","itemListElement":[{"@type":"ListItem","position":1,"name":"Trang ch\u1ee7","item":"https:\/\/thanhphatpc.com\/"},{"@type":"ListItem","position":2,"name":"C\u1eeda h\u00e0ng","item":"https:\/\/thanhphatpc.com\/cua-hang\/"},{"@type":"ListItem","position":3,"name":"B\u1ed8 KIT CAMERA 7 M\u1eaeT DAHUA 1.0"}]},{"@type":"WebSite","@id":"https:\/\/thanhphatpc.com\/#website","url":"https:\/\/thanhphatpc.com\/","name":"ThanhPhat PC","description":"D\u1ecbch v\u1ee5 ho\u00e0n h\u1ea3o","potentialAction":[{"@type":"SearchAction","target":{"@type":"EntryPoint","urlTemplate":"https:\/\/thanhphatpc.com\/?s={search_term_string}"},"query-input":{"@type":"PropertyValueSpecification","valueRequired":true,"valueName":"search_term_string"}}],"inLanguage":"en-US"}]}},"_links":{"self":[{"href":"https:\/\/thanhphatpc.com\/en\/wp-json\/wp\/v2\/product\/3742","targetHints":{"allow":["GET"]}}],"collection":[{"href":"https:\/\/thanhphatpc.com\/en\/wp-json\/wp\/v2\/product"}],"about":[{"href":"https:\/\/thanhphatpc.com\/en\/wp-json\/wp\/v2\/types\/product"}],"replies":[{"embeddable":true,"href":"https:\/\/thanhphatpc.com\/en\/wp-json\/wp\/v2\/comments?post=3742"}],"wp:featuredmedia":[{"embeddable":true,"href":"https:\/\/thanhphatpc.com\/en\/wp-json\/wp\/v2\/media\/3743"}],"wp:attachment":[{"href":"https:\/\/thanhphatpc.com\/en\/wp-json\/wp\/v2\/media?parent=3742"}],"wp:term":[{"taxonomy":"product_cat","embeddable":true,"href":"https:\/\/thanhphatpc.com\/en\/wp-json\/wp\/v2\/product_cat?post=3742"},{"taxonomy":"product_tag","embeddable":true,"href":"https:\/\/thanhphatpc.com\/en\/wp-json\/wp\/v2\/product_tag?post=3742"}],"curies":[{"name":"wp","href":"https:\/\/api.w.org\/{rel}","templated":true}]}}