{"id":3768,"date":"2020-03-17T17:40:13","date_gmt":"2020-03-17T10:40:13","guid":{"rendered":"https:\/\/thanhphatpc.com\/?post_type=product&#038;p=3768"},"modified":"2020-03-18T17:25:57","modified_gmt":"2020-03-18T10:25:57","slug":"camera-ipc-a26hp-imou-ngoc-trai-den","status":"publish","type":"product","link":"https:\/\/thanhphatpc.com\/en\/camera-ipc-a26hp-imou-ngoc-trai-den\/","title":{"rendered":"Camera IPC-A26HP-imou &#8211; Ng\u1ecdc Trai \u0111en"},"content":{"rendered":"<table>\n<tbody>\n<tr>\n<td colspan=\"2\" width=\"527\">M\u00f4 t\u1ea3 chi ti\u1ebft<\/td>\n<\/tr>\n<tr>\n<td width=\"139\">H\u00e3ng s\u1ea3n xu\u1ea5t<\/td>\n<td width=\"388\">IMOU<\/td>\n<\/tr>\n<tr>\n<td width=\"139\">Ch\u1ee7ng lo\u1ea1i<\/td>\n<td width=\"388\">Camera IP\/ Kh\u00f4ng D\u00e2y \/ c\u00f3 d\u00e2y \/ trong nh\u00e0<\/td>\n<\/tr>\n<tr>\n<td width=\"139\">Wifi<\/td>\n<td width=\"388\">c\u00f3<\/td>\n<\/tr>\n<tr>\n<td width=\"139\">C\u1ea3m bi\u1ebfn h\u00ecnh<\/td>\n<td width=\"388\">1\/2.7\u201d 2Megapixel Progressive CMOS<\/td>\n<\/tr>\n<tr>\n<td width=\"139\">T\u1ea7m xa h\u1ed3ng ngo\u1ea1i<\/td>\n<td width=\"388\"><strong>10 m\u00e9t<\/strong><\/td>\n<\/tr>\n<tr>\n<td width=\"139\">\u1ed1ng k\u00ednh<\/td>\n<td width=\"388\">3.6mmm g\u00f3c nh\u00ecn 90 \u0111\u1ed9<\/td>\n<\/tr>\n<tr>\n<td width=\"139\">Quay qu\u00e9t<\/td>\n<td width=\"388\">Ngang 355\u00b0, xoay d\u1ecdc l\u00ean xu\u1ed1ng 90\u00b0<\/td>\n<\/tr>\n<tr>\n<td width=\"139\">Th\u1ebb nh\u1edb<\/td>\n<td width=\"388\">C\u00f3 h\u1ed7 tr\u1ee3 khe c\u1eafm th\u1ebb l\u00ean \u0111\u1ebfn 128G Max<\/td>\n<\/tr>\n<tr>\n<td width=\"139\">\u00a0H\u1ec7 \u0111i\u1ec1u h\u00e0nh h\u1ed7 tr\u1ee3<\/td>\n<td width=\"388\">IOS, Android<\/td>\n<\/tr>\n<tr>\n<td width=\"139\">\u0110\u00e0m tho\u1ea1i<\/td>\n<td width=\"388\">H\u1ed7 tr\u1ee3 \u0111\u00e0m tho\u1ea1i 2 chi\u1ec1u<\/td>\n<\/tr>\n<tr>\n<td width=\"139\">Wifi<\/td>\n<td width=\"388\">H\u1ed7 tr\u1ee3 wifi WIFI (IEEE802.12b\/g\/n) k\u1ebft n\u1ed1i l\u00ean \u0111\u1ebfn 50m v\u00f9ng m\u1edf<\/td>\n<\/tr>\n<tr>\n<td width=\"139\">Onvif<\/td>\n<td width=\"388\">c\u00f3<\/td>\n<\/tr>\n<tr>\n<td width=\"139\">Ghi h\u00ecnh Cloud<\/td>\n<td width=\"388\">H\u1ed7 tr\u1ee3 l\u01b0u tr\u1eef tr\u00ean server cloud \u0111\u1ea3m b\u1ea3o an to\u00e0n d\u1eef li\u1ec7u v\u00e0 truy xu\u1ea5t d\u1eef li\u1ec7u nhanh ch\u00f3ng<\/td>\n<\/tr>\n<tr>\n<td width=\"139\">Ph\u1ea7n m\u1ec1m di \u0111\u1ed9ng<\/td>\n<td width=\"388\"><strong>Imou<\/strong><\/td>\n<\/tr>\n<tr>\n<td width=\"139\">Ngu\u1ed3n \u0111i\u1ec7n<\/td>\n<td width=\"388\">\u00a05v\/2A<\/td>\n<\/tr>\n<tr>\n<td width=\"139\">Nhi\u1ec7t \u0111\u1ed9 ho\u1ea1t \u0111\u1ed9ng<\/td>\n<td width=\"388\">-10\u00b0C to +45\u00b0C, Less Than 95%RH<\/td>\n<\/tr>\n<tr>\n<td width=\"139\">K\u00edch th\u01b0\u1edbc<\/td>\n<td width=\"388\">90 \u00d7 90 \u00d7 108mm (3.5 \u00d7 3.5 \u00d7 4.3inch)<\/td>\n<\/tr>\n<tr>\n<td width=\"139\">Tr\u1ecdng l\u01b0\u1ee3ng<\/td>\n<td width=\"388\">250g (0.55lb)<\/td>\n<\/tr>\n<tr>\n<td width=\"139\">Ki\u1ec3u l\u1eafp<\/td>\n<td width=\"388\">Ch\u00e2n \u0111\u1ebf \u1ed1p tr\u1ea7n ho\u1eb7c g\u1eafn t\u01b0\u1eddng ho\u1eb7c \u0111\u1ec3 b\u00e0n<\/td>\n<\/tr>\n<tr>\n<td width=\"139\">Xu\u1ea5t c\u1ee9<\/td>\n<td width=\"388\">china<\/td>\n<\/tr>\n<\/tbody>\n<\/table>","protected":false},"excerpt":{"rendered":"<p><strong>Camera IP Wi-Fi h\u1ed3ng ngo\u1ea1i quay qu\u00e9t 2MP<\/strong><br \/>\n\u25cf C\u1ea3m bi\u1ebfn 1\/2.7&#8243; 2 MP Progressive CMOS<br \/>\n\u25cf \u0110\u1ed9 ph\u00e2n gi\u1ea3i 2MP@1920&#215;1080. H.265<br \/>\n\u25cf H\u1ed3ng ngo\u1ea1i t\u1ea7m xa 10m, kh\u1ea3 n\u0103ng quay qu\u00e9t<br \/>\n\u25cf \u1ed0ng k\u00ednh 2.8mm (g\u00f3c m\u1edf 108\u00b0)<br \/>\n\u25cf T\u00edch h\u1ee3p \u00e2m thanh 2 chi\u1ec1u<br \/>\n\u25cf T\u00edch h\u1ee3p Wi-Fi 802.11b\/g\/n 2.4GHz, c\u1ed5ng m\u1ea1ng 10\/100M<br \/>\n\u25cf T\u00edch h\u1ee3p khe c\u1eafm th\u1ebb nh\u1edb 128GB<br \/>\n\u25cf H\u1ed7 tr\u1ee3 t\u00ednh n\u0103ng ph\u00e1t hi\u1ec7n chuy\u1ec3n \u0111\u1ed9ng, smart tracking<br \/>\n\u25cf Ngu\u1ed3n c\u1ea5p 5V2A<\/p>","protected":false},"featured_media":3784,"comment_status":"open","ping_status":"closed","template":"","meta":{"_acf_changed":false},"product_cat":[380],"product_tag":[],"class_list":{"0":"post-3768","1":"product","2":"type-product","3":"status-publish","4":"has-post-thumbnail","6":"product_cat-camera-wifi","8":"first","9":"instock","10":"sale","11":"shipping-taxable","12":"purchasable","13":"product-type-simple"},"acf":[],"yoast_head":"<!-- This site is optimized with the Yoast SEO plugin v23.8 - https:\/\/yoast.com\/wordpress\/plugins\/seo\/ -->\n<title>Camera IPC-A26HP-imou - Ng\u1ecdc Trai \u0111en - ThanhPhat PC<\/title>\n<meta name=\"robots\" content=\"index, follow, max-snippet:-1, max-image-preview:large, max-video-preview:-1\" \/>\n<link rel=\"canonical\" href=\"https:\/\/thanhphatpc.com\/en\/camera-ipc-a26hp-imou-ngoc-trai-den\/\" \/>\n<meta property=\"og:locale\" content=\"en_US\" \/>\n<meta property=\"og:type\" content=\"article\" \/>\n<meta property=\"og:title\" content=\"Camera IPC-A26HP-imou - Ng\u1ecdc Trai \u0111en - ThanhPhat PC\" \/>\n<meta property=\"og:description\" content=\"Camera IP Wi-Fi h\u1ed3ng ngo\u1ea1i quay qu\u00e9t 2MP \u25cf C\u1ea3m bi\u1ebfn 1\/2.7&quot; 2 MP Progressive CMOS \u25cf \u0110\u1ed9 ph\u00e2n gi\u1ea3i 2MP@1920x1080. H.265 \u25cf H\u1ed3ng ngo\u1ea1i t\u1ea7m xa 10m, kh\u1ea3 n\u0103ng quay qu\u00e9t \u25cf \u1ed0ng k\u00ednh 2.8mm (g\u00f3c m\u1edf 108\u00b0) \u25cf T\u00edch h\u1ee3p \u00e2m thanh 2 chi\u1ec1u \u25cf T\u00edch h\u1ee3p Wi-Fi 802.11b\/g\/n 2.4GHz, c\u1ed5ng m\u1ea1ng 10\/100M \u25cf T\u00edch h\u1ee3p khe c\u1eafm th\u1ebb nh\u1edb 128GB \u25cf H\u1ed7 tr\u1ee3 t\u00ednh n\u0103ng ph\u00e1t hi\u1ec7n chuy\u1ec3n \u0111\u1ed9ng, smart tracking \u25cf Ngu\u1ed3n c\u1ea5p 5V2A\" \/>\n<meta property=\"og:url\" content=\"https:\/\/thanhphatpc.com\/en\/camera-ipc-a26hp-imou-ngoc-trai-den\/\" \/>\n<meta property=\"og:site_name\" content=\"ThanhPhat PC\" \/>\n<meta property=\"article:modified_time\" content=\"2020-03-18T10:25:57+00:00\" \/>\n<meta property=\"og:image\" content=\"https:\/\/thanhphatpc.com\/wp-content\/uploads\/2020\/03\/camera-imou-ipc-a26hp-imou-500x500.jpg\" \/>\n\t<meta property=\"og:image:width\" content=\"500\" \/>\n\t<meta property=\"og:image:height\" content=\"500\" \/>\n\t<meta property=\"og:image:type\" content=\"image\/jpeg\" \/>\n<meta name=\"twitter:card\" content=\"summary_large_image\" \/>\n<meta name=\"twitter:label1\" content=\"Est. reading time\" \/>\n\t<meta name=\"twitter:data1\" content=\"1 minute\" \/>\n<script type=\"application\/ld+json\" class=\"yoast-schema-graph\">{\"@context\":\"https:\/\/schema.org\",\"@graph\":[{\"@type\":\"WebPage\",\"@id\":\"https:\/\/thanhphatpc.com\/camera-ipc-a26hp-imou-ngoc-trai-den\/\",\"url\":\"https:\/\/thanhphatpc.com\/camera-ipc-a26hp-imou-ngoc-trai-den\/\",\"name\":\"Camera IPC-A26HP-imou - Ng\u1ecdc Trai \u0111en - ThanhPhat PC\",\"isPartOf\":{\"@id\":\"https:\/\/thanhphatpc.com\/#website\"},\"primaryImageOfPage\":{\"@id\":\"https:\/\/thanhphatpc.com\/camera-ipc-a26hp-imou-ngoc-trai-den\/#primaryimage\"},\"image\":{\"@id\":\"https:\/\/thanhphatpc.com\/camera-ipc-a26hp-imou-ngoc-trai-den\/#primaryimage\"},\"thumbnailUrl\":\"https:\/\/thanhphatpc.com\/wp-content\/uploads\/2020\/03\/camera-imou-ipc-a26hp-imou-500x500.jpg\",\"datePublished\":\"2020-03-17T10:40:13+00:00\",\"dateModified\":\"2020-03-18T10:25:57+00:00\",\"breadcrumb\":{\"@id\":\"https:\/\/thanhphatpc.com\/camera-ipc-a26hp-imou-ngoc-trai-den\/#breadcrumb\"},\"inLanguage\":\"en-US\",\"potentialAction\":[{\"@type\":\"ReadAction\",\"target\":[\"https:\/\/thanhphatpc.com\/camera-ipc-a26hp-imou-ngoc-trai-den\/\"]}]},{\"@type\":\"ImageObject\",\"inLanguage\":\"en-US\",\"@id\":\"https:\/\/thanhphatpc.com\/camera-ipc-a26hp-imou-ngoc-trai-den\/#primaryimage\",\"url\":\"https:\/\/thanhphatpc.com\/wp-content\/uploads\/2020\/03\/camera-imou-ipc-a26hp-imou-500x500.jpg\",\"contentUrl\":\"https:\/\/thanhphatpc.com\/wp-content\/uploads\/2020\/03\/camera-imou-ipc-a26hp-imou-500x500.jpg\",\"width\":500,\"height\":500},{\"@type\":\"BreadcrumbList\",\"@id\":\"https:\/\/thanhphatpc.com\/camera-ipc-a26hp-imou-ngoc-trai-den\/#breadcrumb\",\"itemListElement\":[{\"@type\":\"ListItem\",\"position\":1,\"name\":\"Trang ch\u1ee7\",\"item\":\"https:\/\/thanhphatpc.com\/\"},{\"@type\":\"ListItem\",\"position\":2,\"name\":\"C\u1eeda h\u00e0ng\",\"item\":\"https:\/\/thanhphatpc.com\/cua-hang\/\"},{\"@type\":\"ListItem\",\"position\":3,\"name\":\"Camera IPC-A26HP-imou &#8211; Ng\u1ecdc Trai \u0111en\"}]},{\"@type\":\"WebSite\",\"@id\":\"https:\/\/thanhphatpc.com\/#website\",\"url\":\"https:\/\/thanhphatpc.com\/\",\"name\":\"ThanhPhat PC\",\"description\":\"D\u1ecbch v\u1ee5 ho\u00e0n h\u1ea3o\",\"potentialAction\":[{\"@type\":\"SearchAction\",\"target\":{\"@type\":\"EntryPoint\",\"urlTemplate\":\"https:\/\/thanhphatpc.com\/?s={search_term_string}\"},\"query-input\":{\"@type\":\"PropertyValueSpecification\",\"valueRequired\":true,\"valueName\":\"search_term_string\"}}],\"inLanguage\":\"en-US\"}]}<\/script>\n<!-- \/ Yoast SEO plugin. -->","yoast_head_json":{"title":"Camera IPC-A26HP-imou - Ng\u1ecdc Trai \u0111en - ThanhPhat PC","robots":{"index":"index","follow":"follow","max-snippet":"max-snippet:-1","max-image-preview":"max-image-preview:large","max-video-preview":"max-video-preview:-1"},"canonical":"https:\/\/thanhphatpc.com\/en\/camera-ipc-a26hp-imou-ngoc-trai-den\/","og_locale":"en_US","og_type":"article","og_title":"Camera IPC-A26HP-imou - Ng\u1ecdc Trai \u0111en - ThanhPhat PC","og_description":"Camera IP Wi-Fi h\u1ed3ng ngo\u1ea1i quay qu\u00e9t 2MP \u25cf C\u1ea3m bi\u1ebfn 1\/2.7\" 2 MP Progressive CMOS \u25cf \u0110\u1ed9 ph\u00e2n gi\u1ea3i 2MP@1920x1080. H.265 \u25cf H\u1ed3ng ngo\u1ea1i t\u1ea7m xa 10m, kh\u1ea3 n\u0103ng quay qu\u00e9t \u25cf \u1ed0ng k\u00ednh 2.8mm (g\u00f3c m\u1edf 108\u00b0) \u25cf T\u00edch h\u1ee3p \u00e2m thanh 2 chi\u1ec1u \u25cf T\u00edch h\u1ee3p Wi-Fi 802.11b\/g\/n 2.4GHz, c\u1ed5ng m\u1ea1ng 10\/100M \u25cf T\u00edch h\u1ee3p khe c\u1eafm th\u1ebb nh\u1edb 128GB \u25cf H\u1ed7 tr\u1ee3 t\u00ednh n\u0103ng ph\u00e1t hi\u1ec7n chuy\u1ec3n \u0111\u1ed9ng, smart tracking \u25cf Ngu\u1ed3n c\u1ea5p 5V2A","og_url":"https:\/\/thanhphatpc.com\/en\/camera-ipc-a26hp-imou-ngoc-trai-den\/","og_site_name":"ThanhPhat PC","article_modified_time":"2020-03-18T10:25:57+00:00","og_image":[{"width":500,"height":500,"url":"https:\/\/thanhphatpc.com\/wp-content\/uploads\/2020\/03\/camera-imou-ipc-a26hp-imou-500x500.jpg","type":"image\/jpeg"}],"twitter_card":"summary_large_image","twitter_misc":{"Est. reading time":"1 minute"},"schema":{"@context":"https:\/\/schema.org","@graph":[{"@type":"WebPage","@id":"https:\/\/thanhphatpc.com\/camera-ipc-a26hp-imou-ngoc-trai-den\/","url":"https:\/\/thanhphatpc.com\/camera-ipc-a26hp-imou-ngoc-trai-den\/","name":"Camera IPC-A26HP-imou - Ng\u1ecdc Trai \u0111en - ThanhPhat PC","isPartOf":{"@id":"https:\/\/thanhphatpc.com\/#website"},"primaryImageOfPage":{"@id":"https:\/\/thanhphatpc.com\/camera-ipc-a26hp-imou-ngoc-trai-den\/#primaryimage"},"image":{"@id":"https:\/\/thanhphatpc.com\/camera-ipc-a26hp-imou-ngoc-trai-den\/#primaryimage"},"thumbnailUrl":"https:\/\/thanhphatpc.com\/wp-content\/uploads\/2020\/03\/camera-imou-ipc-a26hp-imou-500x500.jpg","datePublished":"2020-03-17T10:40:13+00:00","dateModified":"2020-03-18T10:25:57+00:00","breadcrumb":{"@id":"https:\/\/thanhphatpc.com\/camera-ipc-a26hp-imou-ngoc-trai-den\/#breadcrumb"},"inLanguage":"en-US","potentialAction":[{"@type":"ReadAction","target":["https:\/\/thanhphatpc.com\/camera-ipc-a26hp-imou-ngoc-trai-den\/"]}]},{"@type":"ImageObject","inLanguage":"en-US","@id":"https:\/\/thanhphatpc.com\/camera-ipc-a26hp-imou-ngoc-trai-den\/#primaryimage","url":"https:\/\/thanhphatpc.com\/wp-content\/uploads\/2020\/03\/camera-imou-ipc-a26hp-imou-500x500.jpg","contentUrl":"https:\/\/thanhphatpc.com\/wp-content\/uploads\/2020\/03\/camera-imou-ipc-a26hp-imou-500x500.jpg","width":500,"height":500},{"@type":"BreadcrumbList","@id":"https:\/\/thanhphatpc.com\/camera-ipc-a26hp-imou-ngoc-trai-den\/#breadcrumb","itemListElement":[{"@type":"ListItem","position":1,"name":"Trang ch\u1ee7","item":"https:\/\/thanhphatpc.com\/"},{"@type":"ListItem","position":2,"name":"C\u1eeda h\u00e0ng","item":"https:\/\/thanhphatpc.com\/cua-hang\/"},{"@type":"ListItem","position":3,"name":"Camera IPC-A26HP-imou &#8211; Ng\u1ecdc Trai \u0111en"}]},{"@type":"WebSite","@id":"https:\/\/thanhphatpc.com\/#website","url":"https:\/\/thanhphatpc.com\/","name":"ThanhPhat PC","description":"D\u1ecbch v\u1ee5 ho\u00e0n h\u1ea3o","potentialAction":[{"@type":"SearchAction","target":{"@type":"EntryPoint","urlTemplate":"https:\/\/thanhphatpc.com\/?s={search_term_string}"},"query-input":{"@type":"PropertyValueSpecification","valueRequired":true,"valueName":"search_term_string"}}],"inLanguage":"en-US"}]}},"_links":{"self":[{"href":"https:\/\/thanhphatpc.com\/en\/wp-json\/wp\/v2\/product\/3768","targetHints":{"allow":["GET"]}}],"collection":[{"href":"https:\/\/thanhphatpc.com\/en\/wp-json\/wp\/v2\/product"}],"about":[{"href":"https:\/\/thanhphatpc.com\/en\/wp-json\/wp\/v2\/types\/product"}],"replies":[{"embeddable":true,"href":"https:\/\/thanhphatpc.com\/en\/wp-json\/wp\/v2\/comments?post=3768"}],"wp:featuredmedia":[{"embeddable":true,"href":"https:\/\/thanhphatpc.com\/en\/wp-json\/wp\/v2\/media\/3784"}],"wp:attachment":[{"href":"https:\/\/thanhphatpc.com\/en\/wp-json\/wp\/v2\/media?parent=3768"}],"wp:term":[{"taxonomy":"product_cat","embeddable":true,"href":"https:\/\/thanhphatpc.com\/en\/wp-json\/wp\/v2\/product_cat?post=3768"},{"taxonomy":"product_tag","embeddable":true,"href":"https:\/\/thanhphatpc.com\/en\/wp-json\/wp\/v2\/product_tag?post=3768"}],"curies":[{"name":"wp","href":"https:\/\/api.w.org\/{rel}","templated":true}]}}