{"id":3793,"date":"2020-03-20T18:41:06","date_gmt":"2020-03-20T11:41:06","guid":{"rendered":"https:\/\/thanhphatpc.com\/?post_type=product&#038;p=3793"},"modified":"2024-04-28T11:58:45","modified_gmt":"2024-04-28T04:58:45","slug":"camera-ngoai-troi-cs-cv310a0-3c2wfrl-2mp-tich-hop-coi-den-chop-ban-dem-co-mau","status":"publish","type":"product","link":"https:\/\/thanhphatpc.com\/en\/camera-ngoai-troi-cs-cv310a0-3c2wfrl-2mp-tich-hop-coi-den-chop-ban-dem-co-mau\/","title":{"rendered":"Camera IP Ngo\u00e0i Tr\u1eddi 3MP Ezviz C3TN , t\u00edch h\u1ee3p c\u00f2i &#8211; \u0111\u00e8n ch\u1edbp, ban \u0111\u00eam c\u00f3 m\u00e0u"},"content":{"rendered":"<h3>Camera IP Ngo\u00e0i Tr\u1eddi 3MP Ezviz C3TN Tr\u1eafng\u00a0\u0111\u01b0\u1ee3c thi\u1ebft k\u1ebf v\u1edbi k\u00edch th\u01b0\u1edbc kh\u00e1 nh\u1ecf, d\u1ec5 d\u00e0ng l\u1eafp \u0111\u1eb7t \u1edf nhi\u1ec1u v\u1ecb tr\u00ed ho\u1eb7c nh\u1eefng g\u00f3c khu\u1ea5t t\u1ea7m nh\u00ecn \u0111\u1ec3 kh\u00f4ng g\u00e2y s\u1ef1 ch\u00fa \u00fd qu\u00e1 nhi\u1ec1u c\u0169ng nh\u01b0 t\u0103ng t\u00ednh b\u1ea3o m\u1eadt v\u00e0 d\u1ec5 d\u00e0ng quan s\u00e1t h\u01a1n.<\/h3>\n<figure id=\"attachment_10190\" aria-describedby=\"caption-attachment-10190\" style=\"width: 944px\" class=\"wp-caption aligncenter\"><img loading=\"lazy\" decoding=\"async\" class=\"size-full wp-image-10190\" src=\"https:\/\/thanhphatpc.com\/wp-content\/uploads\/2020\/03\/0151.png\" alt=\"Camera IP Ngo\u00e0i Tr\u1eddi 3MP Ezviz C3TN , t\u00edch h\u1ee3p c\u00f2i \u2013 \u0111\u00e8n ch\u1edbp, ban \u0111\u00eam c\u00f3 m\u00e0u\" width=\"944\" height=\"617\" srcset=\"https:\/\/thanhphatpc.com\/wp-content\/uploads\/2020\/03\/0151.png 944w, https:\/\/thanhphatpc.com\/wp-content\/uploads\/2020\/03\/0151-510x333.png 510w, https:\/\/thanhphatpc.com\/wp-content\/uploads\/2020\/03\/0151-300x196.png 300w, https:\/\/thanhphatpc.com\/wp-content\/uploads\/2020\/03\/0151-768x502.png 768w\" sizes=\"auto, (max-width: 944px) 100vw, 944px\" \/><figcaption id=\"caption-attachment-10190\" class=\"wp-caption-text\">Camera IP Ngo\u00e0i Tr\u1eddi 3MP Ezviz C3TN , t\u00edch h\u1ee3p c\u00f2i \u2013 \u0111\u00e8n ch\u1edbp, ban \u0111\u00eam c\u00f3 m\u00e0u<\/figcaption><\/figure>\n<p>\u2022\u00a0Camera Ezviz\u00a0c\u00f3 th\u1ec3 nh\u1eadn di\u1ec7n con ng\u01b0\u1eddi trong khung h\u00ecnh v\u00e0 s\u1ebd th\u00f4ng b\u00e1o v\u1ec1 \u0111i\u1ec7n tho\u1ea1i th\u00f4ng qua \u1ee9ng d\u1ee5ng Ezviz \u0111\u01b0\u1ee3c c\u00e0i \u0111\u1eb7t tr\u00ean \u0111i\u1ec7n tho\u1ea1i.<\/p>\n<p>\u2022\u00a0H\u1ed7 tr\u1ee3 th\u1ebb nh\u1edb MicroSD (t\u1ed1i \u0111a 256GB) c\u00f3 th\u1ec3 l\u01b0u tr\u1eef \u0111\u01b0\u1ee3c kho\u1ea3ng\u00a021 \u2013 30 ng\u00e0y\u00a0d\u1eef li\u1ec7u quan s\u00e1t.<\/p>\n<p>\u2022\u00a0\u0110\u01b0\u1ee3c trang b\u1ecb micro v\u00e0 loa ngo\u00e0i, ng\u01b0\u1eddi d\u00f9ng c\u00f3 th\u1ec3\u00a0\u0111\u00e0m tho\u1ea1i 2 chi\u1ec1u\u00a0qua\u00a0camera ngo\u00e0i tr\u1eddi\u00a0n\u00e0y, c\u00f9ng v\u1edbi kh\u1ea3 n\u0103ng l\u1ecdc nhi\u1ec5u t\u1ed1t cho \u00e2m tho\u1ea1i r\u00f5 r\u00e0ng, r\u00e0nh m\u1ea1ch.<\/p>\n<p>\u2022\u00a0H\u1ed7 tr\u1ee3 \u0111\u00e8n h\u1ed3ng ngo\u1ea1i gi\u00fap\u00a0camera\u00a0c\u00f3 th\u1ec3 quan s\u00e1t t\u1ed1t trong \u0111i\u1ec1u ki\u1ec7n thi\u1ebfu s\u00e1ng, thu gi\u1eef h\u00ecnh \u1ea3nh r\u00f5 r\u00e0ng, chi ti\u1ebft \u0111\u1ec3 ki\u1ec3m so\u00e1t hi\u1ec7u qu\u1ea3 an ninh c\u1ea3 ng\u00e0y v\u00e0 \u0111\u00eam.<\/p>\n<ul>\n<li>Li\u00ean h\u1ec7: 02203 55 99 00 \u0111\u1ec3 \u0111\u01b0\u1ee3c t\u01b0 v\u1ea5n mi\u1ec5n ph\u00ed<\/li>\n<\/ul>","protected":false},"excerpt":{"rendered":"<h3>Camera IP Ngo\u00e0i Tr\u1eddi 3MP Ezviz C3TN Tr\u1eafng\u00a0\u0111\u01b0\u1ee3c thi\u1ebft k\u1ebf v\u1edbi k\u00edch th\u01b0\u1edbc kh\u00e1 nh\u1ecf, d\u1ec5 d\u00e0ng l\u1eafp \u0111\u1eb7t \u1edf nhi\u1ec1u v\u1ecb tr\u00ed ho\u1eb7c nh\u1eefng g\u00f3c khu\u1ea5t t\u1ea7m nh\u00ecn \u0111\u1ec3 kh\u00f4ng g\u00e2y s\u1ef1 ch\u00fa \u00fd qu\u00e1 nhi\u1ec1u c\u0169ng nh\u01b0 t\u0103ng t\u00ednh b\u1ea3o m\u1eadt v\u00e0 d\u1ec5 d\u00e0ng quan s\u00e1t h\u01a1n.<\/h3>\n<p>\u2022\u00a0Camera Ezviz\u00a0c\u00f3 th\u1ec3 nh\u1eadn di\u1ec7n con ng\u01b0\u1eddi trong khung h\u00ecnh v\u00e0 s\u1ebd th\u00f4ng b\u00e1o v\u1ec1 \u0111i\u1ec7n tho\u1ea1i th\u00f4ng qua \u1ee9ng d\u1ee5ng Ezviz \u0111\u01b0\u1ee3c c\u00e0i \u0111\u1eb7t tr\u00ean \u0111i\u1ec7n tho\u1ea1i.<\/p>\n<p>\u2022\u00a0H\u1ed7 tr\u1ee3 th\u1ebb nh\u1edb MicroSD (t\u1ed1i \u0111a 256GB) c\u00f3 th\u1ec3 l\u01b0u tr\u1eef \u0111\u01b0\u1ee3c kho\u1ea3ng\u00a021 \u2013 30 ng\u00e0y\u00a0d\u1eef li\u1ec7u quan s\u00e1t.<\/p>\n<p>\u2022\u00a0\u0110\u01b0\u1ee3c trang b\u1ecb micro v\u00e0 loa ngo\u00e0i, ng\u01b0\u1eddi d\u00f9ng c\u00f3 th\u1ec3\u00a0\u0111\u00e0m tho\u1ea1i 2 chi\u1ec1u\u00a0qua\u00a0camera ngo\u00e0i tr\u1eddi\u00a0n\u00e0y, c\u00f9ng v\u1edbi kh\u1ea3 n\u0103ng l\u1ecdc nhi\u1ec5u t\u1ed1t cho \u00e2m tho\u1ea1i r\u00f5 r\u00e0ng, r\u00e0nh m\u1ea1ch.<\/p>\n<p>\u2022\u00a0H\u1ed7 tr\u1ee3 \u0111\u00e8n h\u1ed3ng ngo\u1ea1i gi\u00fap\u00a0camera\u00a0c\u00f3 th\u1ec3 quan s\u00e1t t\u1ed1t trong \u0111i\u1ec1u ki\u1ec7n thi\u1ebfu s\u00e1ng, thu gi\u1eef h\u00ecnh \u1ea3nh r\u00f5 r\u00e0ng, chi ti\u1ebft \u0111\u1ec3 ki\u1ec3m so\u00e1t hi\u1ec7u qu\u1ea3 an ninh c\u1ea3 ng\u00e0y v\u00e0 \u0111\u00eam.<\/p>","protected":false},"featured_media":10189,"comment_status":"open","ping_status":"closed","template":"","meta":{"_acf_changed":false},"product_cat":[380],"product_tag":[],"class_list":{"0":"post-3793","1":"product","2":"type-product","3":"status-publish","4":"has-post-thumbnail","6":"product_cat-camera-wifi","8":"first","9":"instock","10":"sale","11":"shipping-taxable","12":"purchasable","13":"product-type-simple"},"acf":[],"yoast_head":"<!-- This site is optimized with the Yoast SEO plugin v23.8 - https:\/\/yoast.com\/wordpress\/plugins\/seo\/ -->\n<title>Camera IP Ngo\u00e0i Tr\u1eddi 3MP Ezviz C3TN , t\u00edch h\u1ee3p c\u00f2i - \u0111\u00e8n ch\u1edbp, ban \u0111\u00eam c\u00f3 m\u00e0u - ThanhPhat PC<\/title>\n<meta name=\"description\" content=\"Camera wifi\" \/>\n<meta name=\"robots\" content=\"index, follow, max-snippet:-1, max-image-preview:large, max-video-preview:-1\" \/>\n<link rel=\"canonical\" href=\"https:\/\/thanhphatpc.com\/en\/camera-ngoai-troi-cs-cv310a0-3c2wfrl-2mp-tich-hop-coi-den-chop-ban-dem-co-mau\/\" \/>\n<meta property=\"og:locale\" content=\"en_US\" \/>\n<meta property=\"og:type\" content=\"article\" \/>\n<meta property=\"og:title\" content=\"Camera IP Ngo\u00e0i Tr\u1eddi 3MP Ezviz C3TN , t\u00edch h\u1ee3p c\u00f2i - \u0111\u00e8n ch\u1edbp, ban \u0111\u00eam c\u00f3 m\u00e0u - ThanhPhat PC\" \/>\n<meta property=\"og:description\" content=\"Camera wifi\" \/>\n<meta property=\"og:url\" content=\"https:\/\/thanhphatpc.com\/en\/camera-ngoai-troi-cs-cv310a0-3c2wfrl-2mp-tich-hop-coi-den-chop-ban-dem-co-mau\/\" \/>\n<meta property=\"og:site_name\" content=\"ThanhPhat PC\" \/>\n<meta property=\"article:modified_time\" content=\"2024-04-28T04:58:45+00:00\" \/>\n<meta property=\"og:image\" content=\"https:\/\/thanhphatpc.com\/wp-content\/uploads\/2020\/03\/015.png\" \/>\n\t<meta property=\"og:image:width\" content=\"563\" \/>\n\t<meta property=\"og:image:height\" content=\"670\" \/>\n\t<meta property=\"og:image:type\" content=\"image\/png\" \/>\n<meta name=\"twitter:card\" content=\"summary_large_image\" \/>\n<meta name=\"twitter:label1\" content=\"Est. reading time\" \/>\n\t<meta name=\"twitter:data1\" content=\"2 minutes\" \/>\n<script type=\"application\/ld+json\" class=\"yoast-schema-graph\">{\"@context\":\"https:\/\/schema.org\",\"@graph\":[{\"@type\":\"WebPage\",\"@id\":\"https:\/\/thanhphatpc.com\/camera-ngoai-troi-cs-cv310a0-3c2wfrl-2mp-tich-hop-coi-den-chop-ban-dem-co-mau\/\",\"url\":\"https:\/\/thanhphatpc.com\/camera-ngoai-troi-cs-cv310a0-3c2wfrl-2mp-tich-hop-coi-den-chop-ban-dem-co-mau\/\",\"name\":\"Camera IP Ngo\u00e0i Tr\u1eddi 3MP Ezviz C3TN , t\u00edch h\u1ee3p c\u00f2i - \u0111\u00e8n ch\u1edbp, ban \u0111\u00eam c\u00f3 m\u00e0u - ThanhPhat PC\",\"isPartOf\":{\"@id\":\"https:\/\/thanhphatpc.com\/#website\"},\"primaryImageOfPage\":{\"@id\":\"https:\/\/thanhphatpc.com\/camera-ngoai-troi-cs-cv310a0-3c2wfrl-2mp-tich-hop-coi-den-chop-ban-dem-co-mau\/#primaryimage\"},\"image\":{\"@id\":\"https:\/\/thanhphatpc.com\/camera-ngoai-troi-cs-cv310a0-3c2wfrl-2mp-tich-hop-coi-den-chop-ban-dem-co-mau\/#primaryimage\"},\"thumbnailUrl\":\"https:\/\/thanhphatpc.com\/wp-content\/uploads\/2020\/03\/015.png\",\"datePublished\":\"2020-03-20T11:41:06+00:00\",\"dateModified\":\"2024-04-28T04:58:45+00:00\",\"description\":\"Camera wifi\",\"breadcrumb\":{\"@id\":\"https:\/\/thanhphatpc.com\/camera-ngoai-troi-cs-cv310a0-3c2wfrl-2mp-tich-hop-coi-den-chop-ban-dem-co-mau\/#breadcrumb\"},\"inLanguage\":\"en-US\",\"potentialAction\":[{\"@type\":\"ReadAction\",\"target\":[\"https:\/\/thanhphatpc.com\/camera-ngoai-troi-cs-cv310a0-3c2wfrl-2mp-tich-hop-coi-den-chop-ban-dem-co-mau\/\"]}]},{\"@type\":\"ImageObject\",\"inLanguage\":\"en-US\",\"@id\":\"https:\/\/thanhphatpc.com\/camera-ngoai-troi-cs-cv310a0-3c2wfrl-2mp-tich-hop-coi-den-chop-ban-dem-co-mau\/#primaryimage\",\"url\":\"https:\/\/thanhphatpc.com\/wp-content\/uploads\/2020\/03\/015.png\",\"contentUrl\":\"https:\/\/thanhphatpc.com\/wp-content\/uploads\/2020\/03\/015.png\",\"width\":563,\"height\":670,\"caption\":\"Camera IP Ngo\u00e0i Tr\u1eddi 3MP Ezviz C3TN , t\u00edch h\u1ee3p c\u00f2i \u2013 \u0111\u00e8n ch\u1edbp, ban \u0111\u00eam c\u00f3 m\u00e0u\"},{\"@type\":\"BreadcrumbList\",\"@id\":\"https:\/\/thanhphatpc.com\/camera-ngoai-troi-cs-cv310a0-3c2wfrl-2mp-tich-hop-coi-den-chop-ban-dem-co-mau\/#breadcrumb\",\"itemListElement\":[{\"@type\":\"ListItem\",\"position\":1,\"name\":\"Trang ch\u1ee7\",\"item\":\"https:\/\/thanhphatpc.com\/\"},{\"@type\":\"ListItem\",\"position\":2,\"name\":\"C\u1eeda h\u00e0ng\",\"item\":\"https:\/\/thanhphatpc.com\/cua-hang\/\"},{\"@type\":\"ListItem\",\"position\":3,\"name\":\"Camera IP Ngo\u00e0i Tr\u1eddi 3MP Ezviz C3TN , t\u00edch h\u1ee3p c\u00f2i &#8211; \u0111\u00e8n ch\u1edbp, ban \u0111\u00eam c\u00f3 m\u00e0u\"}]},{\"@type\":\"WebSite\",\"@id\":\"https:\/\/thanhphatpc.com\/#website\",\"url\":\"https:\/\/thanhphatpc.com\/\",\"name\":\"ThanhPhat PC\",\"description\":\"D\u1ecbch v\u1ee5 ho\u00e0n h\u1ea3o\",\"potentialAction\":[{\"@type\":\"SearchAction\",\"target\":{\"@type\":\"EntryPoint\",\"urlTemplate\":\"https:\/\/thanhphatpc.com\/?s={search_term_string}\"},\"query-input\":{\"@type\":\"PropertyValueSpecification\",\"valueRequired\":true,\"valueName\":\"search_term_string\"}}],\"inLanguage\":\"en-US\"}]}<\/script>\n<!-- \/ Yoast SEO plugin. -->","yoast_head_json":{"title":"Camera IP Ngo\u00e0i Tr\u1eddi 3MP Ezviz C3TN , t\u00edch h\u1ee3p c\u00f2i - \u0111\u00e8n ch\u1edbp, ban \u0111\u00eam c\u00f3 m\u00e0u - ThanhPhat PC","description":"Camera wifi","robots":{"index":"index","follow":"follow","max-snippet":"max-snippet:-1","max-image-preview":"max-image-preview:large","max-video-preview":"max-video-preview:-1"},"canonical":"https:\/\/thanhphatpc.com\/en\/camera-ngoai-troi-cs-cv310a0-3c2wfrl-2mp-tich-hop-coi-den-chop-ban-dem-co-mau\/","og_locale":"en_US","og_type":"article","og_title":"Camera IP Ngo\u00e0i Tr\u1eddi 3MP Ezviz C3TN , t\u00edch h\u1ee3p c\u00f2i - \u0111\u00e8n ch\u1edbp, ban \u0111\u00eam c\u00f3 m\u00e0u - ThanhPhat PC","og_description":"Camera wifi","og_url":"https:\/\/thanhphatpc.com\/en\/camera-ngoai-troi-cs-cv310a0-3c2wfrl-2mp-tich-hop-coi-den-chop-ban-dem-co-mau\/","og_site_name":"ThanhPhat PC","article_modified_time":"2024-04-28T04:58:45+00:00","og_image":[{"width":563,"height":670,"url":"https:\/\/thanhphatpc.com\/wp-content\/uploads\/2020\/03\/015.png","type":"image\/png"}],"twitter_card":"summary_large_image","twitter_misc":{"Est. reading time":"2 minutes"},"schema":{"@context":"https:\/\/schema.org","@graph":[{"@type":"WebPage","@id":"https:\/\/thanhphatpc.com\/camera-ngoai-troi-cs-cv310a0-3c2wfrl-2mp-tich-hop-coi-den-chop-ban-dem-co-mau\/","url":"https:\/\/thanhphatpc.com\/camera-ngoai-troi-cs-cv310a0-3c2wfrl-2mp-tich-hop-coi-den-chop-ban-dem-co-mau\/","name":"Camera IP Ngo\u00e0i Tr\u1eddi 3MP Ezviz C3TN , t\u00edch h\u1ee3p c\u00f2i - \u0111\u00e8n ch\u1edbp, ban \u0111\u00eam c\u00f3 m\u00e0u - ThanhPhat PC","isPartOf":{"@id":"https:\/\/thanhphatpc.com\/#website"},"primaryImageOfPage":{"@id":"https:\/\/thanhphatpc.com\/camera-ngoai-troi-cs-cv310a0-3c2wfrl-2mp-tich-hop-coi-den-chop-ban-dem-co-mau\/#primaryimage"},"image":{"@id":"https:\/\/thanhphatpc.com\/camera-ngoai-troi-cs-cv310a0-3c2wfrl-2mp-tich-hop-coi-den-chop-ban-dem-co-mau\/#primaryimage"},"thumbnailUrl":"https:\/\/thanhphatpc.com\/wp-content\/uploads\/2020\/03\/015.png","datePublished":"2020-03-20T11:41:06+00:00","dateModified":"2024-04-28T04:58:45+00:00","description":"Camera wifi","breadcrumb":{"@id":"https:\/\/thanhphatpc.com\/camera-ngoai-troi-cs-cv310a0-3c2wfrl-2mp-tich-hop-coi-den-chop-ban-dem-co-mau\/#breadcrumb"},"inLanguage":"en-US","potentialAction":[{"@type":"ReadAction","target":["https:\/\/thanhphatpc.com\/camera-ngoai-troi-cs-cv310a0-3c2wfrl-2mp-tich-hop-coi-den-chop-ban-dem-co-mau\/"]}]},{"@type":"ImageObject","inLanguage":"en-US","@id":"https:\/\/thanhphatpc.com\/camera-ngoai-troi-cs-cv310a0-3c2wfrl-2mp-tich-hop-coi-den-chop-ban-dem-co-mau\/#primaryimage","url":"https:\/\/thanhphatpc.com\/wp-content\/uploads\/2020\/03\/015.png","contentUrl":"https:\/\/thanhphatpc.com\/wp-content\/uploads\/2020\/03\/015.png","width":563,"height":670,"caption":"Camera IP Ngo\u00e0i Tr\u1eddi 3MP Ezviz C3TN , t\u00edch h\u1ee3p c\u00f2i \u2013 \u0111\u00e8n ch\u1edbp, ban \u0111\u00eam c\u00f3 m\u00e0u"},{"@type":"BreadcrumbList","@id":"https:\/\/thanhphatpc.com\/camera-ngoai-troi-cs-cv310a0-3c2wfrl-2mp-tich-hop-coi-den-chop-ban-dem-co-mau\/#breadcrumb","itemListElement":[{"@type":"ListItem","position":1,"name":"Trang ch\u1ee7","item":"https:\/\/thanhphatpc.com\/"},{"@type":"ListItem","position":2,"name":"C\u1eeda h\u00e0ng","item":"https:\/\/thanhphatpc.com\/cua-hang\/"},{"@type":"ListItem","position":3,"name":"Camera IP Ngo\u00e0i Tr\u1eddi 3MP Ezviz C3TN , t\u00edch h\u1ee3p c\u00f2i &#8211; \u0111\u00e8n ch\u1edbp, ban \u0111\u00eam c\u00f3 m\u00e0u"}]},{"@type":"WebSite","@id":"https:\/\/thanhphatpc.com\/#website","url":"https:\/\/thanhphatpc.com\/","name":"ThanhPhat PC","description":"D\u1ecbch v\u1ee5 ho\u00e0n h\u1ea3o","potentialAction":[{"@type":"SearchAction","target":{"@type":"EntryPoint","urlTemplate":"https:\/\/thanhphatpc.com\/?s={search_term_string}"},"query-input":{"@type":"PropertyValueSpecification","valueRequired":true,"valueName":"search_term_string"}}],"inLanguage":"en-US"}]}},"_links":{"self":[{"href":"https:\/\/thanhphatpc.com\/en\/wp-json\/wp\/v2\/product\/3793","targetHints":{"allow":["GET"]}}],"collection":[{"href":"https:\/\/thanhphatpc.com\/en\/wp-json\/wp\/v2\/product"}],"about":[{"href":"https:\/\/thanhphatpc.com\/en\/wp-json\/wp\/v2\/types\/product"}],"replies":[{"embeddable":true,"href":"https:\/\/thanhphatpc.com\/en\/wp-json\/wp\/v2\/comments?post=3793"}],"wp:featuredmedia":[{"embeddable":true,"href":"https:\/\/thanhphatpc.com\/en\/wp-json\/wp\/v2\/media\/10189"}],"wp:attachment":[{"href":"https:\/\/thanhphatpc.com\/en\/wp-json\/wp\/v2\/media?parent=3793"}],"wp:term":[{"taxonomy":"product_cat","embeddable":true,"href":"https:\/\/thanhphatpc.com\/en\/wp-json\/wp\/v2\/product_cat?post=3793"},{"taxonomy":"product_tag","embeddable":true,"href":"https:\/\/thanhphatpc.com\/en\/wp-json\/wp\/v2\/product_tag?post=3793"}],"curies":[{"name":"wp","href":"https:\/\/api.w.org\/{rel}","templated":true}]}}