{"id":3797,"date":"2020-03-20T19:41:41","date_gmt":"2020-03-20T12:41:41","guid":{"rendered":"https:\/\/thanhphatpc.com\/?post_type=product&#038;p=3797"},"modified":"2021-08-14T14:21:39","modified_gmt":"2021-08-14T07:21:39","slug":"may-in-laser-canon-den-trang-mf241d-in-copy-scan-dao-mat","status":"publish","type":"product","link":"https:\/\/thanhphatpc.com\/en\/may-in-laser-canon-den-trang-mf241d-in-copy-scan-dao-mat\/","title":{"rendered":"M\u00e1y in laser Canon \u0111en tr\u1eafng &#8211; MF241D (In + Copy + Scan+ \u0110\u1ea3o m\u1eb7t)"},"content":{"rendered":"<h3>Ki\u1ec3u d\u00e1ng hi\u1ec7n \u0111\u1ea1i, n\u1ed5i b\u1eadt<\/h3>\n<p>M\u00e1y in \u0111a n\u0103ng Canon Laser MF241d\u00a0s\u1edf h\u1eefu thi\u1ebft k\u1ebf hi\u1ec7n \u0111\u1ea1i \u0111i c\u00f9ng t\u00f4ng m\u00e0u \u0111en trung t\u00ednh g\u00f3p ph\u1ea7n l\u00e0m n\u1ed5i b\u1eadt kh\u00f4ng gian l\u00e0m vi\u1ec7c c\u1ee7a b\u1ea1n.<\/p>\n<p><a class=\"preventdefault\" href=\"https:\/\/www.thegioididong.com\/images\/5693\/205980\/may-in-laser-canon-da-chuc-nang-mf241d-7.jpg\"><img decoding=\"async\" class=\"lazy\" title=\"M\u00e1y in \u0111a n\u0103ng Canon Laser MF241d - Thi\u1ebft k\u1ebf\" src=\"https:\/\/cdn.tgdd.vn\/Products\/Images\/5693\/205980\/may-in-laser-canon-da-chuc-nang-mf241d-7.jpg\" alt=\"M\u00e1y in \u0111a n\u0103ng Canon Laser MF241d - Thi\u1ebft k\u1ebf\" data-original=\"https:\/\/cdn.tgdd.vn\/Products\/Images\/5693\/205980\/may-in-laser-canon-da-chuc-nang-mf241d-7.jpg\" \/><\/a><\/p>\n<h3>M\u00e1y in copy\u00a0s\u1edf h\u1eefu ch\u1ebf \u0111\u1ed9 in 2 m\u1eb7t t\u1ef1 \u0111\u1ed9ng<\/h3>\n<p>M\u00e1y in\u00a0Canon\u00a0\u0111\u01b0\u1ee3c t\u00edch h\u1ee3p t\u00ednh n\u0103ng in 2 m\u1eb7t t\u1ef1 \u0111\u1ed9ng cho ph\u00e9p in 2 m\u1eb7t c\u1ee7a t\u00e0i li\u1ec7u tr\u00ean c\u00f9ng m\u1ed9t t\u1edd in. B\u00ean c\u1ea1nh m\u00e1y c\u00e1c t\u00ednh n\u0103ng c\u01a1 b\u1ea3n: Copy, Scan gi\u00fap b\u1ea1n ti\u1ebft ki\u1ec7m th\u1eddi gian h\u01a1n trong vi\u1ec7c in \u1ea5n, \u0111\u1ed3ng th\u1eddi ti\u1ebft ki\u1ec7m gi\u1ea5y, b\u1ea3o v\u1ec7 m\u00f4i tr\u01b0\u1eddng.<\/p>\n<p><a class=\"preventdefault\" href=\"https:\/\/www.thegioididong.com\/images\/5693\/205980\/may-in-laser-canon-da-chuc-nang-mf241d-11.jpg\"><img decoding=\"async\" class=\"lazy\" title=\"M\u00e1y in \u0111a n\u0103ng Canon Laser MF241d - In 2 m\u1eb7t t\u1ef1 \u0111\u1ed9ng\" src=\"https:\/\/cdn.tgdd.vn\/Products\/Images\/5693\/205980\/may-in-laser-canon-da-chuc-nang-mf241d-11.jpg\" alt=\"M\u00e1y in \u0111a n\u0103ng Canon Laser MF241d - In 2 m\u1eb7t t\u1ef1 \u0111\u1ed9ng\" data-original=\"https:\/\/cdn.tgdd.vn\/Products\/Images\/5693\/205980\/may-in-laser-canon-da-chuc-nang-mf241d-11.jpg\" \/><\/a><\/p>\n<h3>K\u1ebft n\u1ed1i m\u00e1y in laser tr\u1eafng \u0111en nhanh ch\u00f3ng b\u1eb1ng c\u1ed5ng USB<\/h3>\n<p><a class=\"preventdefault\" href=\"https:\/\/www.thegioididong.com\/images\/5693\/205980\/may-in-laser-canon-da-chuc-nang-mf241d-13.jpg\"><img decoding=\"async\" class=\"lazy\" title=\"M\u00e1y in \u0111a n\u0103ng Canon Laser MF241d - K\u1ebft n\u1ed1i USB\" src=\"https:\/\/cdn.tgdd.vn\/Products\/Images\/5693\/205980\/may-in-laser-canon-da-chuc-nang-mf241d-13.jpg\" alt=\"M\u00e1y in \u0111a n\u0103ng Canon Laser MF241d - K\u1ebft n\u1ed1i USB\" data-original=\"https:\/\/cdn.tgdd.vn\/Products\/Images\/5693\/205980\/may-in-laser-canon-da-chuc-nang-mf241d-13.jpg\" \/><\/a><\/p>\n<h3>M\u00e1y in Scan\u00a0c\u00f3 t\u1ed1c \u0111\u1ed9 in nhanh ch\u00f3ng<\/h3>\n<p>Chi\u1ebfc\u00a0m\u00e1y in\u00a0n\u00e0y ch\u00ednh l\u00e0 s\u1edf h\u1eefu t\u1ed1c \u0111\u1ed9 in l\u00ean t\u1edbi 27 trang\/ph\u00fat, ho\u00e0n to\u00e0n c\u00f3 th\u1ec3 \u0111\u00e1p \u1ee9ng kh\u1ed1i l\u01b0\u1ee3ng l\u00e0m vi\u1ec7c d\u00e0y \u0111\u1eb7c c\u1ee7a\u00a0v\u0103n ph\u00f2ng.<\/p>\n<p>\u0110\u1ed9 ph\u00e2n gi\u1ea3i cao 1200 x 1200 dpi gi\u00fap m\u00e1y in hi\u1ec3n th\u1ecb ch\u1ea5t l\u01b0\u1ee3ng v\u0103n b\u1ea3n t\u1ed1t, kh\u00f4ng b\u1ecb m\u1edd hay nh\u00f2e m\u1ef1c.<\/p>\n<p><a class=\"preventdefault\" href=\"https:\/\/www.thegioididong.com\/images\/5693\/205980\/may-in-laser-canon-da-chuc-nang-mf241d-8.jpg\"><img decoding=\"async\" class=\"lazy\" title=\"M\u00e1y in \u0111a n\u0103ng Canon Laser MF241d - T\u1ed1c \u0111\u1ed9 in\" src=\"https:\/\/cdn.tgdd.vn\/Products\/Images\/5693\/205980\/may-in-laser-canon-da-chuc-nang-mf241d-8.jpg\" alt=\"M\u00e1y in \u0111a n\u0103ng Canon Laser MF241d - T\u1ed1c \u0111\u1ed9 in\" data-original=\"https:\/\/cdn.tgdd.vn\/Products\/Images\/5693\/205980\/may-in-laser-canon-da-chuc-nang-mf241d-8.jpg\" \/><\/a><\/p>\n<h3>M\u00e1y in 2 m\u1eb7t t\u1ef1 \u0111\u1ed9ng\u00a0v\u1edbi kh\u1ea3 n\u0103ng ch\u1ee9a gi\u1ea5y \u0111\u00e3 in 100 t\u1edd c\u00f9ng khay n\u1ea1p gi\u1ea5y 200 t\u1edd, h\u1ea1n ch\u1ebf ch\u00eam th\u00eam gi\u1ea5y khi in<\/h3>\n<p>B\u00ean c\u1ea1nh \u0111\u00f3, khay n\u1ea1p gi\u1ea5y c\u00f3 s\u1ee9c ch\u1ee9a \u0111\u1ebfn 250 t\u1edd gi\u00fap b\u1ea1n kh\u00f4ng ph\u1ea3i t\u1ed1n th\u1eddi gian n\u1ea1p gi\u1ea5y nhi\u1ec1u l\u1ea7n.<\/p>\n<p><a class=\"preventdefault\" href=\"https:\/\/www.thegioididong.com\/images\/5693\/205980\/may-in-laser-canon-da-chuc-nang-mf241d-10.jpg\"><img decoding=\"async\" class=\"lazy\" title=\"M\u00e1y in \u0111a n\u0103ng Canon Laser MF241d - Khay \u0111\u1ef1ng gi\u1ea5y\" src=\"https:\/\/cdn.tgdd.vn\/Products\/Images\/5693\/205980\/may-in-laser-canon-da-chuc-nang-mf241d-10.jpg\" alt=\"M\u00e1y in \u0111a n\u0103ng Canon Laser MF241d - Khay \u0111\u1ef1ng gi\u1ea5y\" data-original=\"https:\/\/cdn.tgdd.vn\/Products\/Images\/5693\/205980\/may-in-laser-canon-da-chuc-nang-mf241d-10.jpg\" \/><\/a><\/p>\n<h3>M\u00e1y in laser tr\u1eafng \u0111en\u00a0ti\u1ebft ki\u1ec7m chi ph\u00ed v\u1edbi m\u1ef1c in ch\u00ednh h\u00e3ng\u00a0Cartridge 337<\/h3>\n<p><a class=\"preventdefault\" href=\"https:\/\/www.thegioididong.com\/images\/5693\/205980\/may-in-laser-canon-da-chuc-nang-mf241d-16.jpg\"><img decoding=\"async\" class=\"lazy\" title=\"M\u00e1y in \u0111a n\u0103ng Canon Laser MF241d - M\u1ef1c in ch\u00ednh h\u00e3ng \" src=\"https:\/\/cdn.tgdd.vn\/Products\/Images\/5693\/205980\/may-in-laser-canon-da-chuc-nang-mf241d-16.jpg\" alt=\"M\u00e1y in \u0111a n\u0103ng Canon Laser MF241d - M\u1ef1c in ch\u00ednh h\u00e3ng \" data-original=\"https:\/\/cdn.tgdd.vn\/Products\/Images\/5693\/205980\/may-in-laser-canon-da-chuc-nang-mf241d-16.jpg\" \/><\/a><\/p>","protected":false},"excerpt":{"rendered":"<ul>\n<li>M\u00e1y in 2 m\u1eb7t<\/li>\n<li>C\u00f3 ch\u1ee9c n\u0103ng scan v\u00e0 photocopy<\/li>\n<li>Nh\u1ecf g\u1ecdn, ph\u00f9 h\u1ee3p v\u1edbi v\u0103n ph\u00f2ng<\/li>\n<\/ul>","protected":false},"featured_media":3798,"comment_status":"open","ping_status":"closed","template":"","meta":{"_acf_changed":false},"product_cat":[369],"product_tag":[],"class_list":{"0":"post-3797","1":"product","2":"type-product","3":"status-publish","4":"has-post-thumbnail","6":"product_cat-canon","8":"first","9":"instock","10":"shipping-taxable","11":"purchasable","12":"product-type-simple"},"acf":[],"yoast_head":"<!-- This site is optimized with the Yoast SEO plugin v23.8 - https:\/\/yoast.com\/wordpress\/plugins\/seo\/ -->\n<title>M\u00e1y in laser Canon \u0111en tr\u1eafng - MF241D (In + Copy + Scan+ \u0110\u1ea3o m\u1eb7t) - ThanhPhat PC<\/title>\n<meta name=\"robots\" content=\"index, follow, max-snippet:-1, max-image-preview:large, max-video-preview:-1\" \/>\n<link rel=\"canonical\" href=\"https:\/\/thanhphatpc.com\/en\/may-in-laser-canon-den-trang-mf241d-in-copy-scan-dao-mat\/\" \/>\n<meta property=\"og:locale\" content=\"en_US\" \/>\n<meta property=\"og:type\" content=\"article\" \/>\n<meta property=\"og:title\" content=\"M\u00e1y in laser Canon \u0111en tr\u1eafng - MF241D (In + Copy + Scan+ \u0110\u1ea3o m\u1eb7t) - ThanhPhat PC\" \/>\n<meta property=\"og:description\" content=\"M\u00e1y in 2 m\u1eb7t  C\u00f3 ch\u1ee9c n\u0103ng scan v\u00e0 photocopy  Nh\u1ecf g\u1ecdn, ph\u00f9 h\u1ee3p v\u1edbi v\u0103n ph\u00f2ng\" \/>\n<meta property=\"og:url\" content=\"https:\/\/thanhphatpc.com\/en\/may-in-laser-canon-den-trang-mf241d-in-copy-scan-dao-mat\/\" \/>\n<meta property=\"og:site_name\" content=\"ThanhPhat PC\" \/>\n<meta property=\"article:modified_time\" content=\"2021-08-14T07:21:39+00:00\" \/>\n<meta property=\"og:image\" content=\"https:\/\/thanhphatpc.com\/wp-content\/uploads\/2020\/03\/1.png\" \/>\n\t<meta property=\"og:image:width\" content=\"400\" \/>\n\t<meta property=\"og:image:height\" content=\"400\" \/>\n\t<meta property=\"og:image:type\" content=\"image\/png\" \/>\n<meta name=\"twitter:card\" content=\"summary_large_image\" \/>\n<meta name=\"twitter:label1\" content=\"Est. reading time\" \/>\n\t<meta name=\"twitter:data1\" content=\"2 minutes\" \/>\n<script type=\"application\/ld+json\" class=\"yoast-schema-graph\">{\"@context\":\"https:\/\/schema.org\",\"@graph\":[{\"@type\":\"WebPage\",\"@id\":\"https:\/\/thanhphatpc.com\/may-in-laser-canon-den-trang-mf241d-in-copy-scan-dao-mat\/\",\"url\":\"https:\/\/thanhphatpc.com\/may-in-laser-canon-den-trang-mf241d-in-copy-scan-dao-mat\/\",\"name\":\"M\u00e1y in laser Canon \u0111en tr\u1eafng - MF241D (In + Copy + Scan+ \u0110\u1ea3o m\u1eb7t) - ThanhPhat PC\",\"isPartOf\":{\"@id\":\"https:\/\/thanhphatpc.com\/#website\"},\"primaryImageOfPage\":{\"@id\":\"https:\/\/thanhphatpc.com\/may-in-laser-canon-den-trang-mf241d-in-copy-scan-dao-mat\/#primaryimage\"},\"image\":{\"@id\":\"https:\/\/thanhphatpc.com\/may-in-laser-canon-den-trang-mf241d-in-copy-scan-dao-mat\/#primaryimage\"},\"thumbnailUrl\":\"https:\/\/thanhphatpc.com\/wp-content\/uploads\/2020\/03\/1.png\",\"datePublished\":\"2020-03-20T12:41:41+00:00\",\"dateModified\":\"2021-08-14T07:21:39+00:00\",\"breadcrumb\":{\"@id\":\"https:\/\/thanhphatpc.com\/may-in-laser-canon-den-trang-mf241d-in-copy-scan-dao-mat\/#breadcrumb\"},\"inLanguage\":\"en-US\",\"potentialAction\":[{\"@type\":\"ReadAction\",\"target\":[\"https:\/\/thanhphatpc.com\/may-in-laser-canon-den-trang-mf241d-in-copy-scan-dao-mat\/\"]}]},{\"@type\":\"ImageObject\",\"inLanguage\":\"en-US\",\"@id\":\"https:\/\/thanhphatpc.com\/may-in-laser-canon-den-trang-mf241d-in-copy-scan-dao-mat\/#primaryimage\",\"url\":\"https:\/\/thanhphatpc.com\/wp-content\/uploads\/2020\/03\/1.png\",\"contentUrl\":\"https:\/\/thanhphatpc.com\/wp-content\/uploads\/2020\/03\/1.png\",\"width\":400,\"height\":400},{\"@type\":\"BreadcrumbList\",\"@id\":\"https:\/\/thanhphatpc.com\/may-in-laser-canon-den-trang-mf241d-in-copy-scan-dao-mat\/#breadcrumb\",\"itemListElement\":[{\"@type\":\"ListItem\",\"position\":1,\"name\":\"Trang ch\u1ee7\",\"item\":\"https:\/\/thanhphatpc.com\/\"},{\"@type\":\"ListItem\",\"position\":2,\"name\":\"C\u1eeda h\u00e0ng\",\"item\":\"https:\/\/thanhphatpc.com\/cua-hang\/\"},{\"@type\":\"ListItem\",\"position\":3,\"name\":\"M\u00e1y in laser Canon \u0111en tr\u1eafng &#8211; MF241D (In + Copy + Scan+ \u0110\u1ea3o m\u1eb7t)\"}]},{\"@type\":\"WebSite\",\"@id\":\"https:\/\/thanhphatpc.com\/#website\",\"url\":\"https:\/\/thanhphatpc.com\/\",\"name\":\"ThanhPhat PC\",\"description\":\"D\u1ecbch v\u1ee5 ho\u00e0n h\u1ea3o\",\"potentialAction\":[{\"@type\":\"SearchAction\",\"target\":{\"@type\":\"EntryPoint\",\"urlTemplate\":\"https:\/\/thanhphatpc.com\/?s={search_term_string}\"},\"query-input\":{\"@type\":\"PropertyValueSpecification\",\"valueRequired\":true,\"valueName\":\"search_term_string\"}}],\"inLanguage\":\"en-US\"}]}<\/script>\n<!-- \/ Yoast SEO plugin. -->","yoast_head_json":{"title":"M\u00e1y in laser Canon \u0111en tr\u1eafng - MF241D (In + Copy + Scan+ \u0110\u1ea3o m\u1eb7t) - ThanhPhat PC","robots":{"index":"index","follow":"follow","max-snippet":"max-snippet:-1","max-image-preview":"max-image-preview:large","max-video-preview":"max-video-preview:-1"},"canonical":"https:\/\/thanhphatpc.com\/en\/may-in-laser-canon-den-trang-mf241d-in-copy-scan-dao-mat\/","og_locale":"en_US","og_type":"article","og_title":"M\u00e1y in laser Canon \u0111en tr\u1eafng - MF241D (In + Copy + Scan+ \u0110\u1ea3o m\u1eb7t) - ThanhPhat PC","og_description":"M\u00e1y in 2 m\u1eb7t  C\u00f3 ch\u1ee9c n\u0103ng scan v\u00e0 photocopy  Nh\u1ecf g\u1ecdn, ph\u00f9 h\u1ee3p v\u1edbi v\u0103n ph\u00f2ng","og_url":"https:\/\/thanhphatpc.com\/en\/may-in-laser-canon-den-trang-mf241d-in-copy-scan-dao-mat\/","og_site_name":"ThanhPhat PC","article_modified_time":"2021-08-14T07:21:39+00:00","og_image":[{"width":400,"height":400,"url":"https:\/\/thanhphatpc.com\/wp-content\/uploads\/2020\/03\/1.png","type":"image\/png"}],"twitter_card":"summary_large_image","twitter_misc":{"Est. reading time":"2 minutes"},"schema":{"@context":"https:\/\/schema.org","@graph":[{"@type":"WebPage","@id":"https:\/\/thanhphatpc.com\/may-in-laser-canon-den-trang-mf241d-in-copy-scan-dao-mat\/","url":"https:\/\/thanhphatpc.com\/may-in-laser-canon-den-trang-mf241d-in-copy-scan-dao-mat\/","name":"M\u00e1y in laser Canon \u0111en tr\u1eafng - MF241D (In + Copy + Scan+ \u0110\u1ea3o m\u1eb7t) - ThanhPhat PC","isPartOf":{"@id":"https:\/\/thanhphatpc.com\/#website"},"primaryImageOfPage":{"@id":"https:\/\/thanhphatpc.com\/may-in-laser-canon-den-trang-mf241d-in-copy-scan-dao-mat\/#primaryimage"},"image":{"@id":"https:\/\/thanhphatpc.com\/may-in-laser-canon-den-trang-mf241d-in-copy-scan-dao-mat\/#primaryimage"},"thumbnailUrl":"https:\/\/thanhphatpc.com\/wp-content\/uploads\/2020\/03\/1.png","datePublished":"2020-03-20T12:41:41+00:00","dateModified":"2021-08-14T07:21:39+00:00","breadcrumb":{"@id":"https:\/\/thanhphatpc.com\/may-in-laser-canon-den-trang-mf241d-in-copy-scan-dao-mat\/#breadcrumb"},"inLanguage":"en-US","potentialAction":[{"@type":"ReadAction","target":["https:\/\/thanhphatpc.com\/may-in-laser-canon-den-trang-mf241d-in-copy-scan-dao-mat\/"]}]},{"@type":"ImageObject","inLanguage":"en-US","@id":"https:\/\/thanhphatpc.com\/may-in-laser-canon-den-trang-mf241d-in-copy-scan-dao-mat\/#primaryimage","url":"https:\/\/thanhphatpc.com\/wp-content\/uploads\/2020\/03\/1.png","contentUrl":"https:\/\/thanhphatpc.com\/wp-content\/uploads\/2020\/03\/1.png","width":400,"height":400},{"@type":"BreadcrumbList","@id":"https:\/\/thanhphatpc.com\/may-in-laser-canon-den-trang-mf241d-in-copy-scan-dao-mat\/#breadcrumb","itemListElement":[{"@type":"ListItem","position":1,"name":"Trang ch\u1ee7","item":"https:\/\/thanhphatpc.com\/"},{"@type":"ListItem","position":2,"name":"C\u1eeda h\u00e0ng","item":"https:\/\/thanhphatpc.com\/cua-hang\/"},{"@type":"ListItem","position":3,"name":"M\u00e1y in laser Canon \u0111en tr\u1eafng &#8211; MF241D (In + Copy + Scan+ \u0110\u1ea3o m\u1eb7t)"}]},{"@type":"WebSite","@id":"https:\/\/thanhphatpc.com\/#website","url":"https:\/\/thanhphatpc.com\/","name":"ThanhPhat PC","description":"D\u1ecbch v\u1ee5 ho\u00e0n h\u1ea3o","potentialAction":[{"@type":"SearchAction","target":{"@type":"EntryPoint","urlTemplate":"https:\/\/thanhphatpc.com\/?s={search_term_string}"},"query-input":{"@type":"PropertyValueSpecification","valueRequired":true,"valueName":"search_term_string"}}],"inLanguage":"en-US"}]}},"_links":{"self":[{"href":"https:\/\/thanhphatpc.com\/en\/wp-json\/wp\/v2\/product\/3797","targetHints":{"allow":["GET"]}}],"collection":[{"href":"https:\/\/thanhphatpc.com\/en\/wp-json\/wp\/v2\/product"}],"about":[{"href":"https:\/\/thanhphatpc.com\/en\/wp-json\/wp\/v2\/types\/product"}],"replies":[{"embeddable":true,"href":"https:\/\/thanhphatpc.com\/en\/wp-json\/wp\/v2\/comments?post=3797"}],"wp:featuredmedia":[{"embeddable":true,"href":"https:\/\/thanhphatpc.com\/en\/wp-json\/wp\/v2\/media\/3798"}],"wp:attachment":[{"href":"https:\/\/thanhphatpc.com\/en\/wp-json\/wp\/v2\/media?parent=3797"}],"wp:term":[{"taxonomy":"product_cat","embeddable":true,"href":"https:\/\/thanhphatpc.com\/en\/wp-json\/wp\/v2\/product_cat?post=3797"},{"taxonomy":"product_tag","embeddable":true,"href":"https:\/\/thanhphatpc.com\/en\/wp-json\/wp\/v2\/product_tag?post=3797"}],"curies":[{"name":"wp","href":"https:\/\/api.w.org\/{rel}","templated":true}]}}