{"id":3810,"date":"2020-03-21T15:22:38","date_gmt":"2020-03-21T08:22:38","guid":{"rendered":"https:\/\/thanhphatpc.com\/?post_type=product&#038;p=3810"},"modified":"2021-07-13T11:55:11","modified_gmt":"2021-07-13T04:55:11","slug":"man-hinh-dell-18-5-e1916hv-1366x768-tn-60hz-5ms","status":"publish","type":"product","link":"https:\/\/thanhphatpc.com\/en\/man-hinh-dell-18-5-e1916hv-1366x768-tn-60hz-5ms\/","title":{"rendered":"M\u00e0n H\u00ecnh Dell 18.5&#8243; E1916HV (1366&#215;768\/TN\/60Hz\/5ms)"},"content":{"rendered":"<h2>M\u00e0n H\u00ecnh\u00a0Dell\u00a018.5&#8243; E1916HV<\/h2>\n<p>V\u1edbi s\u1ea3n ph\u1ea9m Ma\u0300n hi\u0300nh\u00a0Dell\u00a0E1916HV 18.5Inch\u00a0LED, b\u1ea1n c\u00f3 th\u1ec3 c\u00f3 nh\u1eefng tr\u1ea3i nghi\u1ec7m s\u1ed1ng \u0111\u1ed9ng v\u1ec1 h\u00ecnh \u1ea3nh v\u00e0 giao di\u1ec7n s\u1eed d\u1ee5ng. \u0110i\u1ec1u n\u00e0y mang l\u1ea1i nh\u1eefng ti\u1ec7n \u00edch \u0111\u00e1ng k\u1ec3 \u0111\u1ed1i v\u1edbi h\u1ea7u h\u1ebft ng\u01b0\u1eddi d\u00f9ng.<\/p>\n<p><strong>\u0110\u1eb7c \u0111i\u1ec3m n\u1ed5i b\u1eadt c\u1ee7a Ma\u0300n hi\u0300nh\u00a0Dell\u00a0E1916HV 18.5Inch\u00a0LED<\/strong><\/p>\n<ul>\n<li>T\u00ednh n\u0103ng hi\u1ec3n th\u1ecb HD<\/li>\n<li>M\u00e0n h\u00ecnh 18.5 inch<\/li>\n<li>Th\u1eddi gian 5ms<\/li>\n<li>Kh\u1ea3 n\u0103ng k\u1ebft n\u1ed1i<\/li>\n<\/ul>\n<p><strong><img decoding=\"async\" title=\"Man-hinh-may-tinh-Dell-18.5-60Hz-E1916HV\" src=\"https:\/\/phongvu.vn\/media\/wysiwyg\/phongvu\/Manhinh_PV\/Dell\/Man-hinh-may-tinh-Dell-18.5-60Hz-E1916HV-1.jpg\" alt=\"Man-hinh-may-tinh-Dell-18.5-60Hz-E1916HV\" width=\"600\" \/><\/strong><\/p>\n<h3><strong>T\u00ednh n\u0103ng hi\u1ec3n th\u1ecb HD<\/strong><\/h3>\n<p>\u0110a ph\u1ea7n c\u00e1c lo\u1ea1i\u00a0m\u00e0n h\u00ecnh m\u00e1y t\u00ednh\u00a0hi\u1ec7n nay \u0111\u1ec1u trang b\u1ecb kh\u1ea3 n\u0103ng hi\u1ec3n th\u1ecb\u00a0full HD v\u1edbi \u0111\u1ed9 ph\u00e2n gi\u1ea3i cao. V\u1edbi k\u00edch th\u01b0\u1edbc m\u00e0n h\u00ecnh l\u00ean \u0111\u1ebfn 18.5 inch, gi\u00fap h\u00ecnh \u1ea3nh c\u00f3 \u0111\u01b0\u1ee3c g\u00f3c nh\u00ecn r\u1ed9ng t\u1eeb m\u1ecdi g\u00f3c \u0111\u1ed9. D\u00f9 \u1ea3nh l\u1edbn, nh\u01b0ng v\u1eabn \u0111\u1ea3m b\u1ea3o \u0111\u01b0\u1ee3c \u0111\u1ed9 s\u1eafc n\u00e9t v\u00e0 tinh t\u1ebf c\u1ee7a \u1ea3nh qua t\u1eebng \u0111\u01b0\u1eddng n\u00e9t. \u0110i\u1ec1u n\u00e0y gi\u00fap cho c\u00e1c b\u1ea1n c\u00f3 th\u1ec3 l\u00e0m vi\u1ec7c v\u00e0 gi\u1ea3i tr\u00ed th\u1eadt tuy\u1ec7t v\u1eddi. Ngo\u00e0i ra, \u0111\u1ed9 ph\u00e2n gi\u1ea3i cao c\u1ee7a\u00a0<strong>Ma\u0300n hi\u0300nh Dell\u00a0E1916HV 18.5Inch\u00a0LED<\/strong>\u00a0c\u00f2n gi\u00fap cho nh\u1eefng ai th\u1ef1c hi\u1ec7n c\u00e1c ch\u01b0\u01a1ng tr\u00ecnh \u0111\u1ed3 h\u1ecda \u0111\u1ec1u th\u1ef1c s\u1ef1 h\u00e0i l\u00f2ng v\u1edbi ch\u1ea5t l\u01b0\u1ee3ng h\u00ecnh \u1ea3nh m\u00e0 h\u1ecd nh\u1eadn \u0111\u01b0\u1ee3c.<\/p>\n<h3><strong>M\u00e0n h\u00ecnh 18.5 inch<\/strong><\/h3>\n<p>Khung \u1ea3nh s\u1ed1ng \u0111\u1ed9ng t\u1eeb c\u00f3 k\u00edch th\u01b0\u1edbc 18.5 inch s\u1ebd t\u1ea1o n\u00ean c\u1ea3m gi\u00e1c l\u00e0m vi\u1ec7c v\u00e0 gi\u1ea3i tr\u00ed v\u1edbi s\u1ef1 ho\u00e0n h\u1ea3o v\u00e0 h\u00e0i l\u00f2ng c\u1ef1c \u0111\u1ed9. \u0110\u1ed9 ph\u00e2n gi\u1ea3i cao c\u1ee7a h\u00ecnh \u1ea3nh l\u00ean \u0111\u1ebfn 1366&#215;768 pixel \u0111\u1ec3 t\u1ea1o n\u00ean nh\u1eefng h\u00ecnh \u1ea3nh th\u1ef1c s\u1ef1 s\u1ed1ng \u0111\u1ed9ng. \u0110i\u1ec1u n\u00e0y c\u0169ng h\u1ed7 tr\u1ee3 c\u00e1c chuy\u00ean gia \u0111\u1ed3 h\u1ecda trong vi\u1ec7c ch\u1ecdn l\u1ef1a \u0111\u01b0\u1ee3c h\u00ecnh \u1ea3nh v\u00e0 v\u1ecb tr\u00ec s\u1eafp \u0111\u1eb7t ch\u00ednh x\u00e1c nh\u1ea5t.<\/p>\n<p><strong><img decoding=\"async\" title=\"Man-hinh-may-tinh-Dell-18.5-60Hz-E1916HV\" src=\"https:\/\/phongvu.vn\/media\/wysiwyg\/phongvu\/Manhinh_PV\/Dell\/Man-hinh-may-tinh-Dell-18.5-60Hz-E1916HV-2.jpg\" alt=\"Man-hinh-may-tinh-Dell-18.5-60Hz-E1916HV\" width=\"600\" \/><\/strong><\/p>\n<h3><strong>Th\u1eddi gian 5ms<\/strong><\/h3>\n<p>V\u1edbi kh\u1ea3 n\u0103ng v\u1ec1 m\u1eb7t th\u1eddi gian \u0111\u00e1p \u1ee9ng 5ms,\u00a0<strong>Ma\u0300n hi\u0300nh\u00a0Dell\u00a0E1916HV 18.5Inch\u00a0LED\u00a0<\/strong>s\u1ebd c\u00f3 kh\u1ea3 n\u0103ng ph\u00e1t nh\u1eefng chuy\u1ec3n \u0111\u1ed9ng r\u1ea5t nhanh v\u00e0 c\u00f3 th\u1ec3 r\u1ea5t t\u1ef1 nhi\u00ean v\u00e0 m\u1eb7n m\u00e0. T\u1ea5t c\u1ea3 c\u00e1c \u0111i\u1ec3m nh\u00f2e hay t\u1ed1i m\u00e0u s\u1ebd \u0111\u01b0\u1ee3c gi\u1ea3m thi\u1ec3u t\u1ed1i \u0111a, cho ra nh\u1eefng khung h\u00ecnh r\u1ea5t h\u1ea5p d\u1eabn, ch\u00e2n th\u1ef1c v\u00e0 s\u1eafc n\u00e9t kh\u00f4ng ng\u1edd.<\/p>\n<h3><strong>Kh\u1ea3 n\u0103ng k\u1ebft n\u1ed1i<\/strong><\/h3>\n<p>\u0110\u1ed1i v\u1edbi\u00a0<strong>Ma\u0300n hi\u0300nh\u00a0Dell\u00a0E1916HV 18.5Inch\u00a0LED<\/strong>, ch\u00fang c\u00f3 kh\u1ea3 n\u0103ng k\u1ebft n\u1ed1i th\u00f4ng d\u1ee5ng r\u1ea5t l\u1edbn, \u0111\u1eb7c bi\u1ec7t l\u00e0 k\u1ebft n\u1ed1i\u00a0VGA\u00a0m\u1ea1nh m\u1ebd h\u1ed7 tr\u1ee3 b\u1ea1n t\u1ed1i \u0111a trong vi\u1ec7c n\u1ed1i v\u1edbi case\u00a0PC\u00a0\u0111\u1ec3 t\u1ea1o n\u00ean nh\u1eefng thao t\u00e1c r\u1ea5t linh \u0111\u1ed9ng v\u00e0 thu\u1eadn l\u1ee3i.<\/p>\n<p>N\u1ebfu b\u1ea1n \u0111ang b\u0103n kho\u0103n kh\u00f4ng bi\u1ebft n\u00ean ch\u1ecdn lo\u1ea1i m\u00e0n h\u00ecnh n\u00e0o, th\u00ec\u00a0<strong>Ma\u0300n hi\u0300nh\u00a0Dell\u00a0E1916HV 18.5Inch\u00a0LED<\/strong>\u00a0c\u0169ng l\u00e0 m\u1ed9t g\u1ee3i \u00fd hay v\u00e0 th\u00fa v\u1ecb. Th\u00f4ng th\u01b0\u1eddng, th\u1eddi gian b\u1ea3o h\u00e0nh cho nh\u1eefng lo\u1ea1i m\u00e0n h\u00ecnh n\u00e0y th\u01b0\u1eddng l\u00e0 3 n\u0103m. N\u1ebfu b\u1ea1n ch\u01b0a c\u00f3 \u0111i\u1ec1u ki\u1ec7n \u0111\u1ec3 mua m\u1ed9t chi\u1ebfc m\u00e0n h\u00ecnh m\u1edbi, vi\u1ec7c mua l\u1ea1i m\u00e0n h\u00ecnh c\u0169 \u0111\u1ec3 s\u1eed d\u1ee5ng c\u0169ng l\u00e0 m\u1ed9t ph\u01b0\u01a1ng \u00e1n hay. Tuy nhi\u00ean, b\u1ea1n c\u1ea7n ki\u1ec3m tra th\u1eadt k\u1ef9 tr\u01b0\u1edbc khi s\u1eed d\u1ee5ng \u0111\u1ec3 ph\u00e1t hi\u1ec7n xem c\u00f3 b\u1ea5t k\u1ef3 l\u1ed7i n\u00e0o x\u1ea3y ra hay kh\u00f4ng. Khi s\u1eed d\u1ee5ng nh\u1eefng lo\u1ea1i m\u00e0n h\u00ecnh nh\u01b0 th\u1ebf n\u00e0y, vi\u1ec7c gi\u1eef v\u1ec7 sinh c\u0169ng r\u1ea5t quan tr\u1ecdng v\u00ec nh\u1eefng v\u1ebft b\u1ee5i b\u1ea9n kh\u00f4ng \u0111\u01b0\u1ee3c lo\u1ea1i b\u1ecf s\u1ebd \u1ea3nh h\u01b0\u1edfng kh\u00e1c nhi\u1ec1u \u0111\u1ebfn ch\u1ea5t l\u01b0\u1ee3ng c\u1ee7a h\u00ecnh \u1ea3nh v\u00e0 th\u1eadm ch\u00ed l\u00e0 ch\u1ea5t l\u01b0\u1ee3ng c\u1ee7a m\u00e0n h\u00ecnh.<\/p>\n<p><strong><img decoding=\"async\" title=\"Man-hinh-may-tinh-Dell-18.5-60Hz-E1916HV\" src=\"https:\/\/phongvu.vn\/media\/wysiwyg\/phongvu\/Manhinh_PV\/Dell\/Man-hinh-may-tinh-Dell-18.5-60Hz-E1916HV-3.jpg\" alt=\"Man-hinh-may-tinh-Dell-18.5-60Hz-E1916HV\" width=\"600\" \/><\/strong><\/p>","protected":false},"excerpt":{"rendered":"<p>&#8211; K\u00edch th\u01b0\u1edbc: 18.5&#8243;<br \/>\n&#8211; \u0110\u1ed9 ph\u00e2n gi\u1ea3i: 1366 x 768 ( 16:9 )<br \/>\n&#8211; Go\u0301c nhi\u0300n: 90 (H) \/ 65 (V)<br \/>\n&#8211; Th\u01a1\u0300i gian pha\u0309n h\u00f4\u0300i: 5 ms<\/p>","protected":false},"featured_media":3811,"comment_status":"open","ping_status":"closed","template":"","meta":{"_acf_changed":false},"product_cat":[383],"product_tag":[],"class_list":{"0":"post-3810","1":"product","2":"type-product","3":"status-publish","4":"has-post-thumbnail","6":"product_cat-man-hinh","8":"first","9":"instock","10":"shipping-taxable","11":"purchasable","12":"product-type-simple"},"acf":[],"yoast_head":"<!-- This site is optimized with the Yoast SEO plugin v23.8 - https:\/\/yoast.com\/wordpress\/plugins\/seo\/ -->\n<title>M\u00e0n H\u00ecnh Dell 18.5&quot; E1916HV (1366x768\/TN\/60Hz\/5ms) - ThanhPhat PC<\/title>\n<meta name=\"robots\" content=\"index, follow, max-snippet:-1, max-image-preview:large, max-video-preview:-1\" \/>\n<link rel=\"canonical\" href=\"https:\/\/thanhphatpc.com\/en\/man-hinh-dell-18-5-e1916hv-1366x768-tn-60hz-5ms\/\" \/>\n<meta property=\"og:locale\" content=\"en_US\" \/>\n<meta property=\"og:type\" content=\"article\" \/>\n<meta property=\"og:title\" content=\"M\u00e0n H\u00ecnh Dell 18.5&quot; E1916HV (1366x768\/TN\/60Hz\/5ms) - ThanhPhat PC\" \/>\n<meta property=\"og:description\" content=\"- K\u00edch th\u01b0\u1edbc: 18.5&quot; - \u0110\u1ed9 ph\u00e2n gi\u1ea3i: 1366 x 768 ( 16:9 ) - Go\u0301c nhi\u0300n: 90 (H) \/ 65 (V) - Th\u01a1\u0300i gian pha\u0309n h\u00f4\u0300i: 5 ms\" \/>\n<meta property=\"og:url\" content=\"https:\/\/thanhphatpc.com\/en\/man-hinh-dell-18-5-e1916hv-1366x768-tn-60hz-5ms\/\" \/>\n<meta property=\"og:site_name\" content=\"ThanhPhat PC\" \/>\n<meta property=\"article:modified_time\" content=\"2021-07-13T04:55:11+00:00\" \/>\n<meta property=\"og:image\" content=\"https:\/\/thanhphatpc.com\/wp-content\/uploads\/2020\/03\/1-11.jpg\" \/>\n\t<meta property=\"og:image:width\" content=\"312\" \/>\n\t<meta property=\"og:image:height\" content=\"311\" \/>\n\t<meta property=\"og:image:type\" content=\"image\/jpeg\" \/>\n<meta name=\"twitter:card\" content=\"summary_large_image\" \/>\n<meta name=\"twitter:label1\" content=\"Est. reading time\" \/>\n\t<meta name=\"twitter:data1\" content=\"4 minutes\" \/>\n<script type=\"application\/ld+json\" class=\"yoast-schema-graph\">{\"@context\":\"https:\/\/schema.org\",\"@graph\":[{\"@type\":\"WebPage\",\"@id\":\"https:\/\/thanhphatpc.com\/man-hinh-dell-18-5-e1916hv-1366x768-tn-60hz-5ms\/\",\"url\":\"https:\/\/thanhphatpc.com\/man-hinh-dell-18-5-e1916hv-1366x768-tn-60hz-5ms\/\",\"name\":\"M\u00e0n H\u00ecnh Dell 18.5\\\" E1916HV (1366x768\/TN\/60Hz\/5ms) - ThanhPhat PC\",\"isPartOf\":{\"@id\":\"https:\/\/thanhphatpc.com\/#website\"},\"primaryImageOfPage\":{\"@id\":\"https:\/\/thanhphatpc.com\/man-hinh-dell-18-5-e1916hv-1366x768-tn-60hz-5ms\/#primaryimage\"},\"image\":{\"@id\":\"https:\/\/thanhphatpc.com\/man-hinh-dell-18-5-e1916hv-1366x768-tn-60hz-5ms\/#primaryimage\"},\"thumbnailUrl\":\"https:\/\/thanhphatpc.com\/wp-content\/uploads\/2020\/03\/1-11.jpg\",\"datePublished\":\"2020-03-21T08:22:38+00:00\",\"dateModified\":\"2021-07-13T04:55:11+00:00\",\"breadcrumb\":{\"@id\":\"https:\/\/thanhphatpc.com\/man-hinh-dell-18-5-e1916hv-1366x768-tn-60hz-5ms\/#breadcrumb\"},\"inLanguage\":\"en-US\",\"potentialAction\":[{\"@type\":\"ReadAction\",\"target\":[\"https:\/\/thanhphatpc.com\/man-hinh-dell-18-5-e1916hv-1366x768-tn-60hz-5ms\/\"]}]},{\"@type\":\"ImageObject\",\"inLanguage\":\"en-US\",\"@id\":\"https:\/\/thanhphatpc.com\/man-hinh-dell-18-5-e1916hv-1366x768-tn-60hz-5ms\/#primaryimage\",\"url\":\"https:\/\/thanhphatpc.com\/wp-content\/uploads\/2020\/03\/1-11.jpg\",\"contentUrl\":\"https:\/\/thanhphatpc.com\/wp-content\/uploads\/2020\/03\/1-11.jpg\",\"width\":312,\"height\":311},{\"@type\":\"BreadcrumbList\",\"@id\":\"https:\/\/thanhphatpc.com\/man-hinh-dell-18-5-e1916hv-1366x768-tn-60hz-5ms\/#breadcrumb\",\"itemListElement\":[{\"@type\":\"ListItem\",\"position\":1,\"name\":\"Trang ch\u1ee7\",\"item\":\"https:\/\/thanhphatpc.com\/\"},{\"@type\":\"ListItem\",\"position\":2,\"name\":\"C\u1eeda h\u00e0ng\",\"item\":\"https:\/\/thanhphatpc.com\/cua-hang\/\"},{\"@type\":\"ListItem\",\"position\":3,\"name\":\"M\u00e0n H\u00ecnh Dell 18.5&#8243; E1916HV (1366&#215;768\/TN\/60Hz\/5ms)\"}]},{\"@type\":\"WebSite\",\"@id\":\"https:\/\/thanhphatpc.com\/#website\",\"url\":\"https:\/\/thanhphatpc.com\/\",\"name\":\"ThanhPhat PC\",\"description\":\"D\u1ecbch v\u1ee5 ho\u00e0n h\u1ea3o\",\"potentialAction\":[{\"@type\":\"SearchAction\",\"target\":{\"@type\":\"EntryPoint\",\"urlTemplate\":\"https:\/\/thanhphatpc.com\/?s={search_term_string}\"},\"query-input\":{\"@type\":\"PropertyValueSpecification\",\"valueRequired\":true,\"valueName\":\"search_term_string\"}}],\"inLanguage\":\"en-US\"}]}<\/script>\n<!-- \/ Yoast SEO plugin. -->","yoast_head_json":{"title":"M\u00e0n H\u00ecnh Dell 18.5\" E1916HV (1366x768\/TN\/60Hz\/5ms) - ThanhPhat PC","robots":{"index":"index","follow":"follow","max-snippet":"max-snippet:-1","max-image-preview":"max-image-preview:large","max-video-preview":"max-video-preview:-1"},"canonical":"https:\/\/thanhphatpc.com\/en\/man-hinh-dell-18-5-e1916hv-1366x768-tn-60hz-5ms\/","og_locale":"en_US","og_type":"article","og_title":"M\u00e0n H\u00ecnh Dell 18.5\" E1916HV (1366x768\/TN\/60Hz\/5ms) - ThanhPhat PC","og_description":"- K\u00edch th\u01b0\u1edbc: 18.5\" - \u0110\u1ed9 ph\u00e2n gi\u1ea3i: 1366 x 768 ( 16:9 ) - Go\u0301c nhi\u0300n: 90 (H) \/ 65 (V) - Th\u01a1\u0300i gian pha\u0309n h\u00f4\u0300i: 5 ms","og_url":"https:\/\/thanhphatpc.com\/en\/man-hinh-dell-18-5-e1916hv-1366x768-tn-60hz-5ms\/","og_site_name":"ThanhPhat PC","article_modified_time":"2021-07-13T04:55:11+00:00","og_image":[{"width":312,"height":311,"url":"https:\/\/thanhphatpc.com\/wp-content\/uploads\/2020\/03\/1-11.jpg","type":"image\/jpeg"}],"twitter_card":"summary_large_image","twitter_misc":{"Est. reading time":"4 minutes"},"schema":{"@context":"https:\/\/schema.org","@graph":[{"@type":"WebPage","@id":"https:\/\/thanhphatpc.com\/man-hinh-dell-18-5-e1916hv-1366x768-tn-60hz-5ms\/","url":"https:\/\/thanhphatpc.com\/man-hinh-dell-18-5-e1916hv-1366x768-tn-60hz-5ms\/","name":"M\u00e0n H\u00ecnh Dell 18.5\" E1916HV (1366x768\/TN\/60Hz\/5ms) - ThanhPhat PC","isPartOf":{"@id":"https:\/\/thanhphatpc.com\/#website"},"primaryImageOfPage":{"@id":"https:\/\/thanhphatpc.com\/man-hinh-dell-18-5-e1916hv-1366x768-tn-60hz-5ms\/#primaryimage"},"image":{"@id":"https:\/\/thanhphatpc.com\/man-hinh-dell-18-5-e1916hv-1366x768-tn-60hz-5ms\/#primaryimage"},"thumbnailUrl":"https:\/\/thanhphatpc.com\/wp-content\/uploads\/2020\/03\/1-11.jpg","datePublished":"2020-03-21T08:22:38+00:00","dateModified":"2021-07-13T04:55:11+00:00","breadcrumb":{"@id":"https:\/\/thanhphatpc.com\/man-hinh-dell-18-5-e1916hv-1366x768-tn-60hz-5ms\/#breadcrumb"},"inLanguage":"en-US","potentialAction":[{"@type":"ReadAction","target":["https:\/\/thanhphatpc.com\/man-hinh-dell-18-5-e1916hv-1366x768-tn-60hz-5ms\/"]}]},{"@type":"ImageObject","inLanguage":"en-US","@id":"https:\/\/thanhphatpc.com\/man-hinh-dell-18-5-e1916hv-1366x768-tn-60hz-5ms\/#primaryimage","url":"https:\/\/thanhphatpc.com\/wp-content\/uploads\/2020\/03\/1-11.jpg","contentUrl":"https:\/\/thanhphatpc.com\/wp-content\/uploads\/2020\/03\/1-11.jpg","width":312,"height":311},{"@type":"BreadcrumbList","@id":"https:\/\/thanhphatpc.com\/man-hinh-dell-18-5-e1916hv-1366x768-tn-60hz-5ms\/#breadcrumb","itemListElement":[{"@type":"ListItem","position":1,"name":"Trang ch\u1ee7","item":"https:\/\/thanhphatpc.com\/"},{"@type":"ListItem","position":2,"name":"C\u1eeda h\u00e0ng","item":"https:\/\/thanhphatpc.com\/cua-hang\/"},{"@type":"ListItem","position":3,"name":"M\u00e0n H\u00ecnh Dell 18.5&#8243; E1916HV (1366&#215;768\/TN\/60Hz\/5ms)"}]},{"@type":"WebSite","@id":"https:\/\/thanhphatpc.com\/#website","url":"https:\/\/thanhphatpc.com\/","name":"ThanhPhat PC","description":"D\u1ecbch v\u1ee5 ho\u00e0n h\u1ea3o","potentialAction":[{"@type":"SearchAction","target":{"@type":"EntryPoint","urlTemplate":"https:\/\/thanhphatpc.com\/?s={search_term_string}"},"query-input":{"@type":"PropertyValueSpecification","valueRequired":true,"valueName":"search_term_string"}}],"inLanguage":"en-US"}]}},"_links":{"self":[{"href":"https:\/\/thanhphatpc.com\/en\/wp-json\/wp\/v2\/product\/3810","targetHints":{"allow":["GET"]}}],"collection":[{"href":"https:\/\/thanhphatpc.com\/en\/wp-json\/wp\/v2\/product"}],"about":[{"href":"https:\/\/thanhphatpc.com\/en\/wp-json\/wp\/v2\/types\/product"}],"replies":[{"embeddable":true,"href":"https:\/\/thanhphatpc.com\/en\/wp-json\/wp\/v2\/comments?post=3810"}],"wp:featuredmedia":[{"embeddable":true,"href":"https:\/\/thanhphatpc.com\/en\/wp-json\/wp\/v2\/media\/3811"}],"wp:attachment":[{"href":"https:\/\/thanhphatpc.com\/en\/wp-json\/wp\/v2\/media?parent=3810"}],"wp:term":[{"taxonomy":"product_cat","embeddable":true,"href":"https:\/\/thanhphatpc.com\/en\/wp-json\/wp\/v2\/product_cat?post=3810"},{"taxonomy":"product_tag","embeddable":true,"href":"https:\/\/thanhphatpc.com\/en\/wp-json\/wp\/v2\/product_tag?post=3810"}],"curies":[{"name":"wp","href":"https:\/\/api.w.org\/{rel}","templated":true}]}}