{"id":3812,"date":"2020-03-21T15:31:25","date_gmt":"2020-03-21T08:31:25","guid":{"rendered":"https:\/\/thanhphatpc.com\/?post_type=product&#038;p=3812"},"modified":"2021-10-12T14:08:01","modified_gmt":"2021-10-12T07:08:01","slug":"man-hinh-dell-19-5-e2016hv-1600x900-5ms","status":"publish","type":"product","link":"https:\/\/thanhphatpc.com\/en\/man-hinh-dell-19-5-e2016hv-1600x900-5ms\/","title":{"rendered":"M\u00e0n H\u00ecnh Dell 19.5&#8243; E2016HV (1600&#215;900\/5ms)"},"content":{"rendered":"<h3>M\u00c0N H\u00ccNH 19.5 INCHES\u00a0\u0110\u1ed8 PH\u00c2N GI\u1ea2I 1600 X 900<\/h3>\n<p><img decoding=\"async\" title=\"Man-hinh-may-tinh-Dell-19.5-60Hz-E2016HV-\" src=\"https:\/\/phongvu.vn\/media\/wysiwyg\/phongvu\/Manhinh_PV\/Dell\/Man-hinh-may-tinh-Dell-19.5-60Hz-E2016HV-2.jpg\" alt=\"Man-hinh-may-tinh-Dell-19.5-60Hz-E2016HV-\" \/><\/p>\n<p>M\u00e0n h\u00ecnh m\u00e1y t\u00ednh\u00a0Dell\u00a0E2016HV\u00a0c\u00f3 k\u00edch th\u01b0\u1edbc 19.5 inches \u0111\u1ed9 ph\u00e2n gi\u1ea3i 1600 x 900, mang \u0111\u1ebfn kh\u1ea3 n\u0103ng hi\u1ec3n th\u1ecb h\u00ecnh \u1ea3nh s\u1eafc n\u00e9t, r\u00f5 r\u00e0ng.\u00a0m\u00e0n h\u00ecnh m\u00e1y t\u00ednh\u00a0Dell\u00a0E2016HV\u00a0c\u00f2n c\u00f3 kh\u1ea3 n\u0103ng ch\u1ed1ng ch\u00f3i hi\u1ec7u qu\u1ea3, \u0111\u1ec3 b\u1ea1n c\u00f3 th\u1ec3 l\u00e0m vi\u1ec7c d\u1ec5 d\u00e0ng trong \u0111i\u1ec1u ki\u1ec7n \u00e1nh s\u00e1ng m\u1ea1nh.<\/p>\n<h3>C\u00d4NG NGH\u1ec6 HI\u1ec6N \u0110\u1ea0I<\/h3>\n<p><img decoding=\"async\" title=\"Man-hinh-may-tinh-Dell-19.5-60Hz-E2016HV-\" src=\"https:\/\/phongvu.vn\/media\/wysiwyg\/phongvu\/Manhinh_PV\/Dell\/Man-hinh-may-tinh-Dell-19.5-60Hz-E2016HV-3.jpg\" alt=\"Man-hinh-may-tinh-Dell-19.5-60Hz-E2016HV-\" \/><\/p>\n<p>V\u1edbi c\u00f4ng ngh\u1ec7 x\u1eed l\u00fd h\u00ecnh \u1ea3nh hi\u1ec7n \u0111\u1ea1i,\u00a0m\u00e0n h\u00ecnh m\u00e1y t\u00ednh\u00a0Dell\u00a0E2016HV\u00a0\u0111em \u0111\u1ebfn nh\u1eefng h\u00ecnh \u1ea3nh v\u1edbi m\u00e0u s\u1eafc \u0111\u01b0\u1ee3c th\u1ec3 hi\u1ec7n r\u1ef1c r\u1ee1. S\u1ef1 kh\u00e1c bi\u1ec7t gi\u1eefa gam m\u00e0u \u0111en, tr\u1eafng tr\u00ean\u00a0m\u00e0n h\u00ecnh m\u00e1y t\u00ednh\u00a0Dell\u00a0E2016HV\u00a0r\u1ed9ng v\u00e0 r\u00f5 r\u00e0ng, mang l\u1ea1i s\u1ef1 t\u01b0\u01a1ng ph\u1ea3n cao cho h\u00ecnh \u1ea3nh, \u0111\u1ec3 b\u1ea1n c\u00f3 th\u1ec3 c\u1ea3m nh\u1eadn \u0111\u01b0\u1ee3c s\u1ef1 s\u1eafc n\u00e9t, chi\u1ec1u s\u00e2u c\u1ee7a nh\u1eefng khung \u1ea3nh.<\/p>\n<h3>C\u1ea2M GI\u00c1C XEM TH\u00da V\u1eca<\/h3>\n<p><img decoding=\"async\" title=\"Man-hinh-may-tinh-Dell-19.5-60Hz-E2016HV-\" src=\"https:\/\/phongvu.vn\/media\/wysiwyg\/phongvu\/Manhinh_PV\/Dell\/Man-hinh-may-tinh-Dell-19.5-60Hz-E2016HV-4.jpg\" alt=\"Man-hinh-may-tinh-Dell-19.5-60Hz-E2016HV-\" \/><\/p>\n<p>M\u00e0n h\u00ecnh m\u00e1y t\u00ednh\u00a0Dell\u00a0E2016HV\u00a0c\u00f3 g\u00f3c nh\u00ecn r\u1ed9ng 170 \u0111\u1ed9, s\u1ebd r\u1ea5t ti\u1ec7n l\u1ee3i khi b\u1ea1n c\u00f9ng v\u1edbi nhi\u1ec1u ng\u01b0\u1eddi xem phim tr\u00ean m\u00e0n h\u00ecnh m\u00e0 v\u1eabn theo d\u00f5i \u0111\u01b0\u1ee3c tr\u1ecdn v\u1eb9n n\u1ed9i dung khi kh\u00f4ng ng\u1ed3i tr\u1ef1c di\u1ec7n.\u00a0C\u00e1c c\u1ea3nh c\u00f3 t\u1ed1c \u0111\u1ed9 chuy\u1ec3n \u0111\u1ed9ng nhanh c\u0169ng kh\u00f4ng xu\u1ea5t hi\u1ec7n b\u00f3ng m\u1edd hay t\u00ecnh tr\u1ea1ng gi\u1eadt kh\u00f3 ch\u1ecbu v\u00ec\u00a0m\u00e0n h\u00ecnh m\u00e1y t\u00ednh\u00a0Dell\u00a0E2016HV\u00a0c\u00f3 th\u1eddi gian \u0111\u00e1p \u1ee9ng r\u1ea5t ng\u1eafn 5 ms.<\/p>","protected":false},"excerpt":{"rendered":"<p>&#8211; K\u00edch th\u01b0\u1edbc: 19.5&#8243;<br \/>\n&#8211; \u0110\u1ed9 ph\u00e2n gi\u1ea3i: 1600 x 900 ( 16:9 )<br \/>\n&#8211; Go\u0301c nhi\u0300n: 170 (H) \/ 160 (V)<br \/>\n&#8211; Th\u01a1\u0300i gian pha\u0309n h\u00f4\u0300i: 5 ms<\/p>","protected":false},"featured_media":3811,"comment_status":"open","ping_status":"closed","template":"","meta":{"_acf_changed":false},"product_cat":[383,382],"product_tag":[],"class_list":{"0":"post-3812","1":"product","2":"type-product","3":"status-publish","4":"has-post-thumbnail","6":"product_cat-man-hinh","7":"product_cat-pc","9":"first","10":"onbackorder","11":"shipping-taxable","12":"purchasable","13":"product-type-simple"},"acf":[],"yoast_head":"<!-- This site is optimized with the Yoast SEO plugin v23.8 - https:\/\/yoast.com\/wordpress\/plugins\/seo\/ -->\n<title>M\u00e0n H\u00ecnh Dell 19.5&quot; E2016HV (1600x900\/5ms) - ThanhPhat PC<\/title>\n<meta name=\"robots\" content=\"index, follow, max-snippet:-1, max-image-preview:large, max-video-preview:-1\" \/>\n<link rel=\"canonical\" href=\"https:\/\/thanhphatpc.com\/en\/man-hinh-dell-19-5-e2016hv-1600x900-5ms\/\" \/>\n<meta property=\"og:locale\" content=\"en_US\" \/>\n<meta property=\"og:type\" content=\"article\" \/>\n<meta property=\"og:title\" content=\"M\u00e0n H\u00ecnh Dell 19.5&quot; E2016HV (1600x900\/5ms) - ThanhPhat PC\" \/>\n<meta property=\"og:description\" content=\"- K\u00edch th\u01b0\u1edbc: 19.5&quot; - \u0110\u1ed9 ph\u00e2n gi\u1ea3i: 1600 x 900 ( 16:9 ) - Go\u0301c nhi\u0300n: 170 (H) \/ 160 (V) - Th\u01a1\u0300i gian pha\u0309n h\u00f4\u0300i: 5 ms\" \/>\n<meta property=\"og:url\" content=\"https:\/\/thanhphatpc.com\/en\/man-hinh-dell-19-5-e2016hv-1600x900-5ms\/\" \/>\n<meta property=\"og:site_name\" content=\"ThanhPhat PC\" \/>\n<meta property=\"article:modified_time\" content=\"2021-10-12T07:08:01+00:00\" \/>\n<meta property=\"og:image\" content=\"https:\/\/thanhphatpc.com\/wp-content\/uploads\/2020\/03\/1-11.jpg\" \/>\n\t<meta property=\"og:image:width\" content=\"312\" \/>\n\t<meta property=\"og:image:height\" content=\"311\" \/>\n\t<meta property=\"og:image:type\" content=\"image\/jpeg\" \/>\n<meta name=\"twitter:card\" content=\"summary_large_image\" \/>\n<meta name=\"twitter:label1\" content=\"Est. reading time\" \/>\n\t<meta name=\"twitter:data1\" content=\"2 minutes\" \/>\n<script type=\"application\/ld+json\" class=\"yoast-schema-graph\">{\"@context\":\"https:\/\/schema.org\",\"@graph\":[{\"@type\":\"WebPage\",\"@id\":\"https:\/\/thanhphatpc.com\/man-hinh-dell-19-5-e2016hv-1600x900-5ms\/\",\"url\":\"https:\/\/thanhphatpc.com\/man-hinh-dell-19-5-e2016hv-1600x900-5ms\/\",\"name\":\"M\u00e0n H\u00ecnh Dell 19.5\\\" E2016HV (1600x900\/5ms) - ThanhPhat PC\",\"isPartOf\":{\"@id\":\"https:\/\/thanhphatpc.com\/#website\"},\"primaryImageOfPage\":{\"@id\":\"https:\/\/thanhphatpc.com\/man-hinh-dell-19-5-e2016hv-1600x900-5ms\/#primaryimage\"},\"image\":{\"@id\":\"https:\/\/thanhphatpc.com\/man-hinh-dell-19-5-e2016hv-1600x900-5ms\/#primaryimage\"},\"thumbnailUrl\":\"https:\/\/thanhphatpc.com\/wp-content\/uploads\/2020\/03\/1-11.jpg\",\"datePublished\":\"2020-03-21T08:31:25+00:00\",\"dateModified\":\"2021-10-12T07:08:01+00:00\",\"breadcrumb\":{\"@id\":\"https:\/\/thanhphatpc.com\/man-hinh-dell-19-5-e2016hv-1600x900-5ms\/#breadcrumb\"},\"inLanguage\":\"en-US\",\"potentialAction\":[{\"@type\":\"ReadAction\",\"target\":[\"https:\/\/thanhphatpc.com\/man-hinh-dell-19-5-e2016hv-1600x900-5ms\/\"]}]},{\"@type\":\"ImageObject\",\"inLanguage\":\"en-US\",\"@id\":\"https:\/\/thanhphatpc.com\/man-hinh-dell-19-5-e2016hv-1600x900-5ms\/#primaryimage\",\"url\":\"https:\/\/thanhphatpc.com\/wp-content\/uploads\/2020\/03\/1-11.jpg\",\"contentUrl\":\"https:\/\/thanhphatpc.com\/wp-content\/uploads\/2020\/03\/1-11.jpg\",\"width\":312,\"height\":311},{\"@type\":\"BreadcrumbList\",\"@id\":\"https:\/\/thanhphatpc.com\/man-hinh-dell-19-5-e2016hv-1600x900-5ms\/#breadcrumb\",\"itemListElement\":[{\"@type\":\"ListItem\",\"position\":1,\"name\":\"Trang ch\u1ee7\",\"item\":\"https:\/\/thanhphatpc.com\/\"},{\"@type\":\"ListItem\",\"position\":2,\"name\":\"C\u1eeda h\u00e0ng\",\"item\":\"https:\/\/thanhphatpc.com\/cua-hang\/\"},{\"@type\":\"ListItem\",\"position\":3,\"name\":\"M\u00e0n H\u00ecnh Dell 19.5&#8243; E2016HV (1600&#215;900\/5ms)\"}]},{\"@type\":\"WebSite\",\"@id\":\"https:\/\/thanhphatpc.com\/#website\",\"url\":\"https:\/\/thanhphatpc.com\/\",\"name\":\"ThanhPhat PC\",\"description\":\"D\u1ecbch v\u1ee5 ho\u00e0n h\u1ea3o\",\"potentialAction\":[{\"@type\":\"SearchAction\",\"target\":{\"@type\":\"EntryPoint\",\"urlTemplate\":\"https:\/\/thanhphatpc.com\/?s={search_term_string}\"},\"query-input\":{\"@type\":\"PropertyValueSpecification\",\"valueRequired\":true,\"valueName\":\"search_term_string\"}}],\"inLanguage\":\"en-US\"}]}<\/script>\n<!-- \/ Yoast SEO plugin. -->","yoast_head_json":{"title":"M\u00e0n H\u00ecnh Dell 19.5\" E2016HV (1600x900\/5ms) - ThanhPhat PC","robots":{"index":"index","follow":"follow","max-snippet":"max-snippet:-1","max-image-preview":"max-image-preview:large","max-video-preview":"max-video-preview:-1"},"canonical":"https:\/\/thanhphatpc.com\/en\/man-hinh-dell-19-5-e2016hv-1600x900-5ms\/","og_locale":"en_US","og_type":"article","og_title":"M\u00e0n H\u00ecnh Dell 19.5\" E2016HV (1600x900\/5ms) - ThanhPhat PC","og_description":"- K\u00edch th\u01b0\u1edbc: 19.5\" - \u0110\u1ed9 ph\u00e2n gi\u1ea3i: 1600 x 900 ( 16:9 ) - Go\u0301c nhi\u0300n: 170 (H) \/ 160 (V) - Th\u01a1\u0300i gian pha\u0309n h\u00f4\u0300i: 5 ms","og_url":"https:\/\/thanhphatpc.com\/en\/man-hinh-dell-19-5-e2016hv-1600x900-5ms\/","og_site_name":"ThanhPhat PC","article_modified_time":"2021-10-12T07:08:01+00:00","og_image":[{"width":312,"height":311,"url":"https:\/\/thanhphatpc.com\/wp-content\/uploads\/2020\/03\/1-11.jpg","type":"image\/jpeg"}],"twitter_card":"summary_large_image","twitter_misc":{"Est. reading time":"2 minutes"},"schema":{"@context":"https:\/\/schema.org","@graph":[{"@type":"WebPage","@id":"https:\/\/thanhphatpc.com\/man-hinh-dell-19-5-e2016hv-1600x900-5ms\/","url":"https:\/\/thanhphatpc.com\/man-hinh-dell-19-5-e2016hv-1600x900-5ms\/","name":"M\u00e0n H\u00ecnh Dell 19.5\" E2016HV (1600x900\/5ms) - ThanhPhat PC","isPartOf":{"@id":"https:\/\/thanhphatpc.com\/#website"},"primaryImageOfPage":{"@id":"https:\/\/thanhphatpc.com\/man-hinh-dell-19-5-e2016hv-1600x900-5ms\/#primaryimage"},"image":{"@id":"https:\/\/thanhphatpc.com\/man-hinh-dell-19-5-e2016hv-1600x900-5ms\/#primaryimage"},"thumbnailUrl":"https:\/\/thanhphatpc.com\/wp-content\/uploads\/2020\/03\/1-11.jpg","datePublished":"2020-03-21T08:31:25+00:00","dateModified":"2021-10-12T07:08:01+00:00","breadcrumb":{"@id":"https:\/\/thanhphatpc.com\/man-hinh-dell-19-5-e2016hv-1600x900-5ms\/#breadcrumb"},"inLanguage":"en-US","potentialAction":[{"@type":"ReadAction","target":["https:\/\/thanhphatpc.com\/man-hinh-dell-19-5-e2016hv-1600x900-5ms\/"]}]},{"@type":"ImageObject","inLanguage":"en-US","@id":"https:\/\/thanhphatpc.com\/man-hinh-dell-19-5-e2016hv-1600x900-5ms\/#primaryimage","url":"https:\/\/thanhphatpc.com\/wp-content\/uploads\/2020\/03\/1-11.jpg","contentUrl":"https:\/\/thanhphatpc.com\/wp-content\/uploads\/2020\/03\/1-11.jpg","width":312,"height":311},{"@type":"BreadcrumbList","@id":"https:\/\/thanhphatpc.com\/man-hinh-dell-19-5-e2016hv-1600x900-5ms\/#breadcrumb","itemListElement":[{"@type":"ListItem","position":1,"name":"Trang ch\u1ee7","item":"https:\/\/thanhphatpc.com\/"},{"@type":"ListItem","position":2,"name":"C\u1eeda h\u00e0ng","item":"https:\/\/thanhphatpc.com\/cua-hang\/"},{"@type":"ListItem","position":3,"name":"M\u00e0n H\u00ecnh Dell 19.5&#8243; E2016HV (1600&#215;900\/5ms)"}]},{"@type":"WebSite","@id":"https:\/\/thanhphatpc.com\/#website","url":"https:\/\/thanhphatpc.com\/","name":"ThanhPhat PC","description":"D\u1ecbch v\u1ee5 ho\u00e0n h\u1ea3o","potentialAction":[{"@type":"SearchAction","target":{"@type":"EntryPoint","urlTemplate":"https:\/\/thanhphatpc.com\/?s={search_term_string}"},"query-input":{"@type":"PropertyValueSpecification","valueRequired":true,"valueName":"search_term_string"}}],"inLanguage":"en-US"}]}},"_links":{"self":[{"href":"https:\/\/thanhphatpc.com\/en\/wp-json\/wp\/v2\/product\/3812","targetHints":{"allow":["GET"]}}],"collection":[{"href":"https:\/\/thanhphatpc.com\/en\/wp-json\/wp\/v2\/product"}],"about":[{"href":"https:\/\/thanhphatpc.com\/en\/wp-json\/wp\/v2\/types\/product"}],"replies":[{"embeddable":true,"href":"https:\/\/thanhphatpc.com\/en\/wp-json\/wp\/v2\/comments?post=3812"}],"wp:featuredmedia":[{"embeddable":true,"href":"https:\/\/thanhphatpc.com\/en\/wp-json\/wp\/v2\/media\/3811"}],"wp:attachment":[{"href":"https:\/\/thanhphatpc.com\/en\/wp-json\/wp\/v2\/media?parent=3812"}],"wp:term":[{"taxonomy":"product_cat","embeddable":true,"href":"https:\/\/thanhphatpc.com\/en\/wp-json\/wp\/v2\/product_cat?post=3812"},{"taxonomy":"product_tag","embeddable":true,"href":"https:\/\/thanhphatpc.com\/en\/wp-json\/wp\/v2\/product_tag?post=3812"}],"curies":[{"name":"wp","href":"https:\/\/api.w.org\/{rel}","templated":true}]}}