{"id":3814,"date":"2020-03-21T15:52:57","date_gmt":"2020-03-21T08:52:57","guid":{"rendered":"https:\/\/thanhphatpc.com\/?post_type=product&#038;p=3814"},"modified":"2021-10-12T14:07:47","modified_gmt":"2021-10-12T07:07:47","slug":"man-hinh-dell-21-5-e2216hv-1920x1080-tn-60hz-5ms","status":"publish","type":"product","link":"https:\/\/thanhphatpc.com\/en\/man-hinh-dell-21-5-e2216hv-1920x1080-tn-60hz-5ms\/","title":{"rendered":"M\u00e0n H\u00ecnh Dell 21.5&#8243; E2216HV (1920&#215;1080\/TN\/60Hz\/5ms)"},"content":{"rendered":"<h2><strong>Gi\u1edbi thi\u1ec7u \/ \u0111\u00e1nh gi\u00e1\u00a0M\u00e0n h\u00ecnh LCD\u00a0Dell\u00a021.5&#8243; E2216HV<\/strong><\/h2>\n<p>&nbsp;<\/p>\n<p><strong>M\u00e0n h\u00ecnh LCD\u00a0Dell\u00a021.5&#8243;\u00a0E2216HV<\/strong><a href=\"https:\/\/phongvu.vn\/man-hinh-lcd-dell-21-5-e2216hv.html\">\u00a0<\/a>l\u00e0 m\u1ed9t s\u1ea3n ph\u1ea9m m\u00e0n h\u00ecnh m\u00e1y t\u00ednh c\u1ea7n thi\u1ebft cho v\u0103n ph\u00f2ng h\u00e0ng ng\u00e0y Hi\u1ec7u su\u1ea5t m\u00e0n h\u00ecnh \u0111\u00e1p \u1ee9ng r\u1ea5t t\u1ed1t nhu c\u1ea7u xem c\u00e1c\u00a0\u1ee9ng d\u1ee5ng, b\u1ea3ng t\u00ednh c\u1ee7a b\u1ea1n v\u00e0 h\u01a1n th\u1ebf n\u1eefa v\u1edbi \u0111\u1ed9 r\u00f5 n\u00e9t xu\u1ea5t s\u1eafc t\u1eeb ph\u00e2n gi\u1ea3i 1920&#215;1080\u00a0Full HD\u00a0tr\u00ean m\u00e0n h\u00ecnh 21,5 inch, c\u00f9ng 16,7 tri\u1ec7u m\u00e0u, gam m\u00e0u 85% v\u00e0 g\u00f3c nh\u00ecn ngang 90\u00b0, g\u00f3c nh\u00ecn d\u1ecdc t\u1eeb 65\u00b0.<\/p>\n<p>C\u1eafm v\u00e0 s\u1eed d\u1ee5ng: T\u01b0\u01a1ng th\u00edch v\u1edbi c\u1ea3\u00a0PC\u00a0th\u1ebf h\u1ec7 c\u0169 v\u00e0 th\u1ebf h\u1ec7 hi\u1ec7n t\u1ea1i v\u1edbi c\u1ed5ng xu\u1ea5t h\u00ecnh\u00a0VGA.<\/p>\n<p>T\u00f9y ch\u1ecdn g\u1eafn: Gi\u1eef cho b\u00e0n l\u00e0m vi\u1ec7c c\u1ee7a b\u1ea1n g\u1ecdn g\u00e0ng b\u1eb1ng c\u00e1ch g\u1eafn m\u00e0n h\u00ecnh t\u01b0\u01a1ng th\u00edch VESA\u00ae c\u1ee7a b\u1ea1n l\u00ean t\u01b0\u1eddng ho\u1eb7c g\u1eafn v\u00e0o c\u00e1c lo\u1ea1i ch\u00e2n \u0111\u1ee1 tu\u1ef3 \u00fd b\u1ea1n mu\u1ed1n.<\/p>\n<p>Nghi\u00eang theo \u00fd mu\u1ed1n: L\u00e0m vi\u1ec7c tho\u1ea3i m\u00e1i b\u1eb1ng c\u00e1ch nghi\u00eang m\u00e0n h\u00ecnh 5 \u00b0 v\u1ec1 ph\u00eda tr\u01b0\u1edbc ho\u1eb7c 21 \u00b0 l\u00f9i.<\/p>\n<p>\u0110i\u1ec1u khi\u1ec3n thu\u1eadn ti\u1ec7n: D\u1ec5 d\u00e0ng truy c\u1eadp c\u00e1c n\u00fat cho c\u00e1c ch\u1ebf \u0111\u1ed9 ngu\u1ed3n, \u0111\u1ed9 s\u00e1ng v\u00e0 c\u00e0i \u0111\u1eb7t s\u1eb5n c\u00f3 th\u1ec3 t\u00f9y ch\u1ec9nh tr\u00ean b\u1ea3ng \u0111i\u1ec1u khi\u1ec3n ph\u00eda tr\u01b0\u1edbc m\u00e0n h\u00ecnh.<\/p>\n<p><img decoding=\"async\" src=\"https:\/\/tmp.phongvu.vn\/wp-content\/uploads\/2018\/12\/M%C3%A0n-h%C3%ACnh-LCD-Dell-21.5-E2216HV-1-2-e1545712199947.jpg\" alt=\"M\u00e0n h\u00ecnh LCD Dell 21.5'' E2216HV\" \/><\/p>\n<p>M\u00e0n h\u00ecnh LCD\u00a0Dell\u00a021.5&#8243;\u00a0E2216HV\u00a0c\u00f3 c\u00f4ng ngh\u1ec7 PowerNap gi\u00fap gi\u1ea3m \u0111\u1ed9 s\u00e1ng m\u00e0n h\u00ecnh ho\u1eb7c \u0111\u1eb7t m\u00e0n h\u00ecnh \u1edf ch\u1ebf \u0111\u1ed9 ng\u1ee7 khi kh\u00f4ng s\u1eed d\u1ee5ng. M\u00e0n h\u00ecnh n\u00e0y c\u0169ng \u0111\u00e1p \u1ee9ng c\u00e1c ti\u00eau chu\u1ea9n quy \u0111\u1ecbnh v\u00e0 m\u00f4i tr\u01b0\u1eddng m\u1edbi nh\u1ea5t:<\/p>\n<p>ENERGY STAR\u00ae Qualified<br \/>\nEPEAT\u00ae Silver Rated<\/p>\n<p><img decoding=\"async\" src=\"https:\/\/tmp.phongvu.vn\/wp-content\/uploads\/2018\/12\/M%C3%A0n-h%C3%ACnh-LCD-Dell-21.5-E2216HV-2.png\" alt=\"M\u00e0n h\u00ecnh LCD Dell 21.5'' E2216HV\" \/><\/p>\n<h3>V\u1eadt li\u1ec7u th\u00e2n thi\u1ec7n v\u1edbi m\u00f4i tr\u01b0\u1eddng<\/h3>\n<p>M\u00e0n h\u00ecnh LCD\u00a0Dell\u00a021.5&#8243;\u00a0E2216HV\u00a0c\u1ee7a b\u1ea1n \u0111\u01b0\u1ee3c l\u00e0m b\u1eb1ng k\u00ednh kh\u00f4ng ch\u1ee9a asen v\u00e0 b\u1ea3ng \u0111\u00e8n\u00a0LED\u00a0kh\u00f4ng ch\u1ee9a th\u1ee7y ng\u00e2n. B\u1ea3ng m\u1ea1ch c\u1ee7a\u00a0m\u00e0n h\u00ecnh LCD\u00a0Dell\u00a021.5&#8243; E2216HV \u0111\u01b0\u1ee3c l\u00e0m t\u1eeb ch\u1ea5t ch\u1ed1ng ch\u00e1y brom (BFR) v\u00e0 c\u00e1c lo\u1ea1i v\u1eadt li\u1ec7u kh\u00f4ng c\u00f3 nh\u1ef1a PVC, v\u00e0 c\u00f3 h\u01a1n 25% v\u1eadt li\u1ec7u nh\u1ef1a c\u00f3 th\u1ec3 t\u00e1i ch\u1ebf.<\/p>\n<p><img decoding=\"async\" src=\"https:\/\/tmp.phongvu.vn\/wp-content\/uploads\/2018\/12\/M%C3%A0n-h%C3%ACnh-LCD-Dell-21.5-E2216HV-3.png\" alt=\"M\u00e0n h\u00ecnh LCD Dell 21.5'' E2216HV\" \/><\/p>","protected":false},"excerpt":{"rendered":"<p>&#8211; K\u00edch th\u01b0\u1edbc: 21.5&#8243;<br \/>\n&#8211; \u0110\u1ed9 ph\u00e2n gi\u1ea3i: 1920 x 1080 ( 16:9 )<br \/>\n&#8211; C\u00f4ng ngh\u00ea\u0323 t\u00e2\u0301m n\u00ea\u0300n: TN<br \/>\n&#8211; Go\u0301c nhi\u0300n: 90 (H) \/ 65 (V)<br \/>\n&#8211; T\u00e2\u0300n s\u00f4\u0301 que\u0301t: 60Hz<br \/>\n&#8211; Th\u01a1\u0300i gian pha\u0309n h\u00f4\u0300i: 5 ms<\/p>","protected":false},"featured_media":3818,"comment_status":"open","ping_status":"closed","template":"","meta":{"_acf_changed":false},"product_cat":[383],"product_tag":[],"class_list":{"0":"post-3814","1":"product","2":"type-product","3":"status-publish","4":"has-post-thumbnail","6":"product_cat-man-hinh","8":"first","9":"onbackorder","10":"shipping-taxable","11":"purchasable","12":"product-type-simple"},"acf":[],"yoast_head":"<!-- This site is optimized with the Yoast SEO plugin v23.8 - https:\/\/yoast.com\/wordpress\/plugins\/seo\/ -->\n<title>M\u00e0n H\u00ecnh Dell 21.5&quot; E2216HV (1920x1080\/TN\/60Hz\/5ms) - ThanhPhat PC<\/title>\n<meta name=\"robots\" content=\"index, follow, max-snippet:-1, max-image-preview:large, max-video-preview:-1\" \/>\n<link rel=\"canonical\" href=\"https:\/\/thanhphatpc.com\/en\/man-hinh-dell-21-5-e2216hv-1920x1080-tn-60hz-5ms\/\" \/>\n<meta property=\"og:locale\" content=\"en_US\" \/>\n<meta property=\"og:type\" content=\"article\" \/>\n<meta property=\"og:title\" content=\"M\u00e0n H\u00ecnh Dell 21.5&quot; E2216HV (1920x1080\/TN\/60Hz\/5ms) - ThanhPhat PC\" \/>\n<meta property=\"og:description\" content=\"- K\u00edch th\u01b0\u1edbc: 21.5&quot; - \u0110\u1ed9 ph\u00e2n gi\u1ea3i: 1920 x 1080 ( 16:9 ) - C\u00f4ng ngh\u00ea\u0323 t\u00e2\u0301m n\u00ea\u0300n: TN - Go\u0301c nhi\u0300n: 90 (H) \/ 65 (V) - T\u00e2\u0300n s\u00f4\u0301 que\u0301t: 60Hz - Th\u01a1\u0300i gian pha\u0309n h\u00f4\u0300i: 5 ms\" \/>\n<meta property=\"og:url\" content=\"https:\/\/thanhphatpc.com\/en\/man-hinh-dell-21-5-e2216hv-1920x1080-tn-60hz-5ms\/\" \/>\n<meta property=\"og:site_name\" content=\"ThanhPhat PC\" \/>\n<meta property=\"article:modified_time\" content=\"2021-10-12T07:07:47+00:00\" \/>\n<meta property=\"og:image\" content=\"https:\/\/thanhphatpc.com\/wp-content\/uploads\/2020\/03\/1-16.jpg\" \/>\n\t<meta property=\"og:image:width\" content=\"300\" \/>\n\t<meta property=\"og:image:height\" content=\"300\" \/>\n\t<meta property=\"og:image:type\" content=\"image\/jpeg\" \/>\n<meta name=\"twitter:card\" content=\"summary_large_image\" \/>\n<meta name=\"twitter:label1\" content=\"Est. reading time\" \/>\n\t<meta name=\"twitter:data1\" content=\"2 minutes\" \/>\n<script type=\"application\/ld+json\" class=\"yoast-schema-graph\">{\"@context\":\"https:\/\/schema.org\",\"@graph\":[{\"@type\":\"WebPage\",\"@id\":\"https:\/\/thanhphatpc.com\/man-hinh-dell-21-5-e2216hv-1920x1080-tn-60hz-5ms\/\",\"url\":\"https:\/\/thanhphatpc.com\/man-hinh-dell-21-5-e2216hv-1920x1080-tn-60hz-5ms\/\",\"name\":\"M\u00e0n H\u00ecnh Dell 21.5\\\" E2216HV (1920x1080\/TN\/60Hz\/5ms) - ThanhPhat PC\",\"isPartOf\":{\"@id\":\"https:\/\/thanhphatpc.com\/#website\"},\"primaryImageOfPage\":{\"@id\":\"https:\/\/thanhphatpc.com\/man-hinh-dell-21-5-e2216hv-1920x1080-tn-60hz-5ms\/#primaryimage\"},\"image\":{\"@id\":\"https:\/\/thanhphatpc.com\/man-hinh-dell-21-5-e2216hv-1920x1080-tn-60hz-5ms\/#primaryimage\"},\"thumbnailUrl\":\"https:\/\/thanhphatpc.com\/wp-content\/uploads\/2020\/03\/1-16.jpg\",\"datePublished\":\"2020-03-21T08:52:57+00:00\",\"dateModified\":\"2021-10-12T07:07:47+00:00\",\"breadcrumb\":{\"@id\":\"https:\/\/thanhphatpc.com\/man-hinh-dell-21-5-e2216hv-1920x1080-tn-60hz-5ms\/#breadcrumb\"},\"inLanguage\":\"en-US\",\"potentialAction\":[{\"@type\":\"ReadAction\",\"target\":[\"https:\/\/thanhphatpc.com\/man-hinh-dell-21-5-e2216hv-1920x1080-tn-60hz-5ms\/\"]}]},{\"@type\":\"ImageObject\",\"inLanguage\":\"en-US\",\"@id\":\"https:\/\/thanhphatpc.com\/man-hinh-dell-21-5-e2216hv-1920x1080-tn-60hz-5ms\/#primaryimage\",\"url\":\"https:\/\/thanhphatpc.com\/wp-content\/uploads\/2020\/03\/1-16.jpg\",\"contentUrl\":\"https:\/\/thanhphatpc.com\/wp-content\/uploads\/2020\/03\/1-16.jpg\",\"width\":300,\"height\":300},{\"@type\":\"BreadcrumbList\",\"@id\":\"https:\/\/thanhphatpc.com\/man-hinh-dell-21-5-e2216hv-1920x1080-tn-60hz-5ms\/#breadcrumb\",\"itemListElement\":[{\"@type\":\"ListItem\",\"position\":1,\"name\":\"Trang ch\u1ee7\",\"item\":\"https:\/\/thanhphatpc.com\/\"},{\"@type\":\"ListItem\",\"position\":2,\"name\":\"C\u1eeda h\u00e0ng\",\"item\":\"https:\/\/thanhphatpc.com\/cua-hang\/\"},{\"@type\":\"ListItem\",\"position\":3,\"name\":\"M\u00e0n H\u00ecnh Dell 21.5&#8243; E2216HV (1920&#215;1080\/TN\/60Hz\/5ms)\"}]},{\"@type\":\"WebSite\",\"@id\":\"https:\/\/thanhphatpc.com\/#website\",\"url\":\"https:\/\/thanhphatpc.com\/\",\"name\":\"ThanhPhat PC\",\"description\":\"D\u1ecbch v\u1ee5 ho\u00e0n h\u1ea3o\",\"potentialAction\":[{\"@type\":\"SearchAction\",\"target\":{\"@type\":\"EntryPoint\",\"urlTemplate\":\"https:\/\/thanhphatpc.com\/?s={search_term_string}\"},\"query-input\":{\"@type\":\"PropertyValueSpecification\",\"valueRequired\":true,\"valueName\":\"search_term_string\"}}],\"inLanguage\":\"en-US\"}]}<\/script>\n<!-- \/ Yoast SEO plugin. -->","yoast_head_json":{"title":"M\u00e0n H\u00ecnh Dell 21.5\" E2216HV (1920x1080\/TN\/60Hz\/5ms) - ThanhPhat PC","robots":{"index":"index","follow":"follow","max-snippet":"max-snippet:-1","max-image-preview":"max-image-preview:large","max-video-preview":"max-video-preview:-1"},"canonical":"https:\/\/thanhphatpc.com\/en\/man-hinh-dell-21-5-e2216hv-1920x1080-tn-60hz-5ms\/","og_locale":"en_US","og_type":"article","og_title":"M\u00e0n H\u00ecnh Dell 21.5\" E2216HV (1920x1080\/TN\/60Hz\/5ms) - ThanhPhat PC","og_description":"- K\u00edch th\u01b0\u1edbc: 21.5\" - \u0110\u1ed9 ph\u00e2n gi\u1ea3i: 1920 x 1080 ( 16:9 ) - C\u00f4ng ngh\u00ea\u0323 t\u00e2\u0301m n\u00ea\u0300n: TN - Go\u0301c nhi\u0300n: 90 (H) \/ 65 (V) - T\u00e2\u0300n s\u00f4\u0301 que\u0301t: 60Hz - Th\u01a1\u0300i gian pha\u0309n h\u00f4\u0300i: 5 ms","og_url":"https:\/\/thanhphatpc.com\/en\/man-hinh-dell-21-5-e2216hv-1920x1080-tn-60hz-5ms\/","og_site_name":"ThanhPhat PC","article_modified_time":"2021-10-12T07:07:47+00:00","og_image":[{"width":300,"height":300,"url":"https:\/\/thanhphatpc.com\/wp-content\/uploads\/2020\/03\/1-16.jpg","type":"image\/jpeg"}],"twitter_card":"summary_large_image","twitter_misc":{"Est. reading time":"2 minutes"},"schema":{"@context":"https:\/\/schema.org","@graph":[{"@type":"WebPage","@id":"https:\/\/thanhphatpc.com\/man-hinh-dell-21-5-e2216hv-1920x1080-tn-60hz-5ms\/","url":"https:\/\/thanhphatpc.com\/man-hinh-dell-21-5-e2216hv-1920x1080-tn-60hz-5ms\/","name":"M\u00e0n H\u00ecnh Dell 21.5\" E2216HV (1920x1080\/TN\/60Hz\/5ms) - ThanhPhat PC","isPartOf":{"@id":"https:\/\/thanhphatpc.com\/#website"},"primaryImageOfPage":{"@id":"https:\/\/thanhphatpc.com\/man-hinh-dell-21-5-e2216hv-1920x1080-tn-60hz-5ms\/#primaryimage"},"image":{"@id":"https:\/\/thanhphatpc.com\/man-hinh-dell-21-5-e2216hv-1920x1080-tn-60hz-5ms\/#primaryimage"},"thumbnailUrl":"https:\/\/thanhphatpc.com\/wp-content\/uploads\/2020\/03\/1-16.jpg","datePublished":"2020-03-21T08:52:57+00:00","dateModified":"2021-10-12T07:07:47+00:00","breadcrumb":{"@id":"https:\/\/thanhphatpc.com\/man-hinh-dell-21-5-e2216hv-1920x1080-tn-60hz-5ms\/#breadcrumb"},"inLanguage":"en-US","potentialAction":[{"@type":"ReadAction","target":["https:\/\/thanhphatpc.com\/man-hinh-dell-21-5-e2216hv-1920x1080-tn-60hz-5ms\/"]}]},{"@type":"ImageObject","inLanguage":"en-US","@id":"https:\/\/thanhphatpc.com\/man-hinh-dell-21-5-e2216hv-1920x1080-tn-60hz-5ms\/#primaryimage","url":"https:\/\/thanhphatpc.com\/wp-content\/uploads\/2020\/03\/1-16.jpg","contentUrl":"https:\/\/thanhphatpc.com\/wp-content\/uploads\/2020\/03\/1-16.jpg","width":300,"height":300},{"@type":"BreadcrumbList","@id":"https:\/\/thanhphatpc.com\/man-hinh-dell-21-5-e2216hv-1920x1080-tn-60hz-5ms\/#breadcrumb","itemListElement":[{"@type":"ListItem","position":1,"name":"Trang ch\u1ee7","item":"https:\/\/thanhphatpc.com\/"},{"@type":"ListItem","position":2,"name":"C\u1eeda h\u00e0ng","item":"https:\/\/thanhphatpc.com\/cua-hang\/"},{"@type":"ListItem","position":3,"name":"M\u00e0n H\u00ecnh Dell 21.5&#8243; E2216HV (1920&#215;1080\/TN\/60Hz\/5ms)"}]},{"@type":"WebSite","@id":"https:\/\/thanhphatpc.com\/#website","url":"https:\/\/thanhphatpc.com\/","name":"ThanhPhat PC","description":"D\u1ecbch v\u1ee5 ho\u00e0n h\u1ea3o","potentialAction":[{"@type":"SearchAction","target":{"@type":"EntryPoint","urlTemplate":"https:\/\/thanhphatpc.com\/?s={search_term_string}"},"query-input":{"@type":"PropertyValueSpecification","valueRequired":true,"valueName":"search_term_string"}}],"inLanguage":"en-US"}]}},"_links":{"self":[{"href":"https:\/\/thanhphatpc.com\/en\/wp-json\/wp\/v2\/product\/3814","targetHints":{"allow":["GET"]}}],"collection":[{"href":"https:\/\/thanhphatpc.com\/en\/wp-json\/wp\/v2\/product"}],"about":[{"href":"https:\/\/thanhphatpc.com\/en\/wp-json\/wp\/v2\/types\/product"}],"replies":[{"embeddable":true,"href":"https:\/\/thanhphatpc.com\/en\/wp-json\/wp\/v2\/comments?post=3814"}],"wp:featuredmedia":[{"embeddable":true,"href":"https:\/\/thanhphatpc.com\/en\/wp-json\/wp\/v2\/media\/3818"}],"wp:attachment":[{"href":"https:\/\/thanhphatpc.com\/en\/wp-json\/wp\/v2\/media?parent=3814"}],"wp:term":[{"taxonomy":"product_cat","embeddable":true,"href":"https:\/\/thanhphatpc.com\/en\/wp-json\/wp\/v2\/product_cat?post=3814"},{"taxonomy":"product_tag","embeddable":true,"href":"https:\/\/thanhphatpc.com\/en\/wp-json\/wp\/v2\/product_tag?post=3814"}],"curies":[{"name":"wp","href":"https:\/\/api.w.org\/{rel}","templated":true}]}}