{"id":3819,"date":"2020-03-21T16:09:27","date_gmt":"2020-03-21T09:09:27","guid":{"rendered":"https:\/\/thanhphatpc.com\/?post_type=product&#038;p=3819"},"modified":"2021-07-13T11:57:06","modified_gmt":"2021-07-13T04:57:06","slug":"man-hinh-dell-24-e2417h-1920x1080-ips-60hz-8ms","status":"publish","type":"product","link":"https:\/\/thanhphatpc.com\/en\/man-hinh-dell-24-e2417h-1920x1080-ips-60hz-8ms\/","title":{"rendered":"M\u00e0n H\u00ecnh Dell 24&#8243; E2417H (1920&#215;1080\/IPS\/60Hz\/8ms)"},"content":{"rendered":"<h2><strong>Gi\u1edbi thi\u1ec7u chi ti\u1ebft M\u00e0n h\u00ecnh LCD\u00a0Dell\u00a024&#8243; E2417H<\/strong><\/h2>\n<p>Dell\u00a0c\u00f3 l\u1ebd l\u00e0 m\u1ed9t c\u00e1i t\u00ean \u0111\u00e3 qu\u00e1 quen thu\u1ed9c v\u1edbi nhi\u1ec1u ng\u01b0\u1eddi s\u1eed d\u1ee5ng m\u00e1y t\u00ednh v\u1edbi \u01b0u \u0111i\u1ec3m \u0111\u1eb7c tr\u01b0ng l\u00e0 b\u1ec1n, \u1ed5n \u0111\u1ecbnh, ng\u01b0\u1eddi d\u00f9ng c\u00f3 kh\u1ea3 n\u0103ng t\u00f9y bi\u1ebfn v\u00e0 c\u00e1 nh\u00e2n h\u00f3a theo s\u1edf th\u00edch c\u1ee7a m\u00ecnh.<\/p>\n<p>V\u1edbi m\u00e0n h\u00ecnh m\u00e1y t\u00ednh n\u00f3i ri\u00eang,\u00a0Dell\u00a0E \u0111\u01b0\u1ee3c \u0111\u00e1nh gi\u00e1 l\u00e0 d\u00f2ng LCD gi\u00e1 r\u1ebb khi s\u1eed d\u1ee5ng panel TN, ph\u00f9 h\u1ee3p v\u1edbi d\u00e2n v\u0103n ph\u00f2ng, nh\u1eefng ng\u01b0\u1eddi kh\u00f4ng c\u00f3 nhu c\u1ea7u cao l\u1eafm v\u1ec1 ch\u1ea5t l\u01b0\u1ee3ng h\u00ecnh \u1ea3nh. Tuy v\u1eady, v\u1edbi \u0111\u1ed9 ph\u00e2n gi\u1ea3i\u00a0Full HD\u00a0v\u00e0 m\u00e0u s\u1eafc hi\u1ec3n th\u1ecb nh\u1ea5t qu\u00e1n \u1edf b\u1ea5t k\u1ef3 g\u00f3c nh\u00ecn n\u00e0o,\u00a0<strong>LCD\u00a0Dell\u00a024&#8243;\u00a0E2417H\u00a0<\/strong>\u0111ang kh\u1eb3ng \u0111\u1ecbnh m\u00ecnh l\u00e0 m\u1ed9t trong nh\u1eefng m\u00e0n h\u00ecnh cao c\u1ea5p v\u00e0 \u0111\u01b0\u1ee3c \u01b0a chu\u1ed9ng nh\u1ea5t c\u1ee7a h\u00e3ng k\u1ec3 t\u1eeb khi \u0111\u01b0\u1ee3c gi\u1edbi thi\u1ec7u v\u00e0o 2017.<\/p>\n<p><img loading=\"lazy\" decoding=\"async\" class=\"aligncenter wp-image-21491 size-full\" src=\"https:\/\/tmp.phongvu.vn\/wp-content\/uploads\/2018\/11\/M%C3%A0n-h%C3%ACnh-LCD-Dell-24-inches-E2417H-_-1.jpg\" alt=\"M\u00e0n h\u00ecnh LCD Dell 24 inches E2417H\" width=\"708\" height=\"383\" \/><\/p>\n<h3><strong>T\u1ed1i \u0111a h\u00f3a n\u0103ng su\u1ea5t cho c\u00f4ng vi\u1ec7c v\u0103n ph\u00f2ng<\/strong><\/h3>\n<p>V\u1edbi ng\u01b0\u1eddi l\u00e0m v\u0103n ph\u00f2ng, vi\u1ec7c xem c\u00e1c b\u1ea3ng bi\u1ec3u, \u0111\u1ed3 th\u1ecb,\u00a0\u1ee9ng d\u1ee5ng\u00a0office s\u1ebd tr\u1edf n\u00ean r\u00f5 r\u00e0ng h\u01a1n, t\u1ea7m nh\u00ecn r\u1ed9ng r\u00e3i h\u01a1n nh\u1edd s\u1ef1 tr\u1ee3 gi\u00fap c\u1ee7a m\u00e0n h\u00ecnh\u00a0Dell\u00a0E2417H\u00a023.8 inches c\u00f9ng \u0111\u1ed9 ph\u00e2n gi\u1ea3i\u00a0Full HD\u00a01920 x 1080. \u0110\u1ed3ng th\u1eddi, t\u00ednh n\u0103ng Comfort View gi\u1ea3m \u00e1nh s\u00e1ng xanh c\u00f3 h\u1ea1i gi\u00fap m\u1eaft tho\u1ea3i m\u00e1i v\u00e0 kh\u00f4ng b\u1ecb c\u0103ng th\u1eb3ng khi ph\u1ea3i ng\u1ed3i l\u00e0m vi\u1ec7c l\u00e2u v\u1edbi m\u00e1y t\u00ednh. M\u00e0u s\u1eafc hi\u1ec3n th\u1ecb l\u00e0 nh\u1ea5t qu\u00e1n tr\u00ean g\u00f3c nh\u00ecn c\u1ef1c r\u1ed9ng 178 \u00b0 \/ 178 \u00b0 v\u1edbi c\u00f4ng ngh\u1ec7 In-Plane\u00a0Switching.<\/p>\n<p><img loading=\"lazy\" decoding=\"async\" class=\"alignnone size-full wp-image-21492\" src=\"https:\/\/tmp.phongvu.vn\/wp-content\/uploads\/2018\/11\/M%C3%A0n-h%C3%ACnh-LCD-Dell-24-inches-E2417H-_-2.png\" alt=\"M\u00e0n h\u00ecnh LCD Dell 24 inches E2417H\" width=\"902\" height=\"580\" \/><\/p>\n<h3><strong>Ch\u1ea5t l\u01b0\u1ee3ng h\u00ecnh \u1ea3nh t\u1ed1i \u01b0u<\/strong><\/h3>\n<p>Nh\u01b0 ph\u00eda tr\u00ean \u0111\u00e3 \u0111\u1ec1 c\u1eadp,\u00a0<strong>LCD\u00a0Dell\u00a024&#8243;\u00a0E2417H\u00a0<\/strong>c\u1ee7a c\u00f3 \u0111\u1ed9 ph\u00e2n gi\u1ea3i kh\u00e1 s\u1eafc n\u00e9t\u00a0Full HD\u00a01920 x 1080 \u1edf 60Hz. T\u1ec9 l\u1ec7 khung \u1ea3nh 16:9, t\u1ec9 l\u1ec7 t\u01b0\u01a1ng ph\u1ea3n (t\u0129nh) 1.000 : 1 \u1edf m\u1ee9c ch\u1ea5p nh\u1eadn \u0111\u01b0\u1ee3c, c\u00f2n kh\u1ea3 n\u0103ng cung c\u1ea5p 16.7 tri\u1ec7u m\u00e0u cho h\u00ecnh \u1ea3nh ch\u00e2n th\u1ef1c nh\u1ea5t.<\/p>\n<p>V\u1edbi th\u1eddi gian ph\u1ea3n h\u1ed3i l\u00e0 8ms, ng\u01b0\u1eddi d\u00f9ng c\u00f3 th\u1ec3 xem video ho\u1eb7c ch\u01a1i game v\u1edbi \u0111\u1ed9 \u201clag\u201d \u0111\u00e3 \u0111\u01b0\u1ee3c gi\u1ea3m r\u00f5, r\u1ea5t kh\u00f3 ph\u00e1t hi\u1ec7n hi\u1ec7n t\u01b0\u1ee3ng \u201cb\u00f3ng m\u1edd\u201d b\u1eb1ng m\u1eaft th\u01b0\u1eddng.<\/p>\n<p>S\u1ea3n ph\u1ea9m c\u00f3 \u0111\u1ed9 s\u00e1ng 250 cd\/m2, \u0111\u1ea3m b\u1ea3o h\u00ecnh \u1ea3nh hi\u1ec3n th\u1ecb r\u00f5 r\u00e0ng v\u00e0 b\u1ea3o v\u1ec7 m\u1eaft ng\u01b0\u1eddi d\u00f9ng.<\/p>\n<p><img loading=\"lazy\" decoding=\"async\" class=\"alignnone wp-image-21493 size-full\" src=\"https:\/\/tmp.phongvu.vn\/wp-content\/uploads\/2018\/11\/M%C3%A0n-h%C3%ACnh-LCD-Dell-24-inches-E2417H-_-3-e1542473074233.jpg\" alt=\"M\u00e0n h\u00ecnh LCD Dell 24 inches E2417H\" width=\"1000\" height=\"797\" \/><\/p>\n<h3><strong>Thu\u1eadn ti\u1ec7n trong s\u1eed d\u1ee5ng<\/strong><\/h3>\n<ul>\n<li>D\u1ec5 d\u00e0ng truy c\u1eadp c\u00e1c n\u00fat ngu\u1ed3n, \u0111\u1ed9 s\u00e1ng, \u0111\u1ed9 t\u01b0\u01a1ng ph\u1ea3n v\u00e0 c\u00e0i \u0111\u1eb7t s\u1eb5n c\u00f3 th\u1ec3 t\u00f9y ch\u1ec9nh tr\u00ean b\u1ea3ng \u0111i\u1ec1u khi\u1ec3n ph\u00eda tr\u01b0\u1edbc c\u1ee7a m\u00e0n h\u00ecnh.<\/li>\n<li>L\u00e0m vi\u1ec7c tho\u1ea3i m\u00e1i b\u1eb1ng c\u00e1ch nghi\u00eang m\u00e0n h\u00ecnh theo \u00fd mu\u1ed1n 5 \u00b0 v\u1ec1 ph\u00eda tr\u01b0\u1edbc ho\u1eb7c 21 \u00b0 v\u1ec1 ph\u00eda sau.<\/li>\n<li>T\u01b0\u01a1ng th\u00edch v\u1edbi h\u1ea7u h\u1ebft c\u00e1c m\u00e1y t\u00ednh c\u0169 v\u00e0 m\u00e1y t\u00ednh \u0111\u1eddi m\u1edbi th\u00f4ng qua k\u1ebft n\u1ed1i\u00a0VGA\u00a0v\u00e0 DisplayPort.<\/li>\n<\/ul>\n<p><img loading=\"lazy\" decoding=\"async\" class=\"aligncenter wp-image-21494 size-full\" src=\"https:\/\/tmp.phongvu.vn\/wp-content\/uploads\/2018\/11\/M%C3%A0n-h%C3%ACnh-LCD-Dell-24-inches-E2417H-_-4.png\" alt=\"M\u00e0n h\u00ecnh LCD Dell 24 inches E2417H\" width=\"629\" height=\"558\" \/><\/p>\n<p><img loading=\"lazy\" decoding=\"async\" class=\"alignnone size-full wp-image-21495\" src=\"https:\/\/tmp.phongvu.vn\/wp-content\/uploads\/2018\/11\/M%C3%A0n-h%C3%ACnh-LCD-Dell-24-inches-E2417H-_-5.jpg\" alt=\"M\u00e0n h\u00ecnh LCD Dell 24 inches E2417H\" width=\"3150\" height=\"750\" \/><\/p>","protected":false},"excerpt":{"rendered":"<p>&#8211; K\u00edch th\u01b0\u1edbc: 24&#8243;<br \/>\n&#8211; \u0110\u1ed9 ph\u00e2n gi\u1ea3i: 1920 x 1080 ( 16:9 )<br \/>\n&#8211; C\u00f4ng ngh\u00ea\u0323 t\u00e2\u0301m n\u00ea\u0300n: IPS<br \/>\n&#8211; Go\u0301c nhi\u0300n: 178 (H) \/ 178 (V)<br \/>\n&#8211; T\u00e2\u0300n s\u00f4\u0301 que\u0301t: 60Hz<br \/>\n&#8211; Th\u01a1\u0300i gian pha\u0309n h\u00f4\u0300i: 8 ms<\/p>","protected":false},"featured_media":3821,"comment_status":"open","ping_status":"closed","template":"","meta":{"_acf_changed":false},"product_cat":[383],"product_tag":[],"class_list":{"0":"post-3819","1":"product","2":"type-product","3":"status-publish","4":"has-post-thumbnail","6":"product_cat-man-hinh","8":"first","9":"outofstock","10":"shipping-taxable","11":"purchasable","12":"product-type-simple"},"acf":[],"yoast_head":"<!-- This site is optimized with the Yoast SEO plugin v23.8 - https:\/\/yoast.com\/wordpress\/plugins\/seo\/ -->\n<title>M\u00e0n H\u00ecnh Dell 24&quot; E2417H (1920x1080\/IPS\/60Hz\/8ms) - ThanhPhat PC<\/title>\n<meta name=\"robots\" content=\"index, follow, max-snippet:-1, max-image-preview:large, max-video-preview:-1\" \/>\n<link rel=\"canonical\" href=\"https:\/\/thanhphatpc.com\/en\/man-hinh-dell-24-e2417h-1920x1080-ips-60hz-8ms\/\" \/>\n<meta property=\"og:locale\" content=\"en_US\" \/>\n<meta property=\"og:type\" content=\"article\" \/>\n<meta property=\"og:title\" content=\"M\u00e0n H\u00ecnh Dell 24&quot; E2417H (1920x1080\/IPS\/60Hz\/8ms) - ThanhPhat PC\" \/>\n<meta property=\"og:description\" content=\"- K\u00edch th\u01b0\u1edbc: 24&quot; - \u0110\u1ed9 ph\u00e2n gi\u1ea3i: 1920 x 1080 ( 16:9 ) - C\u00f4ng ngh\u00ea\u0323 t\u00e2\u0301m n\u00ea\u0300n: IPS - Go\u0301c nhi\u0300n: 178 (H) \/ 178 (V) - T\u00e2\u0300n s\u00f4\u0301 que\u0301t: 60Hz - Th\u01a1\u0300i gian pha\u0309n h\u00f4\u0300i: 8 ms\" \/>\n<meta property=\"og:url\" content=\"https:\/\/thanhphatpc.com\/en\/man-hinh-dell-24-e2417h-1920x1080-ips-60hz-8ms\/\" \/>\n<meta property=\"og:site_name\" content=\"ThanhPhat PC\" \/>\n<meta property=\"article:modified_time\" content=\"2021-07-13T04:57:06+00:00\" \/>\n<meta property=\"og:image\" content=\"https:\/\/thanhphatpc.com\/wp-content\/uploads\/2020\/03\/1-18.jpg\" \/>\n\t<meta property=\"og:image:width\" content=\"256\" \/>\n\t<meta property=\"og:image:height\" content=\"256\" \/>\n\t<meta property=\"og:image:type\" content=\"image\/jpeg\" \/>\n<meta name=\"twitter:card\" content=\"summary_large_image\" \/>\n<meta name=\"twitter:label1\" content=\"Est. reading time\" \/>\n\t<meta name=\"twitter:data1\" content=\"3 minutes\" \/>\n<script type=\"application\/ld+json\" class=\"yoast-schema-graph\">{\"@context\":\"https:\/\/schema.org\",\"@graph\":[{\"@type\":\"WebPage\",\"@id\":\"https:\/\/thanhphatpc.com\/man-hinh-dell-24-e2417h-1920x1080-ips-60hz-8ms\/\",\"url\":\"https:\/\/thanhphatpc.com\/man-hinh-dell-24-e2417h-1920x1080-ips-60hz-8ms\/\",\"name\":\"M\u00e0n H\u00ecnh Dell 24\\\" E2417H (1920x1080\/IPS\/60Hz\/8ms) - ThanhPhat PC\",\"isPartOf\":{\"@id\":\"https:\/\/thanhphatpc.com\/#website\"},\"primaryImageOfPage\":{\"@id\":\"https:\/\/thanhphatpc.com\/man-hinh-dell-24-e2417h-1920x1080-ips-60hz-8ms\/#primaryimage\"},\"image\":{\"@id\":\"https:\/\/thanhphatpc.com\/man-hinh-dell-24-e2417h-1920x1080-ips-60hz-8ms\/#primaryimage\"},\"thumbnailUrl\":\"https:\/\/thanhphatpc.com\/wp-content\/uploads\/2020\/03\/1-18.jpg\",\"datePublished\":\"2020-03-21T09:09:27+00:00\",\"dateModified\":\"2021-07-13T04:57:06+00:00\",\"breadcrumb\":{\"@id\":\"https:\/\/thanhphatpc.com\/man-hinh-dell-24-e2417h-1920x1080-ips-60hz-8ms\/#breadcrumb\"},\"inLanguage\":\"en-US\",\"potentialAction\":[{\"@type\":\"ReadAction\",\"target\":[\"https:\/\/thanhphatpc.com\/man-hinh-dell-24-e2417h-1920x1080-ips-60hz-8ms\/\"]}]},{\"@type\":\"ImageObject\",\"inLanguage\":\"en-US\",\"@id\":\"https:\/\/thanhphatpc.com\/man-hinh-dell-24-e2417h-1920x1080-ips-60hz-8ms\/#primaryimage\",\"url\":\"https:\/\/thanhphatpc.com\/wp-content\/uploads\/2020\/03\/1-18.jpg\",\"contentUrl\":\"https:\/\/thanhphatpc.com\/wp-content\/uploads\/2020\/03\/1-18.jpg\",\"width\":256,\"height\":256},{\"@type\":\"BreadcrumbList\",\"@id\":\"https:\/\/thanhphatpc.com\/man-hinh-dell-24-e2417h-1920x1080-ips-60hz-8ms\/#breadcrumb\",\"itemListElement\":[{\"@type\":\"ListItem\",\"position\":1,\"name\":\"Trang ch\u1ee7\",\"item\":\"https:\/\/thanhphatpc.com\/\"},{\"@type\":\"ListItem\",\"position\":2,\"name\":\"C\u1eeda h\u00e0ng\",\"item\":\"https:\/\/thanhphatpc.com\/cua-hang\/\"},{\"@type\":\"ListItem\",\"position\":3,\"name\":\"M\u00e0n H\u00ecnh Dell 24&#8243; E2417H (1920&#215;1080\/IPS\/60Hz\/8ms)\"}]},{\"@type\":\"WebSite\",\"@id\":\"https:\/\/thanhphatpc.com\/#website\",\"url\":\"https:\/\/thanhphatpc.com\/\",\"name\":\"ThanhPhat PC\",\"description\":\"D\u1ecbch v\u1ee5 ho\u00e0n h\u1ea3o\",\"potentialAction\":[{\"@type\":\"SearchAction\",\"target\":{\"@type\":\"EntryPoint\",\"urlTemplate\":\"https:\/\/thanhphatpc.com\/?s={search_term_string}\"},\"query-input\":{\"@type\":\"PropertyValueSpecification\",\"valueRequired\":true,\"valueName\":\"search_term_string\"}}],\"inLanguage\":\"en-US\"}]}<\/script>\n<!-- \/ Yoast SEO plugin. -->","yoast_head_json":{"title":"M\u00e0n H\u00ecnh Dell 24\" E2417H (1920x1080\/IPS\/60Hz\/8ms) - ThanhPhat PC","robots":{"index":"index","follow":"follow","max-snippet":"max-snippet:-1","max-image-preview":"max-image-preview:large","max-video-preview":"max-video-preview:-1"},"canonical":"https:\/\/thanhphatpc.com\/en\/man-hinh-dell-24-e2417h-1920x1080-ips-60hz-8ms\/","og_locale":"en_US","og_type":"article","og_title":"M\u00e0n H\u00ecnh Dell 24\" E2417H (1920x1080\/IPS\/60Hz\/8ms) - ThanhPhat PC","og_description":"- K\u00edch th\u01b0\u1edbc: 24\" - \u0110\u1ed9 ph\u00e2n gi\u1ea3i: 1920 x 1080 ( 16:9 ) - C\u00f4ng ngh\u00ea\u0323 t\u00e2\u0301m n\u00ea\u0300n: IPS - Go\u0301c nhi\u0300n: 178 (H) \/ 178 (V) - T\u00e2\u0300n s\u00f4\u0301 que\u0301t: 60Hz - Th\u01a1\u0300i gian pha\u0309n h\u00f4\u0300i: 8 ms","og_url":"https:\/\/thanhphatpc.com\/en\/man-hinh-dell-24-e2417h-1920x1080-ips-60hz-8ms\/","og_site_name":"ThanhPhat PC","article_modified_time":"2021-07-13T04:57:06+00:00","og_image":[{"width":256,"height":256,"url":"https:\/\/thanhphatpc.com\/wp-content\/uploads\/2020\/03\/1-18.jpg","type":"image\/jpeg"}],"twitter_card":"summary_large_image","twitter_misc":{"Est. reading time":"3 minutes"},"schema":{"@context":"https:\/\/schema.org","@graph":[{"@type":"WebPage","@id":"https:\/\/thanhphatpc.com\/man-hinh-dell-24-e2417h-1920x1080-ips-60hz-8ms\/","url":"https:\/\/thanhphatpc.com\/man-hinh-dell-24-e2417h-1920x1080-ips-60hz-8ms\/","name":"M\u00e0n H\u00ecnh Dell 24\" E2417H (1920x1080\/IPS\/60Hz\/8ms) - ThanhPhat PC","isPartOf":{"@id":"https:\/\/thanhphatpc.com\/#website"},"primaryImageOfPage":{"@id":"https:\/\/thanhphatpc.com\/man-hinh-dell-24-e2417h-1920x1080-ips-60hz-8ms\/#primaryimage"},"image":{"@id":"https:\/\/thanhphatpc.com\/man-hinh-dell-24-e2417h-1920x1080-ips-60hz-8ms\/#primaryimage"},"thumbnailUrl":"https:\/\/thanhphatpc.com\/wp-content\/uploads\/2020\/03\/1-18.jpg","datePublished":"2020-03-21T09:09:27+00:00","dateModified":"2021-07-13T04:57:06+00:00","breadcrumb":{"@id":"https:\/\/thanhphatpc.com\/man-hinh-dell-24-e2417h-1920x1080-ips-60hz-8ms\/#breadcrumb"},"inLanguage":"en-US","potentialAction":[{"@type":"ReadAction","target":["https:\/\/thanhphatpc.com\/man-hinh-dell-24-e2417h-1920x1080-ips-60hz-8ms\/"]}]},{"@type":"ImageObject","inLanguage":"en-US","@id":"https:\/\/thanhphatpc.com\/man-hinh-dell-24-e2417h-1920x1080-ips-60hz-8ms\/#primaryimage","url":"https:\/\/thanhphatpc.com\/wp-content\/uploads\/2020\/03\/1-18.jpg","contentUrl":"https:\/\/thanhphatpc.com\/wp-content\/uploads\/2020\/03\/1-18.jpg","width":256,"height":256},{"@type":"BreadcrumbList","@id":"https:\/\/thanhphatpc.com\/man-hinh-dell-24-e2417h-1920x1080-ips-60hz-8ms\/#breadcrumb","itemListElement":[{"@type":"ListItem","position":1,"name":"Trang ch\u1ee7","item":"https:\/\/thanhphatpc.com\/"},{"@type":"ListItem","position":2,"name":"C\u1eeda h\u00e0ng","item":"https:\/\/thanhphatpc.com\/cua-hang\/"},{"@type":"ListItem","position":3,"name":"M\u00e0n H\u00ecnh Dell 24&#8243; E2417H (1920&#215;1080\/IPS\/60Hz\/8ms)"}]},{"@type":"WebSite","@id":"https:\/\/thanhphatpc.com\/#website","url":"https:\/\/thanhphatpc.com\/","name":"ThanhPhat PC","description":"D\u1ecbch v\u1ee5 ho\u00e0n h\u1ea3o","potentialAction":[{"@type":"SearchAction","target":{"@type":"EntryPoint","urlTemplate":"https:\/\/thanhphatpc.com\/?s={search_term_string}"},"query-input":{"@type":"PropertyValueSpecification","valueRequired":true,"valueName":"search_term_string"}}],"inLanguage":"en-US"}]}},"_links":{"self":[{"href":"https:\/\/thanhphatpc.com\/en\/wp-json\/wp\/v2\/product\/3819","targetHints":{"allow":["GET"]}}],"collection":[{"href":"https:\/\/thanhphatpc.com\/en\/wp-json\/wp\/v2\/product"}],"about":[{"href":"https:\/\/thanhphatpc.com\/en\/wp-json\/wp\/v2\/types\/product"}],"replies":[{"embeddable":true,"href":"https:\/\/thanhphatpc.com\/en\/wp-json\/wp\/v2\/comments?post=3819"}],"wp:featuredmedia":[{"embeddable":true,"href":"https:\/\/thanhphatpc.com\/en\/wp-json\/wp\/v2\/media\/3821"}],"wp:attachment":[{"href":"https:\/\/thanhphatpc.com\/en\/wp-json\/wp\/v2\/media?parent=3819"}],"wp:term":[{"taxonomy":"product_cat","embeddable":true,"href":"https:\/\/thanhphatpc.com\/en\/wp-json\/wp\/v2\/product_cat?post=3819"},{"taxonomy":"product_tag","embeddable":true,"href":"https:\/\/thanhphatpc.com\/en\/wp-json\/wp\/v2\/product_tag?post=3819"}],"curies":[{"name":"wp","href":"https:\/\/api.w.org\/{rel}","templated":true}]}}