{"id":3822,"date":"2020-03-21T16:17:57","date_gmt":"2020-03-21T09:17:57","guid":{"rendered":"https:\/\/thanhphatpc.com\/?post_type=product&#038;p=3822"},"modified":"2021-10-12T14:09:52","modified_gmt":"2021-10-12T07:09:52","slug":"man-hinh-dell-ultrasharp-24-u2419h-1920x1080-ips-60hz-8ms","status":"publish","type":"product","link":"https:\/\/thanhphatpc.com\/en\/man-hinh-dell-ultrasharp-24-u2419h-1920x1080-ips-60hz-8ms\/","title":{"rendered":"M\u00e0n H\u00ecnh Dell Ultrasharp 24&#8243; U2419H (1920&#215;1080\/IPS\/60Hz\/8ms)"},"content":{"rendered":"<h2><strong>Gi\u1edbi thi\u1ec7u \/ \u0111\u00e1nh gi\u00e1 M\u00e0n h\u00ecnh\u00a0Dell\u00a0Ultrasharp\u00a024\u201d U2419H (FHD\/IPS)<\/strong><\/h2>\n<p>&nbsp;<\/p>\n<p>M\u00e0n h\u00ecnh\u00a0Dell\u00a0Ultrasharp\u00a024\u2033 U2419H (FHD\/IPS) cho hi\u1ec7u su\u1ea5t m\u00e0n h\u00ecnh \u1ea5n t\u01b0\u1ee3ng: Tr\u1ea3i nghi\u1ec7m \u0111\u1ed9 r\u00f5 n\u00e9t v\u01b0\u1ee3t tr\u1ed9i tr\u00ean m\u00e0n h\u00ecnh tuy\u1ec7t v\u1eddi v\u1edbi \u0111\u1ed9 ph\u00e2n gi\u1ea3i\u00a0Full HD\u00a0(1920\u00d71080), k\u00edch th\u01b0\u1edbc hi\u1ec3n th\u1ecb c\u1ee7a t\u1ea5m n\u1ec1n l\u00ean t\u1edbi 23.8\u2033 tr\u00ean t\u1ed5ng k\u00edch th\u01b0\u1edbc m\u00e0n h\u00ecnh 24\u2033.<\/p>\n<p>T\u00ednh nh\u1ea5t qu\u00e1n m\u00e0u \u0111\u1ea1t ti\u00eau chu\u1ea9n: M\u00e0n h\u00ecnh M\u00e0n h\u00ecnh\u00a0Dell\u00a0Ultrasharp\u00a024\u2033\u00a0U2419H\u00a0\u0111\u01b0\u1ee3c hi\u1ec7u ch\u1ec9nh t\u1ea1i nh\u00e0 m\u00e1y v\u1edbi \u0111\u1ed9 bao ph\u1ee7 99% sRGB, th\u00f4ng s\u1ed1 Delta-E &lt; 2 cho t\u00e1i t\u1ea1o m\u00e0u s\u1eafc ch\u00ednh x\u00e1c. Ngo\u00e0i ra, v\u1edbi \u0111\u1ed9 bao ph\u1ee7 99% Rec709 v\u00e0 85% DCI-P3, b\u1ea1n s\u1ebd th\u1ea5y m\u00e0u s\u1eafc ch\u00e2n th\u1ef1c \u1edf m\u1ecdi \u0111\u1ecbnh d\u1ea1ng video.<\/p>\n<p>Lu\u00f4n l\u00e0 ch\u1ebf \u0111\u1ed9 xem t\u1ed1t nh\u1ea5t: Tr\u1ea3i nghi\u1ec7m h\u00ecnh \u1ea3nh \u1edf m\u00e0u s\u1eafc nh\u1ea5t qu\u00e1n, r\u1ef1c r\u1ee1 tr\u00ean m\u1ed9t g\u00f3c nh\u00ecn r\u1ed9ng \u0111\u01b0\u1ee3c k\u00edch ho\u1ea1t b\u1eb1ng c\u00f4ng ngh\u1ec7 In-Plane\u00a0Switching (IPS).<\/p>\n<p><img loading=\"lazy\" decoding=\"async\" src=\"https:\/\/tmp.phongvu.vn\/wp-content\/uploads\/2019\/01\/M%C3%A0n-h%C3%ACnh-Dell-Ultrasharp-24-U2419H-FHD-IPS-1.jpg\" alt=\"M\u00e0n h\u00ecnh Dell Ultrasharp 24'' U2419H (FHD IPS)\" width=\"965\" height=\"580\" \/><\/p>\n<h3>Thi\u1ebft k\u1ebf s\u00e1ng t\u1ea1o<\/h3>\n<p>V\u1edbi thi\u1ebft k\u1ebf m\u00e0n h\u00ecnh th\u1eddi trang (ch\u1ec9 m\u1ecfng nh\u1ea5t 6,5mm) v\u00e0 ch\u00e2n \u0111\u1ebf nh\u1ecf g\u1ecdn nh\u1ecf h\u01a1n kho\u1ea3ng 30% so v\u1edbi phi\u00ean b\u1ea3n ti\u1ec1n nhi\u1ec7m, b\u1ea1n c\u00f3 th\u1ec3 ti\u1ebft ki\u1ec7m kh\u00f4ng gian b\u00e0n l\u00e0m vi\u1ec7c m\u1ed9t c\u00e1ch thi\u1ebft th\u1ef1c nh\u1ea5t.<\/p>\n<p>\u0110i\u1ec1u ch\u1ec9nh \u0111\u1ec3 ph\u00f9 h\u1ee3p: Thi\u1ebft k\u1ebf m\u00e3 m\u00e0n h\u00ecnh\u00a0dell\u00a0U2419H ch\u1ec9 thay \u0111\u1ed5i t\u1ea1i tr\u1ee5c quay. Ngo\u00e0i ra m\u00e0n h\u00ecnh\u00a0DELL\u00a0U2419H c\u0169ng \u0111\u01b0\u1ee3c thi\u1ebft k\u1ebf m\u1ecfng h\u01a1n so v\u1edbi\u00a0P2719H. Ch\u00ednh v\u00ec th\u1ebf m\u00e0n h\u00ecnh\u00a0dell\u00a0UltraSharp\u00a0U2419H tho\u1ea1t nh\u00ecn sang tr\u1ecdng v\u00e0 thanh m\u1ea3nh h\u01a1n chi\u1ebfc P2719H r\u1ea5t nhi\u1ec1u. Xoay, nghi\u00eang, v\u00e0 \u0111i\u1ec1u ch\u1ec9nh chi\u1ec1u cao c\u1ee7a m\u00e0n h\u00ecnh \u0111\u1ec3 c\u00f3 m\u1ed9t thi\u1ebft l\u1eadp tho\u1ea3i m\u00e1i cho b\u1ea1n su\u1ed1t c\u1ea3 ng\u00e0y. Thi\u1ebft k\u1ebf c\u1ea3i ti\u1ebfn v\u1edbi b\u1ea3n l\u1ec1 tr\u00ean riser, gi\u00fap \u0111i\u1ec1u ch\u1ec9nh d\u1ec5 d\u00e0ng h\u01a1n trong khi v\u1eabn gi\u1eef riser \u1edf c\u00f9ng m\u1ed9t v\u1ecb tr\u00ed.<\/p>\n<p>G\u1ecdn g\u00e0ng: T\u1eadp trung v\u00e0o c\u00f4ng vi\u1ec7c c\u1ee7a b\u1ea1n trong khi che gi\u1ea5u s\u1ef1 l\u1ed9n x\u1ed9n c\u1ee7a c\u00e1c lo\u1ea1i d\u00e2y c\u00e1p v\u1edbi thi\u1ebft k\u1ebf qu\u1ea3n l\u00fd c\u00e1p \u0111\u01b0\u1ee3c c\u1ea3i ti\u1ebfn.<\/p>\n<p>D\u1ec5 nh\u00ecn: M\u00e0n h\u00ecnh \u0111\u01b0\u1ee3c ch\u1ee9ng nh\u1eadn TUV2, c\u00f4ng ngh\u1ec7 Flicker-Free ch\u1ed1ng nh\u00e1y h\u00ecnh v\u1edbi ComfortView, m\u1ed9t t\u00ednh n\u0103ng gi\u00fap gi\u1ea3m ph\u00e1t x\u1ea1 \u00e1nh s\u00e1ng xanh c\u00f3 h\u1ea1i. N\u00f3 \u0111\u01b0\u1ee3c thi\u1ebft k\u1ebf \u0111\u1ec3 t\u1ed1i \u01b0u h\u00f3a s\u1ef1 tho\u1ea3i m\u00e1i cho m\u1eaft ngay c\u1ea3 trong m\u1ed9t kho\u1ea3ng th\u1eddi gian d\u00e0i.<\/p>\n<p><img loading=\"lazy\" decoding=\"async\" src=\"https:\/\/tmp.phongvu.vn\/wp-content\/uploads\/2019\/01\/M%C3%A0n-h%C3%ACnh-Dell-Ultrasharp-24-U2419H-FHD-IPS-2.png\" alt=\"M\u00e0n h\u00ecnh Dell Ultrasharp 24'' U2419H (FHD IPS)\" width=\"675\" height=\"329\" \/><\/p>\n<h3>T\u1ed1i \u0111a h\u00f3a n\u0103ng su\u1ea5t c\u1ee7a b\u1ea1n<\/h3>\n<p>M\u1edf r\u1ed9ng hi\u1ec7u qu\u1ea3 c\u1ee7a b\u1ea1n: Thi\u1ebft k\u1ebf InfinityEdge g\u1ea7n nh\u01b0 kh\u00f4ng vi\u1ec1n cho ph\u00e9p b\u1ea1n t\u1eadn h\u01b0\u1edfng ch\u1ebf \u0111\u1ed9 xem g\u1ea7n nh\u01b0 li\u1ec1n m\u1ea1ch n\u1ed9i dung c\u1ee7a m\u00ecnh tr\u00ean nhi\u1ec1u m\u00e0n h\u00ecnh gh\u00e9p v\u00e0o. V\u00e0 v\u1edbi m\u00e0n h\u00ecnh k\u00e9p, b\u1ea1n c\u00f3 th\u1ec3 t\u0103ng n\u0103ng su\u1ea5t l\u00ean t\u1edbi 18%.<\/p>\n<p>C\u00f4ng ngh\u1ec7 h\u1ed7 tr\u1ee3 m\u00e0u : V\u1ec1 c\u00f4ng ngh\u1ec7 n\u1ebfu\u00a0Dell\u00a0UltraSharp\u00a0P2719H ch\u1ec9 h\u1ed7 tr\u1ee3 16.7 tri\u1ec7u m\u00e0u v\u00e0 Color Gamut (typical) ch\u1ec9 \u0111\u1ea1t 72% (CIE1931) . Th\u00ec t\u1ea1i m\u00e0n h\u00ecnh\u00a0Dell\u00a0UltraSharp\u00a0U2419H \u0111\u01b0\u1ee3c n\u00e2ng c\u1ea5p kh\u00e1 \u0111\u00e1ng k\u1ec3. Tr\u00ean m\u00e0n h\u00ecnh\u00a0Dell\u00a0UltraSharp\u00a0U2419H ngo\u00e0i h\u1ed7 tr\u1ee3 l\u00ean \u0111\u1ebfn 16.7 tri\u1ec7u m\u00e0u th\u00ec U2419H h\u1ed7 tr\u1ee3 c\u00e1c m\u00e3 m\u00e0u nh\u01b0 99% sRGB, 99% REC709, 85% DCI-P3. Nh\u1edd v\u1eady c\u00e1c h\u00ecnh \u1ea3nh, video \u0111\u01b0\u1ee3c hi\u1ec3n th\u1ecb tr\u00ean\u00a0Dell\u00a0UltraSharp\u00a0U2419H ch\u1eafc ch\u1eafn s\u1ebd trung th\u1ef1c v\u00e0 s\u1ed1ng \u0111\u1ed9ng h\u01a1n r\u1ea5t nhi\u1ec1u.<\/p>\n<p>Nhi\u1ec1u c\u00e1ch \u0111\u1ec3 \u0111a nhi\u1ec7m: D\u1ec5 d\u00e0ng t\u1ed5 ch\u1ee9c nhi\u1ec1u\u00a0\u1ee9ng d\u1ee5ng\u00a0b\u1eb1ng c\u00e1c m\u1eabu \u0111\u01b0\u1ee3c x\u00e1c \u0111\u1ecbnh tr\u01b0\u1edbc ho\u1eb7c m\u1ed9t m\u1eabu t\u00f9y ch\u1ec9nh v\u1edbi t\u00ednh n\u0103ng s\u1eafp x\u1ebfp d\u1ec5 d\u00e0ng (Easy Arrange) tr\u00ean\u00a0ph\u1ea7n m\u1ec1m\u00a0Dell\u00a0Display Manager. Ngo\u00e0i ra, b\u1ea1n c\u00f3 th\u1ec3 thu\u1eadn ti\u1ec7n x\u1ebfp c\u00e1c\u00a0\u1ee9ng d\u1ee5ng\u00a0c\u1ee7a m\u00ecnh qua thi\u1ebft l\u1eadp nhi\u1ec1u m\u00e0n h\u00ecnh.<\/p>\n<p>Quy\u1ec1n ho\u1ea1t \u0111\u1ed9ng: V\u1edbi t\u1ef1 \u0111\u1ed9ng kh\u00f4i ph\u1ee5c tr\u00ean\u00a0Dell\u00a0Display Manager, b\u1ea1n c\u00f3 th\u1ec3 ng\u1eaft k\u1ebft n\u1ed1i, k\u1ebft n\u1ed1i l\u1ea1i v\u00e0 t\u1ea5t c\u1ea3 c\u00e1c\u00a0\u1ee9ng d\u1ee5ng\u00a0c\u1ee7a b\u1ea1n s\u1ebd v\u1eabn \u1edf ch\u1ed7 c\u0169.<\/p>\n<p><img loading=\"lazy\" decoding=\"async\" src=\"https:\/\/tmp.phongvu.vn\/wp-content\/uploads\/2019\/01\/M%C3%A0n-h%C3%ACnh-Dell-Ultrasharp-24-U2419H-FHD-IPS-3-1024x569.jpg\" alt=\"M\u00e0n h\u00ecnh Dell Ultrasharp 24'' U2419H (FHD IPS)\" width=\"740\" height=\"411\" \/><\/p>","protected":false},"excerpt":{"rendered":"<p>&#8211; K\u00edch th\u01b0\u1edbc: 24&#8243;<br \/>\n&#8211; \u0110\u1ed9 ph\u00e2n gi\u1ea3i: 1920 x 1080 ( 16:9 )<br \/>\n&#8211; C\u00f4ng ngh\u00ea\u0323 t\u00e2\u0301m n\u00ea\u0300n: IPS<br \/>\n&#8211; Go\u0301c nhi\u0300n: 178 (H) \/ 178 (V)<br \/>\n&#8211; T\u00e2\u0300n s\u00f4\u0301 que\u0301t: 60Hz<br \/>\n&#8211; Th\u01a1\u0300i gian pha\u0309n h\u00f4\u0300i: 8 ms<\/p>","protected":false},"featured_media":3823,"comment_status":"open","ping_status":"closed","template":"","meta":{"_acf_changed":false},"product_cat":[383],"product_tag":[],"class_list":{"0":"post-3822","1":"product","2":"type-product","3":"status-publish","4":"has-post-thumbnail","6":"product_cat-man-hinh","8":"first","9":"outofstock","10":"shipping-taxable","11":"purchasable","12":"product-type-simple"},"acf":[],"yoast_head":"<!-- This site is optimized with the Yoast SEO plugin v23.8 - https:\/\/yoast.com\/wordpress\/plugins\/seo\/ -->\n<title>M\u00e0n H\u00ecnh Dell Ultrasharp 24&quot; U2419H (1920x1080\/IPS\/60Hz\/8ms) - ThanhPhat PC<\/title>\n<meta name=\"robots\" content=\"index, follow, max-snippet:-1, max-image-preview:large, max-video-preview:-1\" \/>\n<link rel=\"canonical\" href=\"https:\/\/thanhphatpc.com\/en\/man-hinh-dell-ultrasharp-24-u2419h-1920x1080-ips-60hz-8ms\/\" \/>\n<meta property=\"og:locale\" content=\"en_US\" \/>\n<meta property=\"og:type\" content=\"article\" \/>\n<meta property=\"og:title\" content=\"M\u00e0n H\u00ecnh Dell Ultrasharp 24&quot; U2419H (1920x1080\/IPS\/60Hz\/8ms) - ThanhPhat PC\" \/>\n<meta property=\"og:description\" content=\"- K\u00edch th\u01b0\u1edbc: 24&quot; - \u0110\u1ed9 ph\u00e2n gi\u1ea3i: 1920 x 1080 ( 16:9 ) - C\u00f4ng ngh\u00ea\u0323 t\u00e2\u0301m n\u00ea\u0300n: IPS - Go\u0301c nhi\u0300n: 178 (H) \/ 178 (V) - T\u00e2\u0300n s\u00f4\u0301 que\u0301t: 60Hz - Th\u01a1\u0300i gian pha\u0309n h\u00f4\u0300i: 8 ms\" \/>\n<meta property=\"og:url\" content=\"https:\/\/thanhphatpc.com\/en\/man-hinh-dell-ultrasharp-24-u2419h-1920x1080-ips-60hz-8ms\/\" \/>\n<meta property=\"og:site_name\" content=\"ThanhPhat PC\" \/>\n<meta property=\"article:modified_time\" content=\"2021-10-12T07:09:52+00:00\" \/>\n<meta property=\"og:image\" content=\"https:\/\/thanhphatpc.com\/wp-content\/uploads\/2020\/03\/1-19.jpg\" \/>\n\t<meta property=\"og:image:width\" content=\"225\" \/>\n\t<meta property=\"og:image:height\" content=\"225\" \/>\n\t<meta property=\"og:image:type\" content=\"image\/jpeg\" \/>\n<meta name=\"twitter:card\" content=\"summary_large_image\" \/>\n<meta name=\"twitter:label1\" content=\"Est. reading time\" \/>\n\t<meta name=\"twitter:data1\" content=\"5 minutes\" \/>\n<script type=\"application\/ld+json\" class=\"yoast-schema-graph\">{\"@context\":\"https:\/\/schema.org\",\"@graph\":[{\"@type\":\"WebPage\",\"@id\":\"https:\/\/thanhphatpc.com\/man-hinh-dell-ultrasharp-24-u2419h-1920x1080-ips-60hz-8ms\/\",\"url\":\"https:\/\/thanhphatpc.com\/man-hinh-dell-ultrasharp-24-u2419h-1920x1080-ips-60hz-8ms\/\",\"name\":\"M\u00e0n H\u00ecnh Dell Ultrasharp 24\\\" U2419H (1920x1080\/IPS\/60Hz\/8ms) - ThanhPhat PC\",\"isPartOf\":{\"@id\":\"https:\/\/thanhphatpc.com\/#website\"},\"primaryImageOfPage\":{\"@id\":\"https:\/\/thanhphatpc.com\/man-hinh-dell-ultrasharp-24-u2419h-1920x1080-ips-60hz-8ms\/#primaryimage\"},\"image\":{\"@id\":\"https:\/\/thanhphatpc.com\/man-hinh-dell-ultrasharp-24-u2419h-1920x1080-ips-60hz-8ms\/#primaryimage\"},\"thumbnailUrl\":\"https:\/\/thanhphatpc.com\/wp-content\/uploads\/2020\/03\/1-19.jpg\",\"datePublished\":\"2020-03-21T09:17:57+00:00\",\"dateModified\":\"2021-10-12T07:09:52+00:00\",\"breadcrumb\":{\"@id\":\"https:\/\/thanhphatpc.com\/man-hinh-dell-ultrasharp-24-u2419h-1920x1080-ips-60hz-8ms\/#breadcrumb\"},\"inLanguage\":\"en-US\",\"potentialAction\":[{\"@type\":\"ReadAction\",\"target\":[\"https:\/\/thanhphatpc.com\/man-hinh-dell-ultrasharp-24-u2419h-1920x1080-ips-60hz-8ms\/\"]}]},{\"@type\":\"ImageObject\",\"inLanguage\":\"en-US\",\"@id\":\"https:\/\/thanhphatpc.com\/man-hinh-dell-ultrasharp-24-u2419h-1920x1080-ips-60hz-8ms\/#primaryimage\",\"url\":\"https:\/\/thanhphatpc.com\/wp-content\/uploads\/2020\/03\/1-19.jpg\",\"contentUrl\":\"https:\/\/thanhphatpc.com\/wp-content\/uploads\/2020\/03\/1-19.jpg\",\"width\":225,\"height\":225},{\"@type\":\"BreadcrumbList\",\"@id\":\"https:\/\/thanhphatpc.com\/man-hinh-dell-ultrasharp-24-u2419h-1920x1080-ips-60hz-8ms\/#breadcrumb\",\"itemListElement\":[{\"@type\":\"ListItem\",\"position\":1,\"name\":\"Trang ch\u1ee7\",\"item\":\"https:\/\/thanhphatpc.com\/\"},{\"@type\":\"ListItem\",\"position\":2,\"name\":\"C\u1eeda h\u00e0ng\",\"item\":\"https:\/\/thanhphatpc.com\/cua-hang\/\"},{\"@type\":\"ListItem\",\"position\":3,\"name\":\"M\u00e0n H\u00ecnh Dell Ultrasharp 24&#8243; U2419H (1920&#215;1080\/IPS\/60Hz\/8ms)\"}]},{\"@type\":\"WebSite\",\"@id\":\"https:\/\/thanhphatpc.com\/#website\",\"url\":\"https:\/\/thanhphatpc.com\/\",\"name\":\"ThanhPhat PC\",\"description\":\"D\u1ecbch v\u1ee5 ho\u00e0n h\u1ea3o\",\"potentialAction\":[{\"@type\":\"SearchAction\",\"target\":{\"@type\":\"EntryPoint\",\"urlTemplate\":\"https:\/\/thanhphatpc.com\/?s={search_term_string}\"},\"query-input\":{\"@type\":\"PropertyValueSpecification\",\"valueRequired\":true,\"valueName\":\"search_term_string\"}}],\"inLanguage\":\"en-US\"}]}<\/script>\n<!-- \/ Yoast SEO plugin. -->","yoast_head_json":{"title":"M\u00e0n H\u00ecnh Dell Ultrasharp 24\" U2419H (1920x1080\/IPS\/60Hz\/8ms) - ThanhPhat PC","robots":{"index":"index","follow":"follow","max-snippet":"max-snippet:-1","max-image-preview":"max-image-preview:large","max-video-preview":"max-video-preview:-1"},"canonical":"https:\/\/thanhphatpc.com\/en\/man-hinh-dell-ultrasharp-24-u2419h-1920x1080-ips-60hz-8ms\/","og_locale":"en_US","og_type":"article","og_title":"M\u00e0n H\u00ecnh Dell Ultrasharp 24\" U2419H (1920x1080\/IPS\/60Hz\/8ms) - ThanhPhat PC","og_description":"- K\u00edch th\u01b0\u1edbc: 24\" - \u0110\u1ed9 ph\u00e2n gi\u1ea3i: 1920 x 1080 ( 16:9 ) - C\u00f4ng ngh\u00ea\u0323 t\u00e2\u0301m n\u00ea\u0300n: IPS - Go\u0301c nhi\u0300n: 178 (H) \/ 178 (V) - T\u00e2\u0300n s\u00f4\u0301 que\u0301t: 60Hz - Th\u01a1\u0300i gian pha\u0309n h\u00f4\u0300i: 8 ms","og_url":"https:\/\/thanhphatpc.com\/en\/man-hinh-dell-ultrasharp-24-u2419h-1920x1080-ips-60hz-8ms\/","og_site_name":"ThanhPhat PC","article_modified_time":"2021-10-12T07:09:52+00:00","og_image":[{"width":225,"height":225,"url":"https:\/\/thanhphatpc.com\/wp-content\/uploads\/2020\/03\/1-19.jpg","type":"image\/jpeg"}],"twitter_card":"summary_large_image","twitter_misc":{"Est. reading time":"5 minutes"},"schema":{"@context":"https:\/\/schema.org","@graph":[{"@type":"WebPage","@id":"https:\/\/thanhphatpc.com\/man-hinh-dell-ultrasharp-24-u2419h-1920x1080-ips-60hz-8ms\/","url":"https:\/\/thanhphatpc.com\/man-hinh-dell-ultrasharp-24-u2419h-1920x1080-ips-60hz-8ms\/","name":"M\u00e0n H\u00ecnh Dell Ultrasharp 24\" U2419H (1920x1080\/IPS\/60Hz\/8ms) - ThanhPhat PC","isPartOf":{"@id":"https:\/\/thanhphatpc.com\/#website"},"primaryImageOfPage":{"@id":"https:\/\/thanhphatpc.com\/man-hinh-dell-ultrasharp-24-u2419h-1920x1080-ips-60hz-8ms\/#primaryimage"},"image":{"@id":"https:\/\/thanhphatpc.com\/man-hinh-dell-ultrasharp-24-u2419h-1920x1080-ips-60hz-8ms\/#primaryimage"},"thumbnailUrl":"https:\/\/thanhphatpc.com\/wp-content\/uploads\/2020\/03\/1-19.jpg","datePublished":"2020-03-21T09:17:57+00:00","dateModified":"2021-10-12T07:09:52+00:00","breadcrumb":{"@id":"https:\/\/thanhphatpc.com\/man-hinh-dell-ultrasharp-24-u2419h-1920x1080-ips-60hz-8ms\/#breadcrumb"},"inLanguage":"en-US","potentialAction":[{"@type":"ReadAction","target":["https:\/\/thanhphatpc.com\/man-hinh-dell-ultrasharp-24-u2419h-1920x1080-ips-60hz-8ms\/"]}]},{"@type":"ImageObject","inLanguage":"en-US","@id":"https:\/\/thanhphatpc.com\/man-hinh-dell-ultrasharp-24-u2419h-1920x1080-ips-60hz-8ms\/#primaryimage","url":"https:\/\/thanhphatpc.com\/wp-content\/uploads\/2020\/03\/1-19.jpg","contentUrl":"https:\/\/thanhphatpc.com\/wp-content\/uploads\/2020\/03\/1-19.jpg","width":225,"height":225},{"@type":"BreadcrumbList","@id":"https:\/\/thanhphatpc.com\/man-hinh-dell-ultrasharp-24-u2419h-1920x1080-ips-60hz-8ms\/#breadcrumb","itemListElement":[{"@type":"ListItem","position":1,"name":"Trang ch\u1ee7","item":"https:\/\/thanhphatpc.com\/"},{"@type":"ListItem","position":2,"name":"C\u1eeda h\u00e0ng","item":"https:\/\/thanhphatpc.com\/cua-hang\/"},{"@type":"ListItem","position":3,"name":"M\u00e0n H\u00ecnh Dell Ultrasharp 24&#8243; U2419H (1920&#215;1080\/IPS\/60Hz\/8ms)"}]},{"@type":"WebSite","@id":"https:\/\/thanhphatpc.com\/#website","url":"https:\/\/thanhphatpc.com\/","name":"ThanhPhat PC","description":"D\u1ecbch v\u1ee5 ho\u00e0n h\u1ea3o","potentialAction":[{"@type":"SearchAction","target":{"@type":"EntryPoint","urlTemplate":"https:\/\/thanhphatpc.com\/?s={search_term_string}"},"query-input":{"@type":"PropertyValueSpecification","valueRequired":true,"valueName":"search_term_string"}}],"inLanguage":"en-US"}]}},"_links":{"self":[{"href":"https:\/\/thanhphatpc.com\/en\/wp-json\/wp\/v2\/product\/3822","targetHints":{"allow":["GET"]}}],"collection":[{"href":"https:\/\/thanhphatpc.com\/en\/wp-json\/wp\/v2\/product"}],"about":[{"href":"https:\/\/thanhphatpc.com\/en\/wp-json\/wp\/v2\/types\/product"}],"replies":[{"embeddable":true,"href":"https:\/\/thanhphatpc.com\/en\/wp-json\/wp\/v2\/comments?post=3822"}],"wp:featuredmedia":[{"embeddable":true,"href":"https:\/\/thanhphatpc.com\/en\/wp-json\/wp\/v2\/media\/3823"}],"wp:attachment":[{"href":"https:\/\/thanhphatpc.com\/en\/wp-json\/wp\/v2\/media?parent=3822"}],"wp:term":[{"taxonomy":"product_cat","embeddable":true,"href":"https:\/\/thanhphatpc.com\/en\/wp-json\/wp\/v2\/product_cat?post=3822"},{"taxonomy":"product_tag","embeddable":true,"href":"https:\/\/thanhphatpc.com\/en\/wp-json\/wp\/v2\/product_tag?post=3822"}],"curies":[{"name":"wp","href":"https:\/\/api.w.org\/{rel}","templated":true}]}}