{"id":3884,"date":"2020-04-12T14:59:33","date_gmt":"2020-04-12T07:59:33","guid":{"rendered":"https:\/\/thanhphatpc.com\/?post_type=product&#038;p=3884"},"modified":"2023-03-22T11:24:54","modified_gmt":"2023-03-22T04:24:54","slug":"vo-case-xigmatek-gemini-khong-fan-mini-tower-mau-den-en41654","status":"publish","type":"product","link":"https:\/\/thanhphatpc.com\/en\/vo-case-xigmatek-gemini-khong-fan-mini-tower-mau-den-en41654\/","title":{"rendered":"V\u1ecf Case Xigmatek Gemini kh\u00f4ng fan (Mini Tower\/M\u00e0u \u0110en) EN41654"},"content":{"rendered":"<div id=\"tab1\" class=\"content_scroll_tab_2019 bg-white\">\n<div class=\"nd title_box_scroll_content_2019\">\n<h2>\u0110\u1eb7c \u0111i\u1ec3m n\u1ed5i b\u1eadt c\u1ee7a V\u1ecf Case Xigmatek Gemini (Mini Tower\/M\u00e0u \u0110en) EN41654<\/h2>\n<table>\n<tbody>\n<tr>\n<td><img decoding=\"async\" src=\"https:\/\/www.hanoicomputer.vn\/media\/lib\/44875_GEMINI_-_EDM_-_01.jpg\" alt=\"\" width=\"100%\" \/><\/p>\n<p><img decoding=\"async\" src=\"https:\/\/www.hanoicomputer.vn\/media\/lib\/44875_GEMINI_-_EDM_-_04.jpg\" alt=\"\" width=\"100%\" \/><\/p>\n<p><img decoding=\"async\" src=\"https:\/\/www.hanoicomputer.vn\/media\/lib\/44875_GEMINI_-_EDM_-_05.jpg\" alt=\"\" width=\"100%\" \/><\/p>\n<p><img decoding=\"async\" src=\"https:\/\/www.hanoicomputer.vn\/media\/lib\/44875_GEMINI_-_EDM_-_06.jpg\" alt=\"\" width=\"100%\" \/><\/p>\n<p><img decoding=\"async\" src=\"https:\/\/www.hanoicomputer.vn\/media\/lib\/44875_GEMINI_-_EDM_-_07.jpg\" alt=\"\" width=\"100%\" \/><\/td>\n<\/tr>\n<\/tbody>\n<\/table>\n<\/div>\n<p><a class=\"viewmore active\">THU G\u1eccN<\/a><\/div>\n<div id=\"tab2\" class=\"content_scroll_tab_2019\">\n<div class=\"nd title_box_scroll_content_2019\">\n<h2 class=\"title_box_scroll_2019\">TH\u00d4NG S\u1ed0 K\u1ef8 THU\u1eacT<\/h2>\n<table>\n<tbody>\n<tr>\n<td colspan=\"2\">M\u00f4 t\u1ea3 chi ti\u1ebft<\/td>\n<\/tr>\n<tr>\n<td>H\u00e3ng s\u1ea3n xu\u1ea5t<\/td>\n<td>XIGMATEK<\/td>\n<\/tr>\n<tr>\n<td>Ch\u1ee7ng lo\u1ea1i<\/td>\n<td>XIGMATEK GEMINI (EN41654)<\/td>\n<\/tr>\n<tr>\n<td>K\u00edch th\u01b0\u1edbc (r\u1ed9ng x d\u00e0i x cao)<\/td>\n<td>403mm x 200mm x 397mm<\/td>\n<\/tr>\n<tr>\n<td>Ch\u1ea5t li\u1ec7u<\/td>\n<td>SECC ph\u1ee7 \u0111en, k\u00ednh c\u01b0\u1eddng l\u1ef1c<\/td>\n<\/tr>\n<tr>\n<td>M\u00e0u<\/td>\n<td>\u0110en<\/td>\n<\/tr>\n<tr>\n<td>Chu\u1ea9n Mainboard<\/td>\n<td>Micro-ATX, mini-ITX<\/td>\n<\/tr>\n<tr>\n<td>Khe c\u1eafm m\u1edf r\u1ed9ng<\/td>\n<td>4<\/td>\n<\/tr>\n<tr>\n<td>Khay 5.25\u201d<\/td>\n<td>N\/A<\/td>\n<\/tr>\n<tr>\n<td>Khay 3.5&#8221;<\/td>\n<td>2<\/td>\n<\/tr>\n<tr>\n<td>Khay 2.5\u201d<\/td>\n<td>2<\/td>\n<\/tr>\n<tr>\n<td>C\u1ed5ng giao ti\u1ebfp b\u00ean ngo\u00e0i<\/td>\n<td>USB 3.0\u00a0\u00d7 1, USB 2.0\u00a0\u00d7 2, Audio \u00d7 1, Mic \u00d7 1<\/td>\n<\/tr>\n<tr>\n<td>H\u1ec7 th\u1ed1ng l\u00e0m m\u00e1t (Case ch\u01b0a bao g\u1ed3m FAN)<\/td>\n<td>Ph\u00eda tr\u01b0\u1edbc: 3 x 120mm fan \/ 2 x 140mm fan (Ch\u01b0a k\u00e8m Theo)<\/p>\n<p>Ph\u00eda tr\u00ean: 2 x 120mm fan\u00a0(Ch\u01b0a k\u00e8m Theo)<\/p>\n<p>Ph\u00eda sau: 1 x 120mm fan\u00a0(Ch\u01b0a k\u00e8m Theo)<\/td>\n<\/tr>\n<tr>\n<td>T\u1ea3n n\u01b0\u1edbc t\u01b0\u01a1ng th\u00edch<\/td>\n<td>N\/A<\/td>\n<\/tr>\n<tr>\n<td>Ph\u1ee5 ki\u1ec7n \u0111i k\u00e8m<\/td>\n<td>\u1ed0c v\u00edt, v\u1ecf th\u00f9ng<\/td>\n<\/tr>\n<tr>\n<td>Chu\u1ea9n ngu\u1ed3n<\/td>\n<td>ATX<\/td>\n<\/tr>\n<tr>\n<td>Kh\u1ea3 n\u0103ng t\u01b0\u01a1ng th\u00edch<\/td>\n<td>Chi\u1ec1u d\u00e0i VGA t\u1ed1i \u0111a: 320mm<br \/>\nChi\u1ec1u cao t\u1ea3n CPU t\u1ed1i \u0111a: 160mm<\/td>\n<\/tr>\n<\/tbody>\n<\/table>\n<\/div>\n<\/div>","protected":false},"excerpt":{"rendered":"<div class=\"product-summary-item-title\">Th\u00f4ng s\u1ed1 s\u1ea3n ph\u1ea9m<\/div>\n<ul id=\"js-tskt-item\" class=\"product-summary-item-ul d-flex flex-wrap mb-0\">\n<li>H\u1ed7 tr\u1ee3 mainboard: Micro-ATX, mini-ITX<\/li>\n<li>Khay 3.5&#8243;: 2<\/li>\n<li>Khay 2.5\u201d: 2<\/li>\n<li>Chi\u1ec1u d\u00e0i VGA t\u1ed1i \u0111a: 320mm<\/li>\n<li>Chi\u1ec1u cao t\u1ea3n CPU t\u1ed1i \u0111a: 160mm<\/li>\n<\/ul>","protected":false},"featured_media":3885,"comment_status":"open","ping_status":"closed","template":"","meta":{"_acf_changed":false},"product_cat":[389],"product_tag":[],"class_list":{"0":"post-3884","1":"product","2":"type-product","3":"status-publish","4":"has-post-thumbnail","6":"product_cat-vo-case","8":"first","9":"outofstock","10":"shipping-taxable","11":"purchasable","12":"product-type-simple"},"acf":[],"yoast_head":"<!-- This site is optimized with the Yoast SEO plugin v23.8 - https:\/\/yoast.com\/wordpress\/plugins\/seo\/ -->\n<title>V\u1ecf Case Xigmatek Gemini kh\u00f4ng fan (Mini Tower\/M\u00e0u \u0110en) EN41654 - ThanhPhat PC<\/title>\n<meta name=\"robots\" content=\"index, follow, max-snippet:-1, max-image-preview:large, max-video-preview:-1\" \/>\n<link rel=\"canonical\" href=\"https:\/\/thanhphatpc.com\/en\/vo-case-xigmatek-gemini-khong-fan-mini-tower-mau-den-en41654\/\" \/>\n<meta property=\"og:locale\" content=\"en_US\" \/>\n<meta property=\"og:type\" content=\"article\" \/>\n<meta property=\"og:title\" content=\"V\u1ecf Case Xigmatek Gemini kh\u00f4ng fan (Mini Tower\/M\u00e0u \u0110en) EN41654 - ThanhPhat PC\" \/>\n<meta property=\"og:description\" content=\"Th\u00f4ng s\u1ed1 s\u1ea3n ph\u1ea9m   H\u1ed7 tr\u1ee3 mainboard: Micro-ATX, mini-ITX  Khay 3.5&quot;: 2  Khay 2.5\u201d: 2  Chi\u1ec1u d\u00e0i VGA t\u1ed1i \u0111a: 320mm  Chi\u1ec1u cao t\u1ea3n CPU t\u1ed1i \u0111a: 160mm\" \/>\n<meta property=\"og:url\" content=\"https:\/\/thanhphatpc.com\/en\/vo-case-xigmatek-gemini-khong-fan-mini-tower-mau-den-en41654\/\" \/>\n<meta property=\"og:site_name\" content=\"ThanhPhat PC\" \/>\n<meta property=\"article:modified_time\" content=\"2023-03-22T04:24:54+00:00\" \/>\n<meta property=\"og:image\" content=\"https:\/\/thanhphatpc.com\/wp-content\/uploads\/2020\/04\/xigmatex-\u0111en.jpg\" \/>\n\t<meta property=\"og:image:width\" content=\"850\" \/>\n\t<meta property=\"og:image:height\" content=\"850\" \/>\n\t<meta property=\"og:image:type\" content=\"image\/png\" \/>\n<meta name=\"twitter:card\" content=\"summary_large_image\" \/>\n<meta name=\"twitter:label1\" content=\"Est. reading time\" \/>\n\t<meta name=\"twitter:data1\" content=\"1 minute\" \/>\n<script type=\"application\/ld+json\" class=\"yoast-schema-graph\">{\"@context\":\"https:\/\/schema.org\",\"@graph\":[{\"@type\":\"WebPage\",\"@id\":\"https:\/\/thanhphatpc.com\/vo-case-xigmatek-gemini-khong-fan-mini-tower-mau-den-en41654\/\",\"url\":\"https:\/\/thanhphatpc.com\/vo-case-xigmatek-gemini-khong-fan-mini-tower-mau-den-en41654\/\",\"name\":\"V\u1ecf Case Xigmatek Gemini kh\u00f4ng fan (Mini Tower\/M\u00e0u \u0110en) EN41654 - ThanhPhat PC\",\"isPartOf\":{\"@id\":\"https:\/\/thanhphatpc.com\/#website\"},\"primaryImageOfPage\":{\"@id\":\"https:\/\/thanhphatpc.com\/vo-case-xigmatek-gemini-khong-fan-mini-tower-mau-den-en41654\/#primaryimage\"},\"image\":{\"@id\":\"https:\/\/thanhphatpc.com\/vo-case-xigmatek-gemini-khong-fan-mini-tower-mau-den-en41654\/#primaryimage\"},\"thumbnailUrl\":\"https:\/\/thanhphatpc.com\/wp-content\/uploads\/2020\/04\/xigmatex-\u0111en.jpg\",\"datePublished\":\"2020-04-12T07:59:33+00:00\",\"dateModified\":\"2023-03-22T04:24:54+00:00\",\"breadcrumb\":{\"@id\":\"https:\/\/thanhphatpc.com\/vo-case-xigmatek-gemini-khong-fan-mini-tower-mau-den-en41654\/#breadcrumb\"},\"inLanguage\":\"en-US\",\"potentialAction\":[{\"@type\":\"ReadAction\",\"target\":[\"https:\/\/thanhphatpc.com\/vo-case-xigmatek-gemini-khong-fan-mini-tower-mau-den-en41654\/\"]}]},{\"@type\":\"ImageObject\",\"inLanguage\":\"en-US\",\"@id\":\"https:\/\/thanhphatpc.com\/vo-case-xigmatek-gemini-khong-fan-mini-tower-mau-den-en41654\/#primaryimage\",\"url\":\"https:\/\/thanhphatpc.com\/wp-content\/uploads\/2020\/04\/xigmatex-\u0111en.jpg\",\"contentUrl\":\"https:\/\/thanhphatpc.com\/wp-content\/uploads\/2020\/04\/xigmatex-\u0111en.jpg\",\"width\":850,\"height\":850},{\"@type\":\"BreadcrumbList\",\"@id\":\"https:\/\/thanhphatpc.com\/vo-case-xigmatek-gemini-khong-fan-mini-tower-mau-den-en41654\/#breadcrumb\",\"itemListElement\":[{\"@type\":\"ListItem\",\"position\":1,\"name\":\"Trang ch\u1ee7\",\"item\":\"https:\/\/thanhphatpc.com\/\"},{\"@type\":\"ListItem\",\"position\":2,\"name\":\"C\u1eeda h\u00e0ng\",\"item\":\"https:\/\/thanhphatpc.com\/cua-hang\/\"},{\"@type\":\"ListItem\",\"position\":3,\"name\":\"V\u1ecf Case Xigmatek Gemini kh\u00f4ng fan (Mini Tower\/M\u00e0u \u0110en) EN41654\"}]},{\"@type\":\"WebSite\",\"@id\":\"https:\/\/thanhphatpc.com\/#website\",\"url\":\"https:\/\/thanhphatpc.com\/\",\"name\":\"ThanhPhat PC\",\"description\":\"D\u1ecbch v\u1ee5 ho\u00e0n h\u1ea3o\",\"potentialAction\":[{\"@type\":\"SearchAction\",\"target\":{\"@type\":\"EntryPoint\",\"urlTemplate\":\"https:\/\/thanhphatpc.com\/?s={search_term_string}\"},\"query-input\":{\"@type\":\"PropertyValueSpecification\",\"valueRequired\":true,\"valueName\":\"search_term_string\"}}],\"inLanguage\":\"en-US\"}]}<\/script>\n<!-- \/ Yoast SEO plugin. -->","yoast_head_json":{"title":"V\u1ecf Case Xigmatek Gemini kh\u00f4ng fan (Mini Tower\/M\u00e0u \u0110en) EN41654 - ThanhPhat PC","robots":{"index":"index","follow":"follow","max-snippet":"max-snippet:-1","max-image-preview":"max-image-preview:large","max-video-preview":"max-video-preview:-1"},"canonical":"https:\/\/thanhphatpc.com\/en\/vo-case-xigmatek-gemini-khong-fan-mini-tower-mau-den-en41654\/","og_locale":"en_US","og_type":"article","og_title":"V\u1ecf Case Xigmatek Gemini kh\u00f4ng fan (Mini Tower\/M\u00e0u \u0110en) EN41654 - ThanhPhat PC","og_description":"Th\u00f4ng s\u1ed1 s\u1ea3n ph\u1ea9m   H\u1ed7 tr\u1ee3 mainboard: Micro-ATX, mini-ITX  Khay 3.5\": 2  Khay 2.5\u201d: 2  Chi\u1ec1u d\u00e0i VGA t\u1ed1i \u0111a: 320mm  Chi\u1ec1u cao t\u1ea3n CPU t\u1ed1i \u0111a: 160mm","og_url":"https:\/\/thanhphatpc.com\/en\/vo-case-xigmatek-gemini-khong-fan-mini-tower-mau-den-en41654\/","og_site_name":"ThanhPhat PC","article_modified_time":"2023-03-22T04:24:54+00:00","og_image":[{"width":850,"height":850,"url":"https:\/\/thanhphatpc.com\/wp-content\/uploads\/2020\/04\/xigmatex-\u0111en.jpg","type":"image\/png"}],"twitter_card":"summary_large_image","twitter_misc":{"Est. reading time":"1 minute"},"schema":{"@context":"https:\/\/schema.org","@graph":[{"@type":"WebPage","@id":"https:\/\/thanhphatpc.com\/vo-case-xigmatek-gemini-khong-fan-mini-tower-mau-den-en41654\/","url":"https:\/\/thanhphatpc.com\/vo-case-xigmatek-gemini-khong-fan-mini-tower-mau-den-en41654\/","name":"V\u1ecf Case Xigmatek Gemini kh\u00f4ng fan (Mini Tower\/M\u00e0u \u0110en) EN41654 - ThanhPhat PC","isPartOf":{"@id":"https:\/\/thanhphatpc.com\/#website"},"primaryImageOfPage":{"@id":"https:\/\/thanhphatpc.com\/vo-case-xigmatek-gemini-khong-fan-mini-tower-mau-den-en41654\/#primaryimage"},"image":{"@id":"https:\/\/thanhphatpc.com\/vo-case-xigmatek-gemini-khong-fan-mini-tower-mau-den-en41654\/#primaryimage"},"thumbnailUrl":"https:\/\/thanhphatpc.com\/wp-content\/uploads\/2020\/04\/xigmatex-\u0111en.jpg","datePublished":"2020-04-12T07:59:33+00:00","dateModified":"2023-03-22T04:24:54+00:00","breadcrumb":{"@id":"https:\/\/thanhphatpc.com\/vo-case-xigmatek-gemini-khong-fan-mini-tower-mau-den-en41654\/#breadcrumb"},"inLanguage":"en-US","potentialAction":[{"@type":"ReadAction","target":["https:\/\/thanhphatpc.com\/vo-case-xigmatek-gemini-khong-fan-mini-tower-mau-den-en41654\/"]}]},{"@type":"ImageObject","inLanguage":"en-US","@id":"https:\/\/thanhphatpc.com\/vo-case-xigmatek-gemini-khong-fan-mini-tower-mau-den-en41654\/#primaryimage","url":"https:\/\/thanhphatpc.com\/wp-content\/uploads\/2020\/04\/xigmatex-\u0111en.jpg","contentUrl":"https:\/\/thanhphatpc.com\/wp-content\/uploads\/2020\/04\/xigmatex-\u0111en.jpg","width":850,"height":850},{"@type":"BreadcrumbList","@id":"https:\/\/thanhphatpc.com\/vo-case-xigmatek-gemini-khong-fan-mini-tower-mau-den-en41654\/#breadcrumb","itemListElement":[{"@type":"ListItem","position":1,"name":"Trang ch\u1ee7","item":"https:\/\/thanhphatpc.com\/"},{"@type":"ListItem","position":2,"name":"C\u1eeda h\u00e0ng","item":"https:\/\/thanhphatpc.com\/cua-hang\/"},{"@type":"ListItem","position":3,"name":"V\u1ecf Case Xigmatek Gemini kh\u00f4ng fan (Mini Tower\/M\u00e0u \u0110en) EN41654"}]},{"@type":"WebSite","@id":"https:\/\/thanhphatpc.com\/#website","url":"https:\/\/thanhphatpc.com\/","name":"ThanhPhat PC","description":"D\u1ecbch v\u1ee5 ho\u00e0n h\u1ea3o","potentialAction":[{"@type":"SearchAction","target":{"@type":"EntryPoint","urlTemplate":"https:\/\/thanhphatpc.com\/?s={search_term_string}"},"query-input":{"@type":"PropertyValueSpecification","valueRequired":true,"valueName":"search_term_string"}}],"inLanguage":"en-US"}]}},"_links":{"self":[{"href":"https:\/\/thanhphatpc.com\/en\/wp-json\/wp\/v2\/product\/3884","targetHints":{"allow":["GET"]}}],"collection":[{"href":"https:\/\/thanhphatpc.com\/en\/wp-json\/wp\/v2\/product"}],"about":[{"href":"https:\/\/thanhphatpc.com\/en\/wp-json\/wp\/v2\/types\/product"}],"replies":[{"embeddable":true,"href":"https:\/\/thanhphatpc.com\/en\/wp-json\/wp\/v2\/comments?post=3884"}],"wp:featuredmedia":[{"embeddable":true,"href":"https:\/\/thanhphatpc.com\/en\/wp-json\/wp\/v2\/media\/3885"}],"wp:attachment":[{"href":"https:\/\/thanhphatpc.com\/en\/wp-json\/wp\/v2\/media?parent=3884"}],"wp:term":[{"taxonomy":"product_cat","embeddable":true,"href":"https:\/\/thanhphatpc.com\/en\/wp-json\/wp\/v2\/product_cat?post=3884"},{"taxonomy":"product_tag","embeddable":true,"href":"https:\/\/thanhphatpc.com\/en\/wp-json\/wp\/v2\/product_tag?post=3884"}],"curies":[{"name":"wp","href":"https:\/\/api.w.org\/{rel}","templated":true}]}}