{"id":3886,"date":"2020-04-12T15:16:43","date_gmt":"2020-04-12T08:16:43","guid":{"rendered":"https:\/\/thanhphatpc.com\/?post_type=product&#038;p=3886"},"modified":"2020-04-12T15:16:44","modified_gmt":"2020-04-12T08:16:44","slug":"mainboard-gigabyte-h110m-ds2","status":"publish","type":"product","link":"https:\/\/thanhphatpc.com\/en\/mainboard-gigabyte-h110m-ds2\/","title":{"rendered":"Mainboard GIGABYTE H110M-DS2"},"content":{"rendered":"<div id=\"tab1\" class=\"content_scroll_tab_2019 bg-white\">\n<div class=\"nd title_box_scroll_content_2019\">\n<h2>\u0110\u1eb7c \u0111i\u1ec3m n\u1ed5i b\u1eadt c\u1ee7a Mainboard GIGABYTE H110M-DS2<\/h2>\n<p><img loading=\"lazy\" decoding=\"async\" src=\"https:\/\/www.ple.com.au\/img\/os-content\/Gigabyte\/giga_banner.jpg\" alt=\"\" width=\"1000\" height=\"200\" \/><\/p>\n<table border=\"0\" cellspacing=\"0\">\n<colgroup width=\"326\"><\/colgroup>\n<colgroup width=\"24\"><\/colgroup>\n<colgroup width=\"326\"><\/colgroup>\n<colgroup width=\"24\"><\/colgroup>\n<colgroup width=\"326\"><\/colgroup>\n<tbody>\n<tr>\n<td align=\"left\" valign=\"top\" height=\"15\"><\/td>\n<td align=\"left\" valign=\"top\"><\/td>\n<td align=\"left\" valign=\"top\"><\/td>\n<td align=\"left\" valign=\"top\"><\/td>\n<td align=\"left\" valign=\"top\"><\/td>\n<\/tr>\n<tr>\n<td align=\"left\" valign=\"top\" height=\"206\">\u00a0<img loading=\"lazy\" decoding=\"async\" src=\"https:\/\/i.imgur.com\/AtPJoW9.png\" alt=\"\" width=\"300\" height=\"225\" \/><\/td>\n<td align=\"left\" valign=\"top\"><\/td>\n<td align=\"left\" valign=\"top\">\u00a0<img loading=\"lazy\" decoding=\"async\" src=\"https:\/\/i.imgur.com\/s5T4nGK.jpg\" alt=\"\" width=\"300\" height=\"225\" \/><\/td>\n<td align=\"left\" valign=\"top\"><\/td>\n<td align=\"left\" valign=\"top\">\u00a0<img loading=\"lazy\" decoding=\"async\" src=\"https:\/\/i.imgur.com\/OgweYCk.png\" alt=\"\" width=\"300\" height=\"225\" \/><\/td>\n<\/tr>\n<tr>\n<td align=\"left\" valign=\"top\" height=\"19\"><strong>H\u1ed7 tr\u1ee3 DDR4<\/strong><\/td>\n<td align=\"left\" valign=\"top\"><\/td>\n<td align=\"left\" valign=\"top\"><strong><span id=\"ctl00_ContentPlaceHolder1_ctl00_ctl00_span_overview\">K\u1ebft n\u1ed1i \u0111\u00e1ng tin c\u1eady<\/span><\/strong><\/td>\n<td align=\"left\" valign=\"top\"><\/td>\n<td align=\"left\" valign=\"top\"><strong>S\u1ee3i th\u1ee7y tinh m\u1eadt \u0111\u1ed9 cao<\/strong><\/td>\n<\/tr>\n<tr>\n<td align=\"left\" valign=\"top\" height=\"106\"><span id=\"result_box\" lang=\"vi\">H\u1ed7 tr\u1ee3 c\u00e1c m\u00f4 \u0111un b\u1ed9 nh\u1edb DDR4 m\u1edbi nh\u1ea5t cho hi\u1ec7u n\u0103ng c\u1ef1c t\u1ed1t.<\/span><\/td>\n<td align=\"left\" valign=\"top\"><\/td>\n<td align=\"left\" valign=\"top\"><span id=\"source-is\" class=\"goog-textarea short_text\" dir=\"ltr\"><span id=\"ctl00_ContentPlaceHolder1_ctl00_ctl00_span_overview\"><span id=\"result_box\" lang=\"vi\">Realtek GbE c\u00f3 t\u00ednh n\u0103ng cFosSpeed, m\u1ed9t \u1ee9ng d\u1ee5ng qu\u1ea3n l\u00fd l\u01b0u l\u01b0\u1ee3ng m\u1ea1ng gi\u00fap c\u1ea3i thi\u1ec7n \u0111\u1ed9 tr\u1ec5 c\u1ee7a m\u1ea1ng, duy tr\u00ec th\u1eddi gian ping th\u1ea5p \u0111\u1ec3 \u0111\u00e1p \u1ee9ng t\u1ed1t h\u01a1n trong m\u00f4i tr\u01b0\u1eddng m\u1ea1ng LAN \u0111\u00f4ng \u0111\u00fac.\u00a0Realtek Green GbE ti\u00eau th\u1ee5 \u00edt \u0111i\u1ec7n n\u0103ng \u0111\u00e1ng k\u1ec3 khi n\u00f3 \u1edf tr\u1ea1ng th\u00e1i nh\u00e0n r\u1ed7i so v\u1edbi c\u00e1c thi\u1ebft b\u1ecb kh\u00e1c.<\/span><\/span><\/span><\/td>\n<td align=\"left\" valign=\"top\"><\/td>\n<td align=\"left\" valign=\"top\">B\u1ea3ng m\u1ea1ch c\u1ea5u th\u00e0nh t\u1eeb c\u00e1c s\u1ee3i th\u1ee7y tinh m\u1eadt \u0111\u1ed9 c\u1ef1c cao, gi\u00fap ch\u1ed1ng ch\u1ecbu \u0111\u01b0\u1ee3c \u0111\u1ed9 \u1ea9m, \u0111\u1ed3ng th\u1eddi h\u1ea1n ch\u1ebf hi\u1ec7n t\u01b0\u1ee3ng \u0111o\u1ea3n m\u1ea1ch.<\/td>\n<\/tr>\n<tr>\n<td align=\"left\" valign=\"top\" height=\"19\"><\/td>\n<td align=\"left\" valign=\"top\"><\/td>\n<td align=\"left\" valign=\"top\"><\/td>\n<td align=\"left\" valign=\"top\"><\/td>\n<td align=\"left\" valign=\"top\"><\/td>\n<\/tr>\n<tr>\n<td align=\"left\" valign=\"top\" height=\"206\">\u00a0<img loading=\"lazy\" decoding=\"async\" src=\"https:\/\/i.imgur.com\/sYoGTe6.jpg\" alt=\"\" width=\"300\" height=\"225\" \/><\/td>\n<td align=\"left\" valign=\"top\"><\/td>\n<td align=\"left\" valign=\"top\">\u00a0<img loading=\"lazy\" decoding=\"async\" src=\"https:\/\/i.imgur.com\/k5uJuLM.png\" alt=\"\" width=\"300\" height=\"225\" \/><\/td>\n<td align=\"left\" valign=\"top\"><\/td>\n<td align=\"left\" valign=\"top\">\u00a0<img loading=\"lazy\" decoding=\"async\" src=\"https:\/\/www.asus.com\/vn\/Motherboards\/H110M-A\/websites\/global\/products\/IEnEyLkdwpH6RRE4\/images\/navpic\/top06.jpg\" alt=\"\" width=\"300\" height=\"225\" \/><\/td>\n<\/tr>\n<tr>\n<td align=\"left\" valign=\"top\" height=\"19\"><strong>C\u1ed5ng xu\u1ea5t h\u00ecnh \u0111a d\u1ea1ng<\/strong><\/td>\n<td align=\"left\" valign=\"top\"><\/td>\n<td align=\"left\" valign=\"top\"><strong>\u00c2m thanh cho game<\/strong><\/td>\n<td align=\"left\" valign=\"top\"><\/td>\n<td align=\"left\" valign=\"top\"><strong>USB 3.0 \u1edf m\u1eb7t tr\u01b0\u1edbc<\/strong><\/td>\n<\/tr>\n<tr>\n<td align=\"left\" valign=\"top\" height=\"106\">Nh\u1eefng c\u1ed5ng xu\u1ea5t h\u00ecnh ph\u1ed5 th\u00f4ng \u0111\u1ec1u c\u00f3 m\u1eb7t tr\u00ean s\u1ea3n ph\u1ea9m, lo\u1ea1i b\u1ecf m\u1ed1i lo v\u1ec1 kh\u1ea3 n\u0103ng t\u01b0\u01a1ng th\u00edch v\u1edbi c\u00e1c lo\u1ea1i m\u00e0n h\u00ecnh t\u1eeb m\u1edbi \u0111\u1ebfn c\u0169.<\/td>\n<td align=\"left\" valign=\"top\"><\/td>\n<td align=\"left\" valign=\"top\"><span id=\"ctl00_ContentPlaceHolder1_ctl00_ctl00_span_overview\">T\u1ee5 \u00e2m thanh cao c\u1ea5p s\u1ea3n xu\u1ea5t t\u1ea1i Nh\u1eadt cung c\u1ea5p \u00e2m thanh \u1ea5m t\u1ef1 nhi\u00ean \u0111\u1eafm ch\u00ecm v\u1edbi \u0111\u1ed9 r\u00f5 r\u00e0ng v\u00e0 trung th\u1ef1c tuy\u1ec7t \u0111\u1ed1i.<\/span><\/td>\n<td align=\"left\" valign=\"top\"><\/td>\n<td align=\"left\" valign=\"top\"><span id=\"ctl00_ContentPlaceHolder1_ctl00_ctl00_span_overview\">Ch\u00fang t\u00f4i \u0111\u00e3 \u0111\u1eb7t c\u1ed5ng USB 3.0 \u1edf \u0111\u00fang n\u01a1i b\u1ea1n c\u1ea7n &#8211; hai c\u1ed5ng t\u1ed1c \u0111\u1ed9 si\u00eau nhanh tr\u00ean b\u1ea3ng \u0111i\u1ec1u khi\u1ec3n ph\u00eda tr\u01b0\u1edbc. Tr\u1ea3i nghi\u1ec7m t\u1ed1c \u0111\u1ed9 truy\u1ec1n t\u1ea3i d\u1eef li\u1ec7u g\u1ea5p \u0111\u1ebfn 10 l\u1ea7n so v\u1edbi USB 2.0 v\u1edbi k\u1ebft n\u1ed1i c\u1eafm-v\u00e0-ch\u1ea1y t\u1ee9c th\u00ec, \u0111\u1ec3 b\u1ea1n kh\u00f4ng ph\u1ea3i cong l\u01b0ng \u0111au \u0111\u1edbn \u0111\u1ec3 t\u00ecm v\u00e0 v\u1edbi \u0111\u1ebfn nh\u1eefng c\u1ed5ng kh\u00f3 t\u00ecm \u0111\u1eb1ng sau m\u00e1y!<\/span><\/td>\n<\/tr>\n<\/tbody>\n<\/table>\n<\/div>\n<p><a class=\"viewmore active\">THU G\u1eccN<\/a><\/div>\n<div id=\"tab2\" class=\"content_scroll_tab_2019\">\n<div class=\"nd title_box_scroll_content_2019\">\n<h2 class=\"title_box_scroll_2019\">TH\u00d4NG S\u1ed0 K\u1ef8 THU\u1eacT<\/h2>\n<table>\n<tbody>\n<tr>\n<td colspan=\"2\" nowrap=\"nowrap\">M\u00f4 t\u1ea3 chi ti\u1ebft<\/td>\n<\/tr>\n<tr>\n<td>H\u00e3ng s\u1ea3n xu\u1ea5t<\/td>\n<td>GIGABYTE<\/td>\n<\/tr>\n<tr>\n<td>Ch\u1ee7ng lo\u1ea1i<\/td>\n<td>H110M-DS2<\/td>\n<\/tr>\n<tr>\n<td>CPU h\u1ed7 tr\u1ee3<\/td>\n<td>Support for Intel\u00ae Core\u2122 i7 processors\/Intel\u00ae Core\u2122 i5 processors\/Intel\u00ae Core\u2122 i3 processors\/Intel\u00ae Pentium\u00ae processors\/Intel\u00ae Celeron\u00ae processors in the LGA1151 package<\/p>\n<p>L3 cache varies with CPU<\/td>\n<\/tr>\n<tr>\n<td>Chipset<\/td>\n<td>Intel\u00ae H110 Express Chipset<\/td>\n<\/tr>\n<tr>\n<td>B\u1ed9 nh\u1edb trong<\/td>\n<td>2 x DDR4 DIMM sockets supporting up to 32 GB of system memory<\/p>\n<p>* Due to a Windows 32-bit operating system limitation, when more than 4 GB of physical memory is installed, the actual memory size displayed will be less than the size of the physical memory installed.<\/p>\n<p>Dual channel memory architecture<\/p>\n<p>Support for DDR4 2133 MHz memory modules<\/p>\n<p>Support for ECC UDIMM 1Rx8\/2Rx8 memory modules (operate in non-ECC mode)<\/p>\n<p>Support for non-ECC UDIMM 1Rx8\/2Rx8\/1Rx16 memory modules<\/td>\n<\/tr>\n<tr>\n<td>VGA onboard<\/td>\n<td>Integrated Graphics Processor &#8211; Intel\u00ae HD Graphics support:<\/p>\n<p>1 x D-Sub port, supporting a maximum resolution of 1920&#215;1200@60 Hz<\/p>\n<p>Maximum shared memory of 512 MB<\/td>\n<\/tr>\n<tr>\n<td>\u00c2m thanh<\/td>\n<td>Realtek\u00ae ALC887 codec<\/p>\n<p>High Definition Audio<\/p>\n<p>2\/4\/5.1\/7.1-channel<\/p>\n<p>* To configure 7.1-channel audio, you have to use an HD front panel audio module and enable the multi-channel audio feature through the audio driver.<\/p>\n<p>Support for S\/PDIF Out<\/td>\n<\/tr>\n<tr>\n<td>Khe m\u1edf r\u1ed9ng<\/td>\n<td>1 x PCI Express x16 slot, running at x16<\/p>\n<p>(The PCI Express x16 slot conforms to PCI Express 3.0 standard.)<\/p>\n<p>2 x PCI Express x1 slots<\/p>\n<p>(The PCI Express x1 slots conform to PCI Express 2.0 standard.)<\/td>\n<\/tr>\n<tr>\n<td>Chu\u1ea9n l\u01b0u tr\u1eef<\/td>\n<td>Chipset:<\/p>\n<p>4 x SATA 6Gb\/s connectors<\/td>\n<\/tr>\n<tr>\n<td>C\u1ed5ng giao ti\u1ebfp tr\u01b0\u1edbc v\u00e0 sau<\/td>\n<td>1 x PS\/2 mouse port<\/p>\n<p>1 x PS\/2 Keyboard port<\/p>\n<p>1 x parallel port<\/p>\n<p>1 x serial port<\/p>\n<p>1 x D-Sub port<\/p>\n<p>2 x USB 3.0\/2.0 ports<\/p>\n<p>2 x USB 2.0\/1.1 ports<\/p>\n<p>1 x RJ-45 port<\/p>\n<p>3 x audio jacks (Line In, Line Out, Mic In)<\/td>\n<\/tr>\n<tr>\n<td>C\u00f4ng ngh\u1ec7 t\u00edch h\u1ee3p<\/td>\n<td>Support for APP Center<\/p>\n<p>* Available applications in APP Center may differ by motherboard model. Supported functions of each application may also differ depending on motherboard specifications.<\/p>\n<p>3D OSD<\/p>\n<p>@BIOS<\/p>\n<p>AutoGreen<\/p>\n<p>Cloud Station<\/p>\n<p>EasyTune<\/p>\n<p>Fast Boot<\/p>\n<p>Smart TimeLock<\/p>\n<p>Smart Keyboard<\/p>\n<p>Smart Backup<\/p>\n<p>System Information Viewer<\/p>\n<p>USB Blocker<\/p>\n<p>Support for Q-Flash<\/p>\n<p>Support for Smart Switch<\/p>\n<p>Support for Xpress Install<\/td>\n<\/tr>\n<tr>\n<td>K\u00edch th\u01b0\u1edbc<\/td>\n<td>Micro ATX Form Factor; 22.6cm x 17.4cm<\/td>\n<\/tr>\n<tr>\n<td>Ph\u1ee5 ki\u1ec7n \u0111i k\u00e8m<\/td>\n<td>H\u1ed9p \/ S\u00e1ch h\u01b0\u1edbng d\u1eabn s\u1eed d\u1ee5ng \/ \u0110\u0129a Driver \/ Cable t\u00edn hi\u1ec7u Sata \/ Ch\u1eb7n main<\/td>\n<\/tr>\n<tr>\n<td>&nbsp;<\/td>\n<td>&nbsp;<\/td>\n<\/tr>\n<\/tbody>\n<\/table>\n<p>&nbsp;<\/p>\n<\/div>\n<\/div>","protected":false},"excerpt":{"rendered":"<div class=\"product-summary-item-title\">Th\u00f4ng s\u1ed1 s\u1ea3n ph\u1ea9m<\/div>\n<ul id=\"js-tskt-item\" class=\"product-summary-item-ul d-flex flex-wrap mb-0 content-collapse\">\n<li>CPU h\u1ed7 tr\u1ee3 Support for Intel\u00ae Core\u2122 i7 processors\/Intel\u00ae Core\u2122 i5 processors\/Intel\u00ae Core\u2122 i3 processors\/Intel\u00ae Pentium\u00ae processors\/Intel\u00ae Celeron\u00ae processors in the LGA1151 package<\/li>\n<li>L3 cache varies with CPU<\/li>\n<li>Chipset Intel\u00ae H110 Express Chipset<\/li>\n<li>B\u1ed9 nh\u1edb trong 2 x DDR4 DIMM sockets supporting up to 32 GB of system memory<\/li>\n<li>* Due to a Windows 32-bit operating system limitation, when more than 4 GB of physical memory is installed, the actual memory size<\/li>\n<\/ul>","protected":false},"featured_media":3887,"comment_status":"open","ping_status":"closed","template":"","meta":{"_acf_changed":false},"product_cat":[384],"product_tag":[],"class_list":{"0":"post-3886","1":"product","2":"type-product","3":"status-publish","4":"has-post-thumbnail","6":"product_cat-main","8":"first","9":"instock","10":"shipping-taxable","11":"purchasable","12":"product-type-simple"},"acf":[],"yoast_head":"<!-- This site is optimized with the Yoast SEO plugin v23.8 - https:\/\/yoast.com\/wordpress\/plugins\/seo\/ -->\n<title>Mainboard GIGABYTE H110M-DS2 - ThanhPhat PC<\/title>\n<meta name=\"robots\" content=\"index, follow, max-snippet:-1, max-image-preview:large, max-video-preview:-1\" \/>\n<link rel=\"canonical\" href=\"https:\/\/thanhphatpc.com\/en\/mainboard-gigabyte-h110m-ds2\/\" \/>\n<meta property=\"og:locale\" content=\"en_US\" \/>\n<meta property=\"og:type\" content=\"article\" \/>\n<meta property=\"og:title\" content=\"Mainboard GIGABYTE H110M-DS2 - ThanhPhat PC\" \/>\n<meta property=\"og:description\" content=\"Th\u00f4ng s\u1ed1 s\u1ea3n ph\u1ea9m   CPU h\u1ed7 tr\u1ee3 Support for Intel\u00ae Core\u2122 i7 processors\/Intel\u00ae Core\u2122 i5 processors\/Intel\u00ae Core\u2122 i3 processors\/Intel\u00ae Pentium\u00ae processors\/Intel\u00ae Celeron\u00ae processors in the LGA1151 package  L3 cache varies with CPU  Chipset Intel\u00ae H110 Express Chipset  B\u1ed9 nh\u1edb trong 2 x DDR4 DIMM sockets supporting up to 32 GB of system memory  * Due to a Windows 32-bit operating system limitation, when more than 4 GB of physical memory is installed, the actual memory size\" \/>\n<meta property=\"og:url\" content=\"https:\/\/thanhphatpc.com\/en\/mainboard-gigabyte-h110m-ds2\/\" \/>\n<meta property=\"og:site_name\" content=\"ThanhPhat PC\" \/>\n<meta property=\"article:modified_time\" content=\"2020-04-12T08:16:44+00:00\" \/>\n<meta property=\"og:image\" content=\"https:\/\/thanhphatpc.com\/wp-content\/uploads\/2020\/04\/mainboardgiga_h110m_ds2_0003_4.jpg\" \/>\n\t<meta property=\"og:image:width\" content=\"850\" \/>\n\t<meta property=\"og:image:height\" content=\"850\" \/>\n\t<meta property=\"og:image:type\" content=\"image\/jpeg\" \/>\n<meta name=\"twitter:card\" content=\"summary_large_image\" \/>\n<meta name=\"twitter:label1\" content=\"Est. reading time\" \/>\n\t<meta name=\"twitter:data1\" content=\"4 minutes\" \/>\n<script type=\"application\/ld+json\" class=\"yoast-schema-graph\">{\"@context\":\"https:\/\/schema.org\",\"@graph\":[{\"@type\":\"WebPage\",\"@id\":\"https:\/\/thanhphatpc.com\/mainboard-gigabyte-h110m-ds2\/\",\"url\":\"https:\/\/thanhphatpc.com\/mainboard-gigabyte-h110m-ds2\/\",\"name\":\"Mainboard GIGABYTE H110M-DS2 - ThanhPhat PC\",\"isPartOf\":{\"@id\":\"https:\/\/thanhphatpc.com\/#website\"},\"primaryImageOfPage\":{\"@id\":\"https:\/\/thanhphatpc.com\/mainboard-gigabyte-h110m-ds2\/#primaryimage\"},\"image\":{\"@id\":\"https:\/\/thanhphatpc.com\/mainboard-gigabyte-h110m-ds2\/#primaryimage\"},\"thumbnailUrl\":\"https:\/\/thanhphatpc.com\/wp-content\/uploads\/2020\/04\/mainboardgiga_h110m_ds2_0003_4.jpg\",\"datePublished\":\"2020-04-12T08:16:43+00:00\",\"dateModified\":\"2020-04-12T08:16:44+00:00\",\"breadcrumb\":{\"@id\":\"https:\/\/thanhphatpc.com\/mainboard-gigabyte-h110m-ds2\/#breadcrumb\"},\"inLanguage\":\"en-US\",\"potentialAction\":[{\"@type\":\"ReadAction\",\"target\":[\"https:\/\/thanhphatpc.com\/mainboard-gigabyte-h110m-ds2\/\"]}]},{\"@type\":\"ImageObject\",\"inLanguage\":\"en-US\",\"@id\":\"https:\/\/thanhphatpc.com\/mainboard-gigabyte-h110m-ds2\/#primaryimage\",\"url\":\"https:\/\/thanhphatpc.com\/wp-content\/uploads\/2020\/04\/mainboardgiga_h110m_ds2_0003_4.jpg\",\"contentUrl\":\"https:\/\/thanhphatpc.com\/wp-content\/uploads\/2020\/04\/mainboardgiga_h110m_ds2_0003_4.jpg\",\"width\":850,\"height\":850},{\"@type\":\"BreadcrumbList\",\"@id\":\"https:\/\/thanhphatpc.com\/mainboard-gigabyte-h110m-ds2\/#breadcrumb\",\"itemListElement\":[{\"@type\":\"ListItem\",\"position\":1,\"name\":\"Trang ch\u1ee7\",\"item\":\"https:\/\/thanhphatpc.com\/\"},{\"@type\":\"ListItem\",\"position\":2,\"name\":\"C\u1eeda h\u00e0ng\",\"item\":\"https:\/\/thanhphatpc.com\/cua-hang\/\"},{\"@type\":\"ListItem\",\"position\":3,\"name\":\"Mainboard GIGABYTE H110M-DS2\"}]},{\"@type\":\"WebSite\",\"@id\":\"https:\/\/thanhphatpc.com\/#website\",\"url\":\"https:\/\/thanhphatpc.com\/\",\"name\":\"ThanhPhat PC\",\"description\":\"D\u1ecbch v\u1ee5 ho\u00e0n h\u1ea3o\",\"potentialAction\":[{\"@type\":\"SearchAction\",\"target\":{\"@type\":\"EntryPoint\",\"urlTemplate\":\"https:\/\/thanhphatpc.com\/?s={search_term_string}\"},\"query-input\":{\"@type\":\"PropertyValueSpecification\",\"valueRequired\":true,\"valueName\":\"search_term_string\"}}],\"inLanguage\":\"en-US\"}]}<\/script>\n<!-- \/ Yoast SEO plugin. -->","yoast_head_json":{"title":"Mainboard GIGABYTE H110M-DS2 - ThanhPhat PC","robots":{"index":"index","follow":"follow","max-snippet":"max-snippet:-1","max-image-preview":"max-image-preview:large","max-video-preview":"max-video-preview:-1"},"canonical":"https:\/\/thanhphatpc.com\/en\/mainboard-gigabyte-h110m-ds2\/","og_locale":"en_US","og_type":"article","og_title":"Mainboard GIGABYTE H110M-DS2 - ThanhPhat PC","og_description":"Th\u00f4ng s\u1ed1 s\u1ea3n ph\u1ea9m   CPU h\u1ed7 tr\u1ee3 Support for Intel\u00ae Core\u2122 i7 processors\/Intel\u00ae Core\u2122 i5 processors\/Intel\u00ae Core\u2122 i3 processors\/Intel\u00ae Pentium\u00ae processors\/Intel\u00ae Celeron\u00ae processors in the LGA1151 package  L3 cache varies with CPU  Chipset Intel\u00ae H110 Express Chipset  B\u1ed9 nh\u1edb trong 2 x DDR4 DIMM sockets supporting up to 32 GB of system memory  * Due to a Windows 32-bit operating system limitation, when more than 4 GB of physical memory is installed, the actual memory size","og_url":"https:\/\/thanhphatpc.com\/en\/mainboard-gigabyte-h110m-ds2\/","og_site_name":"ThanhPhat PC","article_modified_time":"2020-04-12T08:16:44+00:00","og_image":[{"width":850,"height":850,"url":"https:\/\/thanhphatpc.com\/wp-content\/uploads\/2020\/04\/mainboardgiga_h110m_ds2_0003_4.jpg","type":"image\/jpeg"}],"twitter_card":"summary_large_image","twitter_misc":{"Est. reading time":"4 minutes"},"schema":{"@context":"https:\/\/schema.org","@graph":[{"@type":"WebPage","@id":"https:\/\/thanhphatpc.com\/mainboard-gigabyte-h110m-ds2\/","url":"https:\/\/thanhphatpc.com\/mainboard-gigabyte-h110m-ds2\/","name":"Mainboard GIGABYTE H110M-DS2 - ThanhPhat PC","isPartOf":{"@id":"https:\/\/thanhphatpc.com\/#website"},"primaryImageOfPage":{"@id":"https:\/\/thanhphatpc.com\/mainboard-gigabyte-h110m-ds2\/#primaryimage"},"image":{"@id":"https:\/\/thanhphatpc.com\/mainboard-gigabyte-h110m-ds2\/#primaryimage"},"thumbnailUrl":"https:\/\/thanhphatpc.com\/wp-content\/uploads\/2020\/04\/mainboardgiga_h110m_ds2_0003_4.jpg","datePublished":"2020-04-12T08:16:43+00:00","dateModified":"2020-04-12T08:16:44+00:00","breadcrumb":{"@id":"https:\/\/thanhphatpc.com\/mainboard-gigabyte-h110m-ds2\/#breadcrumb"},"inLanguage":"en-US","potentialAction":[{"@type":"ReadAction","target":["https:\/\/thanhphatpc.com\/mainboard-gigabyte-h110m-ds2\/"]}]},{"@type":"ImageObject","inLanguage":"en-US","@id":"https:\/\/thanhphatpc.com\/mainboard-gigabyte-h110m-ds2\/#primaryimage","url":"https:\/\/thanhphatpc.com\/wp-content\/uploads\/2020\/04\/mainboardgiga_h110m_ds2_0003_4.jpg","contentUrl":"https:\/\/thanhphatpc.com\/wp-content\/uploads\/2020\/04\/mainboardgiga_h110m_ds2_0003_4.jpg","width":850,"height":850},{"@type":"BreadcrumbList","@id":"https:\/\/thanhphatpc.com\/mainboard-gigabyte-h110m-ds2\/#breadcrumb","itemListElement":[{"@type":"ListItem","position":1,"name":"Trang ch\u1ee7","item":"https:\/\/thanhphatpc.com\/"},{"@type":"ListItem","position":2,"name":"C\u1eeda h\u00e0ng","item":"https:\/\/thanhphatpc.com\/cua-hang\/"},{"@type":"ListItem","position":3,"name":"Mainboard GIGABYTE H110M-DS2"}]},{"@type":"WebSite","@id":"https:\/\/thanhphatpc.com\/#website","url":"https:\/\/thanhphatpc.com\/","name":"ThanhPhat PC","description":"D\u1ecbch v\u1ee5 ho\u00e0n h\u1ea3o","potentialAction":[{"@type":"SearchAction","target":{"@type":"EntryPoint","urlTemplate":"https:\/\/thanhphatpc.com\/?s={search_term_string}"},"query-input":{"@type":"PropertyValueSpecification","valueRequired":true,"valueName":"search_term_string"}}],"inLanguage":"en-US"}]}},"_links":{"self":[{"href":"https:\/\/thanhphatpc.com\/en\/wp-json\/wp\/v2\/product\/3886","targetHints":{"allow":["GET"]}}],"collection":[{"href":"https:\/\/thanhphatpc.com\/en\/wp-json\/wp\/v2\/product"}],"about":[{"href":"https:\/\/thanhphatpc.com\/en\/wp-json\/wp\/v2\/types\/product"}],"replies":[{"embeddable":true,"href":"https:\/\/thanhphatpc.com\/en\/wp-json\/wp\/v2\/comments?post=3886"}],"wp:featuredmedia":[{"embeddable":true,"href":"https:\/\/thanhphatpc.com\/en\/wp-json\/wp\/v2\/media\/3887"}],"wp:attachment":[{"href":"https:\/\/thanhphatpc.com\/en\/wp-json\/wp\/v2\/media?parent=3886"}],"wp:term":[{"taxonomy":"product_cat","embeddable":true,"href":"https:\/\/thanhphatpc.com\/en\/wp-json\/wp\/v2\/product_cat?post=3886"},{"taxonomy":"product_tag","embeddable":true,"href":"https:\/\/thanhphatpc.com\/en\/wp-json\/wp\/v2\/product_tag?post=3886"}],"curies":[{"name":"wp","href":"https:\/\/api.w.org\/{rel}","templated":true}]}}