{"id":3889,"date":"2020-04-12T15:30:45","date_gmt":"2020-04-12T08:30:45","guid":{"rendered":"https:\/\/thanhphatpc.com\/?post_type=product&#038;p=3889"},"modified":"2020-04-12T15:30:45","modified_gmt":"2020-04-12T08:30:45","slug":"mainboard-gigabyte-h310m-ds2","status":"publish","type":"product","link":"https:\/\/thanhphatpc.com\/en\/mainboard-gigabyte-h310m-ds2\/","title":{"rendered":"Mainboard Gigabyte H310M-DS2"},"content":{"rendered":"<div id=\"tab1\" class=\"content_scroll_tab_2019 bg-white\">\n<div class=\"nd title_box_scroll_content_2019 showmore\">\n<h2>\u0110\u1eb7c \u0111i\u1ec3m n\u1ed5i b\u1eadt c\u1ee7a Mainboard Gigabyte H310M-DS2<\/h2>\n<p>Gi\u1edbi thi\u1ec7u chi ti\u1ebft t\u00ednh n\u0103ng\u00a0Mainboard Gigabyte H310M-DS2<\/p>\n<p>GIGABYTE Technology Co., Ltd. l\u00e0 m\u1ed9t nh\u00e0 s\u1ea3n xu\u1ea5t v\u00e0 ph\u00e2n ph\u1ed1i c\u00e1c thi\u1ebft b\u1ecb ph\u1ea7n c\u1ee9ng m\u00e1y t\u00ednh c\u00f3 tr\u1ee5 s\u1edf \u1edf \u0110\u00e0i Loan. GIGABYTE l\u00e0 nh\u00e0 cung c\u1ea5p bo m\u1ea1ch ch\u1ee7 v\u1edbi 4.8 tri\u1ec7u bo m\u1ea1ch ch\u1ee7 \u0111\u01b0\u1ee3c b\u00e1n ra trong Qu\u00fd 1\/2015, trong khi \u0111\u00f3 ASUS b\u00e1n \u0111\u01b0\u1ee3c kho\u1ea3ng 4.5 tri\u1ec7u bo m\u1ea1ch ch\u1ee7 trong c\u00f9ng qu\u00fd. GIGABYTE \u0111\u01b0\u1ee3c x\u1ebfp h\u1ea1ng 17 t\u1ea1i Taiwan\u2019s 2010 Top 20 Global Brands b\u1edfi Taiwan External Trade Development Council.<\/p>\n<p><img loading=\"lazy\" decoding=\"async\" class=\"\" src=\"https:\/\/hanoicomputercdn.com\/media\/lib\/41790_mainboard-gigabyte-h310m-ds2_1.png\" alt=\"\" width=\"538\" height=\"396\" \/>\u00a0 \u00a0 \u00a0 \u00a0 \u00a0 \u00a0 \u00a0 \u00a0 \u00a0 \u00a0 \u00a0 \u00a0 \u00a0 \u00a0 \u00a0 \u00a0 \u00a0 \u00a0 \u00a0 \u00a0 \u00a0 \u00a0 \u00a0 \u00a0 \u00a0 \u00a0<img loading=\"lazy\" decoding=\"async\" class=\"\" src=\"https:\/\/hanoicomputercdn.com\/media\/product\/41790_mainboard_gigabyte_h310m_ds2_0001_2.jpg\" alt=\"Mainboard Gigabyte H310M-DS2\" width=\"400\" height=\"401\" \/><\/p>\n<p>Mainboard Gigabyte H310M-DS2 l\u00e0 s\u1ea3n ph\u1ea9m thu\u1ed9c ph\u00e2n kh\u00fac b\u00ecnh d\u00e2n c\u1ee7a GIGABYTE, H310M DS2 \u0111\u01b0\u1ee3c trang b\u1ecb chipset H310 cho nh\u1eefng h\u1ec7 th\u1ed1ng Coffee Lake gi\u00e1 r\u1ebb m\u00e0 v\u1eabn \u0111\u1ea3m b\u1ea3o \u0111\u01b0\u1ee3c m\u1ed9t hi\u1ec7u n\u0103ng t\u1ed1t tr\u00ean gi\u00e1 th\u00e0nh. CPU G5500 v\u00e0 I3 8100 l\u00e0 hai nh\u00e2n t\u1ed1 \u0111\u01b0\u1ee3c khuy\u1ebfn kh\u00edch \u0111i c\u00f9ng Chipset n\u00e0y nh\u1ea5t do \u0111\u1ed9 t\u01b0\u01a1ng th\u00edch ph\u00e2n kh\u00fac kh\u00e1 cao.<\/p>\n<h3>C\u00f4ng ngh\u1ec7 n\u1ed5i b\u1eadt c\u00f3 tr\u00ean Bo m\u1ea1ch ch\u1ee7 Gigabyte H310M-DS2:<\/h3>\n<p><img decoding=\"async\" src=\"https:\/\/hanoicomputercdn.com\/media\/lib\/41790_mainboard-gigabyte-h310m-ds2_2.png\" alt=\"\" \/><\/p>\n<p>M\u1ea1ng LAN Gigabit c\u00f3 t\u1ed1c \u0111\u1ed9 c\u1ef1c cao v\u00e0 kh\u1ea3 n\u0103ng ph\u00e2n b\u1ed5 t\u1ef1 \u0111\u1ed9ng v\u1edbi chip m\u1ea1ng Realtek 8118 LAN (l\u00e0 m\u1ed9t chip m\u1ea1ng hi\u1ec7u su\u1ea5t cao v\u00e0 th\u00e2n thi\u1ec7n cho ng\u01b0\u1eddi ch\u01a1i game v\u1edbi ph\u00e2n b\u1ed5 b\u0103ng th\u00f4ng t\u1ef1 \u0111\u1ed9ng \u0111\u1ec3 \u0111\u1ea3m b\u1ea3o m\u1ee9c \u0111\u1ed9 \u01b0u ti\u00ean m\u1ea1ng cao nh\u1ea5t c\u1ee7a tr\u00f2 ch\u01a1i ho\u1eb7c \u1ee9ng d\u1ee5ng. N\u00f3 c\u00f3 th\u1ec3 cung c\u1ea5p cho ng\u01b0\u1eddi d\u00f9ng c\u00e1c t\u00ednh n\u0103ng to\u00e0n di\u1ec7n nh\u1ea5t v\u00e0 tr\u1ea3i nghi\u1ec7m Internet nhanh nh\u1ea5t v\u00e0 m\u01b0\u1ee3t m\u00e0 nh\u1ea5t.)<\/p>\n<p><img decoding=\"async\" src=\"https:\/\/hanoicomputercdn.com\/media\/lib\/41790_mainboard-gigabyte-h310m-ds2_3.png\" alt=\"\" \/><\/p>\n<p>H\u1ed7 tr\u1ee3 5 qu\u1ea1t cho hi\u1ec7u su\u1ea5t t\u1ea3n nhi\u1ec7t cao, c\u00f4ng ngh\u1ec7 Fan Stop cho ph\u00e9p d\u1eebng qu\u1ea1t khi nhi\u1ec7t \u0111\u1ed9 c\u1ee7a h\u1ec7 th\u1ed1ng \u1edf d\u01b0\u1edbi ng\u01b0\u1ee1ng quy \u0111\u1ecbnh, v\u00e0 qu\u1ea1t s\u1ebd ho\u1ea1t \u0111\u1ed9ng v\u1edbi v\u00f2ng quay t\u01b0\u01a1ng \u1ee9ng v\u1edbi m\u1ed7i m\u1ee9c nhi\u1ec7t \u0111\u1ed9 khi nhi\u1ec7t \u0111\u1ed9 l\u00ean cao.<\/p>\n<p>H\u1ed7 tr\u1ee3 t\u1ed1t th\u1ef1c t\u1ebf \u1ea3o v\u1edbi h\u1ec7 th\u1ed1ng khuy\u1ebfn kh\u00edch \u0111i k\u00e8m t\u1eeb Core i5 , Nvidia 1060 6G v\u00e0 8G RAM.<\/p>\n<\/div>\n<p><a class=\"viewmore\">XEM TH\u00caM<\/a><\/div>\n<div id=\"tab2\" class=\"content_scroll_tab_2019\">\n<div class=\"nd title_box_scroll_content_2019\">\n<h2 class=\"title_box_scroll_2019\">TH\u00d4NG S\u1ed0 K\u1ef8 THU\u1eacT<\/h2>\n<table>\n<tbody>\n<tr>\n<td>T\u00ean g\u1ecdi<\/td>\n<td>Gigabyte H310M-DS2<\/td>\n<\/tr>\n<tr>\n<td>CPU h\u1ed7 tr\u1ee3<\/td>\n<td>\nIntel\u00ae Socket 1151 for 8th Generation Core\u2122 Processors<\/td>\n<\/tr>\n<tr>\n<td>Chipset \/ Socket<\/td>\n<td>Intel\u00ae B310<\/td>\n<\/tr>\n<tr>\n<td>B\u1ed9 nh\u1edb (RAM)<\/td>\n<td>\u2022\u00a02 x DDR4 memory slots, support up to 32GB<\/p>\n<p>\u2022\u00a0Supports DDR4 2400\/ 2133 MHz (by JEDEC)<sup><a href=\"https:\/\/www.msi.com\/Motherboard\/H310M-PRO-VDH\/Specification#ref1\">1<\/a><\/sup><\/p>\n<p>\u2022\u00a0Supports DDR4 2400\/ 2133 (by XMP OC)<sup><a href=\"https:\/\/www.msi.com\/Motherboard\/H310M-PRO-VDH\/Specification#ref1\">1<\/a><\/sup><\/p>\n<p>\u2022\u00a0Supports Dual-Channel mode<\/p>\n<p>\u2022\u00a0Supports non-ECC, un-buffered memory<\/p>\n<p>\u2022\u00a0Supports Intel\u00ae Extreme Memory Profile (XMP)<\/td>\n<\/tr>\n<tr>\n<td>C\u00f4ng ngh\u1ec7 \u0111a GPU<\/td>\n<td>\u2022 Kh\u00f4ng h\u1ed7 tr\u1ee3<\/td>\n<\/tr>\n<tr>\n<td>Khe c\u1eafm m\u1edf r\u1ed9ng<\/td>\n<td>\u2022 1 x PCI Express 3.0 x16 Slots<br \/>\n\u2022 2 x PCI Express 3.0 x1 Slots<\/td>\n<\/tr>\n<tr>\n<td>LAN \/ Wireless<\/td>\n<td>\u2022\u00a0Realtek<sup>\u00ae<\/sup>\u00a0GbE LAN chip (10\/100\/1000 Mbit)<\/td>\n<\/tr>\n<tr>\n<td>\u00c2m thanh<\/td>\n<td>\u2022 Realtek\u00ae ALC887 Codec<\/td>\n<\/tr>\n<tr>\n<td>C\u1ed5ng k\u1ebft n\u1ed1i (Internal)<\/td>\n<td>\u2022\u00a01 x 24-pin ATX main power connector<\/p>\n<p>\u2022\u00a01 x 4-pin ATX 12V power connector<\/p>\n<p>\u2022\u00a04 x SATA 6Gb\/s connectors<\/p>\n<p>\u2022\u00a01 x CPU fan header<\/p>\n<p>\u2022\u00a01 x system fan header<\/p>\n<p>\u2022\u00a01 x front panel header<\/p>\n<p>\u2022\u00a01 x front panel audio header<\/p>\n<p>\u2022\u00a01 x USB 3.1 Gen 1 header<\/p>\n<p>\u2022\u00a01 x USB 2.0\/1.1 header<\/p>\n<p>\u2022\u00a01 x Trusted Platform Module (TPM) header (2&#215;6 pin, for the GC-TPM2.0_S module only)<\/p>\n<p>\u2022\u00a01 x Clear CMOS jumper<\/td>\n<\/tr>\n<tr>\n<td>C\u1ed5ng k\u1ebft n\u1ed1i (Back Panel)<\/td>\n<td>\u2022\u00a01 x PS\/2 keyboard\/mouse port<\/p>\n<p>\u2022\u00a01 x parallel port<\/p>\n<p>\u2022\u00a01 x serial port<\/p>\n<p>\u2022\u00a01 x D-Sub port<\/p>\n<p>\u2022\u00a02 x USB 3.1 Gen 1 ports<\/p>\n<p>\u2022\u00a04 x USB 2.0\/1.1 ports<\/p>\n<p>\u2022\u00a01 x RJ-45 port<\/p>\n<p>\u2022\u00a03 x audio jacks<\/p>\n<p>&nbsp;<\/td>\n<\/tr>\n<tr>\n<td>C\u00f4ng ngh\u1ec7 \u0111\u1ed9c quy\u1ec1n<\/td>\n<td>\u2022\u00a0Support for APP Center<\/p>\n<p>\u2022\u00a0Support for Q-Flash<\/p>\n<p>\u2022\u00a0Support for Xpress Install<\/td>\n<\/tr>\n<tr>\n<td>Ph\u1ee5 ki\u1ec7n \u0111i k\u00e8m<\/td>\n<td>&#8211; Quick Installation Guide, Support CD, I\/O Shield<\/td>\n<\/tr>\n<tr>\n<td>H\u1ec7 \u0111i\u1ec1u h\u00e0nh khuy\u1ebfn ngh\u1ecb<\/td>\n<td>\u2022 Windows\u00ae 10 64-bit<\/td>\n<\/tr>\n<tr>\n<td>Chu\u1ea9n k\u00edch c\u1ee1<\/td>\n<td>\u2022 mATX Form Factor<\/td>\n<\/tr>\n<\/tbody>\n<\/table>\n<\/div>\n<\/div>","protected":false},"excerpt":{"rendered":"<div class=\"product-summary-item-title\">Th\u00f4ng s\u1ed1 s\u1ea3n ph\u1ea9m<\/div>\n<ul id=\"js-tskt-item\" class=\"product-summary-item-ul d-flex flex-wrap mb-0 content-collapse\">\n<li>CPU: Support for 8th Generation Intel\u00ae Core\u2122 i7 processors\/Intel\u00ae Core\u2122 i5 processors\/Intel\u00ae Core\u2122 i3 processors\/Intel\u00ae Pentium\u00ae processors\/Intel\u00ae Celeron\u00ae processors in the LGA1151 package<\/li>\n<li>L3 cache varies with CPU<\/li>\n<li>Chipset Intel\u00ae H310 Express Chipset<\/li>\n<li>B\u1ed9 nh\u1edb \u2022 2 x DDR4 DIMM sockets supporting up to 32 GB of system memory<\/li>\n<li>\u2022 Dual channel memory architecture<\/li>\n<\/ul>","protected":false},"featured_media":0,"comment_status":"open","ping_status":"closed","template":"","meta":{"_acf_changed":false},"product_cat":[337],"product_tag":[],"class_list":{"0":"post-3889","1":"product","2":"type-product","3":"status-publish","5":"product_cat-chua-phan-loai","7":"first","8":"instock","9":"shipping-taxable","10":"purchasable","11":"product-type-simple"},"acf":[],"yoast_head":"<!-- This site is optimized with the Yoast SEO plugin v23.8 - https:\/\/yoast.com\/wordpress\/plugins\/seo\/ -->\n<title>Mainboard Gigabyte H310M-DS2 - ThanhPhat PC<\/title>\n<meta name=\"robots\" content=\"index, follow, max-snippet:-1, max-image-preview:large, max-video-preview:-1\" \/>\n<link rel=\"canonical\" href=\"https:\/\/thanhphatpc.com\/en\/mainboard-gigabyte-h310m-ds2\/\" \/>\n<meta property=\"og:locale\" content=\"en_US\" \/>\n<meta property=\"og:type\" content=\"article\" \/>\n<meta property=\"og:title\" content=\"Mainboard Gigabyte H310M-DS2 - ThanhPhat PC\" \/>\n<meta property=\"og:description\" content=\"Th\u00f4ng s\u1ed1 s\u1ea3n ph\u1ea9m   CPU: Support for 8th Generation Intel\u00ae Core\u2122 i7 processors\/Intel\u00ae Core\u2122 i5 processors\/Intel\u00ae Core\u2122 i3 processors\/Intel\u00ae Pentium\u00ae processors\/Intel\u00ae Celeron\u00ae processors in the LGA1151 package  L3 cache varies with CPU  Chipset Intel\u00ae H310 Express Chipset  B\u1ed9 nh\u1edb \u2022 2 x DDR4 DIMM sockets supporting up to 32 GB of system memory  \u2022 Dual channel memory architecture\" \/>\n<meta property=\"og:url\" content=\"https:\/\/thanhphatpc.com\/en\/mainboard-gigabyte-h310m-ds2\/\" \/>\n<meta property=\"og:site_name\" content=\"ThanhPhat PC\" \/>\n<meta property=\"og:image\" content=\"https:\/\/hanoicomputercdn.com\/media\/lib\/41790_mainboard-gigabyte-h310m-ds2_1.png\" \/>\n<meta name=\"twitter:card\" content=\"summary_large_image\" \/>\n<meta name=\"twitter:label1\" content=\"Est. reading time\" \/>\n\t<meta name=\"twitter:data1\" content=\"4 minutes\" \/>\n<script type=\"application\/ld+json\" class=\"yoast-schema-graph\">{\"@context\":\"https:\/\/schema.org\",\"@graph\":[{\"@type\":\"WebPage\",\"@id\":\"https:\/\/thanhphatpc.com\/mainboard-gigabyte-h310m-ds2\/\",\"url\":\"https:\/\/thanhphatpc.com\/mainboard-gigabyte-h310m-ds2\/\",\"name\":\"Mainboard Gigabyte H310M-DS2 - ThanhPhat PC\",\"isPartOf\":{\"@id\":\"https:\/\/thanhphatpc.com\/#website\"},\"primaryImageOfPage\":{\"@id\":\"https:\/\/thanhphatpc.com\/mainboard-gigabyte-h310m-ds2\/#primaryimage\"},\"image\":{\"@id\":\"https:\/\/thanhphatpc.com\/mainboard-gigabyte-h310m-ds2\/#primaryimage\"},\"thumbnailUrl\":\"https:\/\/hanoicomputercdn.com\/media\/lib\/41790_mainboard-gigabyte-h310m-ds2_1.png\",\"datePublished\":\"2020-04-12T08:30:45+00:00\",\"dateModified\":\"2020-04-12T08:30:45+00:00\",\"breadcrumb\":{\"@id\":\"https:\/\/thanhphatpc.com\/mainboard-gigabyte-h310m-ds2\/#breadcrumb\"},\"inLanguage\":\"en-US\",\"potentialAction\":[{\"@type\":\"ReadAction\",\"target\":[\"https:\/\/thanhphatpc.com\/mainboard-gigabyte-h310m-ds2\/\"]}]},{\"@type\":\"ImageObject\",\"inLanguage\":\"en-US\",\"@id\":\"https:\/\/thanhphatpc.com\/mainboard-gigabyte-h310m-ds2\/#primaryimage\",\"url\":\"https:\/\/hanoicomputercdn.com\/media\/lib\/41790_mainboard-gigabyte-h310m-ds2_1.png\",\"contentUrl\":\"https:\/\/hanoicomputercdn.com\/media\/lib\/41790_mainboard-gigabyte-h310m-ds2_1.png\"},{\"@type\":\"BreadcrumbList\",\"@id\":\"https:\/\/thanhphatpc.com\/mainboard-gigabyte-h310m-ds2\/#breadcrumb\",\"itemListElement\":[{\"@type\":\"ListItem\",\"position\":1,\"name\":\"Trang ch\u1ee7\",\"item\":\"https:\/\/thanhphatpc.com\/\"},{\"@type\":\"ListItem\",\"position\":2,\"name\":\"C\u1eeda h\u00e0ng\",\"item\":\"https:\/\/thanhphatpc.com\/cua-hang\/\"},{\"@type\":\"ListItem\",\"position\":3,\"name\":\"Mainboard Gigabyte H310M-DS2\"}]},{\"@type\":\"WebSite\",\"@id\":\"https:\/\/thanhphatpc.com\/#website\",\"url\":\"https:\/\/thanhphatpc.com\/\",\"name\":\"ThanhPhat PC\",\"description\":\"D\u1ecbch v\u1ee5 ho\u00e0n h\u1ea3o\",\"potentialAction\":[{\"@type\":\"SearchAction\",\"target\":{\"@type\":\"EntryPoint\",\"urlTemplate\":\"https:\/\/thanhphatpc.com\/?s={search_term_string}\"},\"query-input\":{\"@type\":\"PropertyValueSpecification\",\"valueRequired\":true,\"valueName\":\"search_term_string\"}}],\"inLanguage\":\"en-US\"}]}<\/script>\n<!-- \/ Yoast SEO plugin. -->","yoast_head_json":{"title":"Mainboard Gigabyte H310M-DS2 - ThanhPhat PC","robots":{"index":"index","follow":"follow","max-snippet":"max-snippet:-1","max-image-preview":"max-image-preview:large","max-video-preview":"max-video-preview:-1"},"canonical":"https:\/\/thanhphatpc.com\/en\/mainboard-gigabyte-h310m-ds2\/","og_locale":"en_US","og_type":"article","og_title":"Mainboard Gigabyte H310M-DS2 - ThanhPhat PC","og_description":"Th\u00f4ng s\u1ed1 s\u1ea3n ph\u1ea9m   CPU: Support for 8th Generation Intel\u00ae Core\u2122 i7 processors\/Intel\u00ae Core\u2122 i5 processors\/Intel\u00ae Core\u2122 i3 processors\/Intel\u00ae Pentium\u00ae processors\/Intel\u00ae Celeron\u00ae processors in the LGA1151 package  L3 cache varies with CPU  Chipset Intel\u00ae H310 Express Chipset  B\u1ed9 nh\u1edb \u2022 2 x DDR4 DIMM sockets supporting up to 32 GB of system memory  \u2022 Dual channel memory architecture","og_url":"https:\/\/thanhphatpc.com\/en\/mainboard-gigabyte-h310m-ds2\/","og_site_name":"ThanhPhat PC","og_image":[{"url":"https:\/\/hanoicomputercdn.com\/media\/lib\/41790_mainboard-gigabyte-h310m-ds2_1.png"}],"twitter_card":"summary_large_image","twitter_misc":{"Est. reading time":"4 minutes"},"schema":{"@context":"https:\/\/schema.org","@graph":[{"@type":"WebPage","@id":"https:\/\/thanhphatpc.com\/mainboard-gigabyte-h310m-ds2\/","url":"https:\/\/thanhphatpc.com\/mainboard-gigabyte-h310m-ds2\/","name":"Mainboard Gigabyte H310M-DS2 - ThanhPhat PC","isPartOf":{"@id":"https:\/\/thanhphatpc.com\/#website"},"primaryImageOfPage":{"@id":"https:\/\/thanhphatpc.com\/mainboard-gigabyte-h310m-ds2\/#primaryimage"},"image":{"@id":"https:\/\/thanhphatpc.com\/mainboard-gigabyte-h310m-ds2\/#primaryimage"},"thumbnailUrl":"https:\/\/hanoicomputercdn.com\/media\/lib\/41790_mainboard-gigabyte-h310m-ds2_1.png","datePublished":"2020-04-12T08:30:45+00:00","dateModified":"2020-04-12T08:30:45+00:00","breadcrumb":{"@id":"https:\/\/thanhphatpc.com\/mainboard-gigabyte-h310m-ds2\/#breadcrumb"},"inLanguage":"en-US","potentialAction":[{"@type":"ReadAction","target":["https:\/\/thanhphatpc.com\/mainboard-gigabyte-h310m-ds2\/"]}]},{"@type":"ImageObject","inLanguage":"en-US","@id":"https:\/\/thanhphatpc.com\/mainboard-gigabyte-h310m-ds2\/#primaryimage","url":"https:\/\/hanoicomputercdn.com\/media\/lib\/41790_mainboard-gigabyte-h310m-ds2_1.png","contentUrl":"https:\/\/hanoicomputercdn.com\/media\/lib\/41790_mainboard-gigabyte-h310m-ds2_1.png"},{"@type":"BreadcrumbList","@id":"https:\/\/thanhphatpc.com\/mainboard-gigabyte-h310m-ds2\/#breadcrumb","itemListElement":[{"@type":"ListItem","position":1,"name":"Trang ch\u1ee7","item":"https:\/\/thanhphatpc.com\/"},{"@type":"ListItem","position":2,"name":"C\u1eeda h\u00e0ng","item":"https:\/\/thanhphatpc.com\/cua-hang\/"},{"@type":"ListItem","position":3,"name":"Mainboard Gigabyte H310M-DS2"}]},{"@type":"WebSite","@id":"https:\/\/thanhphatpc.com\/#website","url":"https:\/\/thanhphatpc.com\/","name":"ThanhPhat PC","description":"D\u1ecbch v\u1ee5 ho\u00e0n h\u1ea3o","potentialAction":[{"@type":"SearchAction","target":{"@type":"EntryPoint","urlTemplate":"https:\/\/thanhphatpc.com\/?s={search_term_string}"},"query-input":{"@type":"PropertyValueSpecification","valueRequired":true,"valueName":"search_term_string"}}],"inLanguage":"en-US"}]}},"_links":{"self":[{"href":"https:\/\/thanhphatpc.com\/en\/wp-json\/wp\/v2\/product\/3889","targetHints":{"allow":["GET"]}}],"collection":[{"href":"https:\/\/thanhphatpc.com\/en\/wp-json\/wp\/v2\/product"}],"about":[{"href":"https:\/\/thanhphatpc.com\/en\/wp-json\/wp\/v2\/types\/product"}],"replies":[{"embeddable":true,"href":"https:\/\/thanhphatpc.com\/en\/wp-json\/wp\/v2\/comments?post=3889"}],"wp:attachment":[{"href":"https:\/\/thanhphatpc.com\/en\/wp-json\/wp\/v2\/media?parent=3889"}],"wp:term":[{"taxonomy":"product_cat","embeddable":true,"href":"https:\/\/thanhphatpc.com\/en\/wp-json\/wp\/v2\/product_cat?post=3889"},{"taxonomy":"product_tag","embeddable":true,"href":"https:\/\/thanhphatpc.com\/en\/wp-json\/wp\/v2\/product_tag?post=3889"}],"curies":[{"name":"wp","href":"https:\/\/api.w.org\/{rel}","templated":true}]}}