{"id":3929,"date":"2020-04-20T14:51:10","date_gmt":"2020-04-20T07:51:10","guid":{"rendered":"https:\/\/thanhphatpc.com\/?post_type=product&#038;p=3929"},"modified":"2020-04-27T14:47:59","modified_gmt":"2020-04-27T07:47:59","slug":"ban-phim-may-tinh-coolerplus-fc112","status":"publish","type":"product","link":"https:\/\/thanhphatpc.com\/en\/ban-phim-may-tinh-coolerplus-fc112\/","title":{"rendered":"B\u00e0n ph\u00edm m\u00e1y t\u00ednh Coolerplus FC112"},"content":{"rendered":"<p>B\u00e0n ph\u00edm C112 l\u00e0 b\u00e0n ph\u00edm chu\u1ea9n d\u00e0nh cho m\u00e1y t\u00ednh PC v\u00e0 laptop. Thi\u1ebft k\u1ebf cho v\u0103n ph\u00f2ng v\u00e0 ch\u01a1i game.<\/p>\n<p><img decoding=\"async\" src=\"https:\/\/coolerplus.com.vn\/image\/C112\/k112e.jpg\" \/><\/p>\n<p>C\u00e1c ph\u00edm \u1ea5n \u0111\u01b0\u1ee3c thi\u1ebft k\u1ebf v\u1edbi tr\u01b0\u1eddng ph\u00edm ng\u1eafn, nh\u1ea1y v\u00e0 \u00eam mang l\u1ea1i c\u1ea3m gi\u00e1c tho\u1ea3i m\u00e1i khi s\u1eed d\u1ee5ng, \u0111\u1ed3ng th\u1eddi gi\u1ea3m m\u1ecfi tay khi b\u1ea1n ph\u1ea3i l\u00e0m vi\u1ec7c v\u1edbi th\u1eddi gian d\u00e0i. K\u1ebft n\u1ed1i nhanh ch\u00f3ng nh\u1edd c\u1ed5ng c\u1eafm USB th\u00f4ng d\u1ee5ng gi\u00fap b\u1ea1n s\u1eed d\u1ee5ng nhanh ch\u00f3ng v\u00e0 t\u1ee9c th\u00ec c\u00f9ng thi\u1ebft b\u1ecb m\u00e0 kh\u00f4ng ph\u1ea3i c\u00e0i \u0111\u1eb7t th\u00eam b\u1ea5t c\u1ee9 ph\u1ea7n m\u1ec1m n\u00e0o kh\u00e1c.<\/p>\n<p><img decoding=\"async\" src=\"https:\/\/coolerplus.com.vn\/image\/C112\/k112f.jpg\" \/><\/p>\n<p>Tu\u1ed5i th\u1ecd b\u00e0n ph\u00edm cao<\/p>\n<p>Th\u1eddi gian tu\u1ed5i th\u1ecd b\u00e0n ph\u00edm cao l\u00ean t\u1edbi 10.000.000 l\u1ea7n nh\u1ea5n, ph\u00edm b\u00e0n ph\u00edm C112 ti\u1ebft ki\u1ec7m \u0111\u01b0\u1ee3c t\u1ed1i \u0111a c\u00e1c chi ph\u00ed ph\u00e1t sinh hay khi ph\u1ea3i thay th\u1ebf b\u00e0n ph\u00edm nhi\u1ec1u l\u1ea7n khi kh\u00f4ng \u0111\u00e1p \u1ee9ng \u0111\u01b0\u1ee3c y\u00eau c\u1ea7u gi\u1ea3i tr\u00ed hay l\u00e0m vi\u1ec7c.<\/p>\n<p>C112 t\u01b0\u01a1ng th\u00edch v\u1edbi t\u1ea5t c\u1ea3 c\u00e1c h\u1ec7 \u0111i\u1ec1u h\u00e0nh hi\u1ec7n nay nh\u01b0 Windows 7, Windows Vista, Windows8, Windows10\u2026cho b\u1ea1n tho\u1ea3i m\u00e1i th\u1ef1c hi\u1ec7n nh\u1eefng thao t\u00e1c tr\u00ean b\u00e0n ph\u00edm m\u1ed9t c\u00e1ch nhanh nh\u1ea5t v\u00e0 \u0111\u01a1n gi\u1ea3n nh\u1ea5t.<\/p>\n<p><img decoding=\"async\" src=\"https:\/\/coolerplus.com.vn\/image\/C112\/k112g.jpg\" \/><\/p>\n<p><img decoding=\"async\" src=\"https:\/\/coolerplus.com.vn\/image\/C112\/k112h.jpg\" \/><img decoding=\"async\" src=\"https:\/\/coolerplus.com.vn\/image\/C112\/k112x.jpg\" \/><img decoding=\"async\" src=\"https:\/\/coolerplus.com.vn\/image\/C112\/k112v.jpg\" \/><\/p>\n<p>Thi\u1ebft k\u1ebf th\u1eddi trang, phong c\u00e1ch<\/p>\n<p>B\u00e0n ph\u00edm c\u00f3 d\u00e2y C112 g\u00e2y \u1ea5n t\u01b0\u1ee3ng b\u1edfi thi\u1ebft k\u1ebf m\u1ec1m m\u1ea1i, tinh t\u1ebf nh\u01b0ng kh\u00f4ng k\u00e9m ph\u1ea7n sang tr\u1ecdng, th\u1eddi trang. \u0110\u01b0\u1ee3c trang b\u1ecb \u0111\u1ea7y \u0111\u1ee7 v\u1edbi v\u1edbi c\u00e1c ph\u00edm ti\u00eau chu\u1ea9n \u0111\u01b0\u1ee3c chia l\u00e0m ba khu v\u1ef1c t\u1ed5 h\u1ee3p, cho ph\u00e9p ng\u01b0\u1eddi d\u00f9ng d\u1ec5 d\u00e0ng thao t\u00e1c tr\u00ean \u0111\u00f3 m\u1ed9t c\u00e1ch nhanh ch\u00f3ng. Ngo\u00e0i ra, b\u00e0n ph\u00edm X1 \u00a0thi\u1ebft k\u1ebf v\u1edbi \u0111\u1ed9 nghi\u00eang v\u1eeba ph\u1ea3i t\u1ea1o s\u1ef1 tho\u1ea3i m\u00e1i, \u00eam \u00e1i cho ng\u01b0\u1eddi d\u00f9ng khi ph\u1ea3i s\u1eed d\u1ee5ng trong th\u1eddi gian d\u00e0i.<\/p>\n<p><img decoding=\"async\" src=\"https:\/\/coolerplus.com.vn\/image\/C112\/k112y.jpg\" \/><\/p>\n<p>C\u00f4ng ngh\u1ec7 ch\u1ed1ng m\u1edd laser<\/p>\n<p>\u0110\u01b0\u1ee3c t\u00edch h\u1ee3p c\u00f4ng ngh\u1ec7 ch\u1ed1ng m\u1edd laser cho c\u00e1c n\u00fat c\u1ee7a b\u00e0n ph\u00edm, b\u1ea1n s\u1ebd tho\u1ea3i m\u00e1i s\u1eed d\u1ee5ng b\u00e0n ph\u00edm trong th\u1eddi gian m\u00e0 kh\u00f4ng ph\u1ea3i lo l\u1eafng vi\u1ec7c m\u1edd n\u00fat \u1ea3nh h\u01b0\u1edfng \u0111\u1ebfn t\u1ed1c \u0111\u1ed9 c\u0169ng nh\u01b0 hi\u1ec7u su\u1ea5t l\u00e0m vi\u1ec7c hay gi\u1ea3i tr\u00ed c\u1ee7a b\u1ea1n.<\/p>\n<p>TH\u00d4NG S\u1ed0 K\u1ef8 THU\u1eacT<\/p>\n<p>Thi\u1ebft k\u1ebf d\u00e0nh cho v\u0103n ph\u00f2ng. Nh\u1ef1a ch\u1ecbu l\u1ef1c ABS cao c\u1ea5p<\/p>\n<p>\u0110\u1ed9 b\u1ec1n ph\u00edm: 10 tri\u1ec7u l\u01b0\u1ee3t nh\u1ea5n.<\/p>\n<p>C\u00f4ng ngh\u1ec7 Laser ch\u1ed1ng m\u1edd ch\u1eef<\/p>\n<p>K\u1ebft n\u1ed1i: USB 2.0<\/p>\n<p>D\u00e2y Cable: 1.6m.<\/p>\n<p>B\u1ea3o h\u00e0nh: 12 th\u00e1ng<\/p>","protected":false},"excerpt":{"rendered":"<ul>\n<li>B\u00e0n ph\u00edm v\u0103n ph\u00f2ng, gaming<\/li>\n<li>C\u1ed5ng usb<\/li>\n<li>Thi\u1ebft k\u1ebf th\u1eddi trang, d\u1ec5 s\u1eed d\u1ee5ng<\/li>\n<\/ul>","protected":false},"featured_media":3930,"comment_status":"open","ping_status":"closed","template":"","meta":{"_acf_changed":false},"product_cat":[392,436],"product_tag":[],"class_list":{"0":"post-3929","1":"product","2":"type-product","3":"status-publish","4":"has-post-thumbnail","6":"product_cat-ban-phim","7":"product_cat-ban-phim-pc","9":"first","10":"instock","11":"shipping-taxable","12":"purchasable","13":"product-type-simple"},"acf":[],"yoast_head":"<!-- This site is optimized with the Yoast SEO plugin v23.8 - https:\/\/yoast.com\/wordpress\/plugins\/seo\/ -->\n<title>B\u00e0n ph\u00edm m\u00e1y t\u00ednh Coolerplus FC112 - ThanhPhat PC<\/title>\n<meta name=\"robots\" content=\"index, follow, max-snippet:-1, max-image-preview:large, max-video-preview:-1\" \/>\n<link rel=\"canonical\" href=\"https:\/\/thanhphatpc.com\/en\/ban-phim-may-tinh-coolerplus-fc112\/\" \/>\n<meta property=\"og:locale\" content=\"en_US\" \/>\n<meta property=\"og:type\" content=\"article\" \/>\n<meta property=\"og:title\" content=\"B\u00e0n ph\u00edm m\u00e1y t\u00ednh Coolerplus FC112 - ThanhPhat PC\" \/>\n<meta property=\"og:description\" content=\"B\u00e0n ph\u00edm v\u0103n ph\u00f2ng, gaming  C\u1ed5ng usb  Thi\u1ebft k\u1ebf th\u1eddi trang, d\u1ec5 s\u1eed d\u1ee5ng\" \/>\n<meta property=\"og:url\" content=\"https:\/\/thanhphatpc.com\/en\/ban-phim-may-tinh-coolerplus-fc112\/\" \/>\n<meta property=\"og:site_name\" content=\"ThanhPhat PC\" \/>\n<meta property=\"article:modified_time\" content=\"2020-04-27T07:47:59+00:00\" \/>\n<meta property=\"og:image\" content=\"https:\/\/thanhphatpc.com\/wp-content\/uploads\/2020\/04\/kc112b-700x700.png\" \/>\n\t<meta property=\"og:image:width\" content=\"700\" \/>\n\t<meta property=\"og:image:height\" content=\"700\" \/>\n\t<meta property=\"og:image:type\" content=\"image\/png\" \/>\n<meta name=\"twitter:card\" content=\"summary_large_image\" \/>\n<meta name=\"twitter:label1\" content=\"Est. reading time\" \/>\n\t<meta name=\"twitter:data1\" content=\"3 minutes\" \/>\n<script type=\"application\/ld+json\" class=\"yoast-schema-graph\">{\"@context\":\"https:\/\/schema.org\",\"@graph\":[{\"@type\":\"WebPage\",\"@id\":\"https:\/\/thanhphatpc.com\/ban-phim-may-tinh-coolerplus-fc112\/\",\"url\":\"https:\/\/thanhphatpc.com\/ban-phim-may-tinh-coolerplus-fc112\/\",\"name\":\"B\u00e0n ph\u00edm m\u00e1y t\u00ednh Coolerplus FC112 - ThanhPhat PC\",\"isPartOf\":{\"@id\":\"https:\/\/thanhphatpc.com\/#website\"},\"primaryImageOfPage\":{\"@id\":\"https:\/\/thanhphatpc.com\/ban-phim-may-tinh-coolerplus-fc112\/#primaryimage\"},\"image\":{\"@id\":\"https:\/\/thanhphatpc.com\/ban-phim-may-tinh-coolerplus-fc112\/#primaryimage\"},\"thumbnailUrl\":\"https:\/\/thanhphatpc.com\/wp-content\/uploads\/2020\/04\/kc112b-700x700.png\",\"datePublished\":\"2020-04-20T07:51:10+00:00\",\"dateModified\":\"2020-04-27T07:47:59+00:00\",\"breadcrumb\":{\"@id\":\"https:\/\/thanhphatpc.com\/ban-phim-may-tinh-coolerplus-fc112\/#breadcrumb\"},\"inLanguage\":\"en-US\",\"potentialAction\":[{\"@type\":\"ReadAction\",\"target\":[\"https:\/\/thanhphatpc.com\/ban-phim-may-tinh-coolerplus-fc112\/\"]}]},{\"@type\":\"ImageObject\",\"inLanguage\":\"en-US\",\"@id\":\"https:\/\/thanhphatpc.com\/ban-phim-may-tinh-coolerplus-fc112\/#primaryimage\",\"url\":\"https:\/\/thanhphatpc.com\/wp-content\/uploads\/2020\/04\/kc112b-700x700.png\",\"contentUrl\":\"https:\/\/thanhphatpc.com\/wp-content\/uploads\/2020\/04\/kc112b-700x700.png\",\"width\":700,\"height\":700},{\"@type\":\"BreadcrumbList\",\"@id\":\"https:\/\/thanhphatpc.com\/ban-phim-may-tinh-coolerplus-fc112\/#breadcrumb\",\"itemListElement\":[{\"@type\":\"ListItem\",\"position\":1,\"name\":\"Trang ch\u1ee7\",\"item\":\"https:\/\/thanhphatpc.com\/\"},{\"@type\":\"ListItem\",\"position\":2,\"name\":\"C\u1eeda h\u00e0ng\",\"item\":\"https:\/\/thanhphatpc.com\/cua-hang\/\"},{\"@type\":\"ListItem\",\"position\":3,\"name\":\"B\u00e0n ph\u00edm m\u00e1y t\u00ednh Coolerplus FC112\"}]},{\"@type\":\"WebSite\",\"@id\":\"https:\/\/thanhphatpc.com\/#website\",\"url\":\"https:\/\/thanhphatpc.com\/\",\"name\":\"ThanhPhat PC\",\"description\":\"D\u1ecbch v\u1ee5 ho\u00e0n h\u1ea3o\",\"potentialAction\":[{\"@type\":\"SearchAction\",\"target\":{\"@type\":\"EntryPoint\",\"urlTemplate\":\"https:\/\/thanhphatpc.com\/?s={search_term_string}\"},\"query-input\":{\"@type\":\"PropertyValueSpecification\",\"valueRequired\":true,\"valueName\":\"search_term_string\"}}],\"inLanguage\":\"en-US\"}]}<\/script>\n<!-- \/ Yoast SEO plugin. -->","yoast_head_json":{"title":"B\u00e0n ph\u00edm m\u00e1y t\u00ednh Coolerplus FC112 - ThanhPhat PC","robots":{"index":"index","follow":"follow","max-snippet":"max-snippet:-1","max-image-preview":"max-image-preview:large","max-video-preview":"max-video-preview:-1"},"canonical":"https:\/\/thanhphatpc.com\/en\/ban-phim-may-tinh-coolerplus-fc112\/","og_locale":"en_US","og_type":"article","og_title":"B\u00e0n ph\u00edm m\u00e1y t\u00ednh Coolerplus FC112 - ThanhPhat PC","og_description":"B\u00e0n ph\u00edm v\u0103n ph\u00f2ng, gaming  C\u1ed5ng usb  Thi\u1ebft k\u1ebf th\u1eddi trang, d\u1ec5 s\u1eed d\u1ee5ng","og_url":"https:\/\/thanhphatpc.com\/en\/ban-phim-may-tinh-coolerplus-fc112\/","og_site_name":"ThanhPhat PC","article_modified_time":"2020-04-27T07:47:59+00:00","og_image":[{"width":700,"height":700,"url":"https:\/\/thanhphatpc.com\/wp-content\/uploads\/2020\/04\/kc112b-700x700.png","type":"image\/png"}],"twitter_card":"summary_large_image","twitter_misc":{"Est. reading time":"3 minutes"},"schema":{"@context":"https:\/\/schema.org","@graph":[{"@type":"WebPage","@id":"https:\/\/thanhphatpc.com\/ban-phim-may-tinh-coolerplus-fc112\/","url":"https:\/\/thanhphatpc.com\/ban-phim-may-tinh-coolerplus-fc112\/","name":"B\u00e0n ph\u00edm m\u00e1y t\u00ednh Coolerplus FC112 - ThanhPhat PC","isPartOf":{"@id":"https:\/\/thanhphatpc.com\/#website"},"primaryImageOfPage":{"@id":"https:\/\/thanhphatpc.com\/ban-phim-may-tinh-coolerplus-fc112\/#primaryimage"},"image":{"@id":"https:\/\/thanhphatpc.com\/ban-phim-may-tinh-coolerplus-fc112\/#primaryimage"},"thumbnailUrl":"https:\/\/thanhphatpc.com\/wp-content\/uploads\/2020\/04\/kc112b-700x700.png","datePublished":"2020-04-20T07:51:10+00:00","dateModified":"2020-04-27T07:47:59+00:00","breadcrumb":{"@id":"https:\/\/thanhphatpc.com\/ban-phim-may-tinh-coolerplus-fc112\/#breadcrumb"},"inLanguage":"en-US","potentialAction":[{"@type":"ReadAction","target":["https:\/\/thanhphatpc.com\/ban-phim-may-tinh-coolerplus-fc112\/"]}]},{"@type":"ImageObject","inLanguage":"en-US","@id":"https:\/\/thanhphatpc.com\/ban-phim-may-tinh-coolerplus-fc112\/#primaryimage","url":"https:\/\/thanhphatpc.com\/wp-content\/uploads\/2020\/04\/kc112b-700x700.png","contentUrl":"https:\/\/thanhphatpc.com\/wp-content\/uploads\/2020\/04\/kc112b-700x700.png","width":700,"height":700},{"@type":"BreadcrumbList","@id":"https:\/\/thanhphatpc.com\/ban-phim-may-tinh-coolerplus-fc112\/#breadcrumb","itemListElement":[{"@type":"ListItem","position":1,"name":"Trang ch\u1ee7","item":"https:\/\/thanhphatpc.com\/"},{"@type":"ListItem","position":2,"name":"C\u1eeda h\u00e0ng","item":"https:\/\/thanhphatpc.com\/cua-hang\/"},{"@type":"ListItem","position":3,"name":"B\u00e0n ph\u00edm m\u00e1y t\u00ednh Coolerplus FC112"}]},{"@type":"WebSite","@id":"https:\/\/thanhphatpc.com\/#website","url":"https:\/\/thanhphatpc.com\/","name":"ThanhPhat PC","description":"D\u1ecbch v\u1ee5 ho\u00e0n h\u1ea3o","potentialAction":[{"@type":"SearchAction","target":{"@type":"EntryPoint","urlTemplate":"https:\/\/thanhphatpc.com\/?s={search_term_string}"},"query-input":{"@type":"PropertyValueSpecification","valueRequired":true,"valueName":"search_term_string"}}],"inLanguage":"en-US"}]}},"_links":{"self":[{"href":"https:\/\/thanhphatpc.com\/en\/wp-json\/wp\/v2\/product\/3929","targetHints":{"allow":["GET"]}}],"collection":[{"href":"https:\/\/thanhphatpc.com\/en\/wp-json\/wp\/v2\/product"}],"about":[{"href":"https:\/\/thanhphatpc.com\/en\/wp-json\/wp\/v2\/types\/product"}],"replies":[{"embeddable":true,"href":"https:\/\/thanhphatpc.com\/en\/wp-json\/wp\/v2\/comments?post=3929"}],"wp:featuredmedia":[{"embeddable":true,"href":"https:\/\/thanhphatpc.com\/en\/wp-json\/wp\/v2\/media\/3930"}],"wp:attachment":[{"href":"https:\/\/thanhphatpc.com\/en\/wp-json\/wp\/v2\/media?parent=3929"}],"wp:term":[{"taxonomy":"product_cat","embeddable":true,"href":"https:\/\/thanhphatpc.com\/en\/wp-json\/wp\/v2\/product_cat?post=3929"},{"taxonomy":"product_tag","embeddable":true,"href":"https:\/\/thanhphatpc.com\/en\/wp-json\/wp\/v2\/product_tag?post=3929"}],"curies":[{"name":"wp","href":"https:\/\/api.w.org\/{rel}","templated":true}]}}